{"id":9292,"date":"2020-09-13T17:00:56","date_gmt":"2020-09-13T09:00:56","guid":{"rendered":"https:\/\/mairsturnstile.com\/product\/speed-gates-drehkreuz-mit-gesichterkennung-mt357"},"modified":"2023-11-01T10:35:17","modified_gmt":"2023-11-01T02:35:17","slug":"drehkreuz-tor-preisliste","status":"publish","type":"product","link":"https:\/\/mairsturnstile.com\/de\/produkt\/drehkreuz-tor-preisliste","title":{"rendered":"SPEED GATES DREHKREUZ MIT GESICHTERKENNUNG MT357"},"content":{"rendered":"        <!-- 3D Model html -->\r\n        <div class=\"bp_grand wrapper_24275\">   \r\n        <div class=\"bp_model_parent\">\r\n            <model-viewer class=\"model\" id=\"bp_model_id_24275\" src=\"http:\/\/mairsturnstile.com\/wp-content\/uploads\/2023\/06\/MT366.glb\" alt=\"MT366\" camera-controls  loading=\"auto\" auto-rotate                        >\r\n            <\/model-viewer>\r\n        \r\n            <!-- Button -->\r\n            <svg id=\"openBtn\" width=\"30px\" height=\"30px\" viewBox=\"0 0 16 16\" xmlns=\"http:\/\/www.w3.org\/2000\/svg\" fill=\"#f2f2f2\" class=\"bi bi-arrows-fullscreen model-icon\">\r\n                <path fill-rule=\"evenodd\" d=\"M5.828 10.172a.5.5 0 0 0-.707 0l-4.096 4.096V11.5a.5.5 0 0 0-1 0v3.975a.5.5 0 0 0 .5.5H4.5a.5.5 0 0 0 0-1H1.732l4.096-4.096a.5.5 0 0 0 0-.707zm4.344 0a.5.5 0 0 1 .707 0l4.096 4.096V11.5a.5.5 0 1 1 1 0v3.975a.5.5 0 0 1-.5.5H11.5a.5.5 0 0 1 0-1h2.768l-4.096-4.096a.5.5 0 0 1 0-.707zm0-4.344a.5.5 0 0 0 .707 0l4.096-4.096V4.5a.5.5 0 1 0 1 0V.525a.5.5 0 0 0-.5-.5H11.5a.5.5 0 0 0 0 1h2.768l-4.096 4.096a.5.5 0 0 0 0 .707zm-4.344 0a.5.5 0 0 1-.707 0L1.025 1.732V4.5a.5.5 0 0 1-1 0V.525a.5.5 0 0 1 .5-.5H4.5a.5.5 0 0 1 0 1H1.732l4.096 4.096a.5.5 0 0 1 0 .707z\"\/>\r\n            <\/svg>\r\n        \r\n            <svg id=\"closeBtn\" class=\"model-icon\" width=\"34px\" height=\"34px\" viewBox=\"0 0 24 24\" xmlns=\"http:\/\/www.w3.org\/2000\/svg\">\r\n                <path fill=\"none\" stroke=\"#f2f2f2\" stroke-width=\"2\" d=\"M7,7 L17,17 M7,17 L17,7\"\/>\r\n            <\/svg>\r\n        \r\n        <\/div>\r\n        <\/div> \r\n\r\n        <!-- Model Viewer Style -->\r\n        <style>\r\n            \r\n            .wrapper_24275 .bp_model_parent, #bp_model_id_24275 {\r\n                width: 1150px;\r\n                max-width: 100%;\r\n                                            }\r\n            #bp_model_id_24275 {\r\n                height:700px;\r\n                background-color: #f2f2f2;\r\n            }\r\n            .fullscreen #bp_model_id_24275{\r\n            height: 100%;\r\n            width: 100%;\r\n            }\r\n            .wrapper_24275 .bp_model_parent{\r\n                justify-content: start            }\r\n            model-viewer.model {\r\n                --poster-color: transparent;\r\n            }\r\n        <\/style>\r\n        \r\n        \n<h4>DREHKREUZTOR-PREISLISTE VON MAIRS<\/h4>\n<h4>DREHKREUZTOR ZU G\u00dcNSTIGEM PREIS VON MAIRS bietet 2 Jahre Garantie und dauerhafte Wartungs- und Reparaturunterst\u00fctzung.<\/h4>\n<p>Wir k\u00f6nnen OEM- und ODM-Dienstleistungen erbringen. Wir haben erfahrene Designer, die eine tiefgreifende Anpassung an Ihre Bed\u00fcrfnisse vornehmen k\u00f6nnen. Wir werden so bald wie m\u00f6glich eine Reihe von Materialien wie 3D-Renderings, Ma\u00dfzeichnungen usw. zur Verf\u00fcgung stellen. Wir bieten auch biometrische Ger\u00e4te wie IC\/ID-Kartenleser, Fingerabdruckscanner, QR-Code-Scanner, Gesichtserkennungskameras und so weiter.<\/p>\n<h4 style=\"font-weight: 400;\"><span style=\"font-style: inherit; font-weight: inherit;\"><b><strong>Preisliste f\u00fcr elektronische Schwenksperren-Drehkreuztore mit breitem Durchgang f\u00fcr Fu\u00dfg\u00e4nger<\/strong><\/b><\/span><\/h4>\n<p>Das Drehkreuztor ist ein elegantes, kosteng\u00fcnstiges Eingangskontrollsystem, das f\u00fcr ein hohes Verkehrsaufkommen ausgelegt ist und eine Durchgangsbreite von bis zu 1100 mm hat. Das <a href=\"https:\/\/mairsturnstile.com\/category\/swing-turnstile-gate\">Schwenkbarrieren-Drehkreuz<\/a> ist f\u00fcr einen reibungslosen Betrieb konstruiert und zeichnet sich durch einen sehr geringen Stromverbrauch aus. Es besteht aus <a href=\"https:\/\/en.wikipedia.org\/wiki\/Stainless_steel\" target=\"_blank\" rel=\"noopener\">Edelstahl<\/a>304, was es rostbest\u00e4ndig und steif macht. Mairs bietet die beste Preisliste f\u00fcr Drehkreuztore.<\/p>\n<p>Wir k\u00f6nnen auch innerhalb weniger Minuten ein Rendering f\u00fcr Sie erstellen, das auf Ihrem aktuellen Szenario basiert. Wir liefern auch detaillierte Layouts und Zeichnungen sowie Installationszeichnungen.<\/p>\n\n        \t\n\t<style type=\"text\/css\">\n\t\t.slider-info-24283.bafg-slider-info .bafg-slider-title {\n\t\t\t\t\t\tfont-size: 22px;\n\t\t\t\t\t\t\n\t\t\t\n\t\t\t\t\t}\n\n\t\t.slider-info-24283.bafg-slider-info .bafg-slider-description {\n\t\t\t\n\t\t\t\n\t\t\t\t\t}\n\n\t\t.slider-info-24283.bafg-slider-info .bafg_slider_readmore_button {\n\t\t\t\n\t\t\t\n\t\t\t\n\t\t\t\n\t\t\t\n\t\t\ttext-align: center;\n\n\t\t\t\n\t\t\t\n\t\t\t\n\t\t\t\n\t\t\t\n\t\t\t\n\t\t\t\t\t}\n\n\t\t.slider-info-24283.bafg-slider-info .bafg_slider_readmore_button:hover {\n\n\t\t\t\n\t\t\t\n\t\t\t\t\t}\n\n\t<\/style>\n\t\n        <div class=\"bafg-twentytwenty-container slider-24283 \" bafg-orientation=\"horizontal\" bafg-default-offset=\"0.5\" bafg-before-label=\"Before\" bafg-after-label=\"After\" bafg-overlay=\"yes\" bafg-move-slider-on-hover=\"yes\" bafg-click-to-move=\"no\">\n              \n            <img decoding=\"async\" class=\"skip-lazy\" src=\"http:\/\/mairsturnstile.com\/wp-content\/uploads\/2023\/06\/turnstile-gate-price-list_4.jpg\" alt=\"\" data-skip-lazy title=\"\">\n            <img decoding=\"async\" class=\"skip-lazy\" src=\"http:\/\/mairsturnstile.com\/wp-content\/uploads\/2023\/06\/turnstile-gate-price-list_5.jpg\" alt=\"\" data-skip-lazy title=\"\">\n           \n        <\/div>\n\n        \t<div class=\"bafg-slider-info-wraper\">\n\t\t<div style=\"\" class=\"slider-info-24283 bafg-slider-info\">\n\t\t\t\t\t<\/div>\n\t<\/div>\n\t\n        <style type=\"text\/css\">\n            \n        <\/style>\n        \n<ul>\n<li>Unterbrechen Sie im Notfall die Stromversorgung, das Fastlane-Drehkreuz \u00f6ffnet sich automatisch, um freien Durchgang zu erm\u00f6glichen, was den Brandschutzanforderungen entspricht. Aber es muss ein Akku dabei sein. Da beim Export die Batterie empfindlich ist, k\u00f6nnen wir den Kondensator ersetzen<\/li>\n<li>Optische Drehkreuze eignen sich f\u00fcr Luxus- und High-End-Eingangsl\u00f6sungen.<\/li>\n<li>Das gesamte System l\u00e4uft reibungslos, ger\u00e4uscharm und mit hoher Geschwindigkeit.<\/li>\n<li>Beste Preisliste f\u00fcr Drehkreuztore von Mairs.<\/li>\n<li>Alarmfunktion, wenn es ein illegales Eindringen und ein umgekehrtes Eindringen gibt, alarmiert das Tor und die T\u00fcr wird verriegelt.<\/li>\n<li>Es gibt insgesamt 6 Paar Infrarotsensoren. Der mittlere Sensor soll verhindern, dass Fu\u00dfg\u00e4nger eingeklemmt werden.<\/li>\n<li>Anti-Tailing-Funktion, eine Person kann gleichzeitig passieren. Wenn jemand den Vorderleuten hinterherl\u00e4uft, schl\u00e4gt das Tor Alarm<\/li>\n<li>Gro\u00dfhandel Preisliste f\u00fcr Drehkreuztore von MairsTurnstile.<\/li>\n<li>LED-Leuchten an den Armen sind verf\u00fcgbar<\/li>\n<li>Arbeitsumgebung: Innen<\/li>\n<li>LED-Anzeige. Rotes Kreuz und gr\u00fcner Pfeil. Es gibt auch LED-Anzeigen am vorderen Pfosten. Das LED-Licht kann den Armen hinzugef\u00fcgt werden.<\/li>\n<li>Der bidirektionale Zugriff reduziert den Bedarf an weiteren Gates. Es ist f\u00fcr Rollst\u00fchle geeignet, Einkaufskinderwagen erh\u00f6hen die Effizienz des Passierens.<\/li>\n<li>Automatische Reset-Funktion. Wenn die Personen innerhalb der voreingestellten Zeit (die Standardzeit ist 5 Sekunden) vorbeigegangen sind, hebt das System die Berechtigung des Benutzers auf und schlie\u00dft sich automatisch<\/li>\n<li>Anti-Bump, Anti-Clamp, Die Tore sind mit einem b\u00fcrstenlosen Motor ausgestattet. Wenn w\u00e4hrend des Betriebs jemand auf den Arm schl\u00e4gt, wird das Tor automatisch zur\u00fcckgesetzt. Diese Funktion verhindert effektiv, dass Fu\u00dfg\u00e4nger, insbesondere Kinder, ansto\u00dfen, kollidieren, schlagen usw.<\/li>\n<\/ul>\n<p>Wir k\u00f6nnen die gesamte L\u00f6sung f\u00fcr die Sicherheitskontrolle anbieten. Wenn Sie ein eigenes Zugangskontrollsystem haben, k\u00f6nnen Sie unser Drehkreuz direkt verwenden. Falls Sie noch keine haben, bieten wir auch eine komplette L\u00f6sung f\u00fcr die Zugangskontrolle an. Einzelheiten entnehmen Sie bitte dem unten stehenden Video.<\/p>\n<p><iframe title=\"Sicherheits-Speed-Gates-Drehkreuze f\u00fcr die Lobby - MairsTurnstile\" src=\"https:\/\/www.youtube.com\/embed\/YtM3u6fUNIM\" width=\"1150\" height=\"650\" frameborder=\"0\" allowfullscreen=\"allowfullscreen\"><\/iframe><\/p>\n","protected":false},"excerpt":{"rendered":"<p>1. Gr\u00f6\u00dfe: 1400*120*980 mm (kann angepasst werden)<\/p>\n<p>2. Spurbreite: 600 mm (Standard) 900 mm (behindert)<\/p>\n<p>3. Armmaterial: Acryl<\/p>\n<p>4. Durchgangsgeschwindigkeit: 40 Personen\/min<\/p>\n<p>5. Stromversorgung: 110 V\/220 V 50\/60 Hz<\/p>\n<p>6. B\u00fcrstenloser Motor<\/p>\n<p>7. Tor-offen-Signal: Potentialfreier Kontakt\/Relais<\/p>\n<p>8. Antriebsmotor des Fastlane-Drehkreuzes: 24 V<\/p>\n<p>9. Material des Geh\u00e4uses: 304 rostfreier Stahl<\/p>\n<p><span style=\"color: #0000ff;\"><strong><a style=\"color: #0000ff;\" title=\"Mairs CE-zertifiziertes Drehkreuztor mit Drehkreuz\" href=\"http:\/\/mairsturnstile.com\/wp-content\/uploads\/2022\/09\/Mairs-CE-Certificate-Swing-Turnstile-Gate.pdf\" target=\"_blank\" rel=\"noopener noreferrer\">CE-zertifiziert,<\/a> <a style=\"color: #0000ff;\" title=\"Mairs ISO9001-Zertifikat\" href=\"http:\/\/mairsturnstile.com\/wp-content\/uploads\/2022\/09\/Mairs-Registration-Certificate-ISO9001.pdf\" target=\"_blank\" rel=\"noopener noreferrer\">ISO9001-zertifiziert.<\/a><\/strong><\/span><\/p>\n","protected":false},"featured_media":24130,"comment_status":"closed","ping_status":"closed","template":"","meta":{"neve_meta_sidebar":"","neve_meta_container":"","neve_meta_enable_content_width":"off","neve_meta_content_width":0,"neve_meta_title_alignment":"","neve_meta_author_avatar":"","neve_post_elements_order":"","neve_meta_disable_header":"","neve_meta_disable_footer":"","neve_meta_disable_title":"","_ti_tpc_template_sync":false,"_ti_tpc_template_id":""},"product_cat":[428,429],"product_tag":[1497,1498,602,461,1495,1500],"class_list":["post-9292","product","type-product","status-publish","has-post-thumbnail","hentry","product_cat-geschwindigkeitstore-2","product_cat-sicherheits-drehkreuze","product_tag-drehkreuz-im-buro","product_tag-geschwindigkeitsspuren","product_tag-preisliste-fur-drehkreuztore","product_tag-sicherheitsdrehkreuze","product_tag-speed-gate-drehkreuz","product_tag-was-sind-speedgates"],"_links":{"self":[{"href":"https:\/\/mairsturnstile.com\/de\/wp-json\/wp\/v2\/product\/9292","targetHints":{"allow":["GET"]}}],"collection":[{"href":"https:\/\/mairsturnstile.com\/de\/wp-json\/wp\/v2\/product"}],"about":[{"href":"https:\/\/mairsturnstile.com\/de\/wp-json\/wp\/v2\/types\/product"}],"replies":[{"embeddable":true,"href":"https:\/\/mairsturnstile.com\/de\/wp-json\/wp\/v2\/comments?post=9292"}],"version-history":[{"count":0,"href":"https:\/\/mairsturnstile.com\/de\/wp-json\/wp\/v2\/product\/9292\/revisions"}],"wp:featuredmedia":[{"embeddable":true,"href":"https:\/\/mairsturnstile.com\/de\/wp-json\/wp\/v2\/media\/24130"}],"wp:attachment":[{"href":"https:\/\/mairsturnstile.com\/de\/wp-json\/wp\/v2\/media?parent=9292"}],"wp:term":[{"taxonomy":"product_cat","embeddable":true,"href":"https:\/\/mairsturnstile.com\/de\/wp-json\/wp\/v2\/product_cat?post=9292"},{"taxonomy":"product_tag","embeddable":true,"href":"https:\/\/mairsturnstile.com\/de\/wp-json\/wp\/v2\/product_tag?post=9292"}],"curies":[{"name":"wp","href":"https:\/\/api.w.org\/{rel}","templated":true}]}}