{"id":9294,"date":"2020-09-13T16:55:31","date_gmt":"2020-09-13T08:55:31","guid":{"rendered":"https:\/\/mairsturnstile.com\/product\/drehkreuz-fuer-aussen-und-innen-mt343"},"modified":"2024-11-01T11:10:55","modified_gmt":"2024-11-01T03:10:55","slug":"outdoor-drehkreuz","status":"publish","type":"product","link":"https:\/\/mairsturnstile.com\/de\/produkt\/outdoor-drehkreuz","title":{"rendered":"AUSSEN-DREHTOR F\u00dcR DEN AUSSENBEREICH MT343"},"content":{"rendered":"        <!-- 3D Model html -->\r\n        <div class=\"bp_grand wrapper_23474\">   \r\n        <div class=\"bp_model_parent\">\r\n            <model-viewer class=\"model\" id=\"bp_model_id_23474\" src=\"http:\/\/mairsturnstile.com\/wp-content\/uploads\/2025\/08\/MT343.glb\" alt=\"MT343\" camera-controls  loading=\"auto\" auto-rotate                        >\r\n            <\/model-viewer>\r\n        \r\n            <!-- Button -->\r\n            <svg id=\"openBtn\" width=\"30px\" height=\"30px\" viewBox=\"0 0 16 16\" xmlns=\"http:\/\/www.w3.org\/2000\/svg\" fill=\"#f2f2f2\" class=\"bi bi-arrows-fullscreen model-icon\">\r\n                <path fill-rule=\"evenodd\" d=\"M5.828 10.172a.5.5 0 0 0-.707 0l-4.096 4.096V11.5a.5.5 0 0 0-1 0v3.975a.5.5 0 0 0 .5.5H4.5a.5.5 0 0 0 0-1H1.732l4.096-4.096a.5.5 0 0 0 0-.707zm4.344 0a.5.5 0 0 1 .707 0l4.096 4.096V11.5a.5.5 0 1 1 1 0v3.975a.5.5 0 0 1-.5.5H11.5a.5.5 0 0 1 0-1h2.768l-4.096-4.096a.5.5 0 0 1 0-.707zm0-4.344a.5.5 0 0 0 .707 0l4.096-4.096V4.5a.5.5 0 1 0 1 0V.525a.5.5 0 0 0-.5-.5H11.5a.5.5 0 0 0 0 1h2.768l-4.096 4.096a.5.5 0 0 0 0 .707zm-4.344 0a.5.5 0 0 1-.707 0L1.025 1.732V4.5a.5.5 0 0 1-1 0V.525a.5.5 0 0 1 .5-.5H4.5a.5.5 0 0 1 0 1H1.732l4.096 4.096a.5.5 0 0 1 0 .707z\"\/>\r\n            <\/svg>\r\n        \r\n            <svg id=\"closeBtn\" class=\"model-icon\" width=\"34px\" height=\"34px\" viewBox=\"0 0 24 24\" xmlns=\"http:\/\/www.w3.org\/2000\/svg\">\r\n                <path fill=\"none\" stroke=\"#f2f2f2\" stroke-width=\"2\" d=\"M7,7 L17,17 M7,17 L17,7\"\/>\r\n            <\/svg>\r\n        \r\n        <\/div>\r\n        <\/div> \r\n\r\n        <!-- Model Viewer Style -->\r\n        <style>\r\n            \r\n            .wrapper_23474 .bp_model_parent, #bp_model_id_23474 {\r\n                width: 1150px;\r\n                max-width: 100%;\r\n                                            }\r\n            #bp_model_id_23474 {\r\n                height:700px;\r\n                background-color: #f2f2f2;\r\n            }\r\n            .fullscreen #bp_model_id_23474{\r\n            height: 100%;\r\n            width: 100%;\r\n            }\r\n            .wrapper_23474 .bp_model_parent{\r\n                justify-content: start            }\r\n            model-viewer.model {\r\n                --poster-color: transparent;\r\n            }\r\n        <\/style>\r\n        \r\n        \n<h4>Dieses Drehkreuz f\u00fcr den Au\u00dfenbereich hat eine 2-Jahres-Garantie und einen dauerhaften Wartungs- und Reparaturservice.<\/h4>\n<p>Wir k\u00f6nnen OEM- und ODM-Dienstleistungen erbringen. Wir haben erfahrene Designer, die eine tiefgreifende Anpassung an Ihre Bed\u00fcrfnisse vornehmen k\u00f6nnen. Wir werden so bald wie m\u00f6glich eine Reihe von Materialien wie 3D-Renderings, Ma\u00dfzeichnungen usw. zur Verf\u00fcgung stellen. Wir bieten auch biometrische Ger\u00e4te wie IC\/ID-Kartenleser, Fingerabdruckscanner, QR-Code-Scanner, Gesichtserkennungskameras und so weiter.<\/p>\n<p><strong>Das Drehkreuz f\u00fcr den Au\u00dfenbereich ist eine Art Drehkreuz f\u00fcr die <a class=\"rank-math-link\" href=\"https:\/\/en.wikipedia.org\/wiki\/Access_control\" target=\"_blank\" rel=\"noopener noreferrer\">Zugangskontrolle <\/a>von Fu\u00dfg\u00e4ngern, das im Freien verwendet werden kann. Im Gegensatz zu einem Drehkreuz f\u00fcr den Innenbereich ist es wasserdicht und auslaufsicher und kann in verschiedenen rauen Au\u00dfenumgebungen eingesetzt werden.<\/strong> Es zeichnet sich vor allem durch Staub- und Wasserdichtigkeit aus und wird von Menschen und Fahrzeugen gemeinsam genutzt. Es bietet Schutz vor Gewalt und Sonneneinstrahlung. Verschiedene Arten von Drehkreuzen (<a href=\"https:\/\/mairsturnstile.com\/tripod-turnstile.html\">Drehkreuz mit drei Beinen<\/a>, <a class=\"rank-math-link\" href=\"https:\/\/mairsturnstile.com\/swing-turnstile-gate.html\">Drehkreuz mit Schwenkfl\u00fcgel<\/a>, <a class=\"rank-math-link\" href=\"https:\/\/mairsturnstile.com\/what-is-flap-barrier.html\">Drehkreuz mit Klappe<\/a>, <a class=\"rank-math-link\" href=\"https:\/\/mairsturnstile.com\/product\/sliding-turnstile\">Schiebedrehkreuz<\/a>, <a href=\"https:\/\/mairsturnstile.com\/full-height-turnstiles.html\">Drehkreuze in voller H\u00f6he usw<\/a>.) k\u00f6nnen zu Drehkreuzen f\u00fcr den Au\u00dfenbereich umgebaut werden.<\/p>\n<p>Wenn Sie irgendeine Art von Drehkreuz f\u00fcr den Au\u00dfenbereich ben\u00f6tigen oder nicht wissen, welche Art von Drehkreuzen zu Drehkreuzen f\u00fcr den Au\u00dfenbereich gemacht werden k\u00f6nnen, klicken Sie bitte auf die Online-Chat-Schaltfl\u00e4che in der unteren linken Ecke, um direkt mit uns zu <a href=\"https:\/\/mairsturnstile.com\/contact\">sprechen oder uns<\/a> anzufragen.<\/p>\n<p>Drehkreuze f\u00fcr den Au\u00dfenbereich werden in der Regel aus Edelstahl 304 hergestellt. Wenn Sie h\u00f6here Anforderungen an die Produktmaterialien haben, k\u00f6nnen Sie uns nat\u00fcrlich auch bitten, spezielle 316er Edelstahlmaterialien zu entwickeln. 304 und 316 werden als rostfreier Stahl eingestuft. Es gibt im Wesentlichen keinen Unterschied. Sie sind aus rostfreiem Stahl, aber es gibt Unterschiede in der Unterteilung.<\/p>\n<p>Die Qualit\u00e4t von 316 ist h\u00f6her als die von 304. 316er Stahl wird auf der Basis von 304 mit dem Element Mo angereichert. Dieses Element verbessert die Korrosions- und Verschlei\u00dffestigkeit des Edelstahls erheblich. Nat\u00fcrlich ist Edelstahl 316 ein wenig teurer. Wir haben Kunden in Dubai, Vereinigte Arabische Emirate, und Riad, Saudi-Arabien, die Drehkreuze aus Edelstahl 316 in voller H\u00f6he speziell angepasst haben, um sich an extremere Wetterbedingungen und Umgebungen anzupassen.<\/p>\n<p>Drehkreuze f\u00fcr den Au\u00dfenbereich werden vor allem an den Toren von Unternehmen, Industrieanlagen und gehobenen Wohngebieten eingesetzt. Es gibt halboffene und ganzoffene R\u00e4ume. Wie kann der normale Betrieb des Drehkreuzes im Freien gew\u00e4hrleistet werden? Das Wichtigste ist, dass die Drehkreuzanlage wasserdicht ist.<\/p>\n<p>Wir k\u00f6nnen auch innerhalb weniger Minuten ein Rendering f\u00fcr Sie erstellen, das auf Ihrem aktuellen Szenario basiert. Wir liefern auch detaillierte Layouts und Zeichnungen sowie Installationszeichnungen.<\/p>\n\n        \t\n\t<style type=\"text\/css\">\n\t\t.slider-info-23485.bafg-slider-info .bafg-slider-title {\n\t\t\t\t\t\tfont-size: 22px;\n\t\t\t\t\t\t\n\t\t\t\n\t\t\t\t\t}\n\n\t\t.slider-info-23485.bafg-slider-info .bafg-slider-description {\n\t\t\t\n\t\t\t\n\t\t\t\t\t}\n\n\t\t.slider-info-23485.bafg-slider-info .bafg_slider_readmore_button {\n\t\t\t\n\t\t\t\n\t\t\t\n\t\t\t\n\t\t\t\n\t\t\ttext-align: center;\n\n\t\t\t\n\t\t\t\n\t\t\t\n\t\t\t\n\t\t\t\n\t\t\t\n\t\t\t\t\t}\n\n\t\t.slider-info-23485.bafg-slider-info .bafg_slider_readmore_button:hover {\n\n\t\t\t\n\t\t\t\n\t\t\t\t\t}\n\n\t<\/style>\n\t\n        <div class=\"bafg-twentytwenty-container slider-23485 \" bafg-orientation=\"horizontal\" bafg-default-offset=\"0.5\" bafg-before-label=\"Before\" bafg-after-label=\"After\" bafg-overlay=\"yes\" bafg-move-slider-on-hover=\"yes\" bafg-click-to-move=\"no\">\n              \n            <img decoding=\"async\" class=\"skip-lazy\" src=\"http:\/\/mairsturnstile.com\/wp-content\/uploads\/2020\/09\/outdoor-turnstile-8.jpg\" alt=\"outdoor turnstile\" data-skip-lazy title=\"\">\n            <img decoding=\"async\" class=\"skip-lazy\" src=\"http:\/\/mairsturnstile.com\/wp-content\/uploads\/2020\/09\/outdoor-turnstile-7.jpg\" alt=\"outdoor turnstile\" data-skip-lazy title=\"\">\n           \n        <\/div>\n\n        \t<div class=\"bafg-slider-info-wraper\">\n\t\t<div style=\"\" class=\"slider-info-23485 bafg-slider-info\">\n\t\t\t\t\t<\/div>\n\t<\/div>\n\t\n        <style type=\"text\/css\">\n            \n        <\/style>\n        \n<p>Das Drehkreuz im Freien ist oft dem Regen ausgesetzt. Daher m\u00fcssen Drehkreuze f\u00fcr den Au\u00dfenbereich eine gute Wasserbest\u00e4ndigkeit aufweisen. Dar\u00fcber hinaus muss das Drehkreuz f\u00fcr den Au\u00dfenbereich je nach den Umweltanforderungen des Aufstellungsortes bestimmte Eigenschaften aufweisen, wie z. B. Best\u00e4ndigkeit gegen hohe Temperaturen, K\u00e4lte, Sonneneinstrahlung und Kondenswasser usw.<\/p>\n<p><span style=\"font-weight: 400;\"><span style=\"font-style: inherit; font-weight: inherit;\">Unser Sicherheitsdrehkreuz aus SUS 304 <a href=\"https:\/\/en.wikipedia.org\/wiki\/Stainless_steel\" target=\"_blank\" rel=\"noopener\">Edelstahl bietet<\/a> bis zu 1100 mm breite Fahrspuren f\u00fcr Fahrr\u00e4der, Rollst\u00fchle, Motorr\u00e4der, Trolleys, Gep\u00e4ck usw. <\/span><\/span><span style=\"font-style: inherit; font-weight: inherit;\">Wasserdichtes Drehkreuz aus Edelstahl SUS 304 f\u00fcr den Wohnungseingang. Es wird haupts\u00e4chlich am Tor von Unternehmenseinheiten, Industrieanlagen und gehobenen Wohngebieten eingesetzt.<\/span><\/p>\n<ul>\n<li>Au\u00dfendrehkreuz mit hoher Verkehrsgeschwindigkeit, das in der Regel an Orten mit hohem Verkehrsaufkommen in beide Richtungen eingesetzt wird.<\/li>\n<li>Das Geh\u00e4use besteht aus Edelstahl 304 mit Haarstruktur, der einen nahtlosen und eleganten Zugangspunkt schafft, der zu den meisten Innenumgebungen passt.<\/li>\n<li>Dieses Au\u00dfendrehkreuz ist mit dem internationalen Standard RS485 und Relais ausgestattet, wodurch es weitgehend kompatibel mit der gesamten in der Branche vorhandenen Software und fast allen Zugangskontrollen wie RFID-Systemen, Barcode-Systemen, Gesichtserkennungssystemen, Fingerabdrucksystemen usw. ist.<\/li>\n<li>Unterbrechen Sie im Notfall die Stromversorgung, und das Slim Drehkreuztor \u00f6ffnet sich automatisch, um freien Durchgang zu erm\u00f6glichen, was den Brandschutzanforderungen entspricht. Aber es muss ein Akku dabei sein. Da beim Export die Batterie empfindlich ist, k\u00f6nnen wir den Kondensator ersetzen<\/li>\n<li>Das Au\u00dfendrehkreuz ist f\u00fcr Luxus- und High-End-Eingangsl\u00f6sungen geeignet.<\/li>\n<li>Das gesamte System l\u00e4uft reibungslos, ger\u00e4uscharm und mit hoher Geschwindigkeit.<\/li>\n<li>Schwingenst\u00e4rke: 10 mm<\/li>\n<li>Alarmfunktion, wenn es sich um ein illegales Eindringen oder ein umgekehrtes Eindringen handelt, alarmiert das Tor und die T\u00fcr wird verriegelt.<\/li>\n<li>Es gibt insgesamt 5 Paar Infrarotsensoren. Die mittleren Sensoren sollen verhindern, dass Fu\u00dfg\u00e4nger eingeklemmt werden.<\/li>\n<li>Anti-Tailing-Funktion, eine Person kann gleichzeitig passieren. Wenn jemand den Vorderleuten hinterherl\u00e4uft, schl\u00e4gt das Tor Alarm<\/li>\n<li>LED-Anzeige. Rotes Kreuz und gr\u00fcner Pfeil. Es gibt auch LED-Anzeigen am vorderen Pfosten. Das LED-Licht kann den Armen hinzugef\u00fcgt werden.<\/li>\n<li>Der bidirektionale Zugriff reduziert den Bedarf an weiteren Gates. Es ist f\u00fcr Rollst\u00fchle geeignet, Einkaufskinderwagen erh\u00f6hen die Effizienz des Passierens.<\/li>\n<li>Automatische Reset-Funktion. Wenn die Personen innerhalb der voreingestellten Zeit (die Standardzeit ist 5 Sekunden) vorbeigegangen sind, hebt das System die Berechtigung des Benutzers auf und schlie\u00dft sich automatisch.<\/li>\n<li>Anti-Sto\u00df, Anti-Klemme, das \u00e4u\u00dfere Drehkreuztor wird w\u00e4hrend des Betriebs b\u00fcrstenlos geliefert, wenn jemand auf den Arm schl\u00e4gt, wird das \u00e4u\u00dfere Drehkreuztor automatisch zur\u00fcckgesetzt. Diese Funktion verhindert effektiv, dass Fu\u00dfg\u00e4nger, insbesondere Kinder, ansto\u00dfen, klemmen, aufschlagen usw.<\/li>\n<\/ul>\n<p>Wir k\u00f6nnen die gesamte L\u00f6sung f\u00fcr die Sicherheitskontrolle anbieten. Wenn Sie ein eigenes Zugangskontrollsystem haben, k\u00f6nnen Sie unser Drehkreuz direkt verwenden. Falls Sie noch keine haben, bieten wir auch eine komplette L\u00f6sung f\u00fcr die Zugangskontrolle an. Einzelheiten entnehmen Sie bitte dem unten stehenden Video.<\/p>\n<p><iframe title=\"Optisches Drehkreuz, Drehkreuz, Drehkreuz - MairsTurnstile\" src=\"https:\/\/www.youtube.com\/embed\/hdoBSoM85u4\" width=\"1150\" height=\"650\" frameborder=\"0\" allowfullscreen=\"allowfullscreen\"><\/iframe><\/p>\n","protected":false},"excerpt":{"rendered":"<p>1. Gr\u00f6\u00dfe: 1400 * 180 * 1000 mm (kann angepasst werden)<\/p>\n<p>2. Fahrbahnbreite: 600 mm (Standard) 900mm (Behinderte)<\/p>\n<p>3. Waffenmaterial: Acryl<\/p>\n<p>4. \u00dcberholgeschwindigkeit: 40 Personen\/min<\/p>\n<p>5. Stromversorgung: 110 V\/220 V 50\/60 Hz<\/p>\n<p>6. B\u00fcrstenloser Motor<\/p>\n<p>7. Tor-offen-Signal: Potentialfreier Kontakt\/Relais<\/p>\n<p>8. Drehkreuz Antriebsmotor: 24 V<\/p>\n<p>9. LED auf dem Sideboard ist optional<\/p>\n<p><strong><a title=\"Mairs CE-zertifiziertes Drehkreuztor mit Drehkreuz\" href=\"http:\/\/mairsturnstile.com\/wp-content\/uploads\/2022\/09\/Mairs-CE-Certificate-Swing-Turnstile-Gate.pdf\" target=\"_blank\" rel=\"noopener noreferrer\">CE-zertifiziert,<\/a> <a title=\"Mairs ISO9001-Zertifikat\" href=\"http:\/\/mairsturnstile.com\/wp-content\/uploads\/2022\/09\/Mairs-Registration-Certificate-ISO9001.pdf\" target=\"_blank\" rel=\"noopener noreferrer\">ISO9001-zertifiziert.<\/a><\/strong><\/p>\n<p><a title=\"Brosch\u00fcre Drehkreuze f\u00fcr den Au\u00dfenbereich\" href=\"http:\/\/mairsturnstile.com\/wp-content\/uploads\/2023\/12\/MT343-brochure.pdf\" target=\"_blank\" rel=\"noopener noreferrer\"><img decoding=\"async\" class=\"alignnone size-full wp-image-11034\" src=\"http:\/\/mairsturnstile.com\/wp-content\/uploads\/2022\/09\/pdf-MairsTurnstile.png\" alt=\"\" width=\"32\" height=\"32\"><span style=\"color: #0000ff;\"><strong>MT343 Drehkreuz-Brosch\u00fcre f\u00fcr den Au\u00dfenbereich<\/strong><\/span><\/a><\/p>\n","protected":false},"featured_media":65725,"comment_status":"closed","ping_status":"closed","template":"","meta":{"neve_meta_sidebar":"","neve_meta_container":"","neve_meta_enable_content_width":"off","neve_meta_content_width":0,"neve_meta_title_alignment":"","neve_meta_author_avatar":"","neve_post_elements_order":"","neve_meta_disable_header":"","neve_meta_disable_footer":"","neve_meta_disable_title":"","_ti_tpc_template_sync":false,"_ti_tpc_template_id":""},"product_cat":[427,429],"product_tag":[604,605,606,1487,1476,459],"class_list":["post-9294","product","type-product","status-publish","has-post-thumbnail","hentry","product_cat-schwenkbares-drehkreuztor","product_cat-sicherheits-drehkreuze","product_tag-ausen-sicherheitsdrehkreuze","product_tag-ausendrehkreuz","product_tag-ausendrehkreuz-de","product_tag-ausendrehkreuze","product_tag-drehkreuz-tor","product_tag-schwenkdrehkreuz"],"_links":{"self":[{"href":"https:\/\/mairsturnstile.com\/de\/wp-json\/wp\/v2\/product\/9294","targetHints":{"allow":["GET"]}}],"collection":[{"href":"https:\/\/mairsturnstile.com\/de\/wp-json\/wp\/v2\/product"}],"about":[{"href":"https:\/\/mairsturnstile.com\/de\/wp-json\/wp\/v2\/types\/product"}],"replies":[{"embeddable":true,"href":"https:\/\/mairsturnstile.com\/de\/wp-json\/wp\/v2\/comments?post=9294"}],"version-history":[{"count":0,"href":"https:\/\/mairsturnstile.com\/de\/wp-json\/wp\/v2\/product\/9294\/revisions"}],"wp:featuredmedia":[{"embeddable":true,"href":"https:\/\/mairsturnstile.com\/de\/wp-json\/wp\/v2\/media\/65725"}],"wp:attachment":[{"href":"https:\/\/mairsturnstile.com\/de\/wp-json\/wp\/v2\/media?parent=9294"}],"wp:term":[{"taxonomy":"product_cat","embeddable":true,"href":"https:\/\/mairsturnstile.com\/de\/wp-json\/wp\/v2\/product_cat?post=9294"},{"taxonomy":"product_tag","embeddable":true,"href":"https:\/\/mairsturnstile.com\/de\/wp-json\/wp\/v2\/product_tag?post=9294"}],"curies":[{"name":"wp","href":"https:\/\/api.w.org\/{rel}","templated":true}]}}