{"id":9295,"date":"2020-09-13T16:01:00","date_gmt":"2020-09-13T08:01:00","guid":{"rendered":"https:\/\/mairsturnstile.com\/product\/gesichtserkennungs-drehkreuz-schwenk-drehkreuz-mt342"},"modified":"2024-11-01T11:09:55","modified_gmt":"2024-11-01T03:09:55","slug":"gesichtserkennungs-drehkreuz","status":"publish","type":"product","link":"https:\/\/mairsturnstile.com\/de\/produkt\/gesichtserkennungs-drehkreuz","title":{"rendered":"GESICHTSERKENNUNGS-DREHKREUZ SCHWENK-DREHKREUZ MT342"},"content":{"rendered":"        <!-- 3D Model html -->\r\n        <div class=\"bp_grand wrapper_23473\">   \r\n        <div class=\"bp_model_parent\">\r\n            <model-viewer class=\"model\" id=\"bp_model_id_23473\" src=\"http:\/\/mairsturnstile.com\/wp-content\/uploads\/2024\/01\/MT342-1.glb\" alt=\"MT342-1\" camera-controls  loading=\"auto\" auto-rotate                        >\r\n            <\/model-viewer>\r\n        \r\n            <!-- Button -->\r\n            <svg id=\"openBtn\" width=\"30px\" height=\"30px\" viewBox=\"0 0 16 16\" xmlns=\"http:\/\/www.w3.org\/2000\/svg\" fill=\"#f2f2f2\" class=\"bi bi-arrows-fullscreen model-icon\">\r\n                <path fill-rule=\"evenodd\" d=\"M5.828 10.172a.5.5 0 0 0-.707 0l-4.096 4.096V11.5a.5.5 0 0 0-1 0v3.975a.5.5 0 0 0 .5.5H4.5a.5.5 0 0 0 0-1H1.732l4.096-4.096a.5.5 0 0 0 0-.707zm4.344 0a.5.5 0 0 1 .707 0l4.096 4.096V11.5a.5.5 0 1 1 1 0v3.975a.5.5 0 0 1-.5.5H11.5a.5.5 0 0 1 0-1h2.768l-4.096-4.096a.5.5 0 0 1 0-.707zm0-4.344a.5.5 0 0 0 .707 0l4.096-4.096V4.5a.5.5 0 1 0 1 0V.525a.5.5 0 0 0-.5-.5H11.5a.5.5 0 0 0 0 1h2.768l-4.096 4.096a.5.5 0 0 0 0 .707zm-4.344 0a.5.5 0 0 1-.707 0L1.025 1.732V4.5a.5.5 0 0 1-1 0V.525a.5.5 0 0 1 .5-.5H4.5a.5.5 0 0 1 0 1H1.732l4.096 4.096a.5.5 0 0 1 0 .707z\"\/>\r\n            <\/svg>\r\n        \r\n            <svg id=\"closeBtn\" class=\"model-icon\" width=\"34px\" height=\"34px\" viewBox=\"0 0 24 24\" xmlns=\"http:\/\/www.w3.org\/2000\/svg\">\r\n                <path fill=\"none\" stroke=\"#f2f2f2\" stroke-width=\"2\" d=\"M7,7 L17,17 M7,17 L17,7\"\/>\r\n            <\/svg>\r\n        \r\n        <\/div>\r\n        <\/div> \r\n\r\n        <!-- Model Viewer Style -->\r\n        <style>\r\n            \r\n            .wrapper_23473 .bp_model_parent, #bp_model_id_23473 {\r\n                width: 1150px;\r\n                max-width: 100%;\r\n                                            }\r\n            #bp_model_id_23473 {\r\n                height:700px;\r\n                background-color: #f2f2f2;\r\n            }\r\n            .fullscreen #bp_model_id_23473{\r\n            height: 100%;\r\n            width: 100%;\r\n            }\r\n            .wrapper_23473 .bp_model_parent{\r\n                justify-content: start            }\r\n            model-viewer.model {\r\n                --poster-color: transparent;\r\n            }\r\n        <\/style>\r\n        \r\n        \n<h4>Das Drehkreuz-Drehkreuz mit Gesichtserkennung hat eine Garantie von 2 Jahren und eine dauerhafte Wartungs- und Reparaturunterst\u00fctzung.<\/h4>\n<p>Wir k\u00f6nnen OEM- und ODM-Dienstleistungen erbringen. Mairs bietet das beste Drehkreuz-Drehkreuz mit <a href=\"https:\/\/en.wikipedia.org\/wiki\/Facial_recognition\" target=\"_blank\" rel=\"noopener\">Gesichtserkennung<\/a> zum Verkauf an. Wir bieten auch biometrische Ger\u00e4te wie IC\/ID-Kartenleser, Fingerabdruckscanner, QR-Code-Scanner, Gesichtserkennungskameras und so weiter.<\/p>\n<p><strong>Das Gesichtserkennungs-Drehkreuz ist eine Art Fu\u00dfg\u00e4nger-Drehkreuz, das in eine <a href=\"https:\/\/mairsturnstile.com\/product\/face-recognition-camera\">Gesichtserkennungskamera<\/a> integriert ist.<\/strong><strong>Normalerweise k\u00f6nnen alle Arten von Drehkreuztoren mit einer Gesichtserkennungskamera<\/strong> integriert werden. Nat\u00fcrlich l\u00e4sst sich auch eine Gesichtserkennungskamera in die Temperaturmessfunktion integrieren. Mit der Entwicklung der Gesellschaft und dem Fortschritt von Wissenschaft und Technologie wird das Drehkreuz zur Gesichtserkennung immer h\u00e4ufiger eingesetzt. Wenn Sie eine Art Drehkreuz mit Gesichtserkennungskamera ben\u00f6tigen, fragen <a href=\"https:\/\/mairsturnstile.com\/contact\">Sie uns bitte<\/a> an<\/p>\n<p>Das Gesichtserkennungs-Drehkreuz besteht aus zwei Teilen: dem Gesichtserkennungs-Kameraterminal und dem Fu\u00dfg\u00e4nger-Drehkreuztor. Der Unterschied zwischen dem Gesichtserkennungs-Drehkreuz und dem allein verwendeten Drehkreuztor besteht darin, dass das Gesichtserkennungs-Drehkreuz nicht nur das Drehkreuztor durch Kartenwischen und QR-Code steuern kann, sondern auch das \u00d6ffnen des Drehkreuztors durch Gesichtserkennung (Gesichtsb\u00fcrsten), was dies tut verbessern nicht nur das Ein- und Aussteigen von Fu\u00dfg\u00e4ngern, sondern verbessern auch die Sicherheit des Ortes.<\/p>\n<p>Die Gesichtserkennung ist visuell und entspricht den Denkgewohnheiten der Menschen. Bis zu einem gewissen Grad ist es bequemer, sicherer und zuverl\u00e4ssiger als Passw\u00f6rter und Schl\u00fcssel. Das Drehkreuztor mit dynamischer Gesichtserkennung integriert die Funktionen der Gesichtserfassung vor Ort, der Identit\u00e4tspr\u00fcfung, der Fr\u00fchwarnung auf schwarze Listen usw. Vom Lesen der ID-Karteninformationen \u00fcber das Sammeln von Gesichtsfotos vor Ort bis hin zum Vergleichen und Abrufen von Ergebnissen wird der gesamte Prozess automatisiert, ohne dass eine periphere Hardwarekonfiguration hinzugef\u00fcgt werden muss. Der Betriebsprozess erfordert keinen manuellen Eingriff, und die gesammelten Informationen und Vergleichsergebnisse k\u00f6nnen in Echtzeit auf die Big-Data-Erfassungsplattform hochgeladen werden.<\/p>\n<p>In den letzten Jahren ist die Anwendung von Gesichtserkennungsdrehkreuzen immer weiter verbreitet. Viele B\u00fcrogeb\u00e4ude, Bahnh\u00f6fe und andere \u00fcberf\u00fcllte Orte verwenden Drehkreuztore mit Gesichtserkennung. Das Drehkreuz mit Gesichtserkennung kann nicht nur schnell ein- und ausgehende Personen vergleichen, sondern auch die Standortsicherheit und Verkehrseffizienz effektiv verbessern.<\/p>\n<p>Basierend auf dem Hardware-Drehkreuz f\u00fcgt das Gesichtserkennungs-Drehkreuz ein Gesichtserkennungsmodul hinzu. Nach dem Sammeln der Gesichtsinformationen des Besuchers und der Beurteilung der Besucherbeh\u00f6rde durch bestimmte Algorithmusverarbeitung wird es h\u00e4ufig an \u00f6ffentlichen Orten verwendet, um manuelle Audits zu ersetzen.<\/p>\n<p>Wir k\u00f6nnen auch innerhalb weniger Minuten ein Rendering f\u00fcr Sie erstellen, das auf Ihrem aktuellen Szenario basiert. Wir liefern auch detaillierte Layouts und Zeichnungen sowie Installationszeichnungen.<\/p>\n\n        \t\n\t<style type=\"text\/css\">\n\t\t.slider-info-23490.bafg-slider-info .bafg-slider-title {\n\t\t\t\t\t\tfont-size: 22px;\n\t\t\t\t\t\t\n\t\t\t\n\t\t\t\t\t}\n\n\t\t.slider-info-23490.bafg-slider-info .bafg-slider-description {\n\t\t\t\n\t\t\t\n\t\t\t\t\t}\n\n\t\t.slider-info-23490.bafg-slider-info .bafg_slider_readmore_button {\n\t\t\t\n\t\t\t\n\t\t\t\n\t\t\t\n\t\t\t\n\t\t\ttext-align: center;\n\n\t\t\t\n\t\t\t\n\t\t\t\n\t\t\t\n\t\t\t\n\t\t\t\n\t\t\t\t\t}\n\n\t\t.slider-info-23490.bafg-slider-info .bafg_slider_readmore_button:hover {\n\n\t\t\t\n\t\t\t\n\t\t\t\t\t}\n\n\t<\/style>\n\t\n        <div class=\"bafg-twentytwenty-container slider-23490 \" bafg-orientation=\"horizontal\" bafg-default-offset=\"0.5\" bafg-before-label=\"Before\" bafg-after-label=\"After\" bafg-overlay=\"yes\" bafg-move-slider-on-hover=\"yes\" bafg-click-to-move=\"no\">\n              \n            <img decoding=\"async\" class=\"skip-lazy\" src=\"http:\/\/mairsturnstile.com\/wp-content\/uploads\/2023\/06\/turnstile-swing-gate_6.jpg\" alt=\"turnstile swing gate\" data-skip-lazy title=\"\">\n            <img decoding=\"async\" class=\"skip-lazy\" src=\"http:\/\/mairsturnstile.com\/wp-content\/uploads\/2020\/09\/face-recognition-turnstile-5.jpg\" alt=\"face recognition turnstile\" data-skip-lazy title=\"\">\n           \n        <\/div>\n\n        \t<div class=\"bafg-slider-info-wraper\">\n\t\t<div style=\"\" class=\"slider-info-23490 bafg-slider-info\">\n\t\t\t\t\t<\/div>\n\t<\/div>\n\t\n        <style type=\"text\/css\">\n            \n        <\/style>\n        \n<h3>Prinzip des Drehkreuzes zur Gesichtserkennung:<\/h3>\n<p>Sammeln Sie zun\u00e4chst die Gesichtsinformationen der Person, die das Drehkreuz durch die Gesichtserkennungskamera passiert, und vergleichen Sie sie dann mit den Personalinformationen in der Systemdatenbank. Wenn der Gesichtserkennungsvergleich besteht, senden Sie das Tor\u00f6ffnungssignal an das Drehkreuztor, und der Fu\u00dfg\u00e4nger kann das Tor passieren. Wenn in der Datenbank keine Gesichtsinformationen der Person vorhanden sind, die das Tor passiert, kann sie passieren, indem sie die Karte durchzieht.<\/p>\n<p>Im Falle eines illegalen Eindringens wird das hintere Leitblech des Drehkreuztors automatisch verriegelt und alarmiert. Im Falle einer Nachverfolgung leuchtet das Drehkreuztor das rote Licht und den Alarm auf. Anti retrograde. Wenn nach der Gesichtserkennung ein Mitarbeiter der anderen Partei r\u00fcckl\u00e4ufig ist, wird die Bremsstange des Drehkreuzes automatisch geschlossen und verriegelt.<\/p>\n<p>Das Schwenkdrehkreuz mit Gesichtserkennungs-Drehkreuz ist elegant und effizient. Es wird h\u00e4ufig in der Hotellobby, in B\u00fcrogeb\u00e4uden, Banken und anderen \u00f6ffentlichen Orten verwendet.<\/p>\n<p>Der Administrator kann den Ein- und Ausgang effektiv kontrollieren. Es ist schnell und kann schnell auf Situationen mit hohem Verkehrsaufkommen reagieren.<\/p>\n<p>Es ist einfach, einen Mehrfachzugriff basierend auf der Eingangsbreite einzurichten. Die Fahrbahnbreite kann 900 mm f\u00fcr Behinderten- oder Gep\u00e4ckzugang betragen. Wenn Sie ein Drehkreuz kaufen m\u00f6chten, besuchen Sie bitte unsere <a href=\"https:\/\/mairsturnstile.com\/category\/security-turnstiles\">Produktseite.<\/a><\/p>\n<ul>\n<li>Gesichtserkennungs-Drehkreuz mit hoher Verkehrsgeschwindigkeit, das normalerweise an Orten mit hohem Verkehrsfluss in zwei Richtungen eingesetzt wird.<\/li>\n<li>Das Geh\u00e4use besteht aus Edelstahl 304 mit Haarstruktur, der einen nahtlosen und eleganten Zugangspunkt schafft, der zu den meisten Innenumgebungen passt.<\/li>\n<li>Dieses Drehkreuz mit Gesichtserkennung ist mit dem internationalen Standard RS485 und Relais ausgestattet, wodurch es weitgehend kompatibel mit der gesamten in der Branche vorhandenen Software und fast allen Zugangskontrollen wie RFID-Systemen, Barcode-Systemen, Gesichtserkennungssystemen, Fingerabdrucksystemen usw. ist.<\/li>\n<li>Unterbrechen Sie im Notfall die Stromversorgung, das Drehkreuz Slim \u00f6ffnet sich automatisch, um freien Durchgang zu erm\u00f6glichen, was den Brandschutzanforderungen entspricht. Aber es muss ein Akku dabei sein. Da beim Export die Batterie empfindlich ist, k\u00f6nnen wir den Kondensator ersetzen<\/li>\n<li>Das Drehkreuz-Drehkreuz mit Gesichtserkennung eignet sich f\u00fcr Luxus- und High-End-Eingangsl\u00f6sungen.<\/li>\n<li>Das gesamte System l\u00e4uft reibungslos, mit geringem Rauschen und hoher Geschwindigkeit.<\/li>\n<li>Kommunikationsschnittstelle: RS485<\/li>\n<li>Alarmfunktion, wenn es ein illegales Eindringen und ein umgekehrtes Eindringen gibt, alarmiert das Tor und die T\u00fcr wird verriegelt.<\/li>\n<li>Es gibt insgesamt 5 Paar Infrarotsensoren. Die mittleren Sensoren sollen verhindern, dass Fu\u00dfg\u00e4nger eingeklemmt werden.<\/li>\n<li>Anti-Tailing-Funktion, eine Person kann gleichzeitig passieren. Wenn jemand den Vorderleuten hinterherl\u00e4uft, schl\u00e4gt das Tor Alarm.<\/li>\n<li>LED-Anzeige. Rotes Kreuz und gr\u00fcner Pfeil. Es gibt auch LED-Anzeigen am vorderen Pfosten. Das LED-Licht kann den Armen hinzugef\u00fcgt werden.<\/li>\n<li>Der bidirektionale Zugriff reduziert den Bedarf an weiteren Gates. Es ist rollstuhlgerecht, Einkaufskinderwagen erh\u00f6ht die \u00dcberholeffizienz.<\/li>\n<li>Automatische Reset-Funktion. Wenn die Personen innerhalb der voreingestellten Zeit (die Standardzeit ist 5 Sekunden) vorbeigegangen sind, hebt das System die Berechtigung des Benutzers auf und schlie\u00dft sich automatisch.<\/li>\n<li>Anti-Bump, Anti-Clamp, Die Tore sind b\u00fcrstenlos. Wenn w\u00e4hrend des Betriebs jemand auf den Arm schl\u00e4gt, wird das Tor automatisch zur\u00fcckgesetzt. Diese Funktion verhindert effektiv, dass Fu\u00dfg\u00e4nger, insbesondere Kinder, ansto\u00dfen, kollidieren, schlagen usw.<\/li>\n<\/ul>\n<p>Wir k\u00f6nnen die gesamte L\u00f6sung f\u00fcr die Sicherheitskontrolle anbieten. Wenn Sie ein eigenes Zugangskontrollsystem haben, k\u00f6nnen Sie unser Drehkreuz direkt verwenden. Falls Sie noch keine haben, bieten wir auch eine komplette L\u00f6sung f\u00fcr die Zugangskontrolle an. Einzelheiten entnehmen Sie bitte dem unten stehenden Video.<\/p>\n<p><iframe title=\"Flughafen-Drehkreuz, Speed-Gate-Drehkreuz f\u00fcr Flugh\u00e4fen, U-Bahn-Stationen \u2013 MairsTurnstile.com\" src=\"https:\/\/www.youtube.com\/embed\/rR_US2dIKU8\" width=\"1150\" height=\"650\" frameborder=\"0\" allowfullscreen=\"allowfullscreen\"><\/iframe><\/p>\n","protected":false},"excerpt":{"rendered":"<p>1. Gr\u00f6\u00dfe: 1400 * 180 * 1000 mm (kann angepasst werden)<\/p>\n<p>2. Spurbreite: 600 mm (Standard) 900 mm (behindert)<\/p>\n<p>3. Armmaterial: Acryl<\/p>\n<p>4. Durchgangsgeschwindigkeit: 40 Personen\/min<\/p>\n<p>5. Stromversorgung: 110 V\/220 V 50\/60 Hz<\/p>\n<p>6. B\u00fcrstenloser Motor<\/p>\n<p>7. Tor-offen-Signal: Potentialfreier Kontakt\/Relais<\/p>\n<p>8. Schwenktor-Drehkreuz Antriebsmotor: 24V<\/p>\n<p>9. LED-Licht an den Armen ist optional<\/p>\n<p><strong><a title=\"Mairs CE-zertifiziertes Drehkreuztor mit Drehkreuz\" href=\"http:\/\/mairsturnstile.com\/wp-content\/uploads\/2022\/09\/Mairs-CE-Certificate-Swing-Turnstile-Gate.pdf\" target=\"_blank\" rel=\"noopener noreferrer\">CE-zertifiziert,<\/a> <a title=\"Mairs ISO9001-Zertifikat\" href=\"http:\/\/mairsturnstile.com\/wp-content\/uploads\/2022\/09\/Mairs-Registration-Certificate-ISO9001.pdf\" target=\"_blank\" rel=\"noopener noreferrer\">ISO9001-zertifiziert.<\/a><\/strong><\/p>\n<p><a title=\"Brosch\u00fcre zum Drehkreuz mit Gesichtserkennung\" href=\"http:\/\/mairsturnstile.com\/wp-content\/uploads\/2023\/12\/MT342-brochure.pdf\" target=\"_blank\" rel=\"noopener noreferrer\"><img decoding=\"async\" class=\"alignnone size-full wp-image-11034\" src=\"http:\/\/mairsturnstile.com\/wp-content\/uploads\/2022\/09\/pdf-MairsTurnstile.png\" alt=\"\" width=\"32\" height=\"32\"><strong><span style=\"color: #0000ff;\">MT342 Gesichtserkennungs-Drehkreuz-Brosch\u00fcre<\/span><\/strong><\/a><\/p>\n","protected":false},"featured_media":44274,"comment_status":"closed","ping_status":"closed","template":"","meta":{"neve_meta_sidebar":"","neve_meta_container":"","neve_meta_enable_content_width":"off","neve_meta_content_width":0,"neve_meta_title_alignment":"","neve_meta_author_avatar":"","neve_post_elements_order":"","neve_meta_disable_header":"","neve_meta_disable_footer":"","neve_meta_disable_title":"","_ti_tpc_template_sync":false,"_ti_tpc_template_id":""},"product_cat":[427,429],"product_tag":[1372,607,608,586],"class_list":["post-9295","product","type-product","status-publish","has-post-thumbnail","hentry","product_cat-schwenkbares-drehkreuztor","product_cat-sicherheits-drehkreuze","product_tag-ausgangsdrehkreuz","product_tag-drehkreuztor-mit-gesichtserkennung","product_tag-gesichtserkennung-drehkreuz","product_tag-schwenkbares-drehkreuztor"],"_links":{"self":[{"href":"https:\/\/mairsturnstile.com\/de\/wp-json\/wp\/v2\/product\/9295","targetHints":{"allow":["GET"]}}],"collection":[{"href":"https:\/\/mairsturnstile.com\/de\/wp-json\/wp\/v2\/product"}],"about":[{"href":"https:\/\/mairsturnstile.com\/de\/wp-json\/wp\/v2\/types\/product"}],"replies":[{"embeddable":true,"href":"https:\/\/mairsturnstile.com\/de\/wp-json\/wp\/v2\/comments?post=9295"}],"version-history":[{"count":0,"href":"https:\/\/mairsturnstile.com\/de\/wp-json\/wp\/v2\/product\/9295\/revisions"}],"wp:featuredmedia":[{"embeddable":true,"href":"https:\/\/mairsturnstile.com\/de\/wp-json\/wp\/v2\/media\/44274"}],"wp:attachment":[{"href":"https:\/\/mairsturnstile.com\/de\/wp-json\/wp\/v2\/media?parent=9295"}],"wp:term":[{"taxonomy":"product_cat","embeddable":true,"href":"https:\/\/mairsturnstile.com\/de\/wp-json\/wp\/v2\/product_cat?post=9295"},{"taxonomy":"product_tag","embeddable":true,"href":"https:\/\/mairsturnstile.com\/de\/wp-json\/wp\/v2\/product_tag?post=9295"}],"curies":[{"name":"wp","href":"https:\/\/api.w.org\/{rel}","templated":true}]}}