{"id":9326,"date":"2021-07-10T01:42:42","date_gmt":"2021-07-09T17:42:42","guid":{"rendered":"https:\/\/mairsturnstile.com\/product\/8-zoll-gesichtserkennungs-temperaturscanner"},"modified":"2021-07-10T01:42:42","modified_gmt":"2021-07-09T17:42:42","slug":"gesichtserkennungs-temperatur-scanner","status":"publish","type":"product","link":"https:\/\/mairsturnstile.com\/de\/produkt\/gesichtserkennungs-temperatur-scanner","title":{"rendered":"8-Zoll-Gesichtserkennungs-Temperaturscanner"},"content":{"rendered":"<p><iframe title=\"YouTube-Videoplayer\" src=\"https:\/\/www.youtube.com\/embed\/6ApY1rsjWhw\" width=\"560\" height=\"316\" frameborder=\"0\" allowfullscreen=\"allowfullscreen\"><\/iframe><\/p>\n<h2>8-Zoll-Gesichtserkennungs-Temperaturscanner<\/h2>\n<p>Dieses 8-Zoll-Gesichtserkennungs-Temperaturscanner-Terminal MT-CH1 ist ein leistungsstarkes eingebettetes binokulares Temperaturmess-Gesichtserkennungsterminal. Das Gesichtserkennungs-Temperaturscanner-Terminal integriert die Funktionen Offline-Gesichtserkennung, Temperaturerkennung, Maskenerkennung, Identit\u00e4tspr\u00fcfung, Gesichtserfassung vor Ort, Fr\u00fchwarnung vor schwarzer Liste, Fotoaufnahme nach dem Passieren und aktive Objekterkennung. Es verwendet eine WDR HD-Gesichtserkennungskamera, die vollst\u00e4ndig an raue Umgebungen wie starkes Licht, Gegenlicht und schwaches Licht angepasst ist und sich durch schnelle Erkennungsgeschwindigkeit, hohe Genauigkeit und gro\u00dfe Listenspeicherkapazit\u00e4t auszeichnet. Mairs bietet die besten <a href=\"https:\/\/mairsturnstile.com\/category\/security-turnstiles\">optischen Drehkreuze<\/a> mit einem Gesichtserkennungs-Temperaturscanner.<\/p>\n<p>Der Gesichtserkennungs-Temperaturscanner kann mit Anwendungsverwaltungssystemen wie gesichtsbasierten Site-Real-Name-Verwaltungssystemen, gesichtsbasierten Zutrittskontroll-Anwesenheitsverwaltungssystemen und Besucherverwaltungssystemen verwendet werden, die sich perfekt f\u00fcr komplexe Anwendungsszenarien eignen, die eine Temperatur\u00fcberwachung erfordern. Identit\u00e4tserkennung und Zugangskontrolle, wie Gemeinden, Campus, Krankenh\u00e4user, Aussichtspunkte, Hotels, Einkaufszentren, B\u00fcrogeb\u00e4ude, \u00f6ffentliche Pl\u00e4tze und Baustellen.<\/p>\n<p>In Bezug auf die Pr\u00e4vention und Bek\u00e4mpfung von Epidemien werden die potenziellen Risiken eines gro\u00dffl\u00e4chigen Kontakts mit dem menschlichen K\u00f6rper w\u00e4hrend der <a href=\"https:\/\/en.wikipedia.org\/wiki\/Temperature_measurement\" target=\"_blank\" rel=\"noopener\">Temperaturmessung<\/a> effektiv reduziert, die Temperaturmesszeit verk\u00fcrzt und die Effizienz der Temperaturmessung verbessert. Gleichzeitig bietet das zentralisierte Management Echtzeit-Datenunterst\u00fctzung f\u00fcr das Screening und die R\u00fcckverfolgung von verd\u00e4chtigen Patienten und schwebenden Populationen und bietet eine starke Sicherheitsgarantie f\u00fcr das Management in den oben genannten Szenarien.<\/p>\n<h3>Produktmerkmale:<\/h3>\n<p>1. Sobald die Bestellung aufgegeben wurde, senden Ihnen unsere Servicemitarbeiter einen Link zum Herunterladen der Software, des Installationshandbuchs und des Betriebshandbuchs. Wenn Sie Unterst\u00fctzung ben\u00f6tigen, senden Sie bitte eine E-Mail an unsere Vertriebsmitarbeiter, um die technischen Mitarbeiter zu arrangieren, die Sie unterst\u00fctzen.<\/p>\n<p>2. Nehmen Sie die Offline-Gesichtserkennungstechnologie an, um mehrere Rassen wie Asiaten, Kaukasier und Schwarze zu erkennen<\/p>\n<p>3. Unterst\u00fctzungsfunktionen wie der Zugriff auf die Whitelist zur Gesichtserkennung, die Fr\u00fchwarnung auf die Blacklist und das Foto wurden nach dem Passieren aufgenommen<\/p>\n<p>4. Unterst\u00fctzung der Erkennung von Maskentr\u00e4gern<\/p>\n<p>5. Unterst\u00fctzung eines externen hochpr\u00e4zisen Infrarot-Temperaturerkennungsmoduls, das eine ber\u00fchrungslose Selbstbedienungstemperaturmessung erm\u00f6glicht, um das Risiko einer Kreuzinfektion zu verringern<\/p>\n<p>6. Unterst\u00fctzen Sie den Sprachalarm bei abnormaler Temperatur und stoppen Sie deren Zugriff<\/p>\n<p>7. Unterst\u00fctzung des Back-End-PC-Systems zur zentralen Verwaltung der Zugangsaufzeichnungen wie Temperatur, Besucher, Whitelist und Echtzeit-Datenr\u00fcckverfolgbarkeit<\/p>\n<p>8. Unterst\u00fctzung eines externen ID-Leseger\u00e4ts, das die Funktion des Gesichts-ID-Vergleichs erm\u00f6glicht<\/p>\n<p>9. Unterst\u00fctzt einen externen IC\/ID-Leser, der die Funktion des Face-Card-Vergleichs erm\u00f6glicht<\/p>\n<p>10. Unterst\u00fctzen Sie die binokulare aktive Objekterkennung, um Fotoangriffe zu verhindern<\/p>\n<p>11. Self-Service-Gesichtserfassung und Batch-Importliste erm\u00f6glichen eine m\u00fchelosere und zeitsparendere Listenverwaltung<\/p>\n<p>Benutzerdefinierte Stimme erm\u00f6glicht personalisierte Sprach\u00fcbertragung<\/p>\n<p>12. Gesichtserkennungs-Temperaturscanner unterst\u00fctzen Bild- und Videowerbung<\/p>\n<p>13.Bis zu 100.000 Daten (Schleife geschrieben)<\/p>\n<p>14. Unterst\u00fctzen Sie Remote-Upgrade-USB-Update auf der Verwaltungsseite<\/p>\n<p>15. \u00d6ffnen Sie die Schnittstelle, unterst\u00fctzen Sie die sekund\u00e4re Entwicklung und das Andocken<\/p>\n<p>16. High-End-Aluminiumlegierungsmaterial mit Oxidationstechnologie auf der Oberfl\u00e4che<\/p>\n<p><img fetchpriority=\"high\" decoding=\"async\" class=\"alignnone size-full wp-image-5713\" src=\"http:\/\/mairsturnstile.com\/wp-content\/uploads\/2022\/05\/face-recognition-turnstile-cases.jpg\" alt=\"\" width=\"1024\" height=\"1100\" title=\"\"><img decoding=\"async\" class=\"alignnone size-full wp-image-5625\" src=\"http:\/\/mairsturnstile.com\/wp-content\/uploads\/2022\/05\/turnstile-gate-access-control-system.png\" alt=\"Zugangskontrollsystem f\u00fcr Drehkreuztore\" width=\"1024\" height=\"900\" title=\"\"><img decoding=\"async\" class=\"alignnone size-full wp-image-5617\" src=\"http:\/\/mairsturnstile.com\/wp-content\/uploads\/2022\/05\/packing-of-turnstile-gate.jpg\" alt=\"Drehkreuztor-Paket\" width=\"1024\" height=\"900\" title=\"\"><\/p>\n","protected":false},"excerpt":{"rendered":"<p>Anzeige: 8-Zoll-IPS-Bildschirm<br \/>\nTemperatursensor: W\u00e4rmebild-Infrarot-Temperatursensor<br \/>\nTemperatur: Bereich: 35~42\u2103<br \/>\nEntfernung erkennen: 0,4 m ~ 0,7 m<br \/>\nObjektiv: Brennweite 1,8 mm, Sichtfeld: 118\u00b0<br \/>\nDynamikbereich: \u2265100dB<br \/>\nS\/N-Verh\u00e4ltnis: \u226543dB (AGC AUS)<br \/>\nWei\u00dfabgleich: Auto, Innen, Au\u00dfen, Natriumlampenmodus, manuell<br \/>\nDigitale Rauschunterdr\u00fcckung: Unterst\u00fctzt DNR, 3DNR<br \/>\nTag- und Nachtmodus: Feste Farbe<br \/>\nAnzahl der Sichtseiten: 20.000 Blatt<br \/>\nErkennungsgeschwindigkeit: \u2264300ms<br \/>\nLive-Erkennung: Unterst\u00fctzung<br \/>\nMaskenerkennung: Unterst\u00fctzung<br \/>\nK\u00f6rpertemperatur: Unterst\u00fctzung<br \/>\nBetriebssystem: Android 7.1 RK3288<\/p>\n","protected":false},"featured_media":7183,"comment_status":"closed","ping_status":"closed","template":"","meta":{"neve_meta_sidebar":"","neve_meta_container":"","neve_meta_enable_content_width":"off","neve_meta_content_width":0,"neve_meta_title_alignment":"","neve_meta_author_avatar":"","neve_post_elements_order":"","neve_meta_disable_header":"","neve_meta_disable_footer":"","neve_meta_disable_title":"","_ti_tpc_template_sync":false,"_ti_tpc_template_id":""},"product_cat":[],"product_tag":[],"class_list":["post-9326","product","type-product","status-publish","has-post-thumbnail","hentry"],"_links":{"self":[{"href":"https:\/\/mairsturnstile.com\/de\/wp-json\/wp\/v2\/product\/9326","targetHints":{"allow":["GET"]}}],"collection":[{"href":"https:\/\/mairsturnstile.com\/de\/wp-json\/wp\/v2\/product"}],"about":[{"href":"https:\/\/mairsturnstile.com\/de\/wp-json\/wp\/v2\/types\/product"}],"replies":[{"embeddable":true,"href":"https:\/\/mairsturnstile.com\/de\/wp-json\/wp\/v2\/comments?post=9326"}],"version-history":[{"count":0,"href":"https:\/\/mairsturnstile.com\/de\/wp-json\/wp\/v2\/product\/9326\/revisions"}],"wp:featuredmedia":[{"embeddable":true,"href":"https:\/\/mairsturnstile.com\/de\/wp-json\/wp\/v2\/media\/7183"}],"wp:attachment":[{"href":"https:\/\/mairsturnstile.com\/de\/wp-json\/wp\/v2\/media?parent=9326"}],"wp:term":[{"taxonomy":"product_cat","embeddable":true,"href":"https:\/\/mairsturnstile.com\/de\/wp-json\/wp\/v2\/product_cat?post=9326"},{"taxonomy":"product_tag","embeddable":true,"href":"https:\/\/mairsturnstile.com\/de\/wp-json\/wp\/v2\/product_tag?post=9326"}],"curies":[{"name":"wp","href":"https:\/\/api.w.org\/{rel}","templated":true}]}}