{"id":9329,"date":"2021-07-09T17:21:48","date_gmt":"2021-07-09T09:21:48","guid":{"rendered":"https:\/\/mairsturnstile.com\/product\/7-zoll-gesichtserkennungskamera-gesichtserkennungsterminal"},"modified":"2021-07-09T17:21:48","modified_gmt":"2021-07-09T09:21:48","slug":"gesichtserkennungskamera","status":"publish","type":"product","link":"https:\/\/mairsturnstile.com\/de\/produkt\/gesichtserkennungskamera","title":{"rendered":"7-Zoll-Gesichtserkennungskamera-Gesichtserkennungsterminal"},"content":{"rendered":"<p><iframe title=\"YouTube-Videoplayer\" src=\"https:\/\/www.youtube.com\/embed\/6ApY1rsjWhw\" width=\"560\" height=\"316\" frameborder=\"0\" allowfullscreen=\"allowfullscreen\"><\/iframe><\/p>\n<h2>Gesichtserkennungskamera Biometrisches Zugangskontrollterminal<\/h2>\n<p>Dieses biometrische Zugangskontrollterminal mit Gesichtserkennungskamera MT-F507 ist ein leistungsstarkes dynamisches Gesichtserkennungsterminal, das in Torinstallation und Wandinstallation unterteilt ist. Das Terminal integriert die Funktionen Offline-Gesichtserkennung, Identit\u00e4tspr\u00fcfung, Gesichtserfassung vor Ort, Blacklist-Fr\u00fchwarnung, Passfoto und aktive Objekterkennung. Es verwendet eine WDR HD-Gesichtserkennungskamera, die vollst\u00e4ndig an raue Umgebungen wie starkes Licht, Gegenlicht und schwaches Licht angepasst ist und sich durch schnelle Erkennungsgeschwindigkeit, hohe Genauigkeit und gro\u00dfe Listenspeicherkapazit\u00e4t auszeichnet.<\/p>\n<p>Es kann mit Anwendungsverwaltungssystemen wie gesichtsbasierten Site-Real-Name-Verwaltungssystemen, gesichtsbasiert verwendet werden <a href=\"https:\/\/en.wikipedia.org\/wiki\/Access_control\" target=\"_blank\" rel=\"noopener\">Zutrittskontroll<\/a>-Anwesenheitsmanagementsysteme und Besuchermanagementsysteme, die sich perfekt f\u00fcr komplexe Anwendungsszenarien eignen, die Temperatur\u00fcberwachung, Identit\u00e4tserkennung und Zutrittskontrolle erfordern, wie z. B. Gemeinden, Campus, Krankenh\u00e4user, Aussichtspunkte, Hotels, Einkaufszentren, B\u00fcrogeb\u00e4ude, \u00f6ffentliche Pl\u00e4tze und Baustellen. Mairs bietet die hochwertigsten <a href=\"https:\/\/mairsturnstile.com\/category\/security-turnstiles\">Sicherheitsdrehkreuze<\/a> mit einer Gesichtserkennungskamera und einem biometrischen Zutrittskontrollterminal.<\/p>\n<p>Diese Gesichtserkennungskamera MT-F507 l\u00e4sst sich gut in unsere Sicherheitsdrehkreuze integrieren, was eine perfekte Kombination ist. Wenn Sie spezielle Anforderungen an diese Kameras haben, k\u00f6nnen wir auch spezielle Funktionen nach Ihren speziellen Bed\u00fcrfnissen anpassen. Wenn Sie detailliertere Informationen oder unser Produkthandbuch ben\u00f6tigen oder eine Gesichtserkennungskamera an Ihre Bed\u00fcrfnisse anpassen m\u00f6chten, wenden Sie sich bitte direkt an uns.<\/p>\n<h3>Produkteigenschaften:<\/h3>\n<p>Verwenden Sie die Offline-Gesichtserkennungstechnologie, um mehrere Rassen wie Asiaten, Kaukasier und Schwarze zu erkennen.<\/p>\n<p>Unterst\u00fctzungsfunktionen wie Whitelist-Zugriff mit Gesichtserkennung, Blacklist-Fr\u00fcherw\u00e4rmung und das Foto wurden nach dem Passieren aufgenommen.<\/p>\n<p>Unterst\u00fctzt externes ID-Leseger\u00e4t, das die Funktion des Face-ID-Vergleichs erm\u00f6glicht.<\/p>\n<p>Biometrisches Zugangskontrollterminal mit Gesichtserkennungskamera.<\/p>\n<p>Unterst\u00fctzt externes IC\/ID-Leseger\u00e4t, das die Funktion des Face-Card-Vergleichs erm\u00f6glicht.<\/p>\n<p>Unterst\u00fctzen Sie die aktive Objekterkennung, um Fotoangriffe zu verhindern.<\/p>\n<p>Self-Service-Gesichtserfassung und Batch-Importliste erm\u00f6glichen eine m\u00fchelosere und zeitsparendere Listenverwaltung.<\/p>\n<p>Imagewerbung unterst\u00fctzen.<\/p>\n<p>Bis zu l00000 Daten (Schleife geschrieben).<\/p>\n<p>Unterst\u00fctzung f\u00fcr Remote-Upgrade USB-Update auf der Verwaltungsseite.<\/p>\n<p>Offene Schnittstelle, Unterst\u00fctzung f\u00fcr sekund\u00e4re Entwicklung und Docking.<\/p>\n<p><img fetchpriority=\"high\" decoding=\"async\" class=\"alignnone size-full wp-image-5713\" src=\"http:\/\/mairsturnstile.com\/wp-content\/uploads\/2022\/05\/face-recognition-turnstile-cases.jpg\" alt=\"\" width=\"1024\" height=\"1100\" title=\"\"><img decoding=\"async\" class=\"alignnone size-full wp-image-5625\" src=\"http:\/\/mairsturnstile.com\/wp-content\/uploads\/2022\/05\/turnstile-gate-access-control-system.png\" alt=\"Zugangskontrollsystem f\u00fcr Drehkreuztore\" width=\"1024\" height=\"900\" title=\"\"><img decoding=\"async\" class=\"alignnone size-full wp-image-5617\" src=\"http:\/\/mairsturnstile.com\/wp-content\/uploads\/2022\/05\/packing-of-turnstile-gate.jpg\" alt=\"Drehkreuztor-Paket\" width=\"1024\" height=\"900\" title=\"\"><\/p>\n","protected":false},"excerpt":{"rendered":"<p>Schutzstufe: IP55<\/p>\n<p>Material: Aluminiumlegierung<\/p>\n<p>System: Eingebettetes Linux-System<\/p>\n<p>CPU: Hochleistungs-ARM-Framework 32-Bit 2-Core<\/p>\n<p>Erkennungszeit: Weniger als 300 ms<\/p>\n<p>Speicher: Interner Speicher 512 MB, Datenspeicher 8 GB<\/p>\n<p>Objektivfokus: 6 mm<\/p>\n<p>Kamera: Binokularkamera, 200 W Pixel mit WDR<\/p>\n","protected":false},"featured_media":42600,"comment_status":"closed","ping_status":"closed","template":"","meta":{"neve_meta_sidebar":"","neve_meta_container":"","neve_meta_enable_content_width":"off","neve_meta_content_width":0,"neve_meta_title_alignment":"","neve_meta_author_avatar":"","neve_post_elements_order":"","neve_meta_disable_header":"","neve_meta_disable_footer":"","neve_meta_disable_title":"","_ti_tpc_template_sync":false,"_ti_tpc_template_id":""},"product_cat":[435],"product_tag":[618,616,619],"class_list":["post-9329","product","type-product","status-publish","has-post-thumbnail","hentry","product_cat-biometrisches-gerat","product_tag-gesichtserkennung-biometrische-zugangskontrolle","product_tag-gesichtserkennungskamera","product_tag-gesichtserkennungsterminal"],"_links":{"self":[{"href":"https:\/\/mairsturnstile.com\/de\/wp-json\/wp\/v2\/product\/9329","targetHints":{"allow":["GET"]}}],"collection":[{"href":"https:\/\/mairsturnstile.com\/de\/wp-json\/wp\/v2\/product"}],"about":[{"href":"https:\/\/mairsturnstile.com\/de\/wp-json\/wp\/v2\/types\/product"}],"replies":[{"embeddable":true,"href":"https:\/\/mairsturnstile.com\/de\/wp-json\/wp\/v2\/comments?post=9329"}],"version-history":[{"count":0,"href":"https:\/\/mairsturnstile.com\/de\/wp-json\/wp\/v2\/product\/9329\/revisions"}],"wp:featuredmedia":[{"embeddable":true,"href":"https:\/\/mairsturnstile.com\/de\/wp-json\/wp\/v2\/media\/42600"}],"wp:attachment":[{"href":"https:\/\/mairsturnstile.com\/de\/wp-json\/wp\/v2\/media?parent=9329"}],"wp:term":[{"taxonomy":"product_cat","embeddable":true,"href":"https:\/\/mairsturnstile.com\/de\/wp-json\/wp\/v2\/product_cat?post=9329"},{"taxonomy":"product_tag","embeddable":true,"href":"https:\/\/mairsturnstile.com\/de\/wp-json\/wp\/v2\/product_tag?post=9329"}],"curies":[{"name":"wp","href":"https:\/\/api.w.org\/{rel}","templated":true}]}}