{"id":9688,"date":"2021-06-10T16:00:22","date_gmt":"2021-06-10T08:00:22","guid":{"rendered":"https:\/\/mairsturnstile.com\/transporte"},"modified":"2025-11-27T17:36:00","modified_gmt":"2025-11-27T09:36:00","slug":"transporte","status":"publish","type":"page","link":"https:\/\/mairsturnstile.com\/es\/transporte","title":{"rendered":"Transporte"},"content":{"rendered":"\t\t<div data-elementor-type=\"wp-page\" data-elementor-id=\"9688\" class=\"elementor elementor-9688 elementor-3036\" data-elementor-post-type=\"page\">\n\t\t\t\t\t\t<section class=\"elementor-section elementor-top-section elementor-element elementor-element-3266d83 elementor-section-height-min-height elementor-section-content-middle elementor-section-boxed elementor-section-height-default elementor-section-items-middle\" data-id=\"3266d83\" data-element_type=\"section\" data-settings=\"{&quot;background_background&quot;:&quot;classic&quot;,&quot;shape_divider_bottom&quot;:&quot;opacity-tilt&quot;}\">\n\t\t\t\t\t\t\t<div class=\"elementor-background-overlay\"><\/div>\n\t\t\t\t\t\t<div class=\"elementor-shape elementor-shape-bottom\" data-negative=\"false\">\n\t\t\t<svg xmlns=\"http:\/\/www.w3.org\/2000\/svg\" viewBox=\"0 0 2600 131.1\" preserveAspectRatio=\"none\">\n\t<path class=\"elementor-shape-fill\" d=\"M0 0L2600 0 2600 69.1 0 0z\"\/>\n\t<path class=\"elementor-shape-fill\" style=\"opacity:0.5\" d=\"M0 0L2600 0 2600 69.1 0 69.1z\"\/>\n\t<path class=\"elementor-shape-fill\" style=\"opacity:0.25\" d=\"M2600 0L0 0 0 130.1 2600 69.1z\"\/>\n<\/svg>\t\t<\/div>\n\t\t\t\t\t<div class=\"elementor-container elementor-column-gap-default\">\n\t\t\t\t\t<div class=\"elementor-column elementor-col-100 elementor-top-column elementor-element elementor-element-fc698e7\" data-id=\"fc698e7\" data-element_type=\"column\">\n\t\t\t<div class=\"elementor-widget-wrap elementor-element-populated\">\n\t\t\t\t\t\t<div class=\"elementor-element elementor-element-9416d4b elementor-widget-mobile__width-initial elementor-invisible elementor-widget elementor-widget-heading\" data-id=\"9416d4b\" data-element_type=\"widget\" data-settings=\"{&quot;_animation&quot;:&quot;fadeInDown&quot;}\" data-widget_type=\"heading.default\">\n\t\t\t\t<div class=\"elementor-widget-container\">\n\t\t\t<h2 class=\"elementor-heading-title elementor-size-default\">Personalice los torniquetes que solo le pertenecen a usted seg\u00fan las necesidades de su mercado y proyecto.<\/h2>\t\t<\/div>\n\t\t\t\t<\/div>\n\t\t\t\t<div class=\"elementor-element elementor-element-9293aff elementor-widget-mobile__width-initial elementor-invisible elementor-widget elementor-widget-text-editor\" data-id=\"9293aff\" data-element_type=\"widget\" data-settings=\"{&quot;_animation&quot;:&quot;fadeInLeft&quot;}\" data-widget_type=\"text-editor.default\">\n\t\t\t\t<div class=\"elementor-widget-container\">\n\t\t\t\t\t\t\t<p>Nuestra ventaja es que podemos personalizar r\u00e1pidamente una puerta que satisfaga sus necesidades y tambi\u00e9n podemos proporcionarle representaciones reales y dimensiones de instalaci\u00f3n en un corto per\u00edodo de tiempo.<\/p>\n\t\t\t\t\t\t<\/div>\n\t\t\t\t<\/div>\n\t\t\t\t<div class=\"elementor-element elementor-element-65ab60c elementor-widget-mobile__width-initial elementor-invisible elementor-widget elementor-widget-button\" data-id=\"65ab60c\" data-element_type=\"widget\" data-settings=\"{&quot;_animation&quot;:&quot;fadeInRight&quot;}\" data-widget_type=\"button.default\">\n\t\t\t\t<div class=\"elementor-widget-container\">\n\t\t\t\t\t\t\t\t<a class=\"elementor-button elementor-button-link elementor-size-md elementor-animation-grow\" href=\"https:\/\/mairsturnstile.com\/m-series-turnstile\" target=\"_blank\">\n\t\t\t\t\t\t<span class=\"elementor-button-content-wrapper\">\n\t\t\t\t\t\t<span class=\"elementor-button-icon\">\n\t\t\t\t<i aria-hidden=\"true\" class=\"fas fa-arrow-circle-right\"><\/i>\t\t\t<\/span>\n\t\t\t\t\t\t\t\t\t<span class=\"elementor-button-text\">Leer m\u00e1s<\/span>\n\t\t\t\t\t<\/span>\n\t\t\t\t\t<\/a>\n\t\t\t\t\t\t<\/div>\n\t\t\t\t<\/div>\n\t\t\t\t\t<\/div>\n\t\t<\/div>\n\t\t\t\t\t<\/div>\n\t\t<\/section>\n\t\t\t\t<section class=\"elementor-section elementor-top-section elementor-element elementor-element-b31da81 elementor-section-content-middle elementor-section-boxed elementor-section-height-default elementor-section-height-default\" data-id=\"b31da81\" data-element_type=\"section\">\n\t\t\t\t\t\t<div class=\"elementor-container elementor-column-gap-no\">\n\t\t\t\t\t<div class=\"elementor-column elementor-col-100 elementor-top-column elementor-element elementor-element-cf518fe\" data-id=\"cf518fe\" data-element_type=\"column\">\n\t\t\t<div class=\"elementor-widget-wrap elementor-element-populated\">\n\t\t\t\t\t\t<div class=\"elementor-element elementor-element-cfa8a16 elementor-widget elementor-widget-heading\" data-id=\"cfa8a16\" data-element_type=\"widget\" data-widget_type=\"heading.default\">\n\t\t\t\t<div class=\"elementor-widget-container\">\n\t\t\t<h3 class=\"elementor-heading-title elementor-size-default\">Transporte<\/h3>\t\t<\/div>\n\t\t\t\t<\/div>\n\t\t\t\t<div class=\"elementor-element elementor-element-28d5005 elementor-widget elementor-widget-text-editor\" data-id=\"28d5005\" data-element_type=\"widget\" data-widget_type=\"text-editor.default\">\n\t\t\t\t<div class=\"elementor-widget-container\">\n\t\t\t\t\t\t\t<p><strong>Env\u00edos a todo el mundo:<\/strong><br \/>Exportamos <a href=\"https:\/\/mairsturnstile.com\/es\" target=\"_blank\" rel=\"noopener\">puertas torniquetes<\/a> a todos los pa\u00edses del mundo. Para ahorrar costos y resolver su problema es nuestra b\u00fasqueda.<br \/><strong>Plazo de entrega:<\/strong><br \/>Para productos est\u00e1ndar, de 30 unidades, la producci\u00f3n suele tardar una semana.<br \/>Para productos personalizados, el plazo de entrega es mayor. P\u00f3ngase en contacto con nuestro personal de ventas para obtener m\u00e1s detalles.<br \/><strong>Plazo de entrega:<\/strong><br \/>Podemos organizar el env\u00edo por expreso, mar\u00edtimo o a\u00e9reo seg\u00fan sus necesidades. Tambi\u00e9n hay servicio DDU y DDP a algunos pa\u00edses. <br \/>Por expreso y a\u00e9reo es una forma m\u00e1s r\u00e1pida pero costosa. Por mar es m\u00e1s barato pero lleva tiempo.<br \/><strong>Costo de env\u00edo:<\/strong><br \/>Diferentes regiones, diferentes m\u00e9todos, diferentes tarifas de flete, y el flete no es inmutable. No dude en consultarnos para confirmar sus tarifas de flete. Qu\u00e9 es APP&amp;Tel: <a href=\"https:\/\/api.whatsapp.com\/send?phone=+8615323431686\" target=\"_blank\" rel=\"noopener\">+8615323431686<\/a> Email: <a href=\"mailto:info@mairsturnstile.com\">info@mairsturnstile.com<\/a><\/p>\n<p>Proporcionaremos el plan de transporte m\u00e1s favorable de acuerdo con el volumen de carga del cliente. Tenemos empresas de transporte de carga experimentadas con las que hemos cooperado durante todo el a\u00f1o, y combinaremos sus necesidades reales para hacer el flete m\u00e1s favorable en el mercado para ahorrar tiempo y costos de transporte.<\/p>\n<p>El volumen de nuestros productos es relativamente grande, es rentable ir por mar o por ferrocarril, pero la puntualidad es relativamente lenta. Podemos organizar el transporte mar\u00edtimo al puerto o el transporte ferroviario a la estaci\u00f3n. Tambi\u00e9n contamos con servicio puerta a puerta. A Europa, podemos enviar por ferrocarril a la estaci\u00f3n y luego por cami\u00f3n a la direcci\u00f3n del cliente. A Am\u00e9rica del Norte, Am\u00e9rica del Sur, Sudeste de Asia, Australia, podemos enviar por mar y luego por cami\u00f3n a la direcci\u00f3n del cliente. Ambas formas incluyen doble despacho de aduanas y tambi\u00e9n impuestos.<\/p>\n<p>Si los productos deben instalarse con urgencia, podemos organizar el transporte expreso (DHL, Fedex, UPS, etc.) o el transporte a\u00e9reo al aeropuerto, generalmente de 5 a 7 d\u00edas, y para el transporte a\u00e9reo, tambi\u00e9n podemos enviar al aeropuerto y luego al puerta en cami\u00f3n a algunos pa\u00edses.<\/p>\n<p>Por supuesto, si los clientes tienen su propia empresa de transporte de carga colaboradora y de confianza, tambi\u00e9n podemos entregar directamente los productos a su propia empresa de transporte de carga, y ayudaremos al transportista en asuntos de declaraci\u00f3n de exportaci\u00f3n.<\/p>\n\t\t\t\t\t\t<\/div>\n\t\t\t\t<\/div>\n\t\t\t\t\t<\/div>\n\t\t<\/div>\n\t\t\t\t\t<\/div>\n\t\t<\/section>\n\t\t\t\t<section class=\"elementor-section elementor-top-section elementor-element elementor-element-94c8335 elementor-section-height-min-height elementor-section-content-middle elementor-section-boxed elementor-section-height-default elementor-section-items-middle\" data-id=\"94c8335\" data-element_type=\"section\" data-settings=\"{&quot;background_background&quot;:&quot;classic&quot;,&quot;shape_divider_top&quot;:&quot;opacity-tilt&quot;}\">\n\t\t\t\t\t\t\t<div class=\"elementor-background-overlay\"><\/div>\n\t\t\t\t\t\t<div class=\"elementor-shape elementor-shape-top\" data-negative=\"false\">\n\t\t\t<svg xmlns=\"http:\/\/www.w3.org\/2000\/svg\" viewBox=\"0 0 2600 131.1\" preserveAspectRatio=\"none\">\n\t<path class=\"elementor-shape-fill\" d=\"M0 0L2600 0 2600 69.1 0 0z\"\/>\n\t<path class=\"elementor-shape-fill\" style=\"opacity:0.5\" d=\"M0 0L2600 0 2600 69.1 0 69.1z\"\/>\n\t<path class=\"elementor-shape-fill\" style=\"opacity:0.25\" d=\"M2600 0L0 0 0 130.1 2600 69.1z\"\/>\n<\/svg>\t\t<\/div>\n\t\t\t\t\t<div class=\"elementor-container elementor-column-gap-default\">\n\t\t\t\t\t<div class=\"elementor-column elementor-col-100 elementor-top-column elementor-element elementor-element-265d0e1\" data-id=\"265d0e1\" data-element_type=\"column\">\n\t\t\t<div class=\"elementor-widget-wrap elementor-element-populated\">\n\t\t\t\t\t\t<div class=\"elementor-element elementor-element-2e4f473 elementor-widget-tablet__width-initial elementor-widget-mobile__width-initial elementor-invisible elementor-widget elementor-widget-heading\" data-id=\"2e4f473\" data-element_type=\"widget\" data-settings=\"{&quot;_animation&quot;:&quot;fadeInLeft&quot;}\" data-widget_type=\"heading.default\">\n\t\t\t\t<div class=\"elementor-widget-container\">\n\t\t\t<h2 class=\"elementor-heading-title elementor-size-default\">Torniquete de dise\u00f1o \u00fanico y de moda<\/h2>\t\t<\/div>\n\t\t\t\t<\/div>\n\t\t\t\t<div class=\"elementor-element elementor-element-963edf3 elementor-widget-tablet__width-initial elementor-widget-mobile__width-initial elementor-invisible elementor-widget elementor-widget-heading\" data-id=\"963edf3\" data-element_type=\"widget\" data-settings=\"{&quot;_animation&quot;:&quot;fadeInLeft&quot;}\" data-widget_type=\"heading.default\">\n\t\t\t\t<div class=\"elementor-widget-container\">\n\t\t\t<h2 class=\"elementor-heading-title elementor-size-default\">Venta directa de f\u00e1brica<\/h2>\t\t<\/div>\n\t\t\t\t<\/div>\n\t\t\t\t<div class=\"elementor-element elementor-element-c5fe28f elementor-widget-tablet__width-initial elementor-widget-mobile__width-initial elementor-invisible elementor-widget elementor-widget-heading\" data-id=\"c5fe28f\" data-element_type=\"widget\" data-settings=\"{&quot;_animation&quot;:&quot;fadeInLeft&quot;}\" data-widget_type=\"heading.default\">\n\t\t\t\t<div class=\"elementor-widget-container\">\n\t\t\t<h2 class=\"elementor-heading-title elementor-size-default\">Servicio de OEM y ODM\n<\/h2>\t\t<\/div>\n\t\t\t\t<\/div>\n\t\t\t\t<div class=\"elementor-element elementor-element-6347606 elementor-widget-tablet__width-initial elementor-widget-mobile__width-initial elementor-invisible elementor-widget elementor-widget-heading\" data-id=\"6347606\" data-element_type=\"widget\" data-settings=\"{&quot;_animation&quot;:&quot;fadeInLeft&quot;}\" data-widget_type=\"heading.default\">\n\t\t\t\t<div class=\"elementor-widget-container\">\n\t\t\t<h2 class=\"elementor-heading-title elementor-size-default\">Entrega global y r\u00e1pida\n<\/h2>\t\t<\/div>\n\t\t\t\t<\/div>\n\t\t\t\t<div class=\"elementor-element elementor-element-cc7ed2d e-transform e-transform elementor-widget-mobile__width-initial elementor-invisible elementor-widget elementor-widget-heading\" data-id=\"cc7ed2d\" data-element_type=\"widget\" data-settings=\"{&quot;_animation&quot;:&quot;fadeInLeft&quot;,&quot;_transform_translateX_effect_hover&quot;:{&quot;unit&quot;:&quot;px&quot;,&quot;size&quot;:&quot;&quot;,&quot;sizes&quot;:[]},&quot;_transform_translateX_effect_hover_tablet&quot;:{&quot;unit&quot;:&quot;px&quot;,&quot;size&quot;:&quot;&quot;,&quot;sizes&quot;:[]},&quot;_transform_translateX_effect_hover_mobile&quot;:{&quot;unit&quot;:&quot;px&quot;,&quot;size&quot;:&quot;&quot;,&quot;sizes&quot;:[]},&quot;_transform_translateY_effect_hover&quot;:{&quot;unit&quot;:&quot;px&quot;,&quot;size&quot;:&quot;&quot;,&quot;sizes&quot;:[]},&quot;_transform_translateY_effect_hover_tablet&quot;:{&quot;unit&quot;:&quot;px&quot;,&quot;size&quot;:&quot;&quot;,&quot;sizes&quot;:[]},&quot;_transform_translateY_effect_hover_mobile&quot;:{&quot;unit&quot;:&quot;px&quot;,&quot;size&quot;:&quot;&quot;,&quot;sizes&quot;:[]},&quot;_transform_skewX_effect_hover&quot;:{&quot;unit&quot;:&quot;px&quot;,&quot;size&quot;:&quot;&quot;,&quot;sizes&quot;:[]},&quot;_transform_skewX_effect_hover_tablet&quot;:{&quot;unit&quot;:&quot;deg&quot;,&quot;size&quot;:&quot;&quot;,&quot;sizes&quot;:[]},&quot;_transform_skewX_effect_hover_mobile&quot;:{&quot;unit&quot;:&quot;deg&quot;,&quot;size&quot;:&quot;&quot;,&quot;sizes&quot;:[]},&quot;_transform_skewY_effect_hover&quot;:{&quot;unit&quot;:&quot;px&quot;,&quot;size&quot;:&quot;&quot;,&quot;sizes&quot;:[]},&quot;_transform_skewY_effect_hover_tablet&quot;:{&quot;unit&quot;:&quot;deg&quot;,&quot;size&quot;:&quot;&quot;,&quot;sizes&quot;:[]},&quot;_transform_skewY_effect_hover_mobile&quot;:{&quot;unit&quot;:&quot;deg&quot;,&quot;size&quot;:&quot;&quot;,&quot;sizes&quot;:[]}}\" data-widget_type=\"heading.default\">\n\t\t\t\t<div class=\"elementor-widget-container\">\n\t\t\t<h2 class=\"elementor-heading-title elementor-size-default\">Torniquete Mairs<\/h2>\t\t<\/div>\n\t\t\t\t<\/div>\n\t\t\t\t\t<\/div>\n\t\t<\/div>\n\t\t\t\t\t<\/div>\n\t\t<\/section>\n\t\t\t\t<\/div>\n\t\t","protected":false},"excerpt":{"rendered":"<p>Personalice los torniquetes que solo le pertenecen a usted seg\u00fan las necesidades de su mercado y proyecto. Nuestra ventaja es que podemos personalizar r\u00e1pidamente una puerta que satisfaga sus necesidades y tambi\u00e9n podemos proporcionarle representaciones reales y dimensiones de instalaci\u00f3n en un corto per\u00edodo de tiempo. Leer m\u00e1s Transporte Env\u00edos a todo el mundo:Exportamos puertas&hellip;&nbsp;<a href=\"https:\/\/mairsturnstile.com\/es\/transporte\" class=\"\" rel=\"bookmark\">Leer m\u00e1s &raquo;<span class=\"screen-reader-text\">Transporte<\/span><\/a><\/p>\n","protected":false},"author":1,"featured_media":0,"parent":0,"menu_order":0,"comment_status":"closed","ping_status":"closed","template":"elementor_header_footer","meta":{"neve_meta_sidebar":"full-width","neve_meta_container":"","neve_meta_enable_content_width":"on","neve_meta_content_width":100,"neve_meta_title_alignment":"","neve_meta_author_avatar":"","neve_post_elements_order":"","neve_meta_disable_header":"","neve_meta_disable_footer":"","neve_meta_disable_title":"","_ti_tpc_template_sync":false,"_ti_tpc_template_id":"","footnotes":""},"class_list":["post-9688","page","type-page","status-publish","hentry"],"_links":{"self":[{"href":"https:\/\/mairsturnstile.com\/es\/wp-json\/wp\/v2\/pages\/9688","targetHints":{"allow":["GET"]}}],"collection":[{"href":"https:\/\/mairsturnstile.com\/es\/wp-json\/wp\/v2\/pages"}],"about":[{"href":"https:\/\/mairsturnstile.com\/es\/wp-json\/wp\/v2\/types\/page"}],"author":[{"embeddable":true,"href":"https:\/\/mairsturnstile.com\/es\/wp-json\/wp\/v2\/users\/1"}],"replies":[{"embeddable":true,"href":"https:\/\/mairsturnstile.com\/es\/wp-json\/wp\/v2\/comments?post=9688"}],"version-history":[{"count":2,"href":"https:\/\/mairsturnstile.com\/es\/wp-json\/wp\/v2\/pages\/9688\/revisions"}],"predecessor-version":[{"id":67174,"href":"https:\/\/mairsturnstile.com\/es\/wp-json\/wp\/v2\/pages\/9688\/revisions\/67174"}],"wp:attachment":[{"href":"https:\/\/mairsturnstile.com\/es\/wp-json\/wp\/v2\/media?parent=9688"}],"curies":[{"name":"wp","href":"https:\/\/api.w.org\/{rel}","templated":true}]}}