{"id":10242,"date":"2022-06-20T00:13:42","date_gmt":"2022-06-19T16:13:42","guid":{"rendered":"https:\/\/mairsturnstile.com\/product\/puerta-torniquete-barrera-abatible-mt341"},"modified":"2024-05-27T17:22:12","modified_gmt":"2024-05-27T09:22:12","slug":"batiente-barrera-torniquete","status":"publish","type":"product","link":"https:\/\/mairsturnstile.com\/es\/producto\/batiente-barrera-torniquete","title":{"rendered":"PUERTA TORNIQUETE BARRERA ABATIBLE MT341"},"content":{"rendered":"<h2>LA PUERTA TORNIQUETE CON BARRERA GIRATORIA MT341 tiene una garant\u00eda de 2 a\u00f1os y soporte de reparaci\u00f3n y mantenimiento duradero.<\/h2>\n<p>Podemos proporcionar servicios de OEM y ODM. Contamos con dise\u00f1adores experimentados que pueden completar una personalizaci\u00f3n profunda de acuerdo con cualquiera de sus necesidades. Proporcionaremos una serie de materiales como representaciones 3D, dibujos dimensionales, etc. tan pronto como sea posible. Tambi\u00e9n proporcionamos dispositivos biom\u00e9tricos, como lectores de tarjetas IC\/ID, esc\u00e1neres de huellas dactilares, esc\u00e1neres de c\u00f3digos QR, c\u00e1maras de reconocimiento facial, etc. Si necesita integrar estos dispositivos en la puerta giratoria de altura completa o tiene alguna pregunta, <a href=\"https:\/\/mairsturnstile.com\/contact\">p\u00f3ngase en contacto con nosotros<\/a><\/p>\n<p><strong>El torniquete de barrera oscilante es una de las puertas de torniquete de control de acceso peatonal m\u00e1s utilizadas, que es un producto mejorado de una puerta de torniquete de tr\u00edpode inteligente. Es un producto de alta tecnolog\u00eda destinado principalmente a la gesti\u00f3n inteligente del <a class=\"rank-math-link\" href=\"https:\/\/en.wikipedia.org\/wiki\/Access_control\" target=\"_blank\" rel=\"noopener noreferrer\">control de acceso<\/a> del personal.<\/strong> El carril de paso estar\u00e1 controlado por la l\u00f3gica de los sensores. Solo cuando el torniquete de la barrera oscilante \u00f3ptica recibe la se\u00f1al abierta, el paso es de libre acceso. De lo contrario, el sensor activar\u00e1 la alarma.<\/p>\n<p>Un torniquete de barrera abatible puede prevenir efectivamente el seguimiento de veh\u00edculos. Si alguien accedi\u00f3 con una tarjeta v\u00e1lida, la alarma alertar\u00e1 a las personas de seguridad. Un torniquete de barrera abatible es una opci\u00f3n perfecta si necesita que su espacio tenga una apariencia abierta. Puede acelerar el proceso de entrada. Ellas pueden estar en ambas direcciones corriendo.<\/p>\n<p>El sensor com\u00fanmente utilizado por los torniquetes \u00f3pticos es un sensor fotoel\u00e9ctrico opuesto, que puede detectar con mayor precisi\u00f3n el cuerpo humano. Una puerta de torniquete con barrera oscilante est\u00e1 equipada con m\u00faltiples grupos de sensores de radiaci\u00f3n para realizar la detecci\u00f3n de entrada y salida de personas. Est\u00e1 principalmente en la entrada de la puerta, el sector de la barra del ala y la salida de la puerta. Para una detecci\u00f3n precisa, algunas puertas de torniquete \u00f3ptico instalan sensores a diferentes alturas de cada parte.<\/p>\n<p>Este <strong>torniquete \u00f3ptico<\/strong> es una puerta giratoria delgada. El rel\u00e9 est\u00e1ndar y la interfaz RS485 lo hacen compatible con todos los sistemas de control de acceso, como el sistema de tarjetas RFID, el <a href=\"https:\/\/en.wikipedia.org\/wiki\/Facial_recognition\" target=\"_blank\" rel=\"noopener\">reconocimiento facial<\/a>, el sistema de comprobaci\u00f3n de la temperatura, el sistema accionado por monedas, el sistema de c\u00f3digo de barras y el control de acceso con comprobador ESD. La <a href=\"https:\/\/mairsturnstile.com\/category\/swing-turnstile-gate\">puerta gir<\/a> atoria es una soluci\u00f3n de entrada compacta y rentable.<\/p>\n<p>Todos los modelos de torniquetes de barrera giratoria y puertas r\u00e1pidas se pueden personalizar seg\u00fan sus necesidades reales. Algunos modelos de puertas giratorias y torniquetes <a href=\"https:\/\/mairsturnstile.com\/product\/sliding-turnstile\">deslizantes<\/a> pueden ser tambi\u00e9n de 900 mm de ancho de paso. <span style=\"font-style: inherit; font-weight: inherit;\">Control de acceso de seguridad peatonal Puertas torniquete vidrio torniquetes \u00f3pticos velocidad de la puerta.<\/span><\/p>\n<p>Tambi\u00e9n podemos crear una representaci\u00f3n para usted en unos minutos en funci\u00f3n de su escenario real. Tambi\u00e9n proporcionamos dise\u00f1os y planos detallados, as\u00ed como planos de instalaci\u00f3n.<\/p>\n<ul>\n<li>En caso de emergencia, corte la energ\u00eda, el torniquete de la barrera abatible Slim se abrir\u00e1 autom\u00e1ticamente para permitir el paso libre que cumple con los requisitos de seguridad contra incendios. Pero tiene que venir con una bater\u00eda. En cuanto a la exportaci\u00f3n, la bater\u00eda es sensible, podemos usar el condensador para reemplazar<\/li>\n<li>Reliability of the mechanism: 3 million-5 million, no-fault<\/li>\n<li>El mecanismo antigolpes se restablece autom\u00e1ticamente cuando se encuentra con un impacto de fuerza<\/li>\n<li>La luz LED en los brazos es opcional<\/li>\n<li>aparador LED<\/li>\n<li>Direcci\u00f3n de trabajo: bidireccional\/unidireccional<\/li>\n<li>Situaci\u00f3n de emergencia: se abre autom\u00e1ticamente cuando se corta la electricidad con un condensador<\/li>\n<li>Humedad: \u226490\uff05<\/li>\n<li>Peso: 70 kg\/unidad<\/li>\n<li>Temperatura de trabajo: -20 \u2103 ~ 60 \u2103<\/li>\n<li>Distancia de comunicaci\u00f3n: \u22641200 m<\/li>\n<li>Interfaz de comunicaci\u00f3n: RS485<\/li>\n<li>Caracter\u00edstica: lector IC\/ID, lector de c\u00f3digo de barras, reconocimiento facial, huella digital, otros equipos de control de acceso, UPS, etc.<\/li>\n<li>El tiempo necesario para la apertura: 0,2 s<\/li>\n<li>Rango de aplicaci\u00f3n: comunidad, f\u00e1brica, edificio de oficinas, escuela, lugar del resort, etc.<\/li>\n<li>Ambiente de trabajo: Interior<\/li>\n<li>Los torniquetes \u00f3pticos son adecuados para soluciones de entrada de lujo y de alta gama.<\/li>\n<li>Material de la carcasa: acero inoxidable 304 y acr\u00edlico negro<\/li>\n<li>Todo el sistema funciona sin problemas, con poco ruido y alta velocidad.<\/li>\n<li>Funci\u00f3n de alarma, si hay una intrusi\u00f3n ilegal e intrusi\u00f3n inversa, la puerta emitir\u00e1 una alarma y la puerta se bloquear\u00e1.<\/li>\n<li>Hay un total de 5 pares de sensores infrarrojos. El sensor central es para evitar pellizcar a los peatones.<\/li>\n<li>Funci\u00f3n anti-seguimiento, una persona puede pasar a la vez. Si alguien sigue a la gente del frente, la puerta emitir\u00e1 una alarma.<\/li>\n<li>Indicador LED. Cruz roja y flecha verde. Tambi\u00e9n hay indicadores LED en el poste frontal. La luz LED se puede agregar a los brazos.<\/li>\n<li>El acceso bidireccional reduce la necesidad de m\u00e1s puertas. Se acomoda para silla de ruedas, el cochecito de compras aumenta la eficiencia de paso.<\/li>\n<li>Funci\u00f3n de reinicio autom\u00e1tico. Si las personas no pasaron dentro del tiempo preestablecido (el tiempo predeterminado es de 5 segundos), el sistema cancelar\u00e1 la autoridad del usuario y se cerrar\u00e1 autom\u00e1ticamente.<\/li>\n<li>Anti-bump, Anti clamp, Los torniquetes \u00f3pticos vienen con un motor sin escobillas. Durante la operaci\u00f3n, si alguien golpea el brazo, la puerta se reiniciar\u00e1 autom\u00e1ticamente. Esta funci\u00f3n evita que los peatones, especialmente los ni\u00f1os, golpeen, golpeen, golpeen, etc.<\/li>\n<\/ul>\n<p>Podemos proporcionar la soluci\u00f3n completa de control de acceso de seguridad. Si tiene su propio sistema de control de acceso, puede usar directamente nuestra puerta de torniquete. Si no tiene uno, tambi\u00e9n ofrecemos una soluci\u00f3n completa de control de acceso de seguridad. Consulte el video a continuaci\u00f3n para obtener m\u00e1s detalles.<\/p>\n<p><iframe title=\"reproductor de videos de youtube\" src=\"https:\/\/www.youtube.com\/embed\/n6MbKy14gAk?si=8Hpjc7eZoEyfKi1F\" width=\"1150\" height=\"650\" frameborder=\"0\" allowfullscreen=\"allowfullscreen\"><span data-mce-type=\"bookmark\" style=\"display: inline-block; width: 0px; overflow: hidden; line-height: 0;\" class=\"mce_SELRES_start\"><\/span><\/iframe><\/p>\n","protected":false},"excerpt":{"rendered":"<p>1. Tama\u00f1o: 1310*200*1000 mm (se puede personalizar)<\/p>\n<p>2. Ancho del carril: 600 mm (est\u00e1ndar) 900 mm (discapacitados)<\/p>\n<p>3. Material del brazo: acr\u00edlico de 10 mm<\/p>\n<p>4. Velocidad de paso: 35 personas\/min.<\/p>\n<p>5. Fuente de alimentaci\u00f3n: 110 V\/220 V 50\/60 Hz<\/p>\n<p>6. Mecanismo: mecanismo de motor DC sin escobillas<\/p>\n<p>7. Motor de conducci\u00f3n: 24V<\/p>\n<p>8. Se\u00f1al de puerta abierta: contacto seco\/rel\u00e9<\/p>\n<p>9. Con 5 pares de sensores<\/p>\n<p><strong><a title=\"Puerta de torniquete abatible con certificaci\u00f3n CE de Mairs\" href=\"http:\/\/mairsturnstile.com\/wp-content\/uploads\/2022\/09\/Mairs-CE-Certificate-Swing-Turnstile-Gate.pdf\" target=\"_blank\" rel=\"noopener noreferrer\">Certificaci\u00f3n CE<\/a>, <a title=\"Certificado Mairs ISO9001\" href=\"http:\/\/mairsturnstile.com\/wp-content\/uploads\/2022\/09\/Mairs-Registration-Certificate-ISO9001.pdf\" target=\"_blank\" rel=\"noopener noreferrer\">Certificado ISO 9001.<\/a><\/strong><\/p>\n<p><a title=\"Folleto de torniquete de barrera oscilante\" href=\"http:\/\/mairsturnstile.com\/wp-content\/uploads\/2023\/12\/MT341-brochure.pdf\" target=\"_blank\" rel=\"noopener noreferrer\"><img decoding=\"async\" class=\"alignnone size-full wp-image-11034\" src=\"http:\/\/mairsturnstile.com\/wp-content\/uploads\/2022\/09\/pdf-MairsTurnstile.png\" alt=\"\" width=\"32\" height=\"32\"><span style=\"color: #0000ff;\"><strong>Folleto del torniquete de barrera oscilante MT341<\/strong><\/span><\/a><\/p>\n","protected":false},"featured_media":59418,"comment_status":"closed","ping_status":"closed","template":"","meta":{"neve_meta_sidebar":"","neve_meta_container":"","neve_meta_enable_content_width":"off","neve_meta_content_width":0,"neve_meta_title_alignment":"","neve_meta_author_avatar":"","neve_post_elements_order":"","neve_meta_disable_header":"","neve_meta_disable_footer":"","neve_meta_disable_title":"","_ti_tpc_template_sync":false,"_ti_tpc_template_id":""},"product_cat":[678,801],"product_tag":[1581,806,802,803],"class_list":["post-10242","product","type-product","status-publish","has-post-thumbnail","hentry","product_cat-puerta-de-torniquete","product_cat-puerta-de-torniquete-abatible","product_tag-puerta-de-torniquete-optico","product_tag-torniquete-abatible","product_tag-torniquete-optico","product_tag-torniquetes-opticos"],"_links":{"self":[{"href":"https:\/\/mairsturnstile.com\/es\/wp-json\/wp\/v2\/product\/10242","targetHints":{"allow":["GET"]}}],"collection":[{"href":"https:\/\/mairsturnstile.com\/es\/wp-json\/wp\/v2\/product"}],"about":[{"href":"https:\/\/mairsturnstile.com\/es\/wp-json\/wp\/v2\/types\/product"}],"replies":[{"embeddable":true,"href":"https:\/\/mairsturnstile.com\/es\/wp-json\/wp\/v2\/comments?post=10242"}],"version-history":[{"count":0,"href":"https:\/\/mairsturnstile.com\/es\/wp-json\/wp\/v2\/product\/10242\/revisions"}],"wp:featuredmedia":[{"embeddable":true,"href":"https:\/\/mairsturnstile.com\/es\/wp-json\/wp\/v2\/media\/59418"}],"wp:attachment":[{"href":"https:\/\/mairsturnstile.com\/es\/wp-json\/wp\/v2\/media?parent=10242"}],"wp:term":[{"taxonomy":"product_cat","embeddable":true,"href":"https:\/\/mairsturnstile.com\/es\/wp-json\/wp\/v2\/product_cat?post=10242"},{"taxonomy":"product_tag","embeddable":true,"href":"https:\/\/mairsturnstile.com\/es\/wp-json\/wp\/v2\/product_tag?post=10242"}],"curies":[{"name":"wp","href":"https:\/\/api.w.org\/{rel}","templated":true}]}}