{"id":10243,"date":"2022-06-19T23:56:13","date_gmt":"2022-06-19T15:56:13","guid":{"rendered":"https:\/\/mairsturnstile.com\/product\/turnstilo-de-oscilacion-optica-mt347"},"modified":"2024-05-27T17:22:43","modified_gmt":"2024-05-27T09:22:43","slug":"torniquetes-oscilantes-opticos","status":"publish","type":"product","link":"https:\/\/mairsturnstile.com\/es\/producto\/torniquetes-oscilantes-opticos","title":{"rendered":"TURNSTILO DE OSCILACION OPTICA MT347"},"content":{"rendered":"        <!-- 3D Model html -->\r\n        <div class=\"bp_grand wrapper_23476\">   \r\n        <div class=\"bp_model_parent\">\r\n            <model-viewer class=\"model\" id=\"bp_model_id_23476\" src=\"http:\/\/mairsturnstile.com\/wp-content\/uploads\/2023\/06\/MT347.glb\" alt=\"MT347\" camera-controls  loading=\"auto\" auto-rotate                        >\r\n            <\/model-viewer>\r\n        \r\n            <!-- Button -->\r\n            <svg id=\"openBtn\" width=\"30px\" height=\"30px\" viewBox=\"0 0 16 16\" xmlns=\"http:\/\/www.w3.org\/2000\/svg\" fill=\"#f2f2f2\" class=\"bi bi-arrows-fullscreen model-icon\">\r\n                <path fill-rule=\"evenodd\" d=\"M5.828 10.172a.5.5 0 0 0-.707 0l-4.096 4.096V11.5a.5.5 0 0 0-1 0v3.975a.5.5 0 0 0 .5.5H4.5a.5.5 0 0 0 0-1H1.732l4.096-4.096a.5.5 0 0 0 0-.707zm4.344 0a.5.5 0 0 1 .707 0l4.096 4.096V11.5a.5.5 0 1 1 1 0v3.975a.5.5 0 0 1-.5.5H11.5a.5.5 0 0 1 0-1h2.768l-4.096-4.096a.5.5 0 0 1 0-.707zm0-4.344a.5.5 0 0 0 .707 0l4.096-4.096V4.5a.5.5 0 1 0 1 0V.525a.5.5 0 0 0-.5-.5H11.5a.5.5 0 0 0 0 1h2.768l-4.096 4.096a.5.5 0 0 0 0 .707zm-4.344 0a.5.5 0 0 1-.707 0L1.025 1.732V4.5a.5.5 0 0 1-1 0V.525a.5.5 0 0 1 .5-.5H4.5a.5.5 0 0 1 0 1H1.732l4.096 4.096a.5.5 0 0 1 0 .707z\"\/>\r\n            <\/svg>\r\n        \r\n            <svg id=\"closeBtn\" class=\"model-icon\" width=\"34px\" height=\"34px\" viewBox=\"0 0 24 24\" xmlns=\"http:\/\/www.w3.org\/2000\/svg\">\r\n                <path fill=\"none\" stroke=\"#f2f2f2\" stroke-width=\"2\" d=\"M7,7 L17,17 M7,17 L17,7\"\/>\r\n            <\/svg>\r\n        \r\n        <\/div>\r\n        <\/div> \r\n\r\n        <!-- Model Viewer Style -->\r\n        <style>\r\n            \r\n            .wrapper_23476 .bp_model_parent, #bp_model_id_23476 {\r\n                width: 1150px;\r\n                max-width: 100%;\r\n                                            }\r\n            #bp_model_id_23476 {\r\n                height:700px;\r\n                background-color: #f2f2f2;\r\n            }\r\n            .fullscreen #bp_model_id_23476{\r\n            height: 100%;\r\n            width: 100%;\r\n            }\r\n            .wrapper_23476 .bp_model_parent{\r\n                justify-content: start            }\r\n            model-viewer.model {\r\n                --poster-color: transparent;\r\n            }\r\n        <\/style>\r\n        \r\n        \n<h2>El TORNIQUE OPTICAL SWING MT347 tiene una garant\u00eda de 2 a\u00f1os y soporte duradero de mantenimiento y reparaci\u00f3n.<\/h2>\n<p>Podemos proporcionar servicios de OEM y ODM. Contamos con dise\u00f1adores experimentados que pueden completar una personalizaci\u00f3n profunda de acuerdo con cualquiera de sus necesidades. Proporcionaremos una serie de materiales como representaciones 3D, dibujos dimensionales, etc. tan pronto como sea posible. Tambi\u00e9n proporcionamos dispositivos biom\u00e9tricos, como lectores de tarjetas IC\/ID, esc\u00e1neres de huellas dactilares, esc\u00e1neres de c\u00f3digos QR, c\u00e1maras de reconocimiento facial, etc. Si necesita integrar estos dispositivos en la puerta giratoria de altura completa o tiene alguna pregunta, <a href=\"https:\/\/mairsturnstile.com\/contact\">p\u00f3ngase en contacto con nosotros<\/a><\/p>\n<p><strong>El torniquete oscilante \u00f3ptico es un tipo de torniquete de barrera oscilante controlado por sensores, que incluye la cantidad de sensores que incorporan una matriz de haces de detecci\u00f3n.<\/strong> El carril de paso estar\u00e1 controlado por la l\u00f3gica de los sensores. Solo cuando la puerta del torniquete basculante \u00f3ptico recibe la se\u00f1al de apertura, el paso es de libre acceso. De lo contrario, el sensor activar\u00e1 la alarma. Un torniquete basculante \u00f3ptico puede prevenir efectivamente el seguimiento de veh\u00edculos. Si alguien accedi\u00f3 con una tarjeta v\u00e1lida, la alarma alertar\u00e1 a las personas de seguridad. Los torniquetes \u00f3pticos son opciones perfectas si necesita que su espacio tenga una apariencia abierta. Puede acelerar el proceso de entrada. Ellas pueden estar en ambas direcciones corriendo.<\/p>\n<p>El sensor com\u00fanmente utilizado por el torniquete basculante \u00f3ptico es un sensor fotoel\u00e9ctrico opuesto, que puede detectar con mayor precisi\u00f3n el cuerpo humano. Una puerta de torniquete abatible \u00f3ptica est\u00e1 equipada con m\u00faltiples grupos de sensores de radiaci\u00f3n para realizar la detecci\u00f3n de entrada y salida de personas. Est\u00e1 principalmente en la entrada de la puerta, el sector de la barra del ala y la salida de la puerta. Para una detecci\u00f3n precisa, algunas puertas de torniquete \u00f3ptico instalan sensores a diferentes alturas de cada parte.<\/p>\n<p>Este torniquete oscilante \u00f3ptico con barrera oscilante es una puerta torniquete oscilante delgada. El rel\u00e9 est\u00e1ndar y la interfaz RS485 lo hacen compatible con todos los sistemas de control de acceso, como el sistema de tarjetas RFID, el <a href=\"https:\/\/en.wikipedia.org\/wiki\/Facial_recognition\" target=\"_blank\" rel=\"noopener\">reconocimiento facial<\/a>, el sistema de comprobaci\u00f3n de la temperatura, el sistema accionado por monedas, el sistema de c\u00f3digo de barras y el control de acceso con comprobador ESD. La <a href=\"https:\/\/mairsturnstile.com\/category\/swing-turnstile-gate\">puerta gir<\/a> atoria es una soluci\u00f3n de entrada compacta y rentable.<\/p>\n<p>Todos los modelos de torniquetes \u00f3pticos abatibles y puertas r\u00e1pidas se pueden personalizar de acuerdo con sus requisitos reales. Algunos modelos de puertas giratorias y torniquetes <a href=\"https:\/\/mairsturnstile.com\/product\/sliding-turnstile\">deslizantes<\/a> pueden ser tambi\u00e9n de 900 mm de ancho de paso. <span style=\"font-style: inherit; font-weight: inherit;\">Control de acceso de seguridad peatonal Puertas torniquete vidrio torniquetes \u00f3pticos velocidad de la puerta.<\/span><\/p>\n<p>Tambi\u00e9n podemos crear una representaci\u00f3n para usted en unos minutos en funci\u00f3n de su escenario real. Tambi\u00e9n proporcionamos dise\u00f1os y dibujos detallados, as\u00ed como dibujos de instalaci\u00f3n.<\/p>\n\n        \t\n\t<style type=\"text\/css\">\n\t\t.slider-info-23487.bafg-slider-info .bafg-slider-title {\n\t\t\t\t\t\tfont-size: 22px;\n\t\t\t\t\t\t\n\t\t\t\n\t\t\t\t\t}\n\n\t\t.slider-info-23487.bafg-slider-info .bafg-slider-description {\n\t\t\t\n\t\t\t\n\t\t\t\t\t}\n\n\t\t.slider-info-23487.bafg-slider-info .bafg_slider_readmore_button {\n\t\t\t\n\t\t\t\n\t\t\t\n\t\t\t\n\t\t\t\n\t\t\ttext-align: center;\n\n\t\t\t\n\t\t\t\n\t\t\t\n\t\t\t\n\t\t\t\n\t\t\t\n\t\t\t\t\t}\n\n\t\t.slider-info-23487.bafg-slider-info .bafg_slider_readmore_button:hover {\n\n\t\t\t\n\t\t\t\n\t\t\t\t\t}\n\n\t<\/style>\n\t\n        <div class=\"bafg-twentytwenty-container slider-23487 \" bafg-orientation=\"horizontal\" bafg-default-offset=\"0.5\" bafg-before-label=\"Before\" bafg-after-label=\"After\" bafg-overlay=\"yes\" bafg-move-slider-on-hover=\"yes\" bafg-click-to-move=\"no\">\n              \n            <img decoding=\"async\" class=\"skip-lazy\" src=\"http:\/\/mairsturnstile.com\/wp-content\/uploads\/2023\/06\/one-way-swing-gate_4.jpg\" alt=\"\" data-skip-lazy title=\"\">\n            <img decoding=\"async\" class=\"skip-lazy\" src=\"http:\/\/mairsturnstile.com\/wp-content\/uploads\/2023\/06\/optical-swing-turnstiles_4.jpg\" alt=\"\" data-skip-lazy title=\"\">\n           \n        <\/div>\n\n        \t<div class=\"bafg-slider-info-wraper\">\n\t\t<div style=\"\" class=\"slider-info-23487 bafg-slider-info\">\n\t\t\t\t\t<\/div>\n\t<\/div>\n\t\n        <style type=\"text\/css\">\n            \n        <\/style>\n        \n<ul>\n<li>En caso de emergencia, corte la energ\u00eda, el torniquete oscilante \u00f3ptico de vidrio con barrera abatible delgada se abrir\u00e1 autom\u00e1ticamente para permitir el paso libre que cumple con los requisitos de seguridad contra incendios. Pero tiene que venir con una bater\u00eda. En cuanto a la exportaci\u00f3n, la bater\u00eda es sensible, podemos usar el condensador para reemplazar<\/li>\n<li>Reliability of the mechanism: 3 million-5 million, no-fault<\/li>\n<li>El mecanismo antigolpes se restablece autom\u00e1ticamente cuando se encuentra con un impacto de fuerza<\/li>\n<li>La luz LED en los brazos es opcional<\/li>\n<li>Aparador LED.<\/li>\n<li>Direcci\u00f3n de trabajo: bidireccional\/unidireccional<\/li>\n<li>Situaci\u00f3n de emergencia: se abre autom\u00e1ticamente cuando se corta la electricidad con un condensador<\/li>\n<li>Humedad: \u226490\uff05<\/li>\n<li>Temperatura de trabajo: -20 \u2103 ~ 60 \u2103<\/li>\n<li>Distancia de comunicaci\u00f3n: \u22641200 m<\/li>\n<li>Interfaz de comunicaci\u00f3n: RS485<\/li>\n<li>Caracter\u00edstica: lector IC\/ID, lector de c\u00f3digo de barras, reconocimiento facial, huella digital, otros equipos de control de acceso, UPS, etc.<\/li>\n<li>El tiempo necesario para la apertura: 0,2 s<\/li>\n<li>Rango de aplicaci\u00f3n: comunidad, f\u00e1brica, edificio de oficinas, escuela, lugar del resort, etc.<\/li>\n<li>Ambiente de trabajo: Interior<\/li>\n<li>Material de la carcasa: acero inoxidable 304 y acr\u00edlico negro.<\/li>\n<li>Torniquetes giratorios \u00f3pticos asequibles a la venta.<\/li>\n<li>Los torniquetes de barrera oscilante \u00f3ptica son adecuados para soluciones de entrada de lujo y de gama alta.<\/li>\n<li>Todo el sistema funciona sin problemas, con poco ruido y alta velocidad.<\/li>\n<li>Funci\u00f3n de alarma, si hay una intrusi\u00f3n ilegal o una intrusi\u00f3n inversa, la puerta de barrera oscilante emitir\u00e1 una alarma y la puerta se bloquear\u00e1.<\/li>\n<li>Hay un total de 5 pares de sensores infrarrojos. El sensor central es para evitar pellizcar a los peatones.<\/li>\n<li>Funci\u00f3n anti-seguimiento, una persona puede pasar a la vez. Si alguien sigue a la gente del frente, la puerta de la barrera oscilante emitir\u00e1 una alarma.<\/li>\n<li>Indicador LED. Cruz roja y flecha verde. Tambi\u00e9n hay indicadores LED en el poste frontal. La luz LED se puede agregar a los brazos.<\/li>\n<li>El acceso bidireccional reduce la necesidad de m\u00e1s puertas. Tiene capacidad para silla de ruedas y cochecito de compras, lo que aumenta la eficiencia de paso.<\/li>\n<li>Funci\u00f3n de reinicio autom\u00e1tico. Si las personas no pasaron dentro del tiempo preestablecido (el tiempo predeterminado es de 5 segundos), el sistema cancelar\u00e1 la autoridad del usuario y se cerrar\u00e1 autom\u00e1ticamente.<\/li>\n<li>Anti-bump, Anti clamp, Los torniquetes \u00f3pticos vienen con un motor sin escobillas. Durante la operaci\u00f3n, si alguien golpea el brazo, la puerta se reiniciar\u00e1 autom\u00e1ticamente. Esta funci\u00f3n evita de forma efectiva que los peatones, especialmente los ni\u00f1os, golpeen, pisen, golpeen, etc.<\/li>\n<\/ul>\n<p>Podemos proporcionar la soluci\u00f3n completa de control de acceso de seguridad. Si tiene su propio sistema de control de acceso, puede usar directamente nuestra puerta de torniquete. Si no tiene uno, tambi\u00e9n ofrecemos una soluci\u00f3n completa de control de acceso de seguridad. Consulte el video a continuaci\u00f3n para obtener m\u00e1s detalles.<\/p>\n<p><iframe title=\"Torniquete oscilante \u00f3ptico, Torniquete de barrera oscilante, Torniquete oscilante - MairsTurnstile\" src=\"https:\/\/www.youtube.com\/embed\/hdoBSoM85u4\" width=\"1150\" height=\"650\" frameborder=\"0\" allowfullscreen=\"allowfullscreen\"><\/iframe><\/p>\n","protected":false},"excerpt":{"rendered":"<p>1. Tama\u00f1o: 1334*160*1000 mm (se puede personalizar)<\/p>\n<p>2. Ancho de carril: 600 mm (est\u00e1ndar) 900 mm (discapacitados)<\/p>\n<p>3. Material del brazo: acr\u00edlico de 10 mm<\/p>\n<p>4. Velocidad de paso: 35 personas\/min.<\/p>\n<p>5. Fuente de alimentaci\u00f3n: 110 V\/220 V 50\/60 Hz<\/p>\n<p>6. Mecanismo: mecanismo de motor DC sin escobillas<\/p>\n<p>7. Motor de conducci\u00f3n: 24V<\/p>\n<p>8. Se\u00f1al de puerta abierta: contacto seco\/rel\u00e9<\/p>\n<p>9. Con 5 pares de sensores<\/p>\n<p><strong><a title=\"Puerta batiente para peatones con certificaci\u00f3n CE de Mairs\" href=\"http:\/\/mairsturnstile.com\/wp-content\/uploads\/2022\/09\/Mairs-CE-Certificate-MT310.pdf\" target=\"_blank\" rel=\"noopener noreferrer\">Certificaci\u00f3n CE<\/a>, <a title=\"Certificado Mairs ISO9001\" href=\"http:\/\/mairsturnstile.com\/wp-content\/uploads\/2022\/09\/Mairs-Registration-Certificate-ISO9001.pdf\" target=\"_blank\" rel=\"noopener noreferrer\">Certificado ISO 9001.<\/a><\/strong><\/p>\n<p><a title=\"Folleto de torniquetes giratorios \u00f3pticos\" href=\"http:\/\/mairsturnstile.com\/wp-content\/uploads\/2023\/12\/MT347-brochure.pdf\" target=\"_blank\" rel=\"noopener noreferrer\"><img decoding=\"async\" class=\"alignnone size-full wp-image-11034\" src=\"http:\/\/mairsturnstile.com\/wp-content\/uploads\/2022\/09\/pdf-MairsTurnstile.png\" alt=\"\" width=\"32\" height=\"32\"><strong><span style=\"color: #0000ff;\">Folleto de torniquetes giratorios \u00f3pticos MT347<\/span><\/strong><\/a><\/p>\n","protected":false},"featured_media":25280,"comment_status":"closed","ping_status":"closed","template":"","meta":{"neve_meta_sidebar":"","neve_meta_container":"","neve_meta_enable_content_width":"off","neve_meta_content_width":0,"neve_meta_title_alignment":"","neve_meta_author_avatar":"","neve_post_elements_order":"","neve_meta_disable_header":"","neve_meta_disable_footer":"","neve_meta_disable_title":"","_ti_tpc_template_sync":false,"_ti_tpc_template_id":""},"product_cat":[678,801],"product_tag":[1581,804,810,802,803],"class_list":["post-10243","product","type-product","status-publish","has-post-thumbnail","hentry","product_cat-puerta-de-torniquete","product_cat-puerta-de-torniquete-abatible","product_tag-puerta-de-torniquete-optico","product_tag-torniquete-abatible-optico","product_tag-torniquete-de-barrera-abatible","product_tag-torniquete-optico","product_tag-torniquetes-opticos"],"_links":{"self":[{"href":"https:\/\/mairsturnstile.com\/es\/wp-json\/wp\/v2\/product\/10243","targetHints":{"allow":["GET"]}}],"collection":[{"href":"https:\/\/mairsturnstile.com\/es\/wp-json\/wp\/v2\/product"}],"about":[{"href":"https:\/\/mairsturnstile.com\/es\/wp-json\/wp\/v2\/types\/product"}],"replies":[{"embeddable":true,"href":"https:\/\/mairsturnstile.com\/es\/wp-json\/wp\/v2\/comments?post=10243"}],"version-history":[{"count":0,"href":"https:\/\/mairsturnstile.com\/es\/wp-json\/wp\/v2\/product\/10243\/revisions"}],"wp:featuredmedia":[{"embeddable":true,"href":"https:\/\/mairsturnstile.com\/es\/wp-json\/wp\/v2\/media\/25280"}],"wp:attachment":[{"href":"https:\/\/mairsturnstile.com\/es\/wp-json\/wp\/v2\/media?parent=10243"}],"wp:term":[{"taxonomy":"product_cat","embeddable":true,"href":"https:\/\/mairsturnstile.com\/es\/wp-json\/wp\/v2\/product_cat?post=10243"},{"taxonomy":"product_tag","embeddable":true,"href":"https:\/\/mairsturnstile.com\/es\/wp-json\/wp\/v2\/product_tag?post=10243"}],"curies":[{"name":"wp","href":"https:\/\/api.w.org\/{rel}","templated":true}]}}