{"id":10245,"date":"2021-11-25T18:20:16","date_gmt":"2021-11-25T10:20:16","guid":{"rendered":"https:\/\/mairsturnstile.com\/product\/torniquete-de-entrada-de-supermercado-torniquete-giratorio-mt313"},"modified":"2025-04-07T17:43:56","modified_gmt":"2025-04-07T09:43:56","slug":"supermercado-entrada-torniquete","status":"publish","type":"product","link":"https:\/\/mairsturnstile.com\/es\/producto\/supermercado-entrada-torniquete","title":{"rendered":"Torniquete de entrada de supermercado Torniquete giratorio MT313"},"content":{"rendered":"        <!-- 3D Model html -->\r\n        <div class=\"bp_grand wrapper_23461\">   \r\n        <div class=\"bp_model_parent\">\r\n            <model-viewer class=\"model\" id=\"bp_model_id_23461\" src=\"http:\/\/mairsturnstile.com\/wp-content\/uploads\/2024\/11\/mt313.glb\" alt=\"mt313\" camera-controls  loading=\"auto\" auto-rotate                        >\r\n            <\/model-viewer>\r\n        \r\n            <!-- Button -->\r\n            <svg id=\"openBtn\" width=\"30px\" height=\"30px\" viewBox=\"0 0 16 16\" xmlns=\"http:\/\/www.w3.org\/2000\/svg\" fill=\"#f2f2f2\" class=\"bi bi-arrows-fullscreen model-icon\">\r\n                <path fill-rule=\"evenodd\" d=\"M5.828 10.172a.5.5 0 0 0-.707 0l-4.096 4.096V11.5a.5.5 0 0 0-1 0v3.975a.5.5 0 0 0 .5.5H4.5a.5.5 0 0 0 0-1H1.732l4.096-4.096a.5.5 0 0 0 0-.707zm4.344 0a.5.5 0 0 1 .707 0l4.096 4.096V11.5a.5.5 0 1 1 1 0v3.975a.5.5 0 0 1-.5.5H11.5a.5.5 0 0 1 0-1h2.768l-4.096-4.096a.5.5 0 0 1 0-.707zm0-4.344a.5.5 0 0 0 .707 0l4.096-4.096V4.5a.5.5 0 1 0 1 0V.525a.5.5 0 0 0-.5-.5H11.5a.5.5 0 0 0 0 1h2.768l-4.096 4.096a.5.5 0 0 0 0 .707zm-4.344 0a.5.5 0 0 1-.707 0L1.025 1.732V4.5a.5.5 0 0 1-1 0V.525a.5.5 0 0 1 .5-.5H4.5a.5.5 0 0 1 0 1H1.732l4.096 4.096a.5.5 0 0 1 0 .707z\"\/>\r\n            <\/svg>\r\n        \r\n            <svg id=\"closeBtn\" class=\"model-icon\" width=\"34px\" height=\"34px\" viewBox=\"0 0 24 24\" xmlns=\"http:\/\/www.w3.org\/2000\/svg\">\r\n                <path fill=\"none\" stroke=\"#f2f2f2\" stroke-width=\"2\" d=\"M7,7 L17,17 M7,17 L17,7\"\/>\r\n            <\/svg>\r\n        \r\n        <\/div>\r\n        <\/div> \r\n\r\n        <!-- Model Viewer Style -->\r\n        <style>\r\n            \r\n            .wrapper_23461 .bp_model_parent, #bp_model_id_23461 {\r\n                width: 1150px;\r\n                max-width: 100%;\r\n                                            }\r\n            #bp_model_id_23461 {\r\n                height:700px;\r\n                background-color: #f2f2f2;\r\n            }\r\n            .fullscreen #bp_model_id_23461{\r\n            height: 100%;\r\n            width: 100%;\r\n            }\r\n            .wrapper_23461 .bp_model_parent{\r\n                justify-content: start            }\r\n            model-viewer.model {\r\n                --poster-color: transparent;\r\n            }\r\n        <\/style>\r\n        \r\n        \n<h4>El torniquete de entrada al supermercado tiene una garant\u00eda de 2 a\u00f1os y soporte duradero de mantenimiento y reparaci\u00f3n.<\/h4>\n<p>Podemos proporcionar servicios de OEM y ODM. Contamos con dise\u00f1adores experimentados que pueden completar una personalizaci\u00f3n profunda de acuerdo con cualquiera de sus necesidades. Proporcionaremos una serie de materiales como representaciones 3D, dibujos dimensionales, etc. tan pronto como sea posible. Tambi\u00e9n proporcionamos dispositivos biom\u00e9tricos, como lectores de tarjetas IC\/ID, esc\u00e1neres de huellas dactilares, esc\u00e1neres de c\u00f3digos QR, c\u00e1maras de reconocimiento facial, etc. Si necesita integrar estos dispositivos en la puerta giratoria de altura completa o tiene alguna pregunta, <a href=\"https:\/\/mairsturnstile.com\/contact\" target=\"_blank\" rel=\"noopener\">p\u00f3ngase en contacto con nosotros<\/a><\/p>\n<p><strong>El torniquete de entrada al supermercado es un tipo de puerta de torniquete para peatones, que se utiliza especialmente para la entrada y salida de grandes supermercados y supermercados no tripulados.<\/strong> La longitud de la varilla de ala del torniquete de supermercado se puede personalizar de acuerdo con el ancho de la entrada del supermercado. Por supuesto, este torniquete de entrada de supermercado tambi\u00e9n se puede utilizar en tiendas de ropa, supermercados, joyer\u00edas, centros comerciales, tiendas de cosm\u00e9ticos, librer\u00edas, etc.<\/p>\n<p>El objetivo principal del torniquete de entrada a un supermercado es la gesti\u00f3n del <a href=\"https:\/\/en.wikipedia.org\/wiki\/Access_control\" target=\"_blank\" rel=\"noopener\">control de acceso<\/a> del personal, la inspecci\u00f3n de seguridad y la caja de autoservicio. Un supermercado es un lugar p\u00fablico, y todo el mundo entrar\u00e1 a consumir. Como cliente normal, es poco probable que traiga consigo una tarjeta de acceso. El torniquete de entrada del supermercado abrir\u00e1 autom\u00e1ticamente la puerta de acuerdo con el sensor infrarrojo. Por supuesto, algunas funciones adicionales se pueden personalizar seg\u00fan las necesidades reales, como el reconocimiento facial o el escaneo de c\u00f3digos QR.<\/p>\n<p>Este torniquete de entrada de supermercado tiene las ventajas de no detecci\u00f3n manual, alta eficiencia, r\u00e1pido, seguro y buen servicio.<\/p>\n<p>El torniquete de entrada al supermercado con barandilla es adecuado para controlar el flujo de personas que ingresan al supermercado y mantener un acceso estandarizado y ordenado al supermercado. Cuando no entre ning\u00fan empleado al supermercado, el <a href=\"https:\/\/mairsturnstile.com\/swing-turnstile-gate.html\" target=\"_blank\" rel=\"noopener\">torniquete giratorio<\/a> del supermercado se bloquear\u00e1 autom\u00e1ticamente.<\/p>\n<p>Tambi\u00e9n podemos crear una representaci\u00f3n para usted en unos minutos en funci\u00f3n de su escenario real. Tambi\u00e9n proporcionamos dise\u00f1os y planos detallados, as\u00ed como planos de instalaci\u00f3n.<\/p>\n\n        \t\n\t<style type=\"text\/css\">\n\t\t.slider-info-23483.bafg-slider-info .bafg-slider-title {\n\t\t\t\t\t\tfont-size: 22px;\n\t\t\t\t\t\t\n\t\t\t\n\t\t\t\t\t}\n\n\t\t.slider-info-23483.bafg-slider-info .bafg-slider-description {\n\t\t\t\n\t\t\t\n\t\t\t\t\t}\n\n\t\t.slider-info-23483.bafg-slider-info .bafg_slider_readmore_button {\n\t\t\t\n\t\t\t\n\t\t\t\n\t\t\t\n\t\t\t\n\t\t\ttext-align: center;\n\n\t\t\t\n\t\t\t\n\t\t\t\n\t\t\t\n\t\t\t\n\t\t\t\n\t\t\t\t\t}\n\n\t\t.slider-info-23483.bafg-slider-info .bafg_slider_readmore_button:hover {\n\n\t\t\t\n\t\t\t\n\t\t\t\t\t}\n\n\t<\/style>\n\t\n        <div class=\"bafg-twentytwenty-container slider-23483 \" bafg-orientation=\"horizontal\" bafg-default-offset=\"0.5\" bafg-before-label=\"Before\" bafg-after-label=\"After\" bafg-overlay=\"yes\" bafg-move-slider-on-hover=\"yes\" bafg-click-to-move=\"no\">\n              \n            <img decoding=\"async\" class=\"skip-lazy\" src=\"http:\/\/mairsturnstile.com\/wp-content\/uploads\/2023\/07\/supermarket-swing-gate_8.jpg\" alt=\"supermarket swing gate\" data-skip-lazy title=\"\">\n            <img decoding=\"async\" class=\"skip-lazy\" src=\"http:\/\/mairsturnstile.com\/wp-content\/uploads\/2021\/11\/supermarket-entrance-turnstile-4.jpg\" alt=\"supermarket entrance turnstile\" data-skip-lazy title=\"\">\n           \n        <\/div>\n\n        \t<div class=\"bafg-slider-info-wraper\">\n\t\t<div style=\"\" class=\"slider-info-23483 bafg-slider-info\">\n\t\t\t\t\t<\/div>\n\t<\/div>\n\t\n        <style type=\"text\/css\">\n            \n        <\/style>\n        \n<p>El torniquete de entrada al supermercado es diferente de los bienes de consumo generales. De acuerdo con el lugar donde el flujo de personas es grande, son especialmente \u00fanicos, como: verificar si el personal saca los productos del supermercado, compras de autoayuda y autopago en ocasiones no tripuladas, y escanear c\u00f3digos QR para salvar a los compradores. tiempo, por lo que de acuerdo con las diferentes necesidades, apariencia y funciones de diferentes lugares, las soluciones espec\u00edficas de seguridad de torniquete de supermercado son diferentes.<\/p>\n<p>El torniquete de entrada del supermercado est\u00e1 pulido con acero inoxidable exquisito, con un estilo novedoso y una apariencia elegante. Puede controlar efectivamente el flujo de personas y brindar una protecci\u00f3n de seguridad efectiva para el \u00e1rea restringida.<\/p>\n<p>Fiabilidad del mecanismo: 3 millones, sin fallos<br \/>\nDisponible con brazo acr\u00edlico<br \/>\nLuz indicadora LED en la cubierta superior<br \/>\nDisponible en unidades individuales o en carriles de dos unidades<br \/>\nDirecci\u00f3n de funcionamiento: Bidireccional\/Unidireccional<br \/>\nSituaci\u00f3n de emergencia: apertura autom\u00e1tica cuando se corta la electricidad. Bater\u00eda de reserva incluida<br \/>\nHumedad: \u226490 %<br \/>\nMaterial de la carcasa: acero inoxidable 304<br \/>\nTemperatura de funcionamiento: -20 \u2103 ~ 60 \u2103<br \/>\nDistancia de comunicaci\u00f3n: \u22641200 m<br \/>\nInterfaz de comunicaci\u00f3n: RS485<br \/>\nCaracter\u00edsticas: lector de IC\/ID, lector de c\u00f3digos de barras, reconocimiento facial, huella dactilar, otros equipos de control de acceso, UPS, etc.<br \/>\nTiempo necesario para la apertura: 0,2 s<br \/>\nEntorno de trabajo: interior o exterior (el exterior es opcional)<br \/>\n\u00c1mbito de aplicaci\u00f3n: comunidad, f\u00e1brica, obra, escuela, lugar de vacaciones, etc. <\/p>\n<p>Podemos proporcionar la soluci\u00f3n completa de control de acceso de seguridad. Si tiene su propio sistema de control de acceso, puede usar directamente nuestra puerta de torniquete. Si no tiene uno, tambi\u00e9n ofrecemos una soluci\u00f3n completa de control de acceso de seguridad. Consulte el video a continuaci\u00f3n para obtener m\u00e1s detalles.<\/p>\n<p><iframe title=\"reproductor de videos de youtube\" src=\"https:\/\/www.youtube.com\/embed\/pHbTZ6CR_E8?si=lDw7vp4FUibCYOOb\" width=\"1150\" height=\"650\" frameborder=\"0\" allowfullscreen=\"allowfullscreen\"><span data-mce-type=\"bookmark\" style=\"display: inline-block; width: 0px; overflow: hidden; line-height: 0;\" class=\"mce_SELRES_start\"><\/span><\/iframe><\/p>\n","protected":false},"excerpt":{"rendered":"<p>1. Tama\u00f1o: 250*190*980 mm (se puede personalizar)<\/p>\n<p>2. Ancho m\u00e1ximo de paso: 1000 mm (se puede personalizar)<\/p>\n<p>3. Velocidad de paso: 40 personas\/min.<\/p>\n<p>4. Fuente de alimentaci\u00f3n: 110V\/220V 50\/60Hz<\/p>\n<p>5. Consumo de conducci\u00f3n: 20W<\/p>\n<p>6. En se\u00f1al de puerta abierta: contacto seco\/rel\u00e9<\/p>\n<p>7. Motor de conducci\u00f3n sin escobillas: 24V<\/p>\n<p>8. Peso: 30 kg\/unidad<\/p>\n<p>9. Ampliamente utilizado para salida libre.<\/p>\n<p><span style=\"color: #0000ff;\"><strong><a style=\"color: #0000ff;\" title=\"Puerta de torniquete abatible con certificaci\u00f3n CE de Mairs\" href=\"http:\/\/mairsturnstile.com\/wp-content\/uploads\/2022\/09\/Mairs-CE-Certificate-Swing-Turnstile-Gate.pdf\" target=\"_blank\" rel=\"noopener noreferrer\">Certificaci\u00f3n CE<\/a>, <a style=\"color: #0000ff;\" title=\"Certificado Mairs ISO9001\" href=\"http:\/\/mairsturnstile.com\/wp-content\/uploads\/2022\/09\/Mairs-Registration-Certificate-ISO9001.pdf\" target=\"_blank\" rel=\"noopener noreferrer\">Certificado ISO 9001.<\/a><\/strong><\/span><\/p>\n<p><a title=\"Folleto de torniquetes para supermercados\" href=\"http:\/\/mairsturnstile.com\/wp-content\/uploads\/2023\/12\/MT313-brochure.pdf\" target=\"_blank\" rel=\"noopener noreferrer\" data-wp-editing=\"1\"><img decoding=\"async\" class=\"alignnone size-full wp-image-11034\" src=\"http:\/\/mairsturnstile.com\/wp-content\/uploads\/2022\/09\/pdf-MairsTurnstile.png\" alt=\"\" width=\"32\" height=\"32\"><strong><span style=\"color: #0000ff;\">MT313 Folleto de torniquetes para supermercados<\/span><\/strong><\/a><\/p>\n","protected":false},"featured_media":58009,"comment_status":"closed","ping_status":"closed","template":"","meta":{"neve_meta_sidebar":"","neve_meta_container":"","neve_meta_enable_content_width":"off","neve_meta_content_width":0,"neve_meta_title_alignment":"","neve_meta_author_avatar":"","neve_post_elements_order":"","neve_meta_disable_header":"","neve_meta_disable_footer":"","neve_meta_disable_title":"","_ti_tpc_template_sync":false,"_ti_tpc_template_id":""},"product_cat":[678,801],"product_tag":[1595,1593,1580,806,809,1378,808],"class_list":["post-10245","product","type-product","status-publish","has-post-thumbnail","hentry","product_cat-puerta-de-torniquete","product_cat-puerta-de-torniquete-abatible","product_tag-costo-del-torniquete","product_tag-cuanto-cuesta-un-torniquete","product_tag-puerta-giratoria","product_tag-torniquete-abatible","product_tag-torniquete-de-entrada-de-supermercado","product_tag-torniquete-de-salida","product_tag-torniquete-de-supermercado"],"_links":{"self":[{"href":"https:\/\/mairsturnstile.com\/es\/wp-json\/wp\/v2\/product\/10245","targetHints":{"allow":["GET"]}}],"collection":[{"href":"https:\/\/mairsturnstile.com\/es\/wp-json\/wp\/v2\/product"}],"about":[{"href":"https:\/\/mairsturnstile.com\/es\/wp-json\/wp\/v2\/types\/product"}],"replies":[{"embeddable":true,"href":"https:\/\/mairsturnstile.com\/es\/wp-json\/wp\/v2\/comments?post=10245"}],"version-history":[{"count":0,"href":"https:\/\/mairsturnstile.com\/es\/wp-json\/wp\/v2\/product\/10245\/revisions"}],"wp:featuredmedia":[{"embeddable":true,"href":"https:\/\/mairsturnstile.com\/es\/wp-json\/wp\/v2\/media\/58009"}],"wp:attachment":[{"href":"https:\/\/mairsturnstile.com\/es\/wp-json\/wp\/v2\/media?parent=10245"}],"wp:term":[{"taxonomy":"product_cat","embeddable":true,"href":"https:\/\/mairsturnstile.com\/es\/wp-json\/wp\/v2\/product_cat?post=10245"},{"taxonomy":"product_tag","embeddable":true,"href":"https:\/\/mairsturnstile.com\/es\/wp-json\/wp\/v2\/product_tag?post=10245"}],"curies":[{"name":"wp","href":"https:\/\/api.w.org\/{rel}","templated":true}]}}