{"id":10249,"date":"2020-09-13T17:16:32","date_gmt":"2020-09-13T09:16:32","guid":{"rendered":"https:\/\/mairsturnstile.com\/product\/supermercado-puerta-abatible-torniquete-mt311"},"modified":"2025-04-07T18:13:23","modified_gmt":"2025-04-07T10:13:23","slug":"supermercado-puerta-abatible","status":"publish","type":"product","link":"https:\/\/mairsturnstile.com\/es\/producto\/supermercado-puerta-abatible","title":{"rendered":"SUPERMERCADO PUERTA ABATIBLE TORNIQUETE MT311"},"content":{"rendered":"        <!-- 3D Model html -->\r\n        <div class=\"bp_grand wrapper_25604\">   \r\n        <div class=\"bp_model_parent\">\r\n            <model-viewer class=\"model\" id=\"bp_model_id_25604\" src=\"http:\/\/mairsturnstile.com\/wp-content\/uploads\/2023\/07\/MT311.glb\" alt=\"MT311\" camera-controls  loading=\"auto\" auto-rotate                        >\r\n            <\/model-viewer>\r\n        \r\n            <!-- Button -->\r\n            <svg id=\"openBtn\" width=\"30px\" height=\"30px\" viewBox=\"0 0 16 16\" xmlns=\"http:\/\/www.w3.org\/2000\/svg\" fill=\"#f2f2f2\" class=\"bi bi-arrows-fullscreen model-icon\">\r\n                <path fill-rule=\"evenodd\" d=\"M5.828 10.172a.5.5 0 0 0-.707 0l-4.096 4.096V11.5a.5.5 0 0 0-1 0v3.975a.5.5 0 0 0 .5.5H4.5a.5.5 0 0 0 0-1H1.732l4.096-4.096a.5.5 0 0 0 0-.707zm4.344 0a.5.5 0 0 1 .707 0l4.096 4.096V11.5a.5.5 0 1 1 1 0v3.975a.5.5 0 0 1-.5.5H11.5a.5.5 0 0 1 0-1h2.768l-4.096-4.096a.5.5 0 0 1 0-.707zm0-4.344a.5.5 0 0 0 .707 0l4.096-4.096V4.5a.5.5 0 1 0 1 0V.525a.5.5 0 0 0-.5-.5H11.5a.5.5 0 0 0 0 1h2.768l-4.096 4.096a.5.5 0 0 0 0 .707zm-4.344 0a.5.5 0 0 1-.707 0L1.025 1.732V4.5a.5.5 0 0 1-1 0V.525a.5.5 0 0 1 .5-.5H4.5a.5.5 0 0 1 0 1H1.732l4.096 4.096a.5.5 0 0 1 0 .707z\"\/>\r\n            <\/svg>\r\n        \r\n            <svg id=\"closeBtn\" class=\"model-icon\" width=\"34px\" height=\"34px\" viewBox=\"0 0 24 24\" xmlns=\"http:\/\/www.w3.org\/2000\/svg\">\r\n                <path fill=\"none\" stroke=\"#f2f2f2\" stroke-width=\"2\" d=\"M7,7 L17,17 M7,17 L17,7\"\/>\r\n            <\/svg>\r\n        \r\n        <\/div>\r\n        <\/div> \r\n\r\n        <!-- Model Viewer Style -->\r\n        <style>\r\n            \r\n            .wrapper_25604 .bp_model_parent, #bp_model_id_25604 {\r\n                width: 1150px;\r\n                max-width: 100%;\r\n                                            }\r\n            #bp_model_id_25604 {\r\n                height:700px;\r\n                background-color: transparent;\r\n            }\r\n            .fullscreen #bp_model_id_25604{\r\n            height: 100%;\r\n            width: 100%;\r\n            }\r\n            .wrapper_25604 .bp_model_parent{\r\n                justify-content: start            }\r\n            model-viewer.model {\r\n                --poster-color: transparent;\r\n            }\r\n        <\/style>\r\n        \r\n        \n<h4>La PUERTA ABATIBLE DE SUPERMERCADO tiene una garant\u00eda de 2 a\u00f1os y soporte duradero de mantenimiento y reparaci\u00f3n.<\/h4>\n<p>Podemos proporcionar servicios de OEM y ODM. Tambi\u00e9n proporcionamos dispositivos biom\u00e9tricos, como lectores de tarjetas IC\/ID, esc\u00e1neres de huellas dactilares, esc\u00e1neres de c\u00f3digos QR, c\u00e1maras de reconocimiento facial, etc.<\/p>\n<p>La puerta abatible de supermercado es una especie de puerta de torniquete cil\u00edndrica abatible de inducci\u00f3n autom\u00e1tica por infrarrojos o radar, que se utiliza especialmente para la entrada y salida de grandes supermercados y supermercados no tripulados. La longitud de la varilla de ala del torniquete giratorio de supermercado se puede personalizar de acuerdo con el ancho de la entrada del supermercado. Por supuesto, esta puerta batiente de supermercado tambi\u00e9n se puede utilizar en almacenes, tiendas de ropa, supermercados, joyer\u00edas, centros comerciales, tiendas de cosm\u00e9ticos, librer\u00edas, etc. La puerta batiente del supermercado tiene las ventajas de no detecci\u00f3n manual, alta eficiencia, servicio r\u00e1pido, seguro y bueno.<\/p>\n<p>La puerta batiente del supermercado se puede personalizar con el ancho del canal de acuerdo con sus necesidades reales. Por ejemplo, en el video anterior, nuestros clientes han personalizado una puerta batiente de supermercado con canales ultra anchos. Por supuesto, tambi\u00e9n tenemos otra puerta de torniquete abatible de torniquete de entrada de supermercado que es adecuada para supermercados. Si cree que esta barrera giratoria de supermercado no es adecuada para usted, por favor, compruebe nuestro otro producto: <a href=\"https:\/\/mairsturnstile.com\/product\/supermarket-entrance-turnstile\">Torniquetes para supermercados<\/a><\/p>\n<p>Tambi\u00e9n podemos crear una representaci\u00f3n para usted en unos minutos en funci\u00f3n de su escenario real. Tambi\u00e9n proporcionamos dise\u00f1os y dibujos detallados, as\u00ed como dibujos de instalaci\u00f3n.<\/p>\n\n        \t\n\t<style type=\"text\/css\">\n\t\t.slider-info-25611.bafg-slider-info .bafg-slider-title {\n\t\t\t\t\t\tfont-size: 22px;\n\t\t\t\t\t\t\n\t\t\t\n\t\t\t\t\t}\n\n\t\t.slider-info-25611.bafg-slider-info .bafg-slider-description {\n\t\t\t\n\t\t\t\n\t\t\t\t\t}\n\n\t\t.slider-info-25611.bafg-slider-info .bafg_slider_readmore_button {\n\t\t\t\n\t\t\t\n\t\t\t\n\t\t\t\n\t\t\t\n\t\t\ttext-align: center;\n\n\t\t\t\n\t\t\t\n\t\t\t\n\t\t\t\n\t\t\t\n\t\t\t\n\t\t\t\t\t}\n\n\t\t.slider-info-25611.bafg-slider-info .bafg_slider_readmore_button:hover {\n\n\t\t\t\n\t\t\t\n\t\t\t\t\t}\n\n\t<\/style>\n\t\n        <div class=\"bafg-twentytwenty-container slider-25611 \" bafg-orientation=\"horizontal\" bafg-default-offset=\"0.5\" bafg-before-label=\"Before\" bafg-after-label=\"After\" bafg-overlay=\"yes\" bafg-move-slider-on-hover=\"yes\" bafg-click-to-move=\"no\">\n              \n            <img decoding=\"async\" class=\"skip-lazy\" src=\"http:\/\/mairsturnstile.com\/wp-content\/uploads\/2023\/07\/supermarket-swing-gate_8.jpg\" alt=\"\" data-skip-lazy title=\"\">\n            <img decoding=\"async\" class=\"skip-lazy\" src=\"http:\/\/mairsturnstile.com\/wp-content\/uploads\/2023\/07\/supermarket-swing-gate_9.jpg\" alt=\"\" data-skip-lazy title=\"\">\n           \n        <\/div>\n\n        \t<div class=\"bafg-slider-info-wraper\">\n\t\t<div style=\"\" class=\"slider-info-25611 bafg-slider-info\">\n\t\t\t\t\t<\/div>\n\t<\/div>\n\t\n        <style type=\"text\/css\">\n            \n        <\/style>\n        \n<p>Cuando alguien ingresa al supermercado, la puerta batiente del supermercado se abrir\u00e1 autom\u00e1ticamente. La gente entrar\u00e1 al supermercado de manera ordenada. Ellas no pueden salir. Ellas pueden pasar de una manera. Tambi\u00e9n se pueden utilizar en la puerta de entrada de algunos hospitales o almacenes. El torniquete de entrada al supermercado con barandilla es adecuado para controlar el flujo de personas que ingresan al supermercado y mantener un acceso estandarizado y ordenado al supermercado. Cuando ning\u00fan personal ingresa al supermercado, la puerta giratoria del torniquete del supermercado se bloquear\u00e1 autom\u00e1ticamente.<\/p>\n<p>Generalmente, cuando las personas ingresan a la puerta del torniquete giratorio, el radar incorporado o el sensor infrarrojo detectar\u00e1n a la persona y el torniquete giratorio abrir\u00e1 la puerta autom\u00e1ticamente. Despu\u00e9s de que la persona pase, el infrarrojo o el radar tambi\u00e9n detectar\u00e1n autom\u00e1ticamente, y luego la puerta del torniquete del supermercado se cerrar\u00e1 autom\u00e1ticamente. A veces, para ahorrar costos, solo hay dos columnas. Este tipo de barrera giratoria de supermercado debe cerrarse de acuerdo con el tiempo establecido.<\/p>\n<p>La puerta batiente de supermercado es ampliamente utilizada para el control de acceso de peatones a almacenes de supermercados. La cerca se puede agregar en ambos lados para permitir el libre acceso. Es de tama\u00f1o, lo que puede ahorrar espacio. Tambi\u00e9n se puede utilizar como salida de emergencia. Mairsturnstile le ofrece la mejor calidad de la <a href=\"https:\/\/mairsturnstile.com\/swing-turnstile-gate.html\">puerta gir<\/a> atoria a los precios m\u00e1s baratos en l\u00ednea. El fabricante profesional de torniquetes Mairs ofrece la puerta de barrera de torniquete de puerta abatible de supermercado m\u00e1s barata.<\/p>\n<ul>\n<li>En caso de emergencia, corte la energ\u00eda, el torniquete de acceso se abrir\u00e1 autom\u00e1ticamente para permitir el paso libre que cumple con los requisitos de seguridad contra incendios.<\/li>\n<li>El torniquete de acceso es adecuado para el <a href=\"https:\/\/en.wikipedia.org\/wiki\/Access_control\" target=\"_blank\" rel=\"noopener\">control de acceso<\/a> a los supermercados.<\/li>\n<li>Todo el sistema funciona sin problemas, con poco ruido.<\/li>\n<li>Longitud m\u00e1xima del brazo: 800 mm<\/li>\n<li>Ampliamente utilizado para supermercado<\/li>\n<li>Funci\u00f3n de alarma, si hay una intrusi\u00f3n ilegal o una intrusi\u00f3n inversa, la puerta emitir\u00e1 una alarma y la puerta se bloquear\u00e1.<\/li>\n<li>Si viene con una cerca, se puede agregar el sensor para realizar un acceso libre. El sensor central es para evitar pellizcar a los peatones.<\/li>\n<li>Funci\u00f3n anti-seguimiento, una persona puede pasar a la vez. Si alguien sigue a la gente del frente, la puerta emitir\u00e1 una alarma.<\/li>\n<li>El acceso bidireccional reduce la necesidad de m\u00e1s puertas. Tiene capacidad para silla de ruedas y cochecito de compras, lo que aumenta la eficiencia de paso. Tambi\u00e9n puede funcionar como unidireccional, lo que se ve mucho en el Supermercado para entrada \u00fanica.<\/li>\n<li>Funci\u00f3n de reinicio autom\u00e1tico. Si las personas no pasaron dentro del tiempo preestablecido (el tiempo predeterminado es de 5 segundos), el sistema cancelar\u00e1 la autoridad del usuario y se cerrar\u00e1 autom\u00e1ticamente.<\/li>\n<li>Es un brazo de acero inoxidable. El ancho del carril puede llegar a 1600 mm, que se puede utilizar para el acceso de bicicletas o motocicletas.<\/li>\n<\/ul>\n<p>Podemos proporcionar la soluci\u00f3n completa de control de acceso de seguridad. Si tiene su propio sistema de control de acceso, puede usar directamente nuestra puerta de torniquete. Si no tiene uno, tambi\u00e9n ofrecemos una soluci\u00f3n completa de control de acceso de seguridad. Consulte el video a continuaci\u00f3n para obtener m\u00e1s detalles.<\/p>\n<p><iframe title=\"Puerta batiente peatonal, puerta batiente motorizada, torniquete batiente cil\u00edndrico - MairsTurnstile.com\" src=\"https:\/\/www.youtube.com\/embed\/Z69v4_4BlEA\" width=\"1150\" height=\"650\" frameborder=\"0\" allowfullscreen=\"allowfullscreen\"><\/iframe><\/p>\n","protected":false},"excerpt":{"rendered":"<p>1. Tama\u00f1o: 168*1000 mm (se puede personalizar)<\/p>\n<p>2. Material del brazo: acero inoxidable 304<\/p>\n<p>3. Velocidad de paso: 40 personas\/min.<\/p>\n<p>4. Fuente de alimentaci\u00f3n: 110 V\/220 V 50\/60 Hz<\/p>\n<p>5. Consumo de conducci\u00f3n: 20 W<\/p>\n<p>6. Se\u00f1al de puerta abierta: contacto seco\/rel\u00e9<\/p>\n<p>7. Motor de conducci\u00f3n: 24 V<\/p>\n<p>8. Torniquete de acceso Peso: 30 kg\/pieza<\/p>\n<p>9. Manual uno est\u00e1 disponible<\/p>\n<p><span style=\"color: #0000ff;\"><strong><a style=\"color: #0000ff;\" title=\"Puerta de torniquete abatible con certificaci\u00f3n CE de Mairs\" href=\"http:\/\/mairsturnstile.com\/wp-content\/uploads\/2022\/09\/Mairs-CE-Certificate-Swing-Turnstile-Gate.pdf\" target=\"_blank\" rel=\"noopener noreferrer\">Certificaci\u00f3n CE<\/a>, <a style=\"color: #0000ff;\" title=\"Certificado Mairs ISO9001\" href=\"http:\/\/mairsturnstile.com\/wp-content\/uploads\/2022\/09\/Mairs-Registration-Certificate-ISO9001.pdf\" target=\"_blank\" rel=\"noopener noreferrer\">Certificado ISO 9001.<\/a><\/strong><\/span><\/p>\n<p><a title=\"Folleto de la puerta abatible para supermercados\" href=\"http:\/\/mairsturnstile.com\/wp-content\/uploads\/2023\/12\/MT311-brochure.pdf\" target=\"_blank\" rel=\"noopener noreferrer\" data-wp-editing=\"1\"><img decoding=\"async\" class=\"alignnone size-full wp-image-11034\" src=\"http:\/\/mairsturnstile.com\/wp-content\/uploads\/2022\/09\/pdf-MairsTurnstile.png\" alt=\"\" width=\"32\" height=\"32\"><strong><span style=\"color: #0000ff;\">Folleto de la puerta batiente para supermercado MT311<\/span><\/strong><\/a><\/p>\n","protected":false},"featured_media":57962,"comment_status":"closed","ping_status":"closed","template":"","meta":{"neve_meta_sidebar":"","neve_meta_container":"","neve_meta_enable_content_width":"off","neve_meta_content_width":0,"neve_meta_title_alignment":"","neve_meta_author_avatar":"","neve_post_elements_order":"","neve_meta_disable_header":"","neve_meta_disable_footer":"","neve_meta_disable_title":"","_ti_tpc_template_sync":false,"_ti_tpc_template_id":""},"product_cat":[678,801],"product_tag":[814,806,810,1378],"class_list":["post-10249","product","type-product","status-publish","has-post-thumbnail","hentry","product_cat-puerta-de-torniquete","product_cat-puerta-de-torniquete-abatible","product_tag-puerta-abatible-de-supermercado","product_tag-torniquete-abatible","product_tag-torniquete-de-barrera-abatible","product_tag-torniquete-de-salida"],"_links":{"self":[{"href":"https:\/\/mairsturnstile.com\/es\/wp-json\/wp\/v2\/product\/10249","targetHints":{"allow":["GET"]}}],"collection":[{"href":"https:\/\/mairsturnstile.com\/es\/wp-json\/wp\/v2\/product"}],"about":[{"href":"https:\/\/mairsturnstile.com\/es\/wp-json\/wp\/v2\/types\/product"}],"replies":[{"embeddable":true,"href":"https:\/\/mairsturnstile.com\/es\/wp-json\/wp\/v2\/comments?post=10249"}],"version-history":[{"count":0,"href":"https:\/\/mairsturnstile.com\/es\/wp-json\/wp\/v2\/product\/10249\/revisions"}],"wp:featuredmedia":[{"embeddable":true,"href":"https:\/\/mairsturnstile.com\/es\/wp-json\/wp\/v2\/media\/57962"}],"wp:attachment":[{"href":"https:\/\/mairsturnstile.com\/es\/wp-json\/wp\/v2\/media?parent=10249"}],"wp:term":[{"taxonomy":"product_cat","embeddable":true,"href":"https:\/\/mairsturnstile.com\/es\/wp-json\/wp\/v2\/product_cat?post=10249"},{"taxonomy":"product_tag","embeddable":true,"href":"https:\/\/mairsturnstile.com\/es\/wp-json\/wp\/v2\/product_tag?post=10249"}],"curies":[{"name":"wp","href":"https:\/\/api.w.org\/{rel}","templated":true}]}}