{"id":10250,"date":"2020-09-13T17:14:29","date_gmt":"2020-09-13T09:14:29","guid":{"rendered":"https:\/\/mairsturnstile.com\/product\/puerta-abatible-para-peatones-servomotor-mt310"},"modified":"2025-04-07T18:14:27","modified_gmt":"2025-04-07T10:14:27","slug":"puerta-batiente-para-peatones","status":"publish","type":"product","link":"https:\/\/mairsturnstile.com\/es\/producto\/puerta-batiente-para-peatones","title":{"rendered":"PUERTA ABATIBLE PARA PEATONES SERVOMOTOR MT310"},"content":{"rendered":"        <!-- 3D Model html -->\r\n        <div class=\"bp_grand wrapper_25053\">   \r\n        <div class=\"bp_model_parent\">\r\n            <model-viewer class=\"model\" id=\"bp_model_id_25053\" src=\"http:\/\/mairsturnstile.com\/wp-content\/uploads\/2024\/05\/MT310-B-\u706f\u5e26\u52a0\u9ad8\u52a0\u4eba\u8138.glb\" alt=\"MT310-B \u706f\u5e26\u52a0\u9ad8\u52a0\u4eba\u8138\" camera-controls  loading=\"auto\" auto-rotate                        >\r\n            <\/model-viewer>\r\n        \r\n            <!-- Button -->\r\n            <svg id=\"openBtn\" width=\"30px\" height=\"30px\" viewBox=\"0 0 16 16\" xmlns=\"http:\/\/www.w3.org\/2000\/svg\" fill=\"#f2f2f2\" class=\"bi bi-arrows-fullscreen model-icon\">\r\n                <path fill-rule=\"evenodd\" d=\"M5.828 10.172a.5.5 0 0 0-.707 0l-4.096 4.096V11.5a.5.5 0 0 0-1 0v3.975a.5.5 0 0 0 .5.5H4.5a.5.5 0 0 0 0-1H1.732l4.096-4.096a.5.5 0 0 0 0-.707zm4.344 0a.5.5 0 0 1 .707 0l4.096 4.096V11.5a.5.5 0 1 1 1 0v3.975a.5.5 0 0 1-.5.5H11.5a.5.5 0 0 1 0-1h2.768l-4.096-4.096a.5.5 0 0 1 0-.707zm0-4.344a.5.5 0 0 0 .707 0l4.096-4.096V4.5a.5.5 0 1 0 1 0V.525a.5.5 0 0 0-.5-.5H11.5a.5.5 0 0 0 0 1h2.768l-4.096 4.096a.5.5 0 0 0 0 .707zm-4.344 0a.5.5 0 0 1-.707 0L1.025 1.732V4.5a.5.5 0 0 1-1 0V.525a.5.5 0 0 1 .5-.5H4.5a.5.5 0 0 1 0 1H1.732l4.096 4.096a.5.5 0 0 1 0 .707z\"\/>\r\n            <\/svg>\r\n        \r\n            <svg id=\"closeBtn\" class=\"model-icon\" width=\"34px\" height=\"34px\" viewBox=\"0 0 24 24\" xmlns=\"http:\/\/www.w3.org\/2000\/svg\">\r\n                <path fill=\"none\" stroke=\"#f2f2f2\" stroke-width=\"2\" d=\"M7,7 L17,17 M7,17 L17,7\"\/>\r\n            <\/svg>\r\n        \r\n        <\/div>\r\n        <\/div> \r\n\r\n        <!-- Model Viewer Style -->\r\n        <style>\r\n            \r\n            .wrapper_25053 .bp_model_parent, #bp_model_id_25053 {\r\n                width: 1150px;\r\n                max-width: 100%;\r\n                                            }\r\n            #bp_model_id_25053 {\r\n                height:700px;\r\n                background-color: #f9f9f9;\r\n            }\r\n            .fullscreen #bp_model_id_25053{\r\n            height: 100%;\r\n            width: 100%;\r\n            }\r\n            .wrapper_25053 .bp_model_parent{\r\n                justify-content: start            }\r\n            model-viewer.model {\r\n                --poster-color: transparent;\r\n            }\r\n        <\/style>\r\n        \r\n        \n<h4>Las compuertas de velocidad de cilindro con servomotor MT310 tienen una garant\u00eda de 2 a\u00f1os y un soporte duradero de mantenimiento y reparaci\u00f3n.<\/h4>\n<p>Podemos proporcionar servicios de OEM y ODM. Tambi\u00e9n podemos personalizar estas puertas de torniquete de salida seg\u00fan sus requisitos. Por ejemplo, podemos personalizar el ancho del canal especial. Tambi\u00e9n proporcionamos dispositivos biom\u00e9tricos, como lectores de tarjetas IC\/ID, esc\u00e1neres de huellas dactilares, esc\u00e1neres de c\u00f3digos QR, c\u00e1maras de reconocimiento facial, etc. Si necesita integrar estos dispositivos en la puerta de torniquete de altura completa o tiene alguna pregunta, <a href=\"https:\/\/mairsturnstile.com\/contact\" target=\"_blank\" rel=\"noopener\">cont\u00e1ctenos<\/a><\/p>\n<p><strong><b>Las puertas de velocidad cil\u00edndricas son un tipo de puerta giratoria de velocidad peque\u00f1a y exquisitamente dise\u00f1ada que suele utilizarse en pasos de emergencia o para discapacitados.<\/b><\/strong><strong> En algunos lugares, hay un alto flujo de tr\u00e1fico. Para evitar bloqueos de tr\u00e1fico, puede configurar el carril de entrada y el carril de salida por separado. Por lo tanto, este torniquete de puerta batiente para peatones puede funcionar en una sola direcci\u00f3n. Tambi\u00e9n se puede utilizar para sillas de ruedas para discapacitados y control de acceso para peatones discapacitados.<\/strong><\/p>\n<p>Las puertas de velocidad cil\u00edndrica SERVO MOTOR son torniquetes de puerta de velocidad peatonal muy populares. Muchos clientes les gusta mucho y es ampliamente utilizado, debido a su aspecto hermoso, simple, generoso, y el rendimiento de super alto costo. Las puertas peatonales de velocidad cil\u00edndrica utilizan un servomotor \u00fanico, que puede dar pleno juego a su rendimiento.   Tambi\u00e9n podemos personalizar estas puertas de torniquete de salida de acuerdo con los requisitos de los clientes. Por ejemplo, podemos personalizar el ancho del canal especial. Estas hermosas puertas de torniquete electr\u00f3nico de Mairs se pueden usar principalmente en supermercados, almacenes, vest\u00edbulos de edificios y otros lugares de edificios de oficinas.<\/p>\n<p>Los <a href=\"https:\/\/mairsturnstile.com\/category\/security-turnstiles\/\" target=\"_blank\" rel=\"noopener\">torniquetes de seguridad<\/a> de los fabricantes de torniquetes -Mairs son un producto ideal para la gesti\u00f3n del acceso peatonal. La puerta de velocidad cil\u00edndrica ofrece una v\u00eda r\u00e1pida a los pasajeros, especialmente a los que llevan equipaje y a los discapacitados. Se utiliza principalmente en edificios residenciales de alta gama, tiendas, supermercados, almacenes, etc. Al estar equipada con un servomotor, la longitud del brazo de la puerta r\u00e1pida cil\u00edndrica es mucho mayor que la de otras puertas r\u00e1pidas.<\/p>\n<p>Tambi\u00e9n podemos crear una representaci\u00f3n para usted en unos minutos en funci\u00f3n de su escenario real. Tambi\u00e9n proporcionamos dise\u00f1os y dibujos detallados, as\u00ed como dibujos de instalaci\u00f3n.<\/p>\n\n        \t\n\t<style type=\"text\/css\">\n\t\t.slider-info-25609.bafg-slider-info .bafg-slider-title {\n\t\t\t\t\t\tfont-size: 22px;\n\t\t\t\t\t\t\n\t\t\t\n\t\t\t\t\t}\n\n\t\t.slider-info-25609.bafg-slider-info .bafg-slider-description {\n\t\t\t\n\t\t\t\n\t\t\t\t\t}\n\n\t\t.slider-info-25609.bafg-slider-info .bafg_slider_readmore_button {\n\t\t\t\n\t\t\t\n\t\t\t\n\t\t\t\n\t\t\t\n\t\t\ttext-align: center;\n\n\t\t\t\n\t\t\t\n\t\t\t\n\t\t\t\n\t\t\t\n\t\t\t\n\t\t\t\t\t}\n\n\t\t.slider-info-25609.bafg-slider-info .bafg_slider_readmore_button:hover {\n\n\t\t\t\n\t\t\t\n\t\t\t\t\t}\n\n\t<\/style>\n\t\n        <div class=\"bafg-twentytwenty-container slider-25609 \" bafg-orientation=\"horizontal\" bafg-default-offset=\"0.5\" bafg-before-label=\"Before\" bafg-after-label=\"After\" bafg-overlay=\"yes\" bafg-move-slider-on-hover=\"yes\" bafg-click-to-move=\"no\">\n              \n            <img decoding=\"async\" class=\"skip-lazy\" src=\"http:\/\/mairsturnstile.com\/wp-content\/uploads\/2023\/07\/pedestrian-swing-gate_4.jpg\" alt=\"\" data-skip-lazy title=\"\">\n            <img decoding=\"async\" class=\"skip-lazy\" src=\"http:\/\/mairsturnstile.com\/wp-content\/uploads\/2023\/07\/pedestrian-swing-gate_5.jpg\" alt=\"\" data-skip-lazy title=\"\">\n           \n        <\/div>\n\n        \t<div class=\"bafg-slider-info-wraper\">\n\t\t<div style=\"\" class=\"slider-info-25609 bafg-slider-info\">\n\t\t\t\t\t<\/div>\n\t<\/div>\n\t\n        <style type=\"text\/css\">\n            \n        <\/style>\n        \n<p>Estas puertas peatonales de velocidad cil\u00edndrica son una puerta giratoria popular, que se utiliza principalmente en supermercados, almacenes, pasajes peatonales, vest\u00edbulos de edificios, oficinas y otros lugares. Acerca del video muestra principalmente dos tipos diferentes de puertas de barrera batientes para peatones personalizadas, que se reflejan principalmente en el tama\u00f1o y el brazo oscilante de este torniquete oscilante. Se puede ver que los brazos oscilantes de los dos productos son diferentes, que pueden ser en forma de varillas de acr\u00edlico o de bloqueo de metal.<\/p>\n<p>Muchos de nuestros clientes tambi\u00e9n informaron de que esta puerta de velocidad cil\u00edndrica es duradera, hermosa y rentable. Si necesita personalizar una puerta batiente para peatones similar, no dude en contactarnos. Si desea comprobar este torniquete oscilante con varillas de bloqueo acr\u00edlicas, consulte el siguiente v\u00eddeo:<\/p>\n<ul>\n<li>En caso de emergencia, por favor corte la corriente, las compuertas cil\u00edndricas se abrir\u00e1n autom\u00e1ticamente para permitir el paso libre que cumple con los requisitos de seguridad contra incendios.<\/li>\n<li>El <a href=\"https:\/\/en.wikipedia.org\/wiki\/Optical_turnstile\" target=\"_blank\" rel=\"noopener\">torniquete \u00f3ptico<\/a> se utiliza ampliamente para las salidas de emergencia.<\/li>\n<li>Todo el sistema funciona sin problemas, con poco ruido.<\/li>\n<li>Viene con un servomotor de alta potencia que funciona sin problemas y con un alto rendimiento.<\/li>\n<li>El brazo de la puerta de velocidad cil\u00edndrica puede ser de cristal templado de 500 mm o de acr\u00edlico de 800 mm.<\/li>\n<li>Las luces LED en los brazos est\u00e1n disponibles cuando se usa el brazo acr\u00edlico.<\/li>\n<li>Se\u00f1al de apertura de las compuertas de velocidad del cilindro: Contacto seco\/ Rel\u00e9<\/li>\n<li>El dise\u00f1o es peque\u00f1o y exquisito y se usa mucho en vest\u00edbulos de edificios de oficinas.<\/li>\n<li>La luz LED se puede agregar al brazo para indicar el estado del carril.<\/li>\n<li>El acceso bidireccional reduce la necesidad de m\u00e1s puertas. Tiene capacidad para silla de ruedas y cochecito de compras, lo que aumenta la eficiencia de paso.<\/li>\n<li>Funci\u00f3n de reinicio autom\u00e1tico. Si las personas no pasaron dentro del tiempo preestablecido (el tiempo predeterminado es de 5 segundos), el sistema cancelar\u00e1 la autoridad del usuario y se cerrar\u00e1 autom\u00e1ticamente.<\/li>\n<\/ul>\n<p>Podemos proporcionar la soluci\u00f3n completa de control de acceso de seguridad. Si tiene su propio sistema de control de acceso, puede usar directamente nuestra puerta de torniquete. Si no tiene uno, tambi\u00e9n ofrecemos una soluci\u00f3n completa de control de acceso de seguridad. Consulte el video a continuaci\u00f3n para obtener m\u00e1s detalles.<\/p>\n<p><iframe title=\"reproductor de videos de youtube\" src=\"https:\/\/www.youtube.com\/embed\/Z69v4_4BlEA?si=IwoZ07dF4lXe-bmN\" width=\"1150\" height=\"650\" frameborder=\"0\" allowfullscreen=\"allowfullscreen\"><span data-mce-type=\"bookmark\" style=\"display: inline-block; width: 0px; overflow: hidden; line-height: 0;\" class=\"mce_SELRES_start\"><\/span><\/iframe><\/p>\n","protected":false},"excerpt":{"rendered":"<p>1. Tama\u00f1o: 168 * 1000 mm (se puede personalizar)<\/p>\n<p>2. Ancho de carril est\u00e1ndar: 600 mm (se puede personalizar)<\/p>\n<p>3. Servomotor<\/p>\n<p>4. Fuente de alimentaci\u00f3n: 110 V\/220 V 50\/60 Hz<\/p>\n<p>5. Material de los brazos: Acr\u00edlico o vidrio templado<\/p>\n<p>6. Longitud del brazo: Acr\u00edlico-800 mm o vidrio templado-500 mm<\/p>\n<p>7. Motor de conducci\u00f3n: 24 V<\/p>\n<p>8. Puertas de entrada con torniquete Peso: 30 kg\/unidad<\/p>\n<p>9. Material de la carcasa: acero inoxidable 304<\/p>\n<p><span style=\"color: #0000ff;\"><strong><a style=\"color: #0000ff;\" title=\"Puerta batiente para peatones con certificaci\u00f3n CE de Mairs\" href=\"http:\/\/mairsturnstile.com\/wp-content\/uploads\/2022\/09\/Mairs-CE-Certificate-MT310.pdf\" target=\"_blank\" rel=\"noopener noreferrer\">Certificaci\u00f3n CE<\/a>, <a style=\"color: #0000ff;\" title=\"Certificado Mairs ISO9001\" href=\"http:\/\/mairsturnstile.com\/wp-content\/uploads\/2022\/09\/Mairs-Registration-Certificate-ISO9001.pdf\" target=\"_blank\" rel=\"noopener noreferrer\">Certificado ISO 9001.<\/a><\/strong><\/span><\/p>\n<p><a title=\"Puerta batiente para peatones con servomotor\" href=\"http:\/\/mairsturnstile.com\/wp-content\/uploads\/2023\/12\/MT310-brochure.pdf\" target=\"_blank\" rel=\"noopener noreferrer\" data-wp-editing=\"1\"><img decoding=\"async\" class=\"alignnone size-full wp-image-11034\" src=\"http:\/\/mairsturnstile.com\/wp-content\/uploads\/2022\/09\/pdf-MairsTurnstile.png\" alt=\"\" width=\"32\" height=\"32\"><strong><span style=\"color: #0000ff;\">Folleto de puerta batiente para peatones con servomotor MT310<\/span><\/strong><\/a><\/p>\n","protected":false},"featured_media":58083,"comment_status":"closed","ping_status":"closed","template":"","meta":{"neve_meta_sidebar":"","neve_meta_container":"","neve_meta_enable_content_width":"off","neve_meta_content_width":0,"neve_meta_title_alignment":"","neve_meta_author_avatar":"","neve_post_elements_order":"","neve_meta_disable_header":"","neve_meta_disable_footer":"","neve_meta_disable_title":"","_ti_tpc_template_sync":false,"_ti_tpc_template_id":""},"product_cat":[678,801],"product_tag":[3285,3284,815,812,1581,1580,806,1378,802],"class_list":["post-10250","product","type-product","status-publish","has-post-thumbnail","hentry","product_cat-puerta-de-torniquete","product_cat-puerta-de-torniquete-abatible","product_tag-compuerta-de-velocidad-cilindrica","product_tag-compuertas-cilindricas-de-velocidad","product_tag-puerta-batiente-peatonal","product_tag-puerta-de-torniquete-abatible","product_tag-puerta-de-torniquete-optico","product_tag-puerta-giratoria","product_tag-torniquete-abatible","product_tag-torniquete-de-salida","product_tag-torniquete-optico"],"_links":{"self":[{"href":"https:\/\/mairsturnstile.com\/es\/wp-json\/wp\/v2\/product\/10250","targetHints":{"allow":["GET"]}}],"collection":[{"href":"https:\/\/mairsturnstile.com\/es\/wp-json\/wp\/v2\/product"}],"about":[{"href":"https:\/\/mairsturnstile.com\/es\/wp-json\/wp\/v2\/types\/product"}],"replies":[{"embeddable":true,"href":"https:\/\/mairsturnstile.com\/es\/wp-json\/wp\/v2\/comments?post=10250"}],"version-history":[{"count":0,"href":"https:\/\/mairsturnstile.com\/es\/wp-json\/wp\/v2\/product\/10250\/revisions"}],"wp:featuredmedia":[{"embeddable":true,"href":"https:\/\/mairsturnstile.com\/es\/wp-json\/wp\/v2\/media\/58083"}],"wp:attachment":[{"href":"https:\/\/mairsturnstile.com\/es\/wp-json\/wp\/v2\/media?parent=10250"}],"wp:term":[{"taxonomy":"product_cat","embeddable":true,"href":"https:\/\/mairsturnstile.com\/es\/wp-json\/wp\/v2\/product_cat?post=10250"},{"taxonomy":"product_tag","embeddable":true,"href":"https:\/\/mairsturnstile.com\/es\/wp-json\/wp\/v2\/product_tag?post=10250"}],"curies":[{"name":"wp","href":"https:\/\/api.w.org\/{rel}","templated":true}]}}