{"id":10251,"date":"2020-09-13T17:13:02","date_gmt":"2020-09-13T09:13:02","guid":{"rendered":"https:\/\/mairsturnstile.com\/product\/torniquetes-de-entrada-barrera-giratoria-torniquete-mt321"},"modified":"2024-11-01T11:51:16","modified_gmt":"2024-11-01T03:51:16","slug":"torniquetes-de-entrada","status":"publish","type":"product","link":"https:\/\/mairsturnstile.com\/es\/producto\/torniquetes-de-entrada","title":{"rendered":"TORNIQUES DE ENTRADA TORNIQUES DE BARRERA OSCILANTE MT340"},"content":{"rendered":"        <!-- 3D Model html -->\r\n        <div class=\"bp_grand wrapper_23468\">   \r\n        <div class=\"bp_model_parent\">\r\n            <model-viewer class=\"model\" id=\"bp_model_id_23468\" src=\"http:\/\/mairsturnstile.com\/wp-content\/uploads\/2023\/06\/MT324.glb\" alt=\"MT324\" camera-controls  loading=\"auto\" auto-rotate                        >\r\n            <\/model-viewer>\r\n        \r\n            <!-- Button -->\r\n            <svg id=\"openBtn\" width=\"30px\" height=\"30px\" viewBox=\"0 0 16 16\" xmlns=\"http:\/\/www.w3.org\/2000\/svg\" fill=\"#f2f2f2\" class=\"bi bi-arrows-fullscreen model-icon\">\r\n                <path fill-rule=\"evenodd\" d=\"M5.828 10.172a.5.5 0 0 0-.707 0l-4.096 4.096V11.5a.5.5 0 0 0-1 0v3.975a.5.5 0 0 0 .5.5H4.5a.5.5 0 0 0 0-1H1.732l4.096-4.096a.5.5 0 0 0 0-.707zm4.344 0a.5.5 0 0 1 .707 0l4.096 4.096V11.5a.5.5 0 1 1 1 0v3.975a.5.5 0 0 1-.5.5H11.5a.5.5 0 0 1 0-1h2.768l-4.096-4.096a.5.5 0 0 1 0-.707zm0-4.344a.5.5 0 0 0 .707 0l4.096-4.096V4.5a.5.5 0 1 0 1 0V.525a.5.5 0 0 0-.5-.5H11.5a.5.5 0 0 0 0 1h2.768l-4.096 4.096a.5.5 0 0 0 0 .707zm-4.344 0a.5.5 0 0 1-.707 0L1.025 1.732V4.5a.5.5 0 0 1-1 0V.525a.5.5 0 0 1 .5-.5H4.5a.5.5 0 0 1 0 1H1.732l4.096 4.096a.5.5 0 0 1 0 .707z\"\/>\r\n            <\/svg>\r\n        \r\n            <svg id=\"closeBtn\" class=\"model-icon\" width=\"34px\" height=\"34px\" viewBox=\"0 0 24 24\" xmlns=\"http:\/\/www.w3.org\/2000\/svg\">\r\n                <path fill=\"none\" stroke=\"#f2f2f2\" stroke-width=\"2\" d=\"M7,7 L17,17 M7,17 L17,7\"\/>\r\n            <\/svg>\r\n        \r\n        <\/div>\r\n        <\/div> \r\n\r\n        <!-- Model Viewer Style -->\r\n        <style>\r\n            \r\n            .wrapper_23468 .bp_model_parent, #bp_model_id_23468 {\r\n                width: 1150px;\r\n                max-width: 100%;\r\n                                            }\r\n            #bp_model_id_23468 {\r\n                height:700px;\r\n                background-color: #f2f2f2;\r\n            }\r\n            .fullscreen #bp_model_id_23468{\r\n            height: 100%;\r\n            width: 100%;\r\n            }\r\n            .wrapper_23468 .bp_model_parent{\r\n                justify-content: start            }\r\n            model-viewer.model {\r\n                --poster-color: transparent;\r\n            }\r\n        <\/style>\r\n        \r\n        \n<h2>LA PUERTA DEL TORNIQUETE DE LA BARRERA GIRATORIA DE LOS TORNIQUETES DE ENTRADA tiene una garant\u00eda de 2 a\u00f1os y soporte duradero de mantenimiento y reparaci\u00f3n.<\/h2>\n<p>Podemos proporcionar servicios de OEM y ODM. Contamos con dise\u00f1adores experimentados que pueden completar una personalizaci\u00f3n profunda de acuerdo con cualquiera de sus necesidades. Proporcionaremos una serie de materiales como representaciones 3D, dibujos dimensionales, etc. tan pronto como sea posible. Tambi\u00e9n proporcionamos dispositivos biom\u00e9tricos, como lectores de tarjetas IC\/ID, esc\u00e1neres de huellas dactilares, esc\u00e1neres de c\u00f3digos QR, c\u00e1maras de reconocimiento facial, etc.<\/p>\n<p style=\"font-weight: 400;\">Como torniquetes de <span style=\"font-style: inherit; font-weight: inherit;\">entrada de alto rendimiento<\/span> <span style=\"font-style: inherit; font-weight: inherit;\">puerta de torniquete de barrera abatible, la puerta de torniquete de entrada se puede utilizar en muchos lugares en virtud de sus muchas ventajas. Edificios de oficinas, bibliotecas, aeropuertos, etc., que pueden proteger eficazmente la seguridad para el control de acceso.<\/span><\/p>\n<p style=\"font-weight: 400;\"><span style=\"font-weight: 400;\">Los torniquetes de entrada son un atractivo torniquete de barrera oscilante que es f\u00e1cilmente capaz de manejar grandes vol\u00famenes y condiciones abusivas. Se aplica ampliamente a las estaciones de autobuses, puertos, barrios, hoteles, clubes y empresas que quieren llevar a cabo una gesti\u00f3n inteligente en el paso. <a href=\"https:\/\/mairsturnstile.com\/\">Mairsturnstile<\/a> ofrece la mejor calidad de torniquetes de entrada barrera giratoria puerta para la venta. <\/span><\/p>\n<p>Tambi\u00e9n podemos crear una representaci\u00f3n para usted en unos minutos en funci\u00f3n de su escenario real. Tambi\u00e9n proporcionamos dise\u00f1os y planos detallados, as\u00ed como planos de instalaci\u00f3n.<\/p>\n\n        \t\n\t<style type=\"text\/css\">\n\t\t.slider-info-23491.bafg-slider-info .bafg-slider-title {\n\t\t\t\t\t\tfont-size: 22px;\n\t\t\t\t\t\t\n\t\t\t\n\t\t\t\t\t}\n\n\t\t.slider-info-23491.bafg-slider-info .bafg-slider-description {\n\t\t\t\n\t\t\t\n\t\t\t\t\t}\n\n\t\t.slider-info-23491.bafg-slider-info .bafg_slider_readmore_button {\n\t\t\t\n\t\t\t\n\t\t\t\n\t\t\t\n\t\t\t\n\t\t\ttext-align: center;\n\n\t\t\t\n\t\t\t\n\t\t\t\n\t\t\t\n\t\t\t\n\t\t\t\n\t\t\t\t\t}\n\n\t\t.slider-info-23491.bafg-slider-info .bafg_slider_readmore_button:hover {\n\n\t\t\t\n\t\t\t\n\t\t\t\t\t}\n\n\t<\/style>\n\t\n        <div class=\"bafg-twentytwenty-container slider-23491 \" bafg-orientation=\"horizontal\" bafg-default-offset=\"0.5\" bafg-before-label=\"Before\" bafg-after-label=\"After\" bafg-overlay=\"yes\" bafg-move-slider-on-hover=\"yes\" bafg-click-to-move=\"no\">\n              \n            <img decoding=\"async\" class=\"skip-lazy\" src=\"http:\/\/mairsturnstile.com\/wp-content\/uploads\/2023\/06\/entry-turnstiles_7.jpg\" alt=\"\" data-skip-lazy title=\"\">\n            <img decoding=\"async\" class=\"skip-lazy\" src=\"http:\/\/mairsturnstile.com\/wp-content\/uploads\/2023\/06\/entry-turnstiles_8.jpg\" alt=\"\" data-skip-lazy title=\"\">\n           \n        <\/div>\n\n        \t<div class=\"bafg-slider-info-wraper\">\n\t\t<div style=\"\" class=\"slider-info-23491 bafg-slider-info\">\n\t\t\t\t\t<\/div>\n\t<\/div>\n\t\n        <style type=\"text\/css\">\n            \n        <\/style>\n        \n<ul>\n<li>Los torniquetes de entrada son una puerta de alta velocidad, una puerta de torniquete oscilante, que generalmente se aplica en la ubicaci\u00f3n con alto flujo de tr\u00e1fico en funcionamiento bidireccional.<\/li>\n<li>El chasis est\u00e1 fabricado <a href=\"https:\/\/en.wikipedia.org\/wiki\/Stainless_steel\" target=\"_blank\" rel=\"noopener\">en acero inoxidable<\/a> 304 de textura fina, lo que crea un punto de acceso elegante y sin fisuras que se adapta a la mayor\u00eda de los entornos interiores.<\/li>\n<li>Esta puerta de barrera batiente de torniquetes de entrada viene con el est\u00e1ndar internacional RS485 y rel\u00e9s, lo que la hace ampliamente compatible con todo el software existente en la industria y casi todo el control de acceso, como sistemas RFID, sistemas de c\u00f3digos de barras, sistemas de reconocimiento facial y sistemas de huellas dactilares, etc.<\/li>\n<li>En caso de emergencia, corte la alimentaci\u00f3n y el torniquete \u00f3ptico se abrir\u00e1 autom\u00e1ticamente para permitir el paso libre que cumple con los requisitos de seguridad contra incendios. Pero tiene que venir con una bater\u00eda. En cuanto a la exportaci\u00f3n, la bater\u00eda es sensible, podemos usar el condensador para reemplazar<\/li>\n<li>Los torniquetes de entrada \u00f3pticos son adecuados para soluciones de entrada de lujo y de alta gama.<\/li>\n<li>Todo el sistema funciona sin problemas, con poco ruido y alta velocidad.<\/li>\n<li>Material de la carcasa: acero inoxidable 304<\/li>\n<li>El tama\u00f1o y el grosor del material se pueden personalizar<\/li>\n<li>Funci\u00f3n de alarma, si hay una intrusi\u00f3n ilegal e intrusi\u00f3n inversa, la puerta emitir\u00e1 una alarma y la puerta se bloquear\u00e1.<\/li>\n<li>Hay un total de 5 pares de sensores infrarrojos. Los sensores centrales son para evitar pellizcar a los peatones.<\/li>\n<li>Funci\u00f3n anti-seguimiento, una persona puede pasar a la vez. Si alguien sigue a la gente del frente, la puerta emitir\u00e1 una alarma.<\/li>\n<li>Indicador LED. Cruz roja y flecha verde. Tambi\u00e9n hay indicadores LED en el poste frontal. La luz LED se puede agregar a los brazos.<\/li>\n<li>El acceso bidireccional reduce la necesidad de m\u00e1s puertas. Se acomoda para silla de ruedas, el cochecito de compras aumenta la eficiencia de paso.<\/li>\n<li>Funci\u00f3n de reinicio autom\u00e1tico. Si las personas pasaron dentro del tiempo preestablecido (el tiempo predeterminado es de 5 segundos), el sistema cancelar\u00e1 la autoridad del usuario y se cerrar\u00e1 autom\u00e1ticamente.<\/li>\n<li>Anti-bump, Anti clamp, Las puertas vienen sin escobillas Durante la operaci\u00f3n, si alguien golpea el brazo, la puerta se restablecer\u00e1 autom\u00e1ticamente. Esta funci\u00f3n evita de forma efectiva que los peatones, especialmente los ni\u00f1os, golpeen, pisen, golpeen, etc.<\/li>\n<\/ul>\n<p>Podemos proporcionar la soluci\u00f3n completa de control de acceso de seguridad. Si tiene su propio sistema de control de acceso, puede usar directamente nuestra puerta de torniquete. Si no tiene uno, tambi\u00e9n ofrecemos una soluci\u00f3n completa de control de acceso de seguridad. Consulte el video a continuaci\u00f3n para obtener m\u00e1s detalles.<\/p>\n<p><iframe title=\"Torniquete oscilante \u00f3ptico, Torniquete de barrera oscilante, Torniquete oscilante - MairsTurnstile\" src=\"https:\/\/www.youtube.com\/embed\/hdoBSoM85u4\" width=\"1150\" height=\"650\" frameborder=\"0\" allowfullscreen=\"allowfullscreen\"><\/iframe><\/p>\n","protected":false},"excerpt":{"rendered":"<p>1. Tama\u00f1o: 1500*160*1000 mm (se puede personalizar)<\/p>\n<p>2. Ancho de carril: 600 mm (est\u00e1ndar) 900 mm (discapacitados)<\/p>\n<p>3. Material del brazo: acero inoxidable 304<\/p>\n<p>4. Velocidad de paso: 40 personas\/min.<\/p>\n<p>5. Fuente de alimentaci\u00f3n: 110 V\/220 V 50\/60 Hz<\/p>\n<p>6. Motor CC: 20 W<\/p>\n<p>7. Se\u00f1al de puerta abierta: contacto seco\/rel\u00e9<\/p>\n<p>8. Torniquetes \u00f3pticos Motor de accionamiento: 24 V<\/p>\n<p>9. Ancho m\u00e1ximo de carril: 1600 mm<\/p>\n<p><strong><a title=\"Puerta de torniquete abatible con certificaci\u00f3n CE de Mairs\" href=\"http:\/\/mairsturnstile.com\/wp-content\/uploads\/2022\/09\/Mairs-CE-Certificate-Swing-Turnstile-Gate.pdf\" target=\"_blank\" rel=\"noopener noreferrer\">Certificaci\u00f3n CE<\/a>, <a title=\"Certificado Mairs ISO9001\" href=\"http:\/\/mairsturnstile.com\/wp-content\/uploads\/2022\/09\/Mairs-Registration-Certificate-ISO9001.pdf\" target=\"_blank\" rel=\"noopener noreferrer\">Certificado ISO 9001.<\/a><\/strong><\/p>\n<p><a title=\"Folleto de torniquetes de entrada batientes\" href=\"http:\/\/mairsturnstile.com\/wp-content\/uploads\/2023\/12\/MT340-brochure.pdf%20target=\" rel=\"noopener noreferrer\" data-wp-editing=\"1\"><img decoding=\"async\" class=\"alignnone size-full wp-image-11034\" src=\"http:\/\/mairsturnstile.com\/wp-content\/uploads\/2022\/09\/pdf-MairsTurnstile.png\" alt=\"\" width=\"32\" height=\"32\"><strong><span style=\"color: #0000ff;\">Folleto de los torniquetes de entrada batientes MT340<\/span><\/strong><\/a><\/p>\n","protected":false},"featured_media":22604,"comment_status":"closed","ping_status":"closed","template":"","meta":{"neve_meta_sidebar":"","neve_meta_container":"","neve_meta_enable_content_width":"off","neve_meta_content_width":0,"neve_meta_title_alignment":"","neve_meta_author_avatar":"","neve_post_elements_order":"","neve_meta_disable_header":"","neve_meta_disable_footer":"","neve_meta_disable_title":"","_ti_tpc_template_sync":false,"_ti_tpc_template_id":""},"product_cat":[678,801],"product_tag":[817,812,1378,1585,825,816],"class_list":["post-10251","product","type-product","status-publish","has-post-thumbnail","hentry","product_cat-puerta-de-torniquete","product_cat-puerta-de-torniquete-abatible","product_tag-entrada-de-torniquete","product_tag-puerta-de-torniquete-abatible","product_tag-torniquete-de-salida","product_tag-torniquetes-al-aire-libre","product_tag-torniquetes-baratos","product_tag-torniquetes-de-entrada"],"_links":{"self":[{"href":"https:\/\/mairsturnstile.com\/es\/wp-json\/wp\/v2\/product\/10251","targetHints":{"allow":["GET"]}}],"collection":[{"href":"https:\/\/mairsturnstile.com\/es\/wp-json\/wp\/v2\/product"}],"about":[{"href":"https:\/\/mairsturnstile.com\/es\/wp-json\/wp\/v2\/types\/product"}],"replies":[{"embeddable":true,"href":"https:\/\/mairsturnstile.com\/es\/wp-json\/wp\/v2\/comments?post=10251"}],"version-history":[{"count":0,"href":"https:\/\/mairsturnstile.com\/es\/wp-json\/wp\/v2\/product\/10251\/revisions"}],"wp:featuredmedia":[{"embeddable":true,"href":"https:\/\/mairsturnstile.com\/es\/wp-json\/wp\/v2\/media\/22604"}],"wp:attachment":[{"href":"https:\/\/mairsturnstile.com\/es\/wp-json\/wp\/v2\/media?parent=10251"}],"wp:term":[{"taxonomy":"product_cat","embeddable":true,"href":"https:\/\/mairsturnstile.com\/es\/wp-json\/wp\/v2\/product_cat?post=10251"},{"taxonomy":"product_tag","embeddable":true,"href":"https:\/\/mairsturnstile.com\/es\/wp-json\/wp\/v2\/product_tag?post=10251"}],"curies":[{"name":"wp","href":"https:\/\/api.w.org\/{rel}","templated":true}]}}