{"id":10257,"date":"2020-09-13T17:00:56","date_gmt":"2020-09-13T09:00:56","guid":{"rendered":"https:\/\/mairsturnstile.com\/product\/torniquete-para-puertas-rapidas-con-reconocimiento-facial-mt357"},"modified":"2023-11-01T10:55:22","modified_gmt":"2023-11-01T02:55:22","slug":"torniquete-puerta-lista-de-precios","status":"publish","type":"product","link":"https:\/\/mairsturnstile.com\/es\/producto\/torniquete-puerta-lista-de-precios","title":{"rendered":"TORNIQUETE PARA PUERTAS R\u00c1PIDAS CON RECONOCIMIENTO FACIAL MT357"},"content":{"rendered":"        <!-- 3D Model html -->\r\n        <div class=\"bp_grand wrapper_24275\">   \r\n        <div class=\"bp_model_parent\">\r\n            <model-viewer class=\"model\" id=\"bp_model_id_24275\" src=\"http:\/\/mairsturnstile.com\/wp-content\/uploads\/2023\/06\/MT366.glb\" alt=\"MT366\" camera-controls  loading=\"auto\" auto-rotate                        >\r\n            <\/model-viewer>\r\n        \r\n            <!-- Button -->\r\n            <svg id=\"openBtn\" width=\"30px\" height=\"30px\" viewBox=\"0 0 16 16\" xmlns=\"http:\/\/www.w3.org\/2000\/svg\" fill=\"#f2f2f2\" class=\"bi bi-arrows-fullscreen model-icon\">\r\n                <path fill-rule=\"evenodd\" d=\"M5.828 10.172a.5.5 0 0 0-.707 0l-4.096 4.096V11.5a.5.5 0 0 0-1 0v3.975a.5.5 0 0 0 .5.5H4.5a.5.5 0 0 0 0-1H1.732l4.096-4.096a.5.5 0 0 0 0-.707zm4.344 0a.5.5 0 0 1 .707 0l4.096 4.096V11.5a.5.5 0 1 1 1 0v3.975a.5.5 0 0 1-.5.5H11.5a.5.5 0 0 1 0-1h2.768l-4.096-4.096a.5.5 0 0 1 0-.707zm0-4.344a.5.5 0 0 0 .707 0l4.096-4.096V4.5a.5.5 0 1 0 1 0V.525a.5.5 0 0 0-.5-.5H11.5a.5.5 0 0 0 0 1h2.768l-4.096 4.096a.5.5 0 0 0 0 .707zm-4.344 0a.5.5 0 0 1-.707 0L1.025 1.732V4.5a.5.5 0 0 1-1 0V.525a.5.5 0 0 1 .5-.5H4.5a.5.5 0 0 1 0 1H1.732l4.096 4.096a.5.5 0 0 1 0 .707z\"\/>\r\n            <\/svg>\r\n        \r\n            <svg id=\"closeBtn\" class=\"model-icon\" width=\"34px\" height=\"34px\" viewBox=\"0 0 24 24\" xmlns=\"http:\/\/www.w3.org\/2000\/svg\">\r\n                <path fill=\"none\" stroke=\"#f2f2f2\" stroke-width=\"2\" d=\"M7,7 L17,17 M7,17 L17,7\"\/>\r\n            <\/svg>\r\n        \r\n        <\/div>\r\n        <\/div> \r\n\r\n        <!-- Model Viewer Style -->\r\n        <style>\r\n            \r\n            .wrapper_24275 .bp_model_parent, #bp_model_id_24275 {\r\n                width: 1150px;\r\n                max-width: 100%;\r\n                                            }\r\n            #bp_model_id_24275 {\r\n                height:700px;\r\n                background-color: #f2f2f2;\r\n            }\r\n            .fullscreen #bp_model_id_24275{\r\n            height: 100%;\r\n            width: 100%;\r\n            }\r\n            .wrapper_24275 .bp_model_parent{\r\n                justify-content: start            }\r\n            model-viewer.model {\r\n                --poster-color: transparent;\r\n            }\r\n        <\/style>\r\n        \r\n        \n<h4>LISTA DE PRECIOS DE PUERTA TORNIQUETE DE MAIRS<\/h4>\n<h4>PUERTA TORNIQUETE CON PRECIO ASEQUIBLE DE MAIRS tiene una garant\u00eda de 2 a\u00f1os y soporte duradero de mantenimiento y reparaci\u00f3n.<\/h4>\n<p>Podemos proporcionar servicios de OEM y ODM. Contamos con dise\u00f1adores experimentados que pueden completar una personalizaci\u00f3n profunda de acuerdo con cualquiera de sus necesidades. Proporcionaremos una serie de materiales como representaciones 3D, dibujos dimensionales, etc. tan pronto como sea posible. Tambi\u00e9n proporcionamos dispositivos biom\u00e9tricos, como lectores de tarjetas IC\/ID, esc\u00e1neres de huellas dactilares, esc\u00e1neres de c\u00f3digos QR, c\u00e1maras de reconocimiento facial, etc.<\/p>\n<h4 style=\"font-weight: 400;\"><span style=\"font-style: inherit; font-weight: inherit;\"><b><strong>Lista de precios de puerta de torniquete de barrera electr\u00f3nica de paso ancho para peatones<\/strong><\/b><\/span><\/h4>\n<p>La puerta del torniquete es un sistema de control de entrada elegante y rentable dise\u00f1ado para un alto volumen de tr\u00e1fico, tiene un paso de ancho adicional de hasta 1100 mm. El <a href=\"https:\/\/mairsturnstile.com\/category\/swing-turnstile-gate\">torniquete de barrera oscilante<\/a> est\u00e1 construido para un funcionamiento suave y consume muy poca energ\u00eda. Est\u00e1 hecho de <a href=\"https:\/\/en.wikipedia.org\/wiki\/Stainless_steel\" target=\"_blank\" rel=\"noopener\">acero inoxidable<\/a> 304 que lo hace resistente a la oxidaci\u00f3n y r\u00edgido. Mairs ofrece la mejor lista de precios de puertas de torniquete.<\/p>\n<p>Tambi\u00e9n podemos crear una representaci\u00f3n para usted en unos minutos en funci\u00f3n de su escenario real. Tambi\u00e9n proporcionamos dise\u00f1os y planos detallados, as\u00ed como planos de instalaci\u00f3n.<\/p>\n\n        \t\n\t<style type=\"text\/css\">\n\t\t.slider-info-24283.bafg-slider-info .bafg-slider-title {\n\t\t\t\t\t\tfont-size: 22px;\n\t\t\t\t\t\t\n\t\t\t\n\t\t\t\t\t}\n\n\t\t.slider-info-24283.bafg-slider-info .bafg-slider-description {\n\t\t\t\n\t\t\t\n\t\t\t\t\t}\n\n\t\t.slider-info-24283.bafg-slider-info .bafg_slider_readmore_button {\n\t\t\t\n\t\t\t\n\t\t\t\n\t\t\t\n\t\t\t\n\t\t\ttext-align: center;\n\n\t\t\t\n\t\t\t\n\t\t\t\n\t\t\t\n\t\t\t\n\t\t\t\n\t\t\t\t\t}\n\n\t\t.slider-info-24283.bafg-slider-info .bafg_slider_readmore_button:hover {\n\n\t\t\t\n\t\t\t\n\t\t\t\t\t}\n\n\t<\/style>\n\t\n        <div class=\"bafg-twentytwenty-container slider-24283 \" bafg-orientation=\"horizontal\" bafg-default-offset=\"0.5\" bafg-before-label=\"Before\" bafg-after-label=\"After\" bafg-overlay=\"yes\" bafg-move-slider-on-hover=\"yes\" bafg-click-to-move=\"no\">\n              \n            <img decoding=\"async\" class=\"skip-lazy\" src=\"http:\/\/mairsturnstile.com\/wp-content\/uploads\/2023\/06\/turnstile-gate-price-list_4.jpg\" alt=\"\" data-skip-lazy title=\"\">\n            <img decoding=\"async\" class=\"skip-lazy\" src=\"http:\/\/mairsturnstile.com\/wp-content\/uploads\/2023\/06\/turnstile-gate-price-list_5.jpg\" alt=\"\" data-skip-lazy title=\"\">\n           \n        <\/div>\n\n        \t<div class=\"bafg-slider-info-wraper\">\n\t\t<div style=\"\" class=\"slider-info-24283 bafg-slider-info\">\n\t\t\t\t\t<\/div>\n\t<\/div>\n\t\n        <style type=\"text\/css\">\n            \n        <\/style>\n        \n<ul>\n<li>En caso de emergencia, corte la energ\u00eda, el torniquete Fastlane se abrir\u00e1 autom\u00e1ticamente para permitir el paso libre que cumple con los requisitos de seguridad contra incendios. Pero tiene que venir con una bater\u00eda. En cuanto a la exportaci\u00f3n, la bater\u00eda es sensible, podemos usar el condensador para reemplazar<\/li>\n<li>Los torniquetes \u00f3pticos son adecuados para soluciones de entrada de lujo y de alta gama.<\/li>\n<li>Todo el sistema funciona sin problemas, con poco ruido y alta velocidad.<\/li>\n<li>La mejor lista de precios de puertas de torniquete de Mairs.<\/li>\n<li>Funci\u00f3n de alarma, si hay una intrusi\u00f3n ilegal e intrusi\u00f3n inversa, la puerta emitir\u00e1 una alarma y la puerta se bloquear\u00e1.<\/li>\n<li>Hay un total de 6 pares de sensores infrarrojos. El sensor central es para evitar pellizcar a los peatones.<\/li>\n<li>Funci\u00f3n anti-seguimiento, una persona puede pasar a la vez. Si alguien sigue a la gente del frente, la puerta emitir\u00e1 una alarma.<\/li>\n<li>Lista de precios de puertas de torniquete al por mayor de MairsTurnstile.<\/li>\n<li>Las luces LED en los brazos est\u00e1n disponibles<\/li>\n<li>Ambiente de trabajo: Interior<\/li>\n<li>Indicador LED. Cruz roja y flecha verde. Tambi\u00e9n hay indicadores LED en el poste frontal. La luz LED se puede agregar a los brazos.<\/li>\n<li>El acceso bidireccional reduce la necesidad de m\u00e1s puertas. Tiene capacidad para silla de ruedas, cochecito de compras que aumenta la eficiencia de paso.<\/li>\n<li>Funci\u00f3n de reinicio autom\u00e1tico. Si las personas pasaron dentro del tiempo preestablecido (el tiempo predeterminado es de 5 segundos), el sistema cancelar\u00e1 la autoridad del usuario y se cerrar\u00e1 autom\u00e1ticamente.<\/li>\n<li>Anti-bump, Anti clamp, Las puertas vienen con un motor sin escobillas. Durante la operaci\u00f3n, si alguien golpea el brazo, la puerta se reiniciar\u00e1 autom\u00e1ticamente. Esta funci\u00f3n evita que los peatones, especialmente los ni\u00f1os, golpeen, golpeen, golpeen, etc.<\/li>\n<\/ul>\n<p>Podemos proporcionar la soluci\u00f3n completa de control de acceso de seguridad. Si tiene su propio sistema de control de acceso, puede usar directamente nuestra puerta de torniquete. Si no tiene uno, tambi\u00e9n ofrecemos una soluci\u00f3n completa de control de acceso de seguridad. Consulte el video a continuaci\u00f3n para obtener m\u00e1s detalles.<\/p>\n<p><iframe title=\"Torniquetes de puertas r\u00e1pidas de seguridad para vest\u00edbulo - MairsTurnstile\" src=\"https:\/\/www.youtube.com\/embed\/YtM3u6fUNIM\" width=\"1150\" height=\"650\" frameborder=\"0\" allowfullscreen=\"allowfullscreen\"><\/iframe><\/p>\n","protected":false},"excerpt":{"rendered":"<p>1. Tama\u00f1o: 1400*120*980 mm (se puede personalizar)<\/p>\n<p>2. Ancho de carril: 600 mm (est\u00e1ndar) 900 mm (discapacitados)<\/p>\n<p>3. Material del brazo: Acr\u00edlico<\/p>\n<p>4. Velocidad de paso: 40 personas\/min.<\/p>\n<p>5. Fuente de alimentaci\u00f3n: 110 V\/220 V 50\/60 Hz<\/p>\n<p>6. Motor sin escobillas<\/p>\n<p>7. Se\u00f1al de puerta abierta: contacto seco\/rel\u00e9<\/p>\n<p>8. Motor de accionamiento del torniquete Fastlane: 24 V<\/p>\n<p>9. Material de la carcasa: acero inoxidable 304<\/p>\n<p><span style=\"color: #0000ff;\"><strong><a style=\"color: #0000ff;\" title=\"Puerta de torniquete abatible con certificaci\u00f3n CE de Mairs\" href=\"http:\/\/mairsturnstile.com\/wp-content\/uploads\/2022\/09\/Mairs-CE-Certificate-Swing-Turnstile-Gate.pdf\" target=\"_blank\" rel=\"noopener noreferrer\">Certificaci\u00f3n CE<\/a>, <a style=\"color: #0000ff;\" title=\"Certificado Mairs ISO9001\" href=\"http:\/\/mairsturnstile.com\/wp-content\/uploads\/2022\/09\/Mairs-Registration-Certificate-ISO9001.pdf\" target=\"_blank\" rel=\"noopener noreferrer\">Certificado ISO 9001.<\/a><\/strong><\/span><\/p>\n","protected":false},"featured_media":24134,"comment_status":"closed","ping_status":"closed","template":"","meta":{"neve_meta_sidebar":"","neve_meta_container":"","neve_meta_enable_content_width":"off","neve_meta_content_width":0,"neve_meta_title_alignment":"","neve_meta_author_avatar":"","neve_post_elements_order":"","neve_meta_disable_header":"","neve_meta_disable_footer":"","neve_meta_disable_title":"","_ti_tpc_template_sync":false,"_ti_tpc_template_id":""},"product_cat":[678,779],"product_tag":[1584,1594,828,1618,1617,782],"class_list":["post-10257","product","type-product","status-publish","has-post-thumbnail","hentry","product_cat-puerta-de-torniquete","product_cat-puertas-de-velocidad","product_tag-que-son-las-puertas-de-velocidad","product_tag-carriles-de-alta-velocidad","product_tag-lista-de-precios-de-puertas-de-torniquete","product_tag-torniquete-de-oficina","product_tag-torniquete-de-puerta-de-velocidad","product_tag-torniquetes-de-seguridad"],"_links":{"self":[{"href":"https:\/\/mairsturnstile.com\/es\/wp-json\/wp\/v2\/product\/10257","targetHints":{"allow":["GET"]}}],"collection":[{"href":"https:\/\/mairsturnstile.com\/es\/wp-json\/wp\/v2\/product"}],"about":[{"href":"https:\/\/mairsturnstile.com\/es\/wp-json\/wp\/v2\/types\/product"}],"replies":[{"embeddable":true,"href":"https:\/\/mairsturnstile.com\/es\/wp-json\/wp\/v2\/comments?post=10257"}],"version-history":[{"count":0,"href":"https:\/\/mairsturnstile.com\/es\/wp-json\/wp\/v2\/product\/10257\/revisions"}],"wp:featuredmedia":[{"embeddable":true,"href":"https:\/\/mairsturnstile.com\/es\/wp-json\/wp\/v2\/media\/24134"}],"wp:attachment":[{"href":"https:\/\/mairsturnstile.com\/es\/wp-json\/wp\/v2\/media?parent=10257"}],"wp:term":[{"taxonomy":"product_cat","embeddable":true,"href":"https:\/\/mairsturnstile.com\/es\/wp-json\/wp\/v2\/product_cat?post=10257"},{"taxonomy":"product_tag","embeddable":true,"href":"https:\/\/mairsturnstile.com\/es\/wp-json\/wp\/v2\/product_tag?post=10257"}],"curies":[{"name":"wp","href":"https:\/\/api.w.org\/{rel}","templated":true}]}}