{"id":10259,"date":"2020-09-13T16:55:31","date_gmt":"2020-09-13T08:55:31","guid":{"rendered":"https:\/\/mairsturnstile.com\/product\/torniquete-para-exterior-e-interior-mt343"},"modified":"2024-11-01T11:49:23","modified_gmt":"2024-11-01T03:49:23","slug":"al-aire-libre-torniquete","status":"publish","type":"product","link":"https:\/\/mairsturnstile.com\/es\/producto\/al-aire-libre-torniquete","title":{"rendered":"PUERTA TORNIQUEO EXTERIOR PARA EXTERIOR MT343"},"content":{"rendered":"        <!-- 3D Model html -->\r\n        <div class=\"bp_grand wrapper_23474\">   \r\n        <div class=\"bp_model_parent\">\r\n            <model-viewer class=\"model\" id=\"bp_model_id_23474\" src=\"http:\/\/mairsturnstile.com\/wp-content\/uploads\/2025\/08\/MT343.glb\" alt=\"MT343\" camera-controls  loading=\"auto\" auto-rotate                        >\r\n            <\/model-viewer>\r\n        \r\n            <!-- Button -->\r\n            <svg id=\"openBtn\" width=\"30px\" height=\"30px\" viewBox=\"0 0 16 16\" xmlns=\"http:\/\/www.w3.org\/2000\/svg\" fill=\"#f2f2f2\" class=\"bi bi-arrows-fullscreen model-icon\">\r\n                <path fill-rule=\"evenodd\" d=\"M5.828 10.172a.5.5 0 0 0-.707 0l-4.096 4.096V11.5a.5.5 0 0 0-1 0v3.975a.5.5 0 0 0 .5.5H4.5a.5.5 0 0 0 0-1H1.732l4.096-4.096a.5.5 0 0 0 0-.707zm4.344 0a.5.5 0 0 1 .707 0l4.096 4.096V11.5a.5.5 0 1 1 1 0v3.975a.5.5 0 0 1-.5.5H11.5a.5.5 0 0 1 0-1h2.768l-4.096-4.096a.5.5 0 0 1 0-.707zm0-4.344a.5.5 0 0 0 .707 0l4.096-4.096V4.5a.5.5 0 1 0 1 0V.525a.5.5 0 0 0-.5-.5H11.5a.5.5 0 0 0 0 1h2.768l-4.096 4.096a.5.5 0 0 0 0 .707zm-4.344 0a.5.5 0 0 1-.707 0L1.025 1.732V4.5a.5.5 0 0 1-1 0V.525a.5.5 0 0 1 .5-.5H4.5a.5.5 0 0 1 0 1H1.732l4.096 4.096a.5.5 0 0 1 0 .707z\"\/>\r\n            <\/svg>\r\n        \r\n            <svg id=\"closeBtn\" class=\"model-icon\" width=\"34px\" height=\"34px\" viewBox=\"0 0 24 24\" xmlns=\"http:\/\/www.w3.org\/2000\/svg\">\r\n                <path fill=\"none\" stroke=\"#f2f2f2\" stroke-width=\"2\" d=\"M7,7 L17,17 M7,17 L17,7\"\/>\r\n            <\/svg>\r\n        \r\n        <\/div>\r\n        <\/div> \r\n\r\n        <!-- Model Viewer Style -->\r\n        <style>\r\n            \r\n            .wrapper_23474 .bp_model_parent, #bp_model_id_23474 {\r\n                width: 1150px;\r\n                max-width: 100%;\r\n                                            }\r\n            #bp_model_id_23474 {\r\n                height:700px;\r\n                background-color: #f2f2f2;\r\n            }\r\n            .fullscreen #bp_model_id_23474{\r\n            height: 100%;\r\n            width: 100%;\r\n            }\r\n            .wrapper_23474 .bp_model_parent{\r\n                justify-content: start            }\r\n            model-viewer.model {\r\n                --poster-color: transparent;\r\n            }\r\n        <\/style>\r\n        \r\n        \n<h4>Este torniquete para exteriores tiene una garant\u00eda de 2 a\u00f1os y soporte de mantenimiento y reparaci\u00f3n duradero.<\/h4>\n<p>Podemos proporcionar servicios de OEM y ODM. Contamos con dise\u00f1adores experimentados que pueden completar una personalizaci\u00f3n profunda de acuerdo con cualquiera de sus necesidades. Proporcionaremos una serie de materiales como representaciones 3D, dibujos dimensionales, etc. tan pronto como sea posible. Tambi\u00e9n proporcionamos dispositivos biom\u00e9tricos, como lectores de tarjetas IC\/ID, esc\u00e1neres de huellas dactilares, esc\u00e1neres de c\u00f3digos QR, c\u00e1maras de reconocimiento facial, etc.<\/p>\n<p><strong>Torniquete al aire libre es un tipo de puerta torniquete de<a class=\"rank-math-link\" href=\"https:\/\/en.wikipedia.org\/wiki\/Access_control\" target=\"_blank\" rel=\"noopener noreferrer\"> control de acceso<\/a> peatonal que se puede utilizar al aire libre, a diferencia de un torniquete de interior, tiene una funci\u00f3n impermeable y a prueba de fugas y se puede utilizar en diversos entornos exteriores dif\u00edciles. <\/strong>Se refleja principalmente en a prueba de polvo y resistente al agua, compartida por personas y veh\u00edculos, anti-violencia, y anti-interferencia de la luz solar. En las m\u00e1quinas de torniquetes para exteriores se pueden fabricar varios tipos de torniquetes(<a href=\"https:\/\/mairsturnstile.com\/tripod-turnstile.html\">torniquete tr\u00edpode,<\/a> <a class=\"rank-math-link\" href=\"https:\/\/mairsturnstile.com\/swing-turnstile-gate.html\">torniquete giratorio<\/a>, <a class=\"rank-math-link\" href=\"https:\/\/mairsturnstile.com\/what-is-flap-barrier.html\">torniquete de barrera de solapa<\/a>, <a class=\"rank-math-link\" href=\"https:\/\/mairsturnstile.com\/product\/sliding-turnstile\">torniquete deslizante<\/a>, <a href=\"https:\/\/mairsturnstile.com\/full-height-turnstiles.html\">torniquete de altura completa<\/a>, etc.).<\/p>\n<p>Si usted necesita cualquier tipo de torniquete al aire libre, o usted no sabe qu\u00e9 estilo de puertas torniquete se puede hacer en torniquetes al aire libre, por favor haga clic en el bot\u00f3n de chat en l\u00ednea en la esquina inferior izquierda para hablar con nosotros directamente o <a href=\"https:\/\/mairsturnstile.com\/contact\">consulta nosotros<\/a><\/p>\n<p>Los torniquetes para exteriores Mairs generalmente est\u00e1n hechos de acero inoxidable 304. Por supuesto, si tiene mayores requisitos para los materiales del producto, tambi\u00e9n puede pedirnos que personalicemos materiales especiales de acero inoxidable 316. 304 y 316 se clasifican como acero inoxidable. No hay diferencia en esencia. Son de acero inoxidable, pero hay diferencias en la subdivisi\u00f3n.<\/p>\n<p>La calidad del 316 es superior a la del 304. El acero 316 se agrega con el elemento Mo sobre la base de 304. Este elemento mejora en gran medida la resistencia a la corrosi\u00f3n y al desgaste del acero inoxidable. Por supuesto, el acero inoxidable 316 es un poco m\u00e1s caro. Tenemos clientes en Dub\u00e1i, Emiratos \u00c1rabes Unidos y Riyadh, Arabia Saudita, que tienen torniquetes de altura completa de acero inoxidable 316 especialmente personalizados para adaptarse a condiciones clim\u00e1ticas y entornos m\u00e1s extremos.<\/p>\n<p>El torniquete para exteriores se usa principalmente en la entrada de unidades empresariales, \u00e1reas de plantas industriales y \u00e1reas residenciales de alto nivel. Hay aire semiabierto y aire libre completo. \u00bfC\u00f3mo garantizar el uso normal de la m\u00e1quina torniquete en exteriores? Lo m\u00e1s importante es hacer que la m\u00e1quina torniquete sea impermeable.<\/p>\n<p>Tambi\u00e9n podemos crear una representaci\u00f3n para usted en unos minutos en funci\u00f3n de su escenario real. Tambi\u00e9n proporcionamos dise\u00f1os y planos detallados, as\u00ed como planos de instalaci\u00f3n.<\/p>\n\n        \t\n\t<style type=\"text\/css\">\n\t\t.slider-info-23485.bafg-slider-info .bafg-slider-title {\n\t\t\t\t\t\tfont-size: 22px;\n\t\t\t\t\t\t\n\t\t\t\n\t\t\t\t\t}\n\n\t\t.slider-info-23485.bafg-slider-info .bafg-slider-description {\n\t\t\t\n\t\t\t\n\t\t\t\t\t}\n\n\t\t.slider-info-23485.bafg-slider-info .bafg_slider_readmore_button {\n\t\t\t\n\t\t\t\n\t\t\t\n\t\t\t\n\t\t\t\n\t\t\ttext-align: center;\n\n\t\t\t\n\t\t\t\n\t\t\t\n\t\t\t\n\t\t\t\n\t\t\t\n\t\t\t\t\t}\n\n\t\t.slider-info-23485.bafg-slider-info .bafg_slider_readmore_button:hover {\n\n\t\t\t\n\t\t\t\n\t\t\t\t\t}\n\n\t<\/style>\n\t\n        <div class=\"bafg-twentytwenty-container slider-23485 \" bafg-orientation=\"horizontal\" bafg-default-offset=\"0.5\" bafg-before-label=\"Before\" bafg-after-label=\"After\" bafg-overlay=\"yes\" bafg-move-slider-on-hover=\"yes\" bafg-click-to-move=\"no\">\n              \n            <img decoding=\"async\" class=\"skip-lazy\" src=\"http:\/\/mairsturnstile.com\/wp-content\/uploads\/2020\/09\/outdoor-turnstile-8.jpg\" alt=\"outdoor turnstile\" data-skip-lazy title=\"\">\n            <img decoding=\"async\" class=\"skip-lazy\" src=\"http:\/\/mairsturnstile.com\/wp-content\/uploads\/2020\/09\/outdoor-turnstile-7.jpg\" alt=\"outdoor turnstile\" data-skip-lazy title=\"\">\n           \n        <\/div>\n\n        \t<div class=\"bafg-slider-info-wraper\">\n\t\t<div style=\"\" class=\"slider-info-23485 bafg-slider-info\">\n\t\t\t\t\t<\/div>\n\t<\/div>\n\t\n        <style type=\"text\/css\">\n            \n        <\/style>\n        \n<p>El torniquete al aire libre a menudo se encuentra con la lluvia. Por lo tanto, los torniquetes para exteriores deben tener una buena resistencia al agua. En otros aspectos, de acuerdo con los requisitos ambientales del sitio de instalaci\u00f3n, el torniquete para exteriores debe tener ciertas capacidades de resistencia a altas temperaturas, resistencia al fr\u00edo, resistencia a la interferencia de la luz solar, resistencia a la condensaci\u00f3n, etc.<\/p>\n<p><span style=\"font-weight: 400;\"><span style=\"font-style: inherit; font-weight: inherit;\">Nuestro torniquete de barrera oscilante de seguridad de <a href=\"https:\/\/en.wikipedia.org\/wiki\/Stainless_steel\" target=\"_blank\" rel=\"noopener\">acero inoxidable<\/a> SUS 304 proporciona carriles de hasta 1100 mm de ancho para acomodar bicicletas, sillas de ruedas, motocicletas, carritos, equipaje, etc. <\/span><\/span><span style=\"font-style: inherit; font-weight: inherit;\">Torniquete de acero inoxidable SUS 304, resistente al agua, para exteriores, para entrada de apartamentos. Se utiliza principalmente en la entrada de unidades empresariales, \u00e1reas de plantas industriales y \u00e1reas residenciales de alto nivel.<\/span><\/p>\n<ul>\n<li>Puerta de torniquete abatible para exteriores con una alta velocidad de tr\u00e1fico, que generalmente se aplica en la ubicaci\u00f3n con alto flujo de tr\u00e1fico en funcionamiento bidireccional.<\/li>\n<li>El chasis est\u00e1 hecho de acero inoxidable 304 de textura fina, lo que crea un punto de acceso elegante y sin costuras que combina con la mayor\u00eda de los ambientes interiores.<\/li>\n<li>Este torniquete exterior viene con el est\u00e1ndar internacional RS485 y rel\u00e9s, lo que lo hace ampliamente compatible con todo el software existente en la industria y casi todos los controles de acceso, como sistemas RFID, sistemas de c\u00f3digos de barras, sistemas de reconocimiento facial, sistemas de huellas dactilares, etc.<\/li>\n<li>En caso de emergencia, corte la energ\u00eda y la puerta de torniquete abatible Slim se abrir\u00e1 autom\u00e1ticamente para permitir el paso libre que cumple con los requisitos de seguridad contra incendios. Pero tiene que venir con una bater\u00eda. En cuanto a la exportaci\u00f3n, la bater\u00eda es sensible, podemos usar el condensador para reemplazar<\/li>\n<li>El torniquete exterior es adecuado para soluciones de entrada de lujo y de alta gama.<\/li>\n<li>Todo el sistema funciona sin problemas, con poco ruido y alta velocidad.<\/li>\n<li>Grosor del basculante: 10 mm<\/li>\n<li>Funci\u00f3n de alarma, si se trata de una intrusi\u00f3n ilegal o una intrusi\u00f3n inversa, la puerta emitir\u00e1 una alarma y la puerta se bloquear\u00e1.<\/li>\n<li>Hay un total de 5 pares de sensores infrarrojos. Los sensores centrales son para evitar pellizcar a los peatones.<\/li>\n<li>Funci\u00f3n anti-seguimiento, una persona puede pasar a la vez. Si alguien sigue a la gente del frente, la puerta emitir\u00e1 una alarma.<\/li>\n<li>Indicador LED. Cruz roja y flecha verde. Tambi\u00e9n hay indicadores LED en el poste frontal. La luz LED se puede agregar a los brazos.<\/li>\n<li>El acceso bidireccional reduce la necesidad de m\u00e1s puertas. Tiene capacidad para silla de ruedas, cochecito de compras que aumenta la eficiencia de paso.<\/li>\n<li>Funci\u00f3n de reinicio autom\u00e1tico. Si las personas pasaron dentro del tiempo preestablecido (el tiempo predeterminado es de 5 segundos), el sistema cancelar\u00e1 la autoridad del usuario y se cerrar\u00e1 autom\u00e1ticamente.<\/li>\n<li>Anti-golpe, Anti abrazadera, la puerta del torniquete exterior viene sin escobillas durante la operaci\u00f3n si alguien golpea el brazo, la puerta del torniquete exterior se restablecer\u00e1 autom\u00e1ticamente. Esta funci\u00f3n evita de forma efectiva que los peatones, especialmente los ni\u00f1os, golpeen, pisen, golpeen, etc.<\/li>\n<\/ul>\n<p>Podemos proporcionar la soluci\u00f3n completa de control de acceso de seguridad. Si tiene su propio sistema de control de acceso, puede usar directamente nuestra puerta de torniquete. Si no tiene uno, tambi\u00e9n ofrecemos una soluci\u00f3n completa de control de acceso de seguridad. Consulte el video a continuaci\u00f3n para obtener m\u00e1s detalles.<\/p>\n<p><iframe title=\"Torniquete oscilante \u00f3ptico, Torniquete de barrera oscilante, Torniquete oscilante - MairsTurnstile\" src=\"https:\/\/www.youtube.com\/embed\/hdoBSoM85u4\" width=\"1150\" height=\"650\" frameborder=\"0\" allowfullscreen=\"allowfullscreen\"><\/iframe><\/p>\n","protected":false},"excerpt":{"rendered":"<p>1. Tama\u00f1o: 1400 * 180 * 1000 mm (se puede personalizar)<\/p>\n<p>2. Ancho del carril: 600 mm (est\u00e1ndar) 900 mm (discapacitados)<\/p>\n<p>3. Material de los brazos: Acr\u00edlico<\/p>\n<p>4. Velocidad de paso: 40 personas\/min.<\/p>\n<p>5. Fuente de alimentaci\u00f3n: 110V\/220V 50\/60hz<\/p>\n<p>6. Motor sin escobillas<\/p>\n<p>7. Se\u00f1al de puerta abierta: contacto seco\/rel\u00e9<\/p>\n<p>8. Motor de accionamiento del torniquete oscilante: 24 V<\/p>\n<p>9. El LED en el aparador es opcional<\/p>\n<p><strong><a title=\"Puerta de torniquete abatible con certificaci\u00f3n CE de Mairs\" href=\"http:\/\/mairsturnstile.com\/wp-content\/uploads\/2022\/09\/Mairs-CE-Certificate-Swing-Turnstile-Gate.pdf\" target=\"_blank\" rel=\"noopener noreferrer\">Certificaci\u00f3n CE<\/a>, <a title=\"Certificado Mairs ISO9001\" href=\"http:\/\/mairsturnstile.com\/wp-content\/uploads\/2022\/09\/Mairs-Registration-Certificate-ISO9001.pdf\" target=\"_blank\" rel=\"noopener noreferrer\">Certificado ISO 9001.<\/a><\/strong><\/p>\n<p><a title=\"Folleto de torniquetes para exteriores\" href=\"http:\/\/mairsturnstile.com\/wp-content\/uploads\/2023\/12\/MT343-brochure.pdf\" target=\"_blank\" rel=\"noopener noreferrer\"><img decoding=\"async\" class=\"alignnone size-full wp-image-11034\" src=\"http:\/\/mairsturnstile.com\/wp-content\/uploads\/2022\/09\/pdf-MairsTurnstile.png\" alt=\"\" width=\"32\" height=\"32\"><span style=\"color: #0000ff;\"><strong>Folleto del torniquete para exteriores MT343<\/strong><\/span><\/a><\/p>\n","protected":false},"featured_media":65730,"comment_status":"closed","ping_status":"closed","template":"","meta":{"neve_meta_sidebar":"","neve_meta_container":"","neve_meta_enable_content_width":"off","neve_meta_content_width":0,"neve_meta_title_alignment":"","neve_meta_author_avatar":"","neve_post_elements_order":"","neve_meta_disable_header":"","neve_meta_disable_footer":"","neve_meta_disable_title":"","_ti_tpc_template_sync":false,"_ti_tpc_template_id":""},"product_cat":[678,801],"product_tag":[1580,806,831,832,1585,830],"class_list":["post-10259","product","type-product","status-publish","has-post-thumbnail","hentry","product_cat-puerta-de-torniquete","product_cat-puerta-de-torniquete-abatible","product_tag-puerta-giratoria","product_tag-torniquete-abatible","product_tag-torniquete-al-aire-libre","product_tag-torniquete-exterior","product_tag-torniquetes-al-aire-libre","product_tag-torniquetes-de-seguridad-al-aire-libre"],"_links":{"self":[{"href":"https:\/\/mairsturnstile.com\/es\/wp-json\/wp\/v2\/product\/10259","targetHints":{"allow":["GET"]}}],"collection":[{"href":"https:\/\/mairsturnstile.com\/es\/wp-json\/wp\/v2\/product"}],"about":[{"href":"https:\/\/mairsturnstile.com\/es\/wp-json\/wp\/v2\/types\/product"}],"replies":[{"embeddable":true,"href":"https:\/\/mairsturnstile.com\/es\/wp-json\/wp\/v2\/comments?post=10259"}],"version-history":[{"count":0,"href":"https:\/\/mairsturnstile.com\/es\/wp-json\/wp\/v2\/product\/10259\/revisions"}],"wp:featuredmedia":[{"embeddable":true,"href":"https:\/\/mairsturnstile.com\/es\/wp-json\/wp\/v2\/media\/65730"}],"wp:attachment":[{"href":"https:\/\/mairsturnstile.com\/es\/wp-json\/wp\/v2\/media?parent=10259"}],"wp:term":[{"taxonomy":"product_cat","embeddable":true,"href":"https:\/\/mairsturnstile.com\/es\/wp-json\/wp\/v2\/product_cat?post=10259"},{"taxonomy":"product_tag","embeddable":true,"href":"https:\/\/mairsturnstile.com\/es\/wp-json\/wp\/v2\/product_tag?post=10259"}],"curies":[{"name":"wp","href":"https:\/\/api.w.org\/{rel}","templated":true}]}}