{"id":10260,"date":"2020-09-13T16:01:00","date_gmt":"2020-09-13T08:01:00","guid":{"rendered":"https:\/\/mairsturnstile.com\/product\/torniquete-de-reconocimiento-facial-torniquete-mt342"},"modified":"2024-11-01T11:48:16","modified_gmt":"2024-11-01T03:48:16","slug":"reconocimiento-facial-torniquete","status":"publish","type":"product","link":"https:\/\/mairsturnstile.com\/es\/producto\/reconocimiento-facial-torniquete","title":{"rendered":"TORNIQUETE DE RECONOCIMIENTO FACIAL TORNIQUETE MT342"},"content":{"rendered":"        <!-- 3D Model html -->\r\n        <div class=\"bp_grand wrapper_23473\">   \r\n        <div class=\"bp_model_parent\">\r\n            <model-viewer class=\"model\" id=\"bp_model_id_23473\" src=\"http:\/\/mairsturnstile.com\/wp-content\/uploads\/2024\/01\/MT342-1.glb\" alt=\"MT342-1\" camera-controls  loading=\"auto\" auto-rotate                        >\r\n            <\/model-viewer>\r\n        \r\n            <!-- Button -->\r\n            <svg id=\"openBtn\" width=\"30px\" height=\"30px\" viewBox=\"0 0 16 16\" xmlns=\"http:\/\/www.w3.org\/2000\/svg\" fill=\"#f2f2f2\" class=\"bi bi-arrows-fullscreen model-icon\">\r\n                <path fill-rule=\"evenodd\" d=\"M5.828 10.172a.5.5 0 0 0-.707 0l-4.096 4.096V11.5a.5.5 0 0 0-1 0v3.975a.5.5 0 0 0 .5.5H4.5a.5.5 0 0 0 0-1H1.732l4.096-4.096a.5.5 0 0 0 0-.707zm4.344 0a.5.5 0 0 1 .707 0l4.096 4.096V11.5a.5.5 0 1 1 1 0v3.975a.5.5 0 0 1-.5.5H11.5a.5.5 0 0 1 0-1h2.768l-4.096-4.096a.5.5 0 0 1 0-.707zm0-4.344a.5.5 0 0 0 .707 0l4.096-4.096V4.5a.5.5 0 1 0 1 0V.525a.5.5 0 0 0-.5-.5H11.5a.5.5 0 0 0 0 1h2.768l-4.096 4.096a.5.5 0 0 0 0 .707zm-4.344 0a.5.5 0 0 1-.707 0L1.025 1.732V4.5a.5.5 0 0 1-1 0V.525a.5.5 0 0 1 .5-.5H4.5a.5.5 0 0 1 0 1H1.732l4.096 4.096a.5.5 0 0 1 0 .707z\"\/>\r\n            <\/svg>\r\n        \r\n            <svg id=\"closeBtn\" class=\"model-icon\" width=\"34px\" height=\"34px\" viewBox=\"0 0 24 24\" xmlns=\"http:\/\/www.w3.org\/2000\/svg\">\r\n                <path fill=\"none\" stroke=\"#f2f2f2\" stroke-width=\"2\" d=\"M7,7 L17,17 M7,17 L17,7\"\/>\r\n            <\/svg>\r\n        \r\n        <\/div>\r\n        <\/div> \r\n\r\n        <!-- Model Viewer Style -->\r\n        <style>\r\n            \r\n            .wrapper_23473 .bp_model_parent, #bp_model_id_23473 {\r\n                width: 1150px;\r\n                max-width: 100%;\r\n                                            }\r\n            #bp_model_id_23473 {\r\n                height:700px;\r\n                background-color: #f2f2f2;\r\n            }\r\n            .fullscreen #bp_model_id_23473{\r\n            height: 100%;\r\n            width: 100%;\r\n            }\r\n            .wrapper_23473 .bp_model_parent{\r\n                justify-content: start            }\r\n            model-viewer.model {\r\n                --poster-color: transparent;\r\n            }\r\n        <\/style>\r\n        \r\n        \n<h4>LA PUERTA TORNIQUETE ABATIBLE DE RECONOCIMIENTO FACIAL tiene una garant\u00eda de 2 a\u00f1os y soporte duradero de mantenimiento y reparaci\u00f3n.<\/h4>\n<p>Podemos proporcionar servicios de OEM y ODM. Mairs ofrece a la venta la mejor puerta de torniquete abatible con torniquete de <a href=\"https:\/\/en.wikipedia.org\/wiki\/Facial_recognition\" target=\"_blank\" rel=\"noopener\">reconocimiento facial.<\/a> Tambi\u00e9n proporcionamos dispositivos biom\u00e9tricos, como lectores de tarjetas IC\/ID, esc\u00e1neres de huellas dactilares, esc\u00e1neres de c\u00f3digos QR, c\u00e1maras de reconocimiento facial, etc.<\/p>\n<p><strong>El torniquete de reconocimiento facial es un tipo de puerta giratoria peatonal que se integra con una c\u00e1mara de <a href=\"https:\/\/mairsturnstile.com\/product\/face-recognition-camera\">reconocimiento<\/a><\/strong> facial. <strong>Por lo general, todos los tipos de torniquetes pueden integrarse con una c\u00e1mara de reconocimiento facial.<\/strong> Por supuesto, una c\u00e1mara de reconocimiento facial tambi\u00e9n puede integrar con la funci\u00f3n de medici\u00f3n de la temperatura. Con el desarrollo de la sociedad y el progreso de la ciencia y la tecnolog\u00eda, el torniquete de reconocimiento facial se utilizar\u00e1 cada vez m\u00e1s. Si necesita cualquier tipo de torniquete con c\u00e1mara de reconocimiento facial, <a href=\"https:\/\/mairsturnstile.com\/contact\">cons\u00faltenos<\/a><\/p>\n<p>El torniquete de reconocimiento facial se compone de dos partes: la terminal de la c\u00e1mara de reconocimiento facial y la puerta del torniquete para peatones. La diferencia entre el torniquete de reconocimiento facial y la puerta del torniquete que se usa solo es que el torniquete de reconocimiento facial no solo puede controlar la puerta del torniquete a trav\u00e9s del deslizamiento de la tarjeta y el c\u00f3digo QR, sino tambi\u00e9n controlar la apertura de la puerta del torniquete a trav\u00e9s del reconocimiento facial (cepillado facial), que no no solo mejora la experiencia de los peatones dentro y fuera, sino que tambi\u00e9n mejora la seguridad del lugar.<\/p>\n<p>El reconocimiento facial es visual y est\u00e1 en l\u00ednea con los h\u00e1bitos de pensamiento de las personas. Hasta cierto punto, es m\u00e1s conveniente, seguro y confiable que las contrase\u00f1as y claves. La puerta de torniquete de reconocimiento facial din\u00e1mico integra las funciones de recolecci\u00f3n de rostros en el sitio, verificaci\u00f3n de identidad, alerta temprana de lista negra, etc. Desde la lectura de la informaci\u00f3n de la tarjeta de identificaci\u00f3n hasta la recopilaci\u00f3n de fotos faciales en el sitio y la comparaci\u00f3n y obtenci\u00f3n de resultados, todo el proceso est\u00e1 automatizado sin agregar una configuraci\u00f3n de hardware perif\u00e9rico. El proceso de operaci\u00f3n no requiere intervenci\u00f3n manual, y la informaci\u00f3n recopilada y los resultados de la comparaci\u00f3n se pueden cargar en la plataforma de adquisici\u00f3n de big data en tiempo real.<\/p>\n<p>En los \u00faltimos a\u00f1os, la aplicaci\u00f3n del torniquete de reconocimiento facial es cada vez m\u00e1s amplia. Muchos edificios de oficinas, estaciones de tren y otros lugares concurridos utilizan puertas de torniquete de reconocimiento facial. El torniquete de reconocimiento facial no solo puede comparar r\u00e1pidamente a las personas que entran y salen, sino que tambi\u00e9n mejora de manera efectiva la seguridad del sitio y la eficiencia del tr\u00e1fico.<\/p>\n<p>Basado en la puerta del torniquete de hardware, el torniquete de reconocimiento facial agrega un m\u00f3dulo de reconocimiento facial. Despu\u00e9s de recopilar la informaci\u00f3n de la cara del visitante y juzgar a la autoridad visitante a trav\u00e9s de cierto procesamiento de algoritmos, a menudo se usa en lugares p\u00fablicos para reemplazar las auditor\u00edas manuales.<\/p>\n<p>Tambi\u00e9n podemos crear una representaci\u00f3n para usted en unos minutos en funci\u00f3n de su escenario real. Tambi\u00e9n proporcionamos dise\u00f1os y dibujos detallados, as\u00ed como dibujos de instalaci\u00f3n.<\/p>\n\n        \t\n\t<style type=\"text\/css\">\n\t\t.slider-info-23490.bafg-slider-info .bafg-slider-title {\n\t\t\t\t\t\tfont-size: 22px;\n\t\t\t\t\t\t\n\t\t\t\n\t\t\t\t\t}\n\n\t\t.slider-info-23490.bafg-slider-info .bafg-slider-description {\n\t\t\t\n\t\t\t\n\t\t\t\t\t}\n\n\t\t.slider-info-23490.bafg-slider-info .bafg_slider_readmore_button {\n\t\t\t\n\t\t\t\n\t\t\t\n\t\t\t\n\t\t\t\n\t\t\ttext-align: center;\n\n\t\t\t\n\t\t\t\n\t\t\t\n\t\t\t\n\t\t\t\n\t\t\t\n\t\t\t\t\t}\n\n\t\t.slider-info-23490.bafg-slider-info .bafg_slider_readmore_button:hover {\n\n\t\t\t\n\t\t\t\n\t\t\t\t\t}\n\n\t<\/style>\n\t\n        <div class=\"bafg-twentytwenty-container slider-23490 \" bafg-orientation=\"horizontal\" bafg-default-offset=\"0.5\" bafg-before-label=\"Before\" bafg-after-label=\"After\" bafg-overlay=\"yes\" bafg-move-slider-on-hover=\"yes\" bafg-click-to-move=\"no\">\n              \n            <img decoding=\"async\" class=\"skip-lazy\" src=\"http:\/\/mairsturnstile.com\/wp-content\/uploads\/2023\/06\/turnstile-swing-gate_6.jpg\" alt=\"turnstile swing gate\" data-skip-lazy title=\"\">\n            <img decoding=\"async\" class=\"skip-lazy\" src=\"http:\/\/mairsturnstile.com\/wp-content\/uploads\/2020\/09\/face-recognition-turnstile-5.jpg\" alt=\"face recognition turnstile\" data-skip-lazy title=\"\">\n           \n        <\/div>\n\n        \t<div class=\"bafg-slider-info-wraper\">\n\t\t<div style=\"\" class=\"slider-info-23490 bafg-slider-info\">\n\t\t\t\t\t<\/div>\n\t<\/div>\n\t\n        <style type=\"text\/css\">\n            \n        <\/style>\n        \n<h3>Principio del torniquete de reconocimiento facial:<\/h3>\n<p>En primer lugar, recopile la informaci\u00f3n del rostro de la persona que pasa por la puerta del torniquete a trav\u00e9s de la c\u00e1mara de reconocimiento facial y luego comp\u00e1rela con la informaci\u00f3n del personal en la base de datos del sistema. Si pasa la comparaci\u00f3n de reconocimiento facial, env\u00ede la se\u00f1al de apertura de la puerta a la puerta del torniquete y el peat\u00f3n puede pasar la puerta. Si no hay informaci\u00f3n de la cara de la persona que pasa por la puerta en la base de datos, puede pasar pasando la tarjeta.<\/p>\n<p>En caso de intrusi\u00f3n ilegal, el deflector trasero que detecta la puerta del torniquete se bloquear\u00e1 autom\u00e1ticamente y emitir\u00e1 una alarma. En caso de seguimiento, la puerta del torniquete encender\u00e1 la luz roja y la alarma. Antiretr\u00f3grado. Despu\u00e9s del reconocimiento facial, si un empleado de la otra parte est\u00e1 retr\u00f3grado, la barra del freno de la puerta del torniquete se cerrar\u00e1 y bloquear\u00e1 autom\u00e1ticamente.<\/p>\n<p>El torniquete giratorio de torniquete de reconocimiento facial es elegante y eficiente. Es ampliamente utilizado en el vest\u00edbulo del hotel, edificios de oficinas, bancos y otros lugares p\u00fablicos.<\/p>\n<p>El administrador puede controlar efectivamente la entrada y salida. Es de alta velocidad y puede responder r\u00e1pidamente a ocasiones de alto tr\u00e1fico.<\/p>\n<p>Es f\u00e1cil configurar el acceso m\u00faltiple seg\u00fan el ancho de entrada. El ancho del carril puede ser de 900 mm para acceso de minusv\u00e1lidos o equipaje. Si quiere comprar una puerta giratoria, consulte nuestra <a href=\"https:\/\/mairsturnstile.com\/category\/security-turnstiles\">p\u00e1gina de productos<\/a>.<\/p>\n<ul>\n<li>Torniquete de reconocimiento facial con alta velocidad de tr\u00e1fico, que generalmente se aplica en la ubicaci\u00f3n con alto flujo de tr\u00e1fico en funcionamiento bidireccional.<\/li>\n<li>El chasis est\u00e1 hecho de acero inoxidable 304 de textura fina, lo que crea un punto de acceso elegante y sin costuras que combina con la mayor\u00eda de los ambientes interiores.<\/li>\n<li>Este torniquete de reconocimiento facial viene con el est\u00e1ndar internacional RS485 y rel\u00e9s, lo que lo hace ampliamente compatible con todo el software existente en la industria y casi todos los controles de acceso, como sistemas RFID, sistemas de c\u00f3digos de barras, sistemas de reconocimiento facial, sistemas de huellas dactilares, etc.<\/li>\n<li>En caso de emergencia, corte la energ\u00eda, el torniquete giratorio Slim se abrir\u00e1 autom\u00e1ticamente para permitir el paso libre que cumple con los requisitos de seguridad contra incendios. Pero tiene que venir con una bater\u00eda. En cuanto a la exportaci\u00f3n, la bater\u00eda es sensible, podemos usar el condensador para reemplazar<\/li>\n<li>La puerta de torniquete abatible de torniquete de reconocimiento facial es adecuada para soluciones de entrada de lujo y de alta gama.<\/li>\n<li>Todo el sistema funciona sin problemas, con bajo nivel de ruido y alta velocidad.<\/li>\n<li>Interfaz de comunicaci\u00f3n: RS485<\/li>\n<li>Funci\u00f3n de alarma, si hay una intrusi\u00f3n ilegal e intrusi\u00f3n inversa, la puerta emitir\u00e1 una alarma y la puerta se bloquear\u00e1.<\/li>\n<li>Hay un total de 5 pares de sensores infrarrojos. Los sensores centrales son para evitar pellizcar a los peatones.<\/li>\n<li>Funci\u00f3n anti-seguimiento, una persona puede pasar a la vez. Si alguien sigue a la gente del frente, la puerta emitir\u00e1 una alarma.<\/li>\n<li>Indicador LED. Cruz roja y flecha verde. Tambi\u00e9n hay indicadores LED en el poste frontal. La luz LED se puede agregar a los brazos.<\/li>\n<li>El acceso bidireccional reduce la necesidad de m\u00e1s puertas. Se acomoda para silla de ruedas, el cochecito de compras aumenta la eficiencia de paso.<\/li>\n<li>Funci\u00f3n de reinicio autom\u00e1tico. Si las personas pasaron dentro del tiempo preestablecido (el tiempo predeterminado es de 5 segundos), el sistema cancelar\u00e1 la autoridad del usuario y se cerrar\u00e1 autom\u00e1ticamente.<\/li>\n<li>Anti-bump, Anti clamp, Las puertas vienen sin escobillas Durante la operaci\u00f3n, si alguien golpea el brazo, la puerta se restablecer\u00e1 autom\u00e1ticamente. Esta funci\u00f3n evita que los peatones, especialmente los ni\u00f1os, golpeen, golpeen, golpeen, etc.<\/li>\n<\/ul>\n<p>Podemos proporcionar la soluci\u00f3n completa de control de acceso de seguridad. Si tiene su propio sistema de control de acceso, puede usar directamente nuestra puerta de torniquete. Si no tiene uno, tambi\u00e9n ofrecemos una soluci\u00f3n completa de control de acceso de seguridad. Consulte el video a continuaci\u00f3n para obtener m\u00e1s detalles.<\/p>\n<p><iframe title=\"Torniquete de aeropuerto, torniquete de puerta r\u00e1pida para aeropuerto, estaci\u00f3n de metro - MairsTurnstile.com\" src=\"https:\/\/www.youtube.com\/embed\/rR_US2dIKU8\" width=\"1150\" height=\"650\" frameborder=\"0\" allowfullscreen=\"allowfullscreen\"><\/iframe><\/p>\n","protected":false},"excerpt":{"rendered":"<p>1. Tama\u00f1o: 1400 * 180 * 1000 mm (se puede personalizar)<\/p>\n<p>2. Ancho del carril: 600 mm (est\u00e1ndar) 900 mm (discapacitados)<\/p>\n<p>3. Material del brazo: Acr\u00edlico<\/p>\n<p>4. Velocidad de paso: 40 personas\/min.<\/p>\n<p>5. Fuente de alimentaci\u00f3n: 110V\/220V 50\/60Hz<\/p>\n<p>6. Motor sin escobillas<\/p>\n<p>7. Se\u00f1al de puerta abierta: contacto seco\/rel\u00e9<\/p>\n<p>8. Motor de accionamiento del torniquete de puerta batiente: 24V<\/p>\n<p>9. La luz LED en los brazos es opcional<\/p>\n<p><strong><a title=\"Puerta de torniquete abatible con certificaci\u00f3n CE de Mairs\" href=\"http:\/\/mairsturnstile.com\/wp-content\/uploads\/2022\/09\/Mairs-CE-Certificate-Swing-Turnstile-Gate.pdf\" target=\"_blank\" rel=\"noopener noreferrer\">Certificaci\u00f3n CE<\/a>, <a title=\"Certificado Mairs ISO9001\" href=\"http:\/\/mairsturnstile.com\/wp-content\/uploads\/2022\/09\/Mairs-Registration-Certificate-ISO9001.pdf\" target=\"_blank\" rel=\"noopener noreferrer\">Certificado ISO 9001.<\/a><\/strong><\/p>\n<p><a title=\"Folleto de torniquete de reconocimiento facial\" href=\"http:\/\/mairsturnstile.com\/wp-content\/uploads\/2023\/12\/MT342-brochure.pdf\" target=\"_blank\" rel=\"noopener noreferrer\"><img decoding=\"async\" class=\"alignnone size-full wp-image-11034\" src=\"http:\/\/mairsturnstile.com\/wp-content\/uploads\/2022\/09\/pdf-MairsTurnstile.png\" alt=\"\" width=\"32\" height=\"32\"><strong><span style=\"color: #0000ff;\">Folleto del torniquete de reconocimiento facial MT342<\/span><\/strong><\/a><\/p>\n","protected":false},"featured_media":44279,"comment_status":"closed","ping_status":"closed","template":"","meta":{"neve_meta_sidebar":"","neve_meta_container":"","neve_meta_enable_content_width":"off","neve_meta_content_width":0,"neve_meta_title_alignment":"","neve_meta_author_avatar":"","neve_post_elements_order":"","neve_meta_disable_header":"","neve_meta_disable_footer":"","neve_meta_disable_title":"","_ti_tpc_template_sync":false,"_ti_tpc_template_id":""},"product_cat":[678,801],"product_tag":[812,833,834,1378],"class_list":["post-10260","product","type-product","status-publish","has-post-thumbnail","hentry","product_cat-puerta-de-torniquete","product_cat-puerta-de-torniquete-abatible","product_tag-puerta-de-torniquete-abatible","product_tag-puerta-giratoria-con-reconocimiento-facial","product_tag-torniquete-de-reconocimiento-facial","product_tag-torniquete-de-salida"],"_links":{"self":[{"href":"https:\/\/mairsturnstile.com\/es\/wp-json\/wp\/v2\/product\/10260","targetHints":{"allow":["GET"]}}],"collection":[{"href":"https:\/\/mairsturnstile.com\/es\/wp-json\/wp\/v2\/product"}],"about":[{"href":"https:\/\/mairsturnstile.com\/es\/wp-json\/wp\/v2\/types\/product"}],"replies":[{"embeddable":true,"href":"https:\/\/mairsturnstile.com\/es\/wp-json\/wp\/v2\/comments?post=10260"}],"version-history":[{"count":0,"href":"https:\/\/mairsturnstile.com\/es\/wp-json\/wp\/v2\/product\/10260\/revisions"}],"wp:featuredmedia":[{"embeddable":true,"href":"https:\/\/mairsturnstile.com\/es\/wp-json\/wp\/v2\/media\/44279"}],"wp:attachment":[{"href":"https:\/\/mairsturnstile.com\/es\/wp-json\/wp\/v2\/media?parent=10260"}],"wp:term":[{"taxonomy":"product_cat","embeddable":true,"href":"https:\/\/mairsturnstile.com\/es\/wp-json\/wp\/v2\/product_cat?post=10260"},{"taxonomy":"product_tag","embeddable":true,"href":"https:\/\/mairsturnstile.com\/es\/wp-json\/wp\/v2\/product_tag?post=10260"}],"curies":[{"name":"wp","href":"https:\/\/api.w.org\/{rel}","templated":true}]}}