{"id":14421,"date":"2022-01-24T21:44:02","date_gmt":"2022-01-24T13:44:02","guid":{"rendered":"https:\/\/mairsturnstile.com\/product\/bolardos-retractiles-bolardo-elevable-hidraulico-bolardos-hidraulicos"},"modified":"2022-01-24T21:44:02","modified_gmt":"2022-01-24T13:44:02","slug":"bolardos-hidraulicos","status":"publish","type":"product","link":"https:\/\/mairsturnstile.com\/es\/producto\/bolardos-hidraulicos","title":{"rendered":"bolardos retr\u00e1ctiles bolardo elevable hidr\u00e1ulico bolardos hidr\u00e1ulicos"},"content":{"rendered":"<h3>Los bolardos hidr\u00e1ulicos cuentan con una garant\u00eda de 2 a\u00f1os y soporte de mantenimiento y reparaci\u00f3n duradero.<\/h3>\n<p>Podemos proporcionar servicios de OEM y ODM. Estos bolardos hidr\u00e1ulicos pueden equiparse con un lector de tarjetas, que puede controlar autom\u00e1ticamente la elevaci\u00f3n de los bolardos de elevaci\u00f3n hidr\u00e1ulica mediante el deslizamiento de la tarjeta. Tambi\u00e9n se puede equipar con una puerta torniquete de estacionamiento o <a href=\"https:\/\/en.wikipedia.org\/wiki\/Access_control\" target=\"_blank\" rel=\"noopener\">control de acceso.<\/a> Tambi\u00e9n se puede conectar con el sistema de gesti\u00f3n y el sistema de carga y controlado por la computadora. Tambi\u00e9n puede personalizar la funci\u00f3n de parpadeo del LED para que emita una advertencia intermitente durante la actividad de la columna y una advertencia luminosa durante la noche. Tambi\u00e9n puede personalizar la alarma audible y la alarma intermitente. Si desea personalizar una pilona hidr\u00e1ulica elevable, p\u00f3ngase en <a href=\"https:\/\/mairsturnstile.com\/contact\">contacto con nosotros<\/a><\/p>\n<p>Los bolardos hidr\u00e1ulicos son un tipo de equipo para controlar el paso de veh\u00edculos de carretera, que se pueden utilizar junto con el sistema de control de puertas de torniquete de estacionamiento o solos; Est\u00e1 especialmente dise\u00f1ado y desarrollado para evitar que veh\u00edculos no autorizados entren en \u00e1reas sensibles y tiene una alta practicidad, confiabilidad y seguridad.<\/p>\n<p>Los bolardos hidr\u00e1ulicos se componen de una base inferior, una columna de barrera de bloqueo de elevaci\u00f3n, un dispositivo de transmisi\u00f3n de potencia, un control y otras partes. De acuerdo con las diferentes necesidades de los diferentes clientes, tiene una variedad de modos de configuraci\u00f3n para que los usuarios elijan, que pueden cumplir con los requisitos funcionales de varios clientes.<\/p>\n<p>Los bolardos hidr\u00e1ulicos autom\u00e1ticos se utilizan com\u00fanmente para asegurar propiedades p\u00fablicas y privadas y algunas \u00e1reas de alta seguridad. Act\u00faa como una barrera visual. Van desde bolardos retr\u00e1ctiles semiautom\u00e1ticos hasta bolardos totalmente autom\u00e1ticos con clasificaci\u00f3n de colisi\u00f3n. Est\u00e1n disponibles en una variedad de tama\u00f1os, acabados y materiales. Los bolardos y los bloqueadores de carreteras de seguridad pueden proteger a personas y lugares de problemas no seguros.<\/p>\n<p>Rendimiento de los bolardos hidr\u00e1ulicos:<br \/>\nLa estructura de los bolardos hidr\u00e1ulicos es firme y duradera, la carga del rodamiento es grande, la acci\u00f3n es estable y el ruido es bajo. Se adopta el control PLC y el rendimiento operativo del sistema es estable y confiable, lo cual es conveniente para la integraci\u00f3n. Los bolardos hidr\u00e1ulicos se pueden vincular con otros equipos, como la puerta de la barrera de estacionamiento, o se pueden combinar con otros equipos de control para realizar un control autom\u00e1tico.<\/p>\n<p>En caso de falla o corte de energ\u00eda, si la columna de elevaci\u00f3n est\u00e1 en estado elevado y necesita ser bajada, se puede bajar a mano. La operaci\u00f3n de movimiento bajar\u00e1 la columna elevada a la posici\u00f3n horizontal con el suelo para permitir el paso de veh\u00edculos. Se adopta la tecnolog\u00eda l\u00edder internacional de accionamiento hidr\u00e1ulico de baja presi\u00f3n, y todo el sistema tiene alta seguridad, confiabilidad y estabilidad.<br \/>\nDispositivo de control remoto: a trav\u00e9s del control remoto inal\u00e1mbrico, puede estar dentro de los 30 metros alrededor del controlador (dependiendo del entorno de comunicaci\u00f3n por radio en el sitio), el levantamiento de la columna de barricada de control remoto m\u00f3vil.<\/p>\n<p>Entorno de almacenamiento: -10 \u2103 ~ 65 \u2103, a prueba de agua, a prueba de humedad, a prueba de polvo.<br \/>\nAltura de elevaci\u00f3n: 600 mm (est\u00e1ndar) El m\u00e1ximo puede ser de 800 mm<br \/>\nGrosor est\u00e1ndar: 6 (est\u00e1ndar) 8,10,25,30 mm (opcional).<br \/>\nDi\u00e1metro del cilindro: 219<br \/>\nTama\u00f1o de la carcasa: 430*430*900mm<br \/>\nEstructura: Con viga-columna de acero portante, viga-columna de acero anticolisi\u00f3n, 4 varillas de navegaci\u00f3n<br \/>\nMecanismo el\u00e9ctrico integrado: carrera 600 mm, di\u00e1metro exterior del cilindro 60 mm,<br \/>\nDi\u00e1metro del v\u00e1stago del pist\u00f3n: 16 mm<br \/>\nCilindro de superficie de espejo 6K<br \/>\nCon LED (c\u00edrculo de luz acr\u00edlica)<br \/>\nAdhesivo reflectante: 2 tiras<br \/>\nEn caso de un corte de energ\u00eda, los bolardos se pueden bajar manualmente conect\u00e1ndolos con una bater\u00eda de respaldo<br \/>\nTasa de IP: Certificado IP68<br \/>\nPeso: 150\u00b1KG<\/p>\n<p>En subida y bajada, una operaci\u00f3n reversible est\u00e1 disponible<br \/>\nUn dispositivo con ruido \u2264 60 decibelios<br \/>\nEl mecanismo hidr\u00e1ulico es una carcasa de aluminio completamente sellada para garantizar una clasificaci\u00f3n a prueba de agua<br \/>\nEl accionamiento hidr\u00e1ulico viene con un bloqueo hidr\u00e1ulico.<br \/>\nSistema de control de comando de programaci\u00f3n de PLC<br \/>\nTensi\u00f3n electrov\u00e1lvula 24V<br \/>\nDistancia de control remoto 50M-100M (seg\u00fan el entorno)<br \/>\nEl cuadro de control muestra texto ajustable (Arriba, Abajo, Acci\u00f3n, Ajuste de control de tiempo)<br \/>\nPantalla de texto con biling\u00fce chino e ingl\u00e9s.<br \/>\nSistema de encriptaci\u00f3n integrado PLC<br \/>\nMando a distancia APP y PC (opcional)<\/p>\n<p><img fetchpriority=\"high\" decoding=\"async\" class=\"wp-image-12611 size-full\" src=\"http:\/\/mairsturnstile.com\/wp-content\/uploads\/2022\/11\/dimension-of-rising-bollards-219s.jpg\" alt=\"tama\u00f1o de bolardos hidr\u00e1ulicos\" width=\"1024\" height=\"820\" title=\"\" srcset=\"https:\/\/mairsturnstile.com\/wp-content\/uploads\/2022\/11\/dimension-of-rising-bollards-219s.jpg 1024w, https:\/\/mairsturnstile.com\/wp-content\/uploads\/2022\/11\/dimension-of-rising-bollards-219s-300x240.jpg 300w, https:\/\/mairsturnstile.com\/wp-content\/uploads\/2022\/11\/dimension-of-rising-bollards-219s-768x615.jpg 768w, https:\/\/mairsturnstile.com\/wp-content\/uploads\/2022\/11\/dimension-of-rising-bollards-219s-800x641.jpg 800w\" sizes=\"(max-width: 1024px) 100vw, 1024px\" \/><\/p>\n<p><img decoding=\"async\" class=\"size-full wp-image-12535\" src=\"http:\/\/mairsturnstile.com\/wp-content\/uploads\/2022\/11\/rising-bollards.jpg\" alt=\"bolardos ascendentes\" width=\"1024\" height=\"1100\" title=\"\" srcset=\"https:\/\/mairsturnstile.com\/wp-content\/uploads\/2022\/11\/rising-bollards.jpg 1024w, https:\/\/mairsturnstile.com\/wp-content\/uploads\/2022\/11\/rising-bollards-279x300.jpg 279w, https:\/\/mairsturnstile.com\/wp-content\/uploads\/2022\/11\/rising-bollards-953x1024.jpg 953w, https:\/\/mairsturnstile.com\/wp-content\/uploads\/2022\/11\/rising-bollards-768x825.jpg 768w, https:\/\/mairsturnstile.com\/wp-content\/uploads\/2022\/11\/rising-bollards-800x859.jpg 800w\" sizes=\"(max-width: 1024px) 100vw, 1024px\" \/><\/p>\n","protected":false},"excerpt":{"rendered":"<p>1. Sistema: sistema el\u00e9ctrico-hidr\u00e1ulico<\/p>\n<p>2. Presi\u00f3n m\u00e1xima de paso: camiones de 80 toneladas<\/p>\n<p>3. Voltaje: AC220V 50Hz Integrado<\/p>\n<p>4. Potencia (w): 300 W integrado<\/p>\n<p>5. Tiempo de actividad: 4.5S<\/p>\n<p>6. Tiempo de inactividad: 3S<\/p>\n<p>7. Temperatura de trabajo: -65 \u2103 ~ 75 \u2103<\/p>\n<p>8. Material: acero inoxidable 304<\/p>\n","protected":false},"featured_media":12727,"comment_status":"closed","ping_status":"closed","template":"","meta":{"neve_meta_sidebar":"","neve_meta_container":"","neve_meta_enable_content_width":"off","neve_meta_content_width":0,"neve_meta_title_alignment":"","neve_meta_author_avatar":"","neve_post_elements_order":"","neve_meta_disable_header":"","neve_meta_disable_footer":"","neve_meta_disable_title":"","_ti_tpc_template_sync":false,"_ti_tpc_template_id":""},"product_cat":[868,867],"product_tag":[1672,1673],"class_list":["post-14421","product","type-product","status-publish","has-post-thumbnail","hentry","product_cat-barrera-vial","product_cat-bolardos-ascendentes","product_tag-bolardos-hidraulicos","product_tag-bolardos-retractiles"],"_links":{"self":[{"href":"https:\/\/mairsturnstile.com\/es\/wp-json\/wp\/v2\/product\/14421","targetHints":{"allow":["GET"]}}],"collection":[{"href":"https:\/\/mairsturnstile.com\/es\/wp-json\/wp\/v2\/product"}],"about":[{"href":"https:\/\/mairsturnstile.com\/es\/wp-json\/wp\/v2\/types\/product"}],"replies":[{"embeddable":true,"href":"https:\/\/mairsturnstile.com\/es\/wp-json\/wp\/v2\/comments?post=14421"}],"version-history":[{"count":0,"href":"https:\/\/mairsturnstile.com\/es\/wp-json\/wp\/v2\/product\/14421\/revisions"}],"wp:featuredmedia":[{"embeddable":true,"href":"https:\/\/mairsturnstile.com\/es\/wp-json\/wp\/v2\/media\/12727"}],"wp:attachment":[{"href":"https:\/\/mairsturnstile.com\/es\/wp-json\/wp\/v2\/media?parent=14421"}],"wp:term":[{"taxonomy":"product_cat","embeddable":true,"href":"https:\/\/mairsturnstile.com\/es\/wp-json\/wp\/v2\/product_cat?post=14421"},{"taxonomy":"product_tag","embeddable":true,"href":"https:\/\/mairsturnstile.com\/es\/wp-json\/wp\/v2\/product_tag?post=14421"}],"curies":[{"name":"wp","href":"https:\/\/api.w.org\/{rel}","templated":true}]}}