{"id":14435,"date":"2022-07-09T17:17:14","date_gmt":"2022-07-09T09:17:14","guid":{"rendered":"https:\/\/mairsturnstile.com\/product\/escaner-de-codigo-qr-incorporado-para-puerta-de-torniquete"},"modified":"2024-05-27T17:21:37","modified_gmt":"2024-05-27T09:21:37","slug":"qr-codigo-escaner","status":"publish","type":"product","link":"https:\/\/mairsturnstile.com\/es\/producto\/qr-codigo-escaner","title":{"rendered":"Lector de c\u00f3digos QR integrado para torniquetes"},"content":{"rendered":"<h2>Este esc\u00e1ner de c\u00f3digos QR integrado sin contacto MTX200 tiene 2 a\u00f1os de garant\u00eda y un servicio de mantenimiento y reparaci\u00f3n duradero.<\/h2>\n<p>Podemos proporcionar servicios de OEM y ODM. Tambi\u00e9n ofrecemos dispositivos biom\u00e9tricos, como lectores de tarjetas IC\/ID, esc\u00e1neres de huellas dactilares, esc\u00e1neres de <a href=\"https:\/\/en.wikipedia.org\/wiki\/QR_code\" target=\"_blank\" rel=\"noopener\">c\u00f3digos QR<\/a>, c\u00e1maras de reconocimiento facial, etc.<\/p>\n<p>MTX200 es un esc\u00e1ner de c\u00f3digo QR incorporado, que adopta la tecnolog\u00eda de decodificaci\u00f3n central de desarrollo propio y puede admitir la lectura r\u00e1pida de c\u00f3digos unidimensionales y sistemas de c\u00f3digos QR al mismo tiempo. Su superficie est\u00e1 hecha de vidrio templado, que tiene buena transmisi\u00f3n de luz, resistencia a rayones y ca\u00eddas. Se puede utilizar para m\u00faltiples prop\u00f3sitos. Si necesita este esc\u00e1ner de c\u00f3digo QR para el torniquete, <a href=\"https:\/\/mairsturnstile.com\/contact\">cont\u00e1ctenos.<\/a><\/p>\n<p>Este esc\u00e1ner de c\u00f3digo QR puede equiparse con una funci\u00f3n de deslizamiento de tarjeta NFC (tarjeta IC sin contacto de radiofrecuencia de 13,56 MHz, tarjeta de sensor M1, tel\u00e9fono m\u00f3vil NFC y tarjeta de identificaci\u00f3n), que puede adaptarse a escenarios de aplicaciones integrales y complejos.<\/p>\n<p>El esc\u00e1ner de c\u00f3digo QR MTX200 puede reconocer varios sistemas de c\u00f3digo, como c\u00f3digo unidimensional, c\u00f3digo bidimensional, c\u00f3digo de pantalla de tel\u00e9fono m\u00f3vil, c\u00f3digo en papel, etc., 70 veces por segundo y escanearlo como desee desde 360 grados. Distancia reconocible de entre 3-10cm. M\u00faltiples mecanismos de retroalimentaci\u00f3n mejoran la experiencia interactiva. Tres luces indicadoras, una ventana de lectura con luz roja intermitente y un c\u00f3digo de escaneo que emite un sonido r\u00e1pido, mejore su experiencia de escaneo.<\/p>\n<p>El MTX200 puede combinar USB, RS232, TTL y otros m\u00e9todos de transmisi\u00f3n de datos, e integrar salida WiFi para satisfacer las duras necesidades de la era del Internet de las Cosas. Lectura de im\u00e1genes de reconocimiento autom\u00e1tico, admite desarrollo secundario y proporciona personalizaci\u00f3n de funciones. Autodesarrollo, diversas interfaces de desarrollo, buena capacidad compatible.<\/p>\n<p>Interfaces de desarrollo secundarias: C\/C++, C#, Java, DELPHI, compatible con Android Pad, placa de desarrollo Android, sistema Windows, Mac, Linux, caja registradora, Raspberry Pi.<\/p>\n<p>Admite entrada de voltaje amplio de 4.7-15v, elimina el impacto del voltaje en la vida \u00fatil del equipo, ahorra fuente de alimentaci\u00f3n conmutada, reduce los costos del equipo y se aplica a m\u00e1s escenarios. Por ejemplo, puerta de torniquete para peatones de seguridad de 12 V, gabinete de autoservicio de 5 V, m\u00e1quina expendedora, m\u00e1quina para tomar boletos, gabinete para tomar comidas, gabinete expr\u00e9s, contenedor de reciclaje de basura, m\u00e1quina de pago, impresora, m\u00e1quina de colas, m\u00e1quina de registro, pr\u00e9stamo y devoluci\u00f3n estanter\u00eda, etc<\/p>\n<p>Hay ricas interfaces de comunicaci\u00f3n, WiFi, RS232, TTL y USB (teclado anal\u00f3gico, modo de desarrollo oculto) la salida es opcional, se proporciona SDK y se admiten servicios secundarios de desarrollo y personalizaci\u00f3n. Compatible con sistemas Windows (xp\/7\/8\/10), MAC, Android y Linux.<\/p>\n<p>fuente de luz: iluminaci\u00f3n difusa LED (iluminaci\u00f3n blanca, indicador rojo)<br \/>\nInstrucci\u00f3n: zumbador, tres indicadores de estado LED azules, indicaci\u00f3n LED roja<br \/>\nC\u00f3digo de identificaci\u00f3n: C\u00f3digo QR, Data Matrix, EAN_13, EAN_8, RSS_14, CODE_39, CODE_93, CODE_128, ITF, Code Bar, Inverse Code, Mirror Code, etc.<br \/>\n\u00c1ngulo del campo de visi\u00f3n: campo de visi\u00f3n horizontal 77\u00b0, campo de visi\u00f3n vertical 60\u00b0<br \/>\n\u00c1ngulo de lectura: inclinaci\u00f3n \u00b1 40\u00b0, desviaci\u00f3n \u00b1 30\u00b0, rotaci\u00f3n 360\u00b0<br \/>\nProfundidad de campo: 0 mm ~ 55 mm (c\u00f3digo QR de 15 mil)<br \/>\nMicroprocesador: CPU 1G de 32 bits, memoria DDR de alta velocidad<br \/>\nInterfaz de datos: RS232 (9,6 ~ 115,2 kbps), USB1.1 (HID-KBW, HID-POS), HID personalizado (agregar interfaz de desarrollo USB, transmisi\u00f3n de alta velocidad)<\/p>\n<p>L\u00ednea de datos: l\u00ednea de datos RS232 (interfaz de fuente de alimentaci\u00f3n USB + interfaz de datos DB9), cable USB, l\u00ednea TTL<br \/>\nTemperatura de funcionamiento: -20~70 grados cent\u00edgrados<br \/>\nTemperatura de almacenamiento: -40 a 80 grados cent\u00edgrados<br \/>\nHumedad: Humedad relativa 0%~95%<br \/>\nIntensidad de luz ambiental: 0~80,000LUX<br \/>\nVoltaje de funcionamiento: admite entrada de voltaje amplio de 5 ~ 15 V<br \/>\nCorriente de trabajo: 0.15A (5V) o 0.05A (15v)<br \/>\nConsumo m\u00e1ximo de energ\u00eda: 0.75W<br \/>\nTouchless Lector de c\u00f3digos QR integrado para tipos de torniquetes.<br \/>\nCertificaci\u00f3n internacional: FCC Part15 Clase B, CE EMC Clase<br \/>\nRequisitos de mantenimiento: soporte de mantenimiento remoto y actualizaci\u00f3n en l\u00ednea<br \/>\nMateriales Cuerpo: PC importado Ventana: Vidrio templado<br \/>\nSistema operativo: compatible con Windows (xp.7.8.10), Linux, Android, Mac, etc.<\/p>\n","protected":false},"excerpt":{"rendered":"<p>1. dimensi\u00f3n f\u00edsica: 95*84*48mm<\/p>\n<p>2. Tama\u00f1o de la ventana de lectura: 59*46mm<\/p>\n<p>3. M\u00e9todo de instalaci\u00f3n: instalaci\u00f3n integrada<\/p>\n<p>4. Materiales: ABS<\/p>\n<p>5. Tama\u00f1o del orificio: 67,5*88mm<\/p>\n<p>6. Radio de esquina: 4,27 mm<\/p>\n<p>7. Sensor de imagen: CMOS de 300.000 p\u00edxeles (640*480)<\/p>\n<p>8. Contraste de impresi\u00f3n: \u2265 25%<\/p>\n<p>9. Precisi\u00f3n de lectura: \u2265 7mil<\/p>\n<p>10. Velocidad de lectura: 70ms\/veces<\/p>\n<p><a title=\"Folleto del esc\u00e1ner de c\u00f3digos QR\" href=\"http:\/\/mairsturnstile.com\/wp-content\/uploads\/2023\/12\/MT-TX200-QR-code-scanner-brochure.pdf\" target=\"_blank\" rel=\"noopener noreferrer\"><img decoding=\"async\" class=\"alignnone size-full wp-image-11034\" src=\"http:\/\/mairsturnstile.com\/wp-content\/uploads\/2022\/09\/pdf-MairsTurnstile.png\" alt=\"\" width=\"32\" height=\"32\"><strong><span style=\"color: #0000ff;\">Folleto del esc\u00e1ner de c\u00f3digos QR MTX200<\/span><\/strong><\/a><\/p>\n","protected":false},"featured_media":42676,"comment_status":"closed","ping_status":"closed","template":"","meta":{"neve_meta_sidebar":"","neve_meta_container":"","neve_meta_enable_content_width":"off","neve_meta_content_width":0,"neve_meta_title_alignment":"","neve_meta_author_avatar":"","neve_post_elements_order":"","neve_meta_disable_header":"","neve_meta_disable_footer":"","neve_meta_disable_title":"","_ti_tpc_template_sync":false,"_ti_tpc_template_id":""},"product_cat":[866],"product_tag":[1681],"class_list":["post-14435","product","type-product","status-publish","has-post-thumbnail","hentry","product_cat-control-de-acceso","product_tag-escaner-de-codigo-qr-torniquete"],"_links":{"self":[{"href":"https:\/\/mairsturnstile.com\/es\/wp-json\/wp\/v2\/product\/14435","targetHints":{"allow":["GET"]}}],"collection":[{"href":"https:\/\/mairsturnstile.com\/es\/wp-json\/wp\/v2\/product"}],"about":[{"href":"https:\/\/mairsturnstile.com\/es\/wp-json\/wp\/v2\/types\/product"}],"replies":[{"embeddable":true,"href":"https:\/\/mairsturnstile.com\/es\/wp-json\/wp\/v2\/comments?post=14435"}],"version-history":[{"count":0,"href":"https:\/\/mairsturnstile.com\/es\/wp-json\/wp\/v2\/product\/14435\/revisions"}],"wp:featuredmedia":[{"embeddable":true,"href":"https:\/\/mairsturnstile.com\/es\/wp-json\/wp\/v2\/media\/42676"}],"wp:attachment":[{"href":"https:\/\/mairsturnstile.com\/es\/wp-json\/wp\/v2\/media?parent=14435"}],"wp:term":[{"taxonomy":"product_cat","embeddable":true,"href":"https:\/\/mairsturnstile.com\/es\/wp-json\/wp\/v2\/product_cat?post=14435"},{"taxonomy":"product_tag","embeddable":true,"href":"https:\/\/mairsturnstile.com\/es\/wp-json\/wp\/v2\/product_tag?post=14435"}],"curies":[{"name":"wp","href":"https:\/\/api.w.org\/{rel}","templated":true}]}}