{"id":9693,"date":"2022-05-02T11:50:56","date_gmt":"2022-05-02T03:50:56","guid":{"rendered":"https:\/\/mairsturnstile.com\/product\/torniquete-de-bicicleta-torniquete-de-altura-completa-con-puerta-de-bicicleta-mt451-z"},"modified":"2026-05-06T10:56:21","modified_gmt":"2026-05-06T02:56:21","slug":"torniquete-de-bicicleta","status":"publish","type":"product","link":"https:\/\/mairsturnstile.com\/es\/producto\/torniquete-de-bicicleta","title":{"rendered":"Torniquete para bicicletas Torniquete para bicicletas de altura completa con portillo para bicicletas"},"content":{"rendered":"        <!-- 3D Model html -->\r\n        <div class=\"bp_grand wrapper_51813\">   \r\n        <div class=\"bp_model_parent\">\r\n            <model-viewer class=\"model\" id=\"bp_model_id_51813\" src=\"http:\/\/mairsturnstile.com\/wp-content\/uploads\/2024\/09\/MT-LX402-Z.glb\" alt=\"MT-LX402-Z\" camera-controls  loading=\"auto\" auto-rotate                        >\r\n            <\/model-viewer>\r\n        \r\n            <!-- Button -->\r\n            <svg id=\"openBtn\" width=\"30px\" height=\"30px\" viewBox=\"0 0 16 16\" xmlns=\"http:\/\/www.w3.org\/2000\/svg\" fill=\"#f2f2f2\" class=\"bi bi-arrows-fullscreen model-icon\">\r\n                <path fill-rule=\"evenodd\" d=\"M5.828 10.172a.5.5 0 0 0-.707 0l-4.096 4.096V11.5a.5.5 0 0 0-1 0v3.975a.5.5 0 0 0 .5.5H4.5a.5.5 0 0 0 0-1H1.732l4.096-4.096a.5.5 0 0 0 0-.707zm4.344 0a.5.5 0 0 1 .707 0l4.096 4.096V11.5a.5.5 0 1 1 1 0v3.975a.5.5 0 0 1-.5.5H11.5a.5.5 0 0 1 0-1h2.768l-4.096-4.096a.5.5 0 0 1 0-.707zm0-4.344a.5.5 0 0 0 .707 0l4.096-4.096V4.5a.5.5 0 1 0 1 0V.525a.5.5 0 0 0-.5-.5H11.5a.5.5 0 0 0 0 1h2.768l-4.096 4.096a.5.5 0 0 0 0 .707zm-4.344 0a.5.5 0 0 1-.707 0L1.025 1.732V4.5a.5.5 0 0 1-1 0V.525a.5.5 0 0 1 .5-.5H4.5a.5.5 0 0 1 0 1H1.732l4.096 4.096a.5.5 0 0 1 0 .707z\"\/>\r\n            <\/svg>\r\n        \r\n            <svg id=\"closeBtn\" class=\"model-icon\" width=\"34px\" height=\"34px\" viewBox=\"0 0 24 24\" xmlns=\"http:\/\/www.w3.org\/2000\/svg\">\r\n                <path fill=\"none\" stroke=\"#f2f2f2\" stroke-width=\"2\" d=\"M7,7 L17,17 M7,17 L17,7\"\/>\r\n            <\/svg>\r\n        \r\n        <\/div>\r\n        <\/div> \r\n\r\n        <!-- Model Viewer Style -->\r\n        <style>\r\n            \r\n            .wrapper_51813 .bp_model_parent, #bp_model_id_51813 {\r\n                width: 1150px;\r\n                max-width: 100%;\r\n                                            }\r\n            #bp_model_id_51813 {\r\n                height:700px;\r\n                background-color: #f9f9f9;\r\n            }\r\n            .fullscreen #bp_model_id_51813{\r\n            height: 100%;\r\n            width: 100%;\r\n            }\r\n            .wrapper_51813 .bp_model_parent{\r\n                justify-content: start            }\r\n            model-viewer.model {\r\n                --poster-color: transparent;\r\n            }\r\n        <\/style>\r\n        \r\n        \n<h3>El Torniquete para Bicicletas de Altura Completa con Puerta para Bicicletas tiene una garant\u00eda de 2 a\u00f1os y un soporte duradero de mantenimiento y reparaci\u00f3n.<\/h3>\n<p>Torniquete de altura completa para bicicletas, puerta de seguridad automatizada. Asegure sus instalaciones con nuestro torniquete de altura completa para bicicletas. Su dise\u00f1o \u00fanico permite garantizar una alta seguridad, sin necesidad de supervisi\u00f3n humana (24\/7), para el flujo de peatones y ciclistas. Torniquete para bicicletas a medida, puerta de altura completa exclusiva. Cree su propio torniquete personalizado para bicicletas con la ayuda de nuestros expertos en dise\u00f1o. Un torniquete de altura completa \u00fanico, disponible en acabados personalizados para armonizar con la est\u00e9tica de su marca. Obtenga la mejor relaci\u00f3n calidad-precio con un torniquete para bicicletas de alta calidad y un dise\u00f1o premium de altura completa. Una est\u00e9tica inigualable sin un precio elevado. Control de acceso seguro para bicicletas.      <\/p>\n<p>Podemos proporcionar servicios de OEM y ODM. Tambi\u00e9n ofrecemos dispositivos biom\u00e9tricos, como lectores de tarjetas IC\/ID, esc\u00e1neres de huellas dactilares, esc\u00e1neres de <a href=\"https:\/\/en.wikipedia.org\/wiki\/QR_code\" target=\"_blank\" rel=\"noopener\">c\u00f3digos QR<\/a>, c\u00e1maras de reconocimiento facial, etc. Tambi\u00e9n hemos lanzado una nueva serie de torniquetes de altura completa con aspecto elegante y estructura robusta. Consulte: <a style=\"color: #0000ff;\" href=\"https:\/\/mairsturnstile.com\/full-height-series-turnstile\" target=\"_blank\" rel=\"noopener\"><span style=\"color: #0000ff;\">serie de torniquetes de altura completa<\/span><\/a> <\/p>\n<p>Un torniquete para bicicletas de altura completa est\u00e1 dise\u00f1ado para permitir el paso de los ciclistas sin necesidad de desmontar, al tiempo que ofrece la misma seguridad contra el paso no autorizado y la escalada que un <a href=\"https:\/\/mairsturnstile.com\/full-height-turnstiles.html\" target=\"_blank\" rel=\"noopener\">torniquete est\u00e1ndar de altura completa<\/a>. Los peatones tambi\u00e9n pueden pasar de forma individual. Integra el paso de peatones y el paso de bicicletas. Despu\u00e9s de que el peat\u00f3n proporciona la se\u00f1al legal de apertura de la puerta, la barra de bloqueo del torniquete para peatones gira un cierto \u00e1ngulo en la direcci\u00f3n de apertura de la puerta para incitar al peat\u00f3n a pasar. La varilla de bloqueo del paso de bicicletas gira 120 grados para abrirse. Despu\u00e9s de que el peat\u00f3n empuja suavemente la varilla de bloqueo del paso de peatones, la varilla de bloqueo del paso de peatones gira autom\u00e1ticamente en la direcci\u00f3n de apertura de la puerta. El chasis y la barra de bloqueo giratoria adoptan una estructura removible, que es conveniente para la instalaci\u00f3n y el transporte.<\/p>\n<p>El torniquete de bicicleta tiene una gran capacidad a prueba de agua y polvo, una gran \u00e1rea de bloqueo y no puede cruzar ni escalar. Es adecuado para lugares interiores y exteriores con requisitos de alta seguridad, como bases militares, unidades secretas de estado, prisiones, f\u00e1bricas, comunidades residenciales, etc. Adquiera un vers\u00e1til torniquete para bicicletas con paso peatonal y ciclista. Un dise\u00f1o \u00fanico de torniquete de altura completa, ideal para flujos de tr\u00e1fico mixto. Torniquete de alta seguridad para bicicletas. Compre un torniquete para exteriores de uso rudo y dise\u00f1o moderno y elegante. Un torniquete de altura completa y gran durabilidad, apto para todo tipo de condiciones clim\u00e1ticas. Port\u00f3n de alta seguridad para bicicletas. Descubra nuestro torniquete para bicicletas de uso industrial y servicio pesado, con un dise\u00f1o robusto y exclusivo. Torniquete de altura completa fabricado en acero inoxidable resistente a la intemperie. Solicite una cotizaci\u00f3n hoy mismo.        <\/p>\n<p>El torniquete para bicicletas adopta un dise\u00f1o mec\u00e1nico anti-seguimiento para controlar efectivamente solo a una persona a la vez.<\/p>\n<p>Cuando se recibe una se\u00f1al legal de apertura de puerta en una direcci\u00f3n, dentro del tiempo de paso permitido, los peatones que ingresan al paso desde la direcci\u00f3n opuesta y empujan la barra del torniquete se considerar\u00e1n como paso inverso, y la barra del torniquete en esta direcci\u00f3n se bloquear\u00e1 para evitar peatones del paso inverso.<\/p>\n<p>El sistema de control de retroalimentaci\u00f3n de circuito cerrado se utiliza para monitorear el estado de movimiento de la varilla del freno, que puede detectar con sensibilidad los comportamientos que amenazan la seguridad del canal, como la colisi\u00f3n ilegal de la varilla y el paso inverso, y luego enviar advertencias en forma de sonido. y la luz, y tambi\u00e9n se puede vincular con otros sistemas de seguridad.<\/p>\n<p>El torniquete de bicicleta adopta una estructura de mecanismo de torniquete avanzado y est\u00e1 equipado con un motor de CC sin escobillas importado de alta calidad (n\u00facleo de movimiento), por lo que la vida \u00fatil del torniquete de altura completa es muy larga y el rendimiento es estable y no requiere mantenimiento .<\/p>\n<p>Tecnolog\u00eda de control de motor avanzada: se adoptan el sistema de control de servo avanzado y la tecnolog\u00eda de control de motor de brazo DSP +, y el algoritmo de control de motor se combina para realizar el control y posicionamiento precisos de la barrera.<\/p>\n<p>Tambi\u00e9n podemos crear una representaci\u00f3n para usted en unos minutos en funci\u00f3n de su escenario real. Tambi\u00e9n proporcionamos dise\u00f1os y planos detallados, as\u00ed como planos de instalaci\u00f3n.<\/p>\n\n        \t\n\t<style type=\"text\/css\">\n\t\t.slider-info-52231.bafg-slider-info .bafg-slider-title {\n\t\t\t\t\t\tfont-size: 22px;\n\t\t\t\t\t\t\n\t\t\t\n\t\t\t\t\t}\n\n\t\t.slider-info-52231.bafg-slider-info .bafg-slider-description {\n\t\t\t\n\t\t\t\n\t\t\t\t\t}\n\n\t\t.slider-info-52231.bafg-slider-info .bafg_slider_readmore_button {\n\t\t\t\n\t\t\t\n\t\t\t\n\t\t\t\n\t\t\t\n\t\t\ttext-align: center;\n\n\t\t\t\n\t\t\t\n\t\t\t\n\t\t\t\n\t\t\t\n\t\t\t\n\t\t\t\t\t}\n\n\t\t.slider-info-52231.bafg-slider-info .bafg_slider_readmore_button:hover {\n\n\t\t\t\n\t\t\t\n\t\t\t\t\t}\n\n\t<\/style>\n\t\n        <div class=\"bafg-twentytwenty-container slider-52231 \" bafg-orientation=\"horizontal\" bafg-default-offset=\"0.5\" bafg-before-label=\"Before\" bafg-after-label=\"After\" bafg-overlay=\"yes\" bafg-move-slider-on-hover=\"yes\" bafg-click-to-move=\"no\">\n              \n            <img decoding=\"async\" class=\"skip-lazy\" src=\"http:\/\/mairsturnstile.com\/wp-content\/uploads\/2024\/10\/full-height-bicycle-turnstile-1.jpg\" alt=\"full height bicycle turnstile\" data-skip-lazy title=\"\">\n            <img decoding=\"async\" class=\"skip-lazy\" src=\"http:\/\/mairsturnstile.com\/wp-content\/uploads\/2024\/10\/full-height-bicycle-turnstile.jpg\" alt=\"full height bicycle turnstile\" data-skip-lazy title=\"\">\n           \n        <\/div>\n\n        \t<div class=\"bafg-slider-info-wraper\">\n\t\t<div style=\"\" class=\"slider-info-52231 bafg-slider-info\">\n\t\t\t\t\t<\/div>\n\t<\/div>\n\t\n        <style type=\"text\/css\">\n            \n        <\/style>\n        \n<p>Apagado y apertura de puertas: el torniquete para bicicletas adopta una estructura mec\u00e1nica avanzada. Cuando la energ\u00eda est\u00e1 apagada, la barra de bloqueo se desbloquear\u00e1 autom\u00e1ticamente y se puede empujar libremente, lo cual es conveniente para evacuar a las personas. Es decir, apague y abra la puerta para proporcionar una protecci\u00f3n de seguridad personal integral para el personal que pasa.<\/p>\n<p>Apertura de puerta de emergencia: equipado con un dispositivo de control de escape de emergencia para desbloquear autom\u00e1ticamente la varilla del torniquete y empujarla libremente, para facilitar la evacuaci\u00f3n de personas.<\/p>\n<p>Prevenci\u00f3n de descargas el\u00e9ctricas: todos los m\u00f3dulos el\u00e9ctricos adoptan una tensi\u00f3n de seguridad inferior a 24 V y est\u00e1n equipados con un protector de corriente residual para evitar que los peatones sufran lesiones por descargas el\u00e9ctricas.<\/p>\n<p>Mecanismo: la puerta del torniquete de la bicicleta es autom\u00e1tica con un motor sin escobillas<\/p>\n<p>Semiautom\u00e1tico de altura completa para acceso de personas (autom\u00e1tico opcional)<\/p>\n<p>Fiabilidad del mecanismo: 5 millones, sin culpa<\/p>\n<p>Mecanismo con amortiguador hidr\u00e1ulico para amortiguaci\u00f3n<\/p>\n<p>La direcci\u00f3n de rotaci\u00f3n: Bidireccional \/ Unidireccional<\/p>\n<p>Situaci\u00f3n de emergencia: en caso de emergencia o aislamiento de la fuente de alimentaci\u00f3n, la puerta giratoria se puede configurar para que funcione a prueba de fallas, es decir, gira libremente o se bloquea en caso de fallas.<\/p>\n<p>Humedad del torniquete de bicicleta: \u226495\uff05<\/p>\n<p>Temperatura de trabajo: -25 \u2103 ~ 60 \u2103<\/p>\n<p>Funciones opcionales: Lector IC\/ID, Lector de c\u00f3digo de barras, Reconocimiento facial, Huella digital, Otros equipos de control de acceso, UPS, etc.<\/p>\n<p>Distancia de comunicaci\u00f3n: \u22641200 m<\/p>\n<p>Interfaz de comunicaci\u00f3n: RS485<\/p>\n<p>El tama\u00f1o se puede personalizar<\/p>\n<p>El tiempo necesario para la apertura: 0,2 s<\/p>\n<p>Ambiente de trabajo: Interior o exterior<\/p>\n<p>Rango de aplicaci\u00f3n: comunidad, f\u00e1brica, sitio de construcci\u00f3n, escuela, lugar del resort, instalaci\u00f3n gubernamental, etc.<\/p>\n<p>Podemos proporcionar la soluci\u00f3n completa de control de acceso de seguridad. Si tiene su propio sistema de control de acceso, puede usar directamente nuestra puerta de torniquete. Si no tiene uno, tambi\u00e9n ofrecemos una soluci\u00f3n completa de control de acceso de seguridad. Consulte el video a continuaci\u00f3n para obtener m\u00e1s detalles.<\/p>\n<p><iframe title=\"reproductor de videos de youtube\" src=\"https:\/\/www.youtube.com\/embed\/nosC8-KSZ-8?si=W3hodTXwckF6EEJr\" width=\"1150\" height=\"650\" frameborder=\"0\" allowfullscreen=\"allowfullscreen\"><span data-mce-type=\"bookmark\" style=\"display: inline-block; width: 0px; overflow: hidden; line-height: 0;\" class=\"mce_SELRES_start\"><\/span><\/iframe><\/p>\n","protected":false},"excerpt":{"rendered":"<p>1. Tama\u00f1o: 2630*1500*2350 mm (puede personalizarse)<\/p>\n<p>2. Ancho de carril para: 650 mm (rotor) 900 mm (bicicleta)<\/p>\n<p>3. Material: acero inoxidable 304 o acero inoxidable 316<\/p>\n<p>4. Velocidad de paso: 25 personas\/min.<\/p>\n<p>5. Fuente de alimentaci\u00f3n: 110V\/220V 50\/60hz<\/p>\n<p>6. Accionamiento: Operado semiautom\u00e1tico<\/p>\n<p>7. V\u00e1lvula solenoide: DC24V<\/p>\n<p>8. Se\u00f1al de puerta abierta: contacto seco\/rel\u00e9<\/p>\n<p>9. Accionamiento: Operado semiautom\u00e1tico<\/p>\n<p><span style=\"color: #000000;\"><strong><a style=\"color: #000000;\" title=\"Torniquete de altura completa certificado CE de Mairs\" href=\"http:\/\/mairsturnstile.com\/wp-content\/uploads\/2022\/09\/Mairs-CE-Certificate-Full-Height-Turnstile.pdf\" target=\"_blank\" rel=\"noopener noreferrer\">Certificaci\u00f3n CE<\/a>, <a style=\"color: #000000;\" title=\"Certificado Mairs ISO9001\" href=\"http:\/\/mairsturnstile.com\/wp-content\/uploads\/2022\/09\/Mairs-Registration-Certificate-ISO9001.pdf\" target=\"_blank\" rel=\"noopener noreferrer\">Certificado ISO 9001.<\/a><\/strong><\/span><\/p>\n<p><a title=\"Full Hegiht Bicycle Turnstile Brochure\" href=\"https:\/\/mairsturnstile-online.com\/flipbook\/lx-series-full-height-turnstile\" target=\"_blank\" rel=\"noopener noreferrer\"><span style=\"color: #fcaf3b;\"><strong>Download Full Hegiht Bicycle Turnstile Brochure<\/strong><\/span><\/a><\/p>\n<p><a title=\"Manual de instalaci\u00f3n de torniquete de altura completa\" href=\"http:\/\/mairsturnstile.com\/wp-content\/uploads\/2023\/09\/Full-height-turnstile-installation-manual.pdf\" target=\"_blank\" rel=\"noopener noreferrer\"><strong><span style=\"color: #fcaf3b;\">Download Full Height Turnstile User &#038; Installation Manual<\/span><\/strong><\/a><\/p>\n","protected":false},"featured_media":56989,"comment_status":"closed","ping_status":"closed","template":"","meta":{"neve_meta_sidebar":"","neve_meta_container":"","neve_meta_enable_content_width":"off","neve_meta_content_width":0,"neve_meta_title_alignment":"","neve_meta_author_avatar":"","neve_post_elements_order":"","neve_meta_disable_header":"","neve_meta_disable_footer":"","neve_meta_disable_title":"","_ti_tpc_template_sync":false,"_ti_tpc_template_id":""},"product_cat":[678,679],"product_tag":[1632,705,680,697],"class_list":["post-9693","product","type-product","status-publish","has-post-thumbnail","hentry","product_cat-puerta-de-torniquete","product_cat-torniquetes-de-altura-completa","product_tag-puerta-de-estilo-de-giro","product_tag-puerta-de-torniquete-de-altura-completa","product_tag-torniquete-de-bicicleta","product_tag-torniquetes-de-altura-completa"],"_links":{"self":[{"href":"https:\/\/mairsturnstile.com\/es\/wp-json\/wp\/v2\/product\/9693","targetHints":{"allow":["GET"]}}],"collection":[{"href":"https:\/\/mairsturnstile.com\/es\/wp-json\/wp\/v2\/product"}],"about":[{"href":"https:\/\/mairsturnstile.com\/es\/wp-json\/wp\/v2\/types\/product"}],"replies":[{"embeddable":true,"href":"https:\/\/mairsturnstile.com\/es\/wp-json\/wp\/v2\/comments?post=9693"}],"version-history":[{"count":1,"href":"https:\/\/mairsturnstile.com\/es\/wp-json\/wp\/v2\/product\/9693\/revisions"}],"predecessor-version":[{"id":72595,"href":"https:\/\/mairsturnstile.com\/es\/wp-json\/wp\/v2\/product\/9693\/revisions\/72595"}],"wp:featuredmedia":[{"embeddable":true,"href":"https:\/\/mairsturnstile.com\/es\/wp-json\/wp\/v2\/media\/56989"}],"wp:attachment":[{"href":"https:\/\/mairsturnstile.com\/es\/wp-json\/wp\/v2\/media?parent=9693"}],"wp:term":[{"taxonomy":"product_cat","embeddable":true,"href":"https:\/\/mairsturnstile.com\/es\/wp-json\/wp\/v2\/product_cat?post=9693"},{"taxonomy":"product_tag","embeddable":true,"href":"https:\/\/mairsturnstile.com\/es\/wp-json\/wp\/v2\/product_tag?post=9693"}],"curies":[{"name":"wp","href":"https:\/\/api.w.org\/{rel}","templated":true}]}}