{"id":9694,"date":"2022-01-06T18:03:48","date_gmt":"2022-01-06T10:03:48","guid":{"rendered":"https:\/\/mairsturnstile.com\/product\/puerta-de-torniquete-de-altura-completa-turnstyle-de-alta-seguridad-mt405"},"modified":"2023-11-02T11:13:39","modified_gmt":"2023-11-02T03:13:39","slug":"torniquete-de-cuerpo-completo","status":"publish","type":"product","link":"https:\/\/mairsturnstile.com\/es\/producto\/torniquete-de-cuerpo-completo","title":{"rendered":"Puerta de torniquete de cuerpo completo de alta seguridad MT405"},"content":{"rendered":"        <!-- 3D Model html -->\r\n        <div class=\"bp_grand wrapper_19988\">   \r\n        <div class=\"bp_model_parent\">\r\n            <model-viewer class=\"model\" id=\"bp_model_id_19988\" src=\"http:\/\/mairsturnstile.com\/wp-content\/uploads\/2023\/06\/MT405.glb\" alt=\"MT405\" camera-controls  loading=\"auto\" auto-rotate                        >\r\n            <\/model-viewer>\r\n        \r\n            <!-- Button -->\r\n            <svg id=\"openBtn\" width=\"30px\" height=\"30px\" viewBox=\"0 0 16 16\" xmlns=\"http:\/\/www.w3.org\/2000\/svg\" fill=\"#f2f2f2\" class=\"bi bi-arrows-fullscreen model-icon\">\r\n                <path fill-rule=\"evenodd\" d=\"M5.828 10.172a.5.5 0 0 0-.707 0l-4.096 4.096V11.5a.5.5 0 0 0-1 0v3.975a.5.5 0 0 0 .5.5H4.5a.5.5 0 0 0 0-1H1.732l4.096-4.096a.5.5 0 0 0 0-.707zm4.344 0a.5.5 0 0 1 .707 0l4.096 4.096V11.5a.5.5 0 1 1 1 0v3.975a.5.5 0 0 1-.5.5H11.5a.5.5 0 0 1 0-1h2.768l-4.096-4.096a.5.5 0 0 1 0-.707zm0-4.344a.5.5 0 0 0 .707 0l4.096-4.096V4.5a.5.5 0 1 0 1 0V.525a.5.5 0 0 0-.5-.5H11.5a.5.5 0 0 0 0 1h2.768l-4.096 4.096a.5.5 0 0 0 0 .707zm-4.344 0a.5.5 0 0 1-.707 0L1.025 1.732V4.5a.5.5 0 0 1-1 0V.525a.5.5 0 0 1 .5-.5H4.5a.5.5 0 0 1 0 1H1.732l4.096 4.096a.5.5 0 0 1 0 .707z\"\/>\r\n            <\/svg>\r\n        \r\n            <svg id=\"closeBtn\" class=\"model-icon\" width=\"34px\" height=\"34px\" viewBox=\"0 0 24 24\" xmlns=\"http:\/\/www.w3.org\/2000\/svg\">\r\n                <path fill=\"none\" stroke=\"#f2f2f2\" stroke-width=\"2\" d=\"M7,7 L17,17 M7,17 L17,7\"\/>\r\n            <\/svg>\r\n        \r\n        <\/div>\r\n        <\/div> \r\n\r\n        <!-- Model Viewer Style -->\r\n        <style>\r\n            \r\n            .wrapper_19988 .bp_model_parent, #bp_model_id_19988 {\r\n                width: 1150px;\r\n                max-width: 100%;\r\n                                            }\r\n            #bp_model_id_19988 {\r\n                height:700px;\r\n                background-color: #f2f2f2;\r\n            }\r\n            .fullscreen #bp_model_id_19988{\r\n            height: 100%;\r\n            width: 100%;\r\n            }\r\n            .wrapper_19988 .bp_model_parent{\r\n                justify-content: start            }\r\n            model-viewer.model {\r\n                --poster-color: transparent;\r\n            }\r\n        <\/style>\r\n        \r\n        \n<h3>Torniquete de cuerpo completo de alta seguridad El torniquete de cuerpo completo de altura completa y alta seguridad de tipo redondo tiene una garant\u00eda de 2 a\u00f1os y mantenimiento duradero y soporte de reparaci\u00f3n.<\/h3>\n<p>Podemos proporcionar servicios de OEM y ODM. Contamos con dise\u00f1adores experimentados que pueden completar una personalizaci\u00f3n profunda de acuerdo con cualquiera de sus necesidades. Proporcionaremos una serie de materiales como representaciones 3D, dibujos dimensionales, etc. tan pronto como sea posible. Tambi\u00e9n ofrecemos dispositivos biom\u00e9tricos, como lectores de tarjetas IC\/ID, esc\u00e1neres de huellas dactilares, esc\u00e1neres de <a href=\"https:\/\/en.wikipedia.org\/wiki\/QR_code\" target=\"_blank\" rel=\"noopener\">c\u00f3digos QR<\/a>, c\u00e1maras de reconocimiento facial, etc. Si necesita integrar estos dispositivos en la puerta de torniquete de cuerpo completo de altura completa o si tiene alguna pregunta, <a href=\"https:\/\/mairsturnstile.com\/contact\">comun\u00edquese con<\/a> nosotros<\/p>\n<p><strong>La puerta de torniquete de cuerpo completo es un tipo de puerta de barrera de torniquete con barra de bloqueo de tama\u00f1o y altura completos, que tiene el rendimiento de seguridad m\u00e1s fuerte.<\/strong> Seg\u00fan la altura del cuerpo de bloqueo, hay otro <a href=\"https:\/\/mairsturnstile.com\/product\/half-height-turnstile\">torniquete de media<\/a> altura.<\/p>\n<p>Este torniquete de cuerpo completo es hermoso y duradero en su conjunto. No es f\u00e1cil oxidarse despu\u00e9s de un trefilado. Generalmente, 20-35 personas pueden pasar por un minuto a la vez, y 60 personas pueden pasar por un minuto en caso de evacuaci\u00f3n. La interfaz de comunicaci\u00f3n admite RS485 \/ RS232; Interfaz TCP\/IP (personalizable).<\/p>\n<p>En comparaci\u00f3n con la puerta de <a href=\"https:\/\/mairsturnstile.com\/category\/swing-turnstile-gate\">torniquete abatible para<\/a> interiores, la <a href=\"https:\/\/mairsturnstile.com\/what-is-flap-barrier.html\">puerta de barrera<\/a> con solapa y otros equipos de torniquete, esta puerta de torniquete de cuerpo completo utilizada en un entorno exterior tiene grandes ventajas en apariencia y funci\u00f3n.<\/p>\n<p>El torniquete de cuerpo completo de altura completa puede evitar que personal no autorizado ingrese a trav\u00e9s del lector de tarjetas o el sistema de reconocimiento facial, y tambi\u00e9n puede evitar que personal no autorizado perfore y escale.<\/p>\n<p>De esta manera, puede fortalecer la gesti\u00f3n de la seguridad de la comunidad residencial para garantizar la seguridad del entorno y el personal de la comunidad.<\/p>\n<p>Tambi\u00e9n podemos crear una representaci\u00f3n para usted en unos minutos en funci\u00f3n de su escenario real. Tambi\u00e9n proporcionamos dise\u00f1os y planos detallados, as\u00ed como planos de instalaci\u00f3n.<\/p>\n\n        \t\n\t<style type=\"text\/css\">\n\t\t.slider-info-21845.bafg-slider-info .bafg-slider-title {\n\t\t\t\t\t\tfont-size: 22px;\n\t\t\t\t\t\t\n\t\t\t\n\t\t\t\t\t}\n\n\t\t.slider-info-21845.bafg-slider-info .bafg-slider-description {\n\t\t\t\n\t\t\t\n\t\t\t\t\t}\n\n\t\t.slider-info-21845.bafg-slider-info .bafg_slider_readmore_button {\n\t\t\t\n\t\t\t\n\t\t\t\n\t\t\t\n\t\t\t\n\t\t\ttext-align: center;\n\n\t\t\t\n\t\t\t\n\t\t\t\n\t\t\t\n\t\t\t\n\t\t\t\n\t\t\t\t\t}\n\n\t\t.slider-info-21845.bafg-slider-info .bafg_slider_readmore_button:hover {\n\n\t\t\t\n\t\t\t\n\t\t\t\t\t}\n\n\t<\/style>\n\t\n        <div class=\"bafg-twentytwenty-container slider-21845 \" bafg-orientation=\"horizontal\" bafg-default-offset=\"0.5\" bafg-before-label=\"Before\" bafg-after-label=\"After\" bafg-overlay=\"yes\" bafg-move-slider-on-hover=\"yes\" bafg-click-to-move=\"no\">\n              \n            <img decoding=\"async\" class=\"skip-lazy\" src=\"http:\/\/mairsturnstile.com\/wp-content\/uploads\/2023\/06\/full-height-turnstiles_7.jpg\" alt=\"\" data-skip-lazy title=\"\">\n            <img decoding=\"async\" class=\"skip-lazy\" src=\"http:\/\/mairsturnstile.com\/wp-content\/uploads\/2023\/06\/full-body-turnstile.jpg\" alt=\"\" data-skip-lazy title=\"\">\n           \n        <\/div>\n\n        \t<div class=\"bafg-slider-info-wraper\">\n\t\t<div style=\"\" class=\"slider-info-21845 bafg-slider-info\">\n\t\t\t\t\t<\/div>\n\t<\/div>\n\t\n        <style type=\"text\/css\">\n            \n        <\/style>\n        \n<p>Fiabilidad del mecanismo: 5 millones, sin culpa<br \/>\nMecanismo con amortiguador hidr\u00e1ulico para amortiguaci\u00f3n<br \/>\nAccionamiento: Operado semiautom\u00e1tico<br \/>\nLongitud del brazo: 600 mm<br \/>\nLa direcci\u00f3n de rotaci\u00f3n: Bidireccional<br \/>\nSituaci\u00f3n de emergencia: en caso de emergencia o aislamiento de la fuente de alimentaci\u00f3n, la puerta giratoria se puede configurar a prueba de fallas, es decir, gira libremente o se bloquea contra fallas.<br \/>\nHumedad: \u226495\uff05<\/p>\n<p>Temperatura de trabajo: -25 \u2103 ~ 60 \u2103<br \/>\nCaracter\u00edstica opcional: lector IC\/ID, lector de c\u00f3digo de barras, reconocimiento facial, huella digital, otros equipos de control de acceso, UPS, etc.<br \/>\nDistancia de comunicaci\u00f3n: \u22641200 m<br \/>\nInterfaz de comunicaci\u00f3n: RS485<br \/>\nEl tiempo necesario para la apertura: 0,2 s<br \/>\nAmbiente de trabajo: Interior o exterior<br \/>\nAnti tailgating: el torniquete permanecer\u00e1 en la cerradura cuando se abra alrededor de 60 grados (3 brazos) o 45 grados (4 brazos), por lo que la puerta no puede correr en la direcci\u00f3n inversa para evitar el seguimiento.<br \/>\nRango de aplicaci\u00f3n: comunidad, f\u00e1brica, sitio de construcci\u00f3n, escuela, lugar del resort, etc.<\/p>\n<p>Podemos proporcionar la soluci\u00f3n completa de control de acceso de seguridad. Si tiene su propio sistema de control de acceso, puede usar directamente nuestra puerta de torniquete. Si no tiene uno, tambi\u00e9n ofrecemos una soluci\u00f3n completa de control de acceso de seguridad. Consulte el video a continuaci\u00f3n para obtener m\u00e1s detalles.<\/p>\n<p><iframe title=\"reproductor de videos de youtube\" src=\"https:\/\/www.youtube.com\/embed\/zrBojatLOdc\" width=\"1150\" height=\"650\" frameborder=\"0\" allowfullscreen=\"allowfullscreen\"><\/iframe><\/p>\n","protected":false},"excerpt":{"rendered":"<p>1. Tama\u00f1o: 1500*1500*2200 mm (se puede personalizar)<\/p>\n<p>2. Ancho del carril: alrededor de 650 mm (se puede personalizar)<\/p>\n<p>3. Velocidad de paso: 30 personas\/min.<\/p>\n<p>4. Fuente de alimentaci\u00f3n: 110V\/220V 50\/60Hz<\/p>\n<p>5. Solenoide: DC24V<\/p>\n<p>6. Se\u00f1al de puerta abierta: contacto seco\/rel\u00e9<\/p>\n<p>7. Voltaje l\u00f3gico: DC24V<\/p>\n<p>8. Material de la carcasa: acero inoxidable 304 o acero inoxidable 316<\/p>\n<p>9. Sentido de giro: Bidireccional<\/p>\n<p><strong><a title=\"Torniquete de altura completa certificado CE de Mairs\" href=\"http:\/\/mairsturnstile.com\/wp-content\/uploads\/2022\/09\/Mairs-CE-Certificate-Full-Height-Turnstile.pdf\" target=\"_blank\" rel=\"noopener noreferrer\">Certificaci\u00f3n CE<\/a>, <a title=\"Certificado Mairs ISO9001\" href=\"http:\/\/mairsturnstile.com\/wp-content\/uploads\/2022\/09\/Mairs-Registration-Certificate-ISO9001.pdf\" target=\"_blank\" rel=\"noopener noreferrer\">Certificado ISO 9001.<\/a><\/strong><\/p>\n<p><a title=\"Folleto de torniquete de cuerpo completo\" href=\"http:\/\/mairsturnstile.com\/wp-content\/uploads\/2022\/09\/MT405-Full-Body-Turnstile-Brochure.pdf\" target=\"_blank\" rel=\"noopener noreferrer\"><img decoding=\"async\" class=\"alignnone size-full wp-image-11034\" src=\"http:\/\/mairsturnstile.com\/wp-content\/uploads\/2022\/09\/pdf-MairsTurnstile.png\" alt=\"\" width=\"32\" height=\"32\"><span style=\"color: #0000ff;\"><strong>Folleto del torniquete de cuerpo completo MT405<\/strong><\/span><\/a><\/p>\n<p><a title=\"Manual de instalaci\u00f3n de torniquete de altura completa\" href=\"http:\/\/mairsturnstile.com\/wp-content\/uploads\/2023\/09\/Full-height-turnstile-installation-manual.pdf\" target=\"_blank\" rel=\"noopener noreferrer\"><img decoding=\"async\" class=\"alignnone size-full wp-image-11034\" src=\"http:\/\/mairsturnstile.com\/wp-content\/uploads\/2022\/09\/pdf-MairsTurnstile.png\" alt=\"\" width=\"32\" height=\"32\"><strong><span style=\"color: #0000ff;\"> Manual de instalaci\u00f3n y usuario del torniquete de altura completa<\/span><\/strong><\/a><\/p>\n","protected":false},"featured_media":7346,"comment_status":"closed","ping_status":"closed","template":"","meta":{"neve_meta_sidebar":"","neve_meta_container":"","neve_meta_enable_content_width":"off","neve_meta_content_width":0,"neve_meta_title_alignment":"","neve_meta_author_avatar":"","neve_post_elements_order":"","neve_meta_disable_header":"","neve_meta_disable_footer":"","neve_meta_disable_title":"","_ti_tpc_template_sync":false,"_ti_tpc_template_id":""},"product_cat":[679],"product_tag":[1677,1621,1625,1224,681,697],"class_list":["post-9694","product","type-product","status-publish","has-post-thumbnail","hentry","product_cat-torniquetes-de-altura-completa","product_tag-puerta-de-torniquete-de-altura-completa-en-china","product_tag-solucion-de-seguridad-torniquete","product_tag-torniquete-de-altura-completa-con-lector-de-tarjetas","product_tag-torniquete-de-cuerpo-completo","product_tag-torniquete-o-torniquete","product_tag-torniquetes-de-altura-completa"],"_links":{"self":[{"href":"https:\/\/mairsturnstile.com\/es\/wp-json\/wp\/v2\/product\/9694","targetHints":{"allow":["GET"]}}],"collection":[{"href":"https:\/\/mairsturnstile.com\/es\/wp-json\/wp\/v2\/product"}],"about":[{"href":"https:\/\/mairsturnstile.com\/es\/wp-json\/wp\/v2\/types\/product"}],"replies":[{"embeddable":true,"href":"https:\/\/mairsturnstile.com\/es\/wp-json\/wp\/v2\/comments?post=9694"}],"version-history":[{"count":0,"href":"https:\/\/mairsturnstile.com\/es\/wp-json\/wp\/v2\/product\/9694\/revisions"}],"wp:featuredmedia":[{"embeddable":true,"href":"https:\/\/mairsturnstile.com\/es\/wp-json\/wp\/v2\/media\/7346"}],"wp:attachment":[{"href":"https:\/\/mairsturnstile.com\/es\/wp-json\/wp\/v2\/media?parent=9694"}],"wp:term":[{"taxonomy":"product_cat","embeddable":true,"href":"https:\/\/mairsturnstile.com\/es\/wp-json\/wp\/v2\/product_cat?post=9694"},{"taxonomy":"product_tag","embeddable":true,"href":"https:\/\/mairsturnstile.com\/es\/wp-json\/wp\/v2\/product_tag?post=9694"}],"curies":[{"name":"wp","href":"https:\/\/api.w.org\/{rel}","templated":true}]}}