{"id":9695,"date":"2021-11-24T02:36:46","date_gmt":"2021-11-23T18:36:46","guid":{"rendered":"https:\/\/mairsturnstile.com\/product\/torniquete-tandem-de-altura-completa-mt402-2-x"},"modified":"2024-10-28T18:45:56","modified_gmt":"2024-10-28T10:45:56","slug":"torniquete-en-tandem","status":"publish","type":"product","link":"https:\/\/mairsturnstile.com\/es\/producto\/torniquete-en-tandem","title":{"rendered":"Torniquete t\u00e1ndem de altura completa MT402-2-X"},"content":{"rendered":"        <!-- 3D Model html -->\r\n        <div class=\"bp_grand wrapper_19980\">   \r\n        <div class=\"bp_model_parent\">\r\n            <model-viewer class=\"model\" id=\"bp_model_id_19980\" src=\"http:\/\/mairsturnstile.com\/wp-content\/uploads\/2023\/06\/MT402-2-B.glb\" alt=\"MT402-2-B\" camera-controls  loading=\"auto\" auto-rotate                        >\r\n            <\/model-viewer>\r\n        \r\n            <!-- Button -->\r\n            <svg id=\"openBtn\" width=\"30px\" height=\"30px\" viewBox=\"0 0 16 16\" xmlns=\"http:\/\/www.w3.org\/2000\/svg\" fill=\"#f2f2f2\" class=\"bi bi-arrows-fullscreen model-icon\">\r\n                <path fill-rule=\"evenodd\" d=\"M5.828 10.172a.5.5 0 0 0-.707 0l-4.096 4.096V11.5a.5.5 0 0 0-1 0v3.975a.5.5 0 0 0 .5.5H4.5a.5.5 0 0 0 0-1H1.732l4.096-4.096a.5.5 0 0 0 0-.707zm4.344 0a.5.5 0 0 1 .707 0l4.096 4.096V11.5a.5.5 0 1 1 1 0v3.975a.5.5 0 0 1-.5.5H11.5a.5.5 0 0 1 0-1h2.768l-4.096-4.096a.5.5 0 0 1 0-.707zm0-4.344a.5.5 0 0 0 .707 0l4.096-4.096V4.5a.5.5 0 1 0 1 0V.525a.5.5 0 0 0-.5-.5H11.5a.5.5 0 0 0 0 1h2.768l-4.096 4.096a.5.5 0 0 0 0 .707zm-4.344 0a.5.5 0 0 1-.707 0L1.025 1.732V4.5a.5.5 0 0 1-1 0V.525a.5.5 0 0 1 .5-.5H4.5a.5.5 0 0 1 0 1H1.732l4.096 4.096a.5.5 0 0 1 0 .707z\"\/>\r\n            <\/svg>\r\n        \r\n            <svg id=\"closeBtn\" class=\"model-icon\" width=\"34px\" height=\"34px\" viewBox=\"0 0 24 24\" xmlns=\"http:\/\/www.w3.org\/2000\/svg\">\r\n                <path fill=\"none\" stroke=\"#f2f2f2\" stroke-width=\"2\" d=\"M7,7 L17,17 M7,17 L17,7\"\/>\r\n            <\/svg>\r\n        \r\n        <\/div>\r\n        <\/div> \r\n\r\n        <!-- Model Viewer Style -->\r\n        <style>\r\n            \r\n            .wrapper_19980 .bp_model_parent, #bp_model_id_19980 {\r\n                width: 1150px;\r\n                max-width: 100%;\r\n                                            }\r\n            #bp_model_id_19980 {\r\n                height:700px;\r\n                background-color: #f2f2f2;\r\n            }\r\n            .fullscreen #bp_model_id_19980{\r\n            height: 100%;\r\n            width: 100%;\r\n            }\r\n            .wrapper_19980 .bp_model_parent{\r\n                justify-content: start            }\r\n            model-viewer.model {\r\n                --poster-color: transparent;\r\n            }\r\n        <\/style>\r\n        \r\n        \n<h2>El torniquete en t\u00e1ndem de altura completa tiene una garant\u00eda de 2 a\u00f1os y soporte duradero de mantenimiento y reparaci\u00f3n.<\/h2>\n<p>Podemos proporcionar servicios de OEM y ODM. Contamos con dise\u00f1adores experimentados que pueden completar una personalizaci\u00f3n profunda de acuerdo con cualquiera de sus necesidades. Proporcionaremos una serie de materiales como representaciones 3D, dibujos dimensionales, etc. tan pronto como sea posible. Tambi\u00e9n hemos lanzado una nueva serie de torniquetes de altura completa con aspecto elegante y estructura robusta. Consulte: <a style=\"\" href=\"\" target=\"\" rel=\"noopener\"><span style=\"\">serie de torniquetes de altura completa<\/span><\/a> <\/p>\n<p>El torniquete en t\u00e1ndem es un torniquete de altura completa de doble carril compuesto por dos canales uno al lado del otro o los torniquetes de altura completa de m\u00faltiples canales est\u00e1n compuestos por m\u00faltiples m\u00e1quinas de torniquete una al lado de la otra. Torniquete en t\u00e1ndem con el mejor rendimiento de seguridad, que es mucho m\u00e1s alto y ancho que una puerta de torniquete ordinaria y tiene ventajas de seguridad obvias.<\/p>\n<p>Podemos proporcionar servicios de OEM y ODM, incluida la personalizaci\u00f3n de color, estilo, material, tama\u00f1o, etc. Por ejemplo, para un color especial, el cliente solo necesita proporcionarnos un n\u00famero de Pantone y ajustaremos el color de acuerdo con el Pantone. n\u00famero y roc\u00ede polvo en el mismo color. Si el cliente tiene necesidades de ODM, tambi\u00e9n podemos dise\u00f1ar un estilo para este cliente de acuerdo con las preferencias de apariencia y tama\u00f1o del cliente, sin ventas externas. Este ser\u00e1 el \u00fanico estilo \u00fanico de su empresa en el mercado.<\/p>\n<p>Tambi\u00e9n proporcionamos dispositivos biom\u00e9tricos, como lectores de tarjetas IC\/ID, esc\u00e1neres de huellas dactilares, esc\u00e1neres de c\u00f3digos QR, c\u00e1maras de reconocimiento facial, etc. Si necesita integrar estos dispositivos en la puerta de torniquete de altura completa o tiene alguna pregunta, <a href=\"https:\/\/mairsturnstile.com\/contact\" target=\"_blank\" rel=\"noopener\">cont\u00e1ctenos<\/a><\/p>\n<p>El torniquete en t\u00e1ndem de altura completa puede formar un espacio de paso cerrado, y el personal pasa ordenadamente pasando tarjetas y otros m\u00e9todos. El torniquete en t\u00e1ndem de altura completa puede estar desatendido y tiene un alto valor de aplicaci\u00f3n en algunos lugares con estrictas medidas de seguridad. El torniquete Tandem est\u00e1 compuesto por chasis y 3 o 4 filas de varillas giratorias. Est\u00e1 desarrollado sobre la base de una puerta de torniquete tr\u00edpode.<\/p>\n<p>Se trata de un torniquete t\u00e1ndem de altura completa personalizado con un tratamiento especial. El material b\u00e1sico es una placa de hierro de acero inoxidable 304. La superficie est\u00e1 tratada con pintura para hornear a temperatura ultra alta. La pintura no se caer\u00e1 despu\u00e9s de un uso prolongado. Se puede usar al aire libre y el color se puede personalizar libremente. Al igual que la personalizaci\u00f3n de este producto, podemos personalizar todos los dem\u00e1s productos seg\u00fan sus necesidades, incluido el tama\u00f1o.<\/p>\n<p><strong>Material del torniquete de altura completa:<\/strong><\/p>\n<p>El torniquete t\u00e1ndem de altura completa est\u00e1 hecho de acero inoxidable SUS304. Adopta la tecnolog\u00eda de control de accionamiento m\u00e1s avanzada, que puede cambiar el dise\u00f1o en una amplia gama para satisfacer los diversos requisitos de los diferentes estilos de edificios modernos para los sistemas de <a href=\"https:\/\/en.wikipedia.org\/wiki\/Access_control\" target=\"_blank\" rel=\"noopener\">control de acceso<\/a> peatonal inteligente.<\/p>\n<p><strong><b>Caracter\u00edsticas de presentaci\u00f3n:<\/b><\/strong><\/p>\n<ol>\n<li>El mecanismo de torniquete de altura completa adopta una estructura mec\u00e1nica \u00fanica, con un dise\u00f1o razonable y confiable, bajo nivel de ruido, operaci\u00f3n estable y larga vida \u00fatil.<\/li>\n<li>Puede prevenir eficazmente la cola y mejorar la velocidad del tr\u00e1fico de personas.<\/li>\n<li>Despu\u00e9s de un corte de energ\u00eda, la puerta se desbloquear\u00e1 autom\u00e1ticamente para formar un modo mec\u00e1nico, y el personal puede entrar y salir por s\u00ed mismo, cumpliendo con los requisitos de protecci\u00f3n contra incendios.<\/li>\n<li>Luz indicadora LED que indica si el pase de tarjeta es efectivo.<\/li>\n<li>Tiene una funci\u00f3n de reinicio autom\u00e1tico. Si el personal no pasa por la puerta dentro del tiempo establecido despu\u00e9s de obtener la autorizaci\u00f3n de despeje de la puerta, la puerta de altura completa cancelar\u00e1 autom\u00e1ticamente la autorizaci\u00f3n y volver\u00e1 al estado inicial.<\/li>\n<li>Impermeable, protector solar, resistente al fr\u00edo y a las altas temperaturas.<\/li>\n<li>Tiene una interfaz de instalaci\u00f3n personalizada y es compatible con IC, tarjetas de identificaci\u00f3n y otras tarjetas inteligentes.<\/li>\n<li>Puede extenderse a un sistema de identificaci\u00f3n autom\u00e1tica para realizar control de acceso, asistencia, cobro y otras funciones.<\/li>\n<li>El control y la gesti\u00f3n remotos se pueden realizar directamente a trav\u00e9s de la computadora de gesti\u00f3n<\/li>\n<li>Fiabilidad del mecanismo: 5 millones, sin culpa<\/li>\n<li>Mecanismo con amortiguador hidr\u00e1ulico para amortiguaci\u00f3n<\/li>\n<\/ol>\n<p>Podemos proporcionar la soluci\u00f3n completa de control de acceso de seguridad. Si tiene su propio sistema de control de acceso, puede usar directamente nuestra puerta de torniquete. Si no tiene uno, tambi\u00e9n ofrecemos una soluci\u00f3n completa de control de acceso de seguridad. Consulte el video a continuaci\u00f3n para obtener m\u00e1s detalles.<\/p>\n<p><iframe title=\"reproductor de videos de youtube\" src=\"https:\/\/www.youtube.com\/embed\/XyxFKnS3Br0\" width=\"1150\" height=\"650\" frameborder=\"0\" allowfullscreen=\"allowfullscreen\"><span data-mce-type=\"bookmark\" style=\"display: inline-block; width: 0px; overflow: hidden; line-height: 0;\" class=\"mce_SELRES_start\"><\/span><\/iframe><\/p>\n","protected":false},"excerpt":{"rendered":"<p>1. Tama\u00f1o: 2400*1500*2310 mm (se puede personalizar)<\/p>\n<p>2. Ancho de carril: 650 mm (se puede personalizar)<\/p>\n<p>3. Material: acero inoxidable 304 o acero inoxidable 316<\/p>\n<p>4. Velocidad de paso: 30 personas\/min.<\/p>\n<p>5. Fuente de alimentaci\u00f3n: 110V\/220V 50\/60Hz<\/p>\n<p>6. Solenoide: DC24V<\/p>\n<p>7. Se\u00f1al de puerta abierta: contacto seco\/rel\u00e9<\/p>\n<p>8. Voltaje l\u00f3gico: DC24V<\/p>\n<p>9. Accionamiento: Operado semiautom\u00e1tico<\/p>\n<p><strong><a title=\"Torniquete de altura completa certificado CE de Mairs\" href=\"http:\/\/mairsturnstile.com\/wp-content\/uploads\/2022\/09\/Mairs-CE-Certificate-Full-Height-Turnstile.pdf\" target=\"_blank\" rel=\"noopener noreferrer\">Certificaci\u00f3n CE<\/a>, <a title=\"Certificado Mairs ISO9001\" href=\"http:\/\/mairsturnstile.com\/wp-content\/uploads\/2022\/09\/Mairs-Registration-Certificate-ISO9001.pdf\" target=\"_blank\" rel=\"noopener noreferrer\">Certificado ISO 9001.<\/a><\/strong><\/p>\n<p><a title=\"Manual de instalaci\u00f3n de torniquete de altura completa\" href=\"http:\/\/mairsturnstile.com\/wp-content\/uploads\/2023\/09\/Full-height-turnstile-installation-manual.pdf\" target=\"_blank\" rel=\"noopener noreferrer\"><img decoding=\"async\" class=\"alignnone size-full wp-image-11034\" src=\"http:\/\/mairsturnstile.com\/wp-content\/uploads\/2022\/09\/pdf-MairsTurnstile.png\" alt=\"\" width=\"32\" height=\"32\"><strong><span style=\"color: #0000ff;\"> Manual de instalaci\u00f3n y usuario del torniquete de altura completa<\/span><\/strong><\/a><\/p>\n","protected":false},"featured_media":59616,"comment_status":"closed","ping_status":"closed","template":"","meta":{"neve_meta_sidebar":"","neve_meta_container":"","neve_meta_enable_content_width":"off","neve_meta_content_width":0,"neve_meta_title_alignment":"","neve_meta_author_avatar":"","neve_post_elements_order":"","neve_meta_disable_header":"","neve_meta_disable_footer":"","neve_meta_disable_title":"","_ti_tpc_template_sync":false,"_ti_tpc_template_id":""},"product_cat":[678,679],"product_tag":[1671,1574,1625,682,683],"class_list":["post-9695","product","type-product","status-publish","has-post-thumbnail","hentry","product_cat-puerta-de-torniquete","product_cat-torniquetes-de-altura-completa","product_tag-puerta-de-torniquete-en-tandem","product_tag-torniquete-de-altura-completa","product_tag-torniquete-de-altura-completa-con-lector-de-tarjetas","product_tag-torniquete-en-tandem","product_tag-torniquete-en-tandem-de-altura-completa"],"_links":{"self":[{"href":"https:\/\/mairsturnstile.com\/es\/wp-json\/wp\/v2\/product\/9695","targetHints":{"allow":["GET"]}}],"collection":[{"href":"https:\/\/mairsturnstile.com\/es\/wp-json\/wp\/v2\/product"}],"about":[{"href":"https:\/\/mairsturnstile.com\/es\/wp-json\/wp\/v2\/types\/product"}],"replies":[{"embeddable":true,"href":"https:\/\/mairsturnstile.com\/es\/wp-json\/wp\/v2\/comments?post=9695"}],"version-history":[{"count":0,"href":"https:\/\/mairsturnstile.com\/es\/wp-json\/wp\/v2\/product\/9695\/revisions"}],"wp:featuredmedia":[{"embeddable":true,"href":"https:\/\/mairsturnstile.com\/es\/wp-json\/wp\/v2\/media\/59616"}],"wp:attachment":[{"href":"https:\/\/mairsturnstile.com\/es\/wp-json\/wp\/v2\/media?parent=9695"}],"wp:term":[{"taxonomy":"product_cat","embeddable":true,"href":"https:\/\/mairsturnstile.com\/es\/wp-json\/wp\/v2\/product_cat?post=9695"},{"taxonomy":"product_tag","embeddable":true,"href":"https:\/\/mairsturnstile.com\/es\/wp-json\/wp\/v2\/product_tag?post=9695"}],"curies":[{"name":"wp","href":"https:\/\/api.w.org\/{rel}","templated":true}]}}