{"id":9696,"date":"2021-11-24T02:16:16","date_gmt":"2021-11-23T18:16:16","guid":{"rendered":"https:\/\/mairsturnstile.com\/product\/gire-la-puerta-estilo-torniquete-giratorio-de-altura-completa-mt406"},"modified":"2023-10-30T19:09:58","modified_gmt":"2023-10-30T11:09:58","slug":"puerta-abatible","status":"publish","type":"product","link":"https:\/\/mairsturnstile.com\/es\/producto\/puerta-abatible","title":{"rendered":"Gire la puerta estilo torniquete giratorio de altura completa MT406"},"content":{"rendered":"        <!-- 3D Model html -->\r\n        <div class=\"bp_grand wrapper_21818\">   \r\n        <div class=\"bp_model_parent\">\r\n            <model-viewer class=\"model\" id=\"bp_model_id_21818\" src=\"http:\/\/mairsturnstile.com\/wp-content\/uploads\/2024\/10\/turnstyle-door.glb\" alt=\"turnstyle door\" camera-controls  loading=\"auto\" auto-rotate                        >\r\n            <\/model-viewer>\r\n        \r\n            <!-- Button -->\r\n            <svg id=\"openBtn\" width=\"30px\" height=\"30px\" viewBox=\"0 0 16 16\" xmlns=\"http:\/\/www.w3.org\/2000\/svg\" fill=\"#f2f2f2\" class=\"bi bi-arrows-fullscreen model-icon\">\r\n                <path fill-rule=\"evenodd\" d=\"M5.828 10.172a.5.5 0 0 0-.707 0l-4.096 4.096V11.5a.5.5 0 0 0-1 0v3.975a.5.5 0 0 0 .5.5H4.5a.5.5 0 0 0 0-1H1.732l4.096-4.096a.5.5 0 0 0 0-.707zm4.344 0a.5.5 0 0 1 .707 0l4.096 4.096V11.5a.5.5 0 1 1 1 0v3.975a.5.5 0 0 1-.5.5H11.5a.5.5 0 0 1 0-1h2.768l-4.096-4.096a.5.5 0 0 1 0-.707zm0-4.344a.5.5 0 0 0 .707 0l4.096-4.096V4.5a.5.5 0 1 0 1 0V.525a.5.5 0 0 0-.5-.5H11.5a.5.5 0 0 0 0 1h2.768l-4.096 4.096a.5.5 0 0 0 0 .707zm-4.344 0a.5.5 0 0 1-.707 0L1.025 1.732V4.5a.5.5 0 0 1-1 0V.525a.5.5 0 0 1 .5-.5H4.5a.5.5 0 0 1 0 1H1.732l4.096 4.096a.5.5 0 0 1 0 .707z\"\/>\r\n            <\/svg>\r\n        \r\n            <svg id=\"closeBtn\" class=\"model-icon\" width=\"34px\" height=\"34px\" viewBox=\"0 0 24 24\" xmlns=\"http:\/\/www.w3.org\/2000\/svg\">\r\n                <path fill=\"none\" stroke=\"#f2f2f2\" stroke-width=\"2\" d=\"M7,7 L17,17 M7,17 L17,7\"\/>\r\n            <\/svg>\r\n        \r\n        <\/div>\r\n        <\/div> \r\n\r\n        <!-- Model Viewer Style -->\r\n        <style>\r\n            \r\n            .wrapper_21818 .bp_model_parent, #bp_model_id_21818 {\r\n                width: 1150px;\r\n                max-width: 100%;\r\n                                            }\r\n            #bp_model_id_21818 {\r\n                height:700px;\r\n                background-color: #f2f2f2;\r\n            }\r\n            .fullscreen #bp_model_id_21818{\r\n            height: 100%;\r\n            width: 100%;\r\n            }\r\n            .wrapper_21818 .bp_model_parent{\r\n                justify-content: start            }\r\n            model-viewer.model {\r\n                --poster-color: transparent;\r\n            }\r\n        <\/style>\r\n        \r\n        \n<h2>El torniquete giratorio de altura completa con puerta giratoria tiene una garant\u00eda de 2 a\u00f1os y soporte duradero de mantenimiento y reparaci\u00f3n.<\/h2>\n<p>Podemos proporcionar servicios de OEM y ODM. Contamos con dise\u00f1adores experimentados que pueden completar una personalizaci\u00f3n profunda de acuerdo con cualquiera de sus necesidades. Proporcionaremos una serie de materiales como representaciones 3D, dibujos dimensionales, etc. tan pronto como sea posible. Tambi\u00e9n proporcionamos dispositivos biom\u00e9tricos, como lectores de tarjetas IC\/ID, esc\u00e1neres de huellas dactilares, esc\u00e1neres de c\u00f3digos QR, c\u00e1maras de reconocimiento facial, etc. Si necesita integrar estos dispositivos en la puerta de torniquete de altura completa o tiene alguna pregunta, <a href=\"https:\/\/mairsturnstile.com\/contact\" target=\"_blank\" rel=\"noopener\">cont\u00e1ctenos<\/a><\/p>\n<p><strong>La puerta giratoria es una especie de torniquete giratorio \u00fanico de altura completa con una gran forma circular de puerta giratoria\/giratoria. En comparaci\u00f3n con los torniquetes ordinarios de altura completa, la mayor diferencia es la apariencia.<\/strong><\/p>\n<p><strong>El torniquete giratorio se desarrolla a partir de la puerta del torniquete tr\u00edpode y extrae lecciones de las caracter\u00edsticas de la puerta giratoria. <\/strong>Se puede dividir en torniquete giratorio de altura completa y torniquete giratorio de media altura seg\u00fan la altura. Este torniquete giratorio pertenece al torniquete giratorio de altura completa. Si necesita un torniquete giratorio de media altura, consulte nuestro otro producto: <a href=\"https:\/\/mairsturnstile.com\/product\/half-height-turnstile\" target=\"_blank\" rel=\"noopener\">torniquete de media altura<\/a><\/p>\n<p>La caja de gran volumen est\u00e1 equipada con un modo de identificaci\u00f3n flexible, lo que hace que su uso no sea voluminoso, pero tiene el mejor rendimiento de seguridad. Sus dos caras ya no son de <a href=\"https:\/\/en.wikipedia.org\/wiki\/Stainless_steel\" target=\"_blank\" rel=\"noopener\">acero inoxidable<\/a> 304, sino del material especial PC board (l\u00e1mina de policarbonato), que tiene las ventajas de la resistencia al calor, la resistencia al fr\u00edo, la retardaci\u00f3n de la llama, la resistencia al fuego, la resistencia al impacto, una muy buena transmisi\u00f3n de la luz y m\u00faltiples colores. Esta composici\u00f3n hace que la puerta de giro completo sea hermosa y duradera, f\u00e1cil de desmontar y conveniente para el transporte y la instalaci\u00f3n.<\/p>\n<p>La puerta de estilo giratorio se puede aplicar a todos los entornos de edificios y puede resolver todos los problemas de control de los pasajes de entrada y salida de peatones. Puede controlar si la puerta giratoria est\u00e1 abierta o cerrada en cualquier momento, el producto tambi\u00e9n tiene m\u00faltiples tipos diferentes de interfaces de se\u00f1al. Los clientes pueden integrarse con diferentes software de terceros o equipos biom\u00e9tricos para expandir las funciones especiales requeridas.<\/p>\n<p>Tambi\u00e9n podemos crear una representaci\u00f3n para usted en unos minutos en funci\u00f3n de su escenario real. Tambi\u00e9n proporcionamos dise\u00f1os y planos detallados, as\u00ed como planos de instalaci\u00f3n.<\/p>\n\n        \t\n\t<style type=\"text\/css\">\n\t\t.slider-info-21840.bafg-slider-info .bafg-slider-title {\n\t\t\t\t\t\tfont-size: 22px;\n\t\t\t\t\t\t\n\t\t\t\n\t\t\t\t\t}\n\n\t\t.slider-info-21840.bafg-slider-info .bafg-slider-description {\n\t\t\t\n\t\t\t\n\t\t\t\t\t}\n\n\t\t.slider-info-21840.bafg-slider-info .bafg_slider_readmore_button {\n\t\t\t\n\t\t\t\n\t\t\t\n\t\t\t\n\t\t\t\n\t\t\ttext-align: center;\n\n\t\t\t\n\t\t\t\n\t\t\t\n\t\t\t\n\t\t\t\n\t\t\t\n\t\t\t\t\t}\n\n\t\t.slider-info-21840.bafg-slider-info .bafg_slider_readmore_button:hover {\n\n\t\t\t\n\t\t\t\n\t\t\t\t\t}\n\n\t<\/style>\n\t\n        <div class=\"bafg-twentytwenty-container slider-21840 \" bafg-orientation=\"horizontal\" bafg-default-offset=\"0.5\" bafg-before-label=\"Before\" bafg-after-label=\"After\" bafg-overlay=\"yes\" bafg-move-slider-on-hover=\"yes\" bafg-click-to-move=\"no\">\n              \n            <img decoding=\"async\" class=\"skip-lazy\" src=\"http:\/\/mairsturnstile.com\/wp-content\/uploads\/2021\/11\/turn-style-door-3-1.jpg\" alt=\"turn style door\" data-skip-lazy title=\"\">\n            <img decoding=\"async\" class=\"skip-lazy\" src=\"http:\/\/mairsturnstile.com\/wp-content\/uploads\/2021\/11\/turn-style-door-4.jpg\" alt=\"turn style door\" data-skip-lazy title=\"\">\n           \n        <\/div>\n\n        \t<div class=\"bafg-slider-info-wraper\">\n\t\t<div style=\"\" class=\"slider-info-21840 bafg-slider-info\">\n\t\t\t\t\t<\/div>\n\t<\/div>\n\t\n        <style type=\"text\/css\">\n            \n        <\/style>\n        \n<p>Accionamiento: Operado semiautom\u00e1tico<br \/>\nLongitud del brazo: 600 mm<br \/>\nLa direcci\u00f3n de rotaci\u00f3n: Bidireccional<br \/>\nFiabilidad del mecanismo: 5 millones, sin culpa<br \/>\nSituaci\u00f3n de emergencia: en caso de emergencia o aislamiento de la fuente de alimentaci\u00f3n, la puerta giratoria se puede configurar a prueba de fallas, es decir, gira libremente o se bloquea contra fallas.<br \/>\nHumedad: \u226495\uff05<br \/>\nTemperatura de trabajo: -25 \u2103 ~ 60 \u2103<br \/>\nFunciones opcionales: Lector IC\/ID, Lector de c\u00f3digo de barras, Reconocimiento facial, Huella digital, Otros equipos de control de acceso, UPS, etc.<br \/>\nDistancia de comunicaci\u00f3n: \u22641200 m<br \/>\nInterfaz de comunicaci\u00f3n: RS485<br \/>\nEl tama\u00f1o se puede personalizar<\/p>\n<p>El tiempo necesario para la apertura: 0,2 s<br \/>\nAmbiente de trabajo: Interior o exterior<br \/>\nAnti tailgating: el torniquete permanecer\u00e1 en la cerradura cuando se abra alrededor de 60 grados (3 brazos) o 45 grados (4 brazos) para que la puerta no pueda correr en la direcci\u00f3n inversa a la puerta preventiva.<br \/>\nRango de aplicaci\u00f3n: comunidad, f\u00e1brica, sitio de construcci\u00f3n, escuela, lugar del resort, etc.<\/p>\n<p>Podemos proporcionar la soluci\u00f3n completa de control de acceso de seguridad. Si tiene su propio sistema de control de acceso, puede usar directamente nuestra puerta de torniquete. Si no tiene uno, tambi\u00e9n ofrecemos una soluci\u00f3n completa de control de acceso de seguridad. Consulte el video a continuaci\u00f3n para obtener m\u00e1s detalles.<\/p>\n<p><iframe title=\"reproductor de videos de youtube\" src=\"https:\/\/www.youtube.com\/embed\/XyxFKnS3Br0\" width=\"1150\" height=\"650\" frameborder=\"0\" allowfullscreen=\"allowfullscreen\"><span data-mce-type=\"bookmark\" style=\"display: inline-block; width: 0px; overflow: hidden; line-height: 0;\" class=\"mce_SELRES_start\"><\/span><\/iframe><\/p>\n","protected":false},"excerpt":{"rendered":"<p>1. Tama\u00f1o: 1520*1520*2300 mm (se puede personalizar)<\/p>\n<p>2. Ancho del carril: alrededor de 650 mm (se puede personalizar)<\/p>\n<p>3. Velocidad de paso: 30 personas\/min.<\/p>\n<p>4. Fuente de alimentaci\u00f3n: 110V\/220V 50\/60Hz<\/p>\n<p>5. Solenoide: DC24V<\/p>\n<p>6. Se\u00f1al de puerta abierta: contacto seco\/rel\u00e9<\/p>\n<p>7. Voltaje l\u00f3gico: DC24V<\/p>\n<p>8. Material de la carcasa: acero inoxidable 304 o acero inoxidable 316 y placa de circuito impreso<\/p>\n<p>9. Mecanismo con amortiguador hidr\u00e1ulico para amortiguaci\u00f3n<\/p>\n<p><strong><a title=\"Torniquete de altura completa certificado CE de Mairs\" href=\"http:\/\/mairsturnstile.com\/wp-content\/uploads\/2022\/09\/Mairs-CE-Certificate-Full-Height-Turnstile.pdf\" target=\"_blank\" rel=\"noopener noreferrer\">Certificaci\u00f3n CE<\/a>, <a title=\"Certificado Mairs ISO9001\" href=\"http:\/\/mairsturnstile.com\/wp-content\/uploads\/2022\/09\/Mairs-Registration-Certificate-ISO9001.pdf\" target=\"_blank\" rel=\"noopener noreferrer\">Certificado ISO 9001.<\/a><\/strong><\/p>\n<p><a title=\"Folleto de torniquetes giratorios de altura completa\" href=\"http:\/\/mairsturnstile.com\/wp-content\/uploads\/2022\/09\/MT406-Full-Height-Revolving-Turnstile-Brochure.pdf\" target=\"_blank\" rel=\"noopener noreferrer\"><img decoding=\"async\" class=\"alignnone size-full wp-image-11034\" src=\"http:\/\/mairsturnstile.com\/wp-content\/uploads\/2022\/09\/pdf-MairsTurnstile.png\" alt=\"\" width=\"32\" height=\"32\"><span style=\"color: #0000ff;\"><strong>Folleto del torniquete giratorio de altura completa MT406<\/strong><\/span><\/a><\/p>\n<p><a title=\"Manual de instalaci\u00f3n de torniquete de altura completa\" href=\"http:\/\/mairsturnstile.com\/wp-content\/uploads\/2023\/09\/Full-height-turnstile-installation-manual.pdf\" target=\"_blank\" rel=\"noopener noreferrer\"><img decoding=\"async\" class=\"alignnone size-full wp-image-11034\" src=\"http:\/\/mairsturnstile.com\/wp-content\/uploads\/2022\/09\/pdf-MairsTurnstile.png\" alt=\"\" width=\"32\" height=\"32\"><strong><span style=\"color: #0000ff;\"> Manual de instalaci\u00f3n y usuario del torniquete de altura completa<\/span><\/strong><\/a><\/p>\n","protected":false},"featured_media":58369,"comment_status":"closed","ping_status":"closed","template":"","meta":{"neve_meta_sidebar":"","neve_meta_container":"","neve_meta_enable_content_width":"off","neve_meta_content_width":0,"neve_meta_title_alignment":"","neve_meta_author_avatar":"","neve_post_elements_order":"","neve_meta_disable_header":"","neve_meta_disable_footer":"","neve_meta_disable_title":"","_ti_tpc_template_sync":false,"_ti_tpc_template_id":""},"product_cat":[678,679],"product_tag":[1632,684,1652,800,681,1590],"class_list":["post-9696","product","type-product","status-publish","has-post-thumbnail","hentry","product_cat-puerta-de-torniquete","product_cat-torniquetes-de-altura-completa","product_tag-puerta-de-estilo-de-giro","product_tag-puerta-de-giro","product_tag-puertas-torniquetes-de-vidrio","product_tag-torniquete-giratorio","product_tag-torniquete-o-torniquete","product_tag-torniquetes-de-vidrio"],"_links":{"self":[{"href":"https:\/\/mairsturnstile.com\/es\/wp-json\/wp\/v2\/product\/9696","targetHints":{"allow":["GET"]}}],"collection":[{"href":"https:\/\/mairsturnstile.com\/es\/wp-json\/wp\/v2\/product"}],"about":[{"href":"https:\/\/mairsturnstile.com\/es\/wp-json\/wp\/v2\/types\/product"}],"replies":[{"embeddable":true,"href":"https:\/\/mairsturnstile.com\/es\/wp-json\/wp\/v2\/comments?post=9696"}],"version-history":[{"count":0,"href":"https:\/\/mairsturnstile.com\/es\/wp-json\/wp\/v2\/product\/9696\/revisions"}],"wp:featuredmedia":[{"embeddable":true,"href":"https:\/\/mairsturnstile.com\/es\/wp-json\/wp\/v2\/media\/58369"}],"wp:attachment":[{"href":"https:\/\/mairsturnstile.com\/es\/wp-json\/wp\/v2\/media?parent=9696"}],"wp:term":[{"taxonomy":"product_cat","embeddable":true,"href":"https:\/\/mairsturnstile.com\/es\/wp-json\/wp\/v2\/product_cat?post=9696"},{"taxonomy":"product_tag","embeddable":true,"href":"https:\/\/mairsturnstile.com\/es\/wp-json\/wp\/v2\/product_tag?post=9696"}],"curies":[{"name":"wp","href":"https:\/\/api.w.org\/{rel}","templated":true}]}}