{"id":9697,"date":"2021-04-27T16:38:55","date_gmt":"2021-04-27T08:38:55","guid":{"rendered":"https:\/\/mairsturnstile.com\/product\/mecanismo-de-torniquete-de-altura-completa-en-venta-mt601"},"modified":"2024-10-28T18:30:22","modified_gmt":"2024-10-28T10:30:22","slug":"mecanismo-de-torniquete-de-altura-completa","status":"publish","type":"product","link":"https:\/\/mairsturnstile.com\/es\/producto\/mecanismo-de-torniquete-de-altura-completa","title":{"rendered":"MECANISMO DE TORNIQUE DE ALTURA COMPLETA MT601"},"content":{"rendered":"<p><iframe title=\"reproductor de videos de youtube\" src=\"https:\/\/www.youtube.com\/embed\/Su17joHCYgU\" width=\"560\" height=\"315\" frameborder=\"0\" allowfullscreen=\"allowfullscreen\"><\/iframe><\/p>\n<h2>Mecanismo de torniquete de altura completa, <strong><b>Mecanismo de torniquete de altura completa semiautom\u00e1tico <\/b><\/strong> <\/h2>\n<p>El <a href=\"https:\/\/mairsturnstile.com\/turnstile-mechanism.html\" target=\"_blank\" rel=\"noopener\">mecanismo de torniquete<\/a> de altura completa es uno de los componentes centrales de la puerta de torniquete, y el mecanismo de torniquete de altura completa controla la puerta de torniquete controlando el movimiento del brazo de ala. Este mecanismo de torniquete de altura completa es para torniquetes de altura completa con rotaci\u00f3n de 120 grados o 90 grados.<\/p>\n<p>El <a href=\"https:\/\/en.wikipedia.org\/wiki\/Mechanism\" target=\"_blank\" rel=\"noopener\">mecanismo<\/a> de la puerta de torniquete de altura completa es el n\u00facleo de toda la puerta de torniquete de altura completa.<\/p>\n<p>La calidad de operaci\u00f3n del mecanismo determina la calidad de la <a href=\"https:\/\/mairsturnstile.com\/product\/full-height-turnstile-gate-mt402-2-b\">puerta de torniquete de altura<\/a> completa, pero la falla de la puerta de torniquete de altura completa tambi\u00e9n est\u00e1 relacionada con el mecanismo. Solo el m\u00e9todo de uso correcto y el mantenimiento adecuado son las claves para garantizar la vida \u00fatil de la puerta del torniquete. Tambi\u00e9n es un m\u00e9todo para mejorar la vida \u00fatil general de la puerta de torniquete. Mairs ofrece el mecanismo de mejor calidad para una puerta de torniquete de altura completa.<\/p>\n<p><strong>Caracter\u00edsticas:<\/strong><\/p>\n<ol>\n<li>Funcionamiento estable, sin ruido ni impacto mec\u00e1nico.<\/li>\n<li>Se puede configurar el n\u00famero de pasajeros.<\/li>\n<li>Varios m\u00e9todos de procesamiento de moldes para que usted elija<\/li>\n<li>Bidireccional una direcci\u00f3n permitida, una prohibida, o carga en una direcci\u00f3n, una libre. Todos los moldes de trabajo se configuran mediante botones en el tablero de control principal<\/li>\n<li>La viga descendente y la viga colgante se pueden controlar a larga distancia para cumplir con los requisitos especiales de los usuarios y los requisitos de protecci\u00f3n contra incendios.<\/li>\n<li>La luz indicadora de direcci\u00f3n le indica la direcci\u00f3n a seguir en el torniquete<\/li>\n<li>Interfaz el\u00e9ctrica est\u00e1ndar, interfaz de comunicaci\u00f3n RS485, interfaz de rel\u00e9 e interfaz de nivel conectada con varios dispositivos de lectura y escritura<\/li>\n<li>Todas las funciones se realizan en una computadora todo en uno, que es controlada y administrada de forma remota por una computadora<\/li>\n<li>Puede contar autom\u00e1ticamente el n\u00famero de transe\u00fantes, pantalla LED<\/li>\n<li>Corte la fuente de alimentaci\u00f3n para levantar la viga. Cuando est\u00e1 encendido, el brazo se elevar\u00e1 autom\u00e1ticamente y se detendr\u00e1 cuando encuentre obst\u00e1culos<\/li>\n<li>La funci\u00f3n con o sin memoria de lector de tarjetas se puede configurar seg\u00fan sus necesidades.<\/li>\n<li>Operaci\u00f3n de autocomprobaci\u00f3n de la alarma.<\/li>\n<\/ol>\n","protected":false},"excerpt":{"rendered":"<p>1. Potencia: AC220C\u00b110V,50\/60HZ;<\/p>\n<p>2. N\u00facleo de la m\u00e1quina: Semiautom\u00e1tico<\/p>\n<p>3. Temperatura de funcionamiento: -45 \u2103 -60 \u2103<\/p>\n<p>4. Velocidad de paso: 30 personas\/min (tarjeta IC)<\/p>\n<p>5. Humedad relativa: \u226495 %, sin condensaci\u00f3n<\/p>\n<p>6. Ancho de paso: \u2264600 mm<\/p>\n<p>7. Conexi\u00f3n de comunicaci\u00f3n: comunicaci\u00f3n RS485<\/p>\n<p>8. Material: acero inoxidable 304, el grosor no es inferior a 1,3 mm<\/p>\n<p>9. Distancia de comunicaci\u00f3n: 1200M<\/p>\n<p>10. Vida \u00fatil: 3 millones (operaci\u00f3n continua de apertura y cierre)<\/p>\n<p>11. Nivel de protecci\u00f3n: IP54<\/p>\n","protected":false},"featured_media":35791,"comment_status":"closed","ping_status":"closed","template":"","meta":{"neve_meta_sidebar":"","neve_meta_container":"","neve_meta_enable_content_width":"off","neve_meta_content_width":0,"neve_meta_title_alignment":"","neve_meta_author_avatar":"","neve_post_elements_order":"","neve_meta_disable_header":"","neve_meta_disable_footer":"","neve_meta_disable_title":"","_ti_tpc_template_sync":false,"_ti_tpc_template_id":""},"product_cat":[678,679],"product_tag":[1579,686,687,1578,685],"class_list":["post-9697","product","type-product","status-publish","has-post-thumbnail","hentry","product_cat-puerta-de-torniquete","product_cat-torniquetes-de-altura-completa","product_tag-componentes-del-torniquete","product_tag-mecanismo-de-puerta-de-torniquete-de-altura-completa","product_tag-mecanismo-de-puerta-torniquete","product_tag-mecanismo-de-torniquete","product_tag-mecanismo-de-torniquete-de-altura-completa"],"_links":{"self":[{"href":"https:\/\/mairsturnstile.com\/es\/wp-json\/wp\/v2\/product\/9697","targetHints":{"allow":["GET"]}}],"collection":[{"href":"https:\/\/mairsturnstile.com\/es\/wp-json\/wp\/v2\/product"}],"about":[{"href":"https:\/\/mairsturnstile.com\/es\/wp-json\/wp\/v2\/types\/product"}],"replies":[{"embeddable":true,"href":"https:\/\/mairsturnstile.com\/es\/wp-json\/wp\/v2\/comments?post=9697"}],"version-history":[{"count":0,"href":"https:\/\/mairsturnstile.com\/es\/wp-json\/wp\/v2\/product\/9697\/revisions"}],"wp:featuredmedia":[{"embeddable":true,"href":"https:\/\/mairsturnstile.com\/es\/wp-json\/wp\/v2\/media\/35791"}],"wp:attachment":[{"href":"https:\/\/mairsturnstile.com\/es\/wp-json\/wp\/v2\/media?parent=9697"}],"wp:term":[{"taxonomy":"product_cat","embeddable":true,"href":"https:\/\/mairsturnstile.com\/es\/wp-json\/wp\/v2\/product_cat?post=9697"},{"taxonomy":"product_tag","embeddable":true,"href":"https:\/\/mairsturnstile.com\/es\/wp-json\/wp\/v2\/product_tag?post=9697"}],"curies":[{"name":"wp","href":"https:\/\/api.w.org\/{rel}","templated":true}]}}