{"id":9698,"date":"2021-03-08T18:33:54","date_gmt":"2021-03-08T10:33:54","guid":{"rendered":"https:\/\/mairsturnstile.com\/product\/venta-de-torniquete-de-altura-completa-mt401"},"modified":"2024-10-28T18:29:42","modified_gmt":"2024-10-28T10:29:42","slug":"torniquete-de-altura-completa-precio-en-pakistan","status":"publish","type":"product","link":"https:\/\/mairsturnstile.com\/es\/producto\/torniquete-de-altura-completa-precio-en-pakistan","title":{"rendered":"TORNIQUETE DE ALTURA COMPLETA EN VENTA"},"content":{"rendered":"        <!-- 3D Model html -->\r\n        <div class=\"bp_grand wrapper_21823\">   \r\n        <div class=\"bp_model_parent\">\r\n            <model-viewer class=\"model\" id=\"bp_model_id_21823\" src=\"http:\/\/mairsturnstile.com\/wp-content\/uploads\/2023\/07\/MT401.glb\" alt=\"MT401\" camera-controls  loading=\"auto\" auto-rotate                        >\r\n            <\/model-viewer>\r\n        \r\n            <!-- Button -->\r\n            <svg id=\"openBtn\" width=\"30px\" height=\"30px\" viewBox=\"0 0 16 16\" xmlns=\"http:\/\/www.w3.org\/2000\/svg\" fill=\"#f2f2f2\" class=\"bi bi-arrows-fullscreen model-icon\">\r\n                <path fill-rule=\"evenodd\" d=\"M5.828 10.172a.5.5 0 0 0-.707 0l-4.096 4.096V11.5a.5.5 0 0 0-1 0v3.975a.5.5 0 0 0 .5.5H4.5a.5.5 0 0 0 0-1H1.732l4.096-4.096a.5.5 0 0 0 0-.707zm4.344 0a.5.5 0 0 1 .707 0l4.096 4.096V11.5a.5.5 0 1 1 1 0v3.975a.5.5 0 0 1-.5.5H11.5a.5.5 0 0 1 0-1h2.768l-4.096-4.096a.5.5 0 0 1 0-.707zm0-4.344a.5.5 0 0 0 .707 0l4.096-4.096V4.5a.5.5 0 1 0 1 0V.525a.5.5 0 0 0-.5-.5H11.5a.5.5 0 0 0 0 1h2.768l-4.096 4.096a.5.5 0 0 0 0 .707zm-4.344 0a.5.5 0 0 1-.707 0L1.025 1.732V4.5a.5.5 0 0 1-1 0V.525a.5.5 0 0 1 .5-.5H4.5a.5.5 0 0 1 0 1H1.732l4.096 4.096a.5.5 0 0 1 0 .707z\"\/>\r\n            <\/svg>\r\n        \r\n            <svg id=\"closeBtn\" class=\"model-icon\" width=\"34px\" height=\"34px\" viewBox=\"0 0 24 24\" xmlns=\"http:\/\/www.w3.org\/2000\/svg\">\r\n                <path fill=\"none\" stroke=\"#f2f2f2\" stroke-width=\"2\" d=\"M7,7 L17,17 M7,17 L17,7\"\/>\r\n            <\/svg>\r\n        \r\n        <\/div>\r\n        <\/div> \r\n\r\n        <!-- Model Viewer Style -->\r\n        <style>\r\n            \r\n            .wrapper_21823 .bp_model_parent, #bp_model_id_21823 {\r\n                width: 1150px;\r\n                max-width: 100%;\r\n                                            }\r\n            #bp_model_id_21823 {\r\n                height:700px;\r\n                background-color: #f2f2f2;\r\n            }\r\n            .fullscreen #bp_model_id_21823{\r\n            height: 100%;\r\n            width: 100%;\r\n            }\r\n            .wrapper_21823 .bp_model_parent{\r\n                justify-content: start            }\r\n            model-viewer.model {\r\n                --poster-color: transparent;\r\n            }\r\n        <\/style>\r\n        \r\n        \n<h2>Precio de torniquete de altura completa en Pakist\u00e1n, este modelo tiene una garant\u00eda de 2 a\u00f1os y mantenimiento duradero y soporte de reparaci\u00f3n.<\/h2>\n<p>Podemos proporcionar servicios de OEM y ODM. Tambi\u00e9n proporcionamos dispositivos biom\u00e9tricos, como lectores de tarjetas IC\/ID, esc\u00e1neres de huellas dactilares, esc\u00e1neres de c\u00f3digos QR, c\u00e1maras de reconocimiento facial, etc. Tambi\u00e9n hemos lanzado una nueva serie de torniquetes de altura completa con aspecto elegante y estructura robusta. Consulte: <a style=\"\" href=\"\" target=\"\" rel=\"noopener\"><span style=\"\">serie de torniquetes de altura completa<\/span><\/a> <\/p>\n<p><strong>Esta puerta giratoria de altura completa <\/strong>est\u00e1 dise\u00f1ada para controlar la entrada y la salida de los peatones, y es adecuada para su uso en interiores y exteriores.<\/p>\n<p>La puerta de torniquete de altura completa se puede utilizar en interiores y exteriores. Con el mejor precio de torniquete de altura completa en Pakist\u00e1n.<\/p>\n<p>Esta puerta de torniquete de altura completa para Pakist\u00e1n a un precio asequible es ampliamente utilizada para estaciones de tren, bibliotecas escolares, instalaciones gubernamentales, parques de atracciones, prisiones, estadios de f\u00fatbol, apartamentos, museos y f\u00e1bricas, etc.<\/p>\n<p>El uso de la interfaz el\u00e9ctrica est\u00e1ndar, compatible con ID \/ tarjeta IC, huellas dactilares, reconocimiento de la cara, un detector de infrarrojos, controlador de temperatura,<a href=\"https:\/\/en.wikipedia.org\/wiki\/QR_code\" target=\"_blank\" rel=\"noopener\">c\u00f3digo<\/a> de barras \/ QR, aplicaci\u00f3n de tel\u00e9fono, sistema de ESD, sistema de visitantes, etc. Los fabricantes de <a href=\"https:\/\/mairsturnstile.com\/full-height-turnstiles.html\" target=\"_blank\" rel=\"noopener\">torniquetes<\/a> de altura completa &#8211; Mairsturnstile ofrece el precio m\u00e1s barato de torniquetes de altura completa en Pakist\u00e1n.<\/p>\n<p>La puerta de torniquete de altura completa est\u00e1 integrada con un mecanismo, el\u00e9ctrico y microcontrolador, y varios tipos de tecnolog\u00edas de identificaci\u00f3n, compatibles con IC, ID, c\u00f3digo de barras, lector de huellas dactilares, etc. para proporcionar control y gesti\u00f3n inteligentes para el control de flujo.<\/p>\n<p>Tambi\u00e9n podemos crear una representaci\u00f3n para usted en unos minutos en funci\u00f3n de su escenario real. Tambi\u00e9n proporcionamos dise\u00f1os y planos detallados, as\u00ed como planos de instalaci\u00f3n.<\/p>\n\n        \t\n\t<style type=\"text\/css\">\n\t\t.slider-info-21841.bafg-slider-info .bafg-slider-title {\n\t\t\t\t\t\tfont-size: 22px;\n\t\t\t\t\t\t\n\t\t\t\n\t\t\t\t\t}\n\n\t\t.slider-info-21841.bafg-slider-info .bafg-slider-description {\n\t\t\t\n\t\t\t\n\t\t\t\t\t}\n\n\t\t.slider-info-21841.bafg-slider-info .bafg_slider_readmore_button {\n\t\t\t\n\t\t\t\n\t\t\t\n\t\t\t\n\t\t\t\n\t\t\ttext-align: center;\n\n\t\t\t\n\t\t\t\n\t\t\t\n\t\t\t\n\t\t\t\n\t\t\t\n\t\t\t\t\t}\n\n\t\t.slider-info-21841.bafg-slider-info .bafg_slider_readmore_button:hover {\n\n\t\t\t\n\t\t\t\n\t\t\t\t\t}\n\n\t<\/style>\n\t\n        <div class=\"bafg-twentytwenty-container slider-21841 \" bafg-orientation=\"horizontal\" bafg-default-offset=\"0.5\" bafg-before-label=\"Before\" bafg-after-label=\"After\" bafg-overlay=\"yes\" bafg-move-slider-on-hover=\"yes\" bafg-click-to-move=\"no\">\n              \n            <img decoding=\"async\" class=\"skip-lazy\" src=\"http:\/\/mairsturnstile.com\/wp-content\/uploads\/2023\/07\/full-height-turnstile-price-in-pakistan_4.jpg\" alt=\"\" data-skip-lazy title=\"\">\n            <img decoding=\"async\" class=\"skip-lazy\" src=\"http:\/\/mairsturnstile.com\/wp-content\/uploads\/2023\/07\/full-height-turnstile-price-in-pakistan_5.jpg\" alt=\"\" data-skip-lazy title=\"\">\n           \n        <\/div>\n\n        \t<div class=\"bafg-slider-info-wraper\">\n\t\t<div style=\"\" class=\"slider-info-21841 bafg-slider-info\">\n\t\t\t\t\t<\/div>\n\t<\/div>\n\t\n        <style type=\"text\/css\">\n            \n        <\/style>\n        \n<ul>\n<li>La puerta de torniquete de altura completa se usa a menudo para soluciones de control de acceso de alta seguridad.<\/li>\n<li>Las puertas de torniquete est\u00e1n hechas de acero inoxidable 304 que es antioxidante, robusto y r\u00edgido.<\/li>\n<li>El precio del torniquete de altura completa en Pakist\u00e1n es ideal tanto para interiores como para exteriores.<\/li>\n<li>Puede integrarse con cualquier tipo de sistema de control de acceso (p. ej.: dispositivo RFID, huella digital y dispositivo biom\u00e9trico).<\/li>\n<li data-spm-anchor-id=\"a2700.details.pronpeci14.i0.58226f8fLZmm5D\">La puerta del torniquete se abrir\u00e1 autom\u00e1ticamente cuando se apague la energ\u00eda. Es muy seguro para cumplir con los requisitos de paso de control de incendios.<\/li>\n<li>torniquete de altura completa precio en Pakist\u00e1n con la funci\u00f3n anti-reversa, detener la direcci\u00f3n invertida.<\/li>\n<li>El mecanismo est\u00e1 equipado con un dispositivo amortiguador hidr\u00e1ulico regulado autom\u00e1ticamente. Sin ruidos ni impactos al correr.<\/li>\n<li>Funci\u00f3n de auto-restauraci\u00f3n, cuando la alimentaci\u00f3n est\u00e1 encendida, el sistema se reiniciar\u00e1 autom\u00e1ticamente.<\/li>\n<li>El dispositivo de doble rodamiento mantiene el port\u00f3n en equilibrio cuando hay una fuerza externa.<\/li>\n<li>Unidireccional o bidireccional es opcional.<\/li>\n<li>Fiabilidad del mecanismo: 5 millones, sin culpa<\/li>\n<li>Con luz indicadora LED.<\/li>\n<li>Precio de torniquete de altura completa asequible en Pakist\u00e1n.<\/li>\n<li>Se puede personalizar para cumplir con los diferentes requisitos de diferentes lugares.<\/li>\n<li>El peque\u00f1o teclado integrado de la placa de control, con dispositivos programables para gestionar el estado de funcionamiento.<\/li>\n<\/ul>\n<p>Podemos proporcionar la soluci\u00f3n completa de control de acceso de seguridad. Si tiene su propio sistema de control de acceso, puede usar directamente nuestra puerta de torniquete. Si no tiene uno, tambi\u00e9n ofrecemos una soluci\u00f3n completa de control de acceso de seguridad. Consulte el video a continuaci\u00f3n para obtener m\u00e1s detalles.<br \/>\n<iframe title=\"Torniquete biom\u00e9trico de altura completa, Torniquete de altura completa con reconocimiento facial - MairsTurnstile\" src=\"https:\/\/www.youtube.com\/embed\/cy4ZzmrIfx0\" width=\"1150\" height=\"650\" frameborder=\"0\" allowfullscreen=\"allowfullscreen\"><span data-mce-type=\"bookmark\" style=\"display: inline-block; width: 0px; overflow: hidden; line-height: 0;\" class=\"mce_SELRES_start\"><\/span><\/iframe><\/p>\n","protected":false},"excerpt":{"rendered":"<p>1. Tama\u00f1o: 1400 * 1200 * 2230 mm (se puede personalizar)<\/p>\n<p>2. Ancho del carril: 650 mm (se puede personalizar)<\/p>\n<p>3. Velocidad de paso: 30 personas\/min.<\/p>\n<p>4. Fuente de alimentaci\u00f3n: 110V\/220V 50\/60Hz<\/p>\n<p>5. Solenoide: DC24V<\/p>\n<p>6. Entrada de puerta abierta: contacto seco\/rel\u00e9<\/p>\n<p>7. Voltaje l\u00f3gico: DC24V<\/p>\n<p>8. Material de la carcasa: acero inoxidable 304 o acero inoxidable 316<\/p>\n<p>9. El mecanismo viene con amortiguador hidr\u00e1ulico para absorci\u00f3n de impactos.<\/p>\n<p><strong><a title=\"Torniquete de altura completa certificado CE de Mairs\" href=\"http:\/\/mairsturnstile.com\/wp-content\/uploads\/2022\/09\/Mairs-CE-Certificate-Full-Height-Turnstile.pdf\" target=\"_blank\" rel=\"noopener noreferrer\">Certificaci\u00f3n CE<\/a>, <a title=\"Certificado Mairs ISO9001\" href=\"http:\/\/mairsturnstile.com\/wp-content\/uploads\/2022\/09\/Mairs-Registration-Certificate-ISO9001.pdf\" target=\"_blank\" rel=\"noopener noreferrer\">Certificado ISO 9001.<\/a><\/strong><\/p>\n<p><a title=\"Folleto de torniquetes de altura completa\" href=\"http:\/\/mairsturnstile.com\/wp-content\/uploads\/2023\/12\/MT401-brochure.pdf\" target=\"_blank\" rel=\"noopener noreferrer\"><strong><img decoding=\"async\" class=\"alignnone size-full wp-image-11034\" src=\"http:\/\/mairsturnstile.com\/wp-content\/uploads\/2022\/09\/pdf-MairsTurnstile.png\" alt=\"\" width=\"32\" height=\"32\"><span style=\"color: #0000ff;\">Folleto del torniquete de altura completa MT401<\/span><\/strong><\/a><\/p>\n<p><a title=\"Manual de instalaci\u00f3n de torniquete de altura completa\" href=\"http:\/\/mairsturnstile.com\/wp-content\/uploads\/2023\/09\/Full-height-turnstile-installation-manual.pdf\" target=\"_blank\" rel=\"noopener noreferrer\"><img decoding=\"async\" class=\"alignnone size-full wp-image-11034\" src=\"http:\/\/mairsturnstile.com\/wp-content\/uploads\/2022\/09\/pdf-MairsTurnstile.png\" alt=\"\" width=\"32\" height=\"32\"><strong><span style=\"color: #0000ff;\"> Manual de instalaci\u00f3n y usuario del torniquete de altura completa<\/span><\/strong><\/a><\/p>\n","protected":false},"featured_media":26514,"comment_status":"closed","ping_status":"closed","template":"","meta":{"neve_meta_sidebar":"","neve_meta_container":"","neve_meta_enable_content_width":"off","neve_meta_content_width":0,"neve_meta_title_alignment":"","neve_meta_author_avatar":"","neve_post_elements_order":"","neve_meta_disable_header":"","neve_meta_disable_footer":"","neve_meta_disable_title":"","_ti_tpc_template_sync":false,"_ti_tpc_template_id":""},"product_cat":[678,679],"product_tag":[688,744,1586,1576,697],"class_list":["post-9698","product","type-product","status-publish","has-post-thumbnail","hentry","product_cat-puerta-de-torniquete","product_cat-torniquetes-de-altura-completa","product_tag-precio-de-torniquete-de-altura-completa-en-pakistan","product_tag-puerta-torniquete-pakistan","product_tag-torniquete-de-codigo-qr","product_tag-torniquete-unico-de-altura-completa","product_tag-torniquetes-de-altura-completa"],"_links":{"self":[{"href":"https:\/\/mairsturnstile.com\/es\/wp-json\/wp\/v2\/product\/9698","targetHints":{"allow":["GET"]}}],"collection":[{"href":"https:\/\/mairsturnstile.com\/es\/wp-json\/wp\/v2\/product"}],"about":[{"href":"https:\/\/mairsturnstile.com\/es\/wp-json\/wp\/v2\/types\/product"}],"replies":[{"embeddable":true,"href":"https:\/\/mairsturnstile.com\/es\/wp-json\/wp\/v2\/comments?post=9698"}],"version-history":[{"count":0,"href":"https:\/\/mairsturnstile.com\/es\/wp-json\/wp\/v2\/product\/9698\/revisions"}],"wp:featuredmedia":[{"embeddable":true,"href":"https:\/\/mairsturnstile.com\/es\/wp-json\/wp\/v2\/media\/26514"}],"wp:attachment":[{"href":"https:\/\/mairsturnstile.com\/es\/wp-json\/wp\/v2\/media?parent=9698"}],"wp:term":[{"taxonomy":"product_cat","embeddable":true,"href":"https:\/\/mairsturnstile.com\/es\/wp-json\/wp\/v2\/product_cat?post=9698"},{"taxonomy":"product_tag","embeddable":true,"href":"https:\/\/mairsturnstile.com\/es\/wp-json\/wp\/v2\/product_tag?post=9698"}],"curies":[{"name":"wp","href":"https:\/\/api.w.org\/{rel}","templated":true}]}}