{"id":9699,"date":"2020-09-13T17:06:48","date_gmt":"2020-09-13T09:06:48","guid":{"rendered":"https:\/\/mairsturnstile.com\/product\/torniquete-de-altura-completa-torniquete-para-discapacitados-mt451-c"},"modified":"2024-10-28T18:28:44","modified_gmt":"2024-10-28T10:28:44","slug":"torniquete-para-discapacitados","status":"publish","type":"product","link":"https:\/\/mairsturnstile.com\/es\/producto\/torniquete-para-discapacitados","title":{"rendered":"TORNIQUETE DE ALTURA TOTAL PARA MINUSV\u00c1LIDOS"},"content":{"rendered":"        <!-- 3D Model html -->\r\n        <div class=\"bp_grand wrapper_51818\">   \r\n        <div class=\"bp_model_parent\">\r\n            <model-viewer class=\"model\" id=\"bp_model_id_51818\" src=\"http:\/\/mairsturnstile.com\/wp-content\/uploads\/2024\/09\/MT-XW400C.glb\" alt=\"MT-XW400C\" camera-controls  loading=\"auto\" auto-rotate                        >\r\n            <\/model-viewer>\r\n        \r\n            <!-- Button -->\r\n            <svg id=\"openBtn\" width=\"30px\" height=\"30px\" viewBox=\"0 0 16 16\" xmlns=\"http:\/\/www.w3.org\/2000\/svg\" fill=\"#f2f2f2\" class=\"bi bi-arrows-fullscreen model-icon\">\r\n                <path fill-rule=\"evenodd\" d=\"M5.828 10.172a.5.5 0 0 0-.707 0l-4.096 4.096V11.5a.5.5 0 0 0-1 0v3.975a.5.5 0 0 0 .5.5H4.5a.5.5 0 0 0 0-1H1.732l4.096-4.096a.5.5 0 0 0 0-.707zm4.344 0a.5.5 0 0 1 .707 0l4.096 4.096V11.5a.5.5 0 1 1 1 0v3.975a.5.5 0 0 1-.5.5H11.5a.5.5 0 0 1 0-1h2.768l-4.096-4.096a.5.5 0 0 1 0-.707zm0-4.344a.5.5 0 0 0 .707 0l4.096-4.096V4.5a.5.5 0 1 0 1 0V.525a.5.5 0 0 0-.5-.5H11.5a.5.5 0 0 0 0 1h2.768l-4.096 4.096a.5.5 0 0 0 0 .707zm-4.344 0a.5.5 0 0 1-.707 0L1.025 1.732V4.5a.5.5 0 0 1-1 0V.525a.5.5 0 0 1 .5-.5H4.5a.5.5 0 0 1 0 1H1.732l4.096 4.096a.5.5 0 0 1 0 .707z\"\/>\r\n            <\/svg>\r\n        \r\n            <svg id=\"closeBtn\" class=\"model-icon\" width=\"34px\" height=\"34px\" viewBox=\"0 0 24 24\" xmlns=\"http:\/\/www.w3.org\/2000\/svg\">\r\n                <path fill=\"none\" stroke=\"#f2f2f2\" stroke-width=\"2\" d=\"M7,7 L17,17 M7,17 L17,7\"\/>\r\n            <\/svg>\r\n        \r\n        <\/div>\r\n        <\/div> \r\n\r\n        <!-- Model Viewer Style -->\r\n        <style>\r\n            \r\n            .wrapper_51818 .bp_model_parent, #bp_model_id_51818 {\r\n                width: 1150px;\r\n                max-width: 100%;\r\n                                            }\r\n            #bp_model_id_51818 {\r\n                height:700px;\r\n                background-color: #f9f9f9;\r\n            }\r\n            .fullscreen #bp_model_id_51818{\r\n            height: 100%;\r\n            width: 100%;\r\n            }\r\n            .wrapper_51818 .bp_model_parent{\r\n                justify-content: start            }\r\n            model-viewer.model {\r\n                --poster-color: transparent;\r\n            }\r\n        <\/style>\r\n        \r\n        \n<h4>La puerta de torniquete para discapacitados tiene una garant\u00eda de 2 a\u00f1os y mantenimiento duradero y soporte de reparaci\u00f3n.<\/h4>\n<p>Podemos proporcionar servicios de OEM y ODM. Contamos con dise\u00f1adores experimentados que pueden completar una personalizaci\u00f3n profunda de acuerdo con cualquiera de sus necesidades. Proporcionaremos una serie de materiales como representaciones 3D, dibujos dimensionales, etc. tan pronto como sea posible. Si tiene necesidades especiales y necesita personalizar el producto, solo necesita proporcionar im\u00e1genes y par\u00e1metros relevantes. Tambi\u00e9n proporcionamos dispositivos biom\u00e9tricos, como lectores de tarjetas IC\/ID, esc\u00e1neres de huellas dactilares, esc\u00e1neres de c\u00f3digos QR, c\u00e1maras de reconocimiento facial, etc.<\/p>\n<p>Tambi\u00e9n hemos lanzado una nueva serie de torniquetes de altura completa con aspecto elegante y estructura robusta. Consulte: <a style=\"\" href=\"\" target=\"\" rel=\"noopener\"><span style=\"\">serie de torniquetes de altura completa<\/span><\/a> <\/p>\n<p><strong>El torniquete para discapacitados es un tipo de puerta de torniquete para peatones que se utiliza para el control de acceso de sillas de ruedas para discapacitados, cuyo ancho de carril debe ser de al menos 900 mm. El torniquete para discapacitados generalmente est\u00e1 dise\u00f1ado para personas discapacitadas y discapacitadas, lo que facilita el viaje de las personas discapacitadas.<\/strong> Los minusv\u00e1lidos y sillas de ruedas pueden pasar f\u00e1cilmente. El torniquete para discapacitados es diferente del torniquete de barrera de aleta tradicional y del torniquete de tr\u00edpode. El acceso no est\u00e1 restringido por formas f\u00edsicas como la placa de ala y la barra de bloqueo. El torniquete para discapacitados no tiene un principio de movimiento, solo una funci\u00f3n de reconocimiento inductivo.<\/p>\n<p>Hay muchos estilos de torniquetes para discapacitados, que tambi\u00e9n se pueden personalizar de acuerdo con sus necesidades reales. Todas nuestras puertas giratorias de torniquete y puertas r\u00e1pidas pueden dise\u00f1arse especialmente para personas discapacitadas y discapacitadas. Todos los modelos de tornos batientes y puertas r\u00e1pidas se pueden utilizar para el acceso de minusv\u00e1lidos. Algunos modelos de barrera de doble aleta retr\u00e1ctil y torniquete de puerta corredera tambi\u00e9n pueden tener un ancho de paso de 900 mm. Cumple con ADA (Ley de Estadounidenses con Discapacidades). Si necesita alg\u00fan tipo de torniquete para discapacitados, <a href=\"https:\/\/mairsturnstile.com\/contact\">cons\u00faltenos<\/a><\/p>\n<p>Acerca de este torniquete ADA o producto de torniquete para discapacitados, debido a los factores del entorno de instalaci\u00f3n en el sitio o los requisitos de acceso al sitio y al sitio, es posible que muchos clientes solo necesiten la versi\u00f3n simple del torniquete ADA. Si tienes alguna necesidad en este sentido, tambi\u00e9n puedes contactar con nosotros para personalizarlo. Por ejemplo, nuestros clientes personalizan las siguientes dos versiones simples de la puerta de torniquete abatible de altura completa. Este torniquete giratorio de altura completa resuelve el problema de que los torniquetes de altura completa no pueden pasar a trav\u00e9s de bicicletas y sillas de ruedas. La versi\u00f3n simple de la puerta giratoria giratoria est\u00e1 completamente dise\u00f1ada para el paso de bicicletas o personas discapacitadas.<\/p>\n<p>Tambi\u00e9n podemos crear una representaci\u00f3n para usted en unos minutos en funci\u00f3n de su escenario real. Tambi\u00e9n proporcionamos dise\u00f1os y planos detallados, as\u00ed como planos de instalaci\u00f3n.<\/p>\n\n        \t\n\t<style type=\"text\/css\">\n\t\t.slider-info-53264.bafg-slider-info .bafg-slider-title {\n\t\t\t\t\t\tfont-size: 22px;\n\t\t\t\t\t\t\n\t\t\t\n\t\t\t\t\t}\n\n\t\t.slider-info-53264.bafg-slider-info .bafg-slider-description {\n\t\t\t\n\t\t\t\n\t\t\t\t\t}\n\n\t\t.slider-info-53264.bafg-slider-info .bafg_slider_readmore_button {\n\t\t\t\n\t\t\t\n\t\t\t\n\t\t\t\n\t\t\t\n\t\t\ttext-align: center;\n\n\t\t\t\n\t\t\t\n\t\t\t\n\t\t\t\n\t\t\t\n\t\t\t\n\t\t\t\t\t}\n\n\t\t.slider-info-53264.bafg-slider-info .bafg_slider_readmore_button:hover {\n\n\t\t\t\n\t\t\t\n\t\t\t\t\t}\n\n\t<\/style>\n\t\n        <div class=\"bafg-twentytwenty-container slider-53264 \" bafg-orientation=\"horizontal\" bafg-default-offset=\"0.5\" bafg-before-label=\"Before\" bafg-after-label=\"After\" bafg-overlay=\"yes\" bafg-move-slider-on-hover=\"yes\" bafg-click-to-move=\"no\">\n              \n            <img decoding=\"async\" class=\"skip-lazy\" src=\"http:\/\/mairsturnstile.com\/wp-content\/uploads\/2024\/09\/xw-series-full-height-handicap-turnstile-XW400-C.jpg\" alt=\"\" data-skip-lazy title=\"\">\n            <img decoding=\"async\" class=\"skip-lazy\" src=\"http:\/\/mairsturnstile.com\/wp-content\/uploads\/2024\/09\/xw-series-full-height-handicap-turnstile-XW400-C-1.jpg\" alt=\"\" data-skip-lazy title=\"\">\n           \n        <\/div>\n\n        \t<div class=\"bafg-slider-info-wraper\">\n\t\t<div style=\"\" class=\"slider-info-53264 bafg-slider-info\">\n\t\t\t\t\t<\/div>\n\t<\/div>\n\t\n        <style type=\"text\/css\">\n            \n        <\/style>\n        \n<p>Hay un sem\u00e1foro en la cubierta superior del producto y se fabrica un sem\u00e1foro LED de acuerdo con las necesidades del cliente. Podemos satisfacer las necesidades de cualquier OEM u ODM.<\/p>\n<p>El torniquete para discapacitados puede juzgar de forma r\u00e1pida y precisa la identidad ilegal del personal al pasar por el equipo, emitir se\u00f1ales de alarma y tomar fotos. Adem\u00e1s, el sistema de control de acceso puede usar tecnolog\u00eda de comparaci\u00f3n de im\u00e1genes para filtrar registros de acceso sospechosos o informaci\u00f3n de personal sospechosa en per\u00edodos de tiempo sensibles.<\/p>\n<p>El torniquete para discapacitados juzga si hay personas y bienes dentro y fuera del canal a trav\u00e9s de la tecnolog\u00eda RFID y la tecnolog\u00eda infrarroja, juzga la legitimidad de las personas y los bienes dentro y fuera del canal en combinaci\u00f3n con la tecnolog\u00eda inal\u00e1mbrica de adquisici\u00f3n de datos de larga distancia y les recuerda por medio de indicaci\u00f3n audible y visual.<\/p>\n<p>El torniquete para discapacitados se caracteriza por la tecnolog\u00eda de adquisici\u00f3n de datos inal\u00e1mbrica a larga distancia. El personal que ingresa y sale del canal no necesita mostrar activamente sus documentos de identidad, solo necesita conocer sus datos de identidad y legitimidad a trav\u00e9s del canal.<\/p>\n<p>La puerta torniquete para discapacitados se compone de un chasis y un m\u00f3dulo de control el\u00e9ctrico. La placa base de control de la puerta del torniquete detecta a las personas discapacitadas que pasan el proceso a trav\u00e9s de un detector de infrarrojos, y las personas discapacitadas\/discapacitadas pueden pasar con autorizaci\u00f3n legal; Si un peat\u00f3n ingresa al paso sin autorizaci\u00f3n, la alarma audible y visual se activar\u00e1 para indicar que el peat\u00f3n no puede pasar sin autorizaci\u00f3n.<\/p>\n<p style=\"font-weight: 400;\">Handicap Torniquete Control de acceso Reconocimiento facial Torniquete RFID para edificio de oficinas. Las interfaces de entrada de se\u00f1al est\u00e1ndar generalmente est\u00e1n configuradas, como RS485 \/ RS232 o interfaz TCP \/ IP, que pueden integrarse con varios software de terceros, equipos biom\u00e9tricos y controladores de control de acceso. Es adecuado para diversas ocasiones en interiores, como edificios comerciales, edificios de oficinas, salas de exposiciones, etc.<\/p>\n<p>El torniquete para discapacitados de la puerta del torniquete de altura completa controla a las personas que ingresan o salen del \u00e1rea restringida. La carcasa es de acero inoxidable 304 cepillado de alta calidad. El mecanismo utiliza tecnolog\u00eda de punta para minimizar el tama\u00f1o pero asegura un alto rendimiento. Tambi\u00e9n est\u00e1n equipados con un motor sin escobillas de CC de marca famosa y un sensor sofisticado. El <a href=\"https:\/\/mairsturnstile.com\/swing-turnstile-gate.html\" target=\"_blank\" rel=\"noopener\">torniquete giratorio<\/a> tiene una salida de rel\u00e9 est\u00e1ndar, que puede integrarse f\u00e1cilmente con todo tipo de sistemas de control de acceso de terceros (es decir, RFID, huella dactilar, cara, c\u00f3digo de barras, <a href=\"https:\/\/en.wikipedia.org\/wiki\/Thermometer\" target=\"_blank\" rel=\"noopener\">term\u00f3metro<\/a> IR). Es f\u00e1cil configurar varios carriles. Mairs ofrece la mejor puerta de torniquete para discapacitados al precio m\u00e1s barato en l\u00ednea. Torniquete para minusv\u00e1lidos, discapacitados y minusv\u00e1lidos.<\/p>\n<ul>\n<li style=\"list-style-type: none;\">\n<ul>\n<li>En caso de emergencia, corte la energ\u00eda, el torniquete para discapacitados se abrir\u00e1 autom\u00e1ticamente para permitir el paso libre que cumple con los requisitos de seguridad contra incendios. Pero tiene que venir con una bater\u00eda. En cuanto a la exportaci\u00f3n, la bater\u00eda es sensible, podemos usar el condensador para reemplazarla.<\/li>\n<li>La puerta de torniquete de altura completa para discapacitados es adecuada para soluciones de entrada de lujo y de alta gama.<\/li>\n<li>Todo el sistema funciona sin problemas, con poco ruido y alta velocidad.<\/li>\n<li>Funci\u00f3n de alarma, si hay una intrusi\u00f3n ilegal e intrusi\u00f3n inversa, la puerta emitir\u00e1 una alarma y la puerta se bloquear\u00e1.<\/li>\n<li>Hay un total de 6 pares de sensores infrarrojos. El sensor central es para evitar pellizcar a los peatones.<\/li>\n<li>Funci\u00f3n anti-seguimiento, una persona puede pasar a la vez. Si alguien sigue a la gente del frente, la puerta emitir\u00e1 una alarma.<\/li>\n<li>Indicador LED. Cruz roja y flecha verde. Tambi\u00e9n hay indicadores LED en el poste frontal. La luz LED se puede agregar a los brazos.<\/li>\n<li>El acceso bidireccional reduce la necesidad de m\u00e1s puertas. Se acomoda para silla de ruedas, el cochecito de compras aumenta la eficiencia de paso.<\/li>\n<li>Funci\u00f3n de reinicio autom\u00e1tico. Si las personas no pasaron dentro del tiempo preestablecido (el tiempo predeterminado es de 5 segundos), el sistema cancelar\u00e1 la autoridad del usuario y se cerrar\u00e1 autom\u00e1ticamente.<\/li>\n<li>Anti-bump, Anti clamp, Las puertas vienen con un motor sin escobillas. Durante la operaci\u00f3n, si alguien golpea el brazo, la puerta se reiniciar\u00e1 autom\u00e1ticamente. Esta funci\u00f3n evita que los peatones, especialmente los ni\u00f1os, golpeen, golpeen, golpeen, etc.<\/li>\n<li>Mecanismo: la puerta para minusv\u00e1lidos es autom\u00e1tica con motor Brushless<\/li>\n<li> Semiautom\u00e1tico de altura completa para acceso regular (autom\u00e1tico opcional)<\/li>\n<li>La direcci\u00f3n de rotaci\u00f3n: Bidireccional \/ Unidireccional<\/li>\n<li>Situaci\u00f3n de emergencia: en caso de emergencia o aislamiento de la fuente de alimentaci\u00f3n, la puerta giratoria se puede configurar para que funcione a prueba de fallas, es decir, gira libremente o se bloquea en caso de fallas.<\/li>\n<li>Humedad: \u226495\uff05<\/li>\n<li>Accionamiento: Operado semiautom\u00e1tico<\/li>\n<li>Temperatura de trabajo: -25 \u2103 ~ 60 \u2103<\/li>\n<li>Caracter\u00edstica opcional: lector IC\/ID, lector de c\u00f3digo de barras, reconocimiento facial, huella digital, otros equipos de control de acceso, UPS, etc.<\/li>\n<li>Distancia de comunicaci\u00f3n: \u22641200 m<\/li>\n<li>Interfaz de comunicaci\u00f3n: RS485<\/li>\n<li>Tiempo necesario para la apertura: 0,2 s<\/li>\n<li>Ambiente de trabajo: Interior o exterior<\/li>\n<li>Rango de aplicaci\u00f3n: comunidad, f\u00e1brica, sitio de construcci\u00f3n, escuela, lugar del resort, instalaci\u00f3n gubernamental, etc.<\/li>\n<\/ul>\n<\/li>\n<\/ul>\n<p>Podemos proporcionar la soluci\u00f3n completa de control de acceso de seguridad. Si tiene su propio sistema de control de acceso, puede usar directamente nuestra puerta de torniquete. Si no tiene uno, tambi\u00e9n ofrecemos una soluci\u00f3n completa de control de acceso de seguridad. Consulte el video a continuaci\u00f3n para obtener m\u00e1s detalles.<\/p>\n<p><iframe title=\"reproductor de videos de youtube\" src=\"https:\/\/www.youtube.com\/embed\/XyxFKnS3Br0\" width=\"1150\" height=\"650\" frameborder=\"0\" allowfullscreen=\"allowfullscreen\"><span data-mce-type=\"bookmark\" style=\"display: inline-block; width: 0px; overflow: hidden; line-height: 0;\" class=\"mce_SELRES_start\"><\/span><\/iframe><\/p>\n","protected":false},"excerpt":{"rendered":"<p>1. Tama\u00f1o:2650*1500*2200 mm(se puede personalizar)<\/p>\n<p>2. Ancho de carril: 650 mm (rotor) 900 mm (discapacitados)<\/p>\n<p>3. Material: acero inoxidable 304 o acero inoxidable 316<\/p>\n<p>4. Velocidad de paso: 25 personas\/min.<\/p>\n<p>5. Fuente de alimentaci\u00f3n: 110V\/220V 50\/60hz<\/p>\n<p>6. V\u00e1lvula solenoide: DC24V<\/p>\n<p>7. Se\u00f1al de puerta abierta: contacto seco\/rel\u00e9<\/p>\n<p>8. Fiabilidad del mecanismo: 5 millones, sin culpa<\/p>\n<p>9. Mecanismo con amortiguador hidr\u00e1ulico para amortiguaci\u00f3n<\/p>\n<p><strong><a title=\"Torniquete de altura completa certificado CE de Mairs\" href=\"http:\/\/mairsturnstile.com\/wp-content\/uploads\/2022\/09\/Mairs-CE-Certificate-Full-Height-Turnstile.pdf\" target=\"_blank\" rel=\"noopener noreferrer\">Certificaci\u00f3n CE<\/a>, <a title=\"Certificado Mairs ISO9001\" href=\"http:\/\/mairsturnstile.com\/wp-content\/uploads\/2022\/09\/Mairs-Registration-Certificate-ISO9001.pdf\" target=\"_blank\" rel=\"noopener noreferrer\">Certificado ISO 9001.<\/a><\/strong><\/p>\n<p><a title=\"Manual de instalaci\u00f3n de torniquete de altura completa\" href=\"http:\/\/mairsturnstile.com\/wp-content\/uploads\/2023\/09\/Full-height-turnstile-installation-manual.pdf\" target=\"_blank\" rel=\"noopener noreferrer\"><img decoding=\"async\" class=\"alignnone size-full wp-image-11034\" src=\"http:\/\/mairsturnstile.com\/wp-content\/uploads\/2022\/09\/pdf-MairsTurnstile.png\" alt=\"\" width=\"32\" height=\"32\"><strong><span style=\"color: #0000ff;\"> Manual de instalaci\u00f3n y usuario del torniquete de altura completa<\/span><\/strong><\/a><\/p>\n","protected":false},"featured_media":56879,"comment_status":"closed","ping_status":"closed","template":"","meta":{"neve_meta_sidebar":"","neve_meta_container":"","neve_meta_enable_content_width":"off","neve_meta_content_width":0,"neve_meta_title_alignment":"","neve_meta_author_avatar":"","neve_post_elements_order":"","neve_meta_disable_header":"","neve_meta_disable_footer":"","neve_meta_disable_title":"","_ti_tpc_template_sync":false,"_ti_tpc_template_id":""},"product_cat":[678,679],"product_tag":[690,1572,1573,689],"class_list":["post-9699","product","type-product","status-publish","has-post-thumbnail","hentry","product_cat-puerta-de-torniquete","product_cat-torniquetes-de-altura-completa","product_tag-puerta-de-torniquete-para-discapacitados","product_tag-torniquete","product_tag-torniquete-para-discapacitados-es","product_tag-torniquete-para-discapacitados"],"_links":{"self":[{"href":"https:\/\/mairsturnstile.com\/es\/wp-json\/wp\/v2\/product\/9699","targetHints":{"allow":["GET"]}}],"collection":[{"href":"https:\/\/mairsturnstile.com\/es\/wp-json\/wp\/v2\/product"}],"about":[{"href":"https:\/\/mairsturnstile.com\/es\/wp-json\/wp\/v2\/types\/product"}],"replies":[{"embeddable":true,"href":"https:\/\/mairsturnstile.com\/es\/wp-json\/wp\/v2\/comments?post=9699"}],"version-history":[{"count":0,"href":"https:\/\/mairsturnstile.com\/es\/wp-json\/wp\/v2\/product\/9699\/revisions"}],"wp:featuredmedia":[{"embeddable":true,"href":"https:\/\/mairsturnstile.com\/es\/wp-json\/wp\/v2\/media\/56879"}],"wp:attachment":[{"href":"https:\/\/mairsturnstile.com\/es\/wp-json\/wp\/v2\/media?parent=9699"}],"wp:term":[{"taxonomy":"product_cat","embeddable":true,"href":"https:\/\/mairsturnstile.com\/es\/wp-json\/wp\/v2\/product_cat?post=9699"},{"taxonomy":"product_tag","embeddable":true,"href":"https:\/\/mairsturnstile.com\/es\/wp-json\/wp\/v2\/product_tag?post=9699"}],"curies":[{"name":"wp","href":"https:\/\/api.w.org\/{rel}","templated":true}]}}