{"id":9700,"date":"2020-09-12T18:52:50","date_gmt":"2020-09-12T10:52:50","guid":{"rendered":"https:\/\/mairsturnstile.com\/product\/torniquete-de-media-altura-mt501"},"modified":"2024-10-28T18:27:26","modified_gmt":"2024-10-28T10:27:26","slug":"torniquete-de-media-altura","status":"publish","type":"product","link":"https:\/\/mairsturnstile.com\/es\/producto\/torniquete-de-media-altura","title":{"rendered":"TORNIQUETE DE MEDIA ALTURA MT501"},"content":{"rendered":"<h3>        <!-- 3D Model html -->\r\n        <div class=\"bp_grand wrapper_21822\">   \r\n        <div class=\"bp_model_parent\">\r\n            <model-viewer class=\"model\" id=\"bp_model_id_21822\" src=\"http:\/\/mairsturnstile.com\/wp-content\/uploads\/2023\/06\/MT501.glb\" alt=\"MT501\" camera-controls  loading=\"auto\" auto-rotate                        >\r\n            <\/model-viewer>\r\n        \r\n            <!-- Button -->\r\n            <svg id=\"openBtn\" width=\"30px\" height=\"30px\" viewBox=\"0 0 16 16\" xmlns=\"http:\/\/www.w3.org\/2000\/svg\" fill=\"#f2f2f2\" class=\"bi bi-arrows-fullscreen model-icon\">\r\n                <path fill-rule=\"evenodd\" d=\"M5.828 10.172a.5.5 0 0 0-.707 0l-4.096 4.096V11.5a.5.5 0 0 0-1 0v3.975a.5.5 0 0 0 .5.5H4.5a.5.5 0 0 0 0-1H1.732l4.096-4.096a.5.5 0 0 0 0-.707zm4.344 0a.5.5 0 0 1 .707 0l4.096 4.096V11.5a.5.5 0 1 1 1 0v3.975a.5.5 0 0 1-.5.5H11.5a.5.5 0 0 1 0-1h2.768l-4.096-4.096a.5.5 0 0 1 0-.707zm0-4.344a.5.5 0 0 0 .707 0l4.096-4.096V4.5a.5.5 0 1 0 1 0V.525a.5.5 0 0 0-.5-.5H11.5a.5.5 0 0 0 0 1h2.768l-4.096 4.096a.5.5 0 0 0 0 .707zm-4.344 0a.5.5 0 0 1-.707 0L1.025 1.732V4.5a.5.5 0 0 1-1 0V.525a.5.5 0 0 1 .5-.5H4.5a.5.5 0 0 1 0 1H1.732l4.096 4.096a.5.5 0 0 1 0 .707z\"\/>\r\n            <\/svg>\r\n        \r\n            <svg id=\"closeBtn\" class=\"model-icon\" width=\"34px\" height=\"34px\" viewBox=\"0 0 24 24\" xmlns=\"http:\/\/www.w3.org\/2000\/svg\">\r\n                <path fill=\"none\" stroke=\"#f2f2f2\" stroke-width=\"2\" d=\"M7,7 L17,17 M7,17 L17,7\"\/>\r\n            <\/svg>\r\n        \r\n        <\/div>\r\n        <\/div> \r\n\r\n        <!-- Model Viewer Style -->\r\n        <style>\r\n            \r\n            .wrapper_21822 .bp_model_parent, #bp_model_id_21822 {\r\n                width: 1150px;\r\n                max-width: 100%;\r\n                                            }\r\n            #bp_model_id_21822 {\r\n                height:700px;\r\n                background-color: #f9f9f9;\r\n            }\r\n            .fullscreen #bp_model_id_21822{\r\n            height: 100%;\r\n            width: 100%;\r\n            }\r\n            .wrapper_21822 .bp_model_parent{\r\n                justify-content: start            }\r\n            model-viewer.model {\r\n                --poster-color: transparent;\r\n            }\r\n        <\/style>\r\n        \r\n        <\/h3>\n<h3>El <strong>torniquete de media<\/strong> altura tiene 2 a\u00f1os de garant\u00eda y un soporte de mantenimiento y reparaci\u00f3n duradero.<\/h3>\n<p>Podemos proporcionar servicios de OEM y ODM. Contamos con dise\u00f1adores experimentados que pueden completar una personalizaci\u00f3n profunda de acuerdo con cualquiera de sus necesidades. Proporcionaremos una serie de materiales como representaciones 3D, dibujos dimensionales, etc. tan pronto como sea posible. Mairs ofrece torniquetes de media altura de la mejor calidad a un precio asequible. Tambi\u00e9n proporcionamos dispositivos biom\u00e9tricos, como lectores de tarjetas IC\/ID, esc\u00e1neres de huellas dactilares, esc\u00e1neres de c\u00f3digos QR, c\u00e1maras de reconocimiento facial, etc. Si necesita integrar estos dispositivos en la puerta giratoria de altura completa o tiene alguna pregunta, <a href=\"https:\/\/mairsturnstile.com\/contact\">p\u00f3ngase en contacto con nosotros<\/a><\/p>\n<p><strong>El torniquete de media altura es un tipo de puerta de torniquete para peatones con solo la mitad de la altura del cuerpo de bloqueo. El cuerpo de bloqueo de la puerta torniquete generalmente se compone de 3 o 4 varillas de metal.<\/strong> En funci\u00f3n de la altura de la varilla, el torniquete se divide en <a href=\"https:\/\/mairsturnstile.com\/product\/full-height-pedestrian-turnstiles\">torniquete de altura completa<\/a> y torniquete de media altura, siendo el torniquete de altura completa el m\u00e1s utilizado. El torniquete de media altura adopta un dise\u00f1o mec\u00e1nico anti-seguimiento, que puede realizar efectivamente el tr\u00e1fico de una sola persona, lo que significa que solo una persona puede pasar a la vez. En comparaci\u00f3n con el <a href=\"https:\/\/mairsturnstile.com\/product\/tripod-security-gate\">torniquete de tr\u00edpode<\/a>, el torniquete de media altura tiene mayor seguridad y fiabilidad.<\/p>\n<p>Dise\u00f1o estructural del torniquete de media altura: la barra de bloqueo sobre el torniquete de media altura adopta un dise\u00f1o estructural extra\u00edble, que es f\u00e1cil de instalar y transportar.<\/p>\n<p>Caracter\u00edsticas del torniquete de media altura: fuerte capacidad a prueba de agua y polvo y fuerte adaptabilidad ambiental.<\/p>\n<p>Aplicaci\u00f3n del torniquete de media altura: el torniquete de media altura es adecuado para ocasiones que requieren un orden de alto tr\u00e1fico, como gimnasios, prisiones, etc. Tambi\u00e9n es adecuado para \u00e1reas residenciales, lugares esc\u00e9nicos, f\u00e1bricas, salas de exhibici\u00f3n y otras ocasiones en interiores y exteriores.<\/p>\n<p>El torniquete de media altura con barandilla est\u00e1 fabricado en <a href=\"https:\/\/en.wikipedia.org\/wiki\/Stainless_steel\" target=\"_blank\" rel=\"noopener\">acero inoxidable<\/a> 304, con una bella apariencia, prevenci\u00f3n de la oxidaci\u00f3n y durabilidad. Tambi\u00e9n adopta una interfaz el\u00e9ctrica est\u00e1ndar, que puede integrar f\u00e1cilmente c\u00f3digos QR, tarjetas de identificaci\u00f3n, tarjetas IC y otros lectores de tarjetas, para proporcionar un acceso civilizado y ordenado para las personas que entran y salen y evitar que personas ilegales entren y salgan. . El torniquete de media altura se puede usar durante mucho tiempo, lo que no es f\u00e1cil de oxidar y tiene las ventajas de prevenci\u00f3n de perforaci\u00f3n inteligente, tr\u00e1fico ordenado, selecci\u00f3n de una y dos v\u00edas, etc.<\/p>\n<h3>Ventajas del torniquete de media altura:<\/h3>\n<p><strong>Dise\u00f1o avanzado e inteligente<\/strong><\/p>\n<p>El torniquete de media altura adopta un dise\u00f1o mec\u00e1nico anti-seguimiento para controlar efectivamente solo a una persona a la vez. Se adopta la estructura mec\u00e1nica avanzada. En modo de espera, la barra de bloqueo est\u00e1 bloqueada para evitar el paso ilegal de peatones. Cuando se recibe una se\u00f1al legal de apertura de puerta en una direcci\u00f3n, dentro del tiempo de paso permitido, los peatones que ingresan al paso desde la direcci\u00f3n opuesta y empujan la barra de la puerta se considerar\u00e1n como paso inverso, y la barra de bloqueo en esta direcci\u00f3n se bloquear\u00e1 para evitar peatones del paso inverso.<\/p>\n<p>El sistema de control de retroalimentaci\u00f3n de circuito cerrado se utiliza para monitorear el estado de movimiento de la varilla del freno, que puede detectar con sensibilidad los comportamientos que amenazan la seguridad del canal, como el paso inverso, y luego enviar advertencias en forma de sonido y luz, y Tambi\u00e9n se puede vincular con otros sistemas de seguridad.<\/p>\n<p><strong>N\u00facleo de control estable y potente<\/strong><\/p>\n<p>Larga vida \u00fatil: la estructura del mecanismo es avanzada, equipada con un motor de CC sin escobillas importado de alta calidad y un electroim\u00e1n, por lo que el torniquete de media altura tiene una larga vida \u00fatil y un rendimiento estable. Tecnolog\u00eda de control de motor avanzada: se adoptan el sistema de control de servo avanzado y la tecnolog\u00eda de control de motor de brazo DSP +, y el algoritmo de control de motor se combina para realizar el control y posicionamiento precisos de la barrera.<\/p>\n<p><strong>Protecci\u00f3n integral de seguridad personal<\/strong><\/p>\n<p>Apagado y apertura de puertas: estructura mec\u00e1nica avanzada. Cuando la energ\u00eda est\u00e1 apagada, la barra de bloqueo se desbloquear\u00e1 autom\u00e1ticamente y se puede empujar libremente para facilitar la evacuaci\u00f3n de personas. Apertura de puerta de emergencia: equipado con un dispositivo de control de escape de emergencia para desbloquear autom\u00e1ticamente la barra de la puerta, y los peatones pueden empujarla libremente en ambas direcciones para facilitar la evacuaci\u00f3n de personas. Evite que los peatones sufran descargas el\u00e9ctricas: el equipo adopta un voltaje seguro y un protector de corriente para que los peatones no resulten heridos por descargas el\u00e9ctricas.<\/p>\n<p>Tambi\u00e9n podemos crear una representaci\u00f3n para usted en unos minutos en funci\u00f3n de su escenario real. Tambi\u00e9n proporcionamos dise\u00f1os y planos detallados, as\u00ed como planos de instalaci\u00f3n.<\/p>\n\n        \t\n\t<style type=\"text\/css\">\n\t\t.slider-info-21844.bafg-slider-info .bafg-slider-title {\n\t\t\t\t\t\tfont-size: 22px;\n\t\t\t\t\t\t\n\t\t\t\n\t\t\t\t\t}\n\n\t\t.slider-info-21844.bafg-slider-info .bafg-slider-description {\n\t\t\t\n\t\t\t\n\t\t\t\t\t}\n\n\t\t.slider-info-21844.bafg-slider-info .bafg_slider_readmore_button {\n\t\t\t\n\t\t\t\n\t\t\t\n\t\t\t\n\t\t\t\n\t\t\ttext-align: center;\n\n\t\t\t\n\t\t\t\n\t\t\t\n\t\t\t\n\t\t\t\n\t\t\t\n\t\t\t\t\t}\n\n\t\t.slider-info-21844.bafg-slider-info .bafg_slider_readmore_button:hover {\n\n\t\t\t\n\t\t\t\n\t\t\t\t\t}\n\n\t<\/style>\n\t\n        <div class=\"bafg-twentytwenty-container slider-21844 \" bafg-orientation=\"horizontal\" bafg-default-offset=\"0.5\" bafg-before-label=\"Before\" bafg-after-label=\"After\" bafg-overlay=\"yes\" bafg-move-slider-on-hover=\"yes\" bafg-click-to-move=\"no\">\n              \n            <img decoding=\"async\" class=\"skip-lazy\" src=\"http:\/\/mairsturnstile.com\/wp-content\/uploads\/2023\/06\/half-height-turnstile_8.jpg\" alt=\"\" data-skip-lazy title=\"\">\n            <img decoding=\"async\" class=\"skip-lazy\" src=\"http:\/\/mairsturnstile.com\/wp-content\/uploads\/2023\/06\/half-height-turnstile_9.jpg\" alt=\"\" data-skip-lazy title=\"\">\n           \n        <\/div>\n\n        \t<div class=\"bafg-slider-info-wraper\">\n\t\t<div style=\"\" class=\"slider-info-21844 bafg-slider-info\">\n\t\t\t\t\t<\/div>\n\t<\/div>\n\t\n        <style type=\"text\/css\">\n            \n        <\/style>\n        \n<ul>\n<li>El <strong>torniquete de media altura <\/strong>se utiliza a menudo para soluciones de control de acceso de alta seguridad.<\/li>\n<li>Con la funci\u00f3n anti-reversa, detenga la direcci\u00f3n inversa.<\/li>\n<li>El <strong>torniquete de media altura<\/strong> puede utilizarse tanto en interiores como en exteriores.<\/li>\n<li>Este torniquete se puede integrar con cualquier tipo de sistema de control de acceso de terceros (por ejemplo, dispositivo RFID, huella digital y dispositivo biom\u00e9trico).<\/li>\n<li>Para cumplir con los requisitos de control de emergencia, la puerta del torniquete se abrir\u00e1 autom\u00e1ticamente cuando se corte la energ\u00eda.<\/li>\n<li>El sistema completo funciona muy bien, con una vida \u00fatil prolongada y alto rendimiento, alta confiabilidad de operaci\u00f3n y respuesta r\u00e1pida.<\/li>\n<li>El mecanismo est\u00e1 equipado con un amortiguador hidr\u00e1ulico de alta calidad con este dispositivo, hay muy poco ruido al funcionar y es m\u00e1s suave.<\/li>\n<li>Funci\u00f3n de autocomprobaci\u00f3n, la puerta se restaurar\u00e1 autom\u00e1ticamente cuando est\u00e9 encendida.<\/li>\n<li>Puede ser un funcionamiento de una o dos direcciones<\/li>\n<li>Con luz indicadora LED.<\/li>\n<li>Sentido de giro: Bidireccional<\/li>\n<li>Puede ser controlado por un control remoto y administrado directamente por la computadora.<\/li>\n<li>En caso de corte de energ\u00eda, el carril del torniquete ser\u00e1 de libre acceso, cumpliendo con los requisitos de seguridad contra incendios.<\/li>\n<li>El tama\u00f1o\/dise\u00f1o de la puerta se puede personalizar seg\u00fan el dibujo del cliente<\/li>\n<li>El tama\u00f1o se puede ajustar para cumplir con los requisitos en diferentes lugares.<\/li>\n<\/ul>\n<p>Podemos proporcionar la soluci\u00f3n completa de control de acceso de seguridad. Si tiene su propio sistema de control de acceso, puede usar directamente nuestra puerta de torniquete. Si no tiene uno, tambi\u00e9n ofrecemos una soluci\u00f3n completa de control de acceso de seguridad. Consulte el video a continuaci\u00f3n para obtener m\u00e1s detalles.<\/p>\n<p><iframe title=\"reproductor de videos de youtube\" src=\"https:\/\/www.youtube.com\/embed\/XyxFKnS3Br0\" width=\"1150\" height=\"650\" frameborder=\"0\" allowfullscreen=\"allowfullscreen\"><span data-mce-type=\"bookmark\" style=\"display: inline-block; width: 0px; overflow: hidden; line-height: 0;\" class=\"mce_SELRES_start\"><\/span><\/iframe><\/p>\n","protected":false},"excerpt":{"rendered":"<p>1. Tama\u00f1o: 1400 * 1100 * 1150 mm (se puede personalizar)<\/p>\n<p>2. Ancho de carril: 650 mm (se puede personalizar)<\/p>\n<p>3. Velocidad de paso: 30 personas\/min.<\/p>\n<p>4. Fuente de alimentaci\u00f3n: 110V\/220V 50\/60Hz<\/p>\n<p>5. Solenoide torniquete de media altura: DC24V<\/p>\n<p>6. Se\u00f1al de puerta abierta: contacto seco\/rel\u00e9<\/p>\n<p>7. Voltaje l\u00f3gico: DC24V<\/p>\n<p>8. Material: acero inoxidable 304 o acero inoxidable 316<\/p>\n<p>9. Ancho de carril: 600-660 mm<\/p>\n<p><strong><a title=\"Torniquete de altura completa certificado CE de Mairs\" href=\"http:\/\/mairsturnstile.com\/wp-content\/uploads\/2022\/09\/Mairs-CE-Certificate-Full-Height-Turnstile.pdf\" target=\"_blank\" rel=\"noopener noreferrer\">Certificaci\u00f3n CE<\/a>, <a title=\"Certificado Mairs ISO9001\" href=\"http:\/\/mairsturnstile.com\/wp-content\/uploads\/2022\/09\/Mairs-Registration-Certificate-ISO9001.pdf\" target=\"_blank\" rel=\"noopener noreferrer\">Certificado ISO 9001.<\/a><\/strong><\/p>\n","protected":false},"featured_media":21521,"comment_status":"closed","ping_status":"closed","template":"","meta":{"neve_meta_sidebar":"","neve_meta_container":"","neve_meta_enable_content_width":"off","neve_meta_content_width":0,"neve_meta_title_alignment":"","neve_meta_author_avatar":"","neve_post_elements_order":"","neve_meta_disable_header":"","neve_meta_disable_footer":"","neve_meta_disable_title":"","_ti_tpc_template_sync":false,"_ti_tpc_template_id":""},"product_cat":[678,679],"product_tag":[693,692,691],"class_list":["post-9700","product","type-product","status-publish","has-post-thumbnail","hentry","product_cat-puerta-de-torniquete","product_cat-torniquetes-de-altura-completa","product_tag-precios-de-torniquetes-de-media-altura","product_tag-puerta-torniquete-de-media-altura","product_tag-torniquete-de-media-altura"],"_links":{"self":[{"href":"https:\/\/mairsturnstile.com\/es\/wp-json\/wp\/v2\/product\/9700","targetHints":{"allow":["GET"]}}],"collection":[{"href":"https:\/\/mairsturnstile.com\/es\/wp-json\/wp\/v2\/product"}],"about":[{"href":"https:\/\/mairsturnstile.com\/es\/wp-json\/wp\/v2\/types\/product"}],"replies":[{"embeddable":true,"href":"https:\/\/mairsturnstile.com\/es\/wp-json\/wp\/v2\/comments?post=9700"}],"version-history":[{"count":0,"href":"https:\/\/mairsturnstile.com\/es\/wp-json\/wp\/v2\/product\/9700\/revisions"}],"wp:featuredmedia":[{"embeddable":true,"href":"https:\/\/mairsturnstile.com\/es\/wp-json\/wp\/v2\/media\/21521"}],"wp:attachment":[{"href":"https:\/\/mairsturnstile.com\/es\/wp-json\/wp\/v2\/media?parent=9700"}],"wp:term":[{"taxonomy":"product_cat","embeddable":true,"href":"https:\/\/mairsturnstile.com\/es\/wp-json\/wp\/v2\/product_cat?post=9700"},{"taxonomy":"product_tag","embeddable":true,"href":"https:\/\/mairsturnstile.com\/es\/wp-json\/wp\/v2\/product_tag?post=9700"}],"curies":[{"name":"wp","href":"https:\/\/api.w.org\/{rel}","templated":true}]}}