{"id":9702,"date":"2020-09-12T18:49:25","date_gmt":"2020-09-12T10:49:25","guid":{"rendered":"https:\/\/mairsturnstile.com\/product\/torniquete-de-entrada-de-empleados-mt404-1"},"modified":"2024-10-28T18:25:37","modified_gmt":"2024-10-28T10:25:37","slug":"empleada-entrada-torniquete","status":"publish","type":"product","link":"https:\/\/mairsturnstile.com\/es\/producto\/empleada-entrada-torniquete","title":{"rendered":"PUERTA GIRATORIA DE ENTRADA DE EMPLEADOS"},"content":{"rendered":"        <!-- 3D Model html -->\r\n        <div class=\"bp_grand wrapper_21819\">   \r\n        <div class=\"bp_model_parent\">\r\n            <model-viewer class=\"model\" id=\"bp_model_id_21819\" src=\"http:\/\/mairsturnstile.com\/wp-content\/uploads\/2023\/06\/MT408.glb\" alt=\"MT408\" camera-controls  loading=\"auto\" auto-rotate                        >\r\n            <\/model-viewer>\r\n        \r\n            <!-- Button -->\r\n            <svg id=\"openBtn\" width=\"30px\" height=\"30px\" viewBox=\"0 0 16 16\" xmlns=\"http:\/\/www.w3.org\/2000\/svg\" fill=\"#f2f2f2\" class=\"bi bi-arrows-fullscreen model-icon\">\r\n                <path fill-rule=\"evenodd\" d=\"M5.828 10.172a.5.5 0 0 0-.707 0l-4.096 4.096V11.5a.5.5 0 0 0-1 0v3.975a.5.5 0 0 0 .5.5H4.5a.5.5 0 0 0 0-1H1.732l4.096-4.096a.5.5 0 0 0 0-.707zm4.344 0a.5.5 0 0 1 .707 0l4.096 4.096V11.5a.5.5 0 1 1 1 0v3.975a.5.5 0 0 1-.5.5H11.5a.5.5 0 0 1 0-1h2.768l-4.096-4.096a.5.5 0 0 1 0-.707zm0-4.344a.5.5 0 0 0 .707 0l4.096-4.096V4.5a.5.5 0 1 0 1 0V.525a.5.5 0 0 0-.5-.5H11.5a.5.5 0 0 0 0 1h2.768l-4.096 4.096a.5.5 0 0 0 0 .707zm-4.344 0a.5.5 0 0 1-.707 0L1.025 1.732V4.5a.5.5 0 0 1-1 0V.525a.5.5 0 0 1 .5-.5H4.5a.5.5 0 0 1 0 1H1.732l4.096 4.096a.5.5 0 0 1 0 .707z\"\/>\r\n            <\/svg>\r\n        \r\n            <svg id=\"closeBtn\" class=\"model-icon\" width=\"34px\" height=\"34px\" viewBox=\"0 0 24 24\" xmlns=\"http:\/\/www.w3.org\/2000\/svg\">\r\n                <path fill=\"none\" stroke=\"#f2f2f2\" stroke-width=\"2\" d=\"M7,7 L17,17 M7,17 L17,7\"\/>\r\n            <\/svg>\r\n        \r\n        <\/div>\r\n        <\/div> \r\n\r\n        <!-- Model Viewer Style -->\r\n        <style>\r\n            \r\n            .wrapper_21819 .bp_model_parent, #bp_model_id_21819 {\r\n                width: 1150px;\r\n                max-width: 100%;\r\n                                            }\r\n            #bp_model_id_21819 {\r\n                height:700px;\r\n                background-color: #f2f2f2;\r\n            }\r\n            .fullscreen #bp_model_id_21819{\r\n            height: 100%;\r\n            width: 100%;\r\n            }\r\n            .wrapper_21819 .bp_model_parent{\r\n                justify-content: start            }\r\n            model-viewer.model {\r\n                --poster-color: transparent;\r\n            }\r\n        <\/style>\r\n        \r\n        \n<h2>El torniquete de entrada para empleados tiene una garant\u00eda de 2 a\u00f1os y mantenimiento duradero y soporte de reparaci\u00f3n.<\/h2>\n<p>Podemos proporcionar servicios de OEM y ODM. Contamos con dise\u00f1adores experimentados que pueden completar una personalizaci\u00f3n profunda de acuerdo con cualquiera de sus necesidades. Proporcionaremos una serie de materiales como representaciones 3D, dibujos dimensionales, etc. tan pronto como sea posible. Tambi\u00e9n proporcionamos dispositivos biom\u00e9tricos, como lectores de tarjetas IC\/ID, esc\u00e1neres de huellas dactilares, esc\u00e1neres de c\u00f3digos QR, c\u00e1maras de reconocimiento facial, etc. Tambi\u00e9n hemos lanzado una nueva serie de torniquetes de altura completa con aspecto elegante y estructura robusta. Consulte:<a href=\"\" target=\"\" rel=\"noopener\"> serie de torniquetes de altura completa<\/a> <\/p>\n<p>Precio de f\u00e1brica del <strong>torniquete de entrada de empleados<\/strong> que est\u00e1 hecho de acero inoxidable 304 o de acero inoxidable 316.<\/p>\n<p data-spm-anchor-id=\"a2700.details.pronpeci14.i0.29abf16fjDZQVI\">El producto de puerta de torniquetes de altura completa ofrece aplicaciones de control de acceso tanto en interiores como en exteriores. Nuestra gama de entrada de empleados de torniquetes de altura completa viene con una superficie anticorrosiva de alta calidad y garantiza un funcionamiento confiable en condiciones exteriores extremas. Tambi\u00e9n podemos personalizar los <a href=\"https:\/\/mairsturnstile.com\/full-height-turnstiles.html\" target=\"_blank\" rel=\"noopener\">torniquetes de altura completa<\/a> seg\u00fan sus necesidades. Nuestro torniquete de entrada para empleados se puede integrar con todo tipo de dispositivos biom\u00e9tricos. como esc\u00e1neres de lectores de tarjetas, reconocimiento facial y esc\u00e1ner de <a href=\"https:\/\/en.wikipedia.org\/wiki\/QR_code\" target=\"_blank\" rel=\"noopener\">c\u00f3digos QR<\/a>. Si desea conocer m\u00e1s detalles, <a href=\"https:\/\/mairsturnstile.com\/contact\" target=\"_blank\" rel=\"noopener\">p\u00f3ngase en contacto con nosotros<\/a>.<\/p>\n<p data-spm-anchor-id=\"a2700.details.pronpeci14.i0.29abf16fjDZQVI\">Este torniquete de entrada para empleados se usa en aplicaciones que incluyen estadios y arenas, seguridad perimetral e interior, parques recreativos y de diversiones, control de multitudes minoristas, recolecci\u00f3n de tarifas de tr\u00e1nsito y vest\u00edbulo, prisi\u00f3n o algunos lugares de alta seguridad.<\/p>\n<p data-spm-anchor-id=\"a2700.details.pronpeci14.i0.29abf16fjDZQVI\">Tambi\u00e9n podemos crear una representaci\u00f3n para usted en unos minutos en funci\u00f3n de su escenario real. Tambi\u00e9n proporcionamos dise\u00f1os y planos detallados, as\u00ed como planos de instalaci\u00f3n.<\/p>\n<p data-spm-anchor-id=\"a2700.details.pronpeci14.i0.29abf16fjDZQVI\">\n        \t\n\t<style type=\"text\/css\">\n\t\t.slider-info-21846.bafg-slider-info .bafg-slider-title {\n\t\t\t\t\t\tfont-size: 22px;\n\t\t\t\t\t\t\n\t\t\t\n\t\t\t\t\t}\n\n\t\t.slider-info-21846.bafg-slider-info .bafg-slider-description {\n\t\t\t\n\t\t\t\n\t\t\t\t\t}\n\n\t\t.slider-info-21846.bafg-slider-info .bafg_slider_readmore_button {\n\t\t\t\n\t\t\t\n\t\t\t\n\t\t\t\n\t\t\t\n\t\t\ttext-align: center;\n\n\t\t\t\n\t\t\t\n\t\t\t\n\t\t\t\n\t\t\t\n\t\t\t\n\t\t\t\t\t}\n\n\t\t.slider-info-21846.bafg-slider-info .bafg_slider_readmore_button:hover {\n\n\t\t\t\n\t\t\t\n\t\t\t\t\t}\n\n\t<\/style>\n\t\n        <div class=\"bafg-twentytwenty-container slider-21846 \" bafg-orientation=\"horizontal\" bafg-default-offset=\"0.5\" bafg-before-label=\"Before\" bafg-after-label=\"After\" bafg-overlay=\"yes\" bafg-move-slider-on-hover=\"yes\" bafg-click-to-move=\"no\">\n              \n            <img decoding=\"async\" class=\"skip-lazy\" src=\"http:\/\/mairsturnstile.com\/wp-content\/uploads\/2023\/06\/employee-entrance-turnstile_5.jpg\" alt=\"\" data-skip-lazy title=\"\">\n            <img decoding=\"async\" class=\"skip-lazy\" src=\"http:\/\/mairsturnstile.com\/wp-content\/uploads\/2023\/06\/employee-entrance-turnstile_4.jpg\" alt=\"\" data-skip-lazy title=\"\">\n           \n        <\/div>\n\n        \t<div class=\"bafg-slider-info-wraper\">\n\t\t<div style=\"\" class=\"slider-info-21846 bafg-slider-info\">\n\t\t\t\t\t<\/div>\n\t<\/div>\n\t\n        <style type=\"text\/css\">\n            \n        <\/style>\n        <\/p>\n<ul>\n<li>El torniquete de entrada para empleados se usa a menudo para soluciones de control de acceso de alta seguridad.<\/li>\n<li>El material del cuerpo es acero inoxidable 304 que es antioxidante y duradero y tiene una alta resistencia. El brazo es tipo U.<\/li>\n<li>Con la funci\u00f3n anti-reversa, detenga la direcci\u00f3n inversa.<\/li>\n<li>El torniquete de entrada para empleados es adecuado tanto para interiores como para exteriores.<\/li>\n<li>Para cumplir con los requisitos de control de emergencia, la puerta del torniquete se abrir\u00e1 autom\u00e1ticamente cuando se corte la energ\u00eda.<\/li>\n<li>Todo el sistema funciona sin problemas, con un rendimiento de larga duraci\u00f3n, una alta confiabilidad de operaci\u00f3n y una respuesta r\u00e1pida.<\/li>\n<li>El mecanismo est\u00e1 equipado con un amortiguador hidr\u00e1ulico de alta calidad. Con este dispositivo, hay muy poco ruido al funcionar y es m\u00e1s suave.<\/li>\n<li>Funci\u00f3n de autocomprobaci\u00f3n, la puerta se restaurar\u00e1 autom\u00e1ticamente cuando est\u00e9 encendida.<\/li>\n<li>Dispositivos de doble rodamiento, manteniendo la puerta en equilibrio cuando hay una fuerza externa.<\/li>\n<li>Solo direccional o bidireccional es opcional.<\/li>\n<li>Distancia de comunicaci\u00f3n: \u22641200 m<\/li>\n<li>Indicador LED.<\/li>\n<li>Puede ser controlado por un control remoto y administrado por una computadora directamente.<\/li>\n<li>En caso de corte de energ\u00eda, el carril del torniquete ser\u00e1 de libre acceso, cumpliendo con los requisitos de seguridad contra incendios.<\/li>\n<li>El tama\u00f1o\/dise\u00f1o de la puerta se puede personalizar seg\u00fan el dibujo del cliente<\/li>\n<li>El tama\u00f1o se puede ajustar para cumplir con los requisitos en diferentes lugares.<\/li>\n<\/ul>\n<p>Podemos proporcionar la soluci\u00f3n completa de control de acceso de seguridad. Si tiene su propio sistema de control de acceso, puede usar directamente nuestra puerta de torniquete. Si no tiene uno, tambi\u00e9n ofrecemos una soluci\u00f3n completa de control de acceso de seguridad. Consulte el video a continuaci\u00f3n para obtener m\u00e1s detalles.<br \/>\n<iframe title=\"reproductor de videos de youtube\" src=\"https:\/\/www.youtube.com\/embed\/XyxFKnS3Br0\" width=\"1150\" height=\"650\" frameborder=\"0\" allowfullscreen=\"allowfullscreen\"><span data-mce-type=\"bookmark\" style=\"display: inline-block; width: 0px; overflow: hidden; line-height: 0;\" class=\"mce_SELRES_start\"><\/span><\/iframe><\/p>\n","protected":false},"excerpt":{"rendered":"<p>1. Tama\u00f1o: 4450 * 1450 * 2300 mm (se puede personalizar)<\/p>\n<p>2. Ancho de carril: 650 mm (se puede personalizar)<\/p>\n<p>3. Velocidad de paso: 30 personas\/min.<\/p>\n<p>4. Fuente de alimentaci\u00f3n: 110 V\/220 V 50\/60 Hz<\/p>\n<p>5. Solenoide de puerta de torniquetes de altura completa: DC24V<\/p>\n<p>6. Se\u00f1al de puerta abierta: contacto seco\/rel\u00e9<\/p>\n<p>7. Voltaje l\u00f3gico: DC24V<\/p>\n<p>8. Material: acero inoxidable 304 o acero inoxidable 316<\/p>\n<p>9. Temperatura de trabajo: -25 \u2103 ~ 60 \u2103<\/p>\n<p><strong><a title=\"Torniquete de altura completa certificado CE de Mairs\" href=\"http:\/\/mairsturnstile.com\/wp-content\/uploads\/2022\/09\/Mairs-CE-Certificate-Full-Height-Turnstile.pdf\" target=\"_blank\" rel=\"noopener noreferrer\">Certificaci\u00f3n CE<\/a>, <a title=\"Certificado Mairs ISO9001\" href=\"http:\/\/mairsturnstile.com\/wp-content\/uploads\/2022\/09\/Mairs-Registration-Certificate-ISO9001.pdf\" target=\"_blank\" rel=\"noopener noreferrer\">Certificado ISO 9001.<\/a><\/strong><\/p>\n<p><a title=\"Folleto de torniquetes de altura completa de tres carriles\" href=\"http:\/\/mairsturnstile.com\/wp-content\/uploads\/2023\/12\/MT408-brochure.pdf\" target=\"_blank\" rel=\"noopener noreferrer\"><img decoding=\"async\" class=\"alignnone size-full wp-image-11034\" src=\"http:\/\/mairsturnstile.com\/wp-content\/uploads\/2022\/09\/pdf-MairsTurnstile.png\" alt=\"\" width=\"32\" height=\"32\"><span style=\"color: #0000ff;\"><strong>MT408 Torniquete de tres carriles de altura completa Folleto<\/strong><\/span><\/a><\/p>\n<p><a title=\"Manual de instalaci\u00f3n de torniquete de altura completa\" href=\"http:\/\/mairsturnstile.com\/wp-content\/uploads\/2023\/09\/Full-height-turnstile-installation-manual.pdf\" target=\"_blank\" rel=\"noopener noreferrer\"><img decoding=\"async\" class=\"alignnone size-full wp-image-11034\" src=\"http:\/\/mairsturnstile.com\/wp-content\/uploads\/2022\/09\/pdf-MairsTurnstile.png\" alt=\"\" width=\"32\" height=\"32\"><strong><span style=\"color: #0000ff;\"> Manual de instalaci\u00f3n y usuario del torniquete de altura completa<\/span><\/strong><\/a><\/p>\n","protected":false},"featured_media":20993,"comment_status":"closed","ping_status":"closed","template":"","meta":{"neve_meta_sidebar":"","neve_meta_container":"","neve_meta_enable_content_width":"off","neve_meta_content_width":0,"neve_meta_title_alignment":"","neve_meta_author_avatar":"","neve_post_elements_order":"","neve_meta_disable_header":"","neve_meta_disable_footer":"","neve_meta_disable_title":"","_ti_tpc_template_sync":false,"_ti_tpc_template_id":""},"product_cat":[678,679],"product_tag":[1632,698,697,1623,699],"class_list":["post-9702","product","type-product","status-publish","has-post-thumbnail","hentry","product_cat-puerta-de-torniquete","product_cat-torniquetes-de-altura-completa","product_tag-puerta-de-estilo-de-giro","product_tag-torniquete-de-entrada-de-empleados","product_tag-torniquetes-de-altura-completa","product_tag-torniquetes-industriales-de-altura-completa","product_tag-torniquetes-para-empleados"],"_links":{"self":[{"href":"https:\/\/mairsturnstile.com\/es\/wp-json\/wp\/v2\/product\/9702","targetHints":{"allow":["GET"]}}],"collection":[{"href":"https:\/\/mairsturnstile.com\/es\/wp-json\/wp\/v2\/product"}],"about":[{"href":"https:\/\/mairsturnstile.com\/es\/wp-json\/wp\/v2\/types\/product"}],"replies":[{"embeddable":true,"href":"https:\/\/mairsturnstile.com\/es\/wp-json\/wp\/v2\/comments?post=9702"}],"version-history":[{"count":0,"href":"https:\/\/mairsturnstile.com\/es\/wp-json\/wp\/v2\/product\/9702\/revisions"}],"wp:featuredmedia":[{"embeddable":true,"href":"https:\/\/mairsturnstile.com\/es\/wp-json\/wp\/v2\/media\/20993"}],"wp:attachment":[{"href":"https:\/\/mairsturnstile.com\/es\/wp-json\/wp\/v2\/media?parent=9702"}],"wp:term":[{"taxonomy":"product_cat","embeddable":true,"href":"https:\/\/mairsturnstile.com\/es\/wp-json\/wp\/v2\/product_cat?post=9702"},{"taxonomy":"product_tag","embeddable":true,"href":"https:\/\/mairsturnstile.com\/es\/wp-json\/wp\/v2\/product_tag?post=9702"}],"curies":[{"name":"wp","href":"https:\/\/api.w.org\/{rel}","templated":true}]}}