{"id":9703,"date":"2020-09-12T18:47:33","date_gmt":"2020-09-12T10:47:33","guid":{"rendered":"https:\/\/mairsturnstile.com\/product\/el-mejor-torniquete-doble-de-altura-completa-mt403-1"},"modified":"2026-05-06T11:20:45","modified_gmt":"2026-05-06T03:20:45","slug":"torniquete-de-doble-carril-de-altura-completa","status":"publish","type":"product","link":"https:\/\/mairsturnstile.com\/es\/producto\/torniquete-de-doble-carril-de-altura-completa","title":{"rendered":"TORNIQUETE DE DOBLE CARRIL DE ALTURA TOTAL"},"content":{"rendered":"        <!-- 3D Model html -->\r\n        <div class=\"bp_grand wrapper_19985\">   \r\n        <div class=\"bp_model_parent\">\r\n            <model-viewer class=\"model\" id=\"bp_model_id_19985\" src=\"http:\/\/mairsturnstile.com\/wp-content\/uploads\/2024\/07\/\u53cc\u95e8\u95e8\u5168\u9ad8\u8f6c\u95f8\u5e95\u5ea7\u8f6e\u5b50.glb\" alt=\"\u53cc\u95e8\u95e8\u5168\u9ad8\u8f6c\u95f8+\u5e95\u5ea7+\u8f6e\u5b50\" camera-controls  loading=\"auto\" auto-rotate                        >\r\n            <\/model-viewer>\r\n        \r\n            <!-- Button -->\r\n            <svg id=\"openBtn\" width=\"30px\" height=\"30px\" viewBox=\"0 0 16 16\" xmlns=\"http:\/\/www.w3.org\/2000\/svg\" fill=\"#f2f2f2\" class=\"bi bi-arrows-fullscreen model-icon\">\r\n                <path fill-rule=\"evenodd\" d=\"M5.828 10.172a.5.5 0 0 0-.707 0l-4.096 4.096V11.5a.5.5 0 0 0-1 0v3.975a.5.5 0 0 0 .5.5H4.5a.5.5 0 0 0 0-1H1.732l4.096-4.096a.5.5 0 0 0 0-.707zm4.344 0a.5.5 0 0 1 .707 0l4.096 4.096V11.5a.5.5 0 1 1 1 0v3.975a.5.5 0 0 1-.5.5H11.5a.5.5 0 0 1 0-1h2.768l-4.096-4.096a.5.5 0 0 1 0-.707zm0-4.344a.5.5 0 0 0 .707 0l4.096-4.096V4.5a.5.5 0 1 0 1 0V.525a.5.5 0 0 0-.5-.5H11.5a.5.5 0 0 0 0 1h2.768l-4.096 4.096a.5.5 0 0 0 0 .707zm-4.344 0a.5.5 0 0 1-.707 0L1.025 1.732V4.5a.5.5 0 0 1-1 0V.525a.5.5 0 0 1 .5-.5H4.5a.5.5 0 0 1 0 1H1.732l4.096 4.096a.5.5 0 0 1 0 .707z\"\/>\r\n            <\/svg>\r\n        \r\n            <svg id=\"closeBtn\" class=\"model-icon\" width=\"34px\" height=\"34px\" viewBox=\"0 0 24 24\" xmlns=\"http:\/\/www.w3.org\/2000\/svg\">\r\n                <path fill=\"none\" stroke=\"#f2f2f2\" stroke-width=\"2\" d=\"M7,7 L17,17 M7,17 L17,7\"\/>\r\n            <\/svg>\r\n        \r\n        <\/div>\r\n        <\/div> \r\n\r\n        <!-- Model Viewer Style -->\r\n        <style>\r\n            \r\n            .wrapper_19985 .bp_model_parent, #bp_model_id_19985 {\r\n                width: 1150px;\r\n                max-width: 100%;\r\n                                            }\r\n            #bp_model_id_19985 {\r\n                height:700px;\r\n                background-color: #f2f2f2;\r\n            }\r\n            .fullscreen #bp_model_id_19985{\r\n            height: 100%;\r\n            width: 100%;\r\n            }\r\n            .wrapper_19985 .bp_model_parent{\r\n                justify-content: start            }\r\n            model-viewer.model {\r\n                --poster-color: transparent;\r\n            }\r\n        <\/style>\r\n        \r\n        \n<p>Podemos proporcionar servicios de OEM y ODM. Podemos proporcionar servicios de OEM y ODM. Contamos con dise\u00f1adores experimentados que pueden completar una personalizaci\u00f3n profunda de acuerdo con cualquiera de sus necesidades. Torniquete de altura completa y doble carril que ahorra espacio; dise\u00f1o modular compacto de doble carril. A diferencia de las voluminosas unidades independientes, nuestro torniquete doble de altura completa comparte un gabinete central para minimizar su huella f\u00edsica. Est\u00e9tica \u00fanica y estilizada: solicite un presupuesto. <\/p>\n<p>Tambi\u00e9n hemos lanzado una nueva serie de torniquetes de altura completa con aspecto elegante y estructura robusta. Consulte:<a href=\"https:\/\/mairsturnstile.com\/full-height-series-turnstile\" target=\"_blank\" rel=\"noopener\"> serie de torniquetes de altura completa<\/a> <\/p>\n<h4>El torniquete de altura completa de dos carriles tiene una garant\u00eda de 2 a\u00f1os y soporte duradero de mantenimiento y reparaci\u00f3n.<\/h4>\n<p>Tambi\u00e9n proporcionamos dispositivos biom\u00e9tricos, como lectores de tarjetas IC\/ID, esc\u00e1neres de huellas dactilares, esc\u00e1neres de c\u00f3digos QR, c\u00e1maras de reconocimiento facial, etc. Si necesita integrar estos dispositivos en la puerta giratoria de altura completa o tiene alguna pregunta, <a href=\"https:\/\/mairsturnstile.com\/contact\" target=\"_blank\" rel=\"noopener\">p\u00f3ngase en contacto con nosotros<\/a><\/p>\n<p style=\"font-weight: 400;\" data-spm-anchor-id=\"a2700.details.pronpeci14.i1.21073656hQew9t\"><span style=\"font-style: inherit; font-weight: inherit;\">Puerta de doble carril de altura completa Puerta giratoria para peatones<\/span> <a href=\"https:\/\/en.wikipedia.org\/wiki\/Access_control\" target=\"_blank\" rel=\"noopener\">Control de acceso<\/a>.<\/p>\n<p data-spm-anchor-id=\"a2700.details.pronpeci14.i1.21073656hQew9t\"><strong>El torniquete de doble carril de altura completa es un tipo de puerta de torniquete de altura completa con 2 canales o 2 carriles. El torniquete de doble carril de altura completa est\u00e1 compuesto por un sistema de control de doble mecanismo y dos grupos de varillas de bloqueo de acero inoxidable; El chasis medio es un dise\u00f1o de doble mecanismo, que controla el paso del personal en los canales izquierdo y derecho.<\/strong> En comparaci\u00f3n con un torniquete de altura completa simple, el precio de un torniquete de altura completa doble es m\u00e1s alto, casi el doble del precio de un torniquete de altura completa simple, porque los materiales utilizados y los componentes principales del interior son b\u00e1sicamente el doble.<\/p>\n<p data-spm-anchor-id=\"a2700.details.pronpeci14.i1.21073656hQew9t\">Por supuesto, tambi\u00e9n proporcionamos un solo torniquete de altura completa, \u00bfqu\u00e9 es un solo torniquete de altura completa? Es f\u00e1cil de entender, a diferencia de un torniquete de altura completa doble, un torniquete de altura completa simple se compone de un mecanismo de control y una barra de bloqueo de acero inoxidable, que tiene un solo pasaje o canal. Un solo torniquete de altura completa solo es adecuado para lugares donde se requiere un solo paso o canal. <span style=\"font-weight: 400;\">El torniquete de doble carril de altura completa es adecuado para un control de acceso robusto y se adapta bien al uso exterior e interior en estadios de f\u00fatbol, instalaciones deportivas y sitios de alto riesgo. Los <a href=\"https:\/\/mairsturnstile.com\/full-height-turnstiles.html\" target=\"_blank\" rel=\"noopener\">torniquetes de altura completa <\/a> <\/span>El producto se puede aplicar para el control de acceso tanto en interiores como en exteriores.<\/p>\n<p><span style=\"font-weight: 400;\">Nuestra gama de torniquetes de altura completa doble viene con una superficie anticorrosiva de alta calidad y garantiza un funcionamiento fiable en condiciones exteriores extremas.<\/span><\/p>\n<p><span style=\"font-style: inherit; font-weight: inherit;\">Adem\u00e1s de la seguridad de su entrada y vest\u00edbulo, la seguridad del per\u00edmetro de su edificio es otro aspecto importante a considerar.<\/span> Torniquete doble de altura completa directo de f\u00e1brica: ahorre un 25% en puertas de seguridad de doble carril y altura completa, y obtenga seguridad premium de doble v\u00eda a un menor costo. Nuestro torniquete doble de altura completa se entrega preensamblado, cuenta con un dise\u00f1o antivand\u00e1lico \u00fanico y permite una instalaci\u00f3n r\u00e1pida. Dise\u00f1o de distribuci\u00f3n del sitio gratuito. Torniquete doble de altura completa con protecci\u00f3n antiescalada, de 2,1 m de altura y con un distintivo patr\u00f3n de rejilla que disuade eficazmente los intentos de escalada. Nuestro torniquete doble de altura completa incorpora tornillos a prueba de manipulaciones y un exclusivo patr\u00f3n ondulado en ambos carriles. Colores RAL personalizados disponibles.     <\/p>\n\n        \t\n\t<style type=\"text\/css\">\n\t\t.slider-info-19989.bafg-slider-info .bafg-slider-title {\n\t\t\t\t\t\tfont-size: 22px;\n\t\t\t\t\t\t\n\t\t\t\n\t\t\t\t\t}\n\n\t\t.slider-info-19989.bafg-slider-info .bafg-slider-description {\n\t\t\t\n\t\t\t\n\t\t\t\t\t}\n\n\t\t.slider-info-19989.bafg-slider-info .bafg_slider_readmore_button {\n\t\t\t\n\t\t\t\n\t\t\t\n\t\t\t\n\t\t\t\n\t\t\ttext-align: center;\n\n\t\t\t\n\t\t\t\n\t\t\t\n\t\t\t\n\t\t\t\n\t\t\t\n\t\t\t\t\t}\n\n\t\t.slider-info-19989.bafg-slider-info .bafg_slider_readmore_button:hover {\n\n\t\t\t\n\t\t\t\n\t\t\t\t\t}\n\n\t<\/style>\n\t\n        <div class=\"bafg-twentytwenty-container slider-19989 \" bafg-orientation=\"horizontal\" bafg-default-offset=\"0.5\" bafg-before-label=\"Before\" bafg-after-label=\"After\" bafg-overlay=\"yes\" bafg-move-slider-on-hover=\"yes\" bafg-click-to-move=\"no\">\n              \n            <img decoding=\"async\" class=\"skip-lazy\" src=\"http:\/\/mairsturnstile.com\/wp-content\/uploads\/2024\/10\/dual-lane-full-height-turnstile.jpg\" alt=\"dual lane full height turnstile\" data-skip-lazy title=\"\">\n            <img decoding=\"async\" class=\"skip-lazy\" src=\"http:\/\/mairsturnstile.com\/wp-content\/uploads\/2024\/10\/dual-lane-full-height-turnstile-1.jpg\" alt=\"dual lane full height turnstile\" data-skip-lazy title=\"\">\n           \n        <\/div>\n\n        \t<div class=\"bafg-slider-info-wraper\">\n\t\t<div style=\"\" class=\"slider-info-19989 bafg-slider-info\">\n\t\t\t\t\t<\/div>\n\t<\/div>\n\t\n        <style type=\"text\/css\">\n            \n        <\/style>\n        \n<p>Tambi\u00e9n podemos crear una representaci\u00f3n para usted en unos minutos en funci\u00f3n de su escenario real. Tambi\u00e9n proporcionamos dise\u00f1os y planos detallados, as\u00ed como planos de instalaci\u00f3n.<\/p>\n<p><span style=\"font-weight: 400;\"><span style=\"font-style: inherit; font-weight: inherit;\">Torniquetes dobles de altura completa para un control de acceso robusto, muy adecuado para el uso exterior e interior en estadios de f\u00fatbol, instalaciones deportivas y sitios de alto riesgo. <\/span><\/span> Por qu\u00e9 nuestro torniquete doble de altura completa supera en durabilidad a los de la competencia: soldadura impecable y acero 316, sin \u00f3xido ni uniones d\u00e9biles. Nuestro torniquete doble de altura completa emplea una tecnolog\u00eda de soldadura l\u00e1ser exclusiva y un recubrimiento anticorrosivo \u00fanico. Compruebe la diferencia en una demostraci\u00f3n en vivo.  <\/p>\n<p><span style=\"font-style: inherit; font-weight: inherit;\">Disponible en configuraciones de dise\u00f1o de enclavamiento simple, doble y doble con un toldo de techo opcional.<\/span><\/p>\n<ul>\n<li>El torniquete de altura completa de doble carril se usa a menudo para soluciones de control de acceso de alta seguridad.<\/li>\n<li>El material del cuerpo es acero inoxidable 304 que es antioxidante y duradero y tiene una alta resistencia. El brazo es tipo U.<\/li>\n<li>El torniquete de doble carril de altura completa es adecuado tanto para interiores como para exteriores.<\/li>\n<li>Puede integrarse con cualquier tipo de sistema de control de acceso (p. ej.: dispositivo RFID, huella digital y dispositivo biom\u00e9trico).<\/li>\n<li>Para cumplir con los requisitos de control de emergencia, la puerta del torniquete se abrir\u00e1 autom\u00e1ticamente cuando se corte la energ\u00eda.<\/li>\n<li>Puede ser de una sola direcci\u00f3n o de doble direcci\u00f3n. \u00bfCu\u00e1nto cuesta un torniquete?<\/li>\n<li>El mecanismo est\u00e1 equipado con un amortiguador hidr\u00e1ulico de alta calidad. Con este dispositivo, hay muy poco ruido al funcionar y es m\u00e1s suave.<\/li>\n<li>Funci\u00f3n de autocomprobaci\u00f3n, la puerta se restaurar\u00e1 autom\u00e1ticamente cuando est\u00e9 encendida.<\/li>\n<li>Puede ser controlado a distancia y administrado directamente por una computadora.<\/li>\n<li>Solo direccional o bidireccional es opcional.<\/li>\n<li>Interfaz de comunicaci\u00f3n: RS485<\/li>\n<li>Torniquete de doble carril de altura completa Con luz indicadora LED.<\/li>\n<li>Puede ser controlado por un control remoto y administrado por una computadora directamente.<\/li>\n<li>En caso de corte de energ\u00eda, el carril del torniquete ser\u00e1 de libre acceso, cumpliendo con los requisitos de seguridad contra incendios.<\/li>\n<li>El tama\u00f1o\/dise\u00f1o de la puerta se puede personalizar seg\u00fan el dibujo del cliente<\/li>\n<li>El tama\u00f1o se puede ajustar para cumplir con los requisitos en diferentes lugares.<\/li>\n<\/ul>\n<p>Podemos proporcionar la soluci\u00f3n completa de control de acceso de seguridad. Si tiene su propio sistema de control de acceso, puede usar directamente nuestra puerta de torniquete. Si no tiene uno, tambi\u00e9n ofrecemos una soluci\u00f3n completa de control de acceso de seguridad. Consulte el video a continuaci\u00f3n para obtener m\u00e1s detalles.<\/p>\n<p><iframe title=\"Nuevo dise\u00f1o: Torniquete de altura completa de la serie Meteor \u2014 M\u00e1s robusto, m\u00e1s alto y m\u00e1s seguro.\" src=\"https:\/\/www.youtube.com\/embed\/AyBSFStUdhA\" width=\"1110\" height=\"650\" frameborder=\"0\" allowfullscreen=\"allowfullscreen\"><\/iframe><\/p>\n","protected":false},"excerpt":{"rendered":"<p>1. Tama\u00f1o: 2400 * 1500 * 2310 mm (se puede personalizar)<\/p>\n<p>2. Ancho de carril: 650 mm (se puede personalizar)<\/p>\n<p>3. Velocidad de paso: 30 personas\/min.<\/p>\n<p>4. Fuente de alimentaci\u00f3n: 110 V\/220 V 50\/60 Hz<\/p>\n<p>5. Torniquetes de altura completa Solenoide: DC24V<\/p>\n<p>6. Se\u00f1al de puerta abierta: contacto seco\/rel\u00e9<\/p>\n<p>7. Voltaje l\u00f3gico: DC24V<\/p>\n<p>8. Material de la carcasa: acero inoxidable 304 o acero inoxidable 316<\/p>\n<p>9. Sentido de giro: Bidireccional<\/p>\n<p><span style=\"color: #000000;\"><strong><a style=\"color: #000000;\" title=\"Torniquete de altura completa certificado CE de Mairs\" href=\"http:\/\/mairsturnstile.com\/wp-content\/uploads\/2022\/09\/Mairs-CE-Certificate-Full-Height-Turnstile.pdf\" target=\"_blank\" rel=\"noopener noreferrer\">Certificaci\u00f3n CE<\/a>, <a style=\"color: #000000;\" title=\"Certificado Mairs ISO9001\" href=\"http:\/\/mairsturnstile.com\/wp-content\/uploads\/2022\/09\/Mairs-Registration-Certificate-ISO9001.pdf\" target=\"_blank\" rel=\"noopener noreferrer\">Certificado ISO 9001.<\/a><\/strong><\/span><\/p>\n<p><a title=\"Folleto de torniquetes de altura completa de dos carriles\" href=\"https:\/\/mairsturnstile-online.com\/flipbook\/mt403-1-full-height-turnstile-brochure\" target=\"_blank\" rel=\"noopener noreferrer\"><span style=\"color: #fcaf3b;\"><strong>Download MT403-1 Dual Lane Full Height Turnstile Brochure<\/strong><\/span><\/a><\/p>\n<p><a title=\"Manual de instalaci\u00f3n de torniquete de altura completa\" href=\"http:\/\/mairsturnstile.com\/wp-content\/uploads\/2023\/09\/Full-height-turnstile-installation-manual.pdf\" target=\"_blank\" rel=\"noopener noreferrer\"><strong><span style=\"color: #fcaf3b;\">Download Full Height Turnstile User &#038; Installation Manual<\/span><\/strong><\/a><\/p>\n","protected":false},"featured_media":20953,"comment_status":"closed","ping_status":"closed","template":"","meta":{"neve_meta_sidebar":"","neve_meta_container":"","neve_meta_enable_content_width":"off","neve_meta_content_width":0,"neve_meta_title_alignment":"","neve_meta_author_avatar":"","neve_post_elements_order":"","neve_meta_disable_header":"","neve_meta_disable_footer":"","neve_meta_disable_title":"","_ti_tpc_template_sync":false,"_ti_tpc_template_id":""},"product_cat":[678,679],"product_tag":[1209,701,700,1623],"class_list":["post-9703","product","type-product","status-publish","has-post-thumbnail","hentry","product_cat-puerta-de-torniquete","product_cat-torniquetes-de-altura-completa","product_tag-torniquete-de-doble-carril-de-altura-completa","product_tag-torniquete-doble-de-altura-completa-es","product_tag-torniquete-doble-de-altura-completa","product_tag-torniquetes-industriales-de-altura-completa"],"_links":{"self":[{"href":"https:\/\/mairsturnstile.com\/es\/wp-json\/wp\/v2\/product\/9703","targetHints":{"allow":["GET"]}}],"collection":[{"href":"https:\/\/mairsturnstile.com\/es\/wp-json\/wp\/v2\/product"}],"about":[{"href":"https:\/\/mairsturnstile.com\/es\/wp-json\/wp\/v2\/types\/product"}],"replies":[{"embeddable":true,"href":"https:\/\/mairsturnstile.com\/es\/wp-json\/wp\/v2\/comments?post=9703"}],"version-history":[{"count":1,"href":"https:\/\/mairsturnstile.com\/es\/wp-json\/wp\/v2\/product\/9703\/revisions"}],"predecessor-version":[{"id":72605,"href":"https:\/\/mairsturnstile.com\/es\/wp-json\/wp\/v2\/product\/9703\/revisions\/72605"}],"wp:featuredmedia":[{"embeddable":true,"href":"https:\/\/mairsturnstile.com\/es\/wp-json\/wp\/v2\/media\/20953"}],"wp:attachment":[{"href":"https:\/\/mairsturnstile.com\/es\/wp-json\/wp\/v2\/media?parent=9703"}],"wp:term":[{"taxonomy":"product_cat","embeddable":true,"href":"https:\/\/mairsturnstile.com\/es\/wp-json\/wp\/v2\/product_cat?post=9703"},{"taxonomy":"product_tag","embeddable":true,"href":"https:\/\/mairsturnstile.com\/es\/wp-json\/wp\/v2\/product_tag?post=9703"}],"curies":[{"name":"wp","href":"https:\/\/api.w.org\/{rel}","templated":true}]}}