{"id":9705,"date":"2020-09-12T18:42:47","date_gmt":"2020-09-12T10:42:47","guid":{"rendered":"https:\/\/mairsturnstile.com\/product\/puerta-torniquete-de-altura-completa-con-recubrimiento-de-polvo-mt402-2-b"},"modified":"2024-10-28T18:21:04","modified_gmt":"2024-10-28T10:21:04","slug":"puerta-torniquete-de-altura-completa-mt402-2-b","status":"publish","type":"product","link":"https:\/\/mairsturnstile.com\/es\/producto\/puerta-torniquete-de-altura-completa-mt402-2-b","title":{"rendered":"NUEVO TORNIQUETE DE ALTURA COMPLETA"},"content":{"rendered":"        <!-- 3D Model html -->\r\n        <div class=\"bp_grand wrapper_51811\">   \r\n        <div class=\"bp_model_parent\">\r\n            <model-viewer class=\"model\" id=\"bp_model_id_51811\" src=\"http:\/\/mairsturnstile.com\/wp-content\/uploads\/2024\/09\/MT-LX400-2.glb\" alt=\"MT-LX400-2\" camera-controls  loading=\"auto\" auto-rotate                        >\r\n            <\/model-viewer>\r\n        \r\n            <!-- Button -->\r\n            <svg id=\"openBtn\" width=\"30px\" height=\"30px\" viewBox=\"0 0 16 16\" xmlns=\"http:\/\/www.w3.org\/2000\/svg\" fill=\"#f2f2f2\" class=\"bi bi-arrows-fullscreen model-icon\">\r\n                <path fill-rule=\"evenodd\" d=\"M5.828 10.172a.5.5 0 0 0-.707 0l-4.096 4.096V11.5a.5.5 0 0 0-1 0v3.975a.5.5 0 0 0 .5.5H4.5a.5.5 0 0 0 0-1H1.732l4.096-4.096a.5.5 0 0 0 0-.707zm4.344 0a.5.5 0 0 1 .707 0l4.096 4.096V11.5a.5.5 0 1 1 1 0v3.975a.5.5 0 0 1-.5.5H11.5a.5.5 0 0 1 0-1h2.768l-4.096-4.096a.5.5 0 0 1 0-.707zm0-4.344a.5.5 0 0 0 .707 0l4.096-4.096V4.5a.5.5 0 1 0 1 0V.525a.5.5 0 0 0-.5-.5H11.5a.5.5 0 0 0 0 1h2.768l-4.096 4.096a.5.5 0 0 0 0 .707zm-4.344 0a.5.5 0 0 1-.707 0L1.025 1.732V4.5a.5.5 0 0 1-1 0V.525a.5.5 0 0 1 .5-.5H4.5a.5.5 0 0 1 0 1H1.732l4.096 4.096a.5.5 0 0 1 0 .707z\"\/>\r\n            <\/svg>\r\n        \r\n            <svg id=\"closeBtn\" class=\"model-icon\" width=\"34px\" height=\"34px\" viewBox=\"0 0 24 24\" xmlns=\"http:\/\/www.w3.org\/2000\/svg\">\r\n                <path fill=\"none\" stroke=\"#f2f2f2\" stroke-width=\"2\" d=\"M7,7 L17,17 M7,17 L17,7\"\/>\r\n            <\/svg>\r\n        \r\n        <\/div>\r\n        <\/div> \r\n\r\n        <!-- Model Viewer Style -->\r\n        <style>\r\n            \r\n            .wrapper_51811 .bp_model_parent, #bp_model_id_51811 {\r\n                width: 1150px;\r\n                max-width: 100%;\r\n                                            }\r\n            #bp_model_id_51811 {\r\n                height:700px;\r\n                background-color: #f9f9f9;\r\n            }\r\n            .fullscreen #bp_model_id_51811{\r\n            height: 100%;\r\n            width: 100%;\r\n            }\r\n            .wrapper_51811 .bp_model_parent{\r\n                justify-content: start            }\r\n            model-viewer.model {\r\n                --poster-color: transparent;\r\n            }\r\n        <\/style>\r\n        \r\n        \n<h2>La puerta de torniquete de altura completa tiene una garant\u00eda de 2 a\u00f1os y soporte duradero de mantenimiento y reparaci\u00f3n.<\/h2>\n<p>Podemos proporcionar servicios de OEM y ODM, incluida la personalizaci\u00f3n de color, estilo, material, tama\u00f1o, etc. Por ejemplo, para un color especial, el cliente solo necesita proporcionarnos un n\u00famero de <a href=\"https:\/\/en.wikipedia.org\/wiki\/Pantone\" target=\"_blank\" rel=\"noopener\">Pantone<\/a> y ajustaremos el color de acuerdo con el Pantone. n\u00famero y roc\u00ede polvo en el mismo color. Si el cliente tiene necesidades de ODM, tambi\u00e9n podemos dise\u00f1ar un estilo para este cliente de acuerdo con las preferencias de apariencia y tama\u00f1o del cliente, sin ventas externas. Esta puerta de torniquete especial ser\u00e1 el \u00fanico estilo \u00fanico de su empresa en el mercado.<\/p>\n<p>Tambi\u00e9n hemos lanzado una nueva serie de torniquetes de altura completa con aspecto elegante y estructura robusta. Consulte:<a href=\"\" target=\"\" rel=\"noopener\"> serie de torniquetes de altura completa<\/a> <\/p>\n<p>Mairs se compromete a usar solo accesorios y materiales de alta calidad, y cada uno de nuestros accesorios se somete a un estricto control de calidad. Solo as\u00ed podemos hacer una puerta de torniquete que realmente satisfaga a los clientes. Cada uno de nuestros torniquetes de altura completa adopta acero inoxidable 304 con un espesor total de 1.0. Por supuesto, si tambi\u00e9n puede personalizar acero inoxidable 316 o acero inoxidable de 1,2 de espesor, el mecanismo de nuestro torniquete de altura completa ha sido probado y verificado por nosotros innumerables veces, que tambi\u00e9n es el requisito m\u00e1s b\u00e1sico para garantizar la calidad.<\/p>\n<p>Cada parte de nuestros torniquetes de altura completa adopta los m\u00e1s altos est\u00e1ndares de la industria, y cada parte y material de nuestros productos se puede mostrar y probar por separado para los clientes. Esta es tambi\u00e9n una premisa para nosotros para garantizar la calidad y el servicio.<\/p>\n<p>Todos nuestros productos cuentan con 2 a\u00f1os de garant\u00eda y mantenimiento duradero y soporte de reparaci\u00f3n. Tambi\u00e9n proporcionamos dispositivos biom\u00e9tricos, como lectores de tarjetas IC\/ID, esc\u00e1neres de huellas dactilares, esc\u00e1neres de c\u00f3digos QR, c\u00e1maras de reconocimiento facial, etc.<\/p>\n<h4><strong>Torniquete de altura<\/strong> completa RFID Card Reader Security Rotating Entrance Turnstile Gate for GYM.<\/h4>\n<p><strong>La puerta torniquete de altura completa es una puerta torniquete peatonal de alto costo con el mejor rendimiento de seguridad en la actualidad. Tiene alta seguridad y una estructura especial. Generalmente se utiliza en lugares con altos niveles de seguridad, como c\u00e1rceles y estaciones, etc. Un torniquete de altura completa puede dividirse en un torniquete de altura completa de una v\u00eda y un torniquete de altura completa de doble v\u00eda (tambi\u00e9n llamado torniquete doble de altura completa).<\/strong> Tambi\u00e9n se pueden hacer tres canales o m\u00e1s, pero debe personalizarse de acuerdo con los requisitos del sitio.<\/p>\n<p><a href=\"https:\/\/mairsturnstile.com\/full-height-turnstiles.html\" target=\"_blank\" rel=\"noopener\">Estos torniquetes de altura<\/a> completa de acero inoxidable 304 brindan una forma estable y eficiente de garantizar que solo las personas autorizadas puedan acceder a cada \u00e1rea de un edificio. Fabricantes de torniquetes de altura completa: Mairs ofrece la mejor puerta de torniquete de altura completa al precio m\u00e1s econ\u00f3mico.<\/p>\n\n        \t\n\t<style type=\"text\/css\">\n\t\t.slider-info-52019.bafg-slider-info .bafg-slider-title {\n\t\t\t\t\t\tfont-size: 22px;\n\t\t\t\t\t\t\n\t\t\t\n\t\t\t\t\t}\n\n\t\t.slider-info-52019.bafg-slider-info .bafg-slider-description {\n\t\t\t\n\t\t\t\n\t\t\t\t\t}\n\n\t\t.slider-info-52019.bafg-slider-info .bafg_slider_readmore_button {\n\t\t\t\n\t\t\t\n\t\t\t\n\t\t\t\n\t\t\t\n\t\t\ttext-align: center;\n\n\t\t\t\n\t\t\t\n\t\t\t\n\t\t\t\n\t\t\t\n\t\t\t\n\t\t\t\t\t}\n\n\t\t.slider-info-52019.bafg-slider-info .bafg_slider_readmore_button:hover {\n\n\t\t\t\n\t\t\t\n\t\t\t\t\t}\n\n\t<\/style>\n\t\n        <div class=\"bafg-twentytwenty-container slider-52019 \" bafg-orientation=\"horizontal\" bafg-default-offset=\"0.5\" bafg-before-label=\"Before\" bafg-after-label=\"After\" bafg-overlay=\"yes\" bafg-move-slider-on-hover=\"yes\" bafg-click-to-move=\"no\">\n              \n            <img decoding=\"async\" class=\"skip-lazy\" src=\"http:\/\/mairsturnstile.com\/wp-content\/uploads\/2024\/09\/lx-series-full-height-double-turnstile-MT-LX402-6.jpg\" alt=\"\" data-skip-lazy title=\"\">\n            <img decoding=\"async\" class=\"skip-lazy\" src=\"http:\/\/mairsturnstile.com\/wp-content\/uploads\/2024\/09\/lx-series-full-height-double-turnstile-MT-LX402-5.jpg\" alt=\"\" data-skip-lazy title=\"\">\n           \n        <\/div>\n\n        \t<div class=\"bafg-slider-info-wraper\">\n\t\t<div style=\"\" class=\"slider-info-52019 bafg-slider-info\">\n\t\t\t\t\t<\/div>\n\t<\/div>\n\t\n        <style type=\"text\/css\">\n            \n        <\/style>\n        \n<p>Tambi\u00e9n podemos crear una representaci\u00f3n para usted en unos minutos en funci\u00f3n de su escenario real. Tambi\u00e9n proporcionamos dise\u00f1os y planos detallados, as\u00ed como planos de instalaci\u00f3n.<\/p>\n<p>La puerta de torniquete de altura completa puede resolver eficazmente las lagunas en la gesti\u00f3n del control de acceso de peatones de la puerta de torniquete de tr\u00edpode y evitar que las personas perforen debajo de la barra. Debido a que la varilla del interruptor de los torniquetes de altura completa es relativamente alta, los efectos anti-escalada y anti-perforaci\u00f3n son relativamente buenos.<\/p>\n<p>Debido a sus ventajas \u00fanicas, los torniquetes de altura completa se utilizan a menudo en \u00e1reas de control m\u00e1s estrictas. Los torniquetes de altura completa se utilizan principalmente en f\u00e1bricas, sitios de construcci\u00f3n, prisiones, empresas, instituciones, estaciones de tren, estaciones de autobuses, aeropuertos y otros lugares. Su funci\u00f3n anti-seguimiento es particularmente fuerte. Al mismo tiempo, es muy alto. La gente no puede cruzarlo. La puerta de torniquete de altura completa tiene una gran seguridad. La comunidad tambi\u00e9n puede usar torniquetes de altura completa, que son relativamente estables.<\/p>\n<p>Esta <strong>puerta giratoria de altura<\/strong> completa es la de doble carril, que est\u00e1 dise\u00f1ada para controlar la entrada y la salida de los peatones, y adopta el hierro con un tratamiento superficial <a href=\"https:\/\/en.wikipedia.org\/wiki\/Powder_coating\" target=\"_blank\" rel=\"noopener\">de recubrimiento en polvo<\/a> negro. Es un dise\u00f1o resistente al polvo, al \u00f3xido y a la lluvia, adecuado para uso en interiores y exteriores. Es f\u00e1cil de integrar con otros dispositivos de lectura\/escritura y se usa ampliamente para aplicaciones como estadios de eventos, apartamentos, gimnasios, museos, estaciones, comunidades y f\u00e1bricas, etc. Usando la interfaz el\u00e9ctrica est\u00e1ndar, compatible con tarjeta ID\/IC, huella digital, reconocimiento facial, detector de infrarrojos, controlador de temperatura, c\u00f3digo de barras\/c\u00f3digo QR, aplicaci\u00f3n de tel\u00e9fono, sistema ESD, sistema de visitantes, etc.<\/p>\n<ul>\n<li>El <strong>torniquete de altura completa<\/strong> se utiliza a menudo para soluciones de control de acceso de alta seguridad.<\/li>\n<li>El material del cuerpo es acero inoxidable 304 que es antioxidante y duradero y tiene una alta resistencia.<\/li>\n<li>La puerta de torniquete de altura completa es adecuada tanto para interiores como para exteriores.<\/li>\n<li>Con funci\u00f3n anti-reversa, detenga la direcci\u00f3n inversa.<\/li>\n<li>Para cumplir con los requisitos de control de emergencia, la puerta del torniquete se abrir\u00e1 autom\u00e1ticamente cuando se corte la energ\u00eda.<\/li>\n<li>Todo el sistema funciona sin problemas, con un rendimiento de larga duraci\u00f3n, una alta confiabilidad de operaci\u00f3n y una respuesta r\u00e1pida.<\/li>\n<li>El mecanismo est\u00e1 equipado con un amortiguador hidr\u00e1ulico de alta calidad. Con este dispositivo, hay muy poco ruido al funcionar y es m\u00e1s suave.<\/li>\n<li>Funci\u00f3n de autocomprobaci\u00f3n, la puerta se restaurar\u00e1 autom\u00e1ticamente cuando est\u00e9 encendida.<\/li>\n<li>Sentido de giro: Bidireccional\/Direcci\u00f3n \u00fanica<\/li>\n<li>Puede ser de una sola direcci\u00f3n o de doble direcci\u00f3n.<\/li>\n<li>Solo direccional o bidireccional es opcional.<\/li>\n<li>Con luz indicadora LED.<\/li>\n<li>Interfaz de comunicaci\u00f3n: RS485<\/li>\n<li>Puede ser controlado por un control remoto y administrado directamente por la computadora.<\/li>\n<li>En caso de corte de energ\u00eda, el carril del torniquete ser\u00e1 de libre acceso, cumpliendo con los requisitos de seguridad contra incendios.<\/li>\n<li>El tama\u00f1o\/dise\u00f1o de la puerta se puede personalizar seg\u00fan el dibujo del cliente.<\/li>\n<li>El tama\u00f1o se puede ajustar para cumplir con los requisitos en diferentes lugares.<\/li>\n<\/ul>\n<p><iframe title=\"reproductor de videos de youtube\" src=\"https:\/\/www.youtube.com\/embed\/XyxFKnS3Br0\" width=\"1150\" height=\"650\" frameborder=\"0\" allowfullscreen=\"allowfullscreen\"><\/iframe><\/p>\n","protected":false},"excerpt":{"rendered":"<p>1. Tama\u00f1o: 2400*1500*2350 mm (puede personalizarse)<\/p>\n<p>2. Ancho de carril: 650 mm (se puede personalizar)<\/p>\n<p>3. Material: acero inoxidable 304 o acero inoxidable 316<\/p>\n<p>4. Velocidad de paso: 30 personas\/min.<\/p>\n<p>5. Fuente de alimentaci\u00f3n: 110 V\/220 V 50\/60 Hz<\/p>\n<p>6. Solenoide de puerta de torniquete de altura completa: DC24V<\/p>\n<p>7. Se\u00f1al de puerta abierta: contacto seco\/rel\u00e9<\/p>\n<p>8. Voltaje l\u00f3gico: DC24V<\/p>\n<p>9. Material: hierro con recubrimiento de polvo negro<\/p>\n<p><span style=\"color: #0000ff;\"><strong><a style=\"color: #0000ff;\" title=\"Torniquete de altura completa certificado CE de Mairs\" href=\"http:\/\/mairsturnstile.com\/wp-content\/uploads\/2022\/09\/Mairs-CE-Certificate-Full-Height-Turnstile.pdf\" target=\"_blank\" rel=\"noopener noreferrer\">Certificaci\u00f3n CE<\/a>, <a style=\"color: #0000ff;\" title=\"Certificado Mairs ISO9001\" href=\"http:\/\/mairsturnstile.com\/wp-content\/uploads\/2022\/09\/Mairs-Registration-Certificate-ISO9001.pdf\" target=\"_blank\" rel=\"noopener noreferrer\">Certificado ISO 9001.<\/a><\/strong><\/span><\/p>\n<p><a title=\"Manual de instalaci\u00f3n de torniquete de altura completa\" href=\"http:\/\/mairsturnstile.com\/wp-content\/uploads\/2023\/09\/Full-height-turnstile-installation-manual.pdf\" target=\"_blank\" rel=\"noopener noreferrer\"><img decoding=\"async\" class=\"alignnone size-full wp-image-11034\" src=\"http:\/\/mairsturnstile.com\/wp-content\/uploads\/2022\/09\/pdf-MairsTurnstile.png\" alt=\"\" width=\"32\" height=\"32\"><strong><span style=\"color: #0000ff;\"> Manual de instalaci\u00f3n y usuario del torniquete de altura completa<\/span><\/strong><\/a><\/p>\n","protected":false},"featured_media":57370,"comment_status":"closed","ping_status":"closed","template":"","meta":{"neve_meta_sidebar":"","neve_meta_container":"","neve_meta_enable_content_width":"off","neve_meta_content_width":0,"neve_meta_title_alignment":"","neve_meta_author_avatar":"","neve_post_elements_order":"","neve_meta_disable_header":"","neve_meta_disable_footer":"","neve_meta_disable_title":"","_ti_tpc_template_sync":false,"_ti_tpc_template_id":""},"product_cat":[678,679],"product_tag":[1595,1593,706,707,705,1580,1575],"class_list":["post-9705","product","type-product","status-publish","has-post-thumbnail","hentry","product_cat-puerta-de-torniquete","product_cat-torniquetes-de-altura-completa","product_tag-costo-del-torniquete","product_tag-cuanto-cuesta-un-torniquete","product_tag-fabricantes-de-torniquetes-de-altura-completa","product_tag-precio-de-torniquete-de-altura-completa","product_tag-puerta-de-torniquete-de-altura-completa","product_tag-puerta-giratoria","product_tag-se-vende-torniquete-de-altura-completa"],"_links":{"self":[{"href":"https:\/\/mairsturnstile.com\/es\/wp-json\/wp\/v2\/product\/9705","targetHints":{"allow":["GET"]}}],"collection":[{"href":"https:\/\/mairsturnstile.com\/es\/wp-json\/wp\/v2\/product"}],"about":[{"href":"https:\/\/mairsturnstile.com\/es\/wp-json\/wp\/v2\/types\/product"}],"replies":[{"embeddable":true,"href":"https:\/\/mairsturnstile.com\/es\/wp-json\/wp\/v2\/comments?post=9705"}],"version-history":[{"count":0,"href":"https:\/\/mairsturnstile.com\/es\/wp-json\/wp\/v2\/product\/9705\/revisions"}],"wp:featuredmedia":[{"embeddable":true,"href":"https:\/\/mairsturnstile.com\/es\/wp-json\/wp\/v2\/media\/57370"}],"wp:attachment":[{"href":"https:\/\/mairsturnstile.com\/es\/wp-json\/wp\/v2\/media?parent=9705"}],"wp:term":[{"taxonomy":"product_cat","embeddable":true,"href":"https:\/\/mairsturnstile.com\/es\/wp-json\/wp\/v2\/product_cat?post=9705"},{"taxonomy":"product_tag","embeddable":true,"href":"https:\/\/mairsturnstile.com\/es\/wp-json\/wp\/v2\/product_tag?post=9705"}],"curies":[{"name":"wp","href":"https:\/\/api.w.org\/{rel}","templated":true}]}}