{"id":9710,"date":"2020-09-12T18:17:59","date_gmt":"2020-09-12T10:17:59","guid":{"rendered":"https:\/\/mairsturnstile.com\/product\/torniquetes-peatonales-de-altura-completa-mt402"},"modified":"2023-11-02T11:20:40","modified_gmt":"2023-11-02T03:20:40","slug":"torniquetes-para-peatones-de-altura-completa","status":"publish","type":"product","link":"https:\/\/mairsturnstile.com\/es\/producto\/torniquetes-para-peatones-de-altura-completa","title":{"rendered":"TORNIQUETES PEATONALES DE ALTURA COMPLETA MT402"},"content":{"rendered":"        <!-- 3D Model html -->\r\n        <div class=\"bp_grand wrapper_19978\">   \r\n        <div class=\"bp_model_parent\">\r\n            <model-viewer class=\"model\" id=\"bp_model_id_19978\" src=\"http:\/\/mairsturnstile.com\/wp-content\/uploads\/2023\/07\/MT402.glb\" alt=\"MT402\" camera-controls  loading=\"auto\" auto-rotate                        >\r\n            <\/model-viewer>\r\n        \r\n            <!-- Button -->\r\n            <svg id=\"openBtn\" width=\"30px\" height=\"30px\" viewBox=\"0 0 16 16\" xmlns=\"http:\/\/www.w3.org\/2000\/svg\" fill=\"#f2f2f2\" class=\"bi bi-arrows-fullscreen model-icon\">\r\n                <path fill-rule=\"evenodd\" d=\"M5.828 10.172a.5.5 0 0 0-.707 0l-4.096 4.096V11.5a.5.5 0 0 0-1 0v3.975a.5.5 0 0 0 .5.5H4.5a.5.5 0 0 0 0-1H1.732l4.096-4.096a.5.5 0 0 0 0-.707zm4.344 0a.5.5 0 0 1 .707 0l4.096 4.096V11.5a.5.5 0 1 1 1 0v3.975a.5.5 0 0 1-.5.5H11.5a.5.5 0 0 1 0-1h2.768l-4.096-4.096a.5.5 0 0 1 0-.707zm0-4.344a.5.5 0 0 0 .707 0l4.096-4.096V4.5a.5.5 0 1 0 1 0V.525a.5.5 0 0 0-.5-.5H11.5a.5.5 0 0 0 0 1h2.768l-4.096 4.096a.5.5 0 0 0 0 .707zm-4.344 0a.5.5 0 0 1-.707 0L1.025 1.732V4.5a.5.5 0 0 1-1 0V.525a.5.5 0 0 1 .5-.5H4.5a.5.5 0 0 1 0 1H1.732l4.096 4.096a.5.5 0 0 1 0 .707z\"\/>\r\n            <\/svg>\r\n        \r\n            <svg id=\"closeBtn\" class=\"model-icon\" width=\"34px\" height=\"34px\" viewBox=\"0 0 24 24\" xmlns=\"http:\/\/www.w3.org\/2000\/svg\">\r\n                <path fill=\"none\" stroke=\"#f2f2f2\" stroke-width=\"2\" d=\"M7,7 L17,17 M7,17 L17,7\"\/>\r\n            <\/svg>\r\n        \r\n        <\/div>\r\n        <\/div> \r\n\r\n        <!-- Model Viewer Style -->\r\n        <style>\r\n            \r\n            .wrapper_19978 .bp_model_parent, #bp_model_id_19978 {\r\n                width: 1150px;\r\n                max-width: 100%;\r\n                                            }\r\n            #bp_model_id_19978 {\r\n                height:700px;\r\n                background-color: #f2f2f2;\r\n            }\r\n            .fullscreen #bp_model_id_19978{\r\n            height: 100%;\r\n            width: 100%;\r\n            }\r\n            .wrapper_19978 .bp_model_parent{\r\n                justify-content: start            }\r\n            model-viewer.model {\r\n                --poster-color: transparent;\r\n            }\r\n        <\/style>\r\n        \r\n        \n<h2>Los torniquetes para peatones de altura completa cuentan con una garant\u00eda de 2 a\u00f1os y soporte duradero para mantenimiento y reparaci\u00f3n.<\/h2>\n<p>Podemos proporcionar servicios de OEM y ODM. Tambi\u00e9n proporcionamos dispositivos biom\u00e9tricos, como lectores de tarjetas IC\/ID, esc\u00e1neres de huellas dactilares, esc\u00e1neres de c\u00f3digos QR, c\u00e1maras de reconocimiento facial, etc.<\/p>\n<p><strong>El torniquete de altura completa es un producto mejorado de las puertas de torniquete para peatones tradicionales con el mejor rendimiento de seguridad, que es mucho m\u00e1s alto y m\u00e1s ancho que una puerta de torniquete com\u00fan y tiene ventajas de seguridad obvias. <\/strong>El torniquete de altura completa puede formar un espacio de paso cerrado, y el personal pasa ordenadamente pasando tarjetas y otros m\u00e9todos. Los torniquetes de altura completa pueden estar desatendidos y tienen un alto valor de aplicaci\u00f3n en algunos lugares con estrictas medidas de seguridad. Est\u00e1 compuesto por chasis y 3 o 4 filas de varillas giratorias. Los torniquetes de altura completa se desarrollan sobre la base de una <a href=\"https:\/\/mairsturnstile.com\/product\/tripod-security-gate\">puerta de torniquete tr\u00edpode<\/a>. Se puede disuadir o liberar girando 120\u00b0 o 90\u00b0 cada vez.<\/p>\n<p><strong>Los torniquetes para peatones de altura completa est\u00e1n dise\u00f1ados para controlar la entrada y salida de peatones, adecuados para uso en interiores y exteriores.<\/strong><\/p>\n<p>En general, los torniquetes de altura completa son de un solo carril o de dos carriles. Se pueden personalizar tres carriles y cuatro carriles seg\u00fan las necesidades del cliente. Los torniquetes para peatones de altura completa se pueden usar en todo tipo de entornos de construcci\u00f3n y pueden resolver todos los problemas de control de los pasajes de entrada y salida de peatones, controlar si la puerta est\u00e1 bloqueada o desbloqueada en cualquier momento y hasta 20 interfaces de se\u00f1al para facilitar a los usuarios expandir especiales funciones<\/p>\n<p>Los torniquetes de altura completa se fabrican en <a class=\"rank-math-link\" href=\"https:\/\/simple.wikipedia.org\/wiki\/Stainless_steel\" target=\"_blank\" rel=\"noopener noreferrer\">acero<\/a> inoxidable SUS304 o en acero inoxidable 316. Adopta la tecnolog\u00eda de control de conducci\u00f3n m\u00e1s avanzada, que puede cambiar el dise\u00f1o en una amplia gama para cumplir con los diversos requisitos de los diferentes estilos de edificios modernos para sistemas inteligentes de control de acceso de peatones.<\/p>\n<p>El torniquete de altura completa es adecuado para ocasiones desatendidas y con requisitos de alta seguridad, as\u00ed como algunas ocasiones al aire libre con un entorno hostil. El torniquete de altura completa generalmente se usa en \u00e1reas de control m\u00e1s estrictas, como \u00e1reas de administraci\u00f3n militar, plantas qu\u00edmicas, sitios de construcci\u00f3n, prisiones, bancos, tropas y otros lugares altamente confidenciales del estado, a trav\u00e9s del reconocimiento facial y la comparaci\u00f3n. Tambi\u00e9n el sistema de captura electr\u00f3nica, verdaderamente y efectivamente un registro de paso de peatones, mejorar el factor de seguridad.<\/p>\n<p>En algunos lugares espec\u00edficos, como algunos pasajes especiales en la estaci\u00f3n, o lugares con estrictos requisitos de seguridad, como prisiones o gimnasios, las puertas de torniquete generales no pueden cumplir con los requisitos de seguridad. En este momento, los torniquetes para peatones de altura completa se utilizar\u00e1n para la gesti\u00f3n del control de acceso, ya que los torniquetes para peatones de altura completa son el equipo de control de acceso de seguridad m\u00e1s duradero, robusto y de alto nivel, es adecuado para lugares desatendidos con requisitos de alta seguridad, como as\u00ed como algunos lugares al aire libre con ambientes hostiles.<\/p>\n<p>Tambi\u00e9n podemos crear una representaci\u00f3n para usted en unos minutos en funci\u00f3n de su escenario real. Tambi\u00e9n proporcionamos dise\u00f1os y planos detallados, as\u00ed como planos de instalaci\u00f3n.<\/p>\n\n        \t\n\t<style type=\"text\/css\">\n\t\t.slider-info-19704.bafg-slider-info .bafg-slider-title {\n\t\t\t\t\t\tfont-size: 22px;\n\t\t\t\t\t\t\n\t\t\t\n\t\t\t\t\t}\n\n\t\t.slider-info-19704.bafg-slider-info .bafg-slider-description {\n\t\t\t\n\t\t\t\n\t\t\t\t\t}\n\n\t\t.slider-info-19704.bafg-slider-info .bafg_slider_readmore_button {\n\t\t\t\n\t\t\t\n\t\t\t\n\t\t\t\n\t\t\t\n\t\t\ttext-align: center;\n\n\t\t\t\n\t\t\t\n\t\t\t\n\t\t\t\n\t\t\t\n\t\t\t\n\t\t\t\t\t}\n\n\t\t.slider-info-19704.bafg-slider-info .bafg_slider_readmore_button:hover {\n\n\t\t\t\n\t\t\t\n\t\t\t\t\t}\n\n\t<\/style>\n\t\n        <div class=\"bafg-twentytwenty-container slider-19704 \" bafg-orientation=\"horizontal\" bafg-default-offset=\"0.5\" bafg-before-label=\"Before\" bafg-after-label=\"After\" bafg-overlay=\"yes\" bafg-move-slider-on-hover=\"yes\" bafg-click-to-move=\"yes\">\n              \n            <img decoding=\"async\" class=\"skip-lazy\" src=\"http:\/\/mairsturnstile.com\/wp-content\/uploads\/2023\/07\/full-height-pedestrian-turnstiles_4.jpg\" alt=\"\" data-skip-lazy title=\"\">\n            <img decoding=\"async\" class=\"skip-lazy\" src=\"http:\/\/mairsturnstile.com\/wp-content\/uploads\/2023\/07\/full-height-pedestrian-turnstiles_5.jpg\" alt=\"\" data-skip-lazy title=\"\">\n           \n        <\/div>\n\n        \t<div class=\"bafg-slider-info-wraper\">\n\t\t<div style=\"\" class=\"slider-info-19704 bafg-slider-info\">\n\t\t\t\t\t<\/div>\n\t<\/div>\n\t\n        <style type=\"text\/css\">\n            \n        <\/style>\n        \n<p><span style=\"font-weight: 400;\">Mediante la interfaz el\u00e9ctrica est\u00e1ndar, es compatible con la tarjeta ID\/IC, la huella dactilar, el <a href=\"https:\/\/en.wikipedia.org\/wiki\/Facial_recognition\" target=\"_blank\" rel=\"noopener\">reconocimiento facial<\/a>, un detector de infrarrojos, un controlador de temperatura, un c\u00f3digo de barras\/QR, una aplicaci\u00f3n telef\u00f3nica, un sistema ESD, un sistema de visitas, etc. <\/span><\/p>\n<p><span style=\"font-weight: 400;\">El torniquete de altura completa est\u00e1 integrado con un mecanismo, el\u00e9ctrico y microcontrolador, y varios tipos de tecnolog\u00edas de identificaci\u00f3n, compatibles con IC, ID, c\u00f3digo de barras, lector de huellas dactilares, etc. para proporcionar control y gesti\u00f3n inteligentes para el control de flujo. <\/span><\/p>\n<ul>\n<li style=\"list-style-type: none;\">\n<ul>\n<li>Los torniquetes para peatones de altura completa se utilizan a menudo para soluciones de control de acceso de alta seguridad.<\/li>\n<li>Los torniquetes para peatones de altura completa est\u00e1n hechos de acero inoxidable 304 que es antioxidante, robusto y r\u00edgido.<\/li>\n<li>Los torniquetes para peatones de altura completa son ideales tanto para interiores como para exteriores.<\/li>\n<li>Los torniquetes de seguridad de altura completa se pueden integrar con cualquier tipo de sistema de control de acceso (por ejemplo, dispositivo RFID, huella digital y dispositivo biom\u00e9trico).<\/li>\n<li data-spm-anchor-id=\"a2700.details.pronpeci14.i0.58226f8fLZmm5D\">La puerta del torniquete se abrir\u00e1 autom\u00e1ticamente cuando se apague la energ\u00eda. Es muy seguro para cumplir con los requisitos de paso de control de incendios.<\/li>\n<li>Con la funci\u00f3n anti-reversa, detenga la direcci\u00f3n inversa.<\/li>\n<li>El mecanismo est\u00e1 equipado con un dispositivo amortiguador hidr\u00e1ulico regulado autom\u00e1ticamente. Sin ruidos ni impactos al correr.<\/li>\n<li>Funci\u00f3n de auto-restauraci\u00f3n, cuando la alimentaci\u00f3n est\u00e1 encendida, el sistema se reiniciar\u00e1 autom\u00e1ticamente.<\/li>\n<li>Fiabilidad del mecanismo: 5 millones, sin culpa<\/li>\n<li>Dispositivos de doble rodamiento, mantienen la puerta en equilibrio cuando hay una fuerza externa.<\/li>\n<li>Solo direccional o bidireccional es opcional.<\/li>\n<li>Con luz indicadora LED.<\/li>\n<li>Los torniquetes de seguridad de altura completa se pueden personalizar para cumplir con los diferentes requisitos para diferentes lugares.<\/li>\n<li>A trav\u00e9s del peque\u00f1o teclado incorporado en el tablero de control, con dispositivos programables para administrar el estado de funcionamiento.<\/li>\n<\/ul>\n<\/li>\n<\/ul>\n<p>Los <a href=\"https:\/\/mairsturnstile.com\/full-height-turnstiles.html\">torniquetes de altura completa<\/a> pueden utilizarse en interiores y exteriores. Tiene un buen rendimiento a prueba de agua. Como el mejor <strong>torniquete de altura completa en Malasia<\/strong>, es ampliamente utilizado para las estaciones de tren, bibliotecas escolares, instalaciones gubernamentales, parques de atracciones, prisiones, estadios de f\u00fatbol, apartamentos, museos, y la f\u00e1brica, etc.<\/p>\n<p>Este torniquete de altura completa es un solo torniquete de altura completa, <strong>\u00bfQu\u00e9 es un solo torniquete de altura completa? A diferencia de un <a href=\"https:\/\/mairsturnstile.com\/product\/full-height-double-turnstile\">torniquete doble de altura completa<\/a>, un torniquete simple de altura completa se compone de un mecanismo de control y una barra de bloqueo de acero inoxidable, que tiene un solo canal. <\/strong>Podemos proporcionar la soluci\u00f3n completa de control de acceso de seguridad, consulte el video:<\/p>\n<p><iframe title=\"reproductor de videos de youtube\" src=\"https:\/\/www.youtube.com\/embed\/cy4ZzmrIfx0\" width=\"1150\" height=\"650\" frameborder=\"0\" allowfullscreen=\"allowfullscreen\"><span data-mce-type=\"bookmark\" style=\"display: inline-block; width: 0px; overflow: hidden; line-height: 0;\" class=\"mce_SELRES_start\"><\/span><\/iframe><\/p>\n","protected":false},"excerpt":{"rendered":"<p>1. Tama\u00f1o: 1630 * 1500 * 2310 mm (se puede personalizar)<\/p>\n<p>2. Ancho de carril: 650 mm (se puede personalizar)<\/p>\n<p>3. Material de la carcasa: acero inoxidable 304 o acero inoxidable 316<\/p>\n<p>4. Velocidad de paso: 30 personas\/min.<\/p>\n<p>5. Fuente de alimentaci\u00f3n: 110 V\/220 V 50\/60 Hz<\/p>\n<p>6. Solenoide de torniquetes para peatones de altura completa: DC24V<\/p>\n<p>7. Entrada de puerta abierta: contacto seco\/rel\u00e9<\/p>\n<p>8. Voltaje l\u00f3gico: DC24V<\/p>\n<p>9. Accionamiento: Operado semiautom\u00e1tico<\/p>\n<p><strong><a title=\"Torniquete de altura completa certificado CE de Mairs\" href=\"http:\/\/mairsturnstile.com\/wp-content\/uploads\/2022\/09\/Mairs-CE-Certificate-Full-Height-Turnstile.pdf\" target=\"_blank\" rel=\"noopener noreferrer\">Certificaci\u00f3n CE<\/a>, <a title=\"Certificado Mairs ISO9001\" href=\"http:\/\/mairsturnstile.com\/wp-content\/uploads\/2022\/09\/Mairs-Registration-Certificate-ISO9001.pdf\" target=\"_blank\" rel=\"noopener noreferrer\">Certificado ISO 9001.<\/a><\/strong><\/p>\n<p><a title=\"Folleto de torniquetes para peatones de altura completa\" href=\"http:\/\/mairsturnstile.com\/wp-content\/uploads\/2022\/09\/MT402-Full-Height-Pedestrian-Turnstiles-Brochure.pdf\" target=\"_blank\" rel=\"noopener noreferrer\"><img decoding=\"async\" class=\"alignnone size-full wp-image-11034\" src=\"http:\/\/mairsturnstile.com\/wp-content\/uploads\/2022\/09\/pdf-MairsTurnstile.png\" alt=\"\" width=\"32\" height=\"32\"><strong><span style=\"color: #0000ff;\">Folleto de torniquetes para peatones de altura completa MT402<\/span><\/strong><br \/>\n<\/a><\/p>\n<p><a title=\"Manual de instalaci\u00f3n de torniquete de altura completa\" href=\"http:\/\/mairsturnstile.com\/wp-content\/uploads\/2023\/09\/Full-height-turnstile-installation-manual.pdf\" target=\"_blank\" rel=\"noopener noreferrer\"><img decoding=\"async\" class=\"alignnone size-full wp-image-11034\" src=\"http:\/\/mairsturnstile.com\/wp-content\/uploads\/2022\/09\/pdf-MairsTurnstile.png\" alt=\"\" width=\"32\" height=\"32\"><strong><span style=\"color: #0000ff;\"> Manual de instalaci\u00f3n y usuario del torniquete de altura completa<\/span><\/strong><\/a><\/p>\n","protected":false},"featured_media":57310,"comment_status":"closed","ping_status":"closed","template":"","meta":{"neve_meta_sidebar":"","neve_meta_container":"","neve_meta_enable_content_width":"off","neve_meta_content_width":0,"neve_meta_title_alignment":"","neve_meta_author_avatar":"","neve_post_elements_order":"","neve_meta_disable_header":"","neve_meta_disable_footer":"","neve_meta_disable_title":"","_ti_tpc_template_sync":false,"_ti_tpc_template_id":""},"product_cat":[678,679],"product_tag":[1591,1574,714,1586,1592,713],"class_list":["post-9710","product","type-product","status-publish","has-post-thumbnail","hentry","product_cat-puerta-de-torniquete","product_cat-torniquetes-de-altura-completa","product_tag-puerta-torniquete-malasia","product_tag-torniquete-de-altura-completa","product_tag-torniquete-de-altura-completa-malasia","product_tag-torniquete-de-codigo-qr","product_tag-torniquetes-de-seguridad-de-altura-completa","product_tag-torniquetes-para-peatones-de-altura-completa"],"_links":{"self":[{"href":"https:\/\/mairsturnstile.com\/es\/wp-json\/wp\/v2\/product\/9710","targetHints":{"allow":["GET"]}}],"collection":[{"href":"https:\/\/mairsturnstile.com\/es\/wp-json\/wp\/v2\/product"}],"about":[{"href":"https:\/\/mairsturnstile.com\/es\/wp-json\/wp\/v2\/types\/product"}],"replies":[{"embeddable":true,"href":"https:\/\/mairsturnstile.com\/es\/wp-json\/wp\/v2\/comments?post=9710"}],"version-history":[{"count":0,"href":"https:\/\/mairsturnstile.com\/es\/wp-json\/wp\/v2\/product\/9710\/revisions"}],"wp:featuredmedia":[{"embeddable":true,"href":"https:\/\/mairsturnstile.com\/es\/wp-json\/wp\/v2\/media\/57310"}],"wp:attachment":[{"href":"https:\/\/mairsturnstile.com\/es\/wp-json\/wp\/v2\/media?parent=9710"}],"wp:term":[{"taxonomy":"product_cat","embeddable":true,"href":"https:\/\/mairsturnstile.com\/es\/wp-json\/wp\/v2\/product_cat?post=9710"},{"taxonomy":"product_tag","embeddable":true,"href":"https:\/\/mairsturnstile.com\/es\/wp-json\/wp\/v2\/product_tag?post=9710"}],"curies":[{"name":"wp","href":"https:\/\/api.w.org\/{rel}","templated":true}]}}