{"id":9714,"date":"2021-07-12T00:09:36","date_gmt":"2021-07-11T16:09:36","guid":{"rendered":"https:\/\/mairsturnstile.com\/product\/torniquete-de-la-barrera-de-la-aleta-del-torniquete-del-metro-mt225"},"modified":"2023-10-30T19:06:33","modified_gmt":"2023-10-30T11:06:33","slug":"metro-torniquete","status":"publish","type":"product","link":"https:\/\/mairsturnstile.com\/es\/producto\/metro-torniquete","title":{"rendered":"Torniquete de la barrera de la aleta del torniquete del metro MT225"},"content":{"rendered":"<p><iframe title=\"Kapakl\u0131 bariyer turnikesi, Kapakl\u0131 bariyer kap\u0131s\u0131, Optik kapakl\u0131 turnike - MaersTurnstile\" src=\"https:\/\/www.youtube.com\/embed\/nK1a72Ax-jQ\" width=\"560\" height=\"315\" frameborder=\"0\" allowfullscreen=\"allowfullscreen\"><span data-mce-type=\"bookmark\" style=\"display: inline-block; width: 0px; overflow: hidden; line-height: 0;\" class=\"mce_SELRES_start\"><\/span><\/iframe><\/p>\n<h4>El torniquete de barrera de aleta de torniquete de metro MT225 tiene una garant\u00eda de dos a\u00f1os y soporte duradero de mantenimiento y reparaci\u00f3n.<\/h4>\n<p>Podemos proporcionar servicios de OEM y ODM. Contamos con dise\u00f1adores experimentados que pueden completar una personalizaci\u00f3n profunda de acuerdo con cualquiera de sus necesidades. Proporcionaremos una serie de materiales como representaciones 3D, dibujos dimensionales, etc. tan pronto como sea posible. Tambi\u00e9n proporcionamos dispositivos biom\u00e9tricos, como lectores de tarjetas IC\/ID, esc\u00e1neres de huellas dactilares, esc\u00e1neres de c\u00f3digos QR, c\u00e1maras de reconocimiento facial, etc. Si necesita integrar estos dispositivos en la puerta giratoria de altura completa o tiene alguna pregunta, <a href=\"https:\/\/mairsturnstile.com\/contact\">p\u00f3ngase en contacto con nosotros<\/a><\/p>\n<p><strong>El torniquete de metro es un tipo de puerta de torniquete de gesti\u00f3n de control de acceso de peatones, que se utiliza en la entrada y salida de la estaci\u00f3n de metro para controlar la entrada y salida de pasajeros en combinaci\u00f3n con el sistema de verificaci\u00f3n de boletos de metro.<\/strong> En general, el torniquete de barrera con solapa se selecciona para el torniquete del metro, porque la estaci\u00f3n de metro es un lugar con personal cercano, el flujo de pasajeros es relativamente grande y la velocidad del tr\u00e1fico del torniquete de barrera con solapa tambi\u00e9n es relativamente r\u00e1pida.<\/p>\n<p>\u00bfPor qu\u00e9 el torniquete del metro pasa m\u00e1s r\u00e1pido? Porque el sensor que suele utilizar el torniquete del metro es un sensor fotoel\u00e9ctrico opuesto, que puede detectar con mayor precisi\u00f3n el cuerpo humano. Una puerta de torniquete de metro est\u00e1 equipada con m\u00faltiples grupos de sensores de radiaci\u00f3n para realizar la detecci\u00f3n de entrada y salida de personas. Est\u00e1 principalmente en la entrada de la puerta, el medio de la puerta y la salida de la puerta. Para una detecci\u00f3n precisa, algunas puertas de torniquete del metro instalan sensores a diferentes alturas de cada parte.<\/p>\n<p>Tambi\u00e9n podemos crear una representaci\u00f3n para usted en unos minutos en funci\u00f3n de su escenario real. Tambi\u00e9n proporcionamos dise\u00f1os y dibujos detallados, as\u00ed como dibujos de instalaci\u00f3n.<\/p>\n<h4>Principio de la puerta del torniquete del Metro:<\/h4>\n<p>El sensor instalado en la entrada de la puerta se usa para detectar si las personas invaden la puerta. Pase la tarjeta fuera de la l\u00ednea amarilla, no hay ning\u00fan objeto en la entrada de la puerta, la se\u00f1al del sensor es normal y la puerta del torniquete se abrir\u00e1; Si la persona entra en la l\u00ednea amarilla, la se\u00f1al del sensor en la entrada de la puerta cambia, e incluso si pasa la tarjeta, la puerta del torniquete no se abrir\u00e1. El prop\u00f3sito de este dise\u00f1o es evitar que la apertura y el cierre de la puerta del torniquete al deslizar la tarjeta a una distancia corta causen posibles riesgos de seguridad y evitar la evasi\u00f3n de boletos.<\/p>\n<p>Despu\u00e9s de abrir la puerta del torniquete, el cuerpo humano pasar\u00e1 a trav\u00e9s del sensor en la segunda parte de la puerta. Cuando una persona se para en la puerta, el sensor detecta a la persona y la puerta siempre estar\u00e1 abierta para evitar lesiones.<\/p>\n<p>Despu\u00e9s de que la persona pase por la puerta, dir\u00edjase al sensor de salida de la puerta en la tercera parte. En este momento, el sensor detecta a la persona a trav\u00e9s de la se\u00f1al reflejada, y la se\u00f1al se retroalimentar\u00e1 a la puerta, y la puerta se cerrar\u00e1. Si dos personas cruzan a la fuerza la puerta y la primera persona sale primero, se producir\u00e1 una lesi\u00f3n por pellizco.<\/p>\n<p>La tecnolog\u00eda del sensor del torniquete del metro, junto con el sistema de conteo, se puede utilizar para las estad\u00edsticas de la cantidad de personas que pasan por la entrada del metro. Esta aplicaci\u00f3n es un avance tecnol\u00f3gico muy importante. Por lo tanto, la puerta del torniquete del metro tiene requisitos muy altos para la estabilidad y confiabilidad del sensor.<\/p>\n<p>El torniquete subterr\u00e1neo MT225 de puerta de barrera con solapa ofrece un m\u00e9todo confiable y eficiente para garantizar que solo los usuarios autorizados tengan acceso a cada \u00e1rea de un edificio. Un indicador de direcci\u00f3n mostr\u00f3 que los peatones ten\u00edan acceso al estado actual y gui\u00f3 a los peatones a trav\u00e9s del paso correcto y sin problemas. Estos <a href=\"https:\/\/mairsturnstile.com\/category\/security-turnstiles\/\">torniquetes de<\/a> seguridad est\u00e1n altamente integrados en cualquier sistema de control de acceso, como dispositivos de reconocimiento facial, huellas dactilares, lectores QR, sistemas RFID, etc.<\/p>\n<ul>\n<li style=\"list-style-type: none;\">\n<ul>\n<li>El torniquete del metro con barrera de solapa est\u00e1 construido para controlar a las personas que ingresan o salen del \u00e1rea restringida. Por lo general, se usa en lugares con alto flujo de tr\u00e1fico de peatones en ambas direcciones.<\/li>\n<li>La carcasa de la barrera de solapas est\u00e1 hecha de <a href=\"https:\/\/en.wikipedia.org\/wiki\/Stainless_steel\" target=\"_blank\" rel=\"noopener\">acero inoxidable<\/a> 304 cepillado, lo que crea un sistema de entrada sin fisuras y agradable que se integra en la mayor\u00eda de los ambientes interiores.<\/li>\n<li>Se puede integrar con todos los sistemas de control de acceso de terceros (p. ej.: sistema de acceso RFID, pulsar el bot\u00f3n, huella digital y reconocimiento facial con control de temperatura).<\/li>\n<li>En caso de emergencia, el brazo FlapTurnstile se abrir\u00e1 autom\u00e1ticamente conectando con la bater\u00eda o el condensador para permitir el paso libre.<\/li>\n<li>Los torniquetes de solapa \u00f3ptica son adecuados para soluciones de entrada lujosas y elegantes.<\/li>\n<li>El torniquete con aletas se caracteriza por su alta velocidad, larga vida \u00fatil, alto rendimiento y alta confiabilidad de operaci\u00f3n.<\/li>\n<li> Funci\u00f3n de alarma, en caso de intrusi\u00f3n ilegal e intrusi\u00f3n inversa.<\/li>\n<li>El sensor de infrarrojos emitir\u00e1 una alarma y la luz LED parpadear\u00e1 para evitar pellizcar a los peatones.<\/li>\n<li>Funci\u00f3n de restablecimiento autom\u00e1tico: los brazos de las aletas se cerrar\u00e1n autom\u00e1ticamente dentro de los 5 segundos de forma predeterminada (se puede configurar) si un pasajero se demora en llegar.<\/li>\n<li>El torniquete de solapa permanecer\u00e1 en la cerradura si alguien quiere entrar sin pasar la tarjeta RFID.<\/li>\n<li>El indicador direccional LED en el poste superior y frontal<\/li>\n<li>Funci\u00f3n anti-retroceso, el torniquete avisa si alguien quiere entrar en sentido inverso.<\/li>\n<li>El funcionamiento bidireccional o unidireccional son opciones<\/li>\n<li>Temperatura de trabajo: -40 \u2103 ~ + 70 \u2103<\/li>\n<li>Humedad de trabajo: 30%~95%<\/li>\n<li>Ambiente de trabajo: Interior<\/li>\n<li>Interfaz de entrada: RS485, rel\u00e9 de contacto seco<\/li>\n<li>Mecanismo: Motor cepillado 35W<\/li>\n<li>Sensor infrarrojo: 4 pares<\/li>\n<li>MCBF: 5,000,000 Ciclos<\/li>\n<li>Aplicaci\u00f3n: Estaciones de autobuses, Hoteles, Palacios de Gobierno, colegios, etc.<\/li>\n<\/ul>\n<\/li>\n<\/ul>\n<p>Podemos proporcionar la soluci\u00f3n completa de control de acceso de seguridad. Si tiene su propio sistema de control de acceso, puede usar directamente nuestra puerta de torniquete. Si no tiene uno, tambi\u00e9n ofrecemos una soluci\u00f3n completa de control de acceso de seguridad. Consulte el video a continuaci\u00f3n para obtener m\u00e1s detalles.<\/p>\n","protected":false},"excerpt":{"rendered":"<p>1. Boyut: 1200*300*980mm (\u00f6zelle\u015ftirilebilir)<\/p>\n<p>2. Material: 1,0 mm SUS 304 Rayita 400#+cubierta superior 1,2 mm SUS304<\/p>\n<p>3. Material del brazo: placa de circuito impreso<\/p>\n<p>4. Ancho de paso: est\u00e1ndar de 550 mm (se puede personalizar)<\/p>\n<p>5. Direcci\u00f3n de paso \u00danica direccional \/ bidireccional<\/p>\n<p>6. Tasa de aprobaci\u00f3n: 30-35 personas\/minuto<\/p>\n<p>7. Tiempo de funcionamiento: 0,2 segundos<\/p>\n<p>8. Entrada de energ\u00eda: AC100-240V, 50\/60HZ<\/p>\n<p>9. Voltaje de funcionamiento: 24V<\/p>\n<p><span style=\"color: #0000ff;\"><strong><a style=\"color: #0000ff;\" title=\"Torniquete de barrera con solapa certificado CE de Mairs\" href=\"http:\/\/mairsturnstile.com\/wp-content\/uploads\/2022\/09\/Mairs-CE-Certificate-Flap-Barrier-Turnstile.pdf\" target=\"_blank\" rel=\"noopener noreferrer\">Certificaci\u00f3n CE<\/a>, <a style=\"color: #0000ff;\" title=\"Certificado Mairs ISO9001\" href=\"http:\/\/mairsturnstile.com\/wp-content\/uploads\/2022\/09\/Mairs-Registration-Certificate-ISO9001.pdf\" target=\"_blank\" rel=\"noopener noreferrer\">Certificado ISO 9001.<\/a><\/strong><\/span><\/p>\n","protected":false},"featured_media":62496,"comment_status":"closed","ping_status":"closed","template":"","meta":{"neve_meta_sidebar":"","neve_meta_container":"","neve_meta_enable_content_width":"off","neve_meta_content_width":0,"neve_meta_title_alignment":"","neve_meta_author_avatar":"","neve_post_elements_order":"","neve_meta_disable_header":"","neve_meta_disable_footer":"","neve_meta_disable_title":"","_ti_tpc_template_sync":false,"_ti_tpc_template_id":""},"product_cat":[715,678],"product_tag":[719,725,1630,1588,1587,722,721],"class_list":["post-9714","product","type-product","status-publish","has-post-thumbnail","hentry","product_cat-barrera-de-solapa","product_cat-puerta-de-torniquete","product_tag-barrera-de-solapa","product_tag-puerta-de-la-barrera-de-la-aleta","product_tag-puerta-del-torniquete-de-la-barrera-de-la-aleta","product_tag-sistema-de-barrera-de-solapa","product_tag-torniquete-de-la-barrera-de-la-aleta","product_tag-torniquete-de-metro-para-la-venta","product_tag-torniquete-del-metro"],"_links":{"self":[{"href":"https:\/\/mairsturnstile.com\/es\/wp-json\/wp\/v2\/product\/9714","targetHints":{"allow":["GET"]}}],"collection":[{"href":"https:\/\/mairsturnstile.com\/es\/wp-json\/wp\/v2\/product"}],"about":[{"href":"https:\/\/mairsturnstile.com\/es\/wp-json\/wp\/v2\/types\/product"}],"replies":[{"embeddable":true,"href":"https:\/\/mairsturnstile.com\/es\/wp-json\/wp\/v2\/comments?post=9714"}],"version-history":[{"count":0,"href":"https:\/\/mairsturnstile.com\/es\/wp-json\/wp\/v2\/product\/9714\/revisions"}],"wp:featuredmedia":[{"embeddable":true,"href":"https:\/\/mairsturnstile.com\/es\/wp-json\/wp\/v2\/media\/62496"}],"wp:attachment":[{"href":"https:\/\/mairsturnstile.com\/es\/wp-json\/wp\/v2\/media?parent=9714"}],"wp:term":[{"taxonomy":"product_cat","embeddable":true,"href":"https:\/\/mairsturnstile.com\/es\/wp-json\/wp\/v2\/product_cat?post=9714"},{"taxonomy":"product_tag","embeddable":true,"href":"https:\/\/mairsturnstile.com\/es\/wp-json\/wp\/v2\/product_tag?post=9714"}],"curies":[{"name":"wp","href":"https:\/\/api.w.org\/{rel}","templated":true}]}}