{"id":9715,"date":"2021-04-27T18:38:38","date_gmt":"2021-04-27T10:38:38","guid":{"rendered":"https:\/\/mairsturnstile.com\/product\/se-vende-mecanismo-de-barrera-flap-mt252"},"modified":"2023-11-14T09:00:35","modified_gmt":"2023-11-14T01:00:35","slug":"mecanismo-de-barrera-de-solapa","status":"publish","type":"product","link":"https:\/\/mairsturnstile.com\/es\/producto\/mecanismo-de-barrera-de-solapa","title":{"rendered":"SE VENDE MECANISMO DE BARRERA FLAP MT250"},"content":{"rendered":"<h2>Mecanismo de barrera de aletas, Venta de Mecanismo autom\u00e1tico de barrera de aletas.<\/h2>\n<h3>Mairs ofrece el mecanismo de mejor calidad para torniquete de barrera con solapa. El mejor mecanismo de barrera de solapa de dise\u00f1o.<\/h3>\n<p>El mecanismo de barrera de aleta de dise\u00f1o especial y el dise\u00f1o el\u00e9ctrico y mec\u00e1nico compacto con accionamiento \u00fanico garantizan la durabilidad y el funcionamiento silencioso del producto; su mecanismo de autobloqueo tambi\u00e9n puede proteger la seguridad del control de acceso. El mecanismo de barrera de solapa Mairs tiene detecci\u00f3n autom\u00e1tica, detecci\u00f3n autom\u00e1tica de fallas, conveniente para el mantenimiento y la operaci\u00f3n del usuario. Este <a href=\"https:\/\/mairsturnstile.com\/turnstile-mechanism.html\" target=\"_blank\" rel=\"noopener\">mecanismo de torniquete<\/a> de barrera de aleta se puede aplicar a todos los sistemas de <a href=\"https:\/\/en.wikipedia.org\/wiki\/Access_control\" target=\"_blank\" rel=\"noopener\">control de acceso<\/a>, interfaz de entrada para contacto seco y conexi\u00f3n de se\u00f1al de interruptor. Por lo tanto, los clientes pueden integrar diferentes sistemas, como lectores de tarjetas, sistemas de boletos, sistemas de fichas, etc. Por supuesto, con funciones de emergencia, puede integrarse con dispositivos de protecci\u00f3n contra incendios para una liberaci\u00f3n segura en caso de emergencia.<\/p>\n<h4>El mecanismo de barrera de solapa es uno de los componentes centrales de la puerta de torniquete de barrera de solapa, y el mecanismo de barrera de solapa controla la puerta de torniquete controlando el giro del brazo de ala.<\/h4>\n<p>El mecanismo de barrera de solapa de la puerta de torniquete de solapa es el n\u00facleo de toda la puerta de torniquete. La calidad de operaci\u00f3n del mecanismo de barrera de aleta determina la calidad de la puerta del torniquete de barrera de aleta, pero la falla de la puerta del torniquete de barrera de aleta tambi\u00e9n est\u00e1 relacionada con el mecanismo. Solo el m\u00e9todo de uso correcto y el mantenimiento adecuado son las claves para garantizar la vida \u00fatil de la puerta de torniquete de barrera de solapa. Tambi\u00e9n es un m\u00e9todo para mejorar la vida \u00fatil general de la <a href=\"https:\/\/mairsturnstile.com\/what-is-flap-barrier.html\">barrera de aletas<\/a>.<\/p>\n<p><strong>Caracter\u00edsticas:<\/strong><\/p>\n<ol>\n<li>Un dise\u00f1o CNC compacto con un accionamiento \u00fanico y un mecanismo de autobloqueo.<\/li>\n<li>Detecci\u00f3n autom\u00e1tica de fallas.<\/li>\n<li>La interfaz de entrada se puede utilizar para contacto seco y conexi\u00f3n de se\u00f1al de interruptor.<\/li>\n<li>Apertura y cierre autom\u00e1tico regulable.<\/li>\n<li>Fotoc\u00e9lula infrarroja para paso seguro.<\/li>\n<li>Alarma por flujo de pasajeros no autorizado y prohibido.<\/li>\n<li>Pase la pelota en su lugar.<\/li>\n<li>Encendido y apagado autom\u00e1tico.<\/li>\n<li>Acceso autom\u00e1tico abierto y gratuito cuando se apaga.<\/li>\n<li>Direcci\u00f3n de entrada ajustable.<\/li>\n<li>Proporcionar una interfaz de emergencia.<\/li>\n<li>Sem\u00e1foros para que las pasajeros entren.<\/li>\n<li>Conexi\u00f3n de entrada: Se\u00f1al de nivel de +12V o pulso Ancho&gt;Se\u00f1al de pulso de 100ms,Corriente&gt;100ms<\/li>\n<\/ol>\n","protected":false},"excerpt":{"rendered":"<p>1. Potencia: AC220V\u00b110V,50\/60HZ;<\/p>\n<p>2. Temperatura de funcionamiento: -45 \u2103 -60 \u2103<\/p>\n<p>3. Humedad relativa: \u226495 %, sin condensaci\u00f3n<\/p>\n<p>4. Ancho de paso: 550 mm (personalizado)<\/p>\n<p>5. Motor: motor CC sin escobillas, 140W\/24V<\/p>\n<p>6. Tiempo de apertura y cierre de la puerta: \u2264 0.4S<\/p>\n<p>7. Sensores infrarrojos: 9 o 10 pares<\/p>\n<p>8. Velocidad de funcionamiento del motor: 1600 R\/min.<\/p>\n<p>9. Conexi\u00f3n de comunicaci\u00f3n: comunicaci\u00f3n RS485<\/p>\n<p>10. Nivel de protecci\u00f3n: IP54<\/p>\n","protected":false},"featured_media":35566,"comment_status":"closed","ping_status":"closed","template":"","meta":{"neve_meta_sidebar":"","neve_meta_container":"","neve_meta_enable_content_width":"off","neve_meta_content_width":0,"neve_meta_title_alignment":"","neve_meta_author_avatar":"","neve_post_elements_order":"","neve_meta_disable_header":"","neve_meta_disable_footer":"","neve_meta_disable_title":"","_ti_tpc_template_sync":false,"_ti_tpc_template_id":""},"product_cat":[715,678],"product_tag":[1579,723,687,1578],"class_list":["post-9715","product","type-product","status-publish","has-post-thumbnail","hentry","product_cat-barrera-de-solapa","product_cat-puerta-de-torniquete","product_tag-componentes-del-torniquete","product_tag-mecanismo-de-barrera-de-solapa","product_tag-mecanismo-de-puerta-torniquete","product_tag-mecanismo-de-torniquete"],"_links":{"self":[{"href":"https:\/\/mairsturnstile.com\/es\/wp-json\/wp\/v2\/product\/9715","targetHints":{"allow":["GET"]}}],"collection":[{"href":"https:\/\/mairsturnstile.com\/es\/wp-json\/wp\/v2\/product"}],"about":[{"href":"https:\/\/mairsturnstile.com\/es\/wp-json\/wp\/v2\/types\/product"}],"replies":[{"embeddable":true,"href":"https:\/\/mairsturnstile.com\/es\/wp-json\/wp\/v2\/comments?post=9715"}],"version-history":[{"count":0,"href":"https:\/\/mairsturnstile.com\/es\/wp-json\/wp\/v2\/product\/9715\/revisions"}],"wp:featuredmedia":[{"embeddable":true,"href":"https:\/\/mairsturnstile.com\/es\/wp-json\/wp\/v2\/media\/35566"}],"wp:attachment":[{"href":"https:\/\/mairsturnstile.com\/es\/wp-json\/wp\/v2\/media?parent=9715"}],"wp:term":[{"taxonomy":"product_cat","embeddable":true,"href":"https:\/\/mairsturnstile.com\/es\/wp-json\/wp\/v2\/product_cat?post=9715"},{"taxonomy":"product_tag","embeddable":true,"href":"https:\/\/mairsturnstile.com\/es\/wp-json\/wp\/v2\/product_tag?post=9715"}],"curies":[{"name":"wp","href":"https:\/\/api.w.org\/{rel}","templated":true}]}}