{"id":9716,"date":"2020-09-13T00:48:49","date_gmt":"2020-09-12T16:48:49","guid":{"rendered":"https:\/\/mairsturnstile.com\/product\/torniquete-deslizante-de-altura-completa-super-mute-mt247"},"modified":"2024-10-31T17:21:02","modified_gmt":"2024-10-31T09:21:02","slug":"torniquete-deslizante","status":"publish","type":"product","link":"https:\/\/mairsturnstile.com\/es\/producto\/torniquete-deslizante","title":{"rendered":"TORNIQUE DESLIZANTE DE ALTURA COMPLETA DE NUEVO DISE\u00d1O MT237-P"},"content":{"rendered":"        <!-- 3D Model html -->\r\n        <div class=\"bp_grand wrapper_37634\">   \r\n        <div class=\"bp_model_parent\">\r\n            <model-viewer class=\"model\" id=\"bp_model_id_37634\" src=\"http:\/\/mairsturnstile.com\/wp-content\/uploads\/2023\/11\/MT237-p.glb\" alt=\"MT237-p\" camera-controls  loading=\"auto\" auto-rotate                        >\r\n            <\/model-viewer>\r\n        \r\n            <!-- Button -->\r\n            <svg id=\"openBtn\" width=\"30px\" height=\"30px\" viewBox=\"0 0 16 16\" xmlns=\"http:\/\/www.w3.org\/2000\/svg\" fill=\"#f2f2f2\" class=\"bi bi-arrows-fullscreen model-icon\">\r\n                <path fill-rule=\"evenodd\" d=\"M5.828 10.172a.5.5 0 0 0-.707 0l-4.096 4.096V11.5a.5.5 0 0 0-1 0v3.975a.5.5 0 0 0 .5.5H4.5a.5.5 0 0 0 0-1H1.732l4.096-4.096a.5.5 0 0 0 0-.707zm4.344 0a.5.5 0 0 1 .707 0l4.096 4.096V11.5a.5.5 0 1 1 1 0v3.975a.5.5 0 0 1-.5.5H11.5a.5.5 0 0 1 0-1h2.768l-4.096-4.096a.5.5 0 0 1 0-.707zm0-4.344a.5.5 0 0 0 .707 0l4.096-4.096V4.5a.5.5 0 1 0 1 0V.525a.5.5 0 0 0-.5-.5H11.5a.5.5 0 0 0 0 1h2.768l-4.096 4.096a.5.5 0 0 0 0 .707zm-4.344 0a.5.5 0 0 1-.707 0L1.025 1.732V4.5a.5.5 0 0 1-1 0V.525a.5.5 0 0 1 .5-.5H4.5a.5.5 0 0 1 0 1H1.732l4.096 4.096a.5.5 0 0 1 0 .707z\"\/>\r\n            <\/svg>\r\n        \r\n            <svg id=\"closeBtn\" class=\"model-icon\" width=\"34px\" height=\"34px\" viewBox=\"0 0 24 24\" xmlns=\"http:\/\/www.w3.org\/2000\/svg\">\r\n                <path fill=\"none\" stroke=\"#f2f2f2\" stroke-width=\"2\" d=\"M7,7 L17,17 M7,17 L17,7\"\/>\r\n            <\/svg>\r\n        \r\n        <\/div>\r\n        <\/div> \r\n\r\n        <!-- Model Viewer Style -->\r\n        <style>\r\n            \r\n            .wrapper_37634 .bp_model_parent, #bp_model_id_37634 {\r\n                width: 1150px;\r\n                max-width: 100%;\r\n                                            }\r\n            #bp_model_id_37634 {\r\n                height:700px;\r\n                background-color: #f9f9f9;\r\n            }\r\n            .fullscreen #bp_model_id_37634{\r\n            height: 100%;\r\n            width: 100%;\r\n            }\r\n            .wrapper_37634 .bp_model_parent{\r\n                justify-content: start            }\r\n            model-viewer.model {\r\n                --poster-color: transparent;\r\n            }\r\n        <\/style>\r\n        \r\n        \n<h2>Super mudo torniquete deslizante de altura completa, torniquete deslizante puerta de barrera, torniquete deslizante puerta para la venta.<\/h2>\n<h4>El TORNIQUE PARA PUERTA CORREDIZA DE ALTURA COMPLETA tiene una garant\u00eda de 2 a\u00f1os y soporte duradero de mantenimiento y reparaci\u00f3n.<\/h4>\n<p><strong>El torniquete deslizante es un tipo de torniquete de control de acceso peatonal basado en el movimiento lineal paralelo de dos deflectores en la misma o diferente direcci\u00f3n para abrir y cerrar la puerta. <\/strong>El torniquete deslizante es una puerta de <a href=\"https:\/\/mairsturnstile.com\/product\/automated-turnstiles\" target=\"_blank\" rel=\"noopener\">torniquete automatizada <\/a>de control el\u00e9ctrico, que puede abrirse y cerrarse manualmente mediante botones, paso de tarjeta y control remoto, o de forma totalmente autom\u00e1tica mediante reconocimiento facial e inducci\u00f3n del cuerpo humano. En la actualidad, se usa com\u00fanmente en la puerta de entrada de varias \u00e1reas residenciales, empresas, f\u00e1bricas y otros lugares, que se usa especialmente para controlar el acceso de peatones.<\/p>\n<p>El torniquete deslizante est\u00e1 compuesto por un chasis y dos hojas de puerta m\u00f3viles, que se pueden extender y retraer para disuadir o liberar. Este torniquete deslizante de altura completa MT237-P de nuevo dise\u00f1o adopta el \u00faltimo dise\u00f1o y una hermosa forma. La selecci\u00f3n de la aplicaci\u00f3n del torniquete de puerta corrediza se determina de acuerdo con el tama\u00f1o y el \u00e1rea del sitio. Su ala de la puerta es m\u00e1s alta que la puerta del torniquete oscilante y el torniquete de la barrera de solapa. Generalmente est\u00e1 dise\u00f1ado para tener 1,6 m de altura. El ancho del canal es el mismo que el del canal de la puerta del torniquete giratorio. El ancho de 0,55 M es suficiente para lograr el objetivo del paso de una persona.<\/p>\n<p>Para algunas agencias gubernamentales y unidades o lugares con fuertes requisitos de confidencialidad y alta seguridad, el torniquete deslizante se puede seleccionar como el principal equipo de gesti\u00f3n de control de acceso, que tiene una gesti\u00f3n de acceso m\u00e1s estricta y medidas de seguridad m\u00e1s fuertes. Las medidas de seguridad se reflejan principalmente en su dise\u00f1o. El brazo deslizante es relativamente alto para evitar perforaciones y escaladas, y el material principal es el vidrio acr\u00edlico. La visi\u00f3n de este canal no ser\u00e1 limitada. Se coloca en el vest\u00edbulo del edificio de oficinas, y el conjunto sigue siendo transparente y brillante.<\/p>\n<p>El torniquete de barrera deslizante es diferente de la puerta de torniquete de tr\u00edpode, la puerta de torniquete oscilante y la puerta de barrera de aleta. Es un tipo de equipo de puerta de torniquete para peatones que no se usa com\u00fanmente y debe evitarse estrictamente que entre y salga. Debido a que la barrera de bloqueo en ambos lados es del tipo de traducci\u00f3n y adopta un control autom\u00e1tico, no cortar\u00e1 f\u00e1cilmente a las personas. El dise\u00f1o de una barrera de alto bloqueo evita la posibilidad de cruces y escaladas no autorizados, por lo que la alta seguridad es su se\u00f1al m\u00e1s importante. La barrera de bloqueo es delgada y se puede hacer en forma de dos puertas, que est\u00e1 m\u00e1s reforzada por seguridad y es segura y flexible.<\/p>\n<p>Se utiliza principalmente en escenarios en los que es necesario mejorar la eficiencia de la seguridad, como edificios de oficinas de alto nivel, empresas grupales, pasillos o pasillos de ascensores de edificios comerciales, escaleras, etc.<\/p>\n<p>Tambi\u00e9n podemos crear una representaci\u00f3n para usted en unos minutos en funci\u00f3n de su escenario real. Tambi\u00e9n proporcionamos dise\u00f1os y dibujos detallados, as\u00ed como dibujos de instalaci\u00f3n.<\/p>\n\n        \t\n\t<style type=\"text\/css\">\n\t\t.slider-info-37633.bafg-slider-info .bafg-slider-title {\n\t\t\t\t\t\tfont-size: 22px;\n\t\t\t\t\t\t\n\t\t\t\n\t\t\t\t\t}\n\n\t\t.slider-info-37633.bafg-slider-info .bafg-slider-description {\n\t\t\t\n\t\t\t\n\t\t\t\t\t}\n\n\t\t.slider-info-37633.bafg-slider-info .bafg_slider_readmore_button {\n\t\t\t\n\t\t\t\n\t\t\t\n\t\t\t\n\t\t\t\n\t\t\ttext-align: center;\n\n\t\t\t\n\t\t\t\n\t\t\t\n\t\t\t\n\t\t\t\n\t\t\t\n\t\t\t\t\t}\n\n\t\t.slider-info-37633.bafg-slider-info .bafg_slider_readmore_button:hover {\n\n\t\t\t\n\t\t\t\n\t\t\t\t\t}\n\n\t<\/style>\n\t\n        <div class=\"bafg-twentytwenty-container slider-37633 \" bafg-orientation=\"horizontal\" bafg-default-offset=\"0.5\" bafg-before-label=\"Before\" bafg-after-label=\"After\" bafg-overlay=\"yes\" bafg-move-slider-on-hover=\"yes\" bafg-click-to-move=\"no\">\n              \n            <img decoding=\"async\" class=\"skip-lazy\" src=\"http:\/\/mairsturnstile.com\/wp-content\/uploads\/2024\/10\/sliding-turnstile-7.jpg\" alt=\"sliding turnstile\" data-skip-lazy title=\"\">\n            <img decoding=\"async\" class=\"skip-lazy\" src=\"http:\/\/mairsturnstile.com\/wp-content\/uploads\/2020\/09\/sliding-turnstile-5-1.jpg\" alt=\"sliding turnstile\" data-skip-lazy title=\"\">\n           \n        <\/div>\n\n        \t<div class=\"bafg-slider-info-wraper\">\n\t\t<div style=\"\" class=\"slider-info-37633 bafg-slider-info\">\n\t\t\t\t\t<\/div>\n\t<\/div>\n\t\n        <style type=\"text\/css\">\n            \n        <\/style>\n        \n<p><strong>Precauciones de uso :<\/strong><\/p>\n<p>En el proceso de uso del torniquete de la barrera deslizante, el personal que pase deber\u00e1 cumplir con el principio de paso de \u00abpasar la tarjeta fuera de la l\u00ednea amarilla o identificaci\u00f3n sin sentido, sin seguimiento ni paso inverso\u00bb.<\/p>\n<p>Nota: los peatones deslizan sus tarjetas fuera de la l\u00ednea amarilla en el exterior del pasaje. Solo una persona puede pasar por una tarjeta v\u00e1lida a la vez. Est\u00e1 prohibido que los peatones de atr\u00e1s sigan y los de enfrente pasen en sentido contrario sin pasar sus tarjetas. \u00ab.<\/p>\n<p>Preste atenci\u00f3n a la limpieza y el mantenimiento diarios durante el uso del torniquete de barrera deslizante. La inspecci\u00f3n regular puede prevenir efectivamente el envejecimiento del equipo y el mantenimiento oportuno puede prolongar efectivamente la vida \u00fatil del equipo. En la aplicaci\u00f3n pr\u00e1ctica del torniquete de barrera deslizante, la apariencia y la funci\u00f3n se pueden personalizar seg\u00fan la demanda.<\/p>\n<p>Podemos proporcionar servicios de OEM y ODM. Tambi\u00e9n proporcionamos dispositivos biom\u00e9tricos, como lectores de tarjetas IC\/ID, esc\u00e1neres de huellas dactilares, esc\u00e1neres de c\u00f3digos QR, c\u00e1maras de reconocimiento facial, etc. Si necesita integrar estos dispositivos en la puerta del torniquete o tiene alguna duda, <a href=\"https:\/\/mairsturnstile.com\/contact\" target=\"_blank\" rel=\"noopener\">p\u00f3ngase en contacto con nosotros<\/a><\/p>\n<p>El primer video es un torniquete deslizante ordinario, que es ultra silencioso y se ve hermoso. El siguiente video es un torniquete deslizante personalizado. No importa el tama\u00f1o o la apariencia del torniquete deslizante, se personaliza de acuerdo con las necesidades reales de los clientes. Si necesita personalizar un torniquete deslizante similar, tambi\u00e9n puede contactarnos<\/p>\n<p><strong>El TORNIQUETE DE PUERTA CORREDIZA<\/strong> presenta un dise\u00f1o elegante, alta velocidad, alta seguridad, funcionamiento con poco ruido, funcionamiento suave y una larga vida \u00fatil. Est\u00e1 altamente integrado para ser compatible con esc\u00e1neres de temperatura de <a href=\"https:\/\/en.wikipedia.org\/wiki\/Facial_recognition\" target=\"_blank\" rel=\"noopener\">reconocimiento facial<\/a>, control de acceso mediante huellas dactilares, sistemas QR, control de acceso ESD RFID, etc. Al ser la <a href=\"https:\/\/mairsturnstile.com\/what-is-flap-barrier.html\" target=\"_blank\" rel=\"noopener\">barrera de aleta<\/a> de velocidad, el deflector giratorio se abre autom\u00e1ticamente cuando se corta la energ\u00eda, libre para pasar por requisitos de salida de emergencia\/incendio.<\/p>\n<ul>\n<li>El <strong>torniquete deslizante <\/strong>est\u00e1 construido para controlar a las personas que entran o salen de la zona restringida. Por lo general, se usa en lugares con alto flujo de tr\u00e1fico de peatones en ambas direcciones.<\/li>\n<li>La carcasa de la puerta del torniquete de la barrera deslizante est\u00e1 hecha de acero inoxidable 304 cepillado, lo que crea un sistema de entrada agradable y sin costuras que se integra en la mayor\u00eda de los ambientes interiores.<\/li>\n<li>Se puede integrar con todos los sistemas de control de acceso de terceros (p. ej.: sistema de acceso RFID, pulsar el bot\u00f3n, huella digital y reconocimiento facial con control de temperatura).<\/li>\n<li>En caso de emergencia, el brazo del Torniquete Deslizante se abrir\u00e1 autom\u00e1ticamente conectando con la bater\u00eda o capacitor para permitir el paso libre.<\/li>\n<li>El torniquete deslizante \u00f3ptico es adecuado para soluciones de entrada lujosas y elegantes.<\/li>\n<li>El torniquete de puerta corrediza se caracteriza por su alta velocidad, larga vida \u00fatil, alto rendimiento y alta confiabilidad de operaci\u00f3n.<\/li>\n<li> Funci\u00f3n de alarma, en caso de intrusi\u00f3n ilegal e intrusi\u00f3n inversa.<\/li>\n<li>El sensor de infrarrojos emitir\u00e1 una alarma y la luz LED parpadear\u00e1 para evitar pellizcar a los peatones.<\/li>\n<li>Funci\u00f3n de reinicio autom\u00e1tico: los brazos deslizantes se cerrar\u00e1n autom\u00e1ticamente dentro de los 5 segundos de manera predeterminada (se puede configurar) si un pasajero se demora en llegar.<\/li>\n<li>El torniquete de la puerta corrediza permanecer\u00e1 en la cerradura si alguien quiere entrar sin pasar la tarjeta RFID.<\/li>\n<li>Un indicador direccional LED en el poste superior y frontal<\/li>\n<li>Material de la carcasa: acero inoxidable 304<\/li>\n<li>Funci\u00f3n anti-retroceso, el torniquete avisa si alguien quiere entrar en sentido inverso.<\/li>\n<li>El funcionamiento bidireccional o unidireccional son opciones<\/li>\n<\/ul>\n<p>Podemos proporcionar la soluci\u00f3n completa de control de acceso de seguridad. Si tiene su propio sistema de control de acceso, puede usar directamente nuestra puerta de torniquete. Si no tiene uno, tambi\u00e9n ofrecemos una soluci\u00f3n completa de control de acceso de seguridad. Consulte el video a continuaci\u00f3n para obtener m\u00e1s detalles.<\/p>\n<p><iframe title=\"Torniquete deslizante, Torniquete para puerta corredera, Torniquete deslizante de altura completa Super must - MairsTurnstile\" src=\"https:\/\/www.youtube.com\/embed\/NWiaz1Su7BI\" width=\"1150\" height=\"650\" frameborder=\"0\" allowfullscreen=\"allowfullscreen\"><\/iframe><\/p>\n","protected":false},"excerpt":{"rendered":"<p>1. Tama\u00f1o: 1420 * 340 * 1000 mm (se puede personalizar)<\/p>\n<p>2. Ancho de carril: 600 mm (est\u00e1ndar) 900 mm (discapacitados)<\/p>\n<p>3. Velocidad de paso: 40 personas\/min.<\/p>\n<p>4. Fuente de alimentaci\u00f3n: 110 V\/220 V 50\/60 Hz<\/p>\n<p>5. Motor de conducci\u00f3n: 90 W<\/p>\n<p>6. Entrada: contacto seco<\/p>\n<p>7. Motor de conducci\u00f3n: DC24V<\/p>\n<p>8. Peso de la puerta de la barrera del torniquete: 70 kg\/pcs<\/p>\n<p>9. Altura del brazo 1800 mm (se puede personalizar)<\/p>\n<p><span style=\"color: #0000ff;\"><strong><a style=\"color: #0000ff;\" title=\"Torniquete de barrera con solapa certificado CE de Mairs\" href=\"http:\/\/mairsturnstile.com\/wp-content\/uploads\/2022\/09\/Mairs-CE-Certificate-Flap-Barrier-Turnstile.pdf\" target=\"_blank\" rel=\"noopener noreferrer\">Certificaci\u00f3n CE<\/a>, <a style=\"color: #0000ff;\" title=\"Certificado Mairs ISO9001\" href=\"http:\/\/mairsturnstile.com\/wp-content\/uploads\/2022\/09\/Mairs-Registration-Certificate-ISO9001.pdf\" target=\"_blank\" rel=\"noopener noreferrer\">Certificado ISO 9001.<\/a><\/strong><\/span><\/p>\n<p><a title=\"Folleto de la puerta giratoria corredera\" href=\"http:\/\/mairsturnstile.com\/wp-content\/uploads\/2024\/03\/Sliding-turnstile-MT237-P-brochure.pdf\" target=\"  rel=\" rel=\"noopener\"><img decoding=\"async\" class=\"alignnone size-full wp-image-11034\" src=\"http:\/\/mairsturnstile.com\/wp-content\/uploads\/2022\/09\/pdf-MairsTurnstile.png\" alt=\"\" width=\"32\" height=\"32\"><span style=\"color: #0000ff;\"><strong>Torniquete corredizo MT237-P Folleto<\/strong><\/span><\/a><\/p>\n","protected":false},"featured_media":37568,"comment_status":"closed","ping_status":"closed","template":"","meta":{"neve_meta_sidebar":"","neve_meta_container":"","neve_meta_enable_content_width":"off","neve_meta_content_width":0,"neve_meta_title_alignment":"","neve_meta_author_avatar":"","neve_post_elements_order":"","neve_meta_disable_header":"","neve_meta_disable_footer":"","neve_meta_disable_title":"","_ti_tpc_template_sync":false,"_ti_tpc_template_id":""},"product_cat":[678,1729],"product_tag":[724,717,1378,824,716,1589,1582,1590],"class_list":["post-9716","product","type-product","status-publish","has-post-thumbnail","hentry","product_cat-puerta-de-torniquete","product_cat-torniquete-deslizante","product_tag-puerta-de-barrera-de-torniquete-deslizante","product_tag-torniquete-de-puerta-corredera","product_tag-torniquete-de-salida","product_tag-torniquete-de-vidrio","product_tag-torniquete-deslizante","product_tag-torniquete-deslizante-de-altura-completa","product_tag-torniquetes-de-gimnasio","product_tag-torniquetes-de-vidrio"],"_links":{"self":[{"href":"https:\/\/mairsturnstile.com\/es\/wp-json\/wp\/v2\/product\/9716","targetHints":{"allow":["GET"]}}],"collection":[{"href":"https:\/\/mairsturnstile.com\/es\/wp-json\/wp\/v2\/product"}],"about":[{"href":"https:\/\/mairsturnstile.com\/es\/wp-json\/wp\/v2\/types\/product"}],"replies":[{"embeddable":true,"href":"https:\/\/mairsturnstile.com\/es\/wp-json\/wp\/v2\/comments?post=9716"}],"version-history":[{"count":0,"href":"https:\/\/mairsturnstile.com\/es\/wp-json\/wp\/v2\/product\/9716\/revisions"}],"wp:featuredmedia":[{"embeddable":true,"href":"https:\/\/mairsturnstile.com\/es\/wp-json\/wp\/v2\/media\/37568"}],"wp:attachment":[{"href":"https:\/\/mairsturnstile.com\/es\/wp-json\/wp\/v2\/media?parent=9716"}],"wp:term":[{"taxonomy":"product_cat","embeddable":true,"href":"https:\/\/mairsturnstile.com\/es\/wp-json\/wp\/v2\/product_cat?post=9716"},{"taxonomy":"product_tag","embeddable":true,"href":"https:\/\/mairsturnstile.com\/es\/wp-json\/wp\/v2\/product_tag?post=9716"}],"curies":[{"name":"wp","href":"https:\/\/api.w.org\/{rel}","templated":true}]}}