{"id":9718,"date":"2020-09-13T00:31:47","date_gmt":"2020-09-12T16:31:47","guid":{"rendered":"https:\/\/mairsturnstile.com\/product\/torniquetes-automatizados-barrera-flap-mt246"},"modified":"2024-10-31T17:16:31","modified_gmt":"2024-10-31T09:16:31","slug":"torniquetes-automaticos","status":"publish","type":"product","link":"https:\/\/mairsturnstile.com\/es\/producto\/torniquetes-automaticos","title":{"rendered":"TORNIQUETES AUTOMATIZADOS BARRERA FLAP MT246"},"content":{"rendered":"        <!-- 3D Model html -->\r\n        <div class=\"bp_grand wrapper_27681\">   \r\n        <div class=\"bp_model_parent\">\r\n            <model-viewer class=\"model\" id=\"bp_model_id_27681\" src=\"http:\/\/mairsturnstile.com\/wp-content\/uploads\/2023\/08\/MT246.glb\" alt=\"MT246\" camera-controls  loading=\"auto\" auto-rotate                        >\r\n            <\/model-viewer>\r\n        \r\n            <!-- Button -->\r\n            <svg id=\"openBtn\" width=\"30px\" height=\"30px\" viewBox=\"0 0 16 16\" xmlns=\"http:\/\/www.w3.org\/2000\/svg\" fill=\"#f2f2f2\" class=\"bi bi-arrows-fullscreen model-icon\">\r\n                <path fill-rule=\"evenodd\" d=\"M5.828 10.172a.5.5 0 0 0-.707 0l-4.096 4.096V11.5a.5.5 0 0 0-1 0v3.975a.5.5 0 0 0 .5.5H4.5a.5.5 0 0 0 0-1H1.732l4.096-4.096a.5.5 0 0 0 0-.707zm4.344 0a.5.5 0 0 1 .707 0l4.096 4.096V11.5a.5.5 0 1 1 1 0v3.975a.5.5 0 0 1-.5.5H11.5a.5.5 0 0 1 0-1h2.768l-4.096-4.096a.5.5 0 0 1 0-.707zm0-4.344a.5.5 0 0 0 .707 0l4.096-4.096V4.5a.5.5 0 1 0 1 0V.525a.5.5 0 0 0-.5-.5H11.5a.5.5 0 0 0 0 1h2.768l-4.096 4.096a.5.5 0 0 0 0 .707zm-4.344 0a.5.5 0 0 1-.707 0L1.025 1.732V4.5a.5.5 0 0 1-1 0V.525a.5.5 0 0 1 .5-.5H4.5a.5.5 0 0 1 0 1H1.732l4.096 4.096a.5.5 0 0 1 0 .707z\"\/>\r\n            <\/svg>\r\n        \r\n            <svg id=\"closeBtn\" class=\"model-icon\" width=\"34px\" height=\"34px\" viewBox=\"0 0 24 24\" xmlns=\"http:\/\/www.w3.org\/2000\/svg\">\r\n                <path fill=\"none\" stroke=\"#f2f2f2\" stroke-width=\"2\" d=\"M7,7 L17,17 M7,17 L17,7\"\/>\r\n            <\/svg>\r\n        \r\n        <\/div>\r\n        <\/div> \r\n\r\n        <!-- Model Viewer Style -->\r\n        <style>\r\n            \r\n            .wrapper_27681 .bp_model_parent, #bp_model_id_27681 {\r\n                width: 1150px;\r\n                max-width: 100%;\r\n                                            }\r\n            #bp_model_id_27681 {\r\n                height:700px;\r\n                background-color: #f9f9f9;\r\n            }\r\n            .fullscreen #bp_model_id_27681{\r\n            height: 100%;\r\n            width: 100%;\r\n            }\r\n            .wrapper_27681 .bp_model_parent{\r\n                justify-content: start            }\r\n            model-viewer.model {\r\n                --poster-color: transparent;\r\n            }\r\n        <\/style>\r\n        \r\n        \n<h2><strong>TORNIQUETES AUTOMATIZADOS FLAP BARRIER<\/strong> cuentan con 2 a\u00f1os de garant\u00eda y soporte duradero para mantenimiento y reparaci\u00f3n.<\/h2>\n<p>Podemos proporcionar servicios de OEM y ODM. Tambi\u00e9n proporcionamos dispositivos biom\u00e9tricos, como lectores de tarjetas IC\/ID, esc\u00e1neres de huellas dactilares, esc\u00e1neres de c\u00f3digos QR, c\u00e1maras de reconocimiento facial, etc.<\/p>\n<h3>\u00bfQu\u00e9 son los torniquetes autom\u00e1ticos?<\/h3>\n<p><strong>Los torniquetes autom\u00e1ticos (torniquetes autom\u00e1ticos) son un tipo de equipo de puerta de torniquete para peatones, que es accionado por un motor. Tambi\u00e9n se llama torniquetes el\u00e9ctricos. En comparaci\u00f3n con la puerta de torniquete manual, toda la operaci\u00f3n de la puerta de torniquete autom\u00e1tico es impulsada por el motor, y la puerta de torniquete autom\u00e1tico tiene un mayor factor de seguridad y credibilidad.<\/strong> Los torniquetes autom\u00e1ticos tienen las ventajas de un dise\u00f1o atractivo y profesional, paso r\u00e1pido, alarmas de usuarios ilegales, etc. La mayor\u00eda de nuestras puertas de torniquete son torniquetes completamente autom\u00e1ticos. Si necesita alg\u00fan modelo de torniquete autom\u00e1tico, <a href=\"https:\/\/mairsturnstile.com\/contact\">p\u00f3ngase en contacto con nosotros<\/a><\/p>\n<h3>Torniquetes automatizados Principio:<\/h3>\n<p>Por supuesto, los torniquetes autom\u00e1ticos estar\u00e1n equipados con un motor. Una vez que el usuario obtiene la autorizaci\u00f3n de acceso, el motor impulsa la varilla del freno para que gire unos 15\u00b0 para desbloquear, lo que incita al transe\u00fante a pasar. Cuando el transe\u00fante toca la varilla del freno, la m\u00e1quina del torniquete sentir\u00e1 que el transe\u00fante quiere pasar, por lo que el controlador principal controla el motor para hacer que la varilla del freno gire nuevamente, haciendo que los caminantes pasen suavemente a lo largo de la direcci\u00f3n del paso.<\/p>\n<p>Cuando la barra de la puerta gira 120 \u00b0, el sistema de transmisi\u00f3n de la puerta del torniquete se bloquear\u00e1 autom\u00e1ticamente y el contador en la direcci\u00f3n de paso aumentar\u00e1 autom\u00e1ticamente en 1. Al mismo tiempo, puede realizar la ca\u00edda autom\u00e1tica de la barra despu\u00e9s de un corte de energ\u00eda, y la potencia del motor hace que la barra de la puerta gire para realizar la carga autom\u00e1tica de la barra despu\u00e9s del encendido, lo cual es muy conveniente para su uso.<\/p>\n<p>Tambi\u00e9n podemos crear una representaci\u00f3n para usted en unos minutos en funci\u00f3n de su escenario real. Tambi\u00e9n proporcionamos dise\u00f1os y dibujos detallados, as\u00ed como dibujos de instalaci\u00f3n.<\/p>\n\n        \t\n\t<style type=\"text\/css\">\n\t\t.slider-info-27682.bafg-slider-info .bafg-slider-title {\n\t\t\t\t\t\tfont-size: 22px;\n\t\t\t\t\t\t\n\t\t\t\n\t\t\t\t\t}\n\n\t\t.slider-info-27682.bafg-slider-info .bafg-slider-description {\n\t\t\t\n\t\t\t\n\t\t\t\t\t}\n\n\t\t.slider-info-27682.bafg-slider-info .bafg_slider_readmore_button {\n\t\t\t\n\t\t\t\n\t\t\t\n\t\t\t\n\t\t\t\n\t\t\ttext-align: center;\n\n\t\t\t\n\t\t\t\n\t\t\t\n\t\t\t\n\t\t\t\n\t\t\t\n\t\t\t\t\t}\n\n\t\t.slider-info-27682.bafg-slider-info .bafg_slider_readmore_button:hover {\n\n\t\t\t\n\t\t\t\n\t\t\t\t\t}\n\n\t<\/style>\n\t\n        <div class=\"bafg-twentytwenty-container slider-27682 \" bafg-orientation=\"horizontal\" bafg-default-offset=\"0.5\" bafg-before-label=\"Before\" bafg-after-label=\"After\" bafg-overlay=\"yes\" bafg-move-slider-on-hover=\"yes\" bafg-click-to-move=\"no\">\n              \n            <img decoding=\"async\" class=\"skip-lazy\" src=\"http:\/\/mairsturnstile.com\/wp-content\/uploads\/2023\/08\/automated-turnstiles_4.jpg\" alt=\"\" data-skip-lazy title=\"\">\n            <img decoding=\"async\" class=\"skip-lazy\" src=\"http:\/\/mairsturnstile.com\/wp-content\/uploads\/2023\/08\/automated-turnstiles_5.jpg\" alt=\"\" data-skip-lazy title=\"\">\n           \n        <\/div>\n\n        \t<div class=\"bafg-slider-info-wraper\">\n\t\t<div style=\"\" class=\"slider-info-27682 bafg-slider-info\">\n\t\t\t\t\t<\/div>\n\t<\/div>\n\t\n        <style type=\"text\/css\">\n            \n        <\/style>\n        \n<p>Las puertas de torniquete automatizadas con barrera abatible son una soluci\u00f3n ideal para estaciones de metro, estadios, f\u00e1bricas o edificios comerciales. La <a href=\"https:\/\/mairsturnstile.com\/what-is-flap-barrier.html\">barrera de solapa<\/a> se adopta bien en las entradas y salidas de edificios o sitios de construcci\u00f3n, para ayudar a rastrear al personal y los visitantes. S\u00f3lo los usuarios autorizados pueden acceder a zonas espec\u00edficas a trav\u00e9s de la<strong> barrera de solapas de los torniquetes automatizados<\/strong>. Las tecnolog\u00edas de <a href=\"https:\/\/en.wikipedia.org\/wiki\/Radio-frequency_identification\" target=\"_blank\" rel=\"noopener\">RFID<\/a>, verificaci\u00f3n de huellas dactilares, reconocimiento facial con comprobaci\u00f3n de temperatura y verificaci\u00f3n de venas est\u00e1n disponibles para ofrecer opciones de flexibilidad.<\/p>\n<ul>\n<li>Los torniquetes autom\u00e1ticos de barrera con solapa se construyen para controlar a las personas que ingresan o salen del \u00e1rea restringida. Por lo general, se usa en lugares con alto flujo de tr\u00e1fico de peatones en ambas direcciones.<\/li>\n<li>La carcasa de los torniquetes automatizados de la barrera de aletas est\u00e1 hecha de acero inoxidable 304 cepillado, lo que crea un sistema de entrada agradable y sin costuras que se integra en la mayor\u00eda de los ambientes interiores.<\/li>\n<li>Se puede integrar con todos los sistemas de control de acceso de terceros (p. ej.: sistema de acceso RFID, pulsar el bot\u00f3n, huella digital y reconocimiento facial con control de temperatura).<\/li>\n<li>En caso de emergencia, el brazo del Torniquete Deslizante se abrir\u00e1 autom\u00e1ticamente conectando con la bater\u00eda o capacitor para permitir el paso libre.<\/li>\n<li>Los torniquetes autom\u00e1ticos de barrera de aletas \u00f3pticas son adecuados para soluciones de entrada lujosas y elegantes.<\/li>\n<li>El torniquete deslizante presenta velocidad r\u00e1pida, larga vida \u00fatil, alto rendimiento y alta confiabilidad de operaci\u00f3n<\/li>\n<li> Funci\u00f3n de alarma, en caso de intrusi\u00f3n ilegal e intrusi\u00f3n inversa.<\/li>\n<li>El sensor de infrarrojos emitir\u00e1 una alarma y la luz LED parpadear\u00e1 para evitar pellizcar a los peatones.<\/li>\n<li>Funci\u00f3n de reinicio autom\u00e1tico: los brazos deslizantes se cerrar\u00e1n autom\u00e1ticamente dentro de los 5 segundos de manera predeterminada (se puede configurar) si un pasajero se demora en llegar.<\/li>\n<li>Los torniquetes de la barrera de solapa permanecer\u00e1n en la cerradura si alguien quiere entrar sin pasar la tarjeta RFID.<\/li>\n<li>Un indicador direccional LED en el poste superior y frontal<\/li>\n<li>Funci\u00f3n anti-retroceso, el torniquete avisa si alguien quiere entrar en sentido inverso.<\/li>\n<li>El funcionamiento bidireccional o unidireccional son opciones<\/li>\n<\/ul>\n<p>Podemos proporcionar la soluci\u00f3n completa de control de acceso de seguridad. Si tiene su propio sistema de control de acceso, puede usar directamente nuestra puerta de torniquete. Si no tiene uno, tambi\u00e9n ofrecemos una soluci\u00f3n completa de control de acceso de seguridad. Consulte el video a continuaci\u00f3n para obtener m\u00e1s detalles.<\/p>\n<p><iframe title=\"Torniquete deslizante, Torniquete para puerta corredera, Torniquete deslizante de altura completa Super must - MairsTurnstile\" src=\"https:\/\/www.youtube.com\/embed\/NWiaz1Su7BI\" width=\"1150\" height=\"650\" frameborder=\"0\" allowfullscreen=\"allowfullscreen\"><\/iframe><\/p>\n","protected":false},"excerpt":{"rendered":"<p>1. Tama\u00f1o: 1400 * 350 * 1000 mm (se puede personalizar)<\/p>\n<p>2. Ancho de carril: 600 mm (se puede personalizar)<\/p>\n<p>3. Velocidad de paso: 40 personas\/min.<\/p>\n<p>4. Fuente de alimentaci\u00f3n: 110 V\/220 V 50\/60 Hz<\/p>\n<p>5. Motor de conducci\u00f3n: 30 W\/40 W<\/p>\n<p>6. Se\u00f1al de puerta abierta: contacto seco\/rel\u00e9<\/p>\n<p>7. Motor de conducci\u00f3n: DC24V<\/p>\n<p>8. Torniquetes de barrera con aletas Peso: 70 kg\/pieza<\/p>\n<p>9. Altura del brazo: 1200 mm (se puede personalizar)<\/p>\n<p><span style=\"color: #0000ff;\"><strong><a style=\"color: #0000ff;\" title=\"Torniquete de barrera con solapa certificado CE de Mairs\" href=\"http:\/\/mairsturnstile.com\/wp-content\/uploads\/2022\/09\/Mairs-CE-Certificate-Flap-Barrier-Turnstile.pdf\" target=\"_blank\" rel=\"noopener noreferrer\">Certificaci\u00f3n CE<\/a>, <a style=\"color: #0000ff;\" title=\"Certificado Mairs ISO9001\" href=\"http:\/\/mairsturnstile.com\/wp-content\/uploads\/2022\/09\/Mairs-Registration-Certificate-ISO9001.pdf\" target=\"_blank\" rel=\"noopener noreferrer\">Certificado ISO 9001.<\/a><\/strong><\/span><\/p>\n","protected":false},"featured_media":27632,"comment_status":"closed","ping_status":"closed","template":"","meta":{"neve_meta_sidebar":"","neve_meta_container":"","neve_meta_enable_content_width":"off","neve_meta_content_width":0,"neve_meta_title_alignment":"","neve_meta_author_avatar":"","neve_post_elements_order":"","neve_meta_disable_header":"","neve_meta_disable_footer":"","neve_meta_disable_title":"","_ti_tpc_template_sync":false,"_ti_tpc_template_id":""},"product_cat":[678,1729],"product_tag":[725,1630,1620,729,1587,728,1582],"class_list":["post-9718","product","type-product","status-publish","has-post-thumbnail","hentry","product_cat-puerta-de-torniquete","product_cat-torniquete-deslizante","product_tag-puerta-de-la-barrera-de-la-aleta","product_tag-puerta-del-torniquete-de-la-barrera-de-la-aleta","product_tag-puertas-de-entrada-torniquete","product_tag-torniquete-automatico","product_tag-torniquete-de-la-barrera-de-la-aleta","product_tag-torniquetes-automatizados","product_tag-torniquetes-de-gimnasio"],"_links":{"self":[{"href":"https:\/\/mairsturnstile.com\/es\/wp-json\/wp\/v2\/product\/9718","targetHints":{"allow":["GET"]}}],"collection":[{"href":"https:\/\/mairsturnstile.com\/es\/wp-json\/wp\/v2\/product"}],"about":[{"href":"https:\/\/mairsturnstile.com\/es\/wp-json\/wp\/v2\/types\/product"}],"replies":[{"embeddable":true,"href":"https:\/\/mairsturnstile.com\/es\/wp-json\/wp\/v2\/comments?post=9718"}],"version-history":[{"count":0,"href":"https:\/\/mairsturnstile.com\/es\/wp-json\/wp\/v2\/product\/9718\/revisions"}],"wp:featuredmedia":[{"embeddable":true,"href":"https:\/\/mairsturnstile.com\/es\/wp-json\/wp\/v2\/media\/27632"}],"wp:attachment":[{"href":"https:\/\/mairsturnstile.com\/es\/wp-json\/wp\/v2\/media?parent=9718"}],"wp:term":[{"taxonomy":"product_cat","embeddable":true,"href":"https:\/\/mairsturnstile.com\/es\/wp-json\/wp\/v2\/product_cat?post=9718"},{"taxonomy":"product_tag","embeddable":true,"href":"https:\/\/mairsturnstile.com\/es\/wp-json\/wp\/v2\/product_tag?post=9718"}],"curies":[{"name":"wp","href":"https:\/\/api.w.org\/{rel}","templated":true}]}}