{"id":9720,"date":"2020-09-13T00:23:09","date_gmt":"2020-09-12T16:23:09","guid":{"rendered":"https:\/\/mairsturnstile.com\/product\/torniquete-de-puertas-de-barrera-flap-en-venta-mt224"},"modified":"2023-11-01T19:53:34","modified_gmt":"2023-11-01T11:53:34","slug":"torniquetes-puertas-precio-sudafrica","status":"publish","type":"product","link":"https:\/\/mairsturnstile.com\/es\/producto\/torniquetes-puertas-precio-sudafrica","title":{"rendered":"TORNIQUETE DE PUERTAS DE BARRERA FLAP EN VENTA MT224"},"content":{"rendered":"        <!-- 3D Model html -->\r\n        <div class=\"bp_grand wrapper_25998\">   \r\n        <div class=\"bp_model_parent\">\r\n            <model-viewer class=\"model\" id=\"bp_model_id_25998\" src=\"http:\/\/mairsturnstile.com\/wp-content\/uploads\/2023\/07\/MT224.glb\" alt=\"MT224\" camera-controls  loading=\"auto\" auto-rotate                        >\r\n            <\/model-viewer>\r\n        \r\n            <!-- Button -->\r\n            <svg id=\"openBtn\" width=\"30px\" height=\"30px\" viewBox=\"0 0 16 16\" xmlns=\"http:\/\/www.w3.org\/2000\/svg\" fill=\"#f2f2f2\" class=\"bi bi-arrows-fullscreen model-icon\">\r\n                <path fill-rule=\"evenodd\" d=\"M5.828 10.172a.5.5 0 0 0-.707 0l-4.096 4.096V11.5a.5.5 0 0 0-1 0v3.975a.5.5 0 0 0 .5.5H4.5a.5.5 0 0 0 0-1H1.732l4.096-4.096a.5.5 0 0 0 0-.707zm4.344 0a.5.5 0 0 1 .707 0l4.096 4.096V11.5a.5.5 0 1 1 1 0v3.975a.5.5 0 0 1-.5.5H11.5a.5.5 0 0 1 0-1h2.768l-4.096-4.096a.5.5 0 0 1 0-.707zm0-4.344a.5.5 0 0 0 .707 0l4.096-4.096V4.5a.5.5 0 1 0 1 0V.525a.5.5 0 0 0-.5-.5H11.5a.5.5 0 0 0 0 1h2.768l-4.096 4.096a.5.5 0 0 0 0 .707zm-4.344 0a.5.5 0 0 1-.707 0L1.025 1.732V4.5a.5.5 0 0 1-1 0V.525a.5.5 0 0 1 .5-.5H4.5a.5.5 0 0 1 0 1H1.732l4.096 4.096a.5.5 0 0 1 0 .707z\"\/>\r\n            <\/svg>\r\n        \r\n            <svg id=\"closeBtn\" class=\"model-icon\" width=\"34px\" height=\"34px\" viewBox=\"0 0 24 24\" xmlns=\"http:\/\/www.w3.org\/2000\/svg\">\r\n                <path fill=\"none\" stroke=\"#f2f2f2\" stroke-width=\"2\" d=\"M7,7 L17,17 M7,17 L17,7\"\/>\r\n            <\/svg>\r\n        \r\n        <\/div>\r\n        <\/div> \r\n\r\n        <!-- Model Viewer Style -->\r\n        <style>\r\n            \r\n            .wrapper_25998 .bp_model_parent, #bp_model_id_25998 {\r\n                width: 1150px;\r\n                max-width: 100%;\r\n                                            }\r\n            #bp_model_id_25998 {\r\n                height:700px;\r\n                background-color: #f9f9f9;\r\n            }\r\n            .fullscreen #bp_model_id_25998{\r\n            height: 100%;\r\n            width: 100%;\r\n            }\r\n            .wrapper_25998 .bp_model_parent{\r\n                justify-content: start            }\r\n            model-viewer.model {\r\n                --poster-color: transparent;\r\n            }\r\n        <\/style>\r\n        \r\n        \n<h4>PUERTAS TORNIQUETAS PRECIO SUD\u00c1FRICA tiene una garant\u00eda de 2 a\u00f1os y soporte duradero de mantenimiento y reparaci\u00f3n.<\/h4>\n<p>Podemos proporcionar servicios de OEM y ODM. Contamos con dise\u00f1adores experimentados que pueden completar una personalizaci\u00f3n profunda de acuerdo con cualquiera de sus necesidades. Proporcionaremos una serie de materiales como representaciones 3D, dibujos dimensionales, etc. tan pronto como sea posible. Tambi\u00e9n proporcionamos dispositivos biom\u00e9tricos, como lectores de tarjetas IC\/ID, esc\u00e1neres de huellas dactilares, esc\u00e1neres de c\u00f3digos QR, c\u00e1maras de reconocimiento facial, etc.<\/p>\n<h4 style=\"font-weight: 400;\"><span style=\"font-style: inherit; font-weight: inherit;\">PUERTAS TORNIQUETES PRECIO SUD\u00c1FRICA CON Sistema de Control de Acceso RFID para Parque de Atracciones.<\/span><\/h4>\n<p>PRECIO DE PUERTAS DE TORNIQUE SUD\u00c1FRICA MT244 ofrece un m\u00e9todo confiable y eficiente para garantizar que solo los usuarios autorizados tengan acceso a cada \u00e1rea de un edificio. Un indicador de direcci\u00f3n mostr\u00f3 que el peat\u00f3n ten\u00eda acceso al estado actual y gui\u00f3 a los peatones de manera correcta y fluida. La <a href=\"https:\/\/mairsturnstile.com\/what-is-flap-barrier.html\">puerta de barrera<\/a> abatible est\u00e1 altamente integrada en todos los sistemas de control de acceso, como el reconocimiento facial con dispositivos de control de temperatura, huellas dactilares, lectores de <a href=\"https:\/\/en.wikipedia.org\/wiki\/QR_code\" target=\"_blank\" rel=\"noopener\">c\u00f3digos QR<\/a>, sistemas RFID, etc. Mairs ofrece el mejor precio de puertas de torniquete de Sud\u00e1frica con la mejor calidad.<\/p>\n<p>Tambi\u00e9n podemos crear una representaci\u00f3n para usted en unos minutos en funci\u00f3n de su escenario real. Tambi\u00e9n proporcionamos dise\u00f1os y dibujos detallados, as\u00ed como dibujos de instalaci\u00f3n.<\/p>\n\n        \t\n\t<style type=\"text\/css\">\n\t\t.slider-info-25999.bafg-slider-info .bafg-slider-title {\n\t\t\t\t\t\tfont-size: 22px;\n\t\t\t\t\t\t\n\t\t\t\n\t\t\t\t\t}\n\n\t\t.slider-info-25999.bafg-slider-info .bafg-slider-description {\n\t\t\t\n\t\t\t\n\t\t\t\t\t}\n\n\t\t.slider-info-25999.bafg-slider-info .bafg_slider_readmore_button {\n\t\t\t\n\t\t\t\n\t\t\t\n\t\t\t\n\t\t\t\n\t\t\ttext-align: center;\n\n\t\t\t\n\t\t\t\n\t\t\t\n\t\t\t\n\t\t\t\n\t\t\t\n\t\t\t\t\t}\n\n\t\t.slider-info-25999.bafg-slider-info .bafg_slider_readmore_button:hover {\n\n\t\t\t\n\t\t\t\n\t\t\t\t\t}\n\n\t<\/style>\n\t\n        <div class=\"bafg-twentytwenty-container slider-25999 \" bafg-orientation=\"horizontal\" bafg-default-offset=\"0.5\" bafg-before-label=\"Before\" bafg-after-label=\"After\" bafg-overlay=\"yes\" bafg-move-slider-on-hover=\"yes\" bafg-click-to-move=\"no\">\n              \n            <img decoding=\"async\" class=\"skip-lazy\" src=\"http:\/\/mairsturnstile.com\/wp-content\/uploads\/2023\/07\/turnstile-gates-price-south-africa_4.jpg\" alt=\"\" data-skip-lazy title=\"\">\n            <img decoding=\"async\" class=\"skip-lazy\" src=\"http:\/\/mairsturnstile.com\/wp-content\/uploads\/2023\/07\/turnstile-gates-price-south-africa_5.jpg\" alt=\"\" data-skip-lazy title=\"\">\n           \n        <\/div>\n\n        \t<div class=\"bafg-slider-info-wraper\">\n\t\t<div style=\"\" class=\"slider-info-25999 bafg-slider-info\">\n\t\t\t\t\t<\/div>\n\t<\/div>\n\t\n        <style type=\"text\/css\">\n            \n        <\/style>\n        \n<ul>\n<li>Los torniquetes de puerta de barrera con solapa est\u00e1n construidos para controlar a las personas que ingresan o salen del \u00e1rea restringida. Por lo general, se usa en lugares con alto flujo de tr\u00e1fico de peatones en ambas direcciones.<\/li>\n<li>La carcasa de la barrera con solapa est\u00e1 hecha de acero inoxidable 304 cepillado, lo que crea un sistema de entrada agradable y sin costuras que se integra en la mayor\u00eda de los ambientes interiores.<\/li>\n<li>Se puede integrar con todos los sistemas de control de acceso de terceros (p. ej.: sistema de acceso RFID, pulsar el bot\u00f3n, huella digital y reconocimiento facial con control de temperatura).<\/li>\n<li>En caso de emergencia, el brazo FlapTurnstile se abrir\u00e1 autom\u00e1ticamente conectando con la bater\u00eda o el condensador para permitir el paso libre.<\/li>\n<li>Los torniquetes de solapa \u00f3ptica son adecuados para soluciones de entrada lujosas y elegantes.<\/li>\n<li>El torniquete de aleta presenta velocidad r\u00e1pida, larga vida \u00fatil, alto rendimiento y alta confiabilidad de operaci\u00f3n<\/li>\n<li> Funci\u00f3n de alarma, en caso de intrusi\u00f3n ilegal e intrusi\u00f3n inversa.<\/li>\n<li>Puertas de torniquete Precio Sud\u00e1frica para control de acceso.<\/li>\n<li>El sensor de infrarrojos emitir\u00e1 una alarma y la luz LED parpadear\u00e1 para evitar pellizcar a los peatones.<\/li>\n<li>Funci\u00f3n de restablecimiento autom\u00e1tico: los brazos de las aletas se cerrar\u00e1n autom\u00e1ticamente dentro de los 5 segundos de forma predeterminada (se puede configurar) si un pasajero se demora en llegar.<\/li>\n<li>El torniquete de solapa permanecer\u00e1 en la cerradura si alguien quiere entrar sin pasar la tarjeta RFID.<\/li>\n<li>Un indicador direccional LED en el poste superior y frontal<\/li>\n<li>Funci\u00f3n anti-retroceso, el torniquete avisa si alguien quiere entrar en sentido inverso.<\/li>\n<li>El funcionamiento bidireccional o unidireccional son opciones<\/li>\n<\/ul>\n<p>Podemos proporcionar la soluci\u00f3n completa de control de acceso de seguridad. Si tiene su propio sistema de control de acceso, puede usar directamente nuestra puerta de torniquete. Si no tiene uno, tambi\u00e9n ofrecemos una soluci\u00f3n completa de control de acceso de seguridad. Consulte el video a continuaci\u00f3n para obtener m\u00e1s detalles.<\/p>\n<p><iframe title=\"Kapakl\u0131 bariyer turnikesi, Kapakl\u0131 bariyer kap\u0131s\u0131, Optik kapakl\u0131 turnike - MaersTurnstile\" src=\"https:\/\/www.youtube.com\/embed\/nK1a72Ax-jQ\" width=\"1150\" height=\"650\" frameborder=\"0\" allowfullscreen=\"allowfullscreen\"><\/iframe><\/p>\n","protected":false},"excerpt":{"rendered":"<p>1. Tama\u00f1o: 1200 * 300 * 980 mm (se puede personalizar)<\/p>\n<p>2. Ancho de carril: 550 mm (se puede personalizar)<\/p>\n<p>3. Velocidad de paso: 40 personas\/min.<\/p>\n<p>4. Fuente de alimentaci\u00f3n: 110 V\/220 V 50\/60 Hz<\/p>\n<p>5. Motor de conducci\u00f3n: 20 W<\/p>\n<p>6. Se\u00f1al de puerta abierta: contacto seco\/rel\u00e9<\/p>\n<p>7. Motor de conducci\u00f3n: DC24V<\/p>\n<p>8. Puertas de barrera abatibles Peso: 60 kg\/unidad<\/p>\n<p>9. Fiabilidad del mecanismo: 3 millones, sin culpa<\/p>\n<p><span style=\"color: #0000ff;\"><strong><a style=\"color: #0000ff;\" title=\"Torniquete de barrera con solapa certificado CE de Mairs\" href=\"http:\/\/mairsturnstile.com\/wp-content\/uploads\/2022\/09\/Mairs-CE-Certificate-Flap-Barrier-Turnstile.pdf\" target=\"_blank\" rel=\"noopener noreferrer\">Certificaci\u00f3n CE<\/a>, <a style=\"color: #0000ff;\" title=\"Certificado Mairs ISO9001\" href=\"http:\/\/mairsturnstile.com\/wp-content\/uploads\/2022\/09\/Mairs-Registration-Certificate-ISO9001.pdf\" target=\"_blank\" rel=\"noopener noreferrer\">Certificado ISO 9001.<\/a><\/strong><\/span><\/p>\n","protected":false},"featured_media":25921,"comment_status":"closed","ping_status":"closed","template":"","meta":{"neve_meta_sidebar":"","neve_meta_container":"","neve_meta_enable_content_width":"off","neve_meta_content_width":0,"neve_meta_title_alignment":"","neve_meta_author_avatar":"","neve_post_elements_order":"","neve_meta_disable_header":"","neve_meta_disable_footer":"","neve_meta_disable_title":"","_ti_tpc_template_sync":false,"_ti_tpc_template_id":""},"product_cat":[715,678],"product_tag":[732,725,733,1588,1587],"class_list":["post-9720","product","type-product","status-publish","has-post-thumbnail","hentry","product_cat-barrera-de-solapa","product_cat-puerta-de-torniquete","product_tag-precio-de-las-puertas-del-torniquete-sudafrica","product_tag-puerta-de-la-barrera-de-la-aleta","product_tag-puertas-de-torniquete-sudafrica","product_tag-sistema-de-barrera-de-solapa","product_tag-torniquete-de-la-barrera-de-la-aleta"],"_links":{"self":[{"href":"https:\/\/mairsturnstile.com\/es\/wp-json\/wp\/v2\/product\/9720","targetHints":{"allow":["GET"]}}],"collection":[{"href":"https:\/\/mairsturnstile.com\/es\/wp-json\/wp\/v2\/product"}],"about":[{"href":"https:\/\/mairsturnstile.com\/es\/wp-json\/wp\/v2\/types\/product"}],"replies":[{"embeddable":true,"href":"https:\/\/mairsturnstile.com\/es\/wp-json\/wp\/v2\/comments?post=9720"}],"version-history":[{"count":0,"href":"https:\/\/mairsturnstile.com\/es\/wp-json\/wp\/v2\/product\/9720\/revisions"}],"wp:featuredmedia":[{"embeddable":true,"href":"https:\/\/mairsturnstile.com\/es\/wp-json\/wp\/v2\/media\/25921"}],"wp:attachment":[{"href":"https:\/\/mairsturnstile.com\/es\/wp-json\/wp\/v2\/media?parent=9720"}],"wp:term":[{"taxonomy":"product_cat","embeddable":true,"href":"https:\/\/mairsturnstile.com\/es\/wp-json\/wp\/v2\/product_cat?post=9720"},{"taxonomy":"product_tag","embeddable":true,"href":"https:\/\/mairsturnstile.com\/es\/wp-json\/wp\/v2\/product_tag?post=9720"}],"curies":[{"name":"wp","href":"https:\/\/api.w.org\/{rel}","templated":true}]}}