{"id":9722,"date":"2020-09-13T00:02:12","date_gmt":"2020-09-12T16:02:12","guid":{"rendered":"https:\/\/mairsturnstile.com\/product\/nuevo-diseno-torniquete-de-acceso-a-la-barrera-flap-mt249"},"modified":"2023-11-01T19:55:05","modified_gmt":"2023-11-01T11:55:05","slug":"acceso-torniquete","status":"publish","type":"product","link":"https:\/\/mairsturnstile.com\/es\/producto\/acceso-torniquete","title":{"rendered":"NUEVO DISE\u00d1O TORNIQUETE DE ACCESO A LA BARRERA FLAP MT257"},"content":{"rendered":"        <!-- 3D Model html -->\r\n        <div class=\"bp_grand wrapper_22553\">   \r\n        <div class=\"bp_model_parent\">\r\n            <model-viewer class=\"model\" id=\"bp_model_id_22553\" src=\"http:\/\/mairsturnstile.com\/wp-content\/uploads\/2023\/06\/MT257.glb\" alt=\"MT257\" camera-controls  loading=\"auto\" auto-rotate                        >\r\n            <\/model-viewer>\r\n        \r\n            <!-- Button -->\r\n            <svg id=\"openBtn\" width=\"30px\" height=\"30px\" viewBox=\"0 0 16 16\" xmlns=\"http:\/\/www.w3.org\/2000\/svg\" fill=\"#f2f2f2\" class=\"bi bi-arrows-fullscreen model-icon\">\r\n                <path fill-rule=\"evenodd\" d=\"M5.828 10.172a.5.5 0 0 0-.707 0l-4.096 4.096V11.5a.5.5 0 0 0-1 0v3.975a.5.5 0 0 0 .5.5H4.5a.5.5 0 0 0 0-1H1.732l4.096-4.096a.5.5 0 0 0 0-.707zm4.344 0a.5.5 0 0 1 .707 0l4.096 4.096V11.5a.5.5 0 1 1 1 0v3.975a.5.5 0 0 1-.5.5H11.5a.5.5 0 0 1 0-1h2.768l-4.096-4.096a.5.5 0 0 1 0-.707zm0-4.344a.5.5 0 0 0 .707 0l4.096-4.096V4.5a.5.5 0 1 0 1 0V.525a.5.5 0 0 0-.5-.5H11.5a.5.5 0 0 0 0 1h2.768l-4.096 4.096a.5.5 0 0 0 0 .707zm-4.344 0a.5.5 0 0 1-.707 0L1.025 1.732V4.5a.5.5 0 0 1-1 0V.525a.5.5 0 0 1 .5-.5H4.5a.5.5 0 0 1 0 1H1.732l4.096 4.096a.5.5 0 0 1 0 .707z\"\/>\r\n            <\/svg>\r\n        \r\n            <svg id=\"closeBtn\" class=\"model-icon\" width=\"34px\" height=\"34px\" viewBox=\"0 0 24 24\" xmlns=\"http:\/\/www.w3.org\/2000\/svg\">\r\n                <path fill=\"none\" stroke=\"#f2f2f2\" stroke-width=\"2\" d=\"M7,7 L17,17 M7,17 L17,7\"\/>\r\n            <\/svg>\r\n        \r\n        <\/div>\r\n        <\/div> \r\n\r\n        <!-- Model Viewer Style -->\r\n        <style>\r\n            \r\n            .wrapper_22553 .bp_model_parent, #bp_model_id_22553 {\r\n                width: 1150px;\r\n                max-width: 100%;\r\n                                            }\r\n            #bp_model_id_22553 {\r\n                height:700px;\r\n                background-color: #f2f2f2;\r\n            }\r\n            .fullscreen #bp_model_id_22553{\r\n            height: 100%;\r\n            width: 100%;\r\n            }\r\n            .wrapper_22553 .bp_model_parent{\r\n                justify-content: start            }\r\n            model-viewer.model {\r\n                --poster-color: transparent;\r\n            }\r\n        <\/style>\r\n        \r\n        \n<h4>El torniquete de barrera con aleta de torniquete de acceso MT249 tiene una garant\u00eda de 2 a\u00f1os y soporte duradero de mantenimiento y reparaci\u00f3n.<\/h4>\n<p>Podemos proporcionar servicios de OEM y ODM. Contamos con dise\u00f1adores experimentados que pueden completar una personalizaci\u00f3n profunda de acuerdo con cualquiera de sus necesidades. Proporcionaremos una serie de materiales como representaciones 3D, dibujos dimensionales, etc. tan pronto como sea posible. Tambi\u00e9n proporcionamos dispositivos biom\u00e9tricos, como lectores de tarjetas IC\/ID, esc\u00e1neres de huellas dactilares, esc\u00e1neres de c\u00f3digos QR, c\u00e1maras de reconocimiento facial, etc. <span style=\"font-style: inherit; font-weight: inherit;\">304 puertas autom\u00e1ticas de la barrera de la aleta del torniquete del acero inoxidable para el sistema de control de acceso.<\/span><\/p>\n<p><strong>Un torniquete de acceso es un tipo de equipo de gesti\u00f3n de control de acceso de seguridad que se utiliza en varias entradas y salidas. Combinado con varios dispositivos biom\u00e9tricos, puede realizar de manera efectiva el control y la gesti\u00f3n de todo tipo de acceso.<\/strong> El torniquete de acceso puede seleccionar varios tipos de torniquetes seg\u00fan la situaci\u00f3n real de acceso. Por ejemplo, para el acceso en la oficina, puede elegir el <a href=\"https:\/\/mairsturnstile.com\/what-is-flap-barrier.html\">torniquete de barrera de solapa<\/a> o las <a href=\"https:\/\/mairsturnstile.com\/speed-gate-turnstile.html\">puertas r\u00e1pidas<\/a>. Para acceder al exterior, puede elegir un <a href=\"https:\/\/mairsturnstile.com\/product\/outdoor-turnstile\">torniquete de exterior<\/a>. Para los accesos con requisitos de rendimiento de alta seguridad, puede elegir <a href=\"https:\/\/mairsturnstile.com\/full-height-turnstiles.html\">torniquetes de altura completa<\/a>.<\/p>\n<p>Si este torniquete de control de acceso no es lo que necesita, puede hacer clic en nuestra p\u00e1gina de <a href=\"https:\/\/mairsturnstile.com\/category\/security-turnstiles\">torniquetes de seguridad<\/a> para seleccionar m\u00e1s estilos de torniquetes de acceso. Por supuesto, tenemos m\u00e1s y mejores torniquetes de control de acceso, que sin duda pueden satisfacer sus necesidades. Tambi\u00e9n podemos personalizar las puertas de torniquete para peatones con tama\u00f1os y apariencias especiales de acuerdo con sus necesidades reales.<\/p>\n<p>El torniquete de acceso tambi\u00e9n se puede personalizar de acuerdo con la situaci\u00f3n real y el ancho del canal de su sitio. Si el canal de su sitio necesita un torniquete de control de acceso personalizado tan especial, o si no sabe c\u00f3mo elegir un torniquete de control de acceso, no dude en <a href=\"https:\/\/mairsturnstile.com\/contact\">contactarnos<\/a> y le proporcionaremos el torniquete de control de acceso de alta calidad y el La soluci\u00f3n de torniquete de seguridad m\u00e1s adecuada para ahorrar costos.<\/p>\n<p>El TORNIQUETE DE ACCESO A LA PUERTA DE BARRERA FLAP est\u00e1 dise\u00f1ado para su uso en aplicaciones con un alto volumen de tr\u00e1fico de peatones que requieren un acceso r\u00e1pido. La seguridad es siempre la prioridad sin importar en qu\u00e9 situaci\u00f3n. El torniquete de <a href=\"https:\/\/mairsturnstile.com\/what-is-flap-barrier.html\">barrera de aletas<\/a> es una puerta totalmente autom\u00e1tica. El movimiento del personal es monitoreado por m\u00faltiples sensores de seguridad integrados dentro de la carcasa. La fuerza de cierre de la tapa est\u00e1 controlada por el sensor antipinzamiento que evita lesiones a los peatones. Mairs ofrece las mejores puertas de barrera con solapa de torniquete de acceso.<\/p>\n<p>Tambi\u00e9n podemos crear una representaci\u00f3n para usted en unos minutos en funci\u00f3n de su escenario real. Tambi\u00e9n proporcionamos dise\u00f1os y planos detallados, as\u00ed como planos de instalaci\u00f3n.<\/p>\n\n        \t\n\t<style type=\"text\/css\">\n\t\t.slider-info-22567.bafg-slider-info .bafg-slider-title {\n\t\t\t\t\t\tfont-size: 22px;\n\t\t\t\t\t\t\n\t\t\t\n\t\t\t\t\t}\n\n\t\t.slider-info-22567.bafg-slider-info .bafg-slider-description {\n\t\t\t\n\t\t\t\n\t\t\t\t\t}\n\n\t\t.slider-info-22567.bafg-slider-info .bafg_slider_readmore_button {\n\t\t\t\n\t\t\t\n\t\t\t\n\t\t\t\n\t\t\t\n\t\t\ttext-align: center;\n\n\t\t\t\n\t\t\t\n\t\t\t\n\t\t\t\n\t\t\t\n\t\t\t\n\t\t\t\t\t}\n\n\t\t.slider-info-22567.bafg-slider-info .bafg_slider_readmore_button:hover {\n\n\t\t\t\n\t\t\t\n\t\t\t\t\t}\n\n\t<\/style>\n\t\n        <div class=\"bafg-twentytwenty-container slider-22567 \" bafg-orientation=\"horizontal\" bafg-default-offset=\"0.5\" bafg-before-label=\"Before\" bafg-after-label=\"After\" bafg-overlay=\"yes\" bafg-move-slider-on-hover=\"yes\" bafg-click-to-move=\"no\">\n              \n            <img decoding=\"async\" class=\"skip-lazy\" src=\"http:\/\/mairsturnstile.com\/wp-content\/uploads\/2023\/06\/access-turnstile_4.jpg\" alt=\"\" data-skip-lazy title=\"\">\n            <img decoding=\"async\" class=\"skip-lazy\" src=\"http:\/\/mairsturnstile.com\/wp-content\/uploads\/2023\/06\/access-turnstile_5.jpg\" alt=\"\" data-skip-lazy title=\"\">\n           \n        <\/div>\n\n        \t<div class=\"bafg-slider-info-wraper\">\n\t\t<div style=\"\" class=\"slider-info-22567 bafg-slider-info\">\n\t\t\t\t\t<\/div>\n\t<\/div>\n\t\n        <style type=\"text\/css\">\n            \n        <\/style>\n        \n<ul>\n<li>Se construye un torniquete de acceso a la puerta Flap Barrier para controlar a las personas que ingresan o salen del \u00e1rea restringida. Por lo general, se usa en lugares con alto flujo de tr\u00e1fico de peatones en ambas direcciones.<\/li>\n<li>La carcasa de la barrera con solapa est\u00e1 hecha de acero inoxidable 304 cepillado, lo que crea un sistema de entrada agradable y sin costuras que se integra en la mayor\u00eda de los ambientes interiores.<\/li>\n<li>Se puede integrar con todos los sistemas de control de acceso de terceros (por ejemplo Sistema de acceso RFID, Pulsar el bot\u00f3n, Reconocimiento de <a href=\"https:\/\/en.wikipedia.org\/wiki\/Fingerprint\" target=\"_blank\" rel=\"noopener\">huellas dactilares<\/a> y facial con control de temperatura).<\/li>\n<li>En caso de emergencia, el brazo FlapTurnstile se abrir\u00e1 autom\u00e1ticamente conectando con la bater\u00eda o el condensador para permitir el paso libre.<\/li>\n<li>El torniquete de acceso a la puerta de barrera de solapa es adecuado para soluciones de entrada lujosas y elegantes.<\/li>\n<li>El torniquete de acceso a la barrera de aleta se caracteriza por su alta velocidad, larga vida \u00fatil, alto rendimiento y alta confiabilidad de operaci\u00f3n<\/li>\n<li>Funci\u00f3n de alarma, en caso de intrusi\u00f3n ilegal e intrusi\u00f3n inversa.<\/li>\n<li>El sensor de infrarrojos emitir\u00e1 una alarma y la luz LED parpadear\u00e1 para evitar pellizcar a los peatones.<\/li>\n<li>Funci\u00f3n de restablecimiento autom\u00e1tico: los brazos de las aletas se cerrar\u00e1n autom\u00e1ticamente dentro de los 5 segundos de forma predeterminada (se puede configurar) si un pasajero se demora en llegar.<\/li>\n<li>El torniquete de solapa permanecer\u00e1 en la cerradura si alguien quiere entrar sin pasar la tarjeta RFID.<\/li>\n<li>El indicador direccional LED en los postes superior y frontal.<\/li>\n<li>Proveedor de puertas de torniquete en los Emiratos \u00c1rabes Unidos.<\/li>\n<li>Funci\u00f3n anti-retroceso, el torniquete avisa si alguien quiere entrar en sentido inverso.<\/li>\n<li>El funcionamiento bidireccional o unidireccional son opciones<\/li>\n<\/ul>\n<p>Podemos proporcionar la soluci\u00f3n completa de control de acceso de seguridad. Si tiene su propio sistema de control de acceso, puede usar directamente nuestra puerta de torniquete. Si no tiene uno, tambi\u00e9n ofrecemos una soluci\u00f3n completa de control de acceso de seguridad. Consulte el video a continuaci\u00f3n para obtener m\u00e1s detalles.<\/p>\n<p><iframe title=\"Kapakl\u0131 bariyer turnikesi, Kapakl\u0131 bariyer kap\u0131s\u0131, Optik kapakl\u0131 turnike - MaersTurnstile\" src=\"https:\/\/www.youtube.com\/embed\/nK1a72Ax-jQ\" width=\"1150\" height=\"650\" frameborder=\"0\" allowfullscreen=\"allowfullscreen\"><\/iframe><\/p>\n","protected":false},"excerpt":{"rendered":"<p>1. Tama\u00f1o: 1400 * 300 * 980 mm (se puede personalizar)<\/p>\n<p>2. Ancho de carril: 550 mm (se puede personalizar)<\/p>\n<p>3. Velocidad de paso: 40 personas\/min.<\/p>\n<p>4. Fuente de alimentaci\u00f3n: 110 V\/220 V 50\/60 Hz<\/p>\n<p>5. Motor de conducci\u00f3n: 20 W<\/p>\n<p>6. Se\u00f1al de puerta abierta: contacto seco\/rel\u00e9<\/p>\n<p>7. Motor de conducci\u00f3n: DC24V<\/p>\n<p>8. Peso: 70 kg\/unidad<\/p>\n<p>9. Material del brazo de la aleta: Acr\u00edlico<\/p>\n<p>10. Material de la carcasa: acero inoxidable 304<\/p>\n","protected":false},"featured_media":21879,"comment_status":"closed","ping_status":"closed","template":"","meta":{"neve_meta_sidebar":"","neve_meta_container":"","neve_meta_enable_content_width":"off","neve_meta_content_width":0,"neve_meta_title_alignment":"","neve_meta_author_avatar":"","neve_post_elements_order":"","neve_meta_disable_header":"","neve_meta_disable_footer":"","neve_meta_disable_title":"","_ti_tpc_template_sync":false,"_ti_tpc_template_id":""},"product_cat":[715,678],"product_tag":[1619,1630,1657,736,737],"class_list":["post-9722","product","type-product","status-publish","has-post-thumbnail","hentry","product_cat-barrera-de-solapa","product_cat-puerta-de-torniquete","product_tag-barrera-de-torniquetes","product_tag-puerta-del-torniquete-de-la-barrera-de-la-aleta","product_tag-soluciones-de-seguridad-de-torniquetes","product_tag-torniquete-de-acceso","product_tag-torniquete-de-control-de-acceso"],"_links":{"self":[{"href":"https:\/\/mairsturnstile.com\/es\/wp-json\/wp\/v2\/product\/9722","targetHints":{"allow":["GET"]}}],"collection":[{"href":"https:\/\/mairsturnstile.com\/es\/wp-json\/wp\/v2\/product"}],"about":[{"href":"https:\/\/mairsturnstile.com\/es\/wp-json\/wp\/v2\/types\/product"}],"replies":[{"embeddable":true,"href":"https:\/\/mairsturnstile.com\/es\/wp-json\/wp\/v2\/comments?post=9722"}],"version-history":[{"count":0,"href":"https:\/\/mairsturnstile.com\/es\/wp-json\/wp\/v2\/product\/9722\/revisions"}],"wp:featuredmedia":[{"embeddable":true,"href":"https:\/\/mairsturnstile.com\/es\/wp-json\/wp\/v2\/media\/21879"}],"wp:attachment":[{"href":"https:\/\/mairsturnstile.com\/es\/wp-json\/wp\/v2\/media?parent=9722"}],"wp:term":[{"taxonomy":"product_cat","embeddable":true,"href":"https:\/\/mairsturnstile.com\/es\/wp-json\/wp\/v2\/product_cat?post=9722"},{"taxonomy":"product_tag","embeddable":true,"href":"https:\/\/mairsturnstile.com\/es\/wp-json\/wp\/v2\/product_tag?post=9722"}],"curies":[{"name":"wp","href":"https:\/\/api.w.org\/{rel}","templated":true}]}}