{"id":9729,"date":"2022-05-12T18:22:10","date_gmt":"2022-05-12T10:22:10","guid":{"rendered":"https:\/\/mairsturnstile.com\/product\/torniquete-automatico-led-torniquete-tripode-automatico-mt124"},"modified":"2024-04-30T17:14:54","modified_gmt":"2024-04-30T09:14:54","slug":"torniquete-automatico","status":"publish","type":"product","link":"https:\/\/mairsturnstile.com\/es\/producto\/torniquete-automatico","title":{"rendered":"Torniquete autom\u00e1tico LED Torniquete tr\u00edpode autom\u00e1tico MT124"},"content":{"rendered":"        <!-- 3D Model html -->\r\n        <div class=\"bp_grand wrapper_20727\">   \r\n        <div class=\"bp_model_parent\">\r\n            <model-viewer class=\"model\" id=\"bp_model_id_20727\" src=\"http:\/\/mairsturnstile.com\/wp-content\/uploads\/2023\/06\/MT124.glb\" alt=\"MT124\" camera-controls  loading=\"auto\" auto-rotate                        >\r\n            <\/model-viewer>\r\n        \r\n            <!-- Button -->\r\n            <svg id=\"openBtn\" width=\"30px\" height=\"30px\" viewBox=\"0 0 16 16\" xmlns=\"http:\/\/www.w3.org\/2000\/svg\" fill=\"#f2f2f2\" class=\"bi bi-arrows-fullscreen model-icon\">\r\n                <path fill-rule=\"evenodd\" d=\"M5.828 10.172a.5.5 0 0 0-.707 0l-4.096 4.096V11.5a.5.5 0 0 0-1 0v3.975a.5.5 0 0 0 .5.5H4.5a.5.5 0 0 0 0-1H1.732l4.096-4.096a.5.5 0 0 0 0-.707zm4.344 0a.5.5 0 0 1 .707 0l4.096 4.096V11.5a.5.5 0 1 1 1 0v3.975a.5.5 0 0 1-.5.5H11.5a.5.5 0 0 1 0-1h2.768l-4.096-4.096a.5.5 0 0 1 0-.707zm0-4.344a.5.5 0 0 0 .707 0l4.096-4.096V4.5a.5.5 0 1 0 1 0V.525a.5.5 0 0 0-.5-.5H11.5a.5.5 0 0 0 0 1h2.768l-4.096 4.096a.5.5 0 0 0 0 .707zm-4.344 0a.5.5 0 0 1-.707 0L1.025 1.732V4.5a.5.5 0 0 1-1 0V.525a.5.5 0 0 1 .5-.5H4.5a.5.5 0 0 1 0 1H1.732l4.096 4.096a.5.5 0 0 1 0 .707z\"\/>\r\n            <\/svg>\r\n        \r\n            <svg id=\"closeBtn\" class=\"model-icon\" width=\"34px\" height=\"34px\" viewBox=\"0 0 24 24\" xmlns=\"http:\/\/www.w3.org\/2000\/svg\">\r\n                <path fill=\"none\" stroke=\"#f2f2f2\" stroke-width=\"2\" d=\"M7,7 L17,17 M7,17 L17,7\"\/>\r\n            <\/svg>\r\n        \r\n        <\/div>\r\n        <\/div> \r\n\r\n        <!-- Model Viewer Style -->\r\n        <style>\r\n            \r\n            .wrapper_20727 .bp_model_parent, #bp_model_id_20727 {\r\n                width: 1150px;\r\n                max-width: 100%;\r\n                                            }\r\n            #bp_model_id_20727 {\r\n                height:700px;\r\n                background-color: #f2f2f2;\r\n            }\r\n            .fullscreen #bp_model_id_20727{\r\n            height: 100%;\r\n            width: 100%;\r\n            }\r\n            .wrapper_20727 .bp_model_parent{\r\n                justify-content: start            }\r\n            model-viewer.model {\r\n                --poster-color: transparent;\r\n            }\r\n        <\/style>\r\n        \r\n        \n<h4>Torniquete autom\u00e1tico LED El torniquete de tr\u00edpode autom\u00e1tico MT124 tiene una garant\u00eda de 2 a\u00f1os y soporte duradero de mantenimiento y reparaci\u00f3n.<\/h4>\n<p>Podemos proporcionar servicios de OEM y ODM. Contamos con dise\u00f1adores experimentados que pueden completar una personalizaci\u00f3n profunda de acuerdo con cualquiera de sus necesidades. Proporcionaremos una serie de materiales como representaciones 3D, dibujos dimensionales, etc. tan pronto como sea posible. Tambi\u00e9n proporcionamos dispositivos biom\u00e9tricos, como lectores de tarjetas IC\/ID, esc\u00e1neres de huellas dactilares, esc\u00e1neres de c\u00f3digos QR, c\u00e1maras de reconocimiento facial, etc. Si necesita integrar estos dispositivos en la puerta giratoria de altura completa o tiene alguna pregunta, <a href=\"https:\/\/mairsturnstile.com\/contact\">p\u00f3ngase en contacto con nosotros<\/a><\/p>\n<p><strong><b>Autom\u00e1tica<\/b><\/strong><strong><b> <\/b><\/strong><strong><b>El torniquete es un tipo de <\/b><\/strong><strong><b>peatonal <\/b><\/strong><strong><b>de peatones equipado con un mecanismo de torniquete <\/b><\/strong><a href=\"https:\/\/mairsturnstile.com\/turnstile-mechanism.html\"><u>mecanismo de torniquete<\/u><\/a><strong><b>, en el que todas las operaciones de la m\u00e1quina torniquete se completan con el motor sin escobillas. La autom\u00e1tica<\/b><\/strong><strong><b> <\/b><\/strong><strong><b>La puerta del torniquete se puede autoverificar autom\u00e1ticamente cuando se enciende. En el modo de prueba de envejecimiento, tambi\u00e9n se abrir\u00e1 y cerrar\u00e1 autom\u00e1ticamente. En modo tarjeta, una vez que haya una se\u00f1al de apertura, se abrir\u00e1 a 15 grados y empujar\u00e1 ligeramente el brazo, y las puertas se abrir\u00e1n completamente autom\u00e1ticamente.<\/b><\/strong><\/p>\n<p>Se trata de un torniquete autom\u00e1tico con tr\u00edpode, si desea conocer m\u00e1s detalles sobre el torniquete autom\u00e1tico con tr\u00edpode, consulte nuestro art\u00edculo: <a href=\"https:\/\/mairsturnstile.com\/tripod-turnstile.html\">\u00bfqu\u00e9 es el torniquete con tr\u00edpode<\/a>? En la actualidad, la mayor\u00eda de las puertas de torniquetes de tr\u00edpode en el mercado son torniquetes de tr\u00edpode semiautom\u00e1ticos. Si necesita puertas de torniquete de tr\u00edpode completamente autom\u00e1ticas, cont\u00e1ctenos. Tambi\u00e9n podemos personalizar el torniquete de tr\u00edpode totalmente autom\u00e1tico de acuerdo con sus necesidades reales. El siguiente es un video de nuestro torniquete de tr\u00edpode totalmente autom\u00e1tico hecho a medida. Compru\u00e9belo por favor.<\/p>\n<p>Tambi\u00e9n conocida como puerta torniquete tr\u00edpode el\u00e9ctrica, est\u00e1 equipada con un motor. Todo el funcionamiento de la puerta del torniquete autom\u00e1tico es accionado por el motor. Al mismo tiempo, el motor impulsa la barra de bloqueo para que gire durante el encendido, para realizar el encendido autom\u00e1tico, lo cual es muy conveniente de usar.<\/p>\n<p>Torniquete autom\u00e1tico El torniquete tr\u00edpode ofrece un m\u00e9todo confiable y eficiente para garantizar que solo los usuarios autorizados tengan acceso a cada \u00e1rea de un edificio. Este <strong>torniquete de tr\u00edpode<\/strong> autom\u00e1tico es altamente eficiente y es f\u00e1cil de manejar con tr\u00e1fico de alto volumen y condiciones terribles. Torniquete de puertas de seguridad de tr\u00edpode con la mejor calidad a un precio econ\u00f3mico.<\/p>\n<p>Tambi\u00e9n podemos crear una representaci\u00f3n para usted en unos minutos en funci\u00f3n de su escenario real. Tambi\u00e9n proporcionamos dise\u00f1os y planos detallados, as\u00ed como planos de instalaci\u00f3n.<\/p>\n\n        \t\n\t<style type=\"text\/css\">\n\t\t.slider-info-20752.bafg-slider-info .bafg-slider-title {\n\t\t\t\t\t\tfont-size: 22px;\n\t\t\t\t\t\t\n\t\t\t\n\t\t\t\t\t}\n\n\t\t.slider-info-20752.bafg-slider-info .bafg-slider-description {\n\t\t\t\n\t\t\t\n\t\t\t\t\t}\n\n\t\t.slider-info-20752.bafg-slider-info .bafg_slider_readmore_button {\n\t\t\t\n\t\t\t\n\t\t\t\n\t\t\t\n\t\t\t\n\t\t\ttext-align: center;\n\n\t\t\t\n\t\t\t\n\t\t\t\n\t\t\t\n\t\t\t\n\t\t\t\n\t\t\t\t\t}\n\n\t\t.slider-info-20752.bafg-slider-info .bafg_slider_readmore_button:hover {\n\n\t\t\t\n\t\t\t\n\t\t\t\t\t}\n\n\t<\/style>\n\t\n        <div class=\"bafg-twentytwenty-container slider-20752 \" bafg-orientation=\"horizontal\" bafg-default-offset=\"0.5\" bafg-before-label=\"Before\" bafg-after-label=\"After\" bafg-overlay=\"yes\" bafg-move-slider-on-hover=\"yes\" bafg-click-to-move=\"no\">\n              \n            <img decoding=\"async\" class=\"skip-lazy\" src=\"http:\/\/mairsturnstile.com\/wp-content\/uploads\/2023\/06\/automatic-turnstile_4.jpg\" alt=\"\" data-skip-lazy title=\"\">\n            <img decoding=\"async\" class=\"skip-lazy\" src=\"http:\/\/mairsturnstile.com\/wp-content\/uploads\/2023\/06\/automatic-turnstile_5.jpg\" alt=\"\" data-skip-lazy title=\"\">\n           \n        <\/div>\n\n        \t<div class=\"bafg-slider-info-wraper\">\n\t\t<div style=\"\" class=\"slider-info-20752 bafg-slider-info\">\n\t\t\t\t\t<\/div>\n\t<\/div>\n\t\n        <style type=\"text\/css\">\n            \n        <\/style>\n        \n<ul>\n<li>Un torniquete autom\u00e1tico es una soluci\u00f3n de entrada compacta y rentable.<\/li>\n<li>El torniquete para puertas de seguridad con tr\u00edpode tiene una carcasa <a href=\"https:\/\/en.wikipedia.org\/wiki\/Stainless_steel\" target=\"_blank\" rel=\"noopener\">de acero inoxidable<\/a> 304 totalmente impermeable, que es resistente a la oxidaci\u00f3n, s\u00f3lida y duradera.<\/li>\n<li>Los torniquetes autom\u00e1ticos se pueden montar tanto en interiores como en exteriores. La tasa de IP es 54<\/li>\n<li>Tiene una salida de rel\u00e9 est\u00e1ndar internacional, que se puede integrar f\u00e1cilmente con todo tipo de sistemas de control de acceso de terceros (es decir, RFID, huellas dactilares, reconocimiento facial, c\u00f3digo de barras, term\u00f3metro IR).<\/li>\n<li>Las puertas de seguridad tr\u00edpodes son semiautom\u00e1ticas. Deber\u00e1 empujar el brazo ligeramente para abrir la puerta cuando se le conceda el acceso.<\/li>\n<li>El dise\u00f1o razonable y el alto rendimiento garantizan que las puertas se puedan mover de forma r\u00e1pida y precisa, estable y silenciosa; Con bajo consumo de energ\u00eda, conservaci\u00f3n de energ\u00eda y protecci\u00f3n del medio ambiente.<\/li>\n<li>Mecanismo de molde duradero, resistente a la corrosi\u00f3n y de servicio pesado para una vida \u00fatil prolongada<\/li>\n<li>El mecanismo es el dise\u00f1o del molde. Todos los componentes son precisos. Hace que el sistema de puerta funcione sin problemas, con poco ruido. Se puede a\u00f1adir un amortiguador hidr\u00e1ulico.<\/li>\n<li>El dise\u00f1o del torniquete tr\u00edpode hace que solo pase una persona a la vez.<\/li>\n<li>Unidireccional o bidireccional es una opci\u00f3n.<\/li>\n<li>Luz indicadora direccional LED en la parte superior<\/li>\n<li>Funci\u00f3n de reloj autom\u00e1tico: si se recibe una se\u00f1al de apertura, pero el visitante no pasa por la puerta dentro de un tiempo espec\u00edfico (predeterminado 5 s), el brazo del torniquete se bloquear\u00e1 autom\u00e1ticamente.<\/li>\n<li>Longitud del brazo: 510 mm<\/li>\n<li>La direcci\u00f3n de rotaci\u00f3n: Bidireccional \/ Unidireccional<\/li>\n<li>Emergencia: El brazo cae autom\u00e1ticamente cuando se corta la electricidad.<\/li>\n<li>Voltaje operativo: CC 24 V \u00b1 5 %<\/li>\n<li>El voltaje de la luz indicadora: DC12V \u00b1 5% (est\u00e1ndar)<\/li>\n<li>Temperatura de trabajo: -30 \u2103 ~ 60 \u2103<\/li>\n<li>Humedad: 5%~90%<\/li>\n<li>Impermeable: IP43<\/li>\n<li>Fiabilidad del mecanismo: 3 millones, sin culpa<\/li>\n<li>V\u00e1lvula solenoide: DC24V \u00b15%<\/li>\n<li>Autocomprobaci\u00f3n autom\u00e1tica una vez encendida<\/li>\n<li>Caracter\u00edstica: lector IC\/ID, lector de c\u00f3digo de barras, reconocimiento facial, huella digital, otros equipos de control de acceso, UPS, etc.<\/li>\n<li>El tiempo necesario para la apertura: 0,2 s<\/li>\n<li>Ambiente de trabajo: Interior<\/li>\n<li>Rango de aplicaci\u00f3n: comunidad, f\u00e1brica, sitio de construcci\u00f3n, escuela, lugar del resort, etc.<\/li>\n<li>Cuando la energ\u00eda est\u00e1 apagada, los brazos del torniquete del tr\u00edpode bajar\u00e1n autom\u00e1ticamente para permitir el paso libre, lo que cumple con los requisitos de seguridad contra incendios.<\/li>\n<\/ul>\n<p><iframe title=\"Torniquete autom\u00e1tico, Torniquete tr\u00edpode autom\u00e1tico, Torniquete totalmente autom\u00e1tico - MairsTurnstile\" src=\"https:\/\/www.youtube.com\/embed\/bGvTqKlYJV4\" width=\"1150\" height=\"650\" frameborder=\"0\" allowfullscreen=\"allowfullscreen\"><\/iframe><\/p>\n","protected":false},"excerpt":{"rendered":"<p>1. Tama\u00f1o: 1400*270*980 mm (se puede personalizar)<\/p>\n<p>2. Ancho de carril: 550 mm<\/p>\n<p>3. Velocidad de paso: 35 personas\/min.<\/p>\n<p>4. Fuente de alimentaci\u00f3n: 110V\/220V 50\/60Hz<\/p>\n<p>5. Peso: 35 kg<\/p>\n<p>6. Entrada: contacto seco\/rel\u00e9<\/p>\n<p>7. Mecanismo de motor sin escobillas<\/p>\n<p>8. Material de la carcasa: acero inoxidable 304<\/p>\n<p>9. Manera de la operaci\u00f3n: auto-autom\u00e1tico<\/p>\n<p><strong><a title=\"Torniquete de tr\u00edpode certificado CE de Mairs\" href=\"http:\/\/mairsturnstile.com\/wp-content\/uploads\/2022\/09\/Mairs-CE-Certificate-Tripod-Turnstile.pdf\" target=\"_blank\" rel=\"noopener noreferrer\">Certificaci\u00f3n CE<\/a>, <a title=\"Certificado Mairs ISO9001\" href=\"http:\/\/mairsturnstile.com\/wp-content\/uploads\/2022\/09\/Mairs-Registration-Certificate-ISO9001.pdf\" target=\"_blank\" rel=\"noopener noreferrer\">Certificado ISO 9001.<\/a><\/strong><\/p>\n<p><a title=\"Folleto del torniquete autom\u00e1tico Tripod\" href=\"http:\/\/mairsturnstile.com\/wp-content\/uploads\/2023\/12\/MT124-brochure.pdf\" target=\"_blank\" rel=\"noopener noreferrer\"><img decoding=\"async\" class=\"alignnone size-full wp-image-11034\" src=\"http:\/\/mairsturnstile.com\/wp-content\/uploads\/2022\/09\/pdf-MairsTurnstile.png\" alt=\"\" width=\"32\" height=\"32\"><span style=\"color: #0000ff;\"><strong>Folleto del torniquete autom\u00e1tico tr\u00edpode MT124<\/strong><\/span><\/a><\/p>\n","protected":false},"featured_media":20129,"comment_status":"closed","ping_status":"closed","template":"","meta":{"neve_meta_sidebar":"","neve_meta_container":"","neve_meta_enable_content_width":"off","neve_meta_content_width":0,"neve_meta_title_alignment":"","neve_meta_author_avatar":"","neve_post_elements_order":"","neve_meta_disable_header":"","neve_meta_disable_footer":"","neve_meta_disable_title":"","_ti_tpc_template_sync":false,"_ti_tpc_template_id":""},"product_cat":[678,748],"product_tag":[749,729,751,1676],"class_list":["post-9729","product","type-product","status-publish","has-post-thumbnail","hentry","product_cat-puerta-de-torniquete","product_cat-torniquete-tripode","product_tag-puerta-automatica-del-torniquete","product_tag-torniquete-automatico","product_tag-torniquete-tripode","product_tag-torniquete-tripode-automatico"],"_links":{"self":[{"href":"https:\/\/mairsturnstile.com\/es\/wp-json\/wp\/v2\/product\/9729","targetHints":{"allow":["GET"]}}],"collection":[{"href":"https:\/\/mairsturnstile.com\/es\/wp-json\/wp\/v2\/product"}],"about":[{"href":"https:\/\/mairsturnstile.com\/es\/wp-json\/wp\/v2\/types\/product"}],"replies":[{"embeddable":true,"href":"https:\/\/mairsturnstile.com\/es\/wp-json\/wp\/v2\/comments?post=9729"}],"version-history":[{"count":0,"href":"https:\/\/mairsturnstile.com\/es\/wp-json\/wp\/v2\/product\/9729\/revisions"}],"wp:featuredmedia":[{"embeddable":true,"href":"https:\/\/mairsturnstile.com\/es\/wp-json\/wp\/v2\/media\/20129"}],"wp:attachment":[{"href":"https:\/\/mairsturnstile.com\/es\/wp-json\/wp\/v2\/media?parent=9729"}],"wp:term":[{"taxonomy":"product_cat","embeddable":true,"href":"https:\/\/mairsturnstile.com\/es\/wp-json\/wp\/v2\/product_cat?post=9729"},{"taxonomy":"product_tag","embeddable":true,"href":"https:\/\/mairsturnstile.com\/es\/wp-json\/wp\/v2\/product_tag?post=9729"}],"curies":[{"name":"wp","href":"https:\/\/api.w.org\/{rel}","templated":true}]}}