{"id":9733,"date":"2021-11-25T18:23:24","date_gmt":"2021-11-25T10:23:24","guid":{"rendered":"https:\/\/mairsturnstile.com\/product\/torniquetes-de-cintura-alta-torniquetes-de-tripode-mt125"},"modified":"2024-04-30T17:33:22","modified_gmt":"2024-04-30T09:33:22","slug":"torniquetes-a-la-altura-de-la-cintura","status":"publish","type":"product","link":"https:\/\/mairsturnstile.com\/es\/producto\/torniquetes-a-la-altura-de-la-cintura","title":{"rendered":"Torniquetes de cintura alta Torniquetes de tr\u00edpode MT125"},"content":{"rendered":"        <!-- 3D Model html -->\r\n        <div class=\"bp_grand wrapper_20728\">   \r\n        <div class=\"bp_model_parent\">\r\n            <model-viewer class=\"model\" id=\"bp_model_id_20728\" src=\"http:\/\/mairsturnstile.com\/wp-content\/uploads\/2023\/06\/MT125.glb\" alt=\"MT125\" camera-controls  loading=\"auto\" auto-rotate                        >\r\n            <\/model-viewer>\r\n        \r\n            <!-- Button -->\r\n            <svg id=\"openBtn\" width=\"30px\" height=\"30px\" viewBox=\"0 0 16 16\" xmlns=\"http:\/\/www.w3.org\/2000\/svg\" fill=\"#f2f2f2\" class=\"bi bi-arrows-fullscreen model-icon\">\r\n                <path fill-rule=\"evenodd\" d=\"M5.828 10.172a.5.5 0 0 0-.707 0l-4.096 4.096V11.5a.5.5 0 0 0-1 0v3.975a.5.5 0 0 0 .5.5H4.5a.5.5 0 0 0 0-1H1.732l4.096-4.096a.5.5 0 0 0 0-.707zm4.344 0a.5.5 0 0 1 .707 0l4.096 4.096V11.5a.5.5 0 1 1 1 0v3.975a.5.5 0 0 1-.5.5H11.5a.5.5 0 0 1 0-1h2.768l-4.096-4.096a.5.5 0 0 1 0-.707zm0-4.344a.5.5 0 0 0 .707 0l4.096-4.096V4.5a.5.5 0 1 0 1 0V.525a.5.5 0 0 0-.5-.5H11.5a.5.5 0 0 0 0 1h2.768l-4.096 4.096a.5.5 0 0 0 0 .707zm-4.344 0a.5.5 0 0 1-.707 0L1.025 1.732V4.5a.5.5 0 0 1-1 0V.525a.5.5 0 0 1 .5-.5H4.5a.5.5 0 0 1 0 1H1.732l4.096 4.096a.5.5 0 0 1 0 .707z\"\/>\r\n            <\/svg>\r\n        \r\n            <svg id=\"closeBtn\" class=\"model-icon\" width=\"34px\" height=\"34px\" viewBox=\"0 0 24 24\" xmlns=\"http:\/\/www.w3.org\/2000\/svg\">\r\n                <path fill=\"none\" stroke=\"#f2f2f2\" stroke-width=\"2\" d=\"M7,7 L17,17 M7,17 L17,7\"\/>\r\n            <\/svg>\r\n        \r\n        <\/div>\r\n        <\/div> \r\n\r\n        <!-- Model Viewer Style -->\r\n        <style>\r\n            \r\n            .wrapper_20728 .bp_model_parent, #bp_model_id_20728 {\r\n                width: 1150px;\r\n                max-width: 100%;\r\n                                            }\r\n            #bp_model_id_20728 {\r\n                height:700px;\r\n                background-color: #f2f2f2;\r\n            }\r\n            .fullscreen #bp_model_id_20728{\r\n            height: 100%;\r\n            width: 100%;\r\n            }\r\n            .wrapper_20728 .bp_model_parent{\r\n                justify-content: start            }\r\n            model-viewer.model {\r\n                --poster-color: transparent;\r\n            }\r\n        <\/style>\r\n        \r\n        \n<h3>Los torniquetes de cintura alta MT125 cuentan con una garant\u00eda de 2 a\u00f1os y soporte duradero de mantenimiento y reparaci\u00f3n.<\/h3>\n<p>Podemos proporcionar servicios de OEM y ODM. Contamos con dise\u00f1adores experimentados que pueden completar una personalizaci\u00f3n profunda de acuerdo con cualquiera de sus necesidades. Proporcionaremos una serie de materiales como representaciones 3D, dibujos dimensionales, etc. tan pronto como sea posible. Tambi\u00e9n proporcionamos dispositivos biom\u00e9tricos, como lectores de tarjetas IC\/ID, esc\u00e1neres de huellas dactilares, esc\u00e1neres de c\u00f3digos QR, c\u00e1maras de reconocimiento facial, etc. Si necesita integrar estos dispositivos en la puerta giratoria de altura completa o tiene alguna pregunta, <a href=\"https:\/\/mairsturnstile.com\/contact\">p\u00f3ngase en contacto con nosotros<\/a><\/p>\n<p><strong>Los torniquetes a la altura de la cintura son una especie de puerta <a href=\"https:\/\/mairsturnstile.com\/product\/tripod-security-gate\">de torniquete de tr\u00edpode<\/a> para peatones, cuya altura alcanza la altura de la cintura de las personas normales. Tambi\u00e9n puede entender que es equivalente a la puerta del torniquete del tr\u00edpode. Tiene varias caracter\u00edsticas de una puerta de torniquete de tr\u00edpode. Los torniquetes de cintura alta est\u00e1n hechos de acero inoxidable 304 o 316, que es duradero y no se deforma f\u00e1cilmente. El bloqueo y la liberaci\u00f3n se logran por rotaci\u00f3n.<\/strong><\/p>\n<p>Si este torniquete a la altura de la cintura no es lo que necesita, puede hacer clic en nuestra p\u00e1gina de torniquetes de tr\u00edpode para seleccionar m\u00e1s estilos de un torniquete a la altura de la cintura. Por supuesto, tenemos m\u00e1s torniquetes a la altura de la cintura y m\u00e1s atractivos, que sin duda pueden satisfacer sus necesidades. Tambi\u00e9n podemos personalizar productos con tama\u00f1os y apariencias especiales seg\u00fan sus necesidades reales.<\/p>\n<p>Los torniquetes de cintura alta tambi\u00e9n se pueden personalizar de acuerdo con la situaci\u00f3n real y el ancho del canal de su sitio. Si el canal de su sitio necesita un torniquete a la altura de la cintura personalizado tan especial, o si no sabe c\u00f3mo elegir un torniquete a la altura de la cintura, no dude en ponerse en contacto con nosotros y le proporcionaremos el torniquete de cintura de alta calidad. torniquete alto y la soluci\u00f3n de torniquete de seguridad m\u00e1s adecuada para ahorrar costos.<\/p>\n<p>Los torniquetes a la altura de la cintura se pueden combinar con tarjetas inteligentes, huellas dactilares, c\u00f3digos de barras y otros equipos del sistema de identificaci\u00f3n para formar un sistema de control de acceso inteligente; Se combina con una computadora, control de acceso, asistencia, administraci\u00f3n de cargos, sistema de boletos y otro software para formar un sistema inteligente de administraci\u00f3n de control de acceso, que puede realizar las funciones de control de acceso, asistencia, consumo, venta de boletos, restricci\u00f3n actual, etc. en.<\/p>\n<p>Por supuesto, los torniquetes a la altura de la cintura corresponden al <a href=\"https:\/\/mairsturnstile.com\/full-height-turnstiles.html\">torniquete de altura completa<\/a>, que se refiere principalmente a la altura de la puerta del torniquete peatonal. En general, un torniquete a la altura de la cintura se usa a menudo para la administraci\u00f3n de la propiedad comunitaria, y una puerta de torniquete de altura completa a menudo se usa para sitios de construcci\u00f3n, prisiones, empresas, instituciones, estaciones de tren, estaciones de autobuses, aeropuertos y otros lugares con requisitos de alta seguridad. ocasiones.<\/p>\n<p>La forma de los torniquetes a la altura de la cintura est\u00e1 hecha de una placa de <a class=\"rank-math-link\" href=\"https:\/\/en.wikipedia.org\/wiki\/Stainless_steel\" target=\"_blank\" rel=\"noopener noreferrer\">acero<\/a> inoxidable 304, que es hermosa y generosa, a prueba de \u00f3xido y duradera, y puede resistir los da\u00f1os de la fuerza externa.<\/p>\n<p>Tambi\u00e9n podemos crear una representaci\u00f3n para usted en unos minutos en funci\u00f3n de su escenario real. Tambi\u00e9n proporcionamos dise\u00f1os y planos detallados, as\u00ed como planos de instalaci\u00f3n.<\/p>\n\n        \t\n\t<style type=\"text\/css\">\n\t\t.slider-info-20741.bafg-slider-info .bafg-slider-title {\n\t\t\t\t\t\tfont-size: 22px;\n\t\t\t\t\t\t\n\t\t\t\n\t\t\t\t\t}\n\n\t\t.slider-info-20741.bafg-slider-info .bafg-slider-description {\n\t\t\t\n\t\t\t\n\t\t\t\t\t}\n\n\t\t.slider-info-20741.bafg-slider-info .bafg_slider_readmore_button {\n\t\t\t\n\t\t\t\n\t\t\t\n\t\t\t\n\t\t\t\n\t\t\ttext-align: center;\n\n\t\t\t\n\t\t\t\n\t\t\t\n\t\t\t\n\t\t\t\n\t\t\t\n\t\t\t\t\t}\n\n\t\t.slider-info-20741.bafg-slider-info .bafg_slider_readmore_button:hover {\n\n\t\t\t\n\t\t\t\n\t\t\t\t\t}\n\n\t<\/style>\n\t\n        <div class=\"bafg-twentytwenty-container slider-20741 \" bafg-orientation=\"horizontal\" bafg-default-offset=\"0.5\" bafg-before-label=\"Before\" bafg-after-label=\"After\" bafg-overlay=\"yes\" bafg-move-slider-on-hover=\"yes\" bafg-click-to-move=\"no\">\n              \n            <img decoding=\"async\" class=\"skip-lazy\" src=\"http:\/\/mairsturnstile.com\/wp-content\/uploads\/2023\/06\/waist-high-turnstiles_4.jpg\" alt=\"\" data-skip-lazy title=\"\">\n            <img decoding=\"async\" class=\"skip-lazy\" src=\"http:\/\/mairsturnstile.com\/wp-content\/uploads\/2023\/06\/waist-high-turnstiles_5.jpg\" alt=\"\" data-skip-lazy title=\"\">\n           \n        <\/div>\n\n        \t<div class=\"bafg-slider-info-wraper\">\n\t\t<div style=\"\" class=\"slider-info-20741 bafg-slider-info\">\n\t\t\t\t\t<\/div>\n\t<\/div>\n\t\n        <style type=\"text\/css\">\n            \n        <\/style>\n        \n<p>V\u00e1lvula solenoide: DC24V \u00b15%<br \/>\nLongitud del brazo: 510 mm<br \/>\nLa direcci\u00f3n de rotaci\u00f3n: Bidireccional \/ Unidireccional<br \/>\nEmergencia: El brazo cae autom\u00e1ticamente cuando se corta la electricidad.<br \/>\nVoltaje operativo: CC 24 V \u00b1 5 %<br \/>\nEl voltaje de la luz indicadora: DC12V \u00b1 5% (est\u00e1ndar)<br \/>\nFiabilidad del mecanismo: 3 millones, sin culpa<br \/>\nTemperatura de trabajo: -30 \u2103 ~ 60 \u2103<br \/>\nHumedad: 5%~90%<br \/>\nImpermeable: IP56<br \/>\nCaracter\u00edstica: lector IC\/ID, lector de c\u00f3digo de barras, reconocimiento facial, huella digital, otros equipos de control de acceso, UPS, etc.<br \/>\nEl tiempo necesario para la apertura: 0,2 s<br \/>\nAmbiente de trabajo: interior o exterior<br \/>\nRango de aplicaci\u00f3n: comunidad, f\u00e1brica, sitio de construcci\u00f3n, escuela, lugar del resort, etc.<\/p>\n<p><iframe title=\"Torniquete autom\u00e1tico, Torniquete tr\u00edpode autom\u00e1tico, Torniquete totalmente autom\u00e1tico - MairsTurnstile\" src=\"https:\/\/www.youtube.com\/embed\/bGvTqKlYJV4\" width=\"1150\" height=\"650\" frameborder=\"0\" allowfullscreen=\"allowfullscreen\"><\/iframe><\/p>\n","protected":false},"excerpt":{"rendered":"<p>1. Tama\u00f1o: 1400*280*980 mm (se puede personalizar)<\/p>\n<p>2. Ancho de carril: 550 mm (se puede personalizar)<\/p>\n<p>3. Velocidad de paso: 35 personas\/min.<\/p>\n<p>4. Fuente de alimentaci\u00f3n: 110V\/220V 50\/60Hz<\/p>\n<p>5. Peso: 45 kg<\/p>\n<p>6. Entrada: rel\u00e9 de contacto seco<\/p>\n<p>7. Solenoide de 24V<\/p>\n<p>8. Material de la carcasa: acero inoxidable 304 y cubierta superior acr\u00edlica<\/p>\n<p>9. Modo de funcionamiento: semiautom\u00e1tico<\/p>\n<p><strong><a title=\"Torniquete de tr\u00edpode certificado CE de Mairs\" href=\"http:\/\/mairsturnstile.com\/wp-content\/uploads\/2022\/09\/Mairs-CE-Certificate-Tripod-Turnstile.pdf\" target=\"_blank\" rel=\"noopener noreferrer\">Certificaci\u00f3n CE<\/a>, <a title=\"Certificado Mairs ISO9001\" href=\"http:\/\/mairsturnstile.com\/wp-content\/uploads\/2022\/09\/Mairs-Registration-Certificate-ISO9001.pdf\" target=\"_blank\" rel=\"noopener noreferrer\">Certificado ISO 9001.<\/a><\/strong><\/p>\n<p><a title=\"Folleto de torniquetes a la altura de la cintura\" href=\"http:\/\/mairsturnstile.com\/wp-content\/uploads\/2023\/12\/MT125-brochure.pdf\" target=\"_blank\" rel=\"noopener noreferrer\"><img decoding=\"async\" class=\"alignnone size-full wp-image-11034\" src=\"http:\/\/mairsturnstile.com\/wp-content\/uploads\/2022\/09\/pdf-MairsTurnstile.png\" alt=\"\" width=\"32\" height=\"32\"><span style=\"color: #0000ff;\"><strong>Folleto MT125 Torniquetes a la altura de la cintura<\/strong><\/span><\/a><\/p>\n","protected":false},"featured_media":25552,"comment_status":"closed","ping_status":"closed","template":"","meta":{"neve_meta_sidebar":"","neve_meta_container":"","neve_meta_enable_content_width":"off","neve_meta_content_width":0,"neve_meta_title_alignment":"","neve_meta_author_avatar":"","neve_post_elements_order":"","neve_meta_disable_header":"","neve_meta_disable_footer":"","neve_meta_disable_title":"","_ti_tpc_template_sync":false,"_ti_tpc_template_id":""},"product_cat":[678,748],"product_tag":[1595,1593,754,770,1622,751,755],"class_list":["post-9733","product","type-product","status-publish","has-post-thumbnail","hentry","product_cat-puerta-de-torniquete","product_cat-torniquete-tripode","product_tag-costo-del-torniquete","product_tag-cuanto-cuesta-un-torniquete","product_tag-precio-de-torniquete-de-cintura-alta","product_tag-puerta-giratoria-con-tripode","product_tag-torniquete-de-cintura-alta","product_tag-torniquete-tripode","product_tag-torniquetes-de-cintura-alta"],"_links":{"self":[{"href":"https:\/\/mairsturnstile.com\/es\/wp-json\/wp\/v2\/product\/9733","targetHints":{"allow":["GET"]}}],"collection":[{"href":"https:\/\/mairsturnstile.com\/es\/wp-json\/wp\/v2\/product"}],"about":[{"href":"https:\/\/mairsturnstile.com\/es\/wp-json\/wp\/v2\/types\/product"}],"replies":[{"embeddable":true,"href":"https:\/\/mairsturnstile.com\/es\/wp-json\/wp\/v2\/comments?post=9733"}],"version-history":[{"count":0,"href":"https:\/\/mairsturnstile.com\/es\/wp-json\/wp\/v2\/product\/9733\/revisions"}],"wp:featuredmedia":[{"embeddable":true,"href":"https:\/\/mairsturnstile.com\/es\/wp-json\/wp\/v2\/media\/25552"}],"wp:attachment":[{"href":"https:\/\/mairsturnstile.com\/es\/wp-json\/wp\/v2\/media?parent=9733"}],"wp:term":[{"taxonomy":"product_cat","embeddable":true,"href":"https:\/\/mairsturnstile.com\/es\/wp-json\/wp\/v2\/product_cat?post=9733"},{"taxonomy":"product_tag","embeddable":true,"href":"https:\/\/mairsturnstile.com\/es\/wp-json\/wp\/v2\/product_tag?post=9733"}],"curies":[{"name":"wp","href":"https:\/\/api.w.org\/{rel}","templated":true}]}}