{"id":9734,"date":"2021-04-27T15:44:16","date_gmt":"2021-04-27T07:44:16","guid":{"rendered":"https:\/\/mairsturnstile.com\/product\/mecanismo-torniquete-tripode-en-venta-mt143"},"modified":"2024-04-30T17:33:57","modified_gmt":"2024-04-30T09:33:57","slug":"tripode-torniquete-mecanismo","status":"publish","type":"product","link":"https:\/\/mairsturnstile.com\/es\/producto\/tripode-torniquete-mecanismo","title":{"rendered":"MECANISMO TORNIQUETE TR\u00cdPODE EN VENTA MT146"},"content":{"rendered":"<h2><strong>Mecanismo de torniquete tr\u00edpode, Mecanismo de torniquete tr\u00edpode autom\u00e1tico<\/strong><\/h2>\n<h3>Mecanismo de puerta de torniquete de <strong>tr\u00edpode autom\u00e1tico personalizado duradero<\/strong><\/h3>\n<p>En la l\u00ednea de ensamblaje de polic\u00e9tido sintasa, se determin\u00f3 un mecanismo de puerta de torniquete para el procesamiento simult\u00e1neo de intermediarios. El alargamiento de la cadena hace que el m\u00f3dulo se cierre y la cadena se desplace al siguiente m\u00f3dulo para reabrir el torniquete.<\/p>\n<p>El <strong><a href=\"https:\/\/mairsturnstile.com\/turnstile-mechanism.html\" target=\"_blank\" rel=\"noopener\">mecanismo de torniquete<\/a> de tr\u00edpode<\/strong> es uno de los componentes principales de la puerta de <a href=\"https:\/\/mairsturnstile.com\/product\/tripod-security-gate\">torniquete de tr\u00edpode<\/a>, y el mecanismo de torniquete controla la puerta de torniquete de tr\u00edpode controlando el giro del brazo de ala. La calidad de funcionamiento del mecanismo del torniquete tr\u00edpode determina la calidad de la puerta del torniquete tr\u00edpode, pero la falla de la puerta del torniquete tr\u00edpode tambi\u00e9n est\u00e1 relacionada con el mecanismo del torniquete tr\u00edpode.<\/p>\n<p><strong>Caracter\u00edsticas:<\/strong><\/p>\n<ol>\n<li>La carcasa es de <a href=\"https:\/\/en.wikipedia.org\/wiki\/Stainless_steel\" target=\"_blank\" rel=\"noopener\">acero inoxidable<\/a> 304 con un grosor de 1,5 mm;<\/li>\n<li>Dise\u00f1o de estructura mecatr\u00f3nica, plataforma giratoria de proceso especial, mecanismo de autobloqueo mec\u00e1nico estable y confiable<\/li>\n<li>Acceso bidireccional (brazo bidireccional)<\/li>\n<li>Despu\u00e9s de enviar la se\u00f1al de apertura de la puerta, si no pasa dentro de los 5 segundos, se bloquear\u00e1 nuevamente<\/li>\n<li>Cuando la energ\u00eda se corta autom\u00e1ticamente, el brazo caer\u00e1 (con la funci\u00f3n de ca\u00edda del brazo), cuando se enciende, es necesario soltar manualmente la palanca y restablecer el brazo oscilante (opcional)<\/li>\n<li>Se puede conectar al contador de flujo bidireccional externo para mostrar la cantidad de personas que pasan en esta direcci\u00f3n. Cuando pasan personas, el puerto de conteo correspondiente emite una se\u00f1al de ancho de pulso de aproximadamente 200 anchos. Si el personal no pasa la puerta, el puerto de conteo correspondiente no saldr\u00e1 dentro de los 200 ms.<\/li>\n<li>Personal anti-reversi\u00f3n (evitar que otros lo sigan)<\/li>\n<li>Motor electromec\u00e1nico DC12V, operaci\u00f3n de bloqueo positivo de una persona a la vez; Prevenir la reversi\u00f3n.<\/li>\n<li>Tiempo de emergencia y tiempo de corte de energ\u00eda: el brazo descender\u00e1 autom\u00e1ticamente para mantener desbloqueado el pasillo de evacuaci\u00f3n.<\/li>\n<li>Se puede utilizar para la interfaz de los sistemas de control de acceso, como lectores de tarjetas biom\u00e9tricas, lectores de tarjetas RFID, lectores de tarjetas de escaneo, botones, etc.<\/li>\n<li>El indicador luminoso de estado est\u00e1 disponible.<\/li>\n<li>Hay un contador de pasajeros.<\/li>\n<\/ol>\n<p>&nbsp;<\/p>\n","protected":false},"excerpt":{"rendered":"<p>1. Potencia: AC220C\u00b110V,50HZ<\/p>\n<p>2. Funcionamiento: Temperatura -15 \u2103 -60 \u2103<\/p>\n<p>3. Humedad relativa: \u226495 %, sin sensaci\u00f3n<\/p>\n<p>4. Ancho de acceso: \u2264600 mm<\/p>\n<p>5. Velocidad de paso: 30 personas\/min (tarjeta IC)<\/p>\n<p>6. Conexi\u00f3n de entrada: Se\u00f1al de nivel +12V o pulso ancho&gt;100ms DC12V<\/p>\n<p>7. Conexi\u00f3n de comunicaci\u00f3n: est\u00e1ndar del m\u00f3dulo de comunicaci\u00f3n RS485.<\/p>\n<p>8. Material: SUS304, el grosor no es inferior a 1,5 mm<\/p>\n<p>9. Grado de protecci\u00f3n: IP54<\/p>\n","protected":false},"featured_media":35646,"comment_status":"closed","ping_status":"closed","template":"","meta":{"neve_meta_sidebar":"","neve_meta_container":"","neve_meta_enable_content_width":"on","neve_meta_content_width":100,"neve_meta_title_alignment":"","neve_meta_author_avatar":"","neve_post_elements_order":"","neve_meta_disable_header":"","neve_meta_disable_footer":"","neve_meta_disable_title":"","_ti_tpc_template_sync":false,"_ti_tpc_template_id":""},"product_cat":[678,748],"product_tag":[1579,757,1578,756,758],"class_list":["post-9734","product","type-product","status-publish","has-post-thumbnail","hentry","product_cat-puerta-de-torniquete","product_cat-torniquete-tripode","product_tag-componentes-del-torniquete","product_tag-mecanismo-de-puerta-torniquete-tripode","product_tag-mecanismo-de-torniquete","product_tag-mecanismo-de-torniquete-de-tripode","product_tag-mecanismo-de-torniquete-de-tripode-para-la-venta"],"_links":{"self":[{"href":"https:\/\/mairsturnstile.com\/es\/wp-json\/wp\/v2\/product\/9734","targetHints":{"allow":["GET"]}}],"collection":[{"href":"https:\/\/mairsturnstile.com\/es\/wp-json\/wp\/v2\/product"}],"about":[{"href":"https:\/\/mairsturnstile.com\/es\/wp-json\/wp\/v2\/types\/product"}],"replies":[{"embeddable":true,"href":"https:\/\/mairsturnstile.com\/es\/wp-json\/wp\/v2\/comments?post=9734"}],"version-history":[{"count":0,"href":"https:\/\/mairsturnstile.com\/es\/wp-json\/wp\/v2\/product\/9734\/revisions"}],"wp:featuredmedia":[{"embeddable":true,"href":"https:\/\/mairsturnstile.com\/es\/wp-json\/wp\/v2\/media\/35646"}],"wp:attachment":[{"href":"https:\/\/mairsturnstile.com\/es\/wp-json\/wp\/v2\/media?parent=9734"}],"wp:term":[{"taxonomy":"product_cat","embeddable":true,"href":"https:\/\/mairsturnstile.com\/es\/wp-json\/wp\/v2\/product_cat?post=9734"},{"taxonomy":"product_tag","embeddable":true,"href":"https:\/\/mairsturnstile.com\/es\/wp-json\/wp\/v2\/product_tag?post=9734"}],"curies":[{"name":"wp","href":"https:\/\/api.w.org\/{rel}","templated":true}]}}