{"id":9735,"date":"2020-09-13T18:00:21","date_gmt":"2020-09-13T10:00:21","guid":{"rendered":"https:\/\/mairsturnstile.com\/product\/maquina-torniquete-tripode-barata-mt113-d"},"modified":"2024-04-30T17:34:55","modified_gmt":"2024-04-30T09:34:55","slug":"torniquete-maquina","status":"publish","type":"product","link":"https:\/\/mairsturnstile.com\/es\/producto\/torniquete-maquina","title":{"rendered":"M\u00c1QUINA TORNIQUETE TR\u00cdPODE BARATA MT113-D"},"content":{"rendered":"        <!-- 3D Model html -->\r\n        <div class=\"bp_grand wrapper_20724\">   \r\n        <div class=\"bp_model_parent\">\r\n            <model-viewer class=\"model\" id=\"bp_model_id_20724\" src=\"http:\/\/mairsturnstile.com\/wp-content\/uploads\/2024\/11\/mt113d.glb\" alt=\"mt113d\" camera-controls  loading=\"auto\" auto-rotate                        >\r\n            <\/model-viewer>\r\n        \r\n            <!-- Button -->\r\n            <svg id=\"openBtn\" width=\"30px\" height=\"30px\" viewBox=\"0 0 16 16\" xmlns=\"http:\/\/www.w3.org\/2000\/svg\" fill=\"#f2f2f2\" class=\"bi bi-arrows-fullscreen model-icon\">\r\n                <path fill-rule=\"evenodd\" d=\"M5.828 10.172a.5.5 0 0 0-.707 0l-4.096 4.096V11.5a.5.5 0 0 0-1 0v3.975a.5.5 0 0 0 .5.5H4.5a.5.5 0 0 0 0-1H1.732l4.096-4.096a.5.5 0 0 0 0-.707zm4.344 0a.5.5 0 0 1 .707 0l4.096 4.096V11.5a.5.5 0 1 1 1 0v3.975a.5.5 0 0 1-.5.5H11.5a.5.5 0 0 1 0-1h2.768l-4.096-4.096a.5.5 0 0 1 0-.707zm0-4.344a.5.5 0 0 0 .707 0l4.096-4.096V4.5a.5.5 0 1 0 1 0V.525a.5.5 0 0 0-.5-.5H11.5a.5.5 0 0 0 0 1h2.768l-4.096 4.096a.5.5 0 0 0 0 .707zm-4.344 0a.5.5 0 0 1-.707 0L1.025 1.732V4.5a.5.5 0 0 1-1 0V.525a.5.5 0 0 1 .5-.5H4.5a.5.5 0 0 1 0 1H1.732l4.096 4.096a.5.5 0 0 1 0 .707z\"\/>\r\n            <\/svg>\r\n        \r\n            <svg id=\"closeBtn\" class=\"model-icon\" width=\"34px\" height=\"34px\" viewBox=\"0 0 24 24\" xmlns=\"http:\/\/www.w3.org\/2000\/svg\">\r\n                <path fill=\"none\" stroke=\"#f2f2f2\" stroke-width=\"2\" d=\"M7,7 L17,17 M7,17 L17,7\"\/>\r\n            <\/svg>\r\n        \r\n        <\/div>\r\n        <\/div> \r\n\r\n        <!-- Model Viewer Style -->\r\n        <style>\r\n            \r\n            .wrapper_20724 .bp_model_parent, #bp_model_id_20724 {\r\n                width: 1150px;\r\n                max-width: 100%;\r\n                                            }\r\n            #bp_model_id_20724 {\r\n                height:700px;\r\n                background-color: #f2f2f2;\r\n            }\r\n            .fullscreen #bp_model_id_20724{\r\n            height: 100%;\r\n            width: 100%;\r\n            }\r\n            .wrapper_20724 .bp_model_parent{\r\n                justify-content: start            }\r\n            model-viewer.model {\r\n                --poster-color: transparent;\r\n            }\r\n        <\/style>\r\n        \r\n        \n<h4>M\u00c1QUINA TORNIQUETE TR\u00cdPODE BARATA La PUERTA TORNIQUETE TR\u00cdPODE tiene una garant\u00eda de 2 a\u00f1os y mantenimiento duradero y soporte de reparaci\u00f3n.<\/h4>\n<p>Podemos proporcionar servicios de OEM y ODM. Contamos con dise\u00f1adores experimentados que pueden completar una personalizaci\u00f3n profunda de acuerdo con cualquiera de sus necesidades. Proporcionaremos una serie de materiales como representaciones 3D, dibujos dimensionales, etc. tan pronto como sea posible.<\/p>\n<p>El <a href=\"https:\/\/mairsturnstile.com\/category\/tripod-turnstile\">torniquete de tr\u00edpode<\/a> ofrece un control de acceso automatizado disuasorio para sitios con requisitos de uso intensivo. Bien construido para una mayor durabilidad, controla eficientemente el alto rendimiento. Dado que puede instalarse dentro o fuera de los edificios, permite controlar el abuso ocasional de los usuarios. Este es un equipo simple, duradero y econ\u00f3mico. La <strong>m\u00e1quina de torniquete tr\u00edpode<\/strong> es asequible con la mejor calidad.<\/p>\n<p>Tambi\u00e9n podemos crear una representaci\u00f3n para usted en unos minutos en funci\u00f3n de su escenario real. Tambi\u00e9n proporcionamos dise\u00f1os y planos detallados, as\u00ed como planos de instalaci\u00f3n.<\/p>\n\n        \t\n\t<style type=\"text\/css\">\n\t\t.slider-info-20748.bafg-slider-info .bafg-slider-title {\n\t\t\t\t\t\tfont-size: 22px;\n\t\t\t\t\t\t\n\t\t\t\n\t\t\t\t\t}\n\n\t\t.slider-info-20748.bafg-slider-info .bafg-slider-description {\n\t\t\t\n\t\t\t\n\t\t\t\t\t}\n\n\t\t.slider-info-20748.bafg-slider-info .bafg_slider_readmore_button {\n\t\t\t\n\t\t\t\n\t\t\t\n\t\t\t\n\t\t\t\n\t\t\ttext-align: center;\n\n\t\t\t\n\t\t\t\n\t\t\t\n\t\t\t\n\t\t\t\n\t\t\t\n\t\t\t\t\t}\n\n\t\t.slider-info-20748.bafg-slider-info .bafg_slider_readmore_button:hover {\n\n\t\t\t\n\t\t\t\n\t\t\t\t\t}\n\n\t<\/style>\n\t\n        <div class=\"bafg-twentytwenty-container slider-20748 \" bafg-orientation=\"horizontal\" bafg-default-offset=\"0.5\" bafg-before-label=\"Before\" bafg-after-label=\"After\" bafg-overlay=\"yes\" bafg-move-slider-on-hover=\"yes\" bafg-click-to-move=\"no\">\n              \n            <img decoding=\"async\" class=\"skip-lazy\" src=\"http:\/\/mairsturnstile.com\/wp-content\/uploads\/2024\/11\/turnstile-machine-6.jpg\" alt=\"turnstile machine\" data-skip-lazy title=\"\">\n            <img decoding=\"async\" class=\"skip-lazy\" src=\"http:\/\/mairsturnstile.com\/wp-content\/uploads\/2024\/11\/turnstile-machine-5.jpg\" alt=\"turnstile machine\" data-skip-lazy title=\"\">\n           \n        <\/div>\n\n        \t<div class=\"bafg-slider-info-wraper\">\n\t\t<div style=\"\" class=\"slider-info-20748 bafg-slider-info\">\n\t\t\t\t\t<\/div>\n\t<\/div>\n\t\n        <style type=\"text\/css\">\n            \n        <\/style>\n        \n<ul>\n<li>La m\u00e1quina de torniquete tr\u00edpode es una soluci\u00f3n de entrada compacta y rentable.<\/li>\n<li>La m\u00e1quina torniquete tr\u00edpode tiene una carcasa de acero inoxidable 304 totalmente resistente a la lluvia, que es resistente a la oxidaci\u00f3n, s\u00f3lida y duradera.<\/li>\n<li>La m\u00e1quina de torniquete tr\u00edpode se puede montar tanto en interiores como en exteriores. La tasa de IP es 54.<\/li>\n<li>Tiene una salida de rel\u00e9 est\u00e1ndar internacional, que se puede integrar f\u00e1cilmente con todo tipo de sistemas de <a href=\"https:\/\/en.wikipedia.org\/wiki\/Access_control\" target=\"_blank\" rel=\"noopener\">control de acceso<\/a> de terceros (es decir, RFID, huellas dactilares, reconocimiento facial, c\u00f3digo de barras, term\u00f3metro IR).<\/li>\n<li>La puerta del torniquete triopd es semiautom\u00e1tica. Deber\u00e1 empujar el brazo ligeramente para abrir la puerta cuando se le conceda el acceso.<\/li>\n<li>La m\u00e1quina torniquete tr\u00edpode es competitiva y asequible con la mejor calidad.<\/li>\n<li>El dise\u00f1o razonable y el alto rendimiento garantizan que las puertas se puedan mover de forma r\u00e1pida y precisa, estable y silenciosa; Con bajo consumo de energ\u00eda, conservaci\u00f3n de energ\u00eda y protecci\u00f3n del medio ambiente.<\/li>\n<li>Mecanismo de molde duradero, resistente a la corrosi\u00f3n y de servicio pesado para una vida \u00fatil prolongada<\/li>\n<li>El mecanismo es el dise\u00f1o del molde. Todos los componentes son precisos. Hace que el sistema de puerta funcione sin problemas, con poco ruido. Se puede a\u00f1adir un amortiguador hidr\u00e1ulico.<\/li>\n<li>El dise\u00f1o del torniquete tr\u00edpode hace que solo pase una persona a la vez.<\/li>\n<li>Unidireccional o bidireccional es una opci\u00f3n.<\/li>\n<li>Luz indicadora direccional LED en la parte superior<\/li>\n<li>Funci\u00f3n de reloj autom\u00e1tico: si se recibe una se\u00f1al de apertura, pero el visitante no pasa por la puerta dentro de un tiempo espec\u00edfico (predeterminado 5 s), el brazo del torniquete se bloquear\u00e1 autom\u00e1ticamente.<\/li>\n<li>Cuando se apaga, los brazos del torniquete del tr\u00edpode bajar\u00e1n autom\u00e1ticamente para permitir el paso libre, lo que cumple con los requisitos de seguridad contra incendios.<\/li>\n<li>La puerta es semiautom\u00e1tica. Cuando se env\u00eda una se\u00f1al abierta, debe empujar un peque\u00f1o brazo para abrir la puerta.<\/li>\n<\/ul>\n<p>Podemos proporcionar la soluci\u00f3n completa de control de acceso de seguridad. Si tiene su propio sistema de control de acceso, puede usar directamente nuestra puerta de torniquete. Si no tiene uno, tambi\u00e9n ofrecemos una soluci\u00f3n completa de control de acceso de seguridad. Consulte el video a continuaci\u00f3n para obtener m\u00e1s detalles.<\/p>\n<p><iframe title=\"Torniquete tr\u00edpode serie M, Torniquete serie M, Puerta de torniquete tr\u00edpode MT100 - MairsTurnstile.com\" src=\"https:\/\/www.youtube.com\/embed\/algOvzU7RdA\" width=\"1150\" height=\"650\" frameborder=\"0\" allowfullscreen=\"allowfullscreen\"><\/iframe><\/p>\n","protected":false},"excerpt":{"rendered":"<p>1. Tama\u00f1o: 450L*W420*H980 mm (se puede personalizar)<\/p>\n<p>2. Ancho de carril: 550 mm (se puede personalizar)<\/p>\n<p>3. Velocidad de paso: 35 personas\/min.<\/p>\n<p>4. Fuente de alimentaci\u00f3n: 110V\/220V<\/p>\n<p>5. Peso: 50 kg<\/p>\n<p>6. Se\u00f1al de puerta abierta: contacto seco\/rel\u00e9<\/p>\n<p>7. Doble mecanismo<\/p>\n<p>8. Material de la carcasa: acero inoxidable 304<\/p>\n<p>9. Modo de funcionamiento: semiautom\u00e1tico<\/p>\n<p><strong><a title=\"Torniquete de tr\u00edpode certificado CE de Mairs\" href=\"http:\/\/mairsturnstile.com\/wp-content\/uploads\/2022\/09\/Mairs-CE-Certificate-Tripod-Turnstile.pdf\" target=\"_blank\" rel=\"noopener noreferrer\">Certificaci\u00f3n CE<\/a>, <a title=\"Certificado Mairs ISO9001\" href=\"http:\/\/mairsturnstile.com\/wp-content\/uploads\/2022\/09\/Mairs-Registration-Certificate-ISO9001.pdf\" target=\"_blank\" rel=\"noopener noreferrer\">Certificado ISO 9001.<\/a><\/strong><\/p>\n<p><a title=\"Folleto de la m\u00e1quina torniquete tr\u00edpode\" href=\"http:\/\/mairsturnstile.com\/wp-content\/uploads\/2023\/12\/MT113-D-brochure.pdf\" target=\"_blank\" rel=\"noopener noreferrer\"><img decoding=\"async\" class=\"alignnone size-full wp-image-11034\" src=\"http:\/\/mairsturnstile.com\/wp-content\/uploads\/2022\/09\/pdf-MairsTurnstile.png\" alt=\"\" width=\"32\" height=\"32\"><span style=\"color: #0000ff;\"><strong>MT113-D Tr\u00edpode Torniquete M\u00e1quina Folleto<\/strong><\/span><\/a><\/p>\n","protected":false},"featured_media":59271,"comment_status":"closed","ping_status":"closed","template":"","meta":{"neve_meta_sidebar":"","neve_meta_container":"","neve_meta_enable_content_width":"on","neve_meta_content_width":100,"neve_meta_title_alignment":"","neve_meta_author_avatar":"","neve_post_elements_order":"","neve_meta_disable_header":"","neve_meta_disable_footer":"","neve_meta_disable_title":"","_ti_tpc_template_sync":false,"_ti_tpc_template_id":""},"product_cat":[678,748],"product_tag":[759,1636,770,751,760],"class_list":["post-9735","product","type-product","status-publish","has-post-thumbnail","hentry","product_cat-puerta-de-torniquete","product_cat-torniquete-tripode","product_tag-maquina-torniquete","product_tag-precio-torniquete-tripode","product_tag-puerta-giratoria-con-tripode","product_tag-torniquete-tripode","product_tag-torniquete-tripode-es"],"_links":{"self":[{"href":"https:\/\/mairsturnstile.com\/es\/wp-json\/wp\/v2\/product\/9735","targetHints":{"allow":["GET"]}}],"collection":[{"href":"https:\/\/mairsturnstile.com\/es\/wp-json\/wp\/v2\/product"}],"about":[{"href":"https:\/\/mairsturnstile.com\/es\/wp-json\/wp\/v2\/types\/product"}],"replies":[{"embeddable":true,"href":"https:\/\/mairsturnstile.com\/es\/wp-json\/wp\/v2\/comments?post=9735"}],"version-history":[{"count":0,"href":"https:\/\/mairsturnstile.com\/es\/wp-json\/wp\/v2\/product\/9735\/revisions"}],"wp:featuredmedia":[{"embeddable":true,"href":"https:\/\/mairsturnstile.com\/es\/wp-json\/wp\/v2\/media\/59271"}],"wp:attachment":[{"href":"https:\/\/mairsturnstile.com\/es\/wp-json\/wp\/v2\/media?parent=9735"}],"wp:term":[{"taxonomy":"product_cat","embeddable":true,"href":"https:\/\/mairsturnstile.com\/es\/wp-json\/wp\/v2\/product_cat?post=9735"},{"taxonomy":"product_tag","embeddable":true,"href":"https:\/\/mairsturnstile.com\/es\/wp-json\/wp\/v2\/product_tag?post=9735"}],"curies":[{"name":"wp","href":"https:\/\/api.w.org\/{rel}","templated":true}]}}