{"id":9738,"date":"2020-09-13T17:57:27","date_gmt":"2020-09-13T09:57:27","guid":{"rendered":"https:\/\/mairsturnstile.com\/product\/torniquete-tripode-con-contador-de-personas-mt141"},"modified":"2024-04-30T17:37:05","modified_gmt":"2024-04-30T09:37:05","slug":"torniquete-contador-sistema","status":"publish","type":"product","link":"https:\/\/mairsturnstile.com\/es\/producto\/torniquete-contador-sistema","title":{"rendered":"TORNIQUETE TR\u00cdPODE CON CONTADOR DE PERSONAS MT112"},"content":{"rendered":"<p><iframe title=\"Sistema de conteo de torniquetes, Contador de torniquetes, Contador de torniquetes en venta - MairsTurnstile.com\" src=\"https:\/\/www.youtube.com\/embed\/gn75kppFoZs\" width=\"920\" height=\"517\" frameborder=\"0\" allowfullscreen=\"allowfullscreen\"><\/iframe><\/p>\n<h4>El SISTEMA DE CONTEO DE TORNIQUETES tiene una garant\u00eda de 2 a\u00f1os y soporte duradero de mantenimiento y reparaci\u00f3n.<\/h4>\n<p>Podemos proporcionar servicios de OEM y ODM. Tambi\u00e9n proporcionamos dispositivos biom\u00e9tricos, como lectores de tarjetas IC\/ID, esc\u00e1neres de huellas dactilares, esc\u00e1neres de c\u00f3digos QR, c\u00e1maras de reconocimiento facial, etc.<\/p>\n<p><strong><b>\u00bfQu\u00e9 es el sistema de conteo de torniquetes?<\/b><\/strong><\/p>\n<p><strong><b>T<\/b><\/strong><strong><b>l torniquete<\/b><\/strong><strong><b>es una parte del <a href=\"https:\/\/mairsturnstile.com\/turnstile-access-control-system.html\">sistema de control de acceso por torniquete<\/a> que se forma con<\/b><\/strong><strong><b>a\u00f1adiendo <\/b><\/strong><strong><b>a<\/b><\/strong><strong><b> <\/b><\/strong><strong><b>m\u00f3dulo de recuento <\/b><\/strong><strong><b>en el torniquete peatonal<\/b><\/strong><strong><b> puerta<\/b><\/strong><strong><b>, <\/b><\/strong><strong><b>que se utiliza principalmente para contar el n\u00famero de personas que pasan.<\/b><\/strong> Por supuesto, el sistema de recuento del torniquete tambi\u00e9n incluye un m\u00f3dulo de detecci\u00f3n de peatones y un m\u00f3dulo de indicaci\u00f3n LED. El m\u00f3dulo de conteo, el m\u00f3dulo de detecci\u00f3n de peatones y el m\u00f3dulo de indicaci\u00f3n LED est\u00e1n integrados dentro de la puerta del torniquete, los resultados del conteo se pueden mostrar a trav\u00e9s de la pantalla LED, que tambi\u00e9n se puede integrar en la puerta del torniquete. A trav\u00e9s del m\u00f3dulo de conteo, el sistema de conteo del torniquete puede restablecer el conteo y establecer el l\u00edmite superior del conteo.<\/p>\n<p>La funci\u00f3n de conteo del torniquete se puede realizar haciendo coincidir la puerta del torniquete con el m\u00f3dulo de conteo. Los resultados del conteo se pueden mostrar directamente en la pantalla de visualizaci\u00f3n. Por supuesto, esta pantalla de visualizaci\u00f3n tambi\u00e9n se puede integrar en la puerta del torniquete para peatones. Nuestra puerta de torniquete puede realizar f\u00e1cilmente la funci\u00f3n de conteo de personas. Tambi\u00e9n podemos personalizar puertas de torniquete especiales con funciones de conteo de personas de acuerdo con sus necesidades reales.<\/p>\n<p>Sistema de conteo de torniquetes, que se utiliza principalmente para registrar el n\u00famero de personas que pasan, porque muchos clientes requieren esta funci\u00f3n, y tambi\u00e9n es una de las funciones b\u00e1sicas de la puerta de torniquete.<\/p>\n<p>Todas las placas base de la puerta del torniquete cuentan con una funci\u00f3n de conteo. Cada vez que reciban las se\u00f1ales de apertura y cierre, registrar\u00e1n el n\u00famero de veces. Sin embargo, este conteo solo puede registrar el n\u00famero de puertas que se abren y cierran, no el n\u00famero de pases.<\/p>\n<p>\u00bfCu\u00e1l es el principio del sistema de conteo de torniquetes?<\/p>\n<p>Principio del sistema de conteo de torniquetes. La mayor\u00eda de las placas base de puertas de torniquetes tienen interfaces de contador. La puerta torniquete tiene incorporado un m\u00f3dulo de conteo y un m\u00f3dulo de detecci\u00f3n de peatones para recibir la se\u00f1al de apertura de la puerta, a trav\u00e9s del m\u00f3dulo de detecci\u00f3n de peatones (generalmente l\u00f3gica infrarroja), si se detecta que el peat\u00f3n ha pasado, el resultado del conteo se puede mostrar a trav\u00e9s del Pantalla LED. Solo se puede utilizar la detecci\u00f3n efectiva como n\u00famero de pasajeros, que es precisa y efectiva.<\/p>\n<p>Como el requisito funcional m\u00e1s b\u00e1sico del torniquete, muchos clientes buscan este sistema de conteo de torniquetes. Si necesita comprar una puerta de torniquete con funci\u00f3n de conteo de personas, <a href=\"https:\/\/mairsturnstile.com\/contact\"><u>cont\u00e1ctenos<\/u><\/a>, haga clic en el chat en l\u00ednea en la esquina inferior izquierda o agregue el c\u00f3digo QR a la derecha para agregar mi aplicaci\u00f3n What&#8217;s.<\/p>\n<p>B\u00e1sicamente, todos nuestros <a href=\"https:\/\/mairsturnstile.com\/types-of-turnstiles.html\"><u>tipos de torniquetes<\/u><\/a> pueden realizar la funci\u00f3n de conteo de personas. Por supuesto, tambi\u00e9n podemos personalizar la puerta del torniquete para cumplir con otros requisitos funcionales de acuerdo con sus necesidades reales. Solo necesita proporcionar informaci\u00f3n simple, como qu\u00e9 funciones necesita implementar, cu\u00e1ntos canales necesita, conteo unidireccional o conteo bidireccional, etc. Nuestro personal de ventas profesional le proporcionar\u00e1 las soluciones de seguridad adecuadas para torniquetes.<\/p>\n<p>Puerta de precio de torniquete de tr\u00edpode de a<a href=\"https:\/\/en.wikipedia.org\/wiki\/Stainless_steel\" target=\"_blank\" rel=\"noopener\">cero inoxidable<\/a> con gesti\u00f3n de acceso de entrada electr\u00f3nica con acero inoxidable de alta calidad y tratamiento de superficie Hairline 400, este <a href=\"https:\/\/mairsturnstile.com\/category\/tripod-turnstile\">torniquete de tr\u00edpode<\/a> est\u00e1 equipado con una cerradura de solenoide y nuestro propio mecanismo dise\u00f1ado para proporcionar una gesti\u00f3n suave y autorizada para el tr\u00e1fico de peatones.<\/p>\n<ul>\n<li>Los torniquetes de tr\u00edpode biom\u00e9tricos son soluciones de entrada compactas y rentables.<\/li>\n<li>El torniquete de tr\u00edpode biom\u00e9trico tiene una carcasa de acero inoxidable 304 totalmente resistente a la lluvia, que es resistente a la oxidaci\u00f3n, s\u00f3lida y duradera.<\/li>\n<li>Los torniquetes de tr\u00edpode se pueden montar tanto en interiores como en exteriores. La tasa de IP es 54<\/li>\n<li>Tiene una salida de rel\u00e9 est\u00e1ndar internacional, que se puede integrar f\u00e1cilmente con todo tipo de sistemas de control de acceso de terceros (es decir, RFID, huellas dactilares, reconocimiento facial, c\u00f3digo de barras, term\u00f3metro IR).<\/li>\n<li>La puerta del torniquete del tr\u00edpode es semiautom\u00e1tica. Deber\u00e1 empujar el brazo ligeramente para abrir la puerta cuando se le conceda el acceso.<\/li>\n<li>El dise\u00f1o razonable y el alto rendimiento garantizan que las puertas se puedan mover de forma r\u00e1pida y precisa, estable y silenciosa; Con bajo consumo de energ\u00eda, conservaci\u00f3n de energ\u00eda y protecci\u00f3n del medio ambiente.<\/li>\n<li>Mecanismo de molde duradero, resistente a la corrosi\u00f3n y de servicio pesado para una vida \u00fatil prolongada.<\/li>\n<li>El mecanismo es el dise\u00f1o del molde. Todos los componentes son precisos. Hace que el sistema de puerta funcione sin problemas, con poco ruido. Se puede a\u00f1adir un amortiguador hidr\u00e1ulico.<\/li>\n<li>El dise\u00f1o del sistema de conteo de torniquetes de tr\u00edpode hace que solo pase una persona a la vez.<\/li>\n<li>Unidireccional o bidireccional es una opci\u00f3n.<\/li>\n<li>Luz indicadora de direcci\u00f3n LED en la parte superior.<\/li>\n<li>Mejor precio torniquete tr\u00edpode Filipinas.<\/li>\n<li>Funci\u00f3n de reloj autom\u00e1tico: si se recibe una se\u00f1al de apertura, pero el visitante no pasa por la puerta dentro de un tiempo espec\u00edfico (predeterminado 5 s), el brazo del torniquete se bloquear\u00e1 autom\u00e1ticamente.<\/li>\n<li>Cuando la energ\u00eda est\u00e1 apagada, los brazos del torniquete del tr\u00edpode bajar\u00e1n autom\u00e1ticamente para permitir el paso libre, lo que cumple con los requisitos de seguridad contra incendios.<\/li>\n<\/ul>\n<p>&nbsp;<\/p>\n","protected":false},"excerpt":{"rendered":"<p>1. Tama\u00f1o: 480*280*980 mm (se puede personalizar)<\/p>\n<p>2. Ancho de carril: 550 mm (se puede personalizar)<\/p>\n<p>3. Velocidad de paso: 35 personas\/min.<\/p>\n<p>4. Fuente de alimentaci\u00f3n: 110V\/220V<\/p>\n<p>5. Peso: 60 kg<\/p>\n<p>6. Entrada: contacto seco<\/p>\n<p>7. Se puede agregar una funda protectora para el brazo<\/p>\n<p>8. Mecanismo con amortiguador hidr\u00e1ulico para amortiguaci\u00f3n<\/p>\n<p>9. Material de la carcasa: acero inoxidable 304<\/p>\n<p><strong><a title=\"Torniquete de tr\u00edpode certificado CE de Mairs\" href=\"http:\/\/mairsturnstile.com\/wp-content\/uploads\/2022\/09\/Mairs-CE-Certificate-Tripod-Turnstile.pdf\" target=\"_blank\" rel=\"noopener noreferrer\">Certificaci\u00f3n CE<\/a>, <a title=\"Certificado Mairs ISO9001\" href=\"http:\/\/mairsturnstile.com\/wp-content\/uploads\/2022\/09\/Mairs-Registration-Certificate-ISO9001.pdf\" target=\"_blank\" rel=\"noopener noreferrer\">Certificado ISO 9001.<\/a><\/strong><\/p>\n","protected":false},"featured_media":62315,"comment_status":"closed","ping_status":"closed","template":"","meta":{"neve_meta_sidebar":"","neve_meta_container":"","neve_meta_enable_content_width":"off","neve_meta_content_width":0,"neve_meta_title_alignment":"","neve_meta_author_avatar":"","neve_post_elements_order":"","neve_meta_disable_header":"","neve_meta_disable_footer":"","neve_meta_disable_title":"","_ti_tpc_template_sync":false,"_ti_tpc_template_id":""},"product_cat":[678,748],"product_tag":[1577,770,764,751,782],"class_list":["post-9738","product","type-product","status-publish","has-post-thumbnail","hentry","product_cat-puerta-de-torniquete","product_cat-torniquete-tripode","product_tag-control-de-acceso-torniquete","product_tag-puerta-giratoria-con-tripode","product_tag-sistema-de-conteo-de-torniquetes","product_tag-torniquete-tripode","product_tag-torniquetes-de-seguridad"],"_links":{"self":[{"href":"https:\/\/mairsturnstile.com\/es\/wp-json\/wp\/v2\/product\/9738","targetHints":{"allow":["GET"]}}],"collection":[{"href":"https:\/\/mairsturnstile.com\/es\/wp-json\/wp\/v2\/product"}],"about":[{"href":"https:\/\/mairsturnstile.com\/es\/wp-json\/wp\/v2\/types\/product"}],"replies":[{"embeddable":true,"href":"https:\/\/mairsturnstile.com\/es\/wp-json\/wp\/v2\/comments?post=9738"}],"version-history":[{"count":0,"href":"https:\/\/mairsturnstile.com\/es\/wp-json\/wp\/v2\/product\/9738\/revisions"}],"wp:featuredmedia":[{"embeddable":true,"href":"https:\/\/mairsturnstile.com\/es\/wp-json\/wp\/v2\/media\/62315"}],"wp:attachment":[{"href":"https:\/\/mairsturnstile.com\/es\/wp-json\/wp\/v2\/media?parent=9738"}],"wp:term":[{"taxonomy":"product_cat","embeddable":true,"href":"https:\/\/mairsturnstile.com\/es\/wp-json\/wp\/v2\/product_cat?post=9738"},{"taxonomy":"product_tag","embeddable":true,"href":"https:\/\/mairsturnstile.com\/es\/wp-json\/wp\/v2\/product_tag?post=9738"}],"curies":[{"name":"wp","href":"https:\/\/api.w.org\/{rel}","templated":true}]}}