{"id":9743,"date":"2020-09-13T17:47:27","date_gmt":"2020-09-13T09:47:27","guid":{"rendered":"https:\/\/mairsturnstile.com\/product\/torniquete-portatil-tripode-puerta-mt113-2"},"modified":"2024-11-03T13:31:29","modified_gmt":"2024-11-03T05:31:29","slug":"torniquete-portatil","status":"publish","type":"product","link":"https:\/\/mairsturnstile.com\/es\/producto\/torniquete-portatil","title":{"rendered":"TORNIQUETE PORT\u00c1TIL TORNIQUETE TR\u00cdPODE PORT\u00c1TIL"},"content":{"rendered":"        <!-- 3D Model html -->\r\n        <div class=\"bp_grand wrapper_25995\">   \r\n        <div class=\"bp_model_parent\">\r\n            <model-viewer class=\"model\" id=\"bp_model_id_25995\" src=\"http:\/\/mairsturnstile.com\/wp-content\/uploads\/2024\/10\/portable-turnstile.glb\" alt=\"portable turnstile\" camera-controls  loading=\"auto\" auto-rotate                        >\r\n            <\/model-viewer>\r\n        \r\n            <!-- Button -->\r\n            <svg id=\"openBtn\" width=\"30px\" height=\"30px\" viewBox=\"0 0 16 16\" xmlns=\"http:\/\/www.w3.org\/2000\/svg\" fill=\"#f2f2f2\" class=\"bi bi-arrows-fullscreen model-icon\">\r\n                <path fill-rule=\"evenodd\" d=\"M5.828 10.172a.5.5 0 0 0-.707 0l-4.096 4.096V11.5a.5.5 0 0 0-1 0v3.975a.5.5 0 0 0 .5.5H4.5a.5.5 0 0 0 0-1H1.732l4.096-4.096a.5.5 0 0 0 0-.707zm4.344 0a.5.5 0 0 1 .707 0l4.096 4.096V11.5a.5.5 0 1 1 1 0v3.975a.5.5 0 0 1-.5.5H11.5a.5.5 0 0 1 0-1h2.768l-4.096-4.096a.5.5 0 0 1 0-.707zm0-4.344a.5.5 0 0 0 .707 0l4.096-4.096V4.5a.5.5 0 1 0 1 0V.525a.5.5 0 0 0-.5-.5H11.5a.5.5 0 0 0 0 1h2.768l-4.096 4.096a.5.5 0 0 0 0 .707zm-4.344 0a.5.5 0 0 1-.707 0L1.025 1.732V4.5a.5.5 0 0 1-1 0V.525a.5.5 0 0 1 .5-.5H4.5a.5.5 0 0 1 0 1H1.732l4.096 4.096a.5.5 0 0 1 0 .707z\"\/>\r\n            <\/svg>\r\n        \r\n            <svg id=\"closeBtn\" class=\"model-icon\" width=\"34px\" height=\"34px\" viewBox=\"0 0 24 24\" xmlns=\"http:\/\/www.w3.org\/2000\/svg\">\r\n                <path fill=\"none\" stroke=\"#f2f2f2\" stroke-width=\"2\" d=\"M7,7 L17,17 M7,17 L17,7\"\/>\r\n            <\/svg>\r\n        \r\n        <\/div>\r\n        <\/div> \r\n\r\n        <!-- Model Viewer Style -->\r\n        <style>\r\n            \r\n            .wrapper_25995 .bp_model_parent, #bp_model_id_25995 {\r\n                width: 1150px;\r\n                max-width: 100%;\r\n                                            }\r\n            #bp_model_id_25995 {\r\n                height:700px;\r\n                background-color: #f9f9f9;\r\n            }\r\n            .fullscreen #bp_model_id_25995{\r\n            height: 100%;\r\n            width: 100%;\r\n            }\r\n            .wrapper_25995 .bp_model_parent{\r\n                justify-content: start            }\r\n            model-viewer.model {\r\n                --poster-color: transparent;\r\n            }\r\n        <\/style>\r\n        \r\n        \n<h2>La puerta giratoria giratoria port\u00e1til tiene una garant\u00eda de 2 a\u00f1os y un soporte duradero de mantenimiento y reparaci\u00f3n.<\/h2>\n<p>El torniquete port\u00e1til es una puerta torniquete peatonal m\u00f3vil que puede utilizarse para controlar el tr\u00e1fico peatonal y gestionar los puntos de acceso, compuesta por una puerta torniquete ordinaria instalada sobre una base m\u00f3vil. La base m\u00f3vil est\u00e1 equipada con cuatro ruedas. Las ruedas se pueden ajustar. Cuando el torniquete port\u00e1til necesita moverse, las ruedas se pueden ajustar hacia abajo para empujar el torniquete port\u00e1til al lugar deseado. Cuando se fija, las ruedas pueden retirarse, el torniquete port\u00e1til puede fijarse y utilizarse normalmente. Un torniquete port\u00e1til est\u00e1 de moda, es m\u00f3vil y puede personalizarse.<\/p>\n<p>La placa base suele ser de acero inoxidable 201 con una textura antideslizante para evitar el deslizamiento durante el paso. Se puede reutilizar, de modo que si un lugar ya no lo necesita, se puede trasladar a otro lugar donde se necesite el torniquete port\u00e1til. La mayor\u00eda son de alquiler, o algunos eventos deportivos, conciertos, etc. Sus ventajas son la movilidad y la portabilidad. Un torniquete port\u00e1til es econ\u00f3mico y pr\u00e1ctico, aplicable a una amplia gama de lugares, y se utiliza principalmente en lugares de un solo sentido sin autorizaci\u00f3n. Instalaci\u00f3n c\u00f3moda y larga vida \u00fatil.<\/p>\n<p>Tambi\u00e9n podemos crear una representaci\u00f3n para usted en unos minutos en funci\u00f3n de su escenario real. Tambi\u00e9n proporcionamos dise\u00f1os y dibujos detallados, as\u00ed como dibujos de instalaci\u00f3n.<\/p>\n\n        \t\n\t<style type=\"text\/css\">\n\t\t.slider-info-25996.bafg-slider-info .bafg-slider-title {\n\t\t\t\t\t\tfont-size: 22px;\n\t\t\t\t\t\t\n\t\t\t\n\t\t\t\t\t}\n\n\t\t.slider-info-25996.bafg-slider-info .bafg-slider-description {\n\t\t\t\n\t\t\t\n\t\t\t\t\t}\n\n\t\t.slider-info-25996.bafg-slider-info .bafg_slider_readmore_button {\n\t\t\t\n\t\t\t\n\t\t\t\n\t\t\t\n\t\t\t\n\t\t\ttext-align: center;\n\n\t\t\t\n\t\t\t\n\t\t\t\n\t\t\t\n\t\t\t\n\t\t\t\n\t\t\t\t\t}\n\n\t\t.slider-info-25996.bafg-slider-info .bafg_slider_readmore_button:hover {\n\n\t\t\t\n\t\t\t\n\t\t\t\t\t}\n\n\t<\/style>\n\t\n        <div class=\"bafg-twentytwenty-container slider-25996 \" bafg-orientation=\"horizontal\" bafg-default-offset=\"0.5\" bafg-before-label=\"Before\" bafg-after-label=\"After\" bafg-overlay=\"yes\" bafg-move-slider-on-hover=\"yes\" bafg-click-to-move=\"no\">\n              \n            <img decoding=\"async\" class=\"skip-lazy\" src=\"http:\/\/mairsturnstile.com\/wp-content\/uploads\/2020\/09\/portable-turnstile-7.jpg\" alt=\"portable turnstile\" data-skip-lazy title=\"\">\n            <img decoding=\"async\" class=\"skip-lazy\" src=\"http:\/\/mairsturnstile.com\/wp-content\/uploads\/2020\/09\/portable-turnstile-8.jpg\" alt=\"portable turnstile\" data-skip-lazy title=\"\">\n           \n        <\/div>\n\n        \t<div class=\"bafg-slider-info-wraper\">\n\t\t<div style=\"\" class=\"slider-info-25996 bafg-slider-info\">\n\t\t\t\t\t<\/div>\n\t<\/div>\n\t\n        <style type=\"text\/css\">\n            \n        <\/style>\n        \n<p>B\u00e1sicamente, todos los modelos de nuestros productos pueden convertirse en este torniquete port\u00e1til, pero por lo general, la mayor\u00eda de los clientes elegir\u00e1n el torniquete <a href=\"https:\/\/mairsturnstile.com\/tripod-turnstile.html\" target=\"_blank\" rel=\"noopener\">tr\u00edpode<\/a>, el <a href=\"https:\/\/mairsturnstile.com\/what-is-flap-barrier.html\" target=\"_blank\" rel=\"noopener\">torniquete de barrera de aletas<\/a> o el <a href=\"https:\/\/mairsturnstile.com\/swing-turnstile-gate.html\" target=\"_blank\" rel=\"noopener\">torniquete giratorio<\/a>. Si tiene otras necesidades, tambi\u00e9n podemos personalizarlas seg\u00fan sus necesidades. Con el desarrollo de la sociedad, el progreso de la ciencia y la tecnolog\u00eda, y la gente prestando m\u00e1s atenci\u00f3n a la seguridad de los lugares p\u00fablicos, MairsTurnstile cre\u00eda que estos productos port\u00e1tiles se utilizar\u00edan cada vez m\u00e1s.<\/p>\n<p>Los torniquetes port\u00e1tiles tambi\u00e9n se denominan torniquetes temporales porque generalmente se usan en algunos lugares temporales. Por lo general, se usa en lugares donde es inconveniente perforar y cablear, o donde la administraci\u00f3n de la propiedad no permite da\u00f1ar el suelo, o en lugares temporales donde se necesita equipo de administraci\u00f3n de control de acceso por un corto tiempo, como algunos conciertos, escenarios de actuaci\u00f3n , etc. por supuesto, debido a su movilidad, podemos seguir us\u00e1ndolo en diferentes lugares, esta tambi\u00e9n es una raz\u00f3n importante por la cual muchas personas lo necesitan. Entonces, en algunos lugares, las personas est\u00e1n m\u00e1s dispuestas a llamar torniquetes temporales.<\/p>\n<p>De hecho, un torniquete port\u00e1til se a\u00f1ade a una placa base de acero inoxidable en productos normales ordinarios. Por supuesto, debe fabricarse de acuerdo con el tama\u00f1o de una puerta giratoria ordinaria. Tambi\u00e9n podemos personalizar la base seg\u00fan el ancho de su canal u otras necesidades. Nuestra placa base ha sido probada innumerables veces para garantizar su firmeza. Puede soportar un peso m\u00e1s all\u00e1 del alcance del uso.<\/p>\n<p>A trav\u00e9s del siguiente video, puede ver todos los detalles de este producto, como la prueba del producto, la prueba de la placa base e incluso 2 o 3 adultos saltando sobre \u00e9l sin sacudirse, lo que es suficiente para demostrar que puede soportar suficiente peso. La instalaci\u00f3n de la placa base y de la puerta giratoria port\u00e1til tambi\u00e9n es muy sencilla. Por lo general, un adulto puede completarlo f\u00e1cilmente en unos minutos. Por \u00faltimo, tambi\u00e9n muestra nuestro embalaje y la entrega de los productos.<\/p>\n<p>Por supuesto, el producto que aparece en el v\u00eddeo es un torniquete de barrera de solapa m\u00f3vil, y su principio es el mismo que el del torniquete de tr\u00edpode m\u00f3vil. Si necesita este producto en el video, por favor, echa un vistazo a otro producto: <a href=\"https:\/\/mairsturnstile.com\/product\/mobile-turnstile\" target=\"_blank\" rel=\"noopener\">Torniquete de barrera de solapa torniquete m\u00f3vil<\/a><\/p>\n<p><span style=\"font-weight: 400;\"><span style=\"font-style: inherit; font-weight: inherit;\">La puerta giratoria port\u00e1til con tr\u00edpode representa una forma cl\u00e1sica y segura de proteger sus instalaciones. El torniquete con tr\u00edpode se utiliza en diversas aplicaciones en entornos interiores y exteriores. Encajan perfectamente como opci\u00f3n econ\u00f3mica en edificios de oficinas y otros relacionados <\/span><\/span><span style=\"font-weight: 400;\"><span style=\"font-style: inherit; font-weight: inherit;\">aplicaciones.<\/span><\/span><\/p>\n<ul>\n<li>El torniquete tr\u00edpode port\u00e1til es una soluci\u00f3n de entrada compacta y rentable.<\/li>\n<li>El torniquete tr\u00edpode m\u00f3vil tiene carcasa de acero inoxidable 304 totalmente impermeabilizada, resistente a la oxidaci\u00f3n, s\u00f3lida y duradera.<\/li>\n<li>El torniquete port\u00e1til se puede montar tanto en interiores como en exteriores. La tasa de IP es 54.<\/li>\n<li>Tiene una salida de rel\u00e9 est\u00e1ndar internacional, que se puede integrar f\u00e1cilmente con todo tipo de sistemas de control de acceso de terceros (es decir, RFID, huellas dactilares, <a href=\"https:\/\/en.wikipedia.org\/wiki\/Facial_recognition\" target=\"_blank\" rel=\"noopener\">reconocimiento facial<\/a>, c\u00f3digos de barras, term\u00f3metro IR).<\/li>\n<li>El torniquete port\u00e1til con tr\u00edpode es semiautom\u00e1tico. Deber\u00e1 empujar el brazo ligeramente para abrir la puerta cuando se le conceda el acceso.<\/li>\n<li>El dise\u00f1o razonable y el alto rendimiento garantizan que las puertas puedan moverse con rapidez y precisi\u00f3n, de forma estable y silenciosa; con bajo consumo de energ\u00eda, ahorro de energ\u00eda y protecci\u00f3n del medio ambiente.<\/li>\n<li>Mecanismo de molde duradero, resistente a la corrosi\u00f3n y de servicio pesado para una vida \u00fatil prolongada<\/li>\n<li>El mecanismo es el dise\u00f1o del molde. Todos los componentes son precisos. Hace que el sistema de puerta funcione sin problemas, con poco ruido. Se puede a\u00f1adir un amortiguador hidr\u00e1ulico.<\/li>\n<li>El dise\u00f1o del torniquete tr\u00edpode hace que solo pase una persona a la vez.<\/li>\n<li>Unidireccional o bidireccional es una opci\u00f3n.<\/li>\n<li>Luz indicadora direccional LED en la parte superior<\/li>\n<li>Funci\u00f3n de reloj autom\u00e1tico: si se recibe una se\u00f1al de apertura, pero el visitante no pasa por la puerta dentro de un tiempo espec\u00edfico (predeterminado 5 s), el brazo del torniquete se bloquear\u00e1 autom\u00e1ticamente.<\/li>\n<li>Cuando se corta la energ\u00eda, los brazos del torniquete del tr\u00edpode bajar\u00e1n autom\u00e1ticamente para permitir el paso libre, lo que cumple con los requisitos de seguridad contra incendios.<\/li>\n<\/ul>\n<p>Podemos proporcionar la soluci\u00f3n completa de control de acceso de seguridad. Si tiene su propio sistema de control de acceso, puede usar directamente nuestra puerta de torniquete. Si no tiene uno, tambi\u00e9n ofrecemos una soluci\u00f3n completa de control de acceso de seguridad. Consulte el video a continuaci\u00f3n para obtener m\u00e1s detalles.<\/p>\n","protected":false},"excerpt":{"rendered":"<p>1. Tama\u00f1o: 500*290*980 mm (puede personalizarse)<\/p>\n<p>2. Ancho de carril: 550 mm (se puede personalizar)<\/p>\n<p>3. Velocidad de paso: 35 personas\/min.<\/p>\n<p>4. Fuente de alimentaci\u00f3n: 110V\/220V 50\/60hz<\/p>\n<p>5. Peso: 40 kg<\/p>\n<p>6. Se\u00f1al de puerta abierta: contacto seco\/rel\u00e9<\/p>\n<p>7. Material de la carcasa: acero inoxidable 304<\/p>\n<p>8. Fiabilidad del mecanismo: 3 millones, sin culpa<\/p>\n<p>9. Modo de funcionamiento: semiautom\u00e1tico<\/p>\n<p><strong><a title=\"Torniquete de tr\u00edpode certificado CE de Mairs\" href=\"http:\/\/mairsturnstile.com\/wp-content\/uploads\/2022\/09\/Mairs-CE-Certificate-Tripod-Turnstile.pdf\" target=\"_blank\" rel=\"noopener noreferrer\">Certificaci\u00f3n CE<\/a>, <a title=\"Certificado Mairs ISO9001\" href=\"http:\/\/mairsturnstile.com\/wp-content\/uploads\/2022\/09\/Mairs-Registration-Certificate-ISO9001.pdf\" target=\"_blank\" rel=\"noopener noreferrer\">Certificado ISO 9001.<\/a><\/strong><\/p>\n","protected":false},"featured_media":56778,"comment_status":"closed","ping_status":"closed","template":"","meta":{"neve_meta_sidebar":"","neve_meta_container":"","neve_meta_enable_content_width":"off","neve_meta_content_width":0,"neve_meta_title_alignment":"","neve_meta_author_avatar":"","neve_post_elements_order":"","neve_meta_disable_header":"","neve_meta_disable_footer":"","neve_meta_disable_title":"","_ti_tpc_template_sync":false,"_ti_tpc_template_id":""},"product_cat":[678,748],"product_tag":[1577,730,776,751,835,777],"class_list":["post-9743","product","type-product","status-publish","has-post-thumbnail","hentry","product_cat-puerta-de-torniquete","product_cat-torniquete-tripode","product_tag-control-de-acceso-torniquete","product_tag-torniquete-movil","product_tag-torniquete-portatil","product_tag-torniquete-tripode","product_tag-torniquetes-de-seguridad-portatiles","product_tag-torniquetes-portatiles"],"_links":{"self":[{"href":"https:\/\/mairsturnstile.com\/es\/wp-json\/wp\/v2\/product\/9743","targetHints":{"allow":["GET"]}}],"collection":[{"href":"https:\/\/mairsturnstile.com\/es\/wp-json\/wp\/v2\/product"}],"about":[{"href":"https:\/\/mairsturnstile.com\/es\/wp-json\/wp\/v2\/types\/product"}],"replies":[{"embeddable":true,"href":"https:\/\/mairsturnstile.com\/es\/wp-json\/wp\/v2\/comments?post=9743"}],"version-history":[{"count":0,"href":"https:\/\/mairsturnstile.com\/es\/wp-json\/wp\/v2\/product\/9743\/revisions"}],"wp:featuredmedia":[{"embeddable":true,"href":"https:\/\/mairsturnstile.com\/es\/wp-json\/wp\/v2\/media\/56778"}],"wp:attachment":[{"href":"https:\/\/mairsturnstile.com\/es\/wp-json\/wp\/v2\/media?parent=9743"}],"wp:term":[{"taxonomy":"product_cat","embeddable":true,"href":"https:\/\/mairsturnstile.com\/es\/wp-json\/wp\/v2\/product_cat?post=9743"},{"taxonomy":"product_tag","embeddable":true,"href":"https:\/\/mairsturnstile.com\/es\/wp-json\/wp\/v2\/product_tag?post=9743"}],"curies":[{"name":"wp","href":"https:\/\/api.w.org\/{rel}","templated":true}]}}