{"id":9744,"date":"2020-09-13T17:32:54","date_gmt":"2020-09-13T09:32:54","guid":{"rendered":"https:\/\/mairsturnstile.com\/product\/puerta-de-seguridad-tripode-torniquete-mt113"},"modified":"2024-04-30T17:44:01","modified_gmt":"2024-04-30T09:44:01","slug":"tripode-puerta-de-seguridad","status":"publish","type":"product","link":"https:\/\/mairsturnstile.com\/es\/producto\/tripode-puerta-de-seguridad","title":{"rendered":"PUERTA DE SEGURIDAD TR\u00cdPODE TORNIQUETE MT113"},"content":{"rendered":"        <!-- 3D Model html -->\r\n        <div class=\"bp_grand wrapper_20723\">   \r\n        <div class=\"bp_model_parent\">\r\n            <model-viewer class=\"model\" id=\"bp_model_id_20723\" src=\"http:\/\/mairsturnstile.com\/wp-content\/uploads\/2023\/06\/MT113.glb\" alt=\"MT113\" camera-controls  loading=\"auto\" auto-rotate                        >\r\n            <\/model-viewer>\r\n        \r\n            <!-- Button -->\r\n            <svg id=\"openBtn\" width=\"30px\" height=\"30px\" viewBox=\"0 0 16 16\" xmlns=\"http:\/\/www.w3.org\/2000\/svg\" fill=\"#f2f2f2\" class=\"bi bi-arrows-fullscreen model-icon\">\r\n                <path fill-rule=\"evenodd\" d=\"M5.828 10.172a.5.5 0 0 0-.707 0l-4.096 4.096V11.5a.5.5 0 0 0-1 0v3.975a.5.5 0 0 0 .5.5H4.5a.5.5 0 0 0 0-1H1.732l4.096-4.096a.5.5 0 0 0 0-.707zm4.344 0a.5.5 0 0 1 .707 0l4.096 4.096V11.5a.5.5 0 1 1 1 0v3.975a.5.5 0 0 1-.5.5H11.5a.5.5 0 0 1 0-1h2.768l-4.096-4.096a.5.5 0 0 1 0-.707zm0-4.344a.5.5 0 0 0 .707 0l4.096-4.096V4.5a.5.5 0 1 0 1 0V.525a.5.5 0 0 0-.5-.5H11.5a.5.5 0 0 0 0 1h2.768l-4.096 4.096a.5.5 0 0 0 0 .707zm-4.344 0a.5.5 0 0 1-.707 0L1.025 1.732V4.5a.5.5 0 0 1-1 0V.525a.5.5 0 0 1 .5-.5H4.5a.5.5 0 0 1 0 1H1.732l4.096 4.096a.5.5 0 0 1 0 .707z\"\/>\r\n            <\/svg>\r\n        \r\n            <svg id=\"closeBtn\" class=\"model-icon\" width=\"34px\" height=\"34px\" viewBox=\"0 0 24 24\" xmlns=\"http:\/\/www.w3.org\/2000\/svg\">\r\n                <path fill=\"none\" stroke=\"#f2f2f2\" stroke-width=\"2\" d=\"M7,7 L17,17 M7,17 L17,7\"\/>\r\n            <\/svg>\r\n        \r\n        <\/div>\r\n        <\/div> \r\n\r\n        <!-- Model Viewer Style -->\r\n        <style>\r\n            \r\n            .wrapper_20723 .bp_model_parent, #bp_model_id_20723 {\r\n                width: 1150px;\r\n                max-width: 100%;\r\n                                            }\r\n            #bp_model_id_20723 {\r\n                height:700px;\r\n                background-color: #f2f2f2;\r\n            }\r\n            .fullscreen #bp_model_id_20723{\r\n            height: 100%;\r\n            width: 100%;\r\n            }\r\n            .wrapper_20723 .bp_model_parent{\r\n                justify-content: start            }\r\n            model-viewer.model {\r\n                --poster-color: transparent;\r\n            }\r\n        <\/style>\r\n        \r\n        \n<h4>La puerta de seguridad con tr\u00edpode tiene una garant\u00eda de 2 a\u00f1os y un soporte de mantenimiento y reparaci\u00f3n duradero.<\/h4>\n<p>Podemos proporcionar servicios de OEM y ODM. Contamos con dise\u00f1adores experimentados que pueden completar una personalizaci\u00f3n profunda de acuerdo con cualquiera de sus necesidades. Proporcionaremos una serie de materiales como representaciones 3D, dibujos dimensionales, etc. tan pronto como sea posible. Tambi\u00e9n proporcionamos dispositivos biom\u00e9tricos, como lectores de tarjetas IC\/ID, esc\u00e1neres de huellas dactilares, esc\u00e1neres de c\u00f3digos QR, c\u00e1maras de reconocimiento facial, etc.<\/p>\n<p>La <strong>puerta de seguridad tr\u00edpode<\/strong> es una puerta giratoria de tres brazos que se utiliza en el lugar donde se necesita la entrada y salida controlada de multitudes. El port\u00f3n de seguridad con tr\u00edpode funciona de forma suave y eficaz mediante un funcionamiento b\u00e1sico, y tambi\u00e9n impide la entrada y salida ilegal. El <a href=\"https:\/\/en.wikipedia.org\/wiki\/Turnstile\" target=\"_blank\" rel=\"noopener\">torniquete<\/a> de seguridad tr\u00edpode es un tipo de sistema de puerta de entrada f\u00e1cil, econ\u00f3mico y fiable. El <a href=\"https:\/\/mairsturnstile.com\/tripod-turnstile.html\" target=\"_blank\" rel=\"noopener\">torniquete tr\u00edpode<\/a> es un torniquete rentable que es adecuado para varios lugares.<\/p>\n<p>El <strong>torniquete tr\u00edpode<\/strong> <strong>es el tipo m\u00e1s b\u00e1sico de puerta giratoria para peatones, que se compone del chasis, el mecanismo y tres barras de bloqueo que se detienen o liberan girando 120\u00b0 cada vez.<\/strong> Sus componentes incluyen el chasis, el mecanismo, la placa de control de accionamiento, el motor, el l\u00edmite, la placa indicadora de direcci\u00f3n, la pieza de control de acceso, el contador opcional, etc. La barra de metal (longitud de la barra est\u00e1ndar de 50 cm) forma un tri\u00e1ngulo espacial como cuerpo de bloqueo (barra de freno). Est\u00e1 hecho de acero inoxidable 304 o 316, que es duradero y no se deforma f\u00e1cilmente. El bloqueo y la liberaci\u00f3n se logran por rotaci\u00f3n.<\/p>\n<p>Por lo general, la forma del torniquete tr\u00edpode est\u00e1 hecha de una placa de <a class=\"rank-math-link\" href=\"https:\/\/en.wikipedia.org\/wiki\/Stainless_steel\" target=\"_blank\" rel=\"noopener\">acero inoxidable<\/a> 304, que es hermosa y generosa, a prueba de \u00f3xido y duradera, y puede resistir el da\u00f1o de la fuerza externa.<\/p>\n<p>El torniquete de tr\u00edpode se divide en tipo mec\u00e1nico, tipo semiautom\u00e1tico y tipo completamente autom\u00e1tico desde el modo de control del mecanismo. De la forma, se divide en un torniquete de tr\u00edpode vertical y un torniquete de tr\u00edpode de puente. La puerta de torniquete de tr\u00edpode vertical tiene un volumen peque\u00f1o y es relativamente f\u00e1cil de instalar; La puerta del torniquete del tr\u00edpode del puente tiene un canal m\u00e1s largo y una mayor seguridad.<\/p>\n<p>La puerta de seguridad tr\u00edpode puede combinarse con tarjetas inteligentes, huellas dactilares, c\u00f3digos de barras y otros equipos de sistemas de identificaci\u00f3n para formar un sistema de control de acceso inteligente; se combina con un ordenador, control de acceso, asistencia, gesti\u00f3n de cargos, sistema de tickets y otros programas inform\u00e1ticos para formar un sistema de gesti\u00f3n de control de acceso inteligente, que puede realizar las funciones de control de acceso, asistencia, consumo, venta de tickets, restricci\u00f3n de corriente, etc. Traducci\u00f3n realizada con la versi\u00f3n gratuita del traductor www.DeepL.com\/Translator<\/p>\n<p>Tambi\u00e9n podemos crear una representaci\u00f3n para usted en unos minutos en funci\u00f3n de su escenario real. Tambi\u00e9n proporcionamos dise\u00f1os y planos detallados, as\u00ed como planos de instalaci\u00f3n.<\/p>\n\n        \t\n\t<style type=\"text\/css\">\n\t\t.slider-info-20745.bafg-slider-info .bafg-slider-title {\n\t\t\t\t\t\tfont-size: 22px;\n\t\t\t\t\t\t\n\t\t\t\n\t\t\t\t\t}\n\n\t\t.slider-info-20745.bafg-slider-info .bafg-slider-description {\n\t\t\t\n\t\t\t\n\t\t\t\t\t}\n\n\t\t.slider-info-20745.bafg-slider-info .bafg_slider_readmore_button {\n\t\t\t\n\t\t\t\n\t\t\t\n\t\t\t\n\t\t\t\n\t\t\ttext-align: center;\n\n\t\t\t\n\t\t\t\n\t\t\t\n\t\t\t\n\t\t\t\n\t\t\t\n\t\t\t\t\t}\n\n\t\t.slider-info-20745.bafg-slider-info .bafg_slider_readmore_button:hover {\n\n\t\t\t\n\t\t\t\n\t\t\t\t\t}\n\n\t<\/style>\n\t\n        <div class=\"bafg-twentytwenty-container slider-20745 \" bafg-orientation=\"horizontal\" bafg-default-offset=\"0.5\" bafg-before-label=\"Before\" bafg-after-label=\"After\" bafg-overlay=\"yes\" bafg-move-slider-on-hover=\"yes\" bafg-click-to-move=\"no\">\n              \n            <img decoding=\"async\" class=\"skip-lazy\" src=\"http:\/\/mairsturnstile.com\/wp-content\/uploads\/2023\/06\/tripod-security-gate_5.jpg\" alt=\"\" data-skip-lazy title=\"\">\n            <img decoding=\"async\" class=\"skip-lazy\" src=\"http:\/\/mairsturnstile.com\/wp-content\/uploads\/2023\/06\/tripod-security-gate_6.jpg\" alt=\"\" data-skip-lazy title=\"\">\n           \n        <\/div>\n\n        \t<div class=\"bafg-slider-info-wraper\">\n\t\t<div style=\"\" class=\"slider-info-20745 bafg-slider-info\">\n\t\t\t\t\t<\/div>\n\t<\/div>\n\t\n        <style type=\"text\/css\">\n            \n        <\/style>\n        \n<ul>\n<li>La puerta de seguridad tr\u00edpode es una soluci\u00f3n de entrada compacta y rentable.<\/li>\n<li>La puerta de seguridad tr\u00edpode tiene una carcasa de acero inoxidable 304 totalmente impermeable, que es resistente a la oxidaci\u00f3n, s\u00f3lida y duradera.<\/li>\n<li>El torniquete de seguridad con tr\u00edpode se puede montar tanto en interiores como en exteriores. La tasa de IP es 54<\/li>\n<li>Tiene una salida de rel\u00e9 est\u00e1ndar internacional, que se puede integrar f\u00e1cilmente con todo tipo de sistemas de control de acceso de terceros (es decir, RFID, huella digital, cara, c\u00f3digo de barras, term\u00f3metro IR).<\/li>\n<li>La puerta de seguridad del tr\u00edpode es semiautom\u00e1tica. Deber\u00e1 empujar el brazo ligeramente para abrir la puerta cuando se le conceda el acceso.<\/li>\n<li>El dise\u00f1o razonable y el alto rendimiento garantizan que las puertas se puedan mover de forma r\u00e1pida y precisa, estable y silenciosa; Con bajo consumo de energ\u00eda, conservaci\u00f3n de energ\u00eda y protecci\u00f3n del medio ambiente.<\/li>\n<li>Mecanismo de molde duradero, resistente a la corrosi\u00f3n y de servicio pesado para una vida \u00fatil prolongada<\/li>\n<li>El mecanismo es el dise\u00f1o del molde. Todos los componentes son precisos. Hace que el sistema de puerta funcione sin problemas, con poco ruido. Se puede a\u00f1adir un amortiguador hidr\u00e1ulico.<\/li>\n<li>El dise\u00f1o del torniquete de seguridad del tr\u00edpode hace que solo pase una persona a la vez.<\/li>\n<li>Unidireccional o bidireccional es una opci\u00f3n.<\/li>\n<li>Luz indicadora direccional LED en la parte superior<\/li>\n<li>Funci\u00f3n de reloj autom\u00e1tico: si se recibe una se\u00f1al de apertura, pero el visitante no pasa por la puerta dentro de un tiempo espec\u00edfico (predeterminado 5 s), el brazo del torniquete se bloquear\u00e1 autom\u00e1ticamente.<\/li>\n<li>Cuando la energ\u00eda est\u00e1 apagada, los brazos del torniquete del tr\u00edpode bajar\u00e1n autom\u00e1ticamente para permitir el paso libre, lo que cumple con los requisitos de seguridad contra incendios.<\/li>\n<\/ul>\n<p>Podemos proporcionar la soluci\u00f3n completa de control de acceso de seguridad. Si tiene su propio sistema de control de acceso, puede usar directamente nuestra puerta de torniquete. Si no tiene uno, tambi\u00e9n ofrecemos una soluci\u00f3n completa de control de acceso de seguridad. Consulte el video a continuaci\u00f3n para obtener m\u00e1s detalles.<\/p>\n<p><iframe title=\"Torniquete tr\u00edpode serie M, Torniquete serie M, Puerta de torniquete tr\u00edpode MT100 - MairsTurnstile.com\" src=\"https:\/\/www.youtube.com\/embed\/algOvzU7RdA\" width=\"1150\" height=\"650\" frameborder=\"0\" allowfullscreen=\"allowfullscreen\"><\/iframe><\/p>\n","protected":false},"excerpt":{"rendered":"<p>1. Tama\u00f1o: 480*280*980 mm (se puede personalizar)<\/p>\n<p>2. Ancho de carril: 550 mm (se puede personalizar)<\/p>\n<p>3. Velocidad de paso: 35 personas\/min.<\/p>\n<p>4. Fuente de alimentaci\u00f3n: 110V\/220V 50\/60Hz<\/p>\n<p>5. Peso: 40 kg<\/p>\n<p>6. Se\u00f1al de puerta abierta: contacto seco\/rel\u00e9<\/p>\n<p>7. Material de la carcasa: acero inoxidable 304<\/p>\n<p>8. Fiabilidad del mecanismo: 3 millones, sin culpa<\/p>\n<p>9. V\u00e1lvula solenoide: DC24V \u00b15%<\/p>\n<p><span style=\"color: #0000ff;\"><strong><a style=\"color: #0000ff;\" title=\"Torniquete de tr\u00edpode certificado CE de Mairs\" href=\"http:\/\/mairsturnstile.com\/wp-content\/uploads\/2022\/09\/Mairs-CE-Certificate-Tripod-Turnstile.pdf\" target=\"_blank\" rel=\"noopener noreferrer\">Certificaci\u00f3n CE<\/a>, <a style=\"color: #0000ff;\" title=\"Certificado Mairs ISO9001\" href=\"http:\/\/mairsturnstile.com\/wp-content\/uploads\/2022\/09\/Mairs-Registration-Certificate-ISO9001.pdf\" target=\"_blank\" rel=\"noopener noreferrer\">Certificado ISO 9001.<\/a><\/strong><\/span><\/p>\n<p><a title=\"Tr\u00edpode Puerta de seguridad Tr\u00edpode Torniquete Folleto\" href=\"http:\/\/mairsturnstile.com\/wp-content\/uploads\/2023\/12\/MT113-brochure.pdf\" target=\"_blank\" rel=\"noopener noreferrer\"><img decoding=\"async\" class=\"alignnone size-full wp-image-11034\" src=\"http:\/\/mairsturnstile.com\/wp-content\/uploads\/2022\/09\/pdf-MairsTurnstile.png\" alt=\"\" width=\"32\" height=\"32\"><span style=\"color: #0000ff;\"><strong>Folleto de la puerta de seguridad tr\u00edpode MT113<\/strong><\/span><\/a><\/p>\n","protected":false},"featured_media":25496,"comment_status":"closed","ping_status":"closed","template":"","meta":{"neve_meta_sidebar":"","neve_meta_container":"","neve_meta_enable_content_width":"off","neve_meta_content_width":0,"neve_meta_title_alignment":"","neve_meta_author_avatar":"","neve_post_elements_order":"","neve_meta_disable_header":"","neve_meta_disable_footer":"","neve_meta_disable_title":"","_ti_tpc_template_sync":false,"_ti_tpc_template_id":""},"product_cat":[678,748],"product_tag":[1636,778,1380,770,1379,751,1637],"class_list":["post-9744","product","type-product","status-publish","has-post-thumbnail","hentry","product_cat-puerta-de-torniquete","product_cat-torniquete-tripode","product_tag-precio-torniquete-tripode","product_tag-puerta-de-seguridad-con-tripode","product_tag-puerta-de-torniquete-manual","product_tag-puerta-giratoria-con-tripode","product_tag-torniquete-manual","product_tag-torniquete-tripode","product_tag-torniquetes-de-gimnasio-es"],"_links":{"self":[{"href":"https:\/\/mairsturnstile.com\/es\/wp-json\/wp\/v2\/product\/9744","targetHints":{"allow":["GET"]}}],"collection":[{"href":"https:\/\/mairsturnstile.com\/es\/wp-json\/wp\/v2\/product"}],"about":[{"href":"https:\/\/mairsturnstile.com\/es\/wp-json\/wp\/v2\/types\/product"}],"replies":[{"embeddable":true,"href":"https:\/\/mairsturnstile.com\/es\/wp-json\/wp\/v2\/comments?post=9744"}],"version-history":[{"count":0,"href":"https:\/\/mairsturnstile.com\/es\/wp-json\/wp\/v2\/product\/9744\/revisions"}],"wp:featuredmedia":[{"embeddable":true,"href":"https:\/\/mairsturnstile.com\/es\/wp-json\/wp\/v2\/media\/25496"}],"wp:attachment":[{"href":"https:\/\/mairsturnstile.com\/es\/wp-json\/wp\/v2\/media?parent=9744"}],"wp:term":[{"taxonomy":"product_cat","embeddable":true,"href":"https:\/\/mairsturnstile.com\/es\/wp-json\/wp\/v2\/product_cat?post=9744"},{"taxonomy":"product_tag","embeddable":true,"href":"https:\/\/mairsturnstile.com\/es\/wp-json\/wp\/v2\/product_tag?post=9744"}],"curies":[{"name":"wp","href":"https:\/\/api.w.org\/{rel}","templated":true}]}}