{"id":9748,"date":"2021-07-12T00:20:07","date_gmt":"2021-07-11T16:20:07","guid":{"rendered":"https:\/\/mairsturnstile.com\/product\/torniquetes-de-venta-al-por-mayor-y-al-por-menor-torniquete-de-puerta-de-velocidad-mt328"},"modified":"2024-11-01T12:50:42","modified_gmt":"2024-11-01T04:50:42","slug":"venta-al-por-menor-torniquetes","status":"publish","type":"product","link":"https:\/\/mairsturnstile.com\/es\/producto\/venta-al-por-menor-torniquetes","title":{"rendered":"Torniquetes de venta al por mayor y al por menor Torniquete de puerta de velocidad MT325"},"content":{"rendered":"        <!-- 3D Model html -->\r\n        <div class=\"bp_grand wrapper_23470\">   \r\n        <div class=\"bp_model_parent\">\r\n            <model-viewer class=\"model\" id=\"bp_model_id_23470\" src=\"http:\/\/mairsturnstile.com\/wp-content\/uploads\/2023\/07\/MT325.glb\" alt=\"MT325\" camera-controls  loading=\"auto\" auto-rotate                        >\r\n            <\/model-viewer>\r\n        \r\n            <!-- Button -->\r\n            <svg id=\"openBtn\" width=\"30px\" height=\"30px\" viewBox=\"0 0 16 16\" xmlns=\"http:\/\/www.w3.org\/2000\/svg\" fill=\"#f2f2f2\" class=\"bi bi-arrows-fullscreen model-icon\">\r\n                <path fill-rule=\"evenodd\" d=\"M5.828 10.172a.5.5 0 0 0-.707 0l-4.096 4.096V11.5a.5.5 0 0 0-1 0v3.975a.5.5 0 0 0 .5.5H4.5a.5.5 0 0 0 0-1H1.732l4.096-4.096a.5.5 0 0 0 0-.707zm4.344 0a.5.5 0 0 1 .707 0l4.096 4.096V11.5a.5.5 0 1 1 1 0v3.975a.5.5 0 0 1-.5.5H11.5a.5.5 0 0 1 0-1h2.768l-4.096-4.096a.5.5 0 0 1 0-.707zm0-4.344a.5.5 0 0 0 .707 0l4.096-4.096V4.5a.5.5 0 1 0 1 0V.525a.5.5 0 0 0-.5-.5H11.5a.5.5 0 0 0 0 1h2.768l-4.096 4.096a.5.5 0 0 0 0 .707zm-4.344 0a.5.5 0 0 1-.707 0L1.025 1.732V4.5a.5.5 0 0 1-1 0V.525a.5.5 0 0 1 .5-.5H4.5a.5.5 0 0 1 0 1H1.732l4.096 4.096a.5.5 0 0 1 0 .707z\"\/>\r\n            <\/svg>\r\n        \r\n            <svg id=\"closeBtn\" class=\"model-icon\" width=\"34px\" height=\"34px\" viewBox=\"0 0 24 24\" xmlns=\"http:\/\/www.w3.org\/2000\/svg\">\r\n                <path fill=\"none\" stroke=\"#f2f2f2\" stroke-width=\"2\" d=\"M7,7 L17,17 M7,17 L17,7\"\/>\r\n            <\/svg>\r\n        \r\n        <\/div>\r\n        <\/div> \r\n\r\n        <!-- Model Viewer Style -->\r\n        <style>\r\n            \r\n            .wrapper_23470 .bp_model_parent, #bp_model_id_23470 {\r\n                width: 1150px;\r\n                max-width: 100%;\r\n                                            }\r\n            #bp_model_id_23470 {\r\n                height:700px;\r\n                background-color: #f2f2f2;\r\n            }\r\n            .fullscreen #bp_model_id_23470{\r\n            height: 100%;\r\n            width: 100%;\r\n            }\r\n            .wrapper_23470 .bp_model_parent{\r\n                justify-content: start            }\r\n            model-viewer.model {\r\n                --poster-color: transparent;\r\n            }\r\n        <\/style>\r\n        \r\n        \n<h4><strong><b>Este torniquete para mayoristas y minoristas MT328 <\/b><\/strong><strong><b>lleva <\/b><\/strong><strong><b>una garant\u00eda de 2 a\u00f1os y un soporte de mantenimiento y reparaci\u00f3n duradero.<\/b><\/strong><strong><b> <\/b><\/strong><\/h4>\n<p>Mairs puede personalizar las puertas de velocidad de torniquetes \u00f3pticos Fastlane de acuerdo con sus requisitos. Podemos proporcionar servicios de OEM y ODM. Tambi\u00e9n proporcionamos dispositivos biom\u00e9tricos, como lectores de tarjetas IC\/ID, esc\u00e1neres de huellas dactilares, esc\u00e1neres de c\u00f3digos QR, c\u00e1maras de reconocimiento facial, etc. Si necesita integrar estos dispositivos en la puerta de torniquete de altura completa o tiene alguna pregunta, <a href=\"https:\/\/mairsturnstile.com\/contact\">cont\u00e1ctenos<\/a><\/p>\n<p><strong>Torniquetes de venta al p\u00fablico Speed Gate MT328<\/strong> <strong><b>Torniquetes autom\u00e1ticos Slim Fast Speed <a href=\"https:\/\/mairsturnstile.com\/speed-gates.html\">Gates<\/a><\/b><\/strong><strong><b>torniquetes de seguridad para vest\u00edbulos.<\/b><\/strong><\/p>\n<p><strong><b>El torniquete de puerta de velocidad de torniquetes para minoristas MT328 es un producto de torniquete de barrera oscilante de puerta de alta velocidad inteligente de gama alta de Mairs, que puede detectar completamente la situaci\u00f3n de paso del cuerpo humano.<\/b><\/strong><\/p>\n<p>El material del cuerpo de las puertas de velocidad de los torniquetes de venta al por menor Fastlane es de acero inoxidable 304, que es antioxidante, duradero y tiene una alta resistencia.<\/p>\n<p>Somos venta directa de f\u00e1brica. tambi\u00e9n estamos comprometidos con el ahorro de costos para nuestros clientes. garantizamos ofrecer el mejor precio de puerta de torniquete en l\u00ednea, optimizado a un bajo costo. Por lo tanto, no solo ofrecemos los mejores precios de torniquetes al por mayor, sino que tambi\u00e9n ofrecemos precios competitivos de torniquetes al por menor. Al mismo tiempo, todas nuestras puertas de torniquetes brindan un servicio de garant\u00eda de 2 a\u00f1os. Proporcione equipos de torniquetes de control de acceso de seguridad rentables y de alta calidad para hacer de nuestro mundo un lugar mejor.<\/p>\n<p>Si usted es una empresa o un particular, si desea m\u00e1s de una puerta de torniquete o solo una, le brindaremos el mejor servicio y el mejor precio de venta de torniquetes.<\/p>\n<p>Tambi\u00e9n podemos crear una representaci\u00f3n para usted en unos minutos en funci\u00f3n de su escenario real. Tambi\u00e9n proporcionamos dise\u00f1os y dibujos detallados, as\u00ed como dibujos de instalaci\u00f3n.<\/p>\n\n        \t\n\t<style type=\"text\/css\">\n\t\t.slider-info-23484.bafg-slider-info .bafg-slider-title {\n\t\t\t\t\t\tfont-size: 22px;\n\t\t\t\t\t\t\n\t\t\t\n\t\t\t\t\t}\n\n\t\t.slider-info-23484.bafg-slider-info .bafg-slider-description {\n\t\t\t\n\t\t\t\n\t\t\t\t\t}\n\n\t\t.slider-info-23484.bafg-slider-info .bafg_slider_readmore_button {\n\t\t\t\n\t\t\t\n\t\t\t\n\t\t\t\n\t\t\t\n\t\t\ttext-align: center;\n\n\t\t\t\n\t\t\t\n\t\t\t\n\t\t\t\n\t\t\t\n\t\t\t\n\t\t\t\t\t}\n\n\t\t.slider-info-23484.bafg-slider-info .bafg_slider_readmore_button:hover {\n\n\t\t\t\n\t\t\t\n\t\t\t\t\t}\n\n\t<\/style>\n\t\n        <div class=\"bafg-twentytwenty-container slider-23484 \" bafg-orientation=\"horizontal\" bafg-default-offset=\"0.5\" bafg-before-label=\"Before\" bafg-after-label=\"After\" bafg-overlay=\"yes\" bafg-move-slider-on-hover=\"yes\" bafg-click-to-move=\"no\">\n              \n            <img decoding=\"async\" class=\"skip-lazy\" src=\"http:\/\/mairsturnstile.com\/wp-content\/uploads\/2023\/07\/retail-turnstiles_6.jpg\" alt=\"\" data-skip-lazy title=\"\">\n            <img decoding=\"async\" class=\"skip-lazy\" src=\"http:\/\/mairsturnstile.com\/wp-content\/uploads\/2023\/07\/retail-turnstiles_7.jpg\" alt=\"\" data-skip-lazy title=\"\">\n           \n        <\/div>\n\n        \t<div class=\"bafg-slider-info-wraper\">\n\t\t<div style=\"\" class=\"slider-info-23484 bafg-slider-info\">\n\t\t\t\t\t<\/div>\n\t<\/div>\n\t\n        <style type=\"text\/css\">\n            \n        <\/style>\n        \n<p><strong><b>Anti-tag despu\u00e9s, anti-hit contra, comunicaci\u00f3n RS485, motor DC Brushless, <\/b><\/strong>Esta velocidad puertas torniquete <strong><b>Compatible con todo tipo de sistemas de <a href=\"https:\/\/en.wikipedia.org\/wiki\/Access_control\" target=\"_blank\" rel=\"noopener noreferrer\">control de<\/a> acceso<\/b><\/strong><strong><b>.<\/b><\/strong><\/p>\n<p>Estos torniquetes de seguridad para puertas de velocidad de venta minorista son ampliamente utilizados en la estaci\u00f3n de autobuses, puertos, subterr\u00e1neos, f\u00e1bricas, mansiones, \u00e1reas residenciales, hoteles, empresas, etc. en cualquier lugar que requiera un control de flujo inteligente.<\/p>\n<p>Tiene la funci\u00f3n de autoverificaci\u00f3n de fallas y aviso de alarma, lo cual es conveniente para que los usuarios mantengan y usen.<\/p>\n<p>Se puede conectar con cualquier se\u00f1al de control o bot\u00f3n y se puede emitir mediante cualquier dispositivo de control para realizar un control unidireccional y bidireccional.<\/p>\n<p>El paso libre unidireccional y bidireccional se puede configurar arbitrariamente.<\/p>\n<p>Cuando el equipo se enciende o se reinicia, tiene la funci\u00f3n de autoverificaci\u00f3n de fallas, lo cual es conveniente para que los usuarios mantengan y usen.<\/p>\n<p>Indicaci\u00f3n de estado de sem\u00e1foro de alta intensidad. Si alguien lo sigue, la puerta autom\u00e1ticamente iniciar\u00e1 el bloqueo de empuje inverso y emitir\u00e1 una alarma. Conecte la se\u00f1al de alarma de incendios.<\/p>\n<p><strong>Par\u00e1metro t\u00e9cnico:<\/strong><\/p>\n<p>1. Tama\u00f1o: 1200*185*980mm<br \/>\n2. Material: 1,0 mm SUS 304 Rayita 400#+cubierta superior 1,5 mm SUS304<br \/>\n3. Material del brazo: Panel acr\u00edlico<br \/>\n4. Ancho de paso: Est\u00e1ndar 600 mm Discapacitados 900 mm<br \/>\n5. Direcci\u00f3n de paso \u00danica direccional \/ bidireccional<br \/>\n6. Tasa de aprobaci\u00f3n: 30-35 personas\/minuto<br \/>\n7. Tiempo de funcionamiento: 0,2 segundos<br \/>\n8. Entrada de energ\u00eda: AC100-240V, 50\/60HZ<br \/>\n9. Voltaje de trabajo 24V<br \/>\n10. Humedad de trabajo: 30%~95%<br \/>\n11. Temperatura de trabajo: -10\u2103~+70\u2103<br \/>\n12. Ambiente de trabajo: interior y exterior<br \/>\n13. Interfaz de entrada: RS485, rel\u00e9 de contacto seco<br \/>\n14. Mecanismo: mecanismo antigolpes de motor DC sin escobillas<br \/>\n15. Sensor infrarrojo: 4 pares<br \/>\n16. MCBF: 3.000.000 ciclos<br \/>\n17. Aplicaci\u00f3n: estaciones de autobuses, bibliotecas, salas de gobierno, f\u00e1bricas, escuelas, etc.<\/p>\n<p>Podemos proporcionar la soluci\u00f3n completa de control de acceso de seguridad. Si tiene su propio sistema de control de acceso, puede usar directamente nuestra puerta de torniquete. Si no tiene uno, tambi\u00e9n ofrecemos una soluci\u00f3n completa de control de acceso de seguridad. Consulte el video a continuaci\u00f3n para obtener m\u00e1s detalles.<\/p>\n<p><iframe title=\"Torniquetes de vidrio, Torniquetes de vidrio templado, Torniquetes abatibles de vidrio a la venta - MairsTurnstile\" src=\"https:\/\/www.youtube.com\/embed\/n6MbKy14gAk\" width=\"1150\" height=\"650\" frameborder=\"0\" allowfullscreen=\"allowfullscreen\"><\/iframe><\/p>\n","protected":false},"excerpt":{"rendered":"<p>1. Tama\u00f1o: 1200*185*980mm (se puede personalizar)<\/p>\n<p>2. Material: 1,0 mm SUS 304 Rayita 400#+cubierta superior 1,5 mm SUS304<\/p>\n<p>3. Material del brazo: Panel acr\u00edlico<\/p>\n<p>4. Ancho de paso: Est\u00e1ndar 600 mm Discapacitados 900 mm<\/p>\n<p>5. Direcci\u00f3n de paso \u00danica direccional \/ bidireccional<\/p>\n<p>6. Tasa de aprobaci\u00f3n: 30-35 personas\/minuto<\/p>\n<p>7. Tiempo de funcionamiento: 0,2 segundos<\/p>\n<p>8. Entrada de energ\u00eda: AC100-240V, 50\/60HZ<\/p>\n<p>9. Interfaz de entrada: RS485, rel\u00e9 de contacto seco<\/p>\n<p><strong><a title=\"Puerta de torniquete abatible con certificaci\u00f3n CE de Mairs\" href=\"http:\/\/mairsturnstile.com\/wp-content\/uploads\/2022\/09\/Mairs-CE-Certificate-Swing-Turnstile-Gate.pdf\" target=\"_blank\" rel=\"noopener noreferrer\">Certificaci\u00f3n CE<\/a>, <a title=\"Certificado Mairs ISO9001\" href=\"http:\/\/mairsturnstile.com\/wp-content\/uploads\/2022\/09\/Mairs-Registration-Certificate-ISO9001.pdf\" target=\"_blank\" rel=\"noopener noreferrer\">Certificado ISO 9001.<\/a><\/strong><\/p>\n<p><a title=\"Folleto de torniquetes giratorios\" href=\"http:\/\/mairsturnstile.com\/wp-content\/uploads\/2023\/12\/MT325-brochure.pdf\" target=\"_blank\" rel=\"noopener noreferrer\" data-wp-editing=\"1\"><img decoding=\"async\" class=\"alignnone size-full wp-image-11034\" src=\"http:\/\/mairsturnstile.com\/wp-content\/uploads\/2022\/09\/pdf-MairsTurnstile.png\" alt=\"\" width=\"32\" height=\"32\"><strong><span style=\"color: #0000ff;\">Folleto del torniquete giratorio MT325<\/span><\/strong><\/a><\/p>\n","protected":false},"featured_media":26849,"comment_status":"closed","ping_status":"closed","template":"","meta":{"neve_meta_sidebar":"","neve_meta_container":"","neve_meta_enable_content_width":"off","neve_meta_content_width":0,"neve_meta_title_alignment":"","neve_meta_author_avatar":"","neve_post_elements_order":"","neve_meta_disable_header":"","neve_meta_disable_footer":"","neve_meta_disable_title":"","_ti_tpc_template_sync":false,"_ti_tpc_template_id":""},"product_cat":[678,801],"product_tag":[1595,1593,1650,1651,785],"class_list":["post-9748","product","type-product","status-publish","has-post-thumbnail","hentry","product_cat-puerta-de-torniquete","product_cat-puerta-de-torniquete-abatible","product_tag-costo-del-torniquete","product_tag-cuanto-cuesta-un-torniquete","product_tag-precio-de-la-puerta-del-torniquete","product_tag-venta-al-por-major-torniquete","product_tag-venta-al-por-menor-torniquetes"],"_links":{"self":[{"href":"https:\/\/mairsturnstile.com\/es\/wp-json\/wp\/v2\/product\/9748","targetHints":{"allow":["GET"]}}],"collection":[{"href":"https:\/\/mairsturnstile.com\/es\/wp-json\/wp\/v2\/product"}],"about":[{"href":"https:\/\/mairsturnstile.com\/es\/wp-json\/wp\/v2\/types\/product"}],"replies":[{"embeddable":true,"href":"https:\/\/mairsturnstile.com\/es\/wp-json\/wp\/v2\/comments?post=9748"}],"version-history":[{"count":0,"href":"https:\/\/mairsturnstile.com\/es\/wp-json\/wp\/v2\/product\/9748\/revisions"}],"wp:featuredmedia":[{"embeddable":true,"href":"https:\/\/mairsturnstile.com\/es\/wp-json\/wp\/v2\/media\/26849"}],"wp:attachment":[{"href":"https:\/\/mairsturnstile.com\/es\/wp-json\/wp\/v2\/media?parent=9748"}],"wp:term":[{"taxonomy":"product_cat","embeddable":true,"href":"https:\/\/mairsturnstile.com\/es\/wp-json\/wp\/v2\/product_cat?post=9748"},{"taxonomy":"product_tag","embeddable":true,"href":"https:\/\/mairsturnstile.com\/es\/wp-json\/wp\/v2\/product_tag?post=9748"}],"curies":[{"name":"wp","href":"https:\/\/api.w.org\/{rel}","templated":true}]}}