{"id":9750,"date":"2021-07-12T00:15:01","date_gmt":"2021-07-11T16:15:01","guid":{"rendered":"https:\/\/mairsturnstile.com\/product\/torniquete-de-puertas-de-velocidad-de-seguridad-con-servomotor-mt-a309"},"modified":"2023-10-30T19:08:13","modified_gmt":"2023-10-30T11:08:13","slug":"puertas-rapidas-de-seguridad","status":"publish","type":"product","link":"https:\/\/mairsturnstile.com\/es\/producto\/puertas-rapidas-de-seguridad","title":{"rendered":"Servomotor Seguridad Puertas de velocidad Torniquete MT-A304"},"content":{"rendered":"<h2><strong>Este torniquete MT-A304 de puertas de velocidad de seguridad con servomotor de alta calidad tiene una garant\u00eda de 2 a\u00f1os y soporte duradero de mantenimiento y reparaci\u00f3n. <\/strong><\/h2>\n<h4><strong><b>Mairs, h\u0131zl\u0131 kap\u0131 turnikesini ve g\u00fcvenlik h\u0131zl\u0131 turnikelerini ihtiya\u00e7lar\u0131n\u0131za g\u00f6re \u00f6zelle\u015ftirebilir.<\/b><\/strong><\/h4>\n<p>Podemos proporcionar servicios de OEM y ODM. Contamos con dise\u00f1adores experimentados que pueden completar una personalizaci\u00f3n profunda de acuerdo con cualquiera de sus necesidades. Proporcionaremos una serie de materiales como representaciones 3D, dibujos dimensionales, etc. tan pronto como sea posible. Tambi\u00e9n proporcionamos dispositivos biom\u00e9tricos, como lectores de tarjetas IC\/ID, esc\u00e1neres de huellas dactilares, esc\u00e1neres de c\u00f3digos QR, c\u00e1maras de reconocimiento facial, etc.<\/p>\n<h4><strong><b>Servomotor Puertas de seguridad de velocidad Torniquete autom\u00e1tico de barrera de oscilaci\u00f3n delgada<\/b><\/strong><strong><b>, <\/b><\/strong><strong><b>Servo Motor Security Speed Gates Turnstile para vest\u00edbulos.<\/b><\/strong><\/h4>\n<p><strong><b>El torniquete de puertas de velocidad de seguridad es un producto de puertas de velocidad de seguridad de torniquete oscilante inteligente de gama alta de Mairs, que puede detectar completamente la situaci\u00f3n de paso del cuerpo humano.<\/b><\/strong><strong><b> <\/b><\/strong>Bu h\u0131zl\u0131 kap\u0131lar\u0131n g\u00f6vde malzemesi, paslanmaya kar\u015f\u0131 dayan\u0131kl\u0131, dayan\u0131kl\u0131 ve olduk\u00e7a dayan\u0131kl\u0131 olan 304 paslanmaz \u00e7eliktir.<\/p>\n<p>Tambi\u00e9n podemos crear una representaci\u00f3n para usted en unos minutos en funci\u00f3n de su escenario real. Tambi\u00e9n proporcionamos dise\u00f1os y dibujos detallados, as\u00ed como dibujos de instalaci\u00f3n.<\/p>\n<p>Estas puertas de velocidad de seguridad con servomotor pueden ser compatibles con tarjetas IC, tarjetas de identificaci\u00f3n, tarjetas de c\u00f3digo de barras, lectores de tarjetas de huellas dactilares, c\u00e1maras de reconocimiento facial y otros dispositivos biom\u00e9tricos, lo que proporciona un acceso civilizado y ordenado para el personal; Gestionar de forma eficaz los derechos de acceso de los empleados. Puede utilizarse ampliamente en vest\u00edbulos de edificios, estaciones, muelles, metros, f\u00e1bricas, edificios de oficinas, hoteles, clubes, comunidades inteligentes, empresas y otros lugares que necesitan una gesti\u00f3n inteligente <a href=\"https:\/\/en.wikipedia.org\/wiki\/Access_control\" target=\"_blank\" rel=\"noopener\">del control de acceso<\/a>.<\/p>\n<p><strong>Par\u00e1metro t\u00e9cnico:<\/strong><\/p>\n<p>1. Boyut: 1500*120*980mm<br \/>\n2. Material: Cap1.5 mm+cuerpo 1.2mm cepillado SUS 304<br \/>\n3. Material del brazo: Acr\u00edlico de 10 mm (opci\u00f3n de vidrio templado)<br \/>\n4. Ancho de paso: Est\u00e1ndar 600 mm m\u00e1x. 1200 mm (brazo ahuecado m\u00e1s de 900 mm)<br \/>\n5. Altura del brazo: 1500 mm m\u00e1x. (dentro de 900 mm de ancho)<br \/>\n6. Direcci\u00f3n de paso \u00danica direccional \/ bidireccional<br \/>\n7. Tasa de aprobaci\u00f3n: 30-35 personas\/minuto<br \/>\n8. Tiempo de funcionamiento: 0,2 segundos<br \/>\n9. Entrada de energ\u00eda: AC100-240V, 50\/60HZ<br \/>\n10. Voltaje de funcionamiento: 24V<br \/>\n11. Humedad de trabajo: 30%~95%<br \/>\n12. Temperatura de trabajo: -40\u2103~+70\u2103<br \/>\n13. Ambiente de trabajo: Interior<br \/>\n14. Interfaz de entrada: RS485, contacto seco<br \/>\n15. Mecanismo: Motor servo sin escobillas 120W<br \/>\n16 Sensor infrarrojo: 6 pares<br \/>\n17. MCBF: 5.000.000 ciclos<br \/>\n18. Aplicaci\u00f3n: edificio de oficinas, hoteles, salas de gobierno, etc.<\/p>\n<p>Podemos proporcionar la soluci\u00f3n completa de control de acceso de seguridad. Si tiene su propio sistema de control de acceso, puede usar directamente nuestra puerta de torniquete. Si no tiene uno, tambi\u00e9n ofrecemos una soluci\u00f3n completa de control de acceso de seguridad. Consulte el video a continuaci\u00f3n para obtener m\u00e1s detalles.<\/p>\n<p><iframe title=\"Torniquete de aeropuerto, torniquete de puerta r\u00e1pida para aeropuerto, estaci\u00f3n de metro - MairsTurnstile.com\" src=\"https:\/\/www.youtube.com\/embed\/rR_US2dIKU8\" width=\"1150\" height=\"650\" frameborder=\"0\" allowfullscreen=\"allowfullscreen\"><\/iframe><\/p>\n","protected":false},"excerpt":{"rendered":"<p>1. Tama\u00f1o: 1500*150*980mm<\/p>\n<p>2. Material: Cap1.5 mm+cuerpo 1.2mm cepillado SUS 304<\/p>\n<p>3. Material del brazo: Acr\u00edlico de 10 mm (opci\u00f3n de vidrio templado)<\/p>\n<p>4. Ancho de paso: Est\u00e1ndar 600 mm m\u00e1x. 1200 mm (brazo ahuecado m\u00e1s de 900 mm)<\/p>\n<p>5. Altura del brazo: 1500 mm m\u00e1x. (dentro de 900 mm de ancho)<\/p>\n<p>6. Direcci\u00f3n de paso \u00danica direccional \/ bidireccional<\/p>\n<p>7. Tasa de aprobaci\u00f3n: 30-35 personas\/minuto<\/p>\n<p>8. Tiempo de funcionamiento: 0,2 segundos<\/p>\n<p>9. Entrada de energ\u00eda: AC100-240V, 50\/60HZ<\/p>\n<p><span style=\"color: #0000ff;\"><strong><a style=\"color: #0000ff;\" title=\"Mairs CE Certificated Speed Gate Turnstile\" href=\"http:\/\/mairsturnstile.com\/wp-content\/uploads\/2022\/09\/Mairs-CE-Certificate-Speed-Gate-Turnstile.pdf\" target=\"_blank\" rel=\"noopener noreferrer\">Certificaci\u00f3n CE<\/a>, <a style=\"color: #0000ff;\" title=\"Certificado Mairs ISO9001\" href=\"http:\/\/mairsturnstile.com\/wp-content\/uploads\/2022\/09\/Mairs-Registration-Certificate-ISO9001.pdf\" target=\"_blank\" rel=\"noopener noreferrer\">Certificado ISO 9001.<\/a><\/strong><\/span><\/p>\n","protected":false},"featured_media":62392,"comment_status":"closed","ping_status":"closed","template":"","meta":{"neve_meta_sidebar":"","neve_meta_container":"","neve_meta_enable_content_width":"off","neve_meta_content_width":0,"neve_meta_title_alignment":"","neve_meta_author_avatar":"","neve_post_elements_order":"","neve_meta_disable_header":"","neve_meta_disable_footer":"","neve_meta_disable_title":"","_ti_tpc_template_sync":false,"_ti_tpc_template_id":""},"product_cat":[678,779],"product_tag":[1584,784,788,1583],"class_list":["post-9750","product","type-product","status-publish","has-post-thumbnail","hentry","product_cat-puerta-de-torniquete","product_cat-puertas-de-velocidad","product_tag-que-son-las-puertas-de-velocidad","product_tag-puertas-de-velocidad","product_tag-puertas-de-velocidad-de-seguridad","product_tag-sistema-de-control-de-acceso-por-torniquete"],"_links":{"self":[{"href":"https:\/\/mairsturnstile.com\/es\/wp-json\/wp\/v2\/product\/9750","targetHints":{"allow":["GET"]}}],"collection":[{"href":"https:\/\/mairsturnstile.com\/es\/wp-json\/wp\/v2\/product"}],"about":[{"href":"https:\/\/mairsturnstile.com\/es\/wp-json\/wp\/v2\/types\/product"}],"replies":[{"embeddable":true,"href":"https:\/\/mairsturnstile.com\/es\/wp-json\/wp\/v2\/comments?post=9750"}],"version-history":[{"count":0,"href":"https:\/\/mairsturnstile.com\/es\/wp-json\/wp\/v2\/product\/9750\/revisions"}],"wp:featuredmedia":[{"embeddable":true,"href":"https:\/\/mairsturnstile.com\/es\/wp-json\/wp\/v2\/media\/62392"}],"wp:attachment":[{"href":"https:\/\/mairsturnstile.com\/es\/wp-json\/wp\/v2\/media?parent=9750"}],"wp:term":[{"taxonomy":"product_cat","embeddable":true,"href":"https:\/\/mairsturnstile.com\/es\/wp-json\/wp\/v2\/product_cat?post=9750"},{"taxonomy":"product_tag","embeddable":true,"href":"https:\/\/mairsturnstile.com\/es\/wp-json\/wp\/v2\/product_tag?post=9750"}],"curies":[{"name":"wp","href":"https:\/\/api.w.org\/{rel}","templated":true}]}}