{"id":9752,"date":"2021-05-12T17:48:31","date_gmt":"2021-05-12T09:48:31","guid":{"rendered":"https:\/\/mairsturnstile.com\/product\/puertas-de-velocidad-de-motor-sin-escobillas-super-delgadas-para-lobby-mt-h318"},"modified":"2023-11-01T10:50:49","modified_gmt":"2023-11-01T02:50:49","slug":"puertas-rapidas-australia","status":"publish","type":"product","link":"https:\/\/mairsturnstile.com\/es\/producto\/puertas-rapidas-australia","title":{"rendered":"Puertas de velocidad de motor sin escobillas para vest\u00edbulo MT382"},"content":{"rendered":"        <!-- 3D Model html -->\r\n        <div class=\"bp_grand wrapper_25607\">   \r\n        <div class=\"bp_model_parent\">\r\n            <model-viewer class=\"model\" id=\"bp_model_id_25607\" src=\"http:\/\/mairsturnstile.com\/wp-content\/uploads\/2024\/11\/MT381.glb\" alt=\"MT381\" camera-controls  loading=\"auto\" auto-rotate                        >\r\n            <\/model-viewer>\r\n        \r\n            <!-- Button -->\r\n            <svg id=\"openBtn\" width=\"30px\" height=\"30px\" viewBox=\"0 0 16 16\" xmlns=\"http:\/\/www.w3.org\/2000\/svg\" fill=\"#f2f2f2\" class=\"bi bi-arrows-fullscreen model-icon\">\r\n                <path fill-rule=\"evenodd\" d=\"M5.828 10.172a.5.5 0 0 0-.707 0l-4.096 4.096V11.5a.5.5 0 0 0-1 0v3.975a.5.5 0 0 0 .5.5H4.5a.5.5 0 0 0 0-1H1.732l4.096-4.096a.5.5 0 0 0 0-.707zm4.344 0a.5.5 0 0 1 .707 0l4.096 4.096V11.5a.5.5 0 1 1 1 0v3.975a.5.5 0 0 1-.5.5H11.5a.5.5 0 0 1 0-1h2.768l-4.096-4.096a.5.5 0 0 1 0-.707zm0-4.344a.5.5 0 0 0 .707 0l4.096-4.096V4.5a.5.5 0 1 0 1 0V.525a.5.5 0 0 0-.5-.5H11.5a.5.5 0 0 0 0 1h2.768l-4.096 4.096a.5.5 0 0 0 0 .707zm-4.344 0a.5.5 0 0 1-.707 0L1.025 1.732V4.5a.5.5 0 0 1-1 0V.525a.5.5 0 0 1 .5-.5H4.5a.5.5 0 0 1 0 1H1.732l4.096 4.096a.5.5 0 0 1 0 .707z\"\/>\r\n            <\/svg>\r\n        \r\n            <svg id=\"closeBtn\" class=\"model-icon\" width=\"34px\" height=\"34px\" viewBox=\"0 0 24 24\" xmlns=\"http:\/\/www.w3.org\/2000\/svg\">\r\n                <path fill=\"none\" stroke=\"#f2f2f2\" stroke-width=\"2\" d=\"M7,7 L17,17 M7,17 L17,7\"\/>\r\n            <\/svg>\r\n        \r\n        <\/div>\r\n        <\/div> \r\n\r\n        <!-- Model Viewer Style -->\r\n        <style>\r\n            \r\n            .wrapper_25607 .bp_model_parent, #bp_model_id_25607 {\r\n                width: 1150px;\r\n                max-width: 100%;\r\n                                            }\r\n            #bp_model_id_25607 {\r\n                height:700px;\r\n                background-color: #f9f9f9;\r\n            }\r\n            .fullscreen #bp_model_id_25607{\r\n            height: 100%;\r\n            width: 100%;\r\n            }\r\n            .wrapper_25607 .bp_model_parent{\r\n                justify-content: start            }\r\n            model-viewer.model {\r\n                --poster-color: transparent;\r\n            }\r\n        <\/style>\r\n        \r\n        \n<h4><strong><b>ESTE SPEED GATES AUSTRALIA <\/b><\/strong><strong><b>lleva <\/b><\/strong><strong><b>una garant\u00eda de 2 a\u00f1os y un soporte de mantenimiento y reparaci\u00f3n duradero.<\/b><\/strong><strong><b> <\/b><\/strong><\/h4>\n<h4><strong><b>Mairs puede personalizar las puertas r\u00e1pidas de Australia de acuerdo con sus requisitos. Tambi\u00e9n proporcionamos dispositivos biom\u00e9tricos, como lectores de tarjetas IC\/ID, esc\u00e1neres de huellas dactilares, esc\u00e1neres de c\u00f3digos QR, c\u00e1maras de reconocimiento facial, etc.<\/b><\/strong><\/h4>\n<p>PUERTAS RAPIDAS AUSTRALIA <strong><b><a href=\"https:\/\/mairsturnstile.com\/speed-gates.html\">Puertas <\/a> r\u00e1pidas autom\u00e1ticas Slim<\/b><\/strong><strong><b>torniquetes de seguridad, exportamos puertas r\u00e1pidas a Australia para vest\u00edbulos.<\/b><\/strong><\/p>\n<p><strong><b>el speed gates australia es un producto de alta gama de torniquetes inteligentes de barrera oscilante de Mairs, que puede detectar completamente la situaci\u00f3n de paso del cuerpo humano. <\/b><\/strong><\/p>\n<p>El material del cuerpo de este Speed Gates Australia es de acero inoxidable 304, que es antioxidante, duradero y de alta resistencia.<\/p>\n<p><strong><b>Anti-tag despu\u00e9s, anti-hit contra, RS485 Comunicaci\u00f3n, DC motor sin escobillas, <\/b><\/strong>Este torniquete puertas de velocidad es <strong><b>Compatible con todo tipo de sistemas de <a href=\"https:\/\/en.wikipedia.org\/wiki\/Access_control\" target=\"_blank\" rel=\"noopener\">control de<\/a> acceso<\/b><\/strong><strong><b>.<\/b><\/strong><\/p>\n<p>Estos torniquetes de seguridad de puertas r\u00e1pidas son ampliamente utilizados en la estaci\u00f3n de autobuses, puertos, subterr\u00e1neos, f\u00e1bricas, mansiones, \u00e1reas residenciales, hoteles, empresas, etc. en cualquier lugar que requiera un control de flujo inteligente.<\/p>\n<p>Tambi\u00e9n podemos crear una representaci\u00f3n para usted en unos minutos en funci\u00f3n de su escenario real. Tambi\u00e9n proporcionamos dise\u00f1os y dibujos detallados, as\u00ed como dibujos de instalaci\u00f3n.<\/p>\n\n        \t\n\t<style type=\"text\/css\">\n\t\t.slider-info-25628.bafg-slider-info .bafg-slider-title {\n\t\t\t\t\t\tfont-size: 22px;\n\t\t\t\t\t\t\n\t\t\t\n\t\t\t\t\t}\n\n\t\t.slider-info-25628.bafg-slider-info .bafg-slider-description {\n\t\t\t\n\t\t\t\n\t\t\t\t\t}\n\n\t\t.slider-info-25628.bafg-slider-info .bafg_slider_readmore_button {\n\t\t\t\n\t\t\t\n\t\t\t\n\t\t\t\n\t\t\t\n\t\t\ttext-align: center;\n\n\t\t\t\n\t\t\t\n\t\t\t\n\t\t\t\n\t\t\t\n\t\t\t\n\t\t\t\t\t}\n\n\t\t.slider-info-25628.bafg-slider-info .bafg_slider_readmore_button:hover {\n\n\t\t\t\n\t\t\t\n\t\t\t\t\t}\n\n\t<\/style>\n\t\n        <div class=\"bafg-twentytwenty-container slider-25628 \" bafg-orientation=\"horizontal\" bafg-default-offset=\"0.5\" bafg-before-label=\"Before\" bafg-after-label=\"After\" bafg-overlay=\"yes\" bafg-move-slider-on-hover=\"yes\" bafg-click-to-move=\"no\">\n              \n            <img decoding=\"async\" class=\"skip-lazy\" src=\"http:\/\/mairsturnstile.com\/wp-content\/uploads\/2023\/07\/speed-gates-australia_4.jpg\" alt=\"\" data-skip-lazy title=\"\">\n            <img decoding=\"async\" class=\"skip-lazy\" src=\"http:\/\/mairsturnstile.com\/wp-content\/uploads\/2021\/05\/turnstile-gate-australia-6.jpg\" alt=\"turnstile gate australia\" data-skip-lazy title=\"\">\n           \n        <\/div>\n\n        \t<div class=\"bafg-slider-info-wraper\">\n\t\t<div style=\"\" class=\"slider-info-25628 bafg-slider-info\">\n\t\t\t\t\t<\/div>\n\t<\/div>\n\t\n        <style type=\"text\/css\">\n            \n        <\/style>\n        \n<p>Tiene la funci\u00f3n de autoverificaci\u00f3n de fallas y aviso de alarma, lo cual es conveniente para que los usuarios mantengan y usen.<\/p>\n<p>Se puede conectar con cualquier se\u00f1al de control o bot\u00f3n y se puede emitir mediante cualquier dispositivo de control para realizar un control unidireccional y bidireccional.<\/p>\n<p>El paso libre unidireccional y bidireccional se puede configurar arbitrariamente.<\/p>\n<p>Cuando el equipo se enciende o se reinicia, tiene la funci\u00f3n de autoverificaci\u00f3n de fallas, lo cual es conveniente para que los usuarios mantengan y usen.<\/p>\n<p>Indicaci\u00f3n de estado de sem\u00e1foro de alta intensidad. Si alguien lo sigue, la puerta autom\u00e1ticamente iniciar\u00e1 el bloqueo de empuje inverso y emitir\u00e1 una alarma. Conecte la se\u00f1al de alarma de incendios.<\/p>\n<h4><strong>Par\u00e1metro t\u00e9cnico:<\/strong><\/h4>\n<ol>\n<li>Tama\u00f1o: 1500*<em>160*<\/em>1000mm<\/li>\n<li>Entrada de energ\u00eda: AC100-240V, 50\/60HZ<\/li>\n<li>Material: 1,2 mm SUS 304 con rayita 400#<\/li>\n<li>Material de los brazos: Acr\u00edlico de 10 mm<\/li>\n<li>Ancho de paso: 600 mm-1100 mm<\/li>\n<li>Sentido de paso: Unidireccional\/Bidireccional<\/li>\n<li>Tasa de pase: 35-40 personas\/minuto<\/li>\n<li>Tiempo de funcionamiento: 0,2 segundos<\/li>\n<li>Voltaje de trabajo: 24V<\/li>\n<li>Humedad de trabajo: 30%~95%<\/li>\n<li>Temperatura de trabajo: -40 \u2103 ~ + 70 \u2103<\/li>\n<li>Ambiente de trabajo: Interior<\/li>\n<li>Interfaz de entrada: RS485 Contacto seco<\/li>\n<li>Mecanismo: motor DC sin escobillas<\/li>\n<li>Sensor infrarrojo: 6 pares<\/li>\n<li>MCBF: 5,000,000 Ciclos<\/li>\n<li>Aplicaci\u00f3n: Aeropuertos, Hoteles, Palacios de Gobierno, etc.<\/li>\n<\/ol>\n<p>Podemos proporcionar la soluci\u00f3n completa de control de acceso de seguridad. Si tiene su propio sistema de control de acceso, puede usar directamente nuestra puerta de torniquete. Si no tiene uno, tambi\u00e9n ofrecemos una soluci\u00f3n completa de control de acceso de seguridad. Consulte el video a continuaci\u00f3n para obtener m\u00e1s detalles.<\/p>\n<p><iframe title=\"Torniquete de aeropuerto, torniquete de puerta r\u00e1pida para aeropuerto, estaci\u00f3n de metro - MairsTurnstile.com\" src=\"https:\/\/www.youtube.com\/embed\/rR_US2dIKU8\" width=\"1150\" height=\"650\" frameborder=\"0\" allowfullscreen=\"allowfullscreen\"><\/iframe><\/p>\n","protected":false},"excerpt":{"rendered":"<p>1. Tama\u00f1o: 1500*120*980mm (se puede personalizar)<\/p>\n<p>2. Entrada de energ\u00eda: AC100-240V,50\/60HZ<\/p>\n<p>3. Material: 1,2 mm SUS 304 con rayita 400#<\/p>\n<p>4. Material del brazo: Acr\u00edlico de 10 mm<\/p>\n<p>5. Ancho de paso: 600 mm-1100 mm (se puede personalizar)<\/p>\n<p>6. Direcci\u00f3n de paso: unidireccional\/bidireccional<\/p>\n<p>7. Tasa de aprobaci\u00f3n: 35-40 personas\/minuto<\/p>\n<p>8. Tiempo de funcionamiento: 0,2 segundos<\/p>\n<p>9. Ambiente de trabajo: Interior<\/p>\n<p><span style=\"color: #0000ff;\"><strong><a style=\"color: #0000ff;\" title=\"Mairs CE Certificated Speed Gate Turnstile\" href=\"http:\/\/mairsturnstile.com\/wp-content\/uploads\/2022\/09\/Mairs-CE-Certificate-Speed-Gate-Turnstile.pdf\" target=\"_blank\" rel=\"noopener noreferrer\">Certificaci\u00f3n CE<\/a>, <a style=\"color: #0000ff;\" title=\"Certificado Mairs ISO9001\" href=\"http:\/\/mairsturnstile.com\/wp-content\/uploads\/2022\/09\/Mairs-Registration-Certificate-ISO9001.pdf\" target=\"_blank\" rel=\"noopener noreferrer\">Certificado ISO 9001.<\/a><\/strong><\/span><\/p>\n","protected":false},"featured_media":59478,"comment_status":"closed","ping_status":"closed","template":"","meta":{"neve_meta_sidebar":"","neve_meta_container":"","neve_meta_enable_content_width":"off","neve_meta_content_width":0,"neve_meta_title_alignment":"","neve_meta_author_avatar":"","neve_post_elements_order":"","neve_meta_disable_header":"","neve_meta_disable_footer":"","neve_meta_disable_title":"","_ti_tpc_template_sync":false,"_ti_tpc_template_id":""},"product_cat":[678,779],"product_tag":[1584,784,792,1617],"class_list":["post-9752","product","type-product","status-publish","has-post-thumbnail","hentry","product_cat-puerta-de-torniquete","product_cat-puertas-de-velocidad","product_tag-que-son-las-puertas-de-velocidad","product_tag-puertas-de-velocidad","product_tag-puertas-de-velocidad-espana","product_tag-torniquete-de-puerta-de-velocidad"],"_links":{"self":[{"href":"https:\/\/mairsturnstile.com\/es\/wp-json\/wp\/v2\/product\/9752","targetHints":{"allow":["GET"]}}],"collection":[{"href":"https:\/\/mairsturnstile.com\/es\/wp-json\/wp\/v2\/product"}],"about":[{"href":"https:\/\/mairsturnstile.com\/es\/wp-json\/wp\/v2\/types\/product"}],"replies":[{"embeddable":true,"href":"https:\/\/mairsturnstile.com\/es\/wp-json\/wp\/v2\/comments?post=9752"}],"version-history":[{"count":0,"href":"https:\/\/mairsturnstile.com\/es\/wp-json\/wp\/v2\/product\/9752\/revisions"}],"wp:featuredmedia":[{"embeddable":true,"href":"https:\/\/mairsturnstile.com\/es\/wp-json\/wp\/v2\/media\/59478"}],"wp:attachment":[{"href":"https:\/\/mairsturnstile.com\/es\/wp-json\/wp\/v2\/media?parent=9752"}],"wp:term":[{"taxonomy":"product_cat","embeddable":true,"href":"https:\/\/mairsturnstile.com\/es\/wp-json\/wp\/v2\/product_cat?post=9752"},{"taxonomy":"product_tag","embeddable":true,"href":"https:\/\/mairsturnstile.com\/es\/wp-json\/wp\/v2\/product_tag?post=9752"}],"curies":[{"name":"wp","href":"https:\/\/api.w.org\/{rel}","templated":true}]}}