{"id":9754,"date":"2021-05-12T16:34:32","date_gmt":"2021-05-12T08:34:32","guid":{"rendered":"https:\/\/mairsturnstile.com\/product\/puertas-de-velocidad-torniquete-puertas-de-velocidad-para-la-venta-mt-a308"},"modified":"2023-11-01T10:52:08","modified_gmt":"2023-11-01T02:52:08","slug":"puertas-rapidas-irlanda","status":"publish","type":"product","link":"https:\/\/mairsturnstile.com\/es\/producto\/puertas-rapidas-irlanda","title":{"rendered":"Puertas de velocidad Torniquete Puertas de velocidad para la venta MT-A308"},"content":{"rendered":"        <!-- 3D Model html -->\r\n        <div class=\"bp_grand wrapper_24282\">   \r\n        <div class=\"bp_model_parent\">\r\n            <model-viewer class=\"model\" id=\"bp_model_id_24282\" src=\"http:\/\/mairsturnstile.com\/wp-content\/uploads\/2023\/06\/MT-A308.glb\" alt=\"MT-A308\" camera-controls  loading=\"auto\" auto-rotate                        >\r\n            <\/model-viewer>\r\n        \r\n            <!-- Button -->\r\n            <svg id=\"openBtn\" width=\"30px\" height=\"30px\" viewBox=\"0 0 16 16\" xmlns=\"http:\/\/www.w3.org\/2000\/svg\" fill=\"#f2f2f2\" class=\"bi bi-arrows-fullscreen model-icon\">\r\n                <path fill-rule=\"evenodd\" d=\"M5.828 10.172a.5.5 0 0 0-.707 0l-4.096 4.096V11.5a.5.5 0 0 0-1 0v3.975a.5.5 0 0 0 .5.5H4.5a.5.5 0 0 0 0-1H1.732l4.096-4.096a.5.5 0 0 0 0-.707zm4.344 0a.5.5 0 0 1 .707 0l4.096 4.096V11.5a.5.5 0 1 1 1 0v3.975a.5.5 0 0 1-.5.5H11.5a.5.5 0 0 1 0-1h2.768l-4.096-4.096a.5.5 0 0 1 0-.707zm0-4.344a.5.5 0 0 0 .707 0l4.096-4.096V4.5a.5.5 0 1 0 1 0V.525a.5.5 0 0 0-.5-.5H11.5a.5.5 0 0 0 0 1h2.768l-4.096 4.096a.5.5 0 0 0 0 .707zm-4.344 0a.5.5 0 0 1-.707 0L1.025 1.732V4.5a.5.5 0 0 1-1 0V.525a.5.5 0 0 1 .5-.5H4.5a.5.5 0 0 1 0 1H1.732l4.096 4.096a.5.5 0 0 1 0 .707z\"\/>\r\n            <\/svg>\r\n        \r\n            <svg id=\"closeBtn\" class=\"model-icon\" width=\"34px\" height=\"34px\" viewBox=\"0 0 24 24\" xmlns=\"http:\/\/www.w3.org\/2000\/svg\">\r\n                <path fill=\"none\" stroke=\"#f2f2f2\" stroke-width=\"2\" d=\"M7,7 L17,17 M7,17 L17,7\"\/>\r\n            <\/svg>\r\n        \r\n        <\/div>\r\n        <\/div> \r\n\r\n        <!-- Model Viewer Style -->\r\n        <style>\r\n            \r\n            .wrapper_24282 .bp_model_parent, #bp_model_id_24282 {\r\n                width: 1150px;\r\n                max-width: 100%;\r\n                                            }\r\n            #bp_model_id_24282 {\r\n                height:700px;\r\n                background-color: #f2f2f2;\r\n            }\r\n            .fullscreen #bp_model_id_24282{\r\n            height: 100%;\r\n            width: 100%;\r\n            }\r\n            .wrapper_24282 .bp_model_parent{\r\n                justify-content: start            }\r\n            model-viewer.model {\r\n                --poster-color: transparent;\r\n            }\r\n        <\/style>\r\n        \r\n        \n<h4><strong><b>Este torniquete de gama alta para vest\u00edbulos de Irlanda <\/b><\/strong><strong><b>lleva<\/b><\/strong><strong><b> una garant\u00eda de 2 a\u00f1os y un soporte de mantenimiento y reparaci\u00f3n duradero.<\/b><\/strong><strong><b> <\/b><\/strong><\/h4>\n<p>Podemos proporcionar servicios de OEM y ODM. Contamos con dise\u00f1adores experimentados que pueden completar una personalizaci\u00f3n profunda de acuerdo con cualquiera de sus necesidades. Proporcionaremos una serie de materiales como representaciones 3D, dibujos dimensionales, etc. tan pronto como sea posible. Tambi\u00e9n proporcionamos dispositivos biom\u00e9tricos, como lectores de tarjetas IC\/ID, esc\u00e1neres de huellas dactilares, esc\u00e1neres de c\u00f3digos QR, c\u00e1maras de reconocimiento facial, etc.<\/p>\n<h4><strong><b>Mairs puede personalizar Speed Gates Ireland de acuerdo con sus requisitos. Tambi\u00e9n proporcionamos dispositivos biom\u00e9tricos, como lectores de tarjetas IC\/ID, esc\u00e1neres de huellas dactilares, esc\u00e1neres de c\u00f3digos QR, c\u00e1maras de reconocimiento facial, etc. <a href=\"https:\/\/mairsturnstile.com\/speed-gate-turnstile.html\">Torniquete de puerta r\u00e1pida <\/a><\/b><\/strong><strong>Fabricantes: Mairs ofrece puertas r\u00e1pidas con torniquete oscilante de Irlanda de la mejor calidad a un precio asequible.<\/strong><\/h4>\n<p>Este Speed Gates Ireland utiliza un panel de lectura modular que responde oportunamente al mercado, con servomotor: una velocidad de apertura m\u00e1s r\u00e1pida, y 10 pares de sensores infrarrojos se utilizan para una detecci\u00f3n m\u00e1s fuerte de la puerta trasera.<\/p>\n<p>El material de la carcasa es acero inoxidable SUS304, tiene una mayor durabilidad y un ciclo de vida del producto m\u00e1s largo, f\u00e1cil de cambiar y f\u00e1cil de instalar: RFID, <a href=\"https:\/\/en.wikipedia.org\/wiki\/Fingerprint\" target=\"_blank\" rel=\"noopener\">huella digital<\/a>, rostro, etc.<\/p>\n<p>Tiene control de operaci\u00f3n bidireccional, Indicador de canal led bidireccional, F\u00e1cil instalaci\u00f3n y mantenimiento, Varios paneles opcionales y un Modo de emergencia que permite el libre acceso en caso de corte de energ\u00eda o emergencia.<\/p>\n<p>Adecuado para el vest\u00edbulo de edificios comerciales, subterr\u00e1neos, aeropuertos, aduanas, salas de exposiciones, edificios gubernamentales, instituciones financieras, clubes y otras aplicaciones de interior de alta gama.<\/p>\n<p>Tambi\u00e9n podemos crear una representaci\u00f3n para usted en unos minutos en funci\u00f3n de su escenario real. Tambi\u00e9n proporcionamos dise\u00f1os y planos detallados, as\u00ed como planos de instalaci\u00f3n.<\/p>\n\n        \t\n\t<style type=\"text\/css\">\n\t\t.slider-info-24286.bafg-slider-info .bafg-slider-title {\n\t\t\t\t\t\tfont-size: 22px;\n\t\t\t\t\t\t\n\t\t\t\n\t\t\t\t\t}\n\n\t\t.slider-info-24286.bafg-slider-info .bafg-slider-description {\n\t\t\t\n\t\t\t\n\t\t\t\t\t}\n\n\t\t.slider-info-24286.bafg-slider-info .bafg_slider_readmore_button {\n\t\t\t\n\t\t\t\n\t\t\t\n\t\t\t\n\t\t\t\n\t\t\ttext-align: center;\n\n\t\t\t\n\t\t\t\n\t\t\t\n\t\t\t\n\t\t\t\n\t\t\t\n\t\t\t\t\t}\n\n\t\t.slider-info-24286.bafg-slider-info .bafg_slider_readmore_button:hover {\n\n\t\t\t\n\t\t\t\n\t\t\t\t\t}\n\n\t<\/style>\n\t\n        <div class=\"bafg-twentytwenty-container slider-24286 \" bafg-orientation=\"horizontal\" bafg-default-offset=\"0.5\" bafg-before-label=\"Before\" bafg-after-label=\"After\" bafg-overlay=\"yes\" bafg-move-slider-on-hover=\"yes\" bafg-click-to-move=\"no\">\n              \n            <img decoding=\"async\" class=\"skip-lazy\" src=\"http:\/\/mairsturnstile.com\/wp-content\/uploads\/2023\/06\/speed-gates-ireland_9.jpg\" alt=\"\" data-skip-lazy title=\"\">\n            <img decoding=\"async\" class=\"skip-lazy\" src=\"http:\/\/mairsturnstile.com\/wp-content\/uploads\/2023\/06\/speed-gates-ireland_10.jpg\" alt=\"\" data-skip-lazy title=\"\">\n           \n        <\/div>\n\n        \t<div class=\"bafg-slider-info-wraper\">\n\t\t<div style=\"\" class=\"slider-info-24286 bafg-slider-info\">\n\t\t\t\t\t<\/div>\n\t<\/div>\n\t\n        <style type=\"text\/css\">\n            \n        <\/style>\n        \n<p>Speed Gates Irlanda Voltaje de trabajo: 24V<\/p>\n<p>Humedad de trabajo: 30%~95%<\/p>\n<p>Temperatura de trabajo: -40 \u2103 ~ + 70 \u2103<\/p>\n<p>Interfaz de entrada: RS485, contacto seco<\/p>\n<p>Mecanismo: motor servo sin escobillas<\/p>\n<p>Sensor infrarrojo: 6 pares<\/p>\n<p>MCBF: 5,000,000 Ciclos<\/p>\n<p>Caracter\u00edstica: la altura del brazo se puede personalizar<\/p>\n<p>Aplicaci\u00f3n: Aeropuertos, Hoteles, Palacios de Gobierno, etc.<\/p>\n<p>Podemos proporcionar la soluci\u00f3n completa de control de acceso de seguridad. Si tiene su propio sistema de control de acceso, puede usar directamente nuestra puerta de torniquete. Si no tiene uno, tambi\u00e9n ofrecemos una soluci\u00f3n completa de control de acceso de seguridad. Consulte el video a continuaci\u00f3n para obtener m\u00e1s detalles.<\/p>\n<p><iframe title=\"Torniquete de puerta r\u00e1pida de nuevo dise\u00f1o, torniquetes de vest\u00edbulo, torniquete de oficina - MairsTurnstile.com\" src=\"https:\/\/www.youtube.com\/embed\/izk8WuYn4no\" width=\"1150\" height=\"650\" frameborder=\"0\" allowfullscreen=\"allowfullscreen\"><\/iframe><\/p>\n","protected":false},"excerpt":{"rendered":"<p>1. Tama\u00f1o: 1500*120*980 mm (se puede personalizar)<\/p>\n<p>2. Material: 2,0 mm importado SUS polaco 400 # l\u00ednea de nieve y cubierta superior de m\u00e1rmol<\/p>\n<p>3. Material del brazo: Acr\u00edlico de 10 mm<\/p>\n<p>4. Ancho de paso: 600- 900 mm<\/p>\n<p>5. Direcci\u00f3n de paso: unidireccional\/bidireccional<\/p>\n<p>6. Tasa de aprobaci\u00f3n: 30-35 personas\/minuto<\/p>\n<p>7. Tiempo de funcionamiento: 0,2 segundos<\/p>\n<p>8. Entrada de energ\u00eda: AC100-240V, 50\/60HZ<\/p>\n<p>9. Ambiente de trabajo: Interior<\/p>\n<p><span style=\"color: #0000ff;\"><strong><a style=\"color: #0000ff;\" title=\"Mairs CE Certificated Speed Gate Turnstile\" href=\"http:\/\/mairsturnstile.com\/wp-content\/uploads\/2022\/09\/Mairs-CE-Certificate-Speed-Gate-Turnstile.pdf\" target=\"_blank\" rel=\"noopener noreferrer\">Certificaci\u00f3n CE<\/a>, <a style=\"color: #0000ff;\" title=\"Certificado Mairs ISO9001\" href=\"http:\/\/mairsturnstile.com\/wp-content\/uploads\/2022\/09\/Mairs-Registration-Certificate-ISO9001.pdf\" target=\"_blank\" rel=\"noopener noreferrer\">Certificado ISO 9001.<\/a><\/strong><\/span><\/p>\n","protected":false},"featured_media":24378,"comment_status":"closed","ping_status":"closed","template":"","meta":{"neve_meta_sidebar":"","neve_meta_container":"","neve_meta_enable_content_width":"off","neve_meta_content_width":0,"neve_meta_title_alignment":"","neve_meta_author_avatar":"","neve_post_elements_order":"","neve_meta_disable_header":"","neve_meta_disable_footer":"","neve_meta_disable_title":"","_ti_tpc_template_sync":false,"_ti_tpc_template_id":""},"product_cat":[678,779],"product_tag":[1620,784,794,1618,787],"class_list":["post-9754","product","type-product","status-publish","has-post-thumbnail","hentry","product_cat-puerta-de-torniquete","product_cat-puertas-de-velocidad","product_tag-puertas-de-entrada-torniquete","product_tag-puertas-de-velocidad","product_tag-puertas-de-velocidad-irlanda","product_tag-torniquete-de-oficina","product_tag-venta-de-puertas-rapidas"],"_links":{"self":[{"href":"https:\/\/mairsturnstile.com\/es\/wp-json\/wp\/v2\/product\/9754","targetHints":{"allow":["GET"]}}],"collection":[{"href":"https:\/\/mairsturnstile.com\/es\/wp-json\/wp\/v2\/product"}],"about":[{"href":"https:\/\/mairsturnstile.com\/es\/wp-json\/wp\/v2\/types\/product"}],"replies":[{"embeddable":true,"href":"https:\/\/mairsturnstile.com\/es\/wp-json\/wp\/v2\/comments?post=9754"}],"version-history":[{"count":0,"href":"https:\/\/mairsturnstile.com\/es\/wp-json\/wp\/v2\/product\/9754\/revisions"}],"wp:featuredmedia":[{"embeddable":true,"href":"https:\/\/mairsturnstile.com\/es\/wp-json\/wp\/v2\/media\/24378"}],"wp:attachment":[{"href":"https:\/\/mairsturnstile.com\/es\/wp-json\/wp\/v2\/media?parent=9754"}],"wp:term":[{"taxonomy":"product_cat","embeddable":true,"href":"https:\/\/mairsturnstile.com\/es\/wp-json\/wp\/v2\/product_cat?post=9754"},{"taxonomy":"product_tag","embeddable":true,"href":"https:\/\/mairsturnstile.com\/es\/wp-json\/wp\/v2\/product_tag?post=9754"}],"curies":[{"name":"wp","href":"https:\/\/api.w.org\/{rel}","templated":true}]}}