{"id":10482,"date":"2022-06-19T23:13:57","date_gmt":"2022-06-19T15:13:57","guid":{"rendered":"https:\/\/mairsturnstile.com\/product\/nouveau-tourniquet-a-rabat-barriere-rabat-mt216"},"modified":"2024-05-27T20:19:17","modified_gmt":"2024-05-27T12:19:17","slug":"portes-tourniquet-arabie-saoudite","status":"publish","type":"product","link":"https:\/\/mairsturnstile.com\/fr\/produit\/portes-tourniquet-arabie-saoudite","title":{"rendered":"NOUVEAU TOURNIQUET \u00c0 FLAP BARRI\u00c8RE MT237"},"content":{"rendered":"        <!-- 3D Model html -->\r\n        <div class=\"bp_grand wrapper_37727\">   \r\n        <div class=\"bp_model_parent\">\r\n            <model-viewer class=\"model\" id=\"bp_model_id_37727\" src=\"http:\/\/mairsturnstile.com\/wp-content\/uploads\/2023\/11\/MT237.glb\" alt=\"MT237\" camera-controls  loading=\"auto\" auto-rotate                        >\r\n            <\/model-viewer>\r\n        \r\n            <!-- Button -->\r\n            <svg id=\"openBtn\" width=\"30px\" height=\"30px\" viewBox=\"0 0 16 16\" xmlns=\"http:\/\/www.w3.org\/2000\/svg\" fill=\"#f2f2f2\" class=\"bi bi-arrows-fullscreen model-icon\">\r\n                <path fill-rule=\"evenodd\" d=\"M5.828 10.172a.5.5 0 0 0-.707 0l-4.096 4.096V11.5a.5.5 0 0 0-1 0v3.975a.5.5 0 0 0 .5.5H4.5a.5.5 0 0 0 0-1H1.732l4.096-4.096a.5.5 0 0 0 0-.707zm4.344 0a.5.5 0 0 1 .707 0l4.096 4.096V11.5a.5.5 0 1 1 1 0v3.975a.5.5 0 0 1-.5.5H11.5a.5.5 0 0 1 0-1h2.768l-4.096-4.096a.5.5 0 0 1 0-.707zm0-4.344a.5.5 0 0 0 .707 0l4.096-4.096V4.5a.5.5 0 1 0 1 0V.525a.5.5 0 0 0-.5-.5H11.5a.5.5 0 0 0 0 1h2.768l-4.096 4.096a.5.5 0 0 0 0 .707zm-4.344 0a.5.5 0 0 1-.707 0L1.025 1.732V4.5a.5.5 0 0 1-1 0V.525a.5.5 0 0 1 .5-.5H4.5a.5.5 0 0 1 0 1H1.732l4.096 4.096a.5.5 0 0 1 0 .707z\"\/>\r\n            <\/svg>\r\n        \r\n            <svg id=\"closeBtn\" class=\"model-icon\" width=\"34px\" height=\"34px\" viewBox=\"0 0 24 24\" xmlns=\"http:\/\/www.w3.org\/2000\/svg\">\r\n                <path fill=\"none\" stroke=\"#f2f2f2\" stroke-width=\"2\" d=\"M7,7 L17,17 M7,17 L17,7\"\/>\r\n            <\/svg>\r\n        \r\n        <\/div>\r\n        <\/div> \r\n\r\n        <!-- Model Viewer Style -->\r\n        <style>\r\n            \r\n            .wrapper_37727 .bp_model_parent, #bp_model_id_37727 {\r\n                width: 1150px;\r\n                max-width: 100%;\r\n                                            }\r\n            #bp_model_id_37727 {\r\n                height:700px;\r\n                background-color: #f9f9f9;\r\n            }\r\n            .fullscreen #bp_model_id_37727{\r\n            height: 100%;\r\n            width: 100%;\r\n            }\r\n            .wrapper_37727 .bp_model_parent{\r\n                justify-content: start            }\r\n            model-viewer.model {\r\n                --poster-color: transparent;\r\n            }\r\n        <\/style>\r\n        \r\n        \n<h4>TURNSTILE GATES SAUDI ARABIA FLAP TURNSTILE MT216 b\u00e9n\u00e9ficie d&rsquo;une garantie de 2 ans et d&rsquo;un support de maintenance et de r\u00e9paration durable.<\/h4>\n<p>Fournisseur professionnel de portes de tourniquet en Arabie Saoudite fabricant de portes de tourniquet &#8211; MairsTurnstile exporte les meilleures portes de tourniquet de s\u00e9curit\u00e9 de qualit\u00e9 en Arabie Saoudite. Si vous recherchez des portes de tourniquet de s\u00e9curit\u00e9 en Arabie saoudite pour votre projet, si vous recherchez un fournisseur de portes de tourniquet professionnel et fiable en Arabie saoudite, veuillez contacter MairsTurnstile, nous assumerons l&rsquo;enti\u00e8re responsabilit\u00e9 des portes de tourniquet de s\u00e9curit\u00e9 dont vous avez besoin de notre usine \u00e0 Riyad, Dammam, Djeddah, La Mecque et M\u00e9dine, en Arabie Saoudite, en m\u00eame temps, nous fournissons des portes tourniquets en Arabie Saoudite avec des prix comp\u00e9titifs et les meilleurs services.<\/p>\n<p>Nous pouvons fournir des services OEM et ODM. Nous avons des designers exp\u00e9riment\u00e9s qui peuvent effectuer une personnalisation approfondie en fonction de vos besoins. Nous fournirons une s\u00e9rie de mat\u00e9riaux tels que des rendus 3D, des dessins dimensionnels, etc. d\u00e8s que possible. Nous fournissons \u00e9galement des dispositifs biom\u00e9triques, tels que des lecteurs de cartes IC\/ID, des scanners d&#8217;empreintes digitales, des scanners de code QR, des cam\u00e9ras de reconnaissance faciale, etc.<\/p>\n<h4 style=\"font-weight: 400;\"><span style=\"font-style: inherit; font-weight: inherit;\">Le tourniquet d&rsquo;aileron de barri\u00e8re d&rsquo;aileron ouvre le syst\u00e8me de contr\u00f4le d&rsquo;acc\u00e8s de l&rsquo;Arabie Saoudite pour le parc d&rsquo;attractions. Si vous voulez d&rsquo;autres types de tourniquets, vous pouvez \u00e9galement consulter notre page de produits de tourniquets de s\u00e9curit\u00e9, nous avons des <a href=\"https:\/\/mairsturnstile.com\/product\/outdoor-turnstile\" target=\"_blank\" rel=\"noopener\">tourniquets ext\u00e9rieurs<\/a> et <a href=\"https:\/\/mairsturnstile.com\/full-height-turnstiles.html\" target=\"_blank\" rel=\"noopener\">des tourniquets pleine hauteur sp\u00e9cialement<\/a> con\u00e7us pour les environnements ext\u00e9rieurs difficiles. Vous pouvez personnaliser les portes de tourniquet qui r\u00e9pondent \u00e0 vos exigences en fonction de vos besoins sp\u00e9cifiques. Nous avons eu des clients fabriquant sp\u00e9cialement des portes de tourniquet pleine hauteur en mat\u00e9riau 316 pour s&rsquo;adapter \u00e0 des environnements sp\u00e9ciaux. En tant que fournisseur professionnel de porte de tourniquet en Arabie Saoudite, nous sommes charg\u00e9s de fournir des tourniquets et des services de haute qualit\u00e9 pour satisfaire nos clients.<\/span><\/h4>\n<p>La porte de tourniquet \u00e0 volet MT244 offre une m\u00e9thode fiable et efficace pour garantir que seuls les utilisateurs autoris\u00e9s sont autoris\u00e9s \u00e0 acc\u00e9der \u00e0 chaque zone d&rsquo;un b\u00e2timent. Un indicateur de direction a montr\u00e9 que l&rsquo;acc\u00e8s des pi\u00e9tons \u00e0 l&rsquo;\u00e9tat actuel de, et guide pi\u00e9ton passage correct et en douceur. La <a href=\"https:\/\/mairsturnstile.com\/what-is-flap-barrier.html\" target=\"_blank\" rel=\"noopener\">barri\u00e8re \u00e0 clapet<\/a> est hautement int\u00e9gr\u00e9e pour tout syst\u00e8me de contr\u00f4le d&rsquo;acc\u00e8s, comme la reconnaissance faciale avec des dispositifs de contr\u00f4le de la temp\u00e9rature, les empreintes digitales, les lecteurs de <a href=\"https:\/\/en.wikipedia.org\/wiki\/QR_code\" target=\"_blank\" rel=\"noopener\">code QR<\/a>, les syst\u00e8mes RFID, etc.<\/p>\n<p>Nous pouvons \u00e9galement cr\u00e9er un rendu pour vous en quelques minutes en fonction de votre sc\u00e9nario r\u00e9el. Nous fournissons \u00e9galement une disposition et des dessins d\u00e9taill\u00e9s, ainsi que des dessins d&rsquo;installation.<\/p>\n\n        \t\n\t<style type=\"text\/css\">\n\t\t.slider-info-37737.bafg-slider-info .bafg-slider-title {\n\t\t\t\t\t\tfont-size: 22px;\n\t\t\t\t\t\t\n\t\t\t\n\t\t\t\t\t}\n\n\t\t.slider-info-37737.bafg-slider-info .bafg-slider-description {\n\t\t\t\n\t\t\t\n\t\t\t\t\t}\n\n\t\t.slider-info-37737.bafg-slider-info .bafg_slider_readmore_button {\n\t\t\t\n\t\t\t\n\t\t\t\n\t\t\t\n\t\t\t\n\t\t\ttext-align: center;\n\n\t\t\t\n\t\t\t\n\t\t\t\n\t\t\t\n\t\t\t\n\t\t\t\n\t\t\t\t\t}\n\n\t\t.slider-info-37737.bafg-slider-info .bafg_slider_readmore_button:hover {\n\n\t\t\t\n\t\t\t\n\t\t\t\t\t}\n\n\t<\/style>\n\t\n        <div class=\"bafg-twentytwenty-container slider-37737 \" bafg-orientation=\"horizontal\" bafg-default-offset=\"0.5\" bafg-before-label=\"Before\" bafg-after-label=\"After\" bafg-overlay=\"yes\" bafg-move-slider-on-hover=\"yes\" bafg-click-to-move=\"no\">\n              \n            <img decoding=\"async\" class=\"skip-lazy\" src=\"http:\/\/mairsturnstile.com\/wp-content\/uploads\/2022\/06\/turnstile-gates-saudi-arabia-11.jpg\" alt=\"turnstile gates saudi arabia\" data-skip-lazy title=\"\">\n            <img decoding=\"async\" class=\"skip-lazy\" src=\"http:\/\/mairsturnstile.com\/wp-content\/uploads\/2022\/06\/turnstile-gates-saudi-arabia-12.jpg\" alt=\"turnstile gates saudi arabia\" data-skip-lazy title=\"\">\n           \n        <\/div>\n\n        \t<div class=\"bafg-slider-info-wraper\">\n\t\t<div style=\"\" class=\"slider-info-37737 bafg-slider-info\">\n\t\t\t\t\t<\/div>\n\t<\/div>\n\t\n        <style type=\"text\/css\">\n            \n        <\/style>\n        \n<ul>\n<li>Les tourniquets \u00e0 barri\u00e8re \u00e0 rabat sont construits pour contr\u00f4ler les personnes entrant ou sortant de la zone r\u00e9glement\u00e9e. Il est g\u00e9n\u00e9ralement utilis\u00e9 dans les endroits \u00e0 fort trafic pi\u00e9tonnier dans les deux sens.<\/li>\n<li>Le bo\u00eetier de la barri\u00e8re \u00e0 rabat est en acier inoxydable 304 bross\u00e9, ce qui cr\u00e9e un syst\u00e8me d&rsquo;entr\u00e9e homog\u00e8ne et agr\u00e9able pour se fondre dans la plupart des environnements int\u00e9rieurs.<\/li>\n<li>Il peut \u00eatre int\u00e9gr\u00e9 \u00e0 tous les syst\u00e8mes de contr\u00f4le d&rsquo;acc\u00e8s tiers (par exemple : syst\u00e8me d&rsquo;acc\u00e8s RFID, Push the button, Empreinte digitale et reconnaissance faciale avec contr\u00f4le de temp\u00e9rature).<\/li>\n<li>En cas d&rsquo;urgence, le bras du tourniquet du volet s&rsquo;ouvrira automatiquement en se connectant \u00e0 la batterie ou au condensateur pour permettre le libre passage.<\/li>\n<li>Les tourniquets \u00e0 volet optique conviennent aux solutions d&rsquo;entr\u00e9e luxueuses et \u00e9l\u00e9gantes.<\/li>\n<li>Le tourniquet \u00e0 volets pr\u00e9sente une vitesse rapide, une longue dur\u00e9e de vie, des performances \u00e9lev\u00e9es et une fiabilit\u00e9 de fonctionnement \u00e9lev\u00e9e<\/li>\n<li> Fonction d&rsquo;alarme, en cas d&rsquo;intrusion ill\u00e9gale et d&rsquo;intrusion invers\u00e9e.<\/li>\n<li>Best turnstile gates saudi arabia.<\/li>\n<li>Le capteur infrarouge d\u00e9clenchera une alarme et le voyant LED clignotera pour \u00e9viter de pincer les pi\u00e9tons.<\/li>\n<li>Fonction de r\u00e9initialisation automatique : les bras des volets se ferment automatiquement dans les 5 s par d\u00e9faut (peut \u00eatre d\u00e9fini) si le passager tarde \u00e0<\/li>\n<li>Le tourniquet \u00e0 rabat restera dans la serrure si quelqu&rsquo;un veut faire irruption sans glisser la carte RFID.<\/li>\n<li>Indicateur de direction \u00e0 LED sur le dessus et le poteau avant<\/li>\n<li>Fonction anti-retour, le tourniquet alarme si quelqu&rsquo;un veut entrer dans le sens inverse.<\/li>\n<li>Le fonctionnement bidirectionnel ou unidirectionnel sont des options<\/li>\n<li>Caract\u00e9ristique: lecteur IC\/ID, lecteur de codes-barres, reconnaissance faciale, empreintes digitales, autres \u00e9quipements de contr\u00f4le d&rsquo;acc\u00e8s, UPS, etc.<\/li>\n<li>Direction de travail : bidirectionnelle\/simple directionnelle<\/li>\n<li>Situation d&rsquo;urgence : s&rsquo;ouvre automatiquement lorsque l&rsquo;\u00e9lectricit\u00e9 est coup\u00e9e avec un condensateur<\/li>\n<li>Humidit\u00e9 : \u226490\uff05<\/li>\n<li>M\u00e9canisme stable pleine hauteur<\/li>\n<li>Des lumi\u00e8res LED sur les bras sont disponibles<\/li>\n<li>Temp\u00e9rature de travail : -20\u2103\uff5e60\u2103<\/li>\n<li>Distance de communication : \u22641200 m<\/li>\n<li>Interface de communication : RS485<\/li>\n<li>Portes de tourniquet de qualit\u00e9 arabie saoudite<\/li>\n<li>Le temps n\u00e9cessaire \u00e0 l&rsquo;ouverture : 0,2 s<\/li>\n<li>Environnement de travail : Int\u00e9rieur<\/li>\n<li>Domaine d&rsquo;application : communaut\u00e9, usine, chantier de construction, \u00e9cole, lieu de vill\u00e9giature, etc.<\/li>\n<\/ul>\n<p>Nous pouvons fournir la solution compl\u00e8te de contr\u00f4le d&rsquo;acc\u00e8s de s\u00e9curit\u00e9. Si vous avez votre propre syst\u00e8me de contr\u00f4le d&rsquo;acc\u00e8s, vous pouvez directement utiliser notre porte tourniquet. Si vous n&rsquo;en avez pas, nous fournissons \u00e9galement une solution compl\u00e8te de contr\u00f4le d&rsquo;acc\u00e8s de s\u00e9curit\u00e9. Veuillez vous r\u00e9f\u00e9rer \u00e0 la vid\u00e9o ci-dessous pour plus de d\u00e9tails.<\/p>\n<p><iframe title=\"Lecteur vid\u00e9o YouTube\" src=\"https:\/\/www.youtube.com\/embed\/7qleZzh1P8U?si=fWTiJ9fE10uW_7Oz\" width=\"1150\" height=\"650\" frameborder=\"0\" allowfullscreen=\"allowfullscreen\"><span data-mce-type=\"bookmark\" style=\"display: inline-block; width: 0px; overflow: hidden; line-height: 0;\" class=\"mce_SELRES_start\"><\/span><\/iframe><\/p>\n","protected":false},"excerpt":{"rendered":"<p>1. Taille : 1000*300*980 mm (peut \u00eatre personnalis\u00e9)<\/p>\n<p>2. Largeur de voie : 550 mm (peut \u00eatre personnalis\u00e9)<\/p>\n<p>3. Vitesse de passage : 30 personne\/min<\/p>\n<p>4. Alimentation : 110 V\/220 V 50\/60 Hz<\/p>\n<p>5. Moteur d&rsquo;entra\u00eenement \u00e0 balais CC<\/p>\n<p>6. Moteur d&rsquo;entra\u00eenement : DC24V<\/p>\n<p>7. Signal de porte ouverte : contact sec\/relais<\/p>\n<p>8. Avec 6 paires de capteurs<\/p>\n<p>9. Mat\u00e9riau : acier inoxydable 304 de 1,2 mm et fer avec rev\u00eatement en poudre.<\/p>\n<p><span style=\"color: #0000ff;\"><strong><a style=\"color: #0000ff;\" title=\"Tourniquet de barri\u00e8re \u00e0 rabat certifi\u00e9 CE Mairs\" href=\"http:\/\/mairsturnstile.com\/wp-content\/uploads\/2022\/09\/Mairs-CE-Certificate-Flap-Barrier-Turnstile.pdf\" target=\"_blank\" rel=\"noopener noreferrer\">Certifi\u00e9 CE,<\/a> <a style=\"color: #0000ff;\" title=\"Certificat Mairs ISO9001\" href=\"http:\/\/mairsturnstile.com\/wp-content\/uploads\/2022\/09\/Mairs-Registration-Certificate-ISO9001.pdf\" target=\"_blank\" rel=\"noopener noreferrer\">Certifi\u00e9 ISO9001.<\/a><\/strong><\/span><\/p>\n","protected":false},"featured_media":37647,"comment_status":"closed","ping_status":"closed","template":"","meta":{"neve_meta_sidebar":"","neve_meta_container":"","neve_meta_enable_content_width":"off","neve_meta_content_width":0,"neve_meta_title_alignment":"","neve_meta_author_avatar":"","neve_post_elements_order":"","neve_meta_disable_header":"","neve_meta_disable_footer":"","neve_meta_disable_title":"","_ti_tpc_template_sync":false,"_ti_tpc_template_id":""},"product_cat":[872,877],"product_tag":[1403,1402,1394,1401,1400,1369,1386],"class_list":["post-10482","product","type-product","status-publish","has-post-thumbnail","hentry","product_cat-barriere-a-rabat","product_cat-porte-tourniquet","product_tag-fournisseur-de-porte-tourniquet-en-arabie-saoudite","product_tag-fournisseur-de-tourniquet-en-arabie-saoudite","product_tag-porte-de-barriere-de-tourniquet","product_tag-portes-tourniquet-arabie-saoudite","product_tag-tourniquet-de-barriere-daileron","product_tag-tourniquet-de-sortie","product_tag-tourniquets-de-gymnastique"],"_links":{"self":[{"href":"https:\/\/mairsturnstile.com\/fr\/wp-json\/wp\/v2\/product\/10482","targetHints":{"allow":["GET"]}}],"collection":[{"href":"https:\/\/mairsturnstile.com\/fr\/wp-json\/wp\/v2\/product"}],"about":[{"href":"https:\/\/mairsturnstile.com\/fr\/wp-json\/wp\/v2\/types\/product"}],"replies":[{"embeddable":true,"href":"https:\/\/mairsturnstile.com\/fr\/wp-json\/wp\/v2\/comments?post=10482"}],"version-history":[{"count":0,"href":"https:\/\/mairsturnstile.com\/fr\/wp-json\/wp\/v2\/product\/10482\/revisions"}],"wp:featuredmedia":[{"embeddable":true,"href":"https:\/\/mairsturnstile.com\/fr\/wp-json\/wp\/v2\/media\/37647"}],"wp:attachment":[{"href":"https:\/\/mairsturnstile.com\/fr\/wp-json\/wp\/v2\/media?parent=10482"}],"wp:term":[{"taxonomy":"product_cat","embeddable":true,"href":"https:\/\/mairsturnstile.com\/fr\/wp-json\/wp\/v2\/product_cat?post=10482"},{"taxonomy":"product_tag","embeddable":true,"href":"https:\/\/mairsturnstile.com\/fr\/wp-json\/wp\/v2\/product_tag?post=10482"}],"curies":[{"name":"wp","href":"https:\/\/api.w.org\/{rel}","templated":true}]}}