{"id":10484,"date":"2021-07-12T00:09:36","date_gmt":"2021-07-11T16:09:36","guid":{"rendered":"https:\/\/mairsturnstile.com\/product\/tourniquet-de-barriere-a-rabat-de-tourniquet-de-metro-mt225"},"modified":"2023-11-01T22:16:49","modified_gmt":"2023-11-01T14:16:49","slug":"metro-tourniquet","status":"publish","type":"product","link":"https:\/\/mairsturnstile.com\/fr\/produit\/metro-tourniquet","title":{"rendered":"Tourniquet de barri\u00e8re \u00e0 rabat de tourniquet de m\u00e9tro MT225"},"content":{"rendered":"<p><iframe title=\"Tourniquet barri\u00e8re \u00e0 clapet, Portillon barri\u00e8re \u00e0 clapet, Tourniquet \u00e0 clapet optique - MairsTurnstile\" src=\"https:\/\/www.youtube.com\/embed\/nK1a72Ax-jQ\" width=\"560\" height=\"315\" frameborder=\"0\" allowfullscreen=\"allowfullscreen\"><span data-mce-type=\"bookmark\" style=\"display: inline-block; width: 0px; overflow: hidden; line-height: 0;\" class=\"mce_SELRES_start\"><\/span><\/iframe><\/p>\n<h4>Le tourniquet de barri\u00e8re d&rsquo;aileron de tourniquet souterrain MT225 porte une garantie de deux ans et un support durable d&rsquo;entretien et de r\u00e9paration.<\/h4>\n<p>Nous pouvons fournir des services OEM et ODM. Nous avons des designers exp\u00e9riment\u00e9s qui peuvent effectuer une personnalisation approfondie en fonction de vos besoins. Nous fournirons une s\u00e9rie de mat\u00e9riaux tels que des rendus 3D, des dessins dimensionnels, etc. d\u00e8s que possible. Nous fournissons \u00e9galement des dispositifs biom\u00e9triques, tels que des lecteurs de cartes IC\/ID, des scanners d&#8217;empreintes digitales, des scanners de code QR, des cam\u00e9ras de reconnaissance faciale, etc. Si vous avez besoin d&rsquo;int\u00e9grer ces dispositifs sur la porte tourniquet pleine hauteur ou si vous avez des questions, veuillez <a href=\"https:\/\/mairsturnstile.com\/contact\">nous contacter.<\/a><\/p>\n<p><strong>Le tourniquet de m\u00e9tro est une sorte de porte de tourniquet de gestion du contr\u00f4le d&rsquo;acc\u00e8s des pi\u00e9tons, qui est utilis\u00e9e \u00e0 l&rsquo;entr\u00e9e et \u00e0 la sortie de la station de m\u00e9tro pour contr\u00f4ler les entr\u00e9es et sorties des passagers en combinaison avec le syst\u00e8me de contr\u00f4le des tickets de m\u00e9tro.<\/strong> G\u00e9n\u00e9ralement, le tourniquet \u00e0 barri\u00e8re \u00e0 volets est s\u00e9lectionn\u00e9 pour le tourniquet de m\u00e9tro, car la station de m\u00e9tro est un endroit avec du personnel proche, le flux de passagers est relativement important et la vitesse de circulation du tourniquet \u00e0 barri\u00e8re \u00e0 volets est \u00e9galement relativement rapide.<\/p>\n<p>Pourquoi le tourniquet du m\u00e9tro passe-t-il plus vite, car le capteur g\u00e9n\u00e9ralement utilis\u00e9 par le tourniquet du m\u00e9tro est un capteur photo\u00e9lectrique oppos\u00e9, qui peut d\u00e9tecter plus pr\u00e9cis\u00e9ment le corps humain. Une porte de tourniquet de m\u00e9tro est \u00e9quip\u00e9e de plusieurs groupes de capteurs de rayonnement pour r\u00e9aliser la d\u00e9tection d&rsquo;entr\u00e9e et de sortie des personnes. C&rsquo;est principalement \u00e0 l&rsquo;entr\u00e9e de la porte, au milieu de la porte et \u00e0 la sortie de la porte. Pour une d\u00e9tection pr\u00e9cise, certaines portes de tourniquet de m\u00e9tro installent des capteurs \u00e0 diff\u00e9rentes hauteurs de chaque partie.<\/p>\n<p>Nous pouvons \u00e9galement cr\u00e9er un rendu pour vous en quelques minutes en fonction de votre sc\u00e9nario r\u00e9el. Nous fournissons \u00e9galement des sch\u00e9mas et sch\u00e9mas d\u00e9taill\u00e9s, ainsi que des sch\u00e9mas d&rsquo;installation.<\/p>\n<h4>Principe de porte de tourniquet de m\u00e9tro :<\/h4>\n<p>Le capteur install\u00e9 \u00e0 l&rsquo;entr\u00e9e du portail est utilis\u00e9 pour d\u00e9tecter si des personnes envahissent le portail. Faites glisser la carte en dehors de la ligne jaune, il n&rsquo;y a aucun objet \u00e0 l&rsquo;entr\u00e9e de la porte, le signal du capteur est normal et la porte du tourniquet s&rsquo;ouvrira ; Si la personne entre dans la ligne jaune, le signal du capteur \u00e0 l&rsquo;entr\u00e9e de la porte change, et m\u00eame si vous glissez la carte, la porte du tourniquet ne s&rsquo;ouvrira pas. Le but de cette conception est d&#8217;emp\u00eacher l&rsquo;ouverture et la fermeture de la porte du tourniquet lors du passage de la carte \u00e0 une courte distance de causer des risques potentiels pour la s\u00e9curit\u00e9 et d&#8217;emp\u00eacher l&rsquo;\u00e9vasion des billets.<\/p>\n<p>Une fois la porte du tourniquet ouverte, le corps humain passera \u00e0 travers le capteur situ\u00e9 dans la deuxi\u00e8me partie de la porte. Lorsqu&rsquo;une personne se tient \u00e0 la porte, le capteur d\u00e9tecte la personne et la porte sera toujours ouverte pour \u00e9viter les blessures.<\/p>\n<p>Une fois que la personne a franchi la porte, dirigez-vous vers le capteur de sortie de portail dans la troisi\u00e8me partie. \u00c0 ce moment, le capteur d\u00e9tecte la personne \u00e0 travers le signal r\u00e9fl\u00e9chi, et le signal sera renvoy\u00e9 \u00e0 la porte, et la porte sera ferm\u00e9e. Si deux personnes franchissent la porte de force et que la premi\u00e8re personne sort la premi\u00e8re, cela causera une blessure par pincement.<\/p>\n<p>La technologie du capteur de tourniquet de m\u00e9tro, associ\u00e9e au syst\u00e8me de comptage, peut \u00eatre utilis\u00e9e pour les statistiques du nombre de personnes passant par l&rsquo;entr\u00e9e du m\u00e9tro. Cette application est une avanc\u00e9e technologique tr\u00e8s importante. Therefore, the metro turnstile gate has very high requirements for the stability and reliability of the sensor.<\/p>\n<p>Le tourniquet MT225 de m\u00e9tro de porte de barri\u00e8re d&rsquo;aileron offre une m\u00e9thode fiable et efficace pour s&rsquo;assurer que seuls les utilisateurs autoris\u00e9s sont autoris\u00e9s \u00e0 acc\u00e9der \u00e0 chaque zone d&rsquo;un b\u00e2timent. Un indicateur de direction montrait que les pi\u00e9tons avaient acc\u00e8s \u00e0 l&rsquo;\u00e9tat actuel et guidait les pi\u00e9tons \u00e0 travers un passage correct et fluide. Ces <a href=\"https:\/\/mairsturnstile.com\/category\/security-turnstiles\/\">tourniquets de s\u00e9curit\u00e9<\/a> sont hautement int\u00e9gr\u00e9s pour tout syst\u00e8me de contr\u00f4le d&rsquo;acc\u00e8s, comme les dispositifs de reconnaissance faciale, les empreintes digitales, les lecteurs QR, les syst\u00e8mes RFID, etc.<\/p>\n<ul>\n<li style=\"list-style-type: none;\">\n<ul>\n<li>Le tourniquet de m\u00e9tro \u00e0 barri\u00e8re \u00e0 rabat est construit pour contr\u00f4ler les personnes entrant ou sortant de la zone r\u00e9glement\u00e9e. Il est g\u00e9n\u00e9ralement utilis\u00e9 dans les endroits \u00e0 fort trafic pi\u00e9tonnier dans les deux sens.<\/li>\n<li>Le bo\u00eetier de la barri\u00e8re \u00e0 rabat est en <a href=\"https:\/\/en.wikipedia.org\/wiki\/Stainless_steel\" target=\"_blank\" rel=\"noopener\">acier inoxydable<\/a> 304 bross\u00e9, ce qui cr\u00e9e un syst\u00e8me d&rsquo;entr\u00e9e homog\u00e8ne et agr\u00e9able pour se fondre dans la plupart des environnements int\u00e9rieurs.<\/li>\n<li>Il peut \u00eatre int\u00e9gr\u00e9 \u00e0 tous les syst\u00e8mes de contr\u00f4le d&rsquo;acc\u00e8s tiers (par exemple : syst\u00e8me d&rsquo;acc\u00e8s RFID, Push the button, Empreinte digitale et reconnaissance faciale avec contr\u00f4le de temp\u00e9rature).<\/li>\n<li>En cas d&rsquo;urgence, le bras du tourniquet du volet s&rsquo;ouvrira automatiquement en se connectant \u00e0 la batterie ou au condensateur pour permettre le libre passage.<\/li>\n<li>Les tourniquets \u00e0 volet optique conviennent aux solutions d&rsquo;entr\u00e9e luxueuses et \u00e9l\u00e9gantes.<\/li>\n<li>Le tourniquet \u00e0 volets pr\u00e9sente une vitesse rapide, une longue dur\u00e9e de vie, des performances \u00e9lev\u00e9es et une grande fiabilit\u00e9 de fonctionnement.<\/li>\n<li> Fonction d&rsquo;alarme, en cas d&rsquo;intrusion ill\u00e9gale et d&rsquo;intrusion invers\u00e9e.<\/li>\n<li>Le capteur infrarouge d\u00e9clenchera une alarme et le voyant LED clignotera pour \u00e9viter de pincer les pi\u00e9tons.<\/li>\n<li>Fonction de r\u00e9initialisation automatique : les bras des volets se ferment automatiquement dans les 5 s par d\u00e9faut (peut \u00eatre d\u00e9fini) si un passager tarde \u00e0<\/li>\n<li>Le tourniquet \u00e0 rabat restera dans la serrure si quelqu&rsquo;un veut faire irruption sans glisser la carte RFID.<\/li>\n<li>L&rsquo;indicateur de direction \u00e0 LED sur le dessus et le poteau avant<\/li>\n<li>Fonction anti-retour, le tourniquet alarme si quelqu&rsquo;un veut entrer dans le sens inverse.<\/li>\n<li>Le fonctionnement bidirectionnel ou unidirectionnel sont des options<\/li>\n<li>Temp\u00e9rature de travail : -40\u2103~+70\u2103<\/li>\n<li>Humidit\u00e9 de travail : 30 % ~ 95 %<\/li>\n<li>Environnement de travail : Int\u00e9rieur<\/li>\n<li>Interface d&rsquo;entr\u00e9e : RS485, relais \u00e0 contact sec<\/li>\n<li>M\u00e9canisme : Moteur Brushed 35W<\/li>\n<li>Capteur infrarouge : 4 paires<\/li>\n<li>MCBF : 5 000 000 cycles<\/li>\n<li>Application : gares routi\u00e8res, h\u00f4tels, halls gouvernementaux, \u00e9coles, etc.<\/li>\n<\/ul>\n<\/li>\n<\/ul>\n<p>Nous pouvons fournir la solution compl\u00e8te de contr\u00f4le d&rsquo;acc\u00e8s de s\u00e9curit\u00e9. Si vous avez votre propre syst\u00e8me de contr\u00f4le d&rsquo;acc\u00e8s, vous pouvez directement utiliser notre porte tourniquet. Si vous n&rsquo;en avez pas, nous fournissons \u00e9galement une solution compl\u00e8te de contr\u00f4le d&rsquo;acc\u00e8s de s\u00e9curit\u00e9. Veuillez vous r\u00e9f\u00e9rer \u00e0 la vid\u00e9o ci-dessous pour plus de d\u00e9tails.<\/p>\n","protected":false},"excerpt":{"rendered":"<p>1. Taille : 1200*300*980mm (peut \u00eatre personnalis\u00e9)<\/p>\n<p>2. Mat\u00e9riau : 1,0 mm SUS 304 Hairline 400# + couvercle sup\u00e9rieur 1,2 mm SUS304.<\/p>\n<p>3. Mat\u00e9riau du bras : carte PC<\/p>\n<p>4. Largeur de passage : 550 mm standard (peut \u00eatre personnalis\u00e9)<\/p>\n<p>5. Sens de passage Monodirectionnel\/Bidirectionnel<\/p>\n<p>6. Taux de passage : 30-35 personnes\/minute<\/p>\n<p>7. Temps de fonctionnement : 0,2 seconde<\/p>\n<p>8. Entr\u00e9e d&rsquo;alimentation : AC100-240V, 50\/60HZ<\/p>\n<p>9. Tension de fonctionnement : 24 V<\/p>\n<p><span style=\"color: #0000ff;\"><strong><a style=\"color: #0000ff;\" title=\"Tourniquet de barri\u00e8re \u00e0 rabat certifi\u00e9 CE Mairs\" href=\"http:\/\/mairsturnstile.com\/wp-content\/uploads\/2022\/09\/Mairs-CE-Certificate-Flap-Barrier-Turnstile.pdf\" target=\"_blank\" rel=\"noopener noreferrer\">Certifi\u00e9 CE,<\/a> <a style=\"color: #0000ff;\" title=\"Certificat Mairs ISO9001\" href=\"http:\/\/mairsturnstile.com\/wp-content\/uploads\/2022\/09\/Mairs-Registration-Certificate-ISO9001.pdf\" target=\"_blank\" rel=\"noopener noreferrer\">Certifi\u00e9 ISO9001.<\/a><\/strong><\/span><\/p>\n","protected":false},"featured_media":62490,"comment_status":"closed","ping_status":"closed","template":"","meta":{"neve_meta_sidebar":"","neve_meta_container":"","neve_meta_enable_content_width":"off","neve_meta_content_width":0,"neve_meta_title_alignment":"","neve_meta_author_avatar":"","neve_post_elements_order":"","neve_meta_disable_header":"","neve_meta_disable_footer":"","neve_meta_disable_title":"","_ti_tpc_template_sync":false,"_ti_tpc_template_id":""},"product_cat":[872,877],"product_tag":[987,994,1434,1433,1400,989,990],"class_list":["post-10484","product","type-product","status-publish","has-post-thumbnail","hentry","product_cat-barriere-a-rabat","product_cat-porte-tourniquet","product_tag-barriere-a-rabat","product_tag-porte-de-barriere-daileron","product_tag-porte-de-tourniquet-de-barriere-daileron","product_tag-systeme-de-barriere-a-rabat","product_tag-tourniquet-de-barriere-daileron","product_tag-tourniquet-de-metro","product_tag-tourniquet-de-metro-a-vendre"],"_links":{"self":[{"href":"https:\/\/mairsturnstile.com\/fr\/wp-json\/wp\/v2\/product\/10484","targetHints":{"allow":["GET"]}}],"collection":[{"href":"https:\/\/mairsturnstile.com\/fr\/wp-json\/wp\/v2\/product"}],"about":[{"href":"https:\/\/mairsturnstile.com\/fr\/wp-json\/wp\/v2\/types\/product"}],"replies":[{"embeddable":true,"href":"https:\/\/mairsturnstile.com\/fr\/wp-json\/wp\/v2\/comments?post=10484"}],"version-history":[{"count":0,"href":"https:\/\/mairsturnstile.com\/fr\/wp-json\/wp\/v2\/product\/10484\/revisions"}],"wp:featuredmedia":[{"embeddable":true,"href":"https:\/\/mairsturnstile.com\/fr\/wp-json\/wp\/v2\/media\/62490"}],"wp:attachment":[{"href":"https:\/\/mairsturnstile.com\/fr\/wp-json\/wp\/v2\/media?parent=10484"}],"wp:term":[{"taxonomy":"product_cat","embeddable":true,"href":"https:\/\/mairsturnstile.com\/fr\/wp-json\/wp\/v2\/product_cat?post=10484"},{"taxonomy":"product_tag","embeddable":true,"href":"https:\/\/mairsturnstile.com\/fr\/wp-json\/wp\/v2\/product_tag?post=10484"}],"curies":[{"name":"wp","href":"https:\/\/api.w.org\/{rel}","templated":true}]}}