{"id":10485,"date":"2021-04-27T18:38:38","date_gmt":"2021-04-27T10:38:38","guid":{"rendered":"https:\/\/mairsturnstile.com\/product\/mecanisme-barriere-flap-a-vendre-mt252"},"modified":"2023-11-14T09:04:58","modified_gmt":"2023-11-14T01:04:58","slug":"mecanisme-de-barriere-abattant","status":"publish","type":"product","link":"https:\/\/mairsturnstile.com\/fr\/produit\/mecanisme-de-barriere-abattant","title":{"rendered":"M\u00c9CANISME BARRI\u00c8RE FLAP \u00c0 VENDRE MT250"},"content":{"rendered":"<h2>M\u00e9canisme de barri\u00e8re \u00e0 rabat, m\u00e9canisme de barri\u00e8re \u00e0 rabat automatique \u00e0 vendre.<\/h2>\n<h3>Mairs offre le meilleur m\u00e9canisme de qualit\u00e9 pour le tourniquet de barri\u00e8re d&rsquo;aileron. Meilleur m\u00e9canisme de barri\u00e8re \u00e0 rabat de conception.<\/h3>\n<p>Un m\u00e9canisme de barri\u00e8re \u00e0 rabat de conception sp\u00e9ciale et une conception \u00e9lectrique et m\u00e9canique compacte avec un entra\u00eenement unique garantissent la durabilit\u00e9 et le fonctionnement silencieux du produit, son m\u00e9canisme d&rsquo;auto-verrouillage peut \u00e9galement prot\u00e9ger la s\u00e9curit\u00e9 du contr\u00f4le d&rsquo;acc\u00e8s. Le m\u00e9canisme de barri\u00e8re \u00e0 rabat Mairs a une d\u00e9tection automatique, une d\u00e9tection automatique des d\u00e9fauts, pratique pour la maintenance et le fonctionnement de l&rsquo;utilisateur. Ce <a href=\"https:\/\/mairsturnstile.com\/turnstile-mechanism.html\" target=\"_blank\" rel=\"noopener\">m\u00e9canisme de tourniquet<\/a> \u00e0 barri\u00e8re \u00e0 rabat peut \u00eatre appliqu\u00e9 \u00e0 tous les syst\u00e8mes de <a href=\"https:\/\/en.wikipedia.org\/wiki\/Access_control\" target=\"_blank\" rel=\"noopener\">contr\u00f4le d&rsquo;acc\u00e8s<\/a>, interface d&rsquo;entr\u00e9e pour contact sec et connexion de signal de commutateur. Par cons\u00e9quent, les clients peuvent int\u00e9grer diff\u00e9rents syst\u00e8mes, tels que des lecteurs de cartes, des syst\u00e8mes de tickets, des syst\u00e8mes de jetons, etc. Bien s\u00fbr, avec des fonctions d&rsquo;urgence, il peut \u00eatre int\u00e9gr\u00e9 \u00e0 des dispositifs de protection incendie pour une lib\u00e9ration s\u00fbre en cas d&rsquo;urgence.<\/p>\n<h4>Le m\u00e9canisme de barri\u00e8re de volet est l&rsquo;un des composants essentiels de la porte de tourniquet de barri\u00e8re de volet, et le m\u00e9canisme de barri\u00e8re de volet contr\u00f4le la porte de tourniquet en contr\u00f4lant le balancement du bras d&rsquo;aile.<\/h4>\n<p>Le m\u00e9canisme de barri\u00e8re d&rsquo;aileron de la porte de tourniquet d&rsquo;aileron est le noyau de la porte enti\u00e8re de tourniquet. La qualit\u00e9 de fonctionnement du m\u00e9canisme de barri\u00e8re de volet d\u00e9termine la qualit\u00e9 de la porte de tourniquet de barri\u00e8re de volet, mais la d\u00e9faillance de la porte de tourniquet de barri\u00e8re de volet est \u00e9galement li\u00e9e au m\u00e9canisme. Seules la bonne m\u00e9thode d&rsquo;utilisation et un bon entretien sont les cl\u00e9s pour assurer la dur\u00e9e de vie de la porte tourniquet \u00e0 barri\u00e8re \u00e0 volets. Il s&rsquo;agit \u00e9galement d&rsquo;une m\u00e9thode permettant d&rsquo;am\u00e9liorer la dur\u00e9e de vie globale de la <a href=\"https:\/\/mairsturnstile.com\/what-is-flap-barrier.html\">barri\u00e8re \u00e0 rabats<\/a>.<\/p>\n<p><strong>Caract\u00e9ristiques :<\/strong><\/p>\n<ol>\n<li>Une conception CNC compacte avec un entra\u00eenement unique et un m\u00e9canisme autobloquant.<\/li>\n<li>D\u00e9tection automatique des pannes.<\/li>\n<li>L&rsquo;interface d&rsquo;entr\u00e9e peut \u00eatre utilis\u00e9e pour le contact sec et la connexion du signal de commutation.<\/li>\n<li>Ouverture et fermeture automatiques r\u00e9glables.<\/li>\n<li>Photocellule infrarouge pour un passage en toute s\u00e9curit\u00e9.<\/li>\n<li>Alarme pour flux de passagers non autoris\u00e9s et interdits.<\/li>\n<li>Passez le ballon \u00e0 la place.<\/li>\n<li>Allumer et \u00e9teindre automatiquement.<\/li>\n<li>Ouverture automatique et acc\u00e8s libre \u00e0 l&rsquo;arr\u00eat.<\/li>\n<li>Direction d&rsquo;entr\u00e9e r\u00e9glable.<\/li>\n<li>Fournir une interface d&rsquo;urgence.<\/li>\n<li>Feux de signalisation pour l&rsquo;entr\u00e9e des passagers.<\/li>\n<li>Connexion d&rsquo;entr\u00e9e : Signal de niveau +12V ou impulsion large&gt;100ms signal d&rsquo;impulsion, courant&gt;100ms<\/li>\n<\/ol>\n","protected":false},"excerpt":{"rendered":"<p>1. Puissance : AC220V\u00b110V, 50\/60HZ ;<\/p>\n<p>2. Temp\u00e9rature de fonctionnement : -45\u2103-60\u2103<\/p>\n<p>3. Humidit\u00e9 relative : \u2264 95 %, sans condensation<\/p>\n<p>4. Largeur de passage : 550 mm (personnalis\u00e9)<\/p>\n<p>5. Moteur : moteur sans balais \u00e0 courant continu, 140 W\/24 V<\/p>\n<p>6. Temps d&rsquo;ouverture et de fermeture de la porte : \u2264 0,4 s<\/p>\n<p>7. Capteurs infrarouges : 9 ou 10 paires<\/p>\n<p>8. Vitesse de fonctionnement du moteur : 1600R\/Min<\/p>\n<p>9. Connexion de communication : communication RS485<\/p>\n<p>10. Niveau de protection : IP54<\/p>\n","protected":false},"featured_media":35560,"comment_status":"closed","ping_status":"closed","template":"","meta":{"neve_meta_sidebar":"","neve_meta_container":"","neve_meta_enable_content_width":"off","neve_meta_content_width":0,"neve_meta_title_alignment":"","neve_meta_author_avatar":"","neve_post_elements_order":"","neve_meta_disable_header":"","neve_meta_disable_footer":"","neve_meta_disable_title":"","_ti_tpc_template_sync":false,"_ti_tpc_template_id":""},"product_cat":[872,877],"product_tag":[1438,992,991,1437],"class_list":["post-10485","product","type-product","status-publish","has-post-thumbnail","hentry","product_cat-barriere-a-rabat","product_cat-porte-tourniquet","product_tag-composants-de-tourniquet","product_tag-mecanisme-de-barriere-a-rabat","product_tag-mecanisme-de-porte-de-tourniquet","product_tag-mecanisme-de-tourniquet"],"_links":{"self":[{"href":"https:\/\/mairsturnstile.com\/fr\/wp-json\/wp\/v2\/product\/10485","targetHints":{"allow":["GET"]}}],"collection":[{"href":"https:\/\/mairsturnstile.com\/fr\/wp-json\/wp\/v2\/product"}],"about":[{"href":"https:\/\/mairsturnstile.com\/fr\/wp-json\/wp\/v2\/types\/product"}],"replies":[{"embeddable":true,"href":"https:\/\/mairsturnstile.com\/fr\/wp-json\/wp\/v2\/comments?post=10485"}],"version-history":[{"count":0,"href":"https:\/\/mairsturnstile.com\/fr\/wp-json\/wp\/v2\/product\/10485\/revisions"}],"wp:featuredmedia":[{"embeddable":true,"href":"https:\/\/mairsturnstile.com\/fr\/wp-json\/wp\/v2\/media\/35560"}],"wp:attachment":[{"href":"https:\/\/mairsturnstile.com\/fr\/wp-json\/wp\/v2\/media?parent=10485"}],"wp:term":[{"taxonomy":"product_cat","embeddable":true,"href":"https:\/\/mairsturnstile.com\/fr\/wp-json\/wp\/v2\/product_cat?post=10485"},{"taxonomy":"product_tag","embeddable":true,"href":"https:\/\/mairsturnstile.com\/fr\/wp-json\/wp\/v2\/product_tag?post=10485"}],"curies":[{"name":"wp","href":"https:\/\/api.w.org\/{rel}","templated":true}]}}