{"id":10487,"date":"2020-09-13T00:43:09","date_gmt":"2020-09-12T16:43:09","guid":{"rendered":"https:\/\/mairsturnstile.com\/product\/barriere-rabat-prix-barriere-rabat-porte-mt245"},"modified":"2024-10-31T15:39:09","modified_gmt":"2024-10-31T07:39:09","slug":"prix-barriere-a-rabats-abordable","status":"publish","type":"product","link":"https:\/\/mairsturnstile.com\/fr\/produit\/prix-barriere-a-rabats-abordable","title":{"rendered":"BARRI\u00c8RE \u00c0 CLAPET BARRI\u00c8RE TOURNANTE COULISSANTE MT227"},"content":{"rendered":"        <!-- 3D Model html -->\r\n        <div class=\"bp_grand wrapper_37928\">   \r\n        <div class=\"bp_model_parent\">\r\n            <model-viewer class=\"model\" id=\"bp_model_id_37928\" src=\"http:\/\/mairsturnstile.com\/wp-content\/uploads\/2023\/11\/MT227.glb\" alt=\"MT227\" camera-controls  loading=\"auto\" auto-rotate                        >\r\n            <\/model-viewer>\r\n        \r\n            <!-- Button -->\r\n            <svg id=\"openBtn\" width=\"30px\" height=\"30px\" viewBox=\"0 0 16 16\" xmlns=\"http:\/\/www.w3.org\/2000\/svg\" fill=\"#f2f2f2\" class=\"bi bi-arrows-fullscreen model-icon\">\r\n                <path fill-rule=\"evenodd\" d=\"M5.828 10.172a.5.5 0 0 0-.707 0l-4.096 4.096V11.5a.5.5 0 0 0-1 0v3.975a.5.5 0 0 0 .5.5H4.5a.5.5 0 0 0 0-1H1.732l4.096-4.096a.5.5 0 0 0 0-.707zm4.344 0a.5.5 0 0 1 .707 0l4.096 4.096V11.5a.5.5 0 1 1 1 0v3.975a.5.5 0 0 1-.5.5H11.5a.5.5 0 0 1 0-1h2.768l-4.096-4.096a.5.5 0 0 1 0-.707zm0-4.344a.5.5 0 0 0 .707 0l4.096-4.096V4.5a.5.5 0 1 0 1 0V.525a.5.5 0 0 0-.5-.5H11.5a.5.5 0 0 0 0 1h2.768l-4.096 4.096a.5.5 0 0 0 0 .707zm-4.344 0a.5.5 0 0 1-.707 0L1.025 1.732V4.5a.5.5 0 0 1-1 0V.525a.5.5 0 0 1 .5-.5H4.5a.5.5 0 0 1 0 1H1.732l4.096 4.096a.5.5 0 0 1 0 .707z\"\/>\r\n            <\/svg>\r\n        \r\n            <svg id=\"closeBtn\" class=\"model-icon\" width=\"34px\" height=\"34px\" viewBox=\"0 0 24 24\" xmlns=\"http:\/\/www.w3.org\/2000\/svg\">\r\n                <path fill=\"none\" stroke=\"#f2f2f2\" stroke-width=\"2\" d=\"M7,7 L17,17 M7,17 L17,7\"\/>\r\n            <\/svg>\r\n        \r\n        <\/div>\r\n        <\/div> \r\n\r\n        <!-- Model Viewer Style -->\r\n        <style>\r\n            \r\n            .wrapper_37928 .bp_model_parent, #bp_model_id_37928 {\r\n                width: 1150px;\r\n                max-width: 100%;\r\n                                            }\r\n            #bp_model_id_37928 {\r\n                height:700px;\r\n                background-color: #f9f9f9;\r\n            }\r\n            .fullscreen #bp_model_id_37928{\r\n            height: 100%;\r\n            width: 100%;\r\n            }\r\n            .wrapper_37928 .bp_model_parent{\r\n                justify-content: start            }\r\n            model-viewer.model {\r\n                --poster-color: transparent;\r\n            }\r\n        <\/style>\r\n        \r\n        \n<h4>FLAP BARRIER SLIDING TURNSTILE TURNSTILE b\u00e9n\u00e9ficie d&rsquo;une garantie de deux ans et d&rsquo;une assistance durable en mati\u00e8re d&rsquo;entretien et de r\u00e9paration.<\/h4>\n<p>Nous pouvons fournir des services OEM et ODM. Selon diff\u00e9rentes conceptions ext\u00e9rieures et sch\u00e9mas de configuration, le prix normal d&rsquo;une barri\u00e8re \u00e0 clapet varie de 600 USD \u00e0 800 USD.<\/p>\n<p>Le portillon coulissant \u00e0 tourniquet est un portillon \u00e0 tourniquet de contr\u00f4le d&rsquo;acc\u00e8s haut de gamme dot\u00e9 d&rsquo;un design ext\u00e9rieur exquis et d&rsquo;un effet silencieux optimal. Ce portillon coulissant \u00e0 tourniquet est largement utilis\u00e9 dans les lieux \u00e0 haute altitude tels que les gymnases, les immeubles de bureaux, les halls d&rsquo;h\u00f4tel, etc. Ce portillon coulissant \u00e0 tourniquet de la s\u00e9rie Meteor est tr\u00e8s recherch\u00e9 par les clients, et son design ext\u00e9rieur \u00e9l\u00e9gant et textur\u00e9 incorpore des \u00e9l\u00e9ments Meteor, ce qui donne \u00e0 l&rsquo;ensemble du portillon coulissant \u00e0 tourniquet un aspect parfaitement int\u00e9gr\u00e9 \u00e0 l&rsquo;environnement. La barri\u00e8re tournante coulissante est abordable et la barri\u00e8re \u00e0 clapet a la vitesse de passage la plus fluide. La barri\u00e8re tournante coulissante est sp\u00e9cialement con\u00e7ue pour le<a href=\"https:\/\/en.wikipedia.org\/wiki\/Access_control\" target=\"_blank\" rel=\"noopener\"> contr\u00f4le d&rsquo;acc\u00e8s<\/a> des pi\u00e9tons et la s\u00e9curit\u00e9 de niveau moyen dans divers endroits.  <\/p>\n<p>  Offrant une meilleure s\u00e9curit\u00e9 d&rsquo;acc\u00e8s gr\u00e2ce \u00e0 des capteurs, la <a href=\"https:\/\/mairsturnstile.com\/what-is-flap-barrier.html\" target=\"_blank\" rel=\"noopener\">barri\u00e8re \u00e0 clapets<\/a> pr\u00e9sente de grandes caract\u00e9ristiques, telles qu&rsquo;une s\u00e9curit\u00e9 accrue, un design \u00e9l\u00e9gant, un fonctionnement silencieux, un fonctionnement stable et r\u00e9gulier, une longue dur\u00e9e de vie, etc.<\/p>\n<p>Nous pouvons \u00e9galement cr\u00e9er un rendu pour vous en quelques minutes en fonction de votre sc\u00e9nario r\u00e9el. Nous fournissons \u00e9galement des sch\u00e9mas et sch\u00e9mas d\u00e9taill\u00e9s, ainsi que des sch\u00e9mas d&rsquo;installation.<\/p>\n\n        \t\n\t<style type=\"text\/css\">\n\t\t.slider-info-37926.bafg-slider-info .bafg-slider-title {\n\t\t\t\t\t\tfont-size: 22px;\n\t\t\t\t\t\t\n\t\t\t\n\t\t\t\t\t}\n\n\t\t.slider-info-37926.bafg-slider-info .bafg-slider-description {\n\t\t\t\n\t\t\t\n\t\t\t\t\t}\n\n\t\t.slider-info-37926.bafg-slider-info .bafg_slider_readmore_button {\n\t\t\t\n\t\t\t\n\t\t\t\n\t\t\t\n\t\t\t\n\t\t\ttext-align: center;\n\n\t\t\t\n\t\t\t\n\t\t\t\n\t\t\t\n\t\t\t\n\t\t\t\n\t\t\t\t\t}\n\n\t\t.slider-info-37926.bafg-slider-info .bafg_slider_readmore_button:hover {\n\n\t\t\t\n\t\t\t\n\t\t\t\t\t}\n\n\t<\/style>\n\t\n        <div class=\"bafg-twentytwenty-container slider-37926 \" bafg-orientation=\"horizontal\" bafg-default-offset=\"0.5\" bafg-before-label=\"Before\" bafg-after-label=\"After\" bafg-overlay=\"yes\" bafg-move-slider-on-hover=\"yes\" bafg-click-to-move=\"no\">\n              \n            <img decoding=\"async\" class=\"skip-lazy\" src=\"http:\/\/mairsturnstile.com\/wp-content\/uploads\/2024\/07\/new-sliding-turnstile_1.jpg\" alt=\"\" data-skip-lazy title=\"\">\n            <img decoding=\"async\" class=\"skip-lazy\" src=\"http:\/\/mairsturnstile.com\/wp-content\/uploads\/2024\/07\/new-sliding-turnstile.jpg\" alt=\"\" data-skip-lazy title=\"\">\n           \n        <\/div>\n\n        \t<div class=\"bafg-slider-info-wraper\">\n\t\t<div style=\"\" class=\"slider-info-37926 bafg-slider-info\">\n\t\t\t\t\t<\/div>\n\t<\/div>\n\t\n        <style type=\"text\/css\">\n            \n        <\/style>\n        \n<ul>\n<li>Un tourniquet coulissant est construit pour contr\u00f4ler les personnes qui entrent ou sortent de la zone d&rsquo;acc\u00e8s restreint. Il est g\u00e9n\u00e9ralement utilis\u00e9 dans les endroits \u00e0 fort trafic pi\u00e9tonnier dans les deux sens.<\/li>\n<li>Le bo\u00eetier de la barri\u00e8re coulissante est en acier inoxydable 304 bross\u00e9, ce qui permet de cr\u00e9er un syst\u00e8me d&rsquo;entr\u00e9e agr\u00e9able et sans couture qui s&rsquo;int\u00e8gre dans la plupart des environnements int\u00e9rieurs.<\/li>\n<li>Il peut \u00eatre int\u00e9gr\u00e9 \u00e0 tous les syst\u00e8mes de contr\u00f4le d&rsquo;acc\u00e8s tiers (par exemple : syst\u00e8me d&rsquo;acc\u00e8s RFID, Push the button, Empreinte digitale et reconnaissance faciale avec contr\u00f4le de temp\u00e9rature).<\/li>\n<li>En cas d&rsquo;urgence, le bras du tourniquet coulissant s&rsquo;ouvre automatiquement en se connectant \u00e0 la batterie ou au condensateur pour permettre le libre passage.<\/li>\n<li>Les tourniquets coulissants optiques conviennent aux solutions d&rsquo;entr\u00e9e luxueuses et \u00e9l\u00e9gantes.<\/li>\n<li>Le tourniquet \u00e0 portillon coulissant se caract\u00e9rise par une vitesse rapide, une longue dur\u00e9e de vie, des performances \u00e9lev\u00e9es et une grande fiabilit\u00e9 de fonctionnement.<\/li>\n<li>Fonction d&rsquo;alarme, en cas d&rsquo;intrusion ill\u00e9gale et d&rsquo;intrusion invers\u00e9e.<\/li>\n<li>Le capteur infrarouge d\u00e9clenchera une alarme et le voyant LED clignotera pour \u00e9viter de pincer les pi\u00e9tons.<\/li>\n<li>Fonction de r\u00e9initialisation automatique : les bras coulissants se fermeront automatiquement dans les 5 s par d\u00e9faut (peut \u00eatre r\u00e9gl\u00e9) si un passager tarde \u00e0<\/li>\n<li>Le tourniquet coulissant restera dans la serrure si quelqu&rsquo;un veut faire irruption sans glisser la carte RFID.<\/li>\n<li>L&rsquo;indicateur de direction \u00e0 LED sur le dessus et le poteau avant.<\/li>\n<li>Prix abordable de la barri\u00e8re \u00e0 rabat.<\/li>\n<li>Mat\u00e9riau du bo\u00eetier : acier inoxydable 304<\/li>\n<li>Fonction anti-retour, le tourniquet alarme si quelqu&rsquo;un veut entrer dans le sens inverse.<\/li>\n<li>Le fonctionnement bidirectionnel ou unidirectionnel sont des options<\/li>\n<\/ul>\n<p>Nous pouvons fournir la solution compl\u00e8te de contr\u00f4le d&rsquo;acc\u00e8s de s\u00e9curit\u00e9. Si vous avez votre propre syst\u00e8me de contr\u00f4le d&rsquo;acc\u00e8s, vous pouvez directement utiliser notre porte tourniquet. Si vous n&rsquo;en avez pas, nous fournissons \u00e9galement une solution compl\u00e8te de contr\u00f4le d&rsquo;acc\u00e8s de s\u00e9curit\u00e9. Veuillez vous r\u00e9f\u00e9rer \u00e0 la vid\u00e9o ci-dessous pour plus de d\u00e9tails.<\/p>\n<p><iframe title=\"Tourniquet coulissant, Tourniquet pour portail coulissant, Tourniquet coulissant pleine hauteur Super must - MairsTurnstile\" src=\"https:\/\/www.youtube.com\/embed\/NWiaz1Su7BI\" width=\"1150\" height=\"650\" frameborder=\"0\" allowfullscreen=\"allowfullscreen\"><\/iframe><\/p>\n","protected":false},"excerpt":{"rendered":"<p>1. Taille : 1400 * 350 * 1000 mm (peut \u00eatre personnalis\u00e9)<\/p>\n<p>2. Largeur de voie : 600 mm (peut \u00eatre personnalis\u00e9)<\/p>\n<p>3. Vitesse de passage : 40 personne\/min<\/p>\n<p>4. Alimentation : 110 V\/220 V 50\/60 Hz<\/p>\n<p>5. Moteur d&rsquo;entra\u00eenement : 30 W\/40 W<\/p>\n<p>6. Signal de porte ouverte : contact sec\/relais<\/p>\n<p>7. Moteur d&rsquo;entra\u00eenement : DC24V<\/p>\n<p>8. Tourniquet de prix de barri\u00e8re d&rsquo;aileron Poids : 70 kg\/pcs<\/p>\n<p>9. Hauteur du bras : 1200 mm<\/p>\n<p><span style=\"color: #0000ff;\"><strong><a style=\"color: #0000ff;\" title=\"Tourniquet de barri\u00e8re \u00e0 rabat certifi\u00e9 CE Mairs\" href=\"http:\/\/mairsturnstile.com\/wp-content\/uploads\/2022\/09\/Mairs-CE-Certificate-Flap-Barrier-Turnstile.pdf\" target=\"_blank\" rel=\"noopener noreferrer\">Certifi\u00e9 CE,<\/a> <a style=\"color: #0000ff;\" title=\"Certificat Mairs ISO9001\" href=\"http:\/\/mairsturnstile.com\/wp-content\/uploads\/2022\/09\/Mairs-Registration-Certificate-ISO9001.pdf\" target=\"_blank\" rel=\"noopener noreferrer\">Certifi\u00e9 ISO9001.<\/a><\/strong><\/span><\/p>\n<p><a title=\"Brochure sur les tourniquets coulissants\" href=\"http:\/\/mairsturnstile.com\/wp-content\/uploads\/2024\/03\/Sliding-turnstile-MT227-brochure.pdf\" target=\"  rel=\" rel=\"noopener\"><img decoding=\"async\" class=\"alignnone size-full wp-image-11034\" src=\"http:\/\/mairsturnstile.com\/wp-content\/uploads\/2022\/09\/pdf-MairsTurnstile.png\" alt=\"\" width=\"32\" height=\"32\"><span style=\"color: #0000ff;\"><strong>Porte tournante coulissante MT227 Brochure<\/strong><\/span><\/a><\/p>\n","protected":false},"featured_media":58847,"comment_status":"closed","ping_status":"closed","template":"","meta":{"neve_meta_sidebar":"","neve_meta_container":"","neve_meta_enable_content_width":"off","neve_meta_content_width":0,"neve_meta_title_alignment":"","neve_meta_author_avatar":"","neve_post_elements_order":"","neve_meta_disable_header":"","neve_meta_disable_footer":"","neve_meta_disable_title":"","_ti_tpc_template_sync":false,"_ti_tpc_template_id":""},"product_cat":[1743,877],"product_tag":[1389,1391,3261,3260,985,984,1398,1386],"class_list":["post-10487","product","type-product","status-publish","has-post-thumbnail","hentry","product_cat-tourniquet-coulissant","product_cat-porte-tourniquet","product_tag-combien-coute-un-tourniquet","product_tag-cout-du-tourniquet","product_tag-flap-barrier-sliding-turnstile-fr","product_tag-sliding-swing-gate","product_tag-tourniquet-a-portail-coulissant","product_tag-tourniquet-coulissant","product_tag-tourniquet-coulissant-pleine-hauteur","product_tag-tourniquets-de-gymnastique"],"_links":{"self":[{"href":"https:\/\/mairsturnstile.com\/fr\/wp-json\/wp\/v2\/product\/10487","targetHints":{"allow":["GET"]}}],"collection":[{"href":"https:\/\/mairsturnstile.com\/fr\/wp-json\/wp\/v2\/product"}],"about":[{"href":"https:\/\/mairsturnstile.com\/fr\/wp-json\/wp\/v2\/types\/product"}],"replies":[{"embeddable":true,"href":"https:\/\/mairsturnstile.com\/fr\/wp-json\/wp\/v2\/comments?post=10487"}],"version-history":[{"count":0,"href":"https:\/\/mairsturnstile.com\/fr\/wp-json\/wp\/v2\/product\/10487\/revisions"}],"wp:featuredmedia":[{"embeddable":true,"href":"https:\/\/mairsturnstile.com\/fr\/wp-json\/wp\/v2\/media\/58847"}],"wp:attachment":[{"href":"https:\/\/mairsturnstile.com\/fr\/wp-json\/wp\/v2\/media?parent=10487"}],"wp:term":[{"taxonomy":"product_cat","embeddable":true,"href":"https:\/\/mairsturnstile.com\/fr\/wp-json\/wp\/v2\/product_cat?post=10487"},{"taxonomy":"product_tag","embeddable":true,"href":"https:\/\/mairsturnstile.com\/fr\/wp-json\/wp\/v2\/product_tag?post=10487"}],"curies":[{"name":"wp","href":"https:\/\/api.w.org\/{rel}","templated":true}]}}